{"id":427,"date":"2017-12-10T19:52:40","date_gmt":"2017-12-10T18:52:40","guid":{"rendered":"https:\/\/linmot.com\/?page_id=427"},"modified":"2024-08-26T13:57:48","modified_gmt":"2024-08-26T13:57:48","slug":"linmot-talk-drive-configuration","status":"publish","type":"page","link":"https:\/\/linmot.com\/es\/download\/linmot-talk-drive-configuration\/","title":{"rendered":"LinMot Talk (Drive-configuration)"},"content":{"rendered":"<h2>LinMot-Talk 6<\/h2>\n<p>For servo drive series:<\/p>\n<p><strong>A1100 series<\/strong>: A1100-GP<\/p>\n<p><strong>B1100 series<\/strong>: B1100-GP, -PP, -VF, B1150-ML<\/p>\n<p><strong>B8050 series<\/strong>: B8050-ML-PL, -SC, -EC, -IP<\/p>\n<p><strong>C1100 series<\/strong>: C1100-GP, C1150-EC, -PN<\/p>\n<p><strong>C1200 series<\/strong>: C1250-EC, -PN, -IP, -SE<\/p>\n<p><strong>E1100 series<\/strong>: E1130-DP, E1100-CO, -DN, -RS, -GP<\/p>\n<p><strong>E1200 series<\/strong>: E1200-GP, E1230-DP, E1250-EC, -PL, -IP, -SC, -SE<\/p>\n<p><strong>E1400 series<\/strong>: E1400-GP, E1430-DP, E1450-EC, -PL, -IP, -SC, -SE<\/p>\n<p><strong>M8050 series<\/strong>: M8050-EC, -PL, -IP, -PN<\/p>\n<p><b>Download Software &amp; Manuals<\/b><br \/>\n<a class=\"button\" href=\"\/es\/download\/linmot-talk-drive-configuration\/linmot-talk\/\">View software and manuals for LinMot-Talk<\/a><\/p>\n<hr \/>\n<p><b>Relevant content<\/b><\/p>\n<p class=\"bodytext\"><a href=\"\/es\/download\/linmot-talk-drive-configuration\/software-compatibility\/\">Software Compatibility<\/a><\/p>\n","protected":false},"excerpt":{"rendered":"<p>LinMot-Talk 6 For servo drive series: A1100 series: A1100-GP B1100 series: B1100-GP, -PP, -VF, B1150-ML B8050 series: B8050-ML-PL, -SC, -EC, -IP C1100 series: C1100-GP, C1150-EC, -PN C1200 series: C1250-EC, -PN, -IP, -SE E1100 series: E1130-DP, E1100-CO, -DN, -RS, -GP E1200 series: E1200-GP, E1230-DP, E1250-EC, -PL, -IP, -SC, -SE E1400 series: E1400-GP, E1430-DP, E1450-EC, -PL, -IP, [&hellip;]<\/p>\n","protected":false},"author":1,"featured_media":0,"parent":10,"menu_order":65,"comment_status":"closed","ping_status":"closed","template":"","meta":{"_acf_changed":false,"footnotes":""},"class_list":["post-427","page","type-page","status-publish","hentry"],"acf":[],"yoast_head":"<!-- This site is optimized with the Yoast SEO Premium plugin v20.9 (Yoast SEO v27.2) - https:\/\/yoast.com\/product\/yoast-seo-premium-wordpress\/ -->\n<title>LinMot Talk (Drive-configuration) - LinMot &amp; MagSpring - Espa\u00f1ol<\/title>\n<meta name=\"description\" content=\"En esta p\u00e1gina encontrar\u00e1 enlaces a m\u00e1s informaci\u00f3n de LinMot-Talk, MPC Configurator y el LinMot Commander.\" \/>\n<meta name=\"robots\" content=\"index, follow, max-snippet:-1, max-image-preview:large, max-video-preview:-1\" \/>\n<link rel=\"canonical\" href=\"https:\/\/linmot.com\/download\/linmot-talk-drive-configuration\/\" \/>\n<meta property=\"og:locale\" content=\"es_ES\" \/>\n<meta property=\"og:type\" content=\"article\" \/>\n<meta property=\"og:title\" content=\"LinMot Talk (Drive-configuration)\" \/>\n<meta property=\"og:description\" content=\"En esta p\u00e1gina encontrar\u00e1 enlaces a m\u00e1s informaci\u00f3n de LinMot-Talk, MPC Configurator y el LinMot Commander.\" \/>\n<meta property=\"og:url\" content=\"https:\/\/linmot.com\/download\/linmot-talk-drive-configuration\/\" \/>\n<meta property=\"og:site_name\" content=\"LinMot &amp; MagSpring - Espa\u00f1ol\" \/>\n<meta property=\"article:modified_time\" content=\"2024-08-26T13:57:48+00:00\" \/>\n<meta property=\"og:image\" content=\"https:\/\/linmot.com\/es\/wp-content\/uploads\/sites\/5\/2022\/05\/linmot-social-share-logo.jpg\" \/>\n\t<meta property=\"og:image:width\" content=\"800\" \/>\n\t<meta property=\"og:image:height\" content=\"500\" \/>\n\t<meta property=\"og:image:type\" content=\"image\/jpeg\" \/>\n<meta name=\"twitter:card\" content=\"summary_large_image\" \/>\n<meta name=\"twitter:label1\" content=\"Tiempo de lectura\" \/>\n\t<meta name=\"twitter:data1\" content=\"1 minuto\" \/>\n<script type=\"application\/ld+json\" class=\"yoast-schema-graph\">{\"@context\":\"https:\/\/schema.org\",\"@graph\":[{\"@type\":\"WebPage\",\"@id\":\"https:\/\/linmot.com\/es\/download\/linmot-talk-drive-configuration\/\",\"url\":\"https:\/\/linmot.com\/download\/linmot-talk-drive-configuration\/\",\"name\":\"LinMot Talk (Drive-configuration) - LinMot &amp; MagSpring - Espa\u00f1ol\",\"isPartOf\":{\"@id\":\"https:\/\/linmot.com\/es\/#website\"},\"datePublished\":\"2017-12-10T18:52:40+00:00\",\"dateModified\":\"2024-08-26T13:57:48+00:00\",\"description\":\"En esta p\u00e1gina encontrar\u00e1 enlaces a m\u00e1s informaci\u00f3n de LinMot-Talk, MPC Configurator y el LinMot Commander.\",\"breadcrumb\":{\"@id\":\"https:\/\/linmot.com\/download\/linmot-talk-drive-configuration\/#breadcrumb\"},\"inLanguage\":\"es\",\"potentialAction\":[{\"@type\":\"ReadAction\",\"target\":[\"https:\/\/linmot.com\/download\/linmot-talk-drive-configuration\/\"]}]},{\"@type\":\"BreadcrumbList\",\"@id\":\"https:\/\/linmot.com\/download\/linmot-talk-drive-configuration\/#breadcrumb\",\"itemListElement\":[{\"@type\":\"ListItem\",\"position\":1,\"name\":\"Home\",\"item\":\"https:\/\/linmot.com\/es\/\"},{\"@type\":\"ListItem\",\"position\":2,\"name\":\"Descargas\",\"item\":\"https:\/\/linmot.com\/es\/download\/\"},{\"@type\":\"ListItem\",\"position\":3,\"name\":\"LinMot Talk (Drive-configuration)\"}]},{\"@type\":\"WebSite\",\"@id\":\"https:\/\/linmot.com\/es\/#website\",\"url\":\"https:\/\/linmot.com\/es\/\",\"name\":\"LinMot &amp; MagSpring - Espa\u00f1ol\",\"description\":\"Motores lineales y sistemas de motores lineales de alta calidad\",\"publisher\":{\"@id\":\"https:\/\/linmot.com\/es\/#organization\"},\"potentialAction\":[{\"@type\":\"SearchAction\",\"target\":{\"@type\":\"EntryPoint\",\"urlTemplate\":\"https:\/\/linmot.com\/es\/?s={search_term_string}\"},\"query-input\":{\"@type\":\"PropertyValueSpecification\",\"valueRequired\":true,\"valueName\":\"search_term_string\"}}],\"inLanguage\":\"es\"},{\"@type\":\"Organization\",\"@id\":\"https:\/\/linmot.com\/es\/#organization\",\"name\":\"NTI AG - LinMot & MagSpring\",\"url\":\"https:\/\/linmot.com\/es\/\",\"logo\":{\"@type\":\"ImageObject\",\"inLanguage\":\"es\",\"@id\":\"https:\/\/linmot.com\/es\/#\/schema\/logo\/image\/\",\"url\":\"https:\/\/linmot.com\/es\/wp-content\/uploads\/sites\/5\/2022\/05\/linmot-social-share-logo.jpg\",\"contentUrl\":\"https:\/\/linmot.com\/es\/wp-content\/uploads\/sites\/5\/2022\/05\/linmot-social-share-logo.jpg\",\"width\":800,\"height\":500,\"caption\":\"NTI AG - LinMot & MagSpring\"},\"image\":{\"@id\":\"https:\/\/linmot.com\/es\/#\/schema\/logo\/image\/\"},\"sameAs\":[\"https:\/\/www.linkedin.com\/company\/nti-ag-linmot-magspring\",\"https:\/\/www.youtube.com\/user\/LinMotEurope\"]}]}<\/script>\n<!-- \/ Yoast SEO Premium plugin. -->","yoast_head_json":{"title":"LinMot Talk (Drive-configuration) - LinMot &amp; MagSpring - Espa\u00f1ol","description":"En esta p\u00e1gina encontrar\u00e1 enlaces a m\u00e1s informaci\u00f3n de LinMot-Talk, MPC Configurator y el LinMot Commander.","robots":{"index":"index","follow":"follow","max-snippet":"max-snippet:-1","max-image-preview":"max-image-preview:large","max-video-preview":"max-video-preview:-1"},"canonical":"https:\/\/linmot.com\/download\/linmot-talk-drive-configuration\/","og_locale":"es_ES","og_type":"article","og_title":"LinMot Talk (Drive-configuration)","og_description":"En esta p\u00e1gina encontrar\u00e1 enlaces a m\u00e1s informaci\u00f3n de LinMot-Talk, MPC Configurator y el LinMot Commander.","og_url":"https:\/\/linmot.com\/download\/linmot-talk-drive-configuration\/","og_site_name":"LinMot &amp; MagSpring - Espa\u00f1ol","article_modified_time":"2024-08-26T13:57:48+00:00","og_image":[{"width":800,"height":500,"url":"https:\/\/linmot.com\/es\/wp-content\/uploads\/sites\/5\/2022\/05\/linmot-social-share-logo.jpg","type":"image\/jpeg"}],"twitter_card":"summary_large_image","twitter_misc":{"Tiempo de lectura":"1 minuto"},"schema":{"@context":"https:\/\/schema.org","@graph":[{"@type":"WebPage","@id":"https:\/\/linmot.com\/es\/download\/linmot-talk-drive-configuration\/","url":"https:\/\/linmot.com\/download\/linmot-talk-drive-configuration\/","name":"LinMot Talk (Drive-configuration) - LinMot &amp; MagSpring - Espa\u00f1ol","isPartOf":{"@id":"https:\/\/linmot.com\/es\/#website"},"datePublished":"2017-12-10T18:52:40+00:00","dateModified":"2024-08-26T13:57:48+00:00","description":"En esta p\u00e1gina encontrar\u00e1 enlaces a m\u00e1s informaci\u00f3n de LinMot-Talk, MPC Configurator y el LinMot Commander.","breadcrumb":{"@id":"https:\/\/linmot.com\/download\/linmot-talk-drive-configuration\/#breadcrumb"},"inLanguage":"es","potentialAction":[{"@type":"ReadAction","target":["https:\/\/linmot.com\/download\/linmot-talk-drive-configuration\/"]}]},{"@type":"BreadcrumbList","@id":"https:\/\/linmot.com\/download\/linmot-talk-drive-configuration\/#breadcrumb","itemListElement":[{"@type":"ListItem","position":1,"name":"Home","item":"https:\/\/linmot.com\/es\/"},{"@type":"ListItem","position":2,"name":"Descargas","item":"https:\/\/linmot.com\/es\/download\/"},{"@type":"ListItem","position":3,"name":"LinMot Talk (Drive-configuration)"}]},{"@type":"WebSite","@id":"https:\/\/linmot.com\/es\/#website","url":"https:\/\/linmot.com\/es\/","name":"LinMot &amp; MagSpring - Espa\u00f1ol","description":"Motores lineales y sistemas de motores lineales de alta calidad","publisher":{"@id":"https:\/\/linmot.com\/es\/#organization"},"potentialAction":[{"@type":"SearchAction","target":{"@type":"EntryPoint","urlTemplate":"https:\/\/linmot.com\/es\/?s={search_term_string}"},"query-input":{"@type":"PropertyValueSpecification","valueRequired":true,"valueName":"search_term_string"}}],"inLanguage":"es"},{"@type":"Organization","@id":"https:\/\/linmot.com\/es\/#organization","name":"NTI AG - LinMot & MagSpring","url":"https:\/\/linmot.com\/es\/","logo":{"@type":"ImageObject","inLanguage":"es","@id":"https:\/\/linmot.com\/es\/#\/schema\/logo\/image\/","url":"https:\/\/linmot.com\/es\/wp-content\/uploads\/sites\/5\/2022\/05\/linmot-social-share-logo.jpg","contentUrl":"https:\/\/linmot.com\/es\/wp-content\/uploads\/sites\/5\/2022\/05\/linmot-social-share-logo.jpg","width":800,"height":500,"caption":"NTI AG - LinMot & MagSpring"},"image":{"@id":"https:\/\/linmot.com\/es\/#\/schema\/logo\/image\/"},"sameAs":["https:\/\/www.linkedin.com\/company\/nti-ag-linmot-magspring","https:\/\/www.youtube.com\/user\/LinMotEurope"]}]}},"_links":{"self":[{"href":"https:\/\/linmot.com\/es\/wp-json\/wp\/v2\/pages\/427","targetHints":{"allow":["GET"]}}],"collection":[{"href":"https:\/\/linmot.com\/es\/wp-json\/wp\/v2\/pages"}],"about":[{"href":"https:\/\/linmot.com\/es\/wp-json\/wp\/v2\/types\/page"}],"author":[{"embeddable":true,"href":"https:\/\/linmot.com\/es\/wp-json\/wp\/v2\/users\/1"}],"replies":[{"embeddable":true,"href":"https:\/\/linmot.com\/es\/wp-json\/wp\/v2\/comments?post=427"}],"version-history":[{"count":10,"href":"https:\/\/linmot.com\/es\/wp-json\/wp\/v2\/pages\/427\/revisions"}],"predecessor-version":[{"id":3480,"href":"https:\/\/linmot.com\/es\/wp-json\/wp\/v2\/pages\/427\/revisions\/3480"}],"up":[{"embeddable":true,"href":"https:\/\/linmot.com\/es\/wp-json\/wp\/v2\/pages\/10"}],"wp:attachment":[{"href":"https:\/\/linmot.com\/es\/wp-json\/wp\/v2\/media?parent=427"}],"curies":[{"name":"wp","href":"https:\/\/api.w.org\/{rel}","templated":true}]}}