{"id":425,"date":"2017-12-10T19:52:09","date_gmt":"2017-12-10T18:52:09","guid":{"rendered":"https:\/\/linmot.com\/?page_id=425"},"modified":"2024-12-16T13:53:16","modified_gmt":"2024-12-16T12:53:16","slug":"linmot-designer","status":"publish","type":"page","link":"https:\/\/linmot.com\/es\/download\/linmot-designer\/","title":{"rendered":"LinMot Designer"},"content":{"rendered":"<p>The use of a linear drive system starts with sizing of the linear motors. To support the designer during this step, LinMot provides an easy-to-use tool, the LinMot Designer program.<\/p>\n<p>LinMot Designer quickly calculates the parameters required for selection of a drive, based on the required motion sequences and loads, and shows them in relation to the selected motor and controller type.<\/p>\n<h3>LinMot-Designer 1.11<\/h3>\n<div class=\"row\">\n<div class=\"col-md-4\">\n<h4 class=\"download-title\">LinMot-Designer 1.11.1<\/h4>\n<p class=\"bodytext\">La configuraci\u00f3n instala el LinMot Designer y los documentos relacionados en el PC.<br \/>\nVersi\u00f3n del programa 1.11.1, versi\u00f3n del archivo de datos: 39<\/p>\n<\/div>\n<div class=\"col-md-8\">\n<div class=\"download-box\"><a href=\"https:\/\/linmot.com\/fileadmin\/\/user_upload\/Downloads\/software-firmware\/motor-sizing\/lindesign_setup_1_11_1_d39.exe\" target=\"_blank\" rel=\"noopener noreferrer\"><span class=\"name\">Setup<\/span><span class=\"size\">9.0 MB<\/span><\/a><\/div>\n<\/div>\n<\/div>\n<div class=\"row\">\n<div class=\"col-md-4\">\n<h4 class=\"download-title\">Release Info<\/h4>\n<p class=\"bodytext\">Nuevos componentes, nuevas funciones, mejoras y correcciones de errores.<\/p>\n<\/div>\n<div class=\"col-md-8\">\n<div class=\"download-box\"><a href=\"https:\/\/linmot.com\/fileadmin\/\/user_upload\/Downloads\/software-firmware\/motor-sizing\/LinMotDesigner_UpdateInfo39.pdf\" target=\"_blank\" rel=\"noopener noreferrer\"><span class=\"name\">PDF<\/span><span class=\"size\">81 KB<\/span><\/a><\/div>\n<\/div>\n<\/div>\n<div class=\"row\">\n<div class=\"col-md-4\">\n<h4 class=\"download-title\">Tutorial<\/h4>\n<p class=\"bodytext\">Introducci\u00f3n al programa con ejemplos de usuario.<\/p>\n<\/div>\n<div class=\"col-md-8\">\n<div class=\"download-box\"><a href=\"https:\/\/linmot.com\/fileadmin\/\/user_upload\/Downloads\/software-firmware\/motor-sizing\/Tutorial_LinMot_Designer_1.11.1.pdf\" target=\"_blank\" rel=\"noopener noreferrer\"><span class=\"name\">PDF<\/span><span class=\"size\">3.0 MB<\/span><\/a><\/div>\n<\/div>\n<\/div>\n<div class=\"row\">\n<div class=\"col-md-4\">\n<p><b>Relevant content<\/b><\/p>\n<p class=\"bodytext\"><a href=\"https:\/\/linmot.com\/es\/download\/linmot-talk-drive-configuration\/software-compatibility\/\">Software Compatibility<\/a><\/p>\n<\/div>\n<\/div>\n<div class=\"row\">\n<div class=\"col-md-4\"><a class=\"button\" href=\"https:\/\/linmot.com\/es\/download\/linmot-designer\/linmot-designer-old-versions\/\">View Old Versions<\/a><\/div>\n<\/div>\n","protected":false},"excerpt":{"rendered":"<p>The use of a linear drive system starts with sizing of the linear motors. To support the designer during this step, LinMot provides an easy-to-use tool, the LinMot Designer program. LinMot Designer quickly calculates the parameters required for selection of a drive, based on the required motion sequences and loads, and shows them in relation [&hellip;]<\/p>\n","protected":false},"author":1,"featured_media":0,"parent":10,"menu_order":66,"comment_status":"closed","ping_status":"closed","template":"","meta":{"_acf_changed":false,"footnotes":""},"class_list":["post-425","page","type-page","status-publish","hentry"],"acf":[],"yoast_head":"<!-- This site is optimized with the Yoast SEO Premium plugin v20.9 (Yoast SEO v27.2) - https:\/\/yoast.com\/product\/yoast-seo-premium-wordpress\/ -->\n<title>LinMot Designer - LinMot &amp; MagSpring - Espa\u00f1ol<\/title>\n<meta name=\"description\" content=\"El LinMot Designer calcula los par\u00e1metros necesarios para seleccionar un accionamiento en funci\u00f3n de las secuencias de movimiento y las cargas deseadas y los muestra en relaci\u00f3n con el tipo de motor y la electr\u00f3nica de control seleccionados.\" \/>\n<meta name=\"robots\" content=\"index, follow, max-snippet:-1, max-image-preview:large, max-video-preview:-1\" \/>\n<link rel=\"canonical\" href=\"https:\/\/linmot.com\/download\/linmot-designer\/\" \/>\n<meta property=\"og:locale\" content=\"es_ES\" \/>\n<meta property=\"og:type\" content=\"article\" \/>\n<meta property=\"og:title\" content=\"LinMot Designer\" \/>\n<meta property=\"og:description\" content=\"El LinMot Designer calcula los par\u00e1metros necesarios para seleccionar un accionamiento en funci\u00f3n de las secuencias de movimiento y las cargas deseadas y los muestra en relaci\u00f3n con el tipo de motor y la electr\u00f3nica de control seleccionados.\" \/>\n<meta property=\"og:url\" content=\"https:\/\/linmot.com\/download\/linmot-designer\/\" \/>\n<meta property=\"og:site_name\" content=\"LinMot &amp; MagSpring - Espa\u00f1ol\" \/>\n<meta property=\"article:modified_time\" content=\"2024-12-16T12:53:16+00:00\" \/>\n<meta property=\"og:image\" content=\"https:\/\/linmot.com\/es\/wp-content\/uploads\/sites\/5\/2022\/05\/linmot-social-share-logo.jpg\" \/>\n\t<meta property=\"og:image:width\" content=\"800\" \/>\n\t<meta property=\"og:image:height\" content=\"500\" \/>\n\t<meta property=\"og:image:type\" content=\"image\/jpeg\" \/>\n<meta name=\"twitter:card\" content=\"summary_large_image\" \/>\n<meta name=\"twitter:label1\" content=\"Tiempo de lectura\" \/>\n\t<meta name=\"twitter:data1\" content=\"1 minuto\" \/>\n<script type=\"application\/ld+json\" class=\"yoast-schema-graph\">{\"@context\":\"https:\/\/schema.org\",\"@graph\":[{\"@type\":\"WebPage\",\"@id\":\"https:\/\/linmot.com\/es\/download\/linmot-designer\/\",\"url\":\"https:\/\/linmot.com\/download\/linmot-designer\/\",\"name\":\"LinMot Designer - LinMot &amp; MagSpring - Espa\u00f1ol\",\"isPartOf\":{\"@id\":\"https:\/\/linmot.com\/es\/#website\"},\"datePublished\":\"2017-12-10T18:52:09+00:00\",\"dateModified\":\"2024-12-16T12:53:16+00:00\",\"description\":\"El LinMot Designer calcula los par\u00e1metros necesarios para seleccionar un accionamiento en funci\u00f3n de las secuencias de movimiento y las cargas deseadas y los muestra en relaci\u00f3n con el tipo de motor y la electr\u00f3nica de control seleccionados.\",\"breadcrumb\":{\"@id\":\"https:\/\/linmot.com\/download\/linmot-designer\/#breadcrumb\"},\"inLanguage\":\"es\",\"potentialAction\":[{\"@type\":\"ReadAction\",\"target\":[\"https:\/\/linmot.com\/download\/linmot-designer\/\"]}]},{\"@type\":\"BreadcrumbList\",\"@id\":\"https:\/\/linmot.com\/download\/linmot-designer\/#breadcrumb\",\"itemListElement\":[{\"@type\":\"ListItem\",\"position\":1,\"name\":\"Home\",\"item\":\"https:\/\/linmot.com\/es\/\"},{\"@type\":\"ListItem\",\"position\":2,\"name\":\"Descargas\",\"item\":\"https:\/\/linmot.com\/es\/download\/\"},{\"@type\":\"ListItem\",\"position\":3,\"name\":\"LinMot Designer\"}]},{\"@type\":\"WebSite\",\"@id\":\"https:\/\/linmot.com\/es\/#website\",\"url\":\"https:\/\/linmot.com\/es\/\",\"name\":\"LinMot &amp; MagSpring - Espa\u00f1ol\",\"description\":\"Motores lineales y sistemas de motores lineales de alta calidad\",\"publisher\":{\"@id\":\"https:\/\/linmot.com\/es\/#organization\"},\"potentialAction\":[{\"@type\":\"SearchAction\",\"target\":{\"@type\":\"EntryPoint\",\"urlTemplate\":\"https:\/\/linmot.com\/es\/?s={search_term_string}\"},\"query-input\":{\"@type\":\"PropertyValueSpecification\",\"valueRequired\":true,\"valueName\":\"search_term_string\"}}],\"inLanguage\":\"es\"},{\"@type\":\"Organization\",\"@id\":\"https:\/\/linmot.com\/es\/#organization\",\"name\":\"NTI AG - LinMot & MagSpring\",\"url\":\"https:\/\/linmot.com\/es\/\",\"logo\":{\"@type\":\"ImageObject\",\"inLanguage\":\"es\",\"@id\":\"https:\/\/linmot.com\/es\/#\/schema\/logo\/image\/\",\"url\":\"https:\/\/linmot.com\/es\/wp-content\/uploads\/sites\/5\/2022\/05\/linmot-social-share-logo.jpg\",\"contentUrl\":\"https:\/\/linmot.com\/es\/wp-content\/uploads\/sites\/5\/2022\/05\/linmot-social-share-logo.jpg\",\"width\":800,\"height\":500,\"caption\":\"NTI AG - LinMot & MagSpring\"},\"image\":{\"@id\":\"https:\/\/linmot.com\/es\/#\/schema\/logo\/image\/\"},\"sameAs\":[\"https:\/\/www.linkedin.com\/company\/nti-ag-linmot-magspring\",\"https:\/\/www.youtube.com\/user\/LinMotEurope\"]}]}<\/script>\n<!-- \/ Yoast SEO Premium plugin. -->","yoast_head_json":{"title":"LinMot Designer - LinMot &amp; MagSpring - Espa\u00f1ol","description":"El LinMot Designer calcula los par\u00e1metros necesarios para seleccionar un accionamiento en funci\u00f3n de las secuencias de movimiento y las cargas deseadas y los muestra en relaci\u00f3n con el tipo de motor y la electr\u00f3nica de control seleccionados.","robots":{"index":"index","follow":"follow","max-snippet":"max-snippet:-1","max-image-preview":"max-image-preview:large","max-video-preview":"max-video-preview:-1"},"canonical":"https:\/\/linmot.com\/download\/linmot-designer\/","og_locale":"es_ES","og_type":"article","og_title":"LinMot Designer","og_description":"El LinMot Designer calcula los par\u00e1metros necesarios para seleccionar un accionamiento en funci\u00f3n de las secuencias de movimiento y las cargas deseadas y los muestra en relaci\u00f3n con el tipo de motor y la electr\u00f3nica de control seleccionados.","og_url":"https:\/\/linmot.com\/download\/linmot-designer\/","og_site_name":"LinMot &amp; MagSpring - Espa\u00f1ol","article_modified_time":"2024-12-16T12:53:16+00:00","og_image":[{"width":800,"height":500,"url":"https:\/\/linmot.com\/es\/wp-content\/uploads\/sites\/5\/2022\/05\/linmot-social-share-logo.jpg","type":"image\/jpeg"}],"twitter_card":"summary_large_image","twitter_misc":{"Tiempo de lectura":"1 minuto"},"schema":{"@context":"https:\/\/schema.org","@graph":[{"@type":"WebPage","@id":"https:\/\/linmot.com\/es\/download\/linmot-designer\/","url":"https:\/\/linmot.com\/download\/linmot-designer\/","name":"LinMot Designer - LinMot &amp; MagSpring - Espa\u00f1ol","isPartOf":{"@id":"https:\/\/linmot.com\/es\/#website"},"datePublished":"2017-12-10T18:52:09+00:00","dateModified":"2024-12-16T12:53:16+00:00","description":"El LinMot Designer calcula los par\u00e1metros necesarios para seleccionar un accionamiento en funci\u00f3n de las secuencias de movimiento y las cargas deseadas y los muestra en relaci\u00f3n con el tipo de motor y la electr\u00f3nica de control seleccionados.","breadcrumb":{"@id":"https:\/\/linmot.com\/download\/linmot-designer\/#breadcrumb"},"inLanguage":"es","potentialAction":[{"@type":"ReadAction","target":["https:\/\/linmot.com\/download\/linmot-designer\/"]}]},{"@type":"BreadcrumbList","@id":"https:\/\/linmot.com\/download\/linmot-designer\/#breadcrumb","itemListElement":[{"@type":"ListItem","position":1,"name":"Home","item":"https:\/\/linmot.com\/es\/"},{"@type":"ListItem","position":2,"name":"Descargas","item":"https:\/\/linmot.com\/es\/download\/"},{"@type":"ListItem","position":3,"name":"LinMot Designer"}]},{"@type":"WebSite","@id":"https:\/\/linmot.com\/es\/#website","url":"https:\/\/linmot.com\/es\/","name":"LinMot &amp; MagSpring - Espa\u00f1ol","description":"Motores lineales y sistemas de motores lineales de alta calidad","publisher":{"@id":"https:\/\/linmot.com\/es\/#organization"},"potentialAction":[{"@type":"SearchAction","target":{"@type":"EntryPoint","urlTemplate":"https:\/\/linmot.com\/es\/?s={search_term_string}"},"query-input":{"@type":"PropertyValueSpecification","valueRequired":true,"valueName":"search_term_string"}}],"inLanguage":"es"},{"@type":"Organization","@id":"https:\/\/linmot.com\/es\/#organization","name":"NTI AG - LinMot & MagSpring","url":"https:\/\/linmot.com\/es\/","logo":{"@type":"ImageObject","inLanguage":"es","@id":"https:\/\/linmot.com\/es\/#\/schema\/logo\/image\/","url":"https:\/\/linmot.com\/es\/wp-content\/uploads\/sites\/5\/2022\/05\/linmot-social-share-logo.jpg","contentUrl":"https:\/\/linmot.com\/es\/wp-content\/uploads\/sites\/5\/2022\/05\/linmot-social-share-logo.jpg","width":800,"height":500,"caption":"NTI AG - LinMot & MagSpring"},"image":{"@id":"https:\/\/linmot.com\/es\/#\/schema\/logo\/image\/"},"sameAs":["https:\/\/www.linkedin.com\/company\/nti-ag-linmot-magspring","https:\/\/www.youtube.com\/user\/LinMotEurope"]}]}},"_links":{"self":[{"href":"https:\/\/linmot.com\/es\/wp-json\/wp\/v2\/pages\/425","targetHints":{"allow":["GET"]}}],"collection":[{"href":"https:\/\/linmot.com\/es\/wp-json\/wp\/v2\/pages"}],"about":[{"href":"https:\/\/linmot.com\/es\/wp-json\/wp\/v2\/types\/page"}],"author":[{"embeddable":true,"href":"https:\/\/linmot.com\/es\/wp-json\/wp\/v2\/users\/1"}],"replies":[{"embeddable":true,"href":"https:\/\/linmot.com\/es\/wp-json\/wp\/v2\/comments?post=425"}],"version-history":[{"count":13,"href":"https:\/\/linmot.com\/es\/wp-json\/wp\/v2\/pages\/425\/revisions"}],"predecessor-version":[{"id":2875,"href":"https:\/\/linmot.com\/es\/wp-json\/wp\/v2\/pages\/425\/revisions\/2875"}],"up":[{"embeddable":true,"href":"https:\/\/linmot.com\/es\/wp-json\/wp\/v2\/pages\/10"}],"wp:attachment":[{"href":"https:\/\/linmot.com\/es\/wp-json\/wp\/v2\/media?parent=425"}],"curies":[{"name":"wp","href":"https:\/\/api.w.org\/{rel}","templated":true}]}}