{"id":42,"date":"2017-10-20T23:32:53","date_gmt":"2017-10-20T21:32:53","guid":{"rendered":"https:\/\/linmot.com\/?page_id=42"},"modified":"2024-09-09T14:43:25","modified_gmt":"2024-09-09T14:43:25","slug":"motores-atex","status":"publish","type":"page","link":"https:\/\/linmot.com\/es\/productos\/motores-lineales\/motores-atex\/","title":{"rendered":"Motores ATEX"},"content":{"rendered":"<p align=\"justify\"><strong>En un entorno donde se pueden generar gases explosivos, mezclas de aire-vapor o polvo inflamable, se requieren accionamientos el\u00e9ctricos especiales. LinMot ATEX, una variante de motores lineales, ha sido desarrollada para esas condiciones especiales.<\/strong><\/p>\n<hr \/>\n<div class=\"row\">\n<div class=\"col-sm-2\">\n<p><a class=\"button\" href=\"#detalles\">1. detalles<\/a><\/p>\n<\/div>\n<div class=\"col-sm-1\">\n<\/div>\n<div class=\"col-sm-2\">\n<p><a class=\"button\" href=\"#aplicacion\">2. aplicaci\u00f3n<\/a><\/p>\n<\/div>\n<div class=\"col-sm-1\">\n<\/div>\n<div class=\"col-sm-2\">\n<p><a class=\"button\" href=\"#contacto\">3. contacto<\/a><\/p>\n<\/div>\n<\/div>\n<hr \/>\n<h2 id=\"detalles\">1. detalles<\/h2>\n<p align=\"justify\">Los motores est\u00e1n completamente encapsulados en acero inoxidable y no requieren juntas. Todas las uniones est\u00e1n soldadas. Para un cierre completo del motor, los bobinados y el resto de los estatores del interior han sido encapsulados en resina epoxi. De este modo, se garantiza la protecci\u00f3n \u00f3ptima del motor y se elimina el riesgo de chispas hacia el exterior.<br \/>\nDado que en una atm\u00f3sfera explosiva la temperatura de la superficie es de crucial importancia, se ha integrado en el motor un control adicional de temperatura. Adem\u00e1s de los sensores para el control de la temperatura en el bobinado del estator, sensores de temperatura adicionales han sido incorporados en la parte interior del cuerpo del motor.<br \/>\nEsto permite un control de la temperatura de doble canal, donde el canal principal interrumpe la alimentaci\u00f3n en caso de sobrecalentamiento.<br \/>\nCon el objetivo de aumentar la potencia continua, los motores pueden ser equipados, de forma opcional, con un sistema de refrigeraci\u00f3n por fluido.<\/p>\n<p align=\"justify\">La gama de motores ATEX ofrece dos tama\u00f1os de potencia con un amplio rango de longitudes para el v\u00e1stago. El desplazamiento var\u00eda hasta un recorrido de 980 mm.<\/p>\n<div class=\"row\">\n<div class=\"col-md-5\">\n<ul>\n<li>Cuerpo de acero inoxidable<\/li>\n<li>Dise\u00f1o higi\u00e9nico<\/li>\n<li>Conexiones soldadas, sin juntas<\/li>\n<li>Completamente encapsulado (IP69K)<\/li>\n<li>Refrigeraci\u00f3n por fluido integrada (opcional)<\/li>\n<li>Para uso en zonas 1\/2 (gas)<\/li>\n<li>Adecuado para su uso en zonas 21\/22 (polvo)<\/li>\n<\/ul>\n<\/div>\n<div class=\"col-md-7\">\n<div class=\"carousel slide\" id=\"ceddf8794e2e0b6a8139ef9dba1d1e23\" data-ride=\"carousel\">  <div class=\"carousel-inner\" role=\"listbox\">    <div class=\"item active\">      <img decoding=\"async\" src=\"https:\/\/linmot.com\/es\/wp-content\/uploads\/sites\/5\/2018\/08\/atex-motors-2018.jpg\" alt=\"...\">    <\/div>    <div class=\"item\">      <img decoding=\"async\" src=\"https:\/\/linmot.com\/es\/wp-content\/uploads\/sites\/5\/2018\/08\/atex-motors-2018-4.jpg\" alt=\"...\">    <\/div>    <div class=\"item\">      <img decoding=\"async\" src=\"https:\/\/linmot.com\/es\/wp-content\/uploads\/sites\/5\/2018\/08\/atex-motors-2018-3.jpg\" alt=\"...\">    <\/div>    <div class=\"item\">      <img decoding=\"async\" src=\"https:\/\/linmot.com\/es\/wp-content\/uploads\/sites\/5\/2018\/08\/atex-motors-2018-2.jpg\" alt=\"...\">    <\/div>  <\/div><div class=\"navigation\"><a class=\"left carousel-control\" href=\"#ceddf8794e2e0b6a8139ef9dba1d1e23\" role=\"button\" data-slide=\"prev\"><\/a><a class=\"right carousel-control\" href=\"#ceddf8794e2e0b6a8139ef9dba1d1e23\" role=\"button\" data-slide=\"next\"><\/a><\/div><\/div>\n<\/div>\n<\/div>\n<blockquote><p>Accionamiento lineal seguro para zonas de riesgo de explosi\u00f3n<\/p><\/blockquote>\n<p>Accionamiento lineal seguro para zonas de riesgo de explosi\u00f3n<\/p>\n<p align=\"justify\">Los motores han sido fabricados teniendo en cuenta su uso en entornos explosivos. Su construcci\u00f3n compacta sin bordes innecesarios, esquinas, agujeros y tornillos, elimina toda superficie en la que se pueda acumular material explosivo. Las fuentes adicionales y potenciales de ignici\u00f3n y el riesgo de calentamiento no uniforme se minimiza significativamente. Asimismo, se evitan las temperaturas extremadamente altas, de manera que se garantiza el cumplimiento de la norma seg\u00fan el tipo de protecci\u00f3n \u00abEx e\u00bb (seguridad incrementada).<br \/>\nLas propiedades de los motores han sido dise\u00f1adas con el objetivo de cumplir con la normativa europea actual.<br \/>\nEn consecuencia, el rango de aplicaci\u00f3n incluye la zonificaci\u00f3n 1, 21, 2, 22 correspondiente a la norma DIN EN 60079-14, sobre atm\u00f3sferas explosivas, que ocurre de forma ocasional y puede consistir en gases, vapores, niebla y polvos.<br \/>\nIncluso en entornos con una baja temperatura de ignici\u00f3n, a partir de los 85\u00b0 C, se pueden utilizar los motores LinMot ATEX.<\/p>\n<p align=\"justify\">En diversos sectores como en impresi\u00f3n, pintura, m\u00e1quinas de procesamiento de pl\u00e1stico o en la industria qu\u00edmica, petroqu\u00edmica y farmac\u00e9utica, los motores ATEX de la marca LinMot proporcionan beneficios especiales a los usuarios.<\/p>\n<p><a class=\"btn btn-active\" href=\"https:\/\/shop.linmot.com\/E\/linear-motors\/linear-motors-atex.htm\" target=\"_blank\" rel=\"noopener noreferrer\">A los detalles en el cat\u00e1logo electr\u00f3nico (ingl\u00e9s)<\/a><\/p>\n<h2 id=\"aplicacion\">2. Informe de aplicaci\u00f3n<\/h2>\n<div class=\"row download\">\n<div class=\"col-md-3\">\n<h4 class=\"download-title\">Llenado r\u00e1pido y flexible<\/h4>\n<p class=\"bodytext\" align=\"justify\">La m\u00e1quina rotativa combina las ventajas de la dosificaci\u00f3n por pist\u00f3n y por caudal: Muchos usuarios desear\u00edan poder combinar las ventajas de la dosificaci\u00f3n por caudal y la dosificaci\u00f3n por pist\u00f3n en una sola m\u00e1quina llenadora rotativa. T\u00f6lke, especialista en maquinaria de envasado, ha conseguido esta haza\u00f1a utilizando motores lineales LinMot. El operario del sistema se beneficia de tiempos de cambio cortos, menos desechos, tiempos de inactividad m\u00e1s cortos y una m\u00e1quina m\u00e1s flexible.<\/p>\n<p><a class=\"button\" href=\"\/es\/blog\/llenado-flexible-y-rapido\/\">Leer m\u00e1s<\/a><br \/>\n<\/div>\n<div class=\"col-md-2\">\n<img loading=\"lazy\" decoding=\"async\" class=\"alignnone size-full wp-image-1758\" src=\"https:\/\/linmot.com\/es\/wp-content\/uploads\/sites\/5\/2021\/07\/vorschau-anwendungsbericht-flexibel-und-schnell-abfuellen.jpg\" alt=\"\" width=\"560\" height=\"315\" srcset=\"https:\/\/linmot.com\/es\/wp-content\/uploads\/sites\/5\/2021\/07\/vorschau-anwendungsbericht-flexibel-und-schnell-abfuellen.jpg 560w, https:\/\/linmot.com\/es\/wp-content\/uploads\/sites\/5\/2021\/07\/vorschau-anwendungsbericht-flexibel-und-schnell-abfuellen-300x169.jpg 300w\" sizes=\"auto, (max-width: 560px) 100vw, 560px\" \/><br \/>\n<\/div>\n<\/div>\n<h2 id=\"contacto\">3. contacto<\/h2>\n<div class=\"row download\">\n<div class=\"col-md-6\">\n<h4 class=\"download-title\">\u00bfTiene alguna pregunta sobre los motores ATEX?<\/h4>\n<p class=\"bodytext\">Estaremos encantados de responder a cualquier pregunta que tenga sobre los motores ATEX.<br \/>\nP\u00f3ngase en contacto con nosotros mediante el siguiente formulario o ll\u00e1menos al:<\/p>\n<p class=\"bodytext\">Tel: +34 943 140 139<\/p>\n<\/div>\n<div class=\"col-md-1\">\n<\/div>\n<div class=\"col-md-5\">\n\n<div class=\"wpcf7 no-js\" id=\"wpcf7-f1752-o1\" lang=\"es-ES\" dir=\"ltr\" data-wpcf7-id=\"1752\">\n<div class=\"screen-reader-response\"><p role=\"status\" aria-live=\"polite\" aria-atomic=\"true\"><\/p> <ul><\/ul><\/div>\n<form action=\"\/es\/wp-json\/wp\/v2\/pages\/42#wpcf7-f1752-o1\" method=\"post\" class=\"wpcf7-form init\" aria-label=\"Formulario de contacto\" novalidate=\"novalidate\" data-status=\"init\">\n<fieldset class=\"hidden-fields-container\"><input type=\"hidden\" name=\"_wpcf7\" value=\"1752\" \/><input type=\"hidden\" name=\"_wpcf7_version\" value=\"6.1.5\" \/><input type=\"hidden\" name=\"_wpcf7_locale\" value=\"es_ES\" \/><input type=\"hidden\" name=\"_wpcf7_unit_tag\" value=\"wpcf7-f1752-o1\" \/><input type=\"hidden\" name=\"_wpcf7_container_post\" value=\"0\" \/><input type=\"hidden\" name=\"_wpcf7_posted_data_hash\" value=\"\" \/><input type=\"hidden\" name=\"_wpcf7_recaptcha_response\" value=\"\" \/>\n<\/fieldset>\n<label> Tu nombre<br>\n    <span class=\"wpcf7-form-control-wrap\" data-name=\"your-name\"><input size=\"40\" maxlength=\"400\" class=\"wpcf7-form-control wpcf7-text wpcf7-validates-as-required\" aria-required=\"true\" aria-invalid=\"false\" value=\"\" type=\"text\" name=\"your-name\" \/><\/span> <\/label><br>\n<br>\n<label> Tu empresa<br>\n    <span class=\"wpcf7-form-control-wrap\" data-name=\"your-company\"><input size=\"40\" maxlength=\"400\" class=\"wpcf7-form-control wpcf7-text wpcf7-validates-as-required\" aria-required=\"true\" aria-invalid=\"false\" value=\"\" type=\"text\" name=\"your-company\" \/><\/span> <\/label><br>\n<br>\n<label> C\u00f3digo postal<br>\n    <span class=\"wpcf7-form-control-wrap\" data-name=\"your-plz\"><input class=\"wpcf7-form-control wpcf7-number wpcf7-validates-as-required wpcf7-validates-as-number\" aria-required=\"true\" aria-invalid=\"false\" value=\"\" type=\"number\" name=\"your-plz\" \/><\/span> <\/label>\n<br>\n<label> Pa\u00eds<br>\n    <span class=\"wpcf7-form-control-wrap\" data-name=\"your-country\"><input size=\"40\" maxlength=\"400\" class=\"wpcf7-form-control wpcf7-text wpcf7-validates-as-required\" aria-required=\"true\" aria-invalid=\"false\" value=\"\" type=\"text\" name=\"your-country\" \/><\/span> <\/label><br>\n<br>\n<label> Tu tel\u00e9fono<br>\n    <span class=\"wpcf7-form-control-wrap\" data-name=\"your-telephone\"><input size=\"40\" maxlength=\"400\" class=\"wpcf7-form-control wpcf7-tel wpcf7-validates-as-required wpcf7-text wpcf7-validates-as-tel\" aria-required=\"true\" aria-invalid=\"false\" value=\"\" type=\"tel\" name=\"your-telephone\" \/><\/span> <\/label><br>\n<br>\n<label> Tu correo electr\u00f3nico<br>\n    <span class=\"wpcf7-form-control-wrap\" data-name=\"your-email\"><input size=\"40\" maxlength=\"400\" class=\"wpcf7-form-control wpcf7-email wpcf7-validates-as-required wpcf7-text wpcf7-validates-as-email\" aria-required=\"true\" aria-invalid=\"false\" value=\"\" type=\"email\" name=\"your-email\" \/><\/span> <\/label><br>\n<br>\n<label> Asunto<br>\n    <span class=\"wpcf7-form-control-wrap\" data-name=\"your-subject\"><input size=\"40\" maxlength=\"400\" class=\"wpcf7-form-control wpcf7-text wpcf7-validates-as-required\" aria-required=\"true\" aria-invalid=\"false\" value=\"\" type=\"text\" name=\"your-subject\" \/><\/span> <\/label><br>\n<br>\n<label> Tu mensaje (opcional)<br>\n    <span class=\"wpcf7-form-control-wrap\" data-name=\"your-message\"><textarea cols=\"40\" rows=\"10\" maxlength=\"2000\" class=\"wpcf7-form-control wpcf7-textarea\" aria-invalid=\"false\" name=\"your-message\"><\/textarea><\/span> <\/label><br>\n<br>\n<input class=\"wpcf7-form-control wpcf7-submit has-spinner\" type=\"submit\" value=\"Enviar\" \/><div class=\"wpcf7-response-output\" aria-hidden=\"true\"><\/div>\n<\/form>\n<\/div>\n\n<\/div>\n<\/div>\n","protected":false},"excerpt":{"rendered":"<p>En un entorno donde se pueden generar gases explosivos, mezclas de aire-vapor o polvo inflamable, se requieren accionamientos el\u00e9ctricos especiales. LinMot ATEX, una variante de motores lineales, ha sido desarrollada para esas condiciones especiales. 1. detalles Los motores est\u00e1n completamente encapsulados en acero inoxidable y no requieren juntas. Todas las uniones est\u00e1n soldadas. Para un [&hellip;]<\/p>\n","protected":false},"author":1,"featured_media":0,"parent":38,"menu_order":101,"comment_status":"closed","ping_status":"closed","template":"","meta":{"_acf_changed":false,"footnotes":""},"class_list":["post-42","page","type-page","status-publish","hentry"],"acf":[],"yoast_head":"<!-- This site is optimized with the Yoast SEO Premium plugin v20.9 (Yoast SEO v27.2) - https:\/\/yoast.com\/product\/yoast-seo-premium-wordpress\/ -->\n<title>Motores ATEX - Accionamiento seguro con riesgo de explosi\u00f3n<\/title>\n<meta name=\"description\" content=\"Los motores LinMot ATEX se utilizan en atm\u00f3sferas potencialmente explosivas con gas inflamable o mezclas de vapor y aire o polvos combustibles.\" \/>\n<meta name=\"robots\" content=\"index, follow, max-snippet:-1, max-image-preview:large, max-video-preview:-1\" \/>\n<link rel=\"canonical\" href=\"https:\/\/linmot.com\/es\/productos\/motores-lineales\/motores-atex\/\" \/>\n<meta property=\"og:locale\" content=\"es_ES\" \/>\n<meta property=\"og:type\" content=\"article\" \/>\n<meta property=\"og:title\" content=\"Motores ATEX - Accionamiento seguro con riesgo de explosi\u00f3n\" \/>\n<meta property=\"og:description\" content=\"Los motores LinMot ATEX se utilizan en atm\u00f3sferas potencialmente explosivas con gas inflamable o mezclas de vapor y aire o polvos combustibles.\" \/>\n<meta property=\"og:url\" content=\"https:\/\/linmot.com\/es\/productos\/motores-lineales\/motores-atex\/\" \/>\n<meta property=\"og:site_name\" content=\"LinMot &amp; MagSpring - Espa\u00f1ol\" \/>\n<meta property=\"article:modified_time\" content=\"2024-09-09T14:43:25+00:00\" \/>\n<meta property=\"og:image\" content=\"https:\/\/linmot.com\/es\/wp-content\/uploads\/sites\/5\/2018\/08\/atex-motors-2018-4.jpg\" \/>\n\t<meta property=\"og:image:width\" content=\"612\" \/>\n\t<meta property=\"og:image:height\" content=\"190\" \/>\n\t<meta property=\"og:image:type\" content=\"image\/jpeg\" \/>\n<meta name=\"twitter:card\" content=\"summary_large_image\" \/>\n<meta name=\"twitter:title\" content=\"Motores ATEX - Accionamiento seguro con riesgo de explosi\u00f3n\" \/>\n<meta name=\"twitter:description\" content=\"Los motores LinMot ATEX se utilizan en atm\u00f3sferas potencialmente explosivas con gas inflamable o mezclas de vapor y aire o polvos combustibles.\" \/>\n<meta name=\"twitter:label1\" content=\"Tiempo de lectura\" \/>\n\t<meta name=\"twitter:data1\" content=\"4 minutos\" \/>\n<script type=\"application\/ld+json\" class=\"yoast-schema-graph\">{\"@context\":\"https:\/\/schema.org\",\"@graph\":[{\"@type\":\"WebPage\",\"@id\":\"https:\/\/linmot.com\/es\/productos\/motores-lineales\/motores-atex\/\",\"url\":\"https:\/\/linmot.com\/es\/productos\/motores-lineales\/motores-atex\/\",\"name\":\"Motores ATEX - Accionamiento seguro con riesgo de explosi\u00f3n\",\"isPartOf\":{\"@id\":\"https:\/\/linmot.com\/es\/#website\"},\"primaryImageOfPage\":{\"@id\":\"https:\/\/linmot.com\/es\/productos\/motores-lineales\/motores-atex\/#primaryimage\"},\"image\":{\"@id\":\"https:\/\/linmot.com\/es\/productos\/motores-lineales\/motores-atex\/#primaryimage\"},\"thumbnailUrl\":\"https:\/\/linmot.com\/es\/wp-content\/uploads\/sites\/5\/2021\/07\/vorschau-anwendungsbericht-flexibel-und-schnell-abfuellen.jpg\",\"datePublished\":\"2017-10-20T21:32:53+00:00\",\"dateModified\":\"2024-09-09T14:43:25+00:00\",\"description\":\"Los motores LinMot ATEX se utilizan en atm\u00f3sferas potencialmente explosivas con gas inflamable o mezclas de vapor y aire o polvos combustibles.\",\"breadcrumb\":{\"@id\":\"https:\/\/linmot.com\/es\/productos\/motores-lineales\/motores-atex\/#breadcrumb\"},\"inLanguage\":\"es\",\"potentialAction\":[{\"@type\":\"ReadAction\",\"target\":[\"https:\/\/linmot.com\/es\/productos\/motores-lineales\/motores-atex\/\"]}]},{\"@type\":\"ImageObject\",\"inLanguage\":\"es\",\"@id\":\"https:\/\/linmot.com\/es\/productos\/motores-lineales\/motores-atex\/#primaryimage\",\"url\":\"https:\/\/linmot.com\/es\/wp-content\/uploads\/sites\/5\/2021\/07\/vorschau-anwendungsbericht-flexibel-und-schnell-abfuellen.jpg\",\"contentUrl\":\"https:\/\/linmot.com\/es\/wp-content\/uploads\/sites\/5\/2021\/07\/vorschau-anwendungsbericht-flexibel-und-schnell-abfuellen.jpg\",\"width\":560,\"height\":315,\"caption\":\"Informe de aplicaci\u00f3n - Llenado r\u00e1pido y flexible\"},{\"@type\":\"BreadcrumbList\",\"@id\":\"https:\/\/linmot.com\/es\/productos\/motores-lineales\/motores-atex\/#breadcrumb\",\"itemListElement\":[{\"@type\":\"ListItem\",\"position\":1,\"name\":\"Home\",\"item\":\"https:\/\/linmot.com\/es\/\"},{\"@type\":\"ListItem\",\"position\":2,\"name\":\"Productos\",\"item\":\"https:\/\/linmot.com\/es\/productos\/\"},{\"@type\":\"ListItem\",\"position\":3,\"name\":\"Motores lineales\",\"item\":\"https:\/\/linmot.com\/es\/productos\/motores-lineales\/\"},{\"@type\":\"ListItem\",\"position\":4,\"name\":\"Motores ATEX\"}]},{\"@type\":\"WebSite\",\"@id\":\"https:\/\/linmot.com\/es\/#website\",\"url\":\"https:\/\/linmot.com\/es\/\",\"name\":\"LinMot &amp; MagSpring - Espa\u00f1ol\",\"description\":\"Motores lineales y sistemas de motores lineales de alta calidad\",\"publisher\":{\"@id\":\"https:\/\/linmot.com\/es\/#organization\"},\"potentialAction\":[{\"@type\":\"SearchAction\",\"target\":{\"@type\":\"EntryPoint\",\"urlTemplate\":\"https:\/\/linmot.com\/es\/?s={search_term_string}\"},\"query-input\":{\"@type\":\"PropertyValueSpecification\",\"valueRequired\":true,\"valueName\":\"search_term_string\"}}],\"inLanguage\":\"es\"},{\"@type\":\"Organization\",\"@id\":\"https:\/\/linmot.com\/es\/#organization\",\"name\":\"NTI AG - LinMot & MagSpring\",\"url\":\"https:\/\/linmot.com\/es\/\",\"logo\":{\"@type\":\"ImageObject\",\"inLanguage\":\"es\",\"@id\":\"https:\/\/linmot.com\/es\/#\/schema\/logo\/image\/\",\"url\":\"https:\/\/linmot.com\/es\/wp-content\/uploads\/sites\/5\/2022\/05\/linmot-social-share-logo.jpg\",\"contentUrl\":\"https:\/\/linmot.com\/es\/wp-content\/uploads\/sites\/5\/2022\/05\/linmot-social-share-logo.jpg\",\"width\":800,\"height\":500,\"caption\":\"NTI AG - LinMot & MagSpring\"},\"image\":{\"@id\":\"https:\/\/linmot.com\/es\/#\/schema\/logo\/image\/\"},\"sameAs\":[\"https:\/\/www.linkedin.com\/company\/nti-ag-linmot-magspring\",\"https:\/\/www.youtube.com\/user\/LinMotEurope\"]}]}<\/script>\n<!-- \/ Yoast SEO Premium plugin. -->","yoast_head_json":{"title":"Motores ATEX - Accionamiento seguro con riesgo de explosi\u00f3n","description":"Los motores LinMot ATEX se utilizan en atm\u00f3sferas potencialmente explosivas con gas inflamable o mezclas de vapor y aire o polvos combustibles.","robots":{"index":"index","follow":"follow","max-snippet":"max-snippet:-1","max-image-preview":"max-image-preview:large","max-video-preview":"max-video-preview:-1"},"canonical":"https:\/\/linmot.com\/es\/productos\/motores-lineales\/motores-atex\/","og_locale":"es_ES","og_type":"article","og_title":"Motores ATEX - Accionamiento seguro con riesgo de explosi\u00f3n","og_description":"Los motores LinMot ATEX se utilizan en atm\u00f3sferas potencialmente explosivas con gas inflamable o mezclas de vapor y aire o polvos combustibles.","og_url":"https:\/\/linmot.com\/es\/productos\/motores-lineales\/motores-atex\/","og_site_name":"LinMot &amp; MagSpring - Espa\u00f1ol","article_modified_time":"2024-09-09T14:43:25+00:00","og_image":[{"width":612,"height":190,"url":"https:\/\/linmot.com\/es\/wp-content\/uploads\/sites\/5\/2018\/08\/atex-motors-2018-4.jpg","type":"image\/jpeg"}],"twitter_card":"summary_large_image","twitter_title":"Motores ATEX - Accionamiento seguro con riesgo de explosi\u00f3n","twitter_description":"Los motores LinMot ATEX se utilizan en atm\u00f3sferas potencialmente explosivas con gas inflamable o mezclas de vapor y aire o polvos combustibles.","twitter_misc":{"Tiempo de lectura":"4 minutos"},"schema":{"@context":"https:\/\/schema.org","@graph":[{"@type":"WebPage","@id":"https:\/\/linmot.com\/es\/productos\/motores-lineales\/motores-atex\/","url":"https:\/\/linmot.com\/es\/productos\/motores-lineales\/motores-atex\/","name":"Motores ATEX - Accionamiento seguro con riesgo de explosi\u00f3n","isPartOf":{"@id":"https:\/\/linmot.com\/es\/#website"},"primaryImageOfPage":{"@id":"https:\/\/linmot.com\/es\/productos\/motores-lineales\/motores-atex\/#primaryimage"},"image":{"@id":"https:\/\/linmot.com\/es\/productos\/motores-lineales\/motores-atex\/#primaryimage"},"thumbnailUrl":"https:\/\/linmot.com\/es\/wp-content\/uploads\/sites\/5\/2021\/07\/vorschau-anwendungsbericht-flexibel-und-schnell-abfuellen.jpg","datePublished":"2017-10-20T21:32:53+00:00","dateModified":"2024-09-09T14:43:25+00:00","description":"Los motores LinMot ATEX se utilizan en atm\u00f3sferas potencialmente explosivas con gas inflamable o mezclas de vapor y aire o polvos combustibles.","breadcrumb":{"@id":"https:\/\/linmot.com\/es\/productos\/motores-lineales\/motores-atex\/#breadcrumb"},"inLanguage":"es","potentialAction":[{"@type":"ReadAction","target":["https:\/\/linmot.com\/es\/productos\/motores-lineales\/motores-atex\/"]}]},{"@type":"ImageObject","inLanguage":"es","@id":"https:\/\/linmot.com\/es\/productos\/motores-lineales\/motores-atex\/#primaryimage","url":"https:\/\/linmot.com\/es\/wp-content\/uploads\/sites\/5\/2021\/07\/vorschau-anwendungsbericht-flexibel-und-schnell-abfuellen.jpg","contentUrl":"https:\/\/linmot.com\/es\/wp-content\/uploads\/sites\/5\/2021\/07\/vorschau-anwendungsbericht-flexibel-und-schnell-abfuellen.jpg","width":560,"height":315,"caption":"Informe de aplicaci\u00f3n - Llenado r\u00e1pido y flexible"},{"@type":"BreadcrumbList","@id":"https:\/\/linmot.com\/es\/productos\/motores-lineales\/motores-atex\/#breadcrumb","itemListElement":[{"@type":"ListItem","position":1,"name":"Home","item":"https:\/\/linmot.com\/es\/"},{"@type":"ListItem","position":2,"name":"Productos","item":"https:\/\/linmot.com\/es\/productos\/"},{"@type":"ListItem","position":3,"name":"Motores lineales","item":"https:\/\/linmot.com\/es\/productos\/motores-lineales\/"},{"@type":"ListItem","position":4,"name":"Motores ATEX"}]},{"@type":"WebSite","@id":"https:\/\/linmot.com\/es\/#website","url":"https:\/\/linmot.com\/es\/","name":"LinMot &amp; MagSpring - Espa\u00f1ol","description":"Motores lineales y sistemas de motores lineales de alta calidad","publisher":{"@id":"https:\/\/linmot.com\/es\/#organization"},"potentialAction":[{"@type":"SearchAction","target":{"@type":"EntryPoint","urlTemplate":"https:\/\/linmot.com\/es\/?s={search_term_string}"},"query-input":{"@type":"PropertyValueSpecification","valueRequired":true,"valueName":"search_term_string"}}],"inLanguage":"es"},{"@type":"Organization","@id":"https:\/\/linmot.com\/es\/#organization","name":"NTI AG - LinMot & MagSpring","url":"https:\/\/linmot.com\/es\/","logo":{"@type":"ImageObject","inLanguage":"es","@id":"https:\/\/linmot.com\/es\/#\/schema\/logo\/image\/","url":"https:\/\/linmot.com\/es\/wp-content\/uploads\/sites\/5\/2022\/05\/linmot-social-share-logo.jpg","contentUrl":"https:\/\/linmot.com\/es\/wp-content\/uploads\/sites\/5\/2022\/05\/linmot-social-share-logo.jpg","width":800,"height":500,"caption":"NTI AG - LinMot & MagSpring"},"image":{"@id":"https:\/\/linmot.com\/es\/#\/schema\/logo\/image\/"},"sameAs":["https:\/\/www.linkedin.com\/company\/nti-ag-linmot-magspring","https:\/\/www.youtube.com\/user\/LinMotEurope"]}]}},"_links":{"self":[{"href":"https:\/\/linmot.com\/es\/wp-json\/wp\/v2\/pages\/42","targetHints":{"allow":["GET"]}}],"collection":[{"href":"https:\/\/linmot.com\/es\/wp-json\/wp\/v2\/pages"}],"about":[{"href":"https:\/\/linmot.com\/es\/wp-json\/wp\/v2\/types\/page"}],"author":[{"embeddable":true,"href":"https:\/\/linmot.com\/es\/wp-json\/wp\/v2\/users\/1"}],"replies":[{"embeddable":true,"href":"https:\/\/linmot.com\/es\/wp-json\/wp\/v2\/comments?post=42"}],"version-history":[{"count":18,"href":"https:\/\/linmot.com\/es\/wp-json\/wp\/v2\/pages\/42\/revisions"}],"predecessor-version":[{"id":3549,"href":"https:\/\/linmot.com\/es\/wp-json\/wp\/v2\/pages\/42\/revisions\/3549"}],"up":[{"embeddable":true,"href":"https:\/\/linmot.com\/es\/wp-json\/wp\/v2\/pages\/38"}],"wp:attachment":[{"href":"https:\/\/linmot.com\/es\/wp-json\/wp\/v2\/media?parent=42"}],"curies":[{"name":"wp","href":"https:\/\/api.w.org\/{rel}","templated":true}]}}