{"id":4105,"date":"2026-04-16T15:52:33","date_gmt":"2026-04-16T13:52:33","guid":{"rendered":"https:\/\/linmot.com\/es\/?page_id=4105"},"modified":"2026-04-16T16:48:37","modified_gmt":"2026-04-16T14:48:37","slug":"portico-de-transferencia-tp03","status":"publish","type":"page","link":"https:\/\/linmot.com\/es\/productos\/robots-y-sistemas-planos\/portico-de-transferencia-tp03\/","title":{"rendered":"P\u00f3rtico de transferencia TP03"},"content":{"rendered":"<p align=\"justify\"><strong>El p\u00f3rtico de transferencia TP03 de LinMot es un p\u00f3rtico lineal estandarizado para tareas de manipulaci\u00f3n y transferencia precisas y compactas en dos ejes dentro de la automatizaci\u00f3n industrial.<\/strong><\/p>\n<p align=\"justify\">El sistema consta de un <strong>m\u00f3dulo base FM01 o EM01<\/strong> robusto para una mayor rigidez, as\u00ed como de un <strong>m\u00f3dulo vertical DM03<\/strong>. Esta combinaci\u00f3n permite aplicaciones de p\u00f3rtico configurables de forma flexible con secuencias de movimiento din\u00e1micas y una alta precisi\u00f3n de posicionamiento. Todos los ejes pueden controlarse y parametrizarse de forma independiente.<\/p>\n<p align=\"justify\">El p\u00f3rtico de transferencia TP03 puede ampliarse opcionalmente con el <strong>sensor de fuerza LinMot DM03xxFS<\/strong>, la <strong>pinza GM50<\/strong> o la <strong>pinza giratoria GM51<\/strong>. Todos los componentes LinMot se pueden <strong>montar directamente<\/strong>, sin necesidad de placas adaptadoras adicionales. De este modo, se reduce considerablemente el esfuerzo de integraci\u00f3n mec\u00e1nica.<\/p>\n<p align=\"justify\">El sistema est\u00e1 disponible, a elecci\u00f3n, <strong>completamente premontado<\/strong> o <strong>como sistema modular<\/strong>, lo que permite una integraci\u00f3n sencilla y adaptaciones espec\u00edficas para cada cliente. Un <strong>sistema de guillotina y gu\u00eda de mangueras<\/strong> integrado y optimizado (varias versiones disponibles) con <strong>cables premontados<\/strong> garantiza un tendido limpio y seguro de los medios y reduce el tiempo de montaje.<\/p>\n<hr \/>\n<div class=\"row\">\n<div class=\"col-sm-2\">\n<p><a class=\"button\" href=\"#details\">1. Detalles<\/a><\/p>\n<\/div>\n<div class=\"col-sm-1\">\n<\/div>\n<div class=\"col-sm-2\">\n<p><a class=\"button\" href=\"#kontakt\">2. Contacto<\/a><\/p>\n<\/div>\n<\/div>\n<hr \/>\n<h3 id=\"details\">1. Detalles<\/h3>\n<img loading=\"lazy\" decoding=\"async\" class=\"wp-image-6411 size-full aligncenter\" src=\"https:\/\/linmot.com\/de\/wp-content\/uploads\/sites\/2\/2026\/04\/linmot-transferportal-tp03.jpg\" alt=\"\" width=\"780\" height=\"520\" \/>\n<div class=\"row\">\n<div class=\"col-sm-6\">\n<ul>\n<li>Portal X-Z de r\u00e1pida integraci\u00f3n sin placas adaptadoras<\/li>\n<li>Alta rigidez para una manipulaci\u00f3n precisa y din\u00e1mica<\/li>\n<\/ul>\n<\/div>\n<div class=\"col-sm-6\">\n<ul>\n<li>Ampliable modularmente con pinza y sensor de fuerza<\/li>\n<li>Los cables premontados reducen considerablemente el tiempo de montaje<\/li>\n<\/ul>\n<\/div>\n<\/div>\n<hr \/>\n<h3 id=\"kontakt\">2. Contacto<\/h3>\n<div class=\"row download\">\n<div class=\"col-md-6\">\n<h4 class=\"download-title\">\u00bfTiene alguna pregunta sobre el P\u00f3rtico de transferencia TP03?<\/h4>\n<p class=\"bodytext\">Estaremos encantados de responder a sus preguntas.<br \/>\nP\u00f3ngase en contacto con nosotros a trav\u00e9s del siguiente formulario o ll\u00e1menos por tel\u00e9fono:<\/p>\n<p class=\"bodytext\">Tel: +49 (0)201 858940 0<\/p>\n<p class=\"bodytext\">El equipo LinMot<\/p>\n<\/div>\n<div class=\"col-md-1\">\n<\/div>\n<div class=\"col-md-5\">\n\n<div class=\"wpcf7 no-js\" id=\"wpcf7-f1752-o1\" lang=\"es-ES\" dir=\"ltr\" data-wpcf7-id=\"1752\">\n<div class=\"screen-reader-response\"><p role=\"status\" aria-live=\"polite\" aria-atomic=\"true\"><\/p> <ul><\/ul><\/div>\n<form action=\"\/es\/wp-json\/wp\/v2\/pages\/4105#wpcf7-f1752-o1\" method=\"post\" class=\"wpcf7-form init\" aria-label=\"Formulario de contacto\" novalidate=\"novalidate\" data-status=\"init\">\n<fieldset class=\"hidden-fields-container\"><input type=\"hidden\" name=\"_wpcf7\" value=\"1752\" \/><input type=\"hidden\" name=\"_wpcf7_version\" value=\"6.1.5\" \/><input type=\"hidden\" name=\"_wpcf7_locale\" value=\"es_ES\" \/><input type=\"hidden\" name=\"_wpcf7_unit_tag\" value=\"wpcf7-f1752-o1\" \/><input type=\"hidden\" name=\"_wpcf7_container_post\" value=\"0\" \/><input type=\"hidden\" name=\"_wpcf7_posted_data_hash\" value=\"\" \/><input type=\"hidden\" name=\"_wpcf7_recaptcha_response\" value=\"\" \/>\n<\/fieldset>\n<label> Tu nombre<br>\n    <span class=\"wpcf7-form-control-wrap\" data-name=\"your-name\"><input size=\"40\" maxlength=\"400\" class=\"wpcf7-form-control wpcf7-text wpcf7-validates-as-required\" aria-required=\"true\" aria-invalid=\"false\" value=\"\" type=\"text\" name=\"your-name\" \/><\/span> <\/label><br>\n<br>\n<label> Tu empresa<br>\n    <span class=\"wpcf7-form-control-wrap\" data-name=\"your-company\"><input size=\"40\" maxlength=\"400\" class=\"wpcf7-form-control wpcf7-text wpcf7-validates-as-required\" aria-required=\"true\" aria-invalid=\"false\" value=\"\" type=\"text\" name=\"your-company\" \/><\/span> <\/label><br>\n<br>\n<label> C\u00f3digo postal<br>\n    <span class=\"wpcf7-form-control-wrap\" data-name=\"your-plz\"><input class=\"wpcf7-form-control wpcf7-number wpcf7-validates-as-required wpcf7-validates-as-number\" aria-required=\"true\" aria-invalid=\"false\" value=\"\" type=\"number\" name=\"your-plz\" \/><\/span> <\/label>\n<br>\n<label> Pa\u00eds<br>\n    <span class=\"wpcf7-form-control-wrap\" data-name=\"your-country\"><input size=\"40\" maxlength=\"400\" class=\"wpcf7-form-control wpcf7-text wpcf7-validates-as-required\" aria-required=\"true\" aria-invalid=\"false\" value=\"\" type=\"text\" name=\"your-country\" \/><\/span> <\/label><br>\n<br>\n<label> Tu tel\u00e9fono<br>\n    <span class=\"wpcf7-form-control-wrap\" data-name=\"your-telephone\"><input size=\"40\" maxlength=\"400\" class=\"wpcf7-form-control wpcf7-tel wpcf7-validates-as-required wpcf7-text wpcf7-validates-as-tel\" aria-required=\"true\" aria-invalid=\"false\" value=\"\" type=\"tel\" name=\"your-telephone\" \/><\/span> <\/label><br>\n<br>\n<label> Tu correo electr\u00f3nico<br>\n    <span class=\"wpcf7-form-control-wrap\" data-name=\"your-email\"><input size=\"40\" maxlength=\"400\" class=\"wpcf7-form-control wpcf7-email wpcf7-validates-as-required wpcf7-text wpcf7-validates-as-email\" aria-required=\"true\" aria-invalid=\"false\" value=\"\" type=\"email\" name=\"your-email\" \/><\/span> <\/label><br>\n<br>\n<label> Asunto<br>\n    <span class=\"wpcf7-form-control-wrap\" data-name=\"your-subject\"><input size=\"40\" maxlength=\"400\" class=\"wpcf7-form-control wpcf7-text wpcf7-validates-as-required\" aria-required=\"true\" aria-invalid=\"false\" value=\"\" type=\"text\" name=\"your-subject\" \/><\/span> <\/label><br>\n<br>\n<label> Tu mensaje (opcional)<br>\n    <span class=\"wpcf7-form-control-wrap\" data-name=\"your-message\"><textarea cols=\"40\" rows=\"10\" maxlength=\"2000\" class=\"wpcf7-form-control wpcf7-textarea\" aria-invalid=\"false\" name=\"your-message\"><\/textarea><\/span> <\/label><br>\n<br>\n<input class=\"wpcf7-form-control wpcf7-submit has-spinner\" type=\"submit\" value=\"Enviar\" \/><div class=\"wpcf7-response-output\" aria-hidden=\"true\"><\/div>\n<\/form>\n<\/div>\n\n<\/div>\n<\/div>\n","protected":false},"excerpt":{"rendered":"<p>El p\u00f3rtico de transferencia TP03 de LinMot es un p\u00f3rtico lineal estandarizado para tareas de manipulaci\u00f3n y transferencia precisas y compactas en dos ejes dentro de la automatizaci\u00f3n industrial. El sistema consta de un m\u00f3dulo base FM01 o EM01 robusto para una mayor rigidez, as\u00ed como de un m\u00f3dulo vertical DM03. Esta combinaci\u00f3n permite aplicaciones [&hellip;]<\/p>\n","protected":false},"author":9,"featured_media":0,"parent":3682,"menu_order":0,"comment_status":"closed","ping_status":"closed","template":"","meta":{"_acf_changed":false,"footnotes":""},"class_list":["post-4105","page","type-page","status-publish","hentry"],"acf":[],"yoast_head":"<!-- This site is optimized with the Yoast SEO Premium plugin v20.9 (Yoast SEO v27.3) - https:\/\/yoast.com\/product\/yoast-seo-premium-wordpress\/ -->\n<title>P\u00f3rtico de transferencia TP03 | LinMot &amp; MagSpring<\/title>\n<meta name=\"description\" content=\"El TP03 es un portal lineal estandarizado para tareas de manipulaci\u00f3n y transferencia precisas y compactas en dos ejes dentro de la automatizaci\u00f3n industrial.\" \/>\n<meta name=\"robots\" content=\"index, follow, max-snippet:-1, max-image-preview:large, max-video-preview:-1\" \/>\n<link rel=\"canonical\" href=\"https:\/\/linmot.com\/es\/productos\/robots-y-sistemas-planos\/portico-de-transferencia-tp03\/\" \/>\n<meta property=\"og:locale\" content=\"es_ES\" \/>\n<meta property=\"og:type\" content=\"article\" \/>\n<meta property=\"og:title\" content=\"P\u00f3rtico de transferencia TP03\" \/>\n<meta property=\"og:description\" content=\"El TP03 es un portal lineal estandarizado para tareas de manipulaci\u00f3n y transferencia precisas y compactas en dos ejes dentro de la automatizaci\u00f3n industrial.\" \/>\n<meta property=\"og:url\" content=\"https:\/\/linmot.com\/es\/productos\/robots-y-sistemas-planos\/portico-de-transferencia-tp03\/\" \/>\n<meta property=\"og:site_name\" content=\"LinMot &amp; MagSpring - Espa\u00f1ol\" \/>\n<meta property=\"article:modified_time\" content=\"2026-04-16T14:48:37+00:00\" \/>\n<meta property=\"og:image\" content=\"https:\/\/linmot.com\/es\/wp-content\/uploads\/sites\/5\/2022\/05\/linmot-social-share-logo.jpg\" \/>\n\t<meta property=\"og:image:width\" content=\"800\" \/>\n\t<meta property=\"og:image:height\" content=\"500\" \/>\n\t<meta property=\"og:image:type\" content=\"image\/jpeg\" \/>\n<meta name=\"twitter:card\" content=\"summary_large_image\" \/>\n<meta name=\"twitter:label1\" content=\"Tiempo de lectura\" \/>\n\t<meta name=\"twitter:data1\" content=\"2 minutos\" \/>\n<script type=\"application\/ld+json\" class=\"yoast-schema-graph\">{\"@context\":\"https:\\\/\\\/schema.org\",\"@graph\":[{\"@type\":\"WebPage\",\"@id\":\"https:\\\/\\\/linmot.com\\\/es\\\/productos\\\/robots-y-sistemas-planos\\\/portico-de-transferencia-tp03\\\/\",\"url\":\"https:\\\/\\\/linmot.com\\\/es\\\/productos\\\/robots-y-sistemas-planos\\\/portico-de-transferencia-tp03\\\/\",\"name\":\"P\u00f3rtico de transferencia TP03 | LinMot & MagSpring\",\"isPartOf\":{\"@id\":\"https:\\\/\\\/linmot.com\\\/es\\\/#website\"},\"primaryImageOfPage\":{\"@id\":\"https:\\\/\\\/linmot.com\\\/es\\\/productos\\\/robots-y-sistemas-planos\\\/portico-de-transferencia-tp03\\\/#primaryimage\"},\"image\":{\"@id\":\"https:\\\/\\\/linmot.com\\\/es\\\/productos\\\/robots-y-sistemas-planos\\\/portico-de-transferencia-tp03\\\/#primaryimage\"},\"thumbnailUrl\":\"https:\\\/\\\/linmot.com\\\/de\\\/wp-content\\\/uploads\\\/sites\\\/2\\\/2026\\\/04\\\/linmot-transferportal-tp03.jpg\",\"datePublished\":\"2026-04-16T13:52:33+00:00\",\"dateModified\":\"2026-04-16T14:48:37+00:00\",\"description\":\"El TP03 es un portal lineal estandarizado para tareas de manipulaci\u00f3n y transferencia precisas y compactas en dos ejes dentro de la automatizaci\u00f3n industrial.\",\"breadcrumb\":{\"@id\":\"https:\\\/\\\/linmot.com\\\/es\\\/productos\\\/robots-y-sistemas-planos\\\/portico-de-transferencia-tp03\\\/#breadcrumb\"},\"inLanguage\":\"es\",\"potentialAction\":[{\"@type\":\"ReadAction\",\"target\":[\"https:\\\/\\\/linmot.com\\\/es\\\/productos\\\/robots-y-sistemas-planos\\\/portico-de-transferencia-tp03\\\/\"]}]},{\"@type\":\"ImageObject\",\"inLanguage\":\"es\",\"@id\":\"https:\\\/\\\/linmot.com\\\/es\\\/productos\\\/robots-y-sistemas-planos\\\/portico-de-transferencia-tp03\\\/#primaryimage\",\"url\":\"https:\\\/\\\/linmot.com\\\/de\\\/wp-content\\\/uploads\\\/sites\\\/2\\\/2026\\\/04\\\/linmot-transferportal-tp03.jpg\",\"contentUrl\":\"https:\\\/\\\/linmot.com\\\/de\\\/wp-content\\\/uploads\\\/sites\\\/2\\\/2026\\\/04\\\/linmot-transferportal-tp03.jpg\"},{\"@type\":\"BreadcrumbList\",\"@id\":\"https:\\\/\\\/linmot.com\\\/es\\\/productos\\\/robots-y-sistemas-planos\\\/portico-de-transferencia-tp03\\\/#breadcrumb\",\"itemListElement\":[{\"@type\":\"ListItem\",\"position\":1,\"name\":\"Home\",\"item\":\"https:\\\/\\\/linmot.com\\\/es\\\/\"},{\"@type\":\"ListItem\",\"position\":2,\"name\":\"Productos\",\"item\":\"https:\\\/\\\/linmot.com\\\/es\\\/productos\\\/\"},{\"@type\":\"ListItem\",\"position\":3,\"name\":\"Robots y sistemas planos\",\"item\":\"https:\\\/\\\/linmot.com\\\/es\\\/productos\\\/robots-y-sistemas-planos\\\/\"},{\"@type\":\"ListItem\",\"position\":4,\"name\":\"P\u00f3rtico de transferencia TP03\"}]},{\"@type\":\"WebSite\",\"@id\":\"https:\\\/\\\/linmot.com\\\/es\\\/#website\",\"url\":\"https:\\\/\\\/linmot.com\\\/es\\\/\",\"name\":\"LinMot &amp; MagSpring - Espa\u00f1ol\",\"description\":\"Motores lineales y sistemas de motores lineales de alta calidad\",\"publisher\":{\"@id\":\"https:\\\/\\\/linmot.com\\\/es\\\/#organization\"},\"potentialAction\":[{\"@type\":\"SearchAction\",\"target\":{\"@type\":\"EntryPoint\",\"urlTemplate\":\"https:\\\/\\\/linmot.com\\\/es\\\/?s={search_term_string}\"},\"query-input\":{\"@type\":\"PropertyValueSpecification\",\"valueRequired\":true,\"valueName\":\"search_term_string\"}}],\"inLanguage\":\"es\"},{\"@type\":\"Organization\",\"@id\":\"https:\\\/\\\/linmot.com\\\/es\\\/#organization\",\"name\":\"NTI AG - LinMot & MagSpring\",\"url\":\"https:\\\/\\\/linmot.com\\\/es\\\/\",\"logo\":{\"@type\":\"ImageObject\",\"inLanguage\":\"es\",\"@id\":\"https:\\\/\\\/linmot.com\\\/es\\\/#\\\/schema\\\/logo\\\/image\\\/\",\"url\":\"https:\\\/\\\/linmot.com\\\/es\\\/wp-content\\\/uploads\\\/sites\\\/5\\\/2022\\\/05\\\/linmot-social-share-logo.jpg\",\"contentUrl\":\"https:\\\/\\\/linmot.com\\\/es\\\/wp-content\\\/uploads\\\/sites\\\/5\\\/2022\\\/05\\\/linmot-social-share-logo.jpg\",\"width\":800,\"height\":500,\"caption\":\"NTI AG - LinMot & MagSpring\"},\"image\":{\"@id\":\"https:\\\/\\\/linmot.com\\\/es\\\/#\\\/schema\\\/logo\\\/image\\\/\"},\"sameAs\":[\"https:\\\/\\\/www.linkedin.com\\\/company\\\/nti-ag-linmot-magspring\",\"https:\\\/\\\/www.youtube.com\\\/user\\\/LinMotEurope\"]}]}<\/script>\n<!-- \/ Yoast SEO Premium plugin. -->","yoast_head_json":{"title":"P\u00f3rtico de transferencia TP03 | LinMot & MagSpring","description":"El TP03 es un portal lineal estandarizado para tareas de manipulaci\u00f3n y transferencia precisas y compactas en dos ejes dentro de la automatizaci\u00f3n industrial.","robots":{"index":"index","follow":"follow","max-snippet":"max-snippet:-1","max-image-preview":"max-image-preview:large","max-video-preview":"max-video-preview:-1"},"canonical":"https:\/\/linmot.com\/es\/productos\/robots-y-sistemas-planos\/portico-de-transferencia-tp03\/","og_locale":"es_ES","og_type":"article","og_title":"P\u00f3rtico de transferencia TP03","og_description":"El TP03 es un portal lineal estandarizado para tareas de manipulaci\u00f3n y transferencia precisas y compactas en dos ejes dentro de la automatizaci\u00f3n industrial.","og_url":"https:\/\/linmot.com\/es\/productos\/robots-y-sistemas-planos\/portico-de-transferencia-tp03\/","og_site_name":"LinMot &amp; MagSpring - Espa\u00f1ol","article_modified_time":"2026-04-16T14:48:37+00:00","og_image":[{"width":800,"height":500,"url":"https:\/\/linmot.com\/es\/wp-content\/uploads\/sites\/5\/2022\/05\/linmot-social-share-logo.jpg","type":"image\/jpeg"}],"twitter_card":"summary_large_image","twitter_misc":{"Tiempo de lectura":"2 minutos"},"schema":{"@context":"https:\/\/schema.org","@graph":[{"@type":"WebPage","@id":"https:\/\/linmot.com\/es\/productos\/robots-y-sistemas-planos\/portico-de-transferencia-tp03\/","url":"https:\/\/linmot.com\/es\/productos\/robots-y-sistemas-planos\/portico-de-transferencia-tp03\/","name":"P\u00f3rtico de transferencia TP03 | LinMot & MagSpring","isPartOf":{"@id":"https:\/\/linmot.com\/es\/#website"},"primaryImageOfPage":{"@id":"https:\/\/linmot.com\/es\/productos\/robots-y-sistemas-planos\/portico-de-transferencia-tp03\/#primaryimage"},"image":{"@id":"https:\/\/linmot.com\/es\/productos\/robots-y-sistemas-planos\/portico-de-transferencia-tp03\/#primaryimage"},"thumbnailUrl":"https:\/\/linmot.com\/de\/wp-content\/uploads\/sites\/2\/2026\/04\/linmot-transferportal-tp03.jpg","datePublished":"2026-04-16T13:52:33+00:00","dateModified":"2026-04-16T14:48:37+00:00","description":"El TP03 es un portal lineal estandarizado para tareas de manipulaci\u00f3n y transferencia precisas y compactas en dos ejes dentro de la automatizaci\u00f3n industrial.","breadcrumb":{"@id":"https:\/\/linmot.com\/es\/productos\/robots-y-sistemas-planos\/portico-de-transferencia-tp03\/#breadcrumb"},"inLanguage":"es","potentialAction":[{"@type":"ReadAction","target":["https:\/\/linmot.com\/es\/productos\/robots-y-sistemas-planos\/portico-de-transferencia-tp03\/"]}]},{"@type":"ImageObject","inLanguage":"es","@id":"https:\/\/linmot.com\/es\/productos\/robots-y-sistemas-planos\/portico-de-transferencia-tp03\/#primaryimage","url":"https:\/\/linmot.com\/de\/wp-content\/uploads\/sites\/2\/2026\/04\/linmot-transferportal-tp03.jpg","contentUrl":"https:\/\/linmot.com\/de\/wp-content\/uploads\/sites\/2\/2026\/04\/linmot-transferportal-tp03.jpg"},{"@type":"BreadcrumbList","@id":"https:\/\/linmot.com\/es\/productos\/robots-y-sistemas-planos\/portico-de-transferencia-tp03\/#breadcrumb","itemListElement":[{"@type":"ListItem","position":1,"name":"Home","item":"https:\/\/linmot.com\/es\/"},{"@type":"ListItem","position":2,"name":"Productos","item":"https:\/\/linmot.com\/es\/productos\/"},{"@type":"ListItem","position":3,"name":"Robots y sistemas planos","item":"https:\/\/linmot.com\/es\/productos\/robots-y-sistemas-planos\/"},{"@type":"ListItem","position":4,"name":"P\u00f3rtico de transferencia TP03"}]},{"@type":"WebSite","@id":"https:\/\/linmot.com\/es\/#website","url":"https:\/\/linmot.com\/es\/","name":"LinMot &amp; MagSpring - Espa\u00f1ol","description":"Motores lineales y sistemas de motores lineales de alta calidad","publisher":{"@id":"https:\/\/linmot.com\/es\/#organization"},"potentialAction":[{"@type":"SearchAction","target":{"@type":"EntryPoint","urlTemplate":"https:\/\/linmot.com\/es\/?s={search_term_string}"},"query-input":{"@type":"PropertyValueSpecification","valueRequired":true,"valueName":"search_term_string"}}],"inLanguage":"es"},{"@type":"Organization","@id":"https:\/\/linmot.com\/es\/#organization","name":"NTI AG - LinMot & MagSpring","url":"https:\/\/linmot.com\/es\/","logo":{"@type":"ImageObject","inLanguage":"es","@id":"https:\/\/linmot.com\/es\/#\/schema\/logo\/image\/","url":"https:\/\/linmot.com\/es\/wp-content\/uploads\/sites\/5\/2022\/05\/linmot-social-share-logo.jpg","contentUrl":"https:\/\/linmot.com\/es\/wp-content\/uploads\/sites\/5\/2022\/05\/linmot-social-share-logo.jpg","width":800,"height":500,"caption":"NTI AG - LinMot & MagSpring"},"image":{"@id":"https:\/\/linmot.com\/es\/#\/schema\/logo\/image\/"},"sameAs":["https:\/\/www.linkedin.com\/company\/nti-ag-linmot-magspring","https:\/\/www.youtube.com\/user\/LinMotEurope"]}]}},"_links":{"self":[{"href":"https:\/\/linmot.com\/es\/wp-json\/wp\/v2\/pages\/4105","targetHints":{"allow":["GET"]}}],"collection":[{"href":"https:\/\/linmot.com\/es\/wp-json\/wp\/v2\/pages"}],"about":[{"href":"https:\/\/linmot.com\/es\/wp-json\/wp\/v2\/types\/page"}],"author":[{"embeddable":true,"href":"https:\/\/linmot.com\/es\/wp-json\/wp\/v2\/users\/9"}],"replies":[{"embeddable":true,"href":"https:\/\/linmot.com\/es\/wp-json\/wp\/v2\/comments?post=4105"}],"version-history":[{"count":3,"href":"https:\/\/linmot.com\/es\/wp-json\/wp\/v2\/pages\/4105\/revisions"}],"predecessor-version":[{"id":4113,"href":"https:\/\/linmot.com\/es\/wp-json\/wp\/v2\/pages\/4105\/revisions\/4113"}],"up":[{"embeddable":true,"href":"https:\/\/linmot.com\/es\/wp-json\/wp\/v2\/pages\/3682"}],"wp:attachment":[{"href":"https:\/\/linmot.com\/es\/wp-json\/wp\/v2\/media?parent=4105"}],"curies":[{"name":"wp","href":"https:\/\/api.w.org\/{rel}","templated":true}]}}