{"id":4071,"date":"2026-02-09T09:44:18","date_gmt":"2026-02-09T08:44:18","guid":{"rendered":"https:\/\/linmot.com\/es\/?page_id=4071"},"modified":"2026-02-09T14:15:21","modified_gmt":"2026-02-09T13:15:21","slug":"linmot-pilot-download","status":"publish","type":"page","link":"https:\/\/linmot.com\/es\/download\/linmot-pilot-download\/","title":{"rendered":"LinMot-Pilot Download"},"content":{"rendered":"<p>Versi\u00f3n de software 1.2.0.0<br \/>\nArchivos de instalaci\u00f3n separados seg\u00fan la serie de accionamientos<\/p>\n<div class=\"row\">\n<div class=\"col-md-4\">\n<h4 class=\"download-title\">LinMot-Pilot 1.2.0.0 Build 20260203<\/h4>\n<p>Para accionamientos C1250-MI<\/p>\n<\/div>\n<div class=\"col-md-8\">\n<div class=\"download-box\"><a href=\"https:\/\/linmot.com\/fileadmin\/user_upload\/Downloads\/software-firmware\/technology-modules\/LinMot-Pilot_1.2.0.0_TM01_FW1.6.1_20260203.tgz\" target=\"_blank\" rel=\"noopener noreferrer\" download=\"\"><span class=\"name\">.TGZ<\/span><span class=\"size\">10.4 MB<\/span><\/a><\/div>\n<\/div>\n<\/div>\n<div class=\"row\">\n<div class=\"col-md-4\">\n<h4 class=\"download-title\">Manual de usuario de LinMot-Pilot<\/h4>\n<\/div>\n<div class=\"col-md-8\">\n<div class=\"download-box\"><a href=\"https:\/\/shop.linmot.com\/D\/product\/0187-1000\" target=\"_blank\" rel=\"noopener noreferrer\" download=\"\"><span class=\"name\">Cat\u00e1logo electr\u00f3nico<\/span>para descargar<\/a><\/div>\n<\/div>\n<\/div>\n<div class=\"row\">\n<div class=\"col-md-4\">\n<h4 class=\"download-title\">Instrucciones de instalaci\u00f3n de LinMot-Pilot<\/h4>\n<\/div>\n<div class=\"col-md-8\">\n<div class=\"download-box\"><a href=\"https:\/\/shop.linmot.com\/D\/product\/0150-6553\" target=\"_blank\" rel=\"noopener noreferrer\"><span class=\"name\">Cat\u00e1logo electr\u00f3nico<\/span>para descargar<\/a><\/div>\n<\/div>\n<\/div>\n<hr \/>\n<p><b>Publicaciones anteriores<\/b><br \/>\n<a class=\"button\" href=\"\/de\/download\/linmot-pilot-download\/linmot-pilot-fruehere-veroeffentlichungen\/\">Ir a las publicaciones anteriores<\/a><\/p>\n","protected":false},"excerpt":{"rendered":"<p>Versi\u00f3n de software 1.2.0.0 Archivos de instalaci\u00f3n separados seg\u00fan la serie de accionamientos LinMot-Pilot 1.2.0.0 Build 20260203 Para accionamientos C1250-MI .TGZ10.4 MB Manual de usuario de LinMot-Pilot Cat\u00e1logo electr\u00f3nicopara descargar Instrucciones de instalaci\u00f3n de LinMot-Pilot Cat\u00e1logo electr\u00f3nicopara descargar Publicaciones anteriores Ir a las publicaciones anteriores<\/p>\n","protected":false},"author":9,"featured_media":0,"parent":10,"menu_order":2,"comment_status":"closed","ping_status":"closed","template":"","meta":{"_acf_changed":false,"footnotes":""},"class_list":["post-4071","page","type-page","status-publish","hentry"],"acf":[],"yoast_head":"<!-- This site is optimized with the Yoast SEO Premium plugin v20.9 (Yoast SEO v27.3) - https:\/\/yoast.com\/product\/yoast-seo-premium-wordpress\/ -->\n<title>LinMot-Pilot Download - LinMot &amp; MagSpring - Espa\u00f1ol<\/title>\n<meta name=\"robots\" content=\"index, follow, max-snippet:-1, max-image-preview:large, max-video-preview:-1\" \/>\n<link rel=\"canonical\" href=\"https:\/\/linmot.com\/es\/download\/linmot-pilot-download\/\" \/>\n<meta property=\"og:locale\" content=\"es_ES\" \/>\n<meta property=\"og:type\" content=\"article\" \/>\n<meta property=\"og:title\" content=\"LinMot-Pilot Download\" \/>\n<meta property=\"og:description\" content=\"Versi\u00f3n de software 1.2.0.0 Archivos de instalaci\u00f3n separados seg\u00fan la serie de accionamientos LinMot-Pilot 1.2.0.0 Build 20260203 Para accionamientos C1250-MI .TGZ10.4 MB Manual de usuario de LinMot-Pilot Cat\u00e1logo electr\u00f3nicopara descargar Instrucciones de instalaci\u00f3n de LinMot-Pilot Cat\u00e1logo electr\u00f3nicopara descargar Publicaciones anteriores Ir a las publicaciones anteriores\" \/>\n<meta property=\"og:url\" content=\"https:\/\/linmot.com\/es\/download\/linmot-pilot-download\/\" \/>\n<meta property=\"og:site_name\" content=\"LinMot &amp; MagSpring - Espa\u00f1ol\" \/>\n<meta property=\"article:modified_time\" content=\"2026-02-09T13:15:21+00:00\" \/>\n<meta property=\"og:image\" content=\"https:\/\/linmot.com\/es\/wp-content\/uploads\/sites\/5\/2022\/05\/linmot-social-share-logo.jpg\" \/>\n\t<meta property=\"og:image:width\" content=\"800\" \/>\n\t<meta property=\"og:image:height\" content=\"500\" \/>\n\t<meta property=\"og:image:type\" content=\"image\/jpeg\" \/>\n<meta name=\"twitter:card\" content=\"summary_large_image\" \/>\n<meta name=\"twitter:label1\" content=\"Tiempo de lectura\" \/>\n\t<meta name=\"twitter:data1\" content=\"1 minuto\" \/>\n<script type=\"application\/ld+json\" class=\"yoast-schema-graph\">{\"@context\":\"https:\\\/\\\/schema.org\",\"@graph\":[{\"@type\":\"WebPage\",\"@id\":\"https:\\\/\\\/linmot.com\\\/es\\\/download\\\/linmot-pilot-download\\\/\",\"url\":\"https:\\\/\\\/linmot.com\\\/es\\\/download\\\/linmot-pilot-download\\\/\",\"name\":\"LinMot-Pilot Download - LinMot &amp; MagSpring - Espa\u00f1ol\",\"isPartOf\":{\"@id\":\"https:\\\/\\\/linmot.com\\\/es\\\/#website\"},\"datePublished\":\"2026-02-09T08:44:18+00:00\",\"dateModified\":\"2026-02-09T13:15:21+00:00\",\"breadcrumb\":{\"@id\":\"https:\\\/\\\/linmot.com\\\/es\\\/download\\\/linmot-pilot-download\\\/#breadcrumb\"},\"inLanguage\":\"es\",\"potentialAction\":[{\"@type\":\"ReadAction\",\"target\":[\"https:\\\/\\\/linmot.com\\\/es\\\/download\\\/linmot-pilot-download\\\/\"]}]},{\"@type\":\"BreadcrumbList\",\"@id\":\"https:\\\/\\\/linmot.com\\\/es\\\/download\\\/linmot-pilot-download\\\/#breadcrumb\",\"itemListElement\":[{\"@type\":\"ListItem\",\"position\":1,\"name\":\"Home\",\"item\":\"https:\\\/\\\/linmot.com\\\/es\\\/\"},{\"@type\":\"ListItem\",\"position\":2,\"name\":\"Descargas\",\"item\":\"https:\\\/\\\/linmot.com\\\/es\\\/download\\\/\"},{\"@type\":\"ListItem\",\"position\":3,\"name\":\"LinMot-Pilot Download\"}]},{\"@type\":\"WebSite\",\"@id\":\"https:\\\/\\\/linmot.com\\\/es\\\/#website\",\"url\":\"https:\\\/\\\/linmot.com\\\/es\\\/\",\"name\":\"LinMot &amp; MagSpring - Espa\u00f1ol\",\"description\":\"Motores lineales y sistemas de motores lineales de alta calidad\",\"publisher\":{\"@id\":\"https:\\\/\\\/linmot.com\\\/es\\\/#organization\"},\"potentialAction\":[{\"@type\":\"SearchAction\",\"target\":{\"@type\":\"EntryPoint\",\"urlTemplate\":\"https:\\\/\\\/linmot.com\\\/es\\\/?s={search_term_string}\"},\"query-input\":{\"@type\":\"PropertyValueSpecification\",\"valueRequired\":true,\"valueName\":\"search_term_string\"}}],\"inLanguage\":\"es\"},{\"@type\":\"Organization\",\"@id\":\"https:\\\/\\\/linmot.com\\\/es\\\/#organization\",\"name\":\"NTI AG - LinMot & MagSpring\",\"url\":\"https:\\\/\\\/linmot.com\\\/es\\\/\",\"logo\":{\"@type\":\"ImageObject\",\"inLanguage\":\"es\",\"@id\":\"https:\\\/\\\/linmot.com\\\/es\\\/#\\\/schema\\\/logo\\\/image\\\/\",\"url\":\"https:\\\/\\\/linmot.com\\\/es\\\/wp-content\\\/uploads\\\/sites\\\/5\\\/2022\\\/05\\\/linmot-social-share-logo.jpg\",\"contentUrl\":\"https:\\\/\\\/linmot.com\\\/es\\\/wp-content\\\/uploads\\\/sites\\\/5\\\/2022\\\/05\\\/linmot-social-share-logo.jpg\",\"width\":800,\"height\":500,\"caption\":\"NTI AG - LinMot & MagSpring\"},\"image\":{\"@id\":\"https:\\\/\\\/linmot.com\\\/es\\\/#\\\/schema\\\/logo\\\/image\\\/\"},\"sameAs\":[\"https:\\\/\\\/www.linkedin.com\\\/company\\\/nti-ag-linmot-magspring\",\"https:\\\/\\\/www.youtube.com\\\/user\\\/LinMotEurope\"]}]}<\/script>\n<!-- \/ Yoast SEO Premium plugin. -->","yoast_head_json":{"title":"LinMot-Pilot Download - LinMot &amp; MagSpring - Espa\u00f1ol","robots":{"index":"index","follow":"follow","max-snippet":"max-snippet:-1","max-image-preview":"max-image-preview:large","max-video-preview":"max-video-preview:-1"},"canonical":"https:\/\/linmot.com\/es\/download\/linmot-pilot-download\/","og_locale":"es_ES","og_type":"article","og_title":"LinMot-Pilot Download","og_description":"Versi\u00f3n de software 1.2.0.0 Archivos de instalaci\u00f3n separados seg\u00fan la serie de accionamientos LinMot-Pilot 1.2.0.0 Build 20260203 Para accionamientos C1250-MI .TGZ10.4 MB Manual de usuario de LinMot-Pilot Cat\u00e1logo electr\u00f3nicopara descargar Instrucciones de instalaci\u00f3n de LinMot-Pilot Cat\u00e1logo electr\u00f3nicopara descargar Publicaciones anteriores Ir a las publicaciones anteriores","og_url":"https:\/\/linmot.com\/es\/download\/linmot-pilot-download\/","og_site_name":"LinMot &amp; MagSpring - Espa\u00f1ol","article_modified_time":"2026-02-09T13:15:21+00:00","og_image":[{"width":800,"height":500,"url":"https:\/\/linmot.com\/es\/wp-content\/uploads\/sites\/5\/2022\/05\/linmot-social-share-logo.jpg","type":"image\/jpeg"}],"twitter_card":"summary_large_image","twitter_misc":{"Tiempo de lectura":"1 minuto"},"schema":{"@context":"https:\/\/schema.org","@graph":[{"@type":"WebPage","@id":"https:\/\/linmot.com\/es\/download\/linmot-pilot-download\/","url":"https:\/\/linmot.com\/es\/download\/linmot-pilot-download\/","name":"LinMot-Pilot Download - LinMot &amp; MagSpring - Espa\u00f1ol","isPartOf":{"@id":"https:\/\/linmot.com\/es\/#website"},"datePublished":"2026-02-09T08:44:18+00:00","dateModified":"2026-02-09T13:15:21+00:00","breadcrumb":{"@id":"https:\/\/linmot.com\/es\/download\/linmot-pilot-download\/#breadcrumb"},"inLanguage":"es","potentialAction":[{"@type":"ReadAction","target":["https:\/\/linmot.com\/es\/download\/linmot-pilot-download\/"]}]},{"@type":"BreadcrumbList","@id":"https:\/\/linmot.com\/es\/download\/linmot-pilot-download\/#breadcrumb","itemListElement":[{"@type":"ListItem","position":1,"name":"Home","item":"https:\/\/linmot.com\/es\/"},{"@type":"ListItem","position":2,"name":"Descargas","item":"https:\/\/linmot.com\/es\/download\/"},{"@type":"ListItem","position":3,"name":"LinMot-Pilot Download"}]},{"@type":"WebSite","@id":"https:\/\/linmot.com\/es\/#website","url":"https:\/\/linmot.com\/es\/","name":"LinMot &amp; MagSpring - Espa\u00f1ol","description":"Motores lineales y sistemas de motores lineales de alta calidad","publisher":{"@id":"https:\/\/linmot.com\/es\/#organization"},"potentialAction":[{"@type":"SearchAction","target":{"@type":"EntryPoint","urlTemplate":"https:\/\/linmot.com\/es\/?s={search_term_string}"},"query-input":{"@type":"PropertyValueSpecification","valueRequired":true,"valueName":"search_term_string"}}],"inLanguage":"es"},{"@type":"Organization","@id":"https:\/\/linmot.com\/es\/#organization","name":"NTI AG - LinMot & MagSpring","url":"https:\/\/linmot.com\/es\/","logo":{"@type":"ImageObject","inLanguage":"es","@id":"https:\/\/linmot.com\/es\/#\/schema\/logo\/image\/","url":"https:\/\/linmot.com\/es\/wp-content\/uploads\/sites\/5\/2022\/05\/linmot-social-share-logo.jpg","contentUrl":"https:\/\/linmot.com\/es\/wp-content\/uploads\/sites\/5\/2022\/05\/linmot-social-share-logo.jpg","width":800,"height":500,"caption":"NTI AG - LinMot & MagSpring"},"image":{"@id":"https:\/\/linmot.com\/es\/#\/schema\/logo\/image\/"},"sameAs":["https:\/\/www.linkedin.com\/company\/nti-ag-linmot-magspring","https:\/\/www.youtube.com\/user\/LinMotEurope"]}]}},"_links":{"self":[{"href":"https:\/\/linmot.com\/es\/wp-json\/wp\/v2\/pages\/4071","targetHints":{"allow":["GET"]}}],"collection":[{"href":"https:\/\/linmot.com\/es\/wp-json\/wp\/v2\/pages"}],"about":[{"href":"https:\/\/linmot.com\/es\/wp-json\/wp\/v2\/types\/page"}],"author":[{"embeddable":true,"href":"https:\/\/linmot.com\/es\/wp-json\/wp\/v2\/users\/9"}],"replies":[{"embeddable":true,"href":"https:\/\/linmot.com\/es\/wp-json\/wp\/v2\/comments?post=4071"}],"version-history":[{"count":5,"href":"https:\/\/linmot.com\/es\/wp-json\/wp\/v2\/pages\/4071\/revisions"}],"predecessor-version":[{"id":4073,"href":"https:\/\/linmot.com\/es\/wp-json\/wp\/v2\/pages\/4071\/revisions\/4073"}],"up":[{"embeddable":true,"href":"https:\/\/linmot.com\/es\/wp-json\/wp\/v2\/pages\/10"}],"wp:attachment":[{"href":"https:\/\/linmot.com\/es\/wp-json\/wp\/v2\/media?parent=4071"}],"curies":[{"name":"wp","href":"https:\/\/api.w.org\/{rel}","templated":true}]}}