{"id":40,"date":"2017-10-20T23:32:42","date_gmt":"2017-10-20T21:32:42","guid":{"rendered":"https:\/\/linmot.com\/?page_id=40"},"modified":"2025-04-10T11:36:09","modified_gmt":"2025-04-10T09:36:09","slug":"motores-de-acero-inoxidable","status":"publish","type":"page","link":"https:\/\/linmot.com\/es\/productos\/motores-de-acero-inoxidable\/","title":{"rendered":"Motores de acero inoxidable"},"content":{"rendered":"<p align=\"justify\"><strong>Desarrollados para un entorno exigente, los compactos motores lineales LinMot SSC est\u00e1n hechos de acero inoxidable EN 1.4404\/AISI 316. En la construcci\u00f3n de esta familia de motores, la atenci\u00f3n se centra en el dise\u00f1o higi\u00e9nico. Para evitar la acumulaci\u00f3n de suciedad, los motores est\u00e1n dise\u00f1ados sin bordes, esquinas, agujeros y conexiones de tornillos innecesarios.<\/strong><\/p>\n<p align=\"justify\">Los bobinados de los motores lineales est\u00e1n completamente encapsulados con resina epoxi, que protege el relleno de cobre y tambi\u00e9n el paquete de estator de la condensaci\u00f3n o la corrosi\u00f3n. Con esta extraordinaria estanqueidad, cumplen por tanto el <strong>grado de protecci\u00f3n IP69K<\/strong> seg\u00fan la norma DIN EN 60529. Los rodamientos de pl\u00e1stico especialmente desarrollados facilitan la limpieza y ahorran mucho tiempo en las aplicaciones de lavado. Las unidades tambi\u00e9n est\u00e1n perfectamente dise\u00f1adas para <strong>procesos de limpieza \u00abin situ\u00bb como CIP y SIP<\/strong>.<\/p>\n<p align=\"justify\">Para el control de la temperatura, todos los motores lineales est\u00e1n equipados con sensores que transmiten los datos al accionamiento. Los datos pueden evaluarse en el controlador de nivel superior para que el motor pueda mantenerse dentro de un rango de temperatura constante dependiendo del procesamiento (por ejemplo, alimentos como el pescado). Como opci\u00f3n, LinMot ofrece <strong>refrigeraci\u00f3n integrada por agua<\/strong> para las bajas temperaturas de la superficie para algunos tipos de motores, lo que conduce a un mayor rendimiento y al mismo tiempo reduce la formaci\u00f3n de g\u00e9rmenes.<\/p>\n<hr \/>\n<h2>As\u00ed es como funcionan<\/h2>\n<div class=\"row\">\n<div class=\"col-md-6\">\n<ul>\n<li>Dise\u00f1o higi\u00e9nico desarrollado para entornos exigentes<\/li>\n<li>Dise\u00f1ado para el procesamiento de alimentos o para la industria farmac\u00e9utica<\/li>\n<li>Cumple los requisitos de la clase de protecci\u00f3n IP69K seg\u00fan la norma DIN EN 60529<\/li>\n<li>F\u00e1cil de limpiar con los productos de limpieza habituales del sector<\/li>\n<li>Opcionalmente, con refrigeraci\u00f3n por agua integrada para bajas temperaturas superficiales<\/li>\n<\/ul>\n<\/div>\n<div class=\"col-md-1\">\n<\/div>\n<div class=\"col-md-5\">\n<p style=\"text-align: center;\">\n<div class=\"brlbs-cmpnt-container brlbs-cmpnt-content-blocker brlbs-cmpnt-with-individual-styles\" data-borlabs-cookie-content-blocker-id=\"default\" data-borlabs-cookie-content=\"PGlmcmFtZSB0aXRsZT0iWW91VHViZSB2aWRlbyBwbGF5ZXIiIHNyYz0iaHR0cHM6Ly93d3cueW91dHViZS5jb20vZW1iZWQvcjdMallqQURURDAiIHdpZHRoPSIzOTQiIGhlaWdodD0iMjIwIiBmcmFtZWJvcmRlcj0iMCIgYWxsb3dmdWxsc2NyZWVuPSJhbGxvd2Z1bGxzY3JlZW4iPjwvaWZyYW1lPg==\">\n<div class=\"brlbs-cmpnt-cb-preset-a\">\n<p class=\"brlbs-cmpnt-cb-description\">Est\u00e1s viendo un contenido de marcador de posici\u00f3n de <strong>Predeterminado<\/strong>. Para acceder al contenido real, haz clic en el siguiente bot\u00f3n. Ten en cuenta que al hacerlo compartir\u00e1s datos con terceros proveedores.<\/p>\n<div class=\"brlbs-cmpnt-cb-buttons\"> <a class=\"brlbs-cmpnt-cb-btn\" href=\"#\" data-borlabs-cookie-unblock role=\"button\">Desbloquear contenido<\/a> <a class=\"brlbs-cmpnt-cb-btn\" href=\"#\" data-borlabs-cookie-accept-service role=\"button\" style=\"display: none\">Aceptar el servicio requerido y desbloquear el contenido<\/a> <\/div>\n<p> <a class=\"brlbs-cmpnt-cb-provider-toggle\" href=\"#\" data-borlabs-cookie-show-provider-information role=\"button\">M\u00e1s informaci\u00f3n<\/a> <\/div>\n<\/div>\n<\/div>\n<\/div>\n<hr \/>\n<h2>Serie SSC<\/h2>\n<div class=\"row\">\n<div class=\"col-md-7\">\n<ul>\n<li>Principio de dise\u00f1o en serie para ocupar el m\u00ednimo espacio<\/li>\n<li>Disponible opcionalmente con relaci\u00f3n de transmisi\u00f3n<\/li>\n<li>Realizaci\u00f3n m\u00e1s sencilla de tapadoras, atornilladoras o estaciones de montaje<\/li>\n<\/ul>\n<p><a class=\"button\" href=\"https:\/\/linmot.com\/es\/productos\/motores-de-acero-inoxidable\/motores-lineales-ssc\/\">M\u00e1s informaci\u00f3n sobre la serie SSC<\/a><\/p>\n<\/div>\n<div class=\"col-md-5\">\n<img loading=\"lazy\" decoding=\"async\" class=\"aligncenter wp-image-702 size-full\" title=\"Motores de acero inoxidable SSC\" src=\"https:\/\/linmot.com\/de\/wp-content\/uploads\/sites\/2\/2021\/08\/SSC-Serie-Vorschaubild.jpg\" alt=\"Motores de acero inoxidable SSC\" width=\"612\" height=\"190\" \/>\n<\/div>\n<\/div>\n<h2>Serie 3x400VAC SSC<\/h2>\n<div class=\"row\">\n<div class=\"col-md-7\">\n<ul>\n<li>Principio de dise\u00f1o paralelo con corta longitud de instalaci\u00f3n y opciones integradas<\/li>\n<li>Opcionalmente con sensores de fuerza y par integrados<\/li>\n<li>Superficies f\u00e1ciles de limpiar<\/li>\n<li>Realizaci\u00f3n m\u00e1s sencilla de tapadoras, atornilladoras o estaciones de montaje con opciones integradas<\/li>\n<\/ul>\n<p><a class=\"button\" href=\"https:\/\/linmot.com\/es\/productos\/motores-de-acero-inoxidable\/motores-lineales-3x400vac-ssc\/\">M\u00e1s informaci\u00f3n sobre la serie 3x400VAC SSC<\/a><\/p>\n<\/div>\n<div class=\"col-md-5\">\n<img loading=\"lazy\" decoding=\"async\" class=\"aligncenter wp-image-1626\" title=\"Motores de acero inoxidable 3x400VAC SSC\" src=\"https:\/\/linmot.com\/de\/wp-content\/uploads\/sites\/2\/2021\/07\/linmot-stainless-steel-motors-3x400VAC-SSC.jpg\" alt=\"Motores de acero inoxidable 3x400VAC SSC\" width=\"612\" height=\"189\" \/>\n<p>&nbsp;<\/p>\n<\/div>\n<\/div>\n<h2>Serie SSCP<\/h2>\n<div class=\"row\">\n<div class=\"col-md-7\">\n<ul>\n<li>Principio de dise\u00f1o en serie para ocupar el m\u00ednimo espacio<\/li>\n<li>Disponible opcionalmente con relaci\u00f3n de transmisi\u00f3n<\/li>\n<li>Realizaci\u00f3n m\u00e1s sencilla de tapadoras, atornilladoras o estaciones de montaje<\/li>\n<\/ul>\n<p><a class=\"button\" href=\"https:\/\/linmot.com\/es\/productos\/motores-de-acero-inoxidable\/motores-lineales-sscp\/\">M\u00e1s informaci\u00f3n sobre la serie SSCP<\/a><\/p>\n<\/div>\n<div class=\"col-md-5\">\n<img loading=\"lazy\" decoding=\"async\" class=\"aligncenter wp-image-702 size-full\" title=\"Motores de acero inoxidable SSCP\" src=\"https:\/\/linmot.com\/de\/wp-content\/uploads\/sites\/2\/2021\/07\/linmot-stainless-steel-motors-SSCP.jpg\" alt=\"Motores de acero inoxidable SSCP\" width=\"612\" height=\"190\" \/>\n<\/div>\n<\/div>\n<hr \/>\n<h2>\u00bfPreguntas?<\/h2>\n<p>Estaremos encantados de responder a sus preguntas o asesorarle.<\/p>\n<p><a class=\"button\" href=\"https:\/\/linmot.com\/es\/contact\/\">Encuentra tu persona de contacto local <\/a><\/p>\n","protected":false},"excerpt":{"rendered":"<p>Desarrollados para un entorno exigente, los compactos motores lineales LinMot SSC est\u00e1n hechos de acero inoxidable EN 1.4404\/AISI 316. En la construcci\u00f3n de esta familia de motores, la atenci\u00f3n se centra en el dise\u00f1o higi\u00e9nico. Para evitar la acumulaci\u00f3n de suciedad, los motores est\u00e1n dise\u00f1ados sin bordes, esquinas, agujeros y conexiones de tornillos innecesarios. Los [&hellip;]<\/p>\n","protected":false},"author":1,"featured_media":0,"parent":1210,"menu_order":105,"comment_status":"closed","ping_status":"closed","template":"","meta":{"_acf_changed":false,"footnotes":""},"class_list":["post-40","page","type-page","status-publish","hentry"],"acf":[],"yoast_head":"<!-- This site is optimized with the Yoast SEO Premium plugin v20.9 (Yoast SEO v27.4) - https:\/\/yoast.com\/product\/yoast-seo-premium-wordpress\/ -->\n<title>Motores de acero inoxidable - Higiene IP69k para alimentaci\u00f3n y farmacia<\/title>\n<meta name=\"description\" content=\"Los motores lineales de acero inoxidable de LinMot cumplen con las clases de protecci\u00f3n hasta IP69k seg\u00fan la norma DIN EN 60529 y son adecuados para su uso en las industrias alimentaria y farmac\u00e9utica.\" \/>\n<meta name=\"robots\" content=\"index, follow, max-snippet:-1, max-image-preview:large, max-video-preview:-1\" \/>\n<link rel=\"canonical\" href=\"https:\/\/linmot.com\/es\/productos\/motores-de-acero-inoxidable\/\" \/>\n<meta property=\"og:locale\" content=\"es_ES\" \/>\n<meta property=\"og:type\" content=\"article\" \/>\n<meta property=\"og:title\" content=\"Motores de acero inoxidable - Higiene IP69k para alimentaci\u00f3n y farmacia\" \/>\n<meta property=\"og:description\" content=\"Los motores lineales de acero inoxidable de LinMot cumplen con las clases de protecci\u00f3n hasta IP69k seg\u00fan la norma DIN EN 60529 y son adecuados para su uso en las industrias alimentaria y farmac\u00e9utica.\" \/>\n<meta property=\"og:url\" content=\"https:\/\/linmot.com\/es\/productos\/motores-de-acero-inoxidable\/\" \/>\n<meta property=\"og:site_name\" content=\"LinMot &amp; MagSpring - Espa\u00f1ol\" \/>\n<meta property=\"article:modified_time\" content=\"2025-04-10T09:36:09+00:00\" \/>\n<meta property=\"og:image\" content=\"https:\/\/linmot.com\/es\/wp-content\/uploads\/sites\/5\/2022\/05\/linmot-social-share-logo.jpg\" \/>\n\t<meta property=\"og:image:width\" content=\"800\" \/>\n\t<meta property=\"og:image:height\" content=\"500\" \/>\n\t<meta property=\"og:image:type\" content=\"image\/jpeg\" \/>\n<meta name=\"twitter:card\" content=\"summary_large_image\" \/>\n<meta name=\"twitter:title\" content=\"Motores de acero inoxidable - Higiene IP69k para alimentaci\u00f3n y farmacia\" \/>\n<meta name=\"twitter:description\" content=\"Los motores lineales de acero inoxidable de LinMot cumplen con las clases de protecci\u00f3n hasta IP69k seg\u00fan la norma DIN EN 60529 y son adecuados para su uso en las industrias alimentaria y farmac\u00e9utica.\" \/>\n<meta name=\"twitter:label1\" content=\"Tiempo de lectura\" \/>\n\t<meta name=\"twitter:data1\" content=\"3 minutos\" \/>\n<script type=\"application\/ld+json\" class=\"yoast-schema-graph\">{\"@context\":\"https:\\\/\\\/schema.org\",\"@graph\":[{\"@type\":\"WebPage\",\"@id\":\"https:\\\/\\\/linmot.com\\\/es\\\/productos\\\/motores-de-acero-inoxidable\\\/\",\"url\":\"https:\\\/\\\/linmot.com\\\/es\\\/productos\\\/motores-de-acero-inoxidable\\\/\",\"name\":\"Motores de acero inoxidable - Higiene IP69k para alimentaci\u00f3n y farmacia\",\"isPartOf\":{\"@id\":\"https:\\\/\\\/linmot.com\\\/es\\\/#website\"},\"primaryImageOfPage\":{\"@id\":\"https:\\\/\\\/linmot.com\\\/es\\\/productos\\\/motores-de-acero-inoxidable\\\/#primaryimage\"},\"image\":{\"@id\":\"https:\\\/\\\/linmot.com\\\/es\\\/productos\\\/motores-de-acero-inoxidable\\\/#primaryimage\"},\"thumbnailUrl\":\"https:\\\/\\\/linmot.com\\\/de\\\/wp-content\\\/uploads\\\/sites\\\/2\\\/2021\\\/08\\\/SSC-Serie-Vorschaubild.jpg\",\"datePublished\":\"2017-10-20T21:32:42+00:00\",\"dateModified\":\"2025-04-10T09:36:09+00:00\",\"description\":\"Los motores lineales de acero inoxidable de LinMot cumplen con las clases de protecci\u00f3n hasta IP69k seg\u00fan la norma DIN EN 60529 y son adecuados para su uso en las industrias alimentaria y farmac\u00e9utica.\",\"breadcrumb\":{\"@id\":\"https:\\\/\\\/linmot.com\\\/es\\\/productos\\\/motores-de-acero-inoxidable\\\/#breadcrumb\"},\"inLanguage\":\"es\",\"potentialAction\":[{\"@type\":\"ReadAction\",\"target\":[\"https:\\\/\\\/linmot.com\\\/es\\\/productos\\\/motores-de-acero-inoxidable\\\/\"]}]},{\"@type\":\"ImageObject\",\"inLanguage\":\"es\",\"@id\":\"https:\\\/\\\/linmot.com\\\/es\\\/productos\\\/motores-de-acero-inoxidable\\\/#primaryimage\",\"url\":\"https:\\\/\\\/linmot.com\\\/de\\\/wp-content\\\/uploads\\\/sites\\\/2\\\/2021\\\/08\\\/SSC-Serie-Vorschaubild.jpg\",\"contentUrl\":\"https:\\\/\\\/linmot.com\\\/de\\\/wp-content\\\/uploads\\\/sites\\\/2\\\/2021\\\/08\\\/SSC-Serie-Vorschaubild.jpg\"},{\"@type\":\"BreadcrumbList\",\"@id\":\"https:\\\/\\\/linmot.com\\\/es\\\/productos\\\/motores-de-acero-inoxidable\\\/#breadcrumb\",\"itemListElement\":[{\"@type\":\"ListItem\",\"position\":1,\"name\":\"Home\",\"item\":\"https:\\\/\\\/linmot.com\\\/es\\\/\"},{\"@type\":\"ListItem\",\"position\":2,\"name\":\"Productos\",\"item\":\"https:\\\/\\\/linmot.com\\\/es\\\/productos\\\/\"},{\"@type\":\"ListItem\",\"position\":3,\"name\":\"Motores de acero inoxidable\"}]},{\"@type\":\"WebSite\",\"@id\":\"https:\\\/\\\/linmot.com\\\/es\\\/#website\",\"url\":\"https:\\\/\\\/linmot.com\\\/es\\\/\",\"name\":\"LinMot &amp; MagSpring - Espa\u00f1ol\",\"description\":\"Motores lineales y sistemas de motores lineales de alta calidad\",\"publisher\":{\"@id\":\"https:\\\/\\\/linmot.com\\\/es\\\/#organization\"},\"potentialAction\":[{\"@type\":\"SearchAction\",\"target\":{\"@type\":\"EntryPoint\",\"urlTemplate\":\"https:\\\/\\\/linmot.com\\\/es\\\/?s={search_term_string}\"},\"query-input\":{\"@type\":\"PropertyValueSpecification\",\"valueRequired\":true,\"valueName\":\"search_term_string\"}}],\"inLanguage\":\"es\"},{\"@type\":\"Organization\",\"@id\":\"https:\\\/\\\/linmot.com\\\/es\\\/#organization\",\"name\":\"NTI AG - LinMot & MagSpring\",\"url\":\"https:\\\/\\\/linmot.com\\\/es\\\/\",\"logo\":{\"@type\":\"ImageObject\",\"inLanguage\":\"es\",\"@id\":\"https:\\\/\\\/linmot.com\\\/es\\\/#\\\/schema\\\/logo\\\/image\\\/\",\"url\":\"https:\\\/\\\/linmot.com\\\/es\\\/wp-content\\\/uploads\\\/sites\\\/5\\\/2022\\\/05\\\/linmot-social-share-logo.jpg\",\"contentUrl\":\"https:\\\/\\\/linmot.com\\\/es\\\/wp-content\\\/uploads\\\/sites\\\/5\\\/2022\\\/05\\\/linmot-social-share-logo.jpg\",\"width\":800,\"height\":500,\"caption\":\"NTI AG - LinMot & MagSpring\"},\"image\":{\"@id\":\"https:\\\/\\\/linmot.com\\\/es\\\/#\\\/schema\\\/logo\\\/image\\\/\"},\"sameAs\":[\"https:\\\/\\\/www.linkedin.com\\\/company\\\/nti-ag-linmot-magspring\",\"https:\\\/\\\/www.youtube.com\\\/user\\\/LinMotEurope\"]}]}<\/script>\n<!-- \/ Yoast SEO Premium plugin. -->","yoast_head_json":{"title":"Motores de acero inoxidable - Higiene IP69k para alimentaci\u00f3n y farmacia","description":"Los motores lineales de acero inoxidable de LinMot cumplen con las clases de protecci\u00f3n hasta IP69k seg\u00fan la norma DIN EN 60529 y son adecuados para su uso en las industrias alimentaria y farmac\u00e9utica.","robots":{"index":"index","follow":"follow","max-snippet":"max-snippet:-1","max-image-preview":"max-image-preview:large","max-video-preview":"max-video-preview:-1"},"canonical":"https:\/\/linmot.com\/es\/productos\/motores-de-acero-inoxidable\/","og_locale":"es_ES","og_type":"article","og_title":"Motores de acero inoxidable - Higiene IP69k para alimentaci\u00f3n y farmacia","og_description":"Los motores lineales de acero inoxidable de LinMot cumplen con las clases de protecci\u00f3n hasta IP69k seg\u00fan la norma DIN EN 60529 y son adecuados para su uso en las industrias alimentaria y farmac\u00e9utica.","og_url":"https:\/\/linmot.com\/es\/productos\/motores-de-acero-inoxidable\/","og_site_name":"LinMot &amp; MagSpring - Espa\u00f1ol","article_modified_time":"2025-04-10T09:36:09+00:00","og_image":[{"width":800,"height":500,"url":"https:\/\/linmot.com\/es\/wp-content\/uploads\/sites\/5\/2022\/05\/linmot-social-share-logo.jpg","type":"image\/jpeg"}],"twitter_card":"summary_large_image","twitter_title":"Motores de acero inoxidable - Higiene IP69k para alimentaci\u00f3n y farmacia","twitter_description":"Los motores lineales de acero inoxidable de LinMot cumplen con las clases de protecci\u00f3n hasta IP69k seg\u00fan la norma DIN EN 60529 y son adecuados para su uso en las industrias alimentaria y farmac\u00e9utica.","twitter_misc":{"Tiempo de lectura":"3 minutos"},"schema":{"@context":"https:\/\/schema.org","@graph":[{"@type":"WebPage","@id":"https:\/\/linmot.com\/es\/productos\/motores-de-acero-inoxidable\/","url":"https:\/\/linmot.com\/es\/productos\/motores-de-acero-inoxidable\/","name":"Motores de acero inoxidable - Higiene IP69k para alimentaci\u00f3n y farmacia","isPartOf":{"@id":"https:\/\/linmot.com\/es\/#website"},"primaryImageOfPage":{"@id":"https:\/\/linmot.com\/es\/productos\/motores-de-acero-inoxidable\/#primaryimage"},"image":{"@id":"https:\/\/linmot.com\/es\/productos\/motores-de-acero-inoxidable\/#primaryimage"},"thumbnailUrl":"https:\/\/linmot.com\/de\/wp-content\/uploads\/sites\/2\/2021\/08\/SSC-Serie-Vorschaubild.jpg","datePublished":"2017-10-20T21:32:42+00:00","dateModified":"2025-04-10T09:36:09+00:00","description":"Los motores lineales de acero inoxidable de LinMot cumplen con las clases de protecci\u00f3n hasta IP69k seg\u00fan la norma DIN EN 60529 y son adecuados para su uso en las industrias alimentaria y farmac\u00e9utica.","breadcrumb":{"@id":"https:\/\/linmot.com\/es\/productos\/motores-de-acero-inoxidable\/#breadcrumb"},"inLanguage":"es","potentialAction":[{"@type":"ReadAction","target":["https:\/\/linmot.com\/es\/productos\/motores-de-acero-inoxidable\/"]}]},{"@type":"ImageObject","inLanguage":"es","@id":"https:\/\/linmot.com\/es\/productos\/motores-de-acero-inoxidable\/#primaryimage","url":"https:\/\/linmot.com\/de\/wp-content\/uploads\/sites\/2\/2021\/08\/SSC-Serie-Vorschaubild.jpg","contentUrl":"https:\/\/linmot.com\/de\/wp-content\/uploads\/sites\/2\/2021\/08\/SSC-Serie-Vorschaubild.jpg"},{"@type":"BreadcrumbList","@id":"https:\/\/linmot.com\/es\/productos\/motores-de-acero-inoxidable\/#breadcrumb","itemListElement":[{"@type":"ListItem","position":1,"name":"Home","item":"https:\/\/linmot.com\/es\/"},{"@type":"ListItem","position":2,"name":"Productos","item":"https:\/\/linmot.com\/es\/productos\/"},{"@type":"ListItem","position":3,"name":"Motores de acero inoxidable"}]},{"@type":"WebSite","@id":"https:\/\/linmot.com\/es\/#website","url":"https:\/\/linmot.com\/es\/","name":"LinMot &amp; MagSpring - Espa\u00f1ol","description":"Motores lineales y sistemas de motores lineales de alta calidad","publisher":{"@id":"https:\/\/linmot.com\/es\/#organization"},"potentialAction":[{"@type":"SearchAction","target":{"@type":"EntryPoint","urlTemplate":"https:\/\/linmot.com\/es\/?s={search_term_string}"},"query-input":{"@type":"PropertyValueSpecification","valueRequired":true,"valueName":"search_term_string"}}],"inLanguage":"es"},{"@type":"Organization","@id":"https:\/\/linmot.com\/es\/#organization","name":"NTI AG - LinMot & MagSpring","url":"https:\/\/linmot.com\/es\/","logo":{"@type":"ImageObject","inLanguage":"es","@id":"https:\/\/linmot.com\/es\/#\/schema\/logo\/image\/","url":"https:\/\/linmot.com\/es\/wp-content\/uploads\/sites\/5\/2022\/05\/linmot-social-share-logo.jpg","contentUrl":"https:\/\/linmot.com\/es\/wp-content\/uploads\/sites\/5\/2022\/05\/linmot-social-share-logo.jpg","width":800,"height":500,"caption":"NTI AG - LinMot & MagSpring"},"image":{"@id":"https:\/\/linmot.com\/es\/#\/schema\/logo\/image\/"},"sameAs":["https:\/\/www.linkedin.com\/company\/nti-ag-linmot-magspring","https:\/\/www.youtube.com\/user\/LinMotEurope"]}]}},"_links":{"self":[{"href":"https:\/\/linmot.com\/es\/wp-json\/wp\/v2\/pages\/40","targetHints":{"allow":["GET"]}}],"collection":[{"href":"https:\/\/linmot.com\/es\/wp-json\/wp\/v2\/pages"}],"about":[{"href":"https:\/\/linmot.com\/es\/wp-json\/wp\/v2\/types\/page"}],"author":[{"embeddable":true,"href":"https:\/\/linmot.com\/es\/wp-json\/wp\/v2\/users\/1"}],"replies":[{"embeddable":true,"href":"https:\/\/linmot.com\/es\/wp-json\/wp\/v2\/comments?post=40"}],"version-history":[{"count":18,"href":"https:\/\/linmot.com\/es\/wp-json\/wp\/v2\/pages\/40\/revisions"}],"predecessor-version":[{"id":3805,"href":"https:\/\/linmot.com\/es\/wp-json\/wp\/v2\/pages\/40\/revisions\/3805"}],"up":[{"embeddable":true,"href":"https:\/\/linmot.com\/es\/wp-json\/wp\/v2\/pages\/1210"}],"wp:attachment":[{"href":"https:\/\/linmot.com\/es\/wp-json\/wp\/v2\/media?parent=40"}],"curies":[{"name":"wp","href":"https:\/\/api.w.org\/{rel}","templated":true}]}}