{"id":3977,"date":"2025-11-11T15:58:08","date_gmt":"2025-11-11T14:58:08","guid":{"rendered":"https:\/\/linmot.com\/es\/?page_id=3977"},"modified":"2026-01-29T14:02:23","modified_gmt":"2026-01-29T13:02:23","slug":"linmot-pilot-menos-programacion-mas-movimiento","status":"publish","type":"page","link":"https:\/\/linmot.com\/es\/productos\/linmot-pilot-menos-programacion-mas-movimiento\/","title":{"rendered":"LinMot Pilot &#8211; menos programaci\u00f3n, m\u00e1s movimiento"},"content":{"rendered":"<p><strong>LinMot Pilot es un controlador rob\u00f3tico intuitivo y sin c\u00f3digo para robots planos LinMot de varios ejes, que no requiere PLC ni conocimientos de programaci\u00f3n.<\/strong><\/p>\n<p>Las secuencias de movimiento se pueden configurar y ejecutar r\u00e1pidamente a trav\u00e9s de una interfaz basada en navegador. Gracias a los comandos predefinidos y a las funciones de aprendizaje, se pueden implementar f\u00e1cilmente aplicaciones sencillas, como recoger y colocar, y tareas m\u00e1s exigentes, como atornillar o sincronizar transportadores. Dado que el control y la HMI del sistema se combinan en una \u00fanica plataforma, se ahorra un tiempo valioso durante la programaci\u00f3n y la puesta en marcha.<\/p>\n<hr \/>\n<div class=\"row\">\n<div class=\"col-sm-2\">\n<p><a class=\"button\" href=\"#detalles\">1. detalles<\/a><\/p>\n<\/div>\n<div class=\"col-sm-1\">\n<\/div>\n<div class=\"col-sm-2\">\n<p><a class=\"button\" href=\"#videos\">2. v\u00eddeos<\/a><\/p>\n<\/div>\n<div class=\"col-sm-1\">\n<\/div>\n<div class=\"col-sm-2\">\n<p><a class=\"button\" href=\"#aplicacion\">3. aplicaci\u00f3n<\/a><\/p>\n<\/div>\n<div class=\"col-sm-1\">\n<\/div>\n<div class=\"col-sm-2\">\n<p><a class=\"button\" href=\"#contacto\">4. contacto<\/a><\/p>\n<\/div>\n<\/div>\n<hr \/>\n<h3 id=\"detalles\">1. detalles<\/h3>\n<div class=\"row\">\n<div class=\"col-sm-8\">\n<img loading=\"lazy\" decoding=\"async\" class=\"alignnone size-full wp-image-6087\" src=\"https:\/\/linmot.com\/de\/wp-content\/uploads\/sites\/2\/2025\/11\/linmot-pilot-screen-1.jpg\" alt=\"\" width=\"950\" height=\"668\" \/>\n<\/div>\n<div class=\"col-sm-4\">\n<h3>Programa como un profesional &#8211; sin necesidad de conocimientos previos<\/h3>\n<ul>\n<li>Plataforma sin c\u00f3digo: no se requieren conocimientos de programaci\u00f3n<\/li>\n<li>No se necesita entorno de desarrollo: se trabaja directamente en el navegador<\/li>\n<li>Manejo intuitivo: prueba y adapta programas sin obst\u00e1culos<\/li>\n<li>Tiempo de aprendizaje m\u00ednimo: listo para usar inmediatamente<\/li>\n<li>Prototipado r\u00e1pido: de la idea al movimiento en un abrir y cerrar de ojos<\/li>\n<li>Aplicaciones basadas en conocimientos t\u00e9cnicos: aplicaciones espec\u00edficas para cada proceso parametrizadas mediante un asistente<\/li>\n<\/ul>\n<\/div>\n<\/div>\n<hr \/>\n<div class=\"row\">\n<div class=\"col-sm-5\">\n<h3>Funciones disponibles en LinMot Pilot<\/h3>\n<ul>\n<li>Comandos l\u00f3gicos<\/li>\n<li>Comandos de movimiento<\/li>\n<li>Control de E\/S y gesti\u00f3n de variables<\/li>\n<li>Interfaz personalizable<\/li>\n<\/ul>\n<p>Ampliable en el futuro con aplicaciones basadas en conocimientos t\u00e9cnicos<\/p>\n<ul>\n<li>Seguimiento de cintas transportadoras<\/li>\n<li>Interfaz de c\u00e1mara<\/li>\n<li>Taponado y atornillado<\/li>\n<li>Paletizado<\/li>\n<li>&#8230; y mucho m\u00e1s<\/li>\n<\/ul>\n<\/div>\n<div class=\"col-sm-7\">\n<img loading=\"lazy\" decoding=\"async\" class=\"alignnone size-full wp-image-6098\" src=\"https:\/\/linmot.com\/de\/wp-content\/uploads\/sites\/2\/2025\/11\/linmot-pilot-tablet-3.jpg\" alt=\"\" width=\"798\" height=\"561\" \/>\n<\/div>\n<\/div>\n<hr \/>\n<h3>Interfaz personalizable (pr\u00f3ximamente disponible)<\/h3>\n<ul>\n<li>Muestre informaci\u00f3n relevante en su pesta\u00f1a \u00abOperaci\u00f3n\u00bb<\/li>\n<li>Elementos de dise\u00f1o claros y modernos<\/li>\n<li>Visualizaci\u00f3n de datos de proceso, tiempos de ciclo y mucha otra informaci\u00f3n del sistema<\/li>\n<li>Controles personalizados para acceder r\u00e1pidamente a variables o funciones<\/li>\n<li>Adapte la interfaz de usuario a los requisitos de su aplicaci\u00f3n<\/li>\n<\/ul>\n<img loading=\"lazy\" decoding=\"async\" class=\"alignnone size-full wp-image-6102\" src=\"https:\/\/linmot.com\/de\/wp-content\/uploads\/sites\/2\/2025\/11\/linmot-pilot-dashboard-2.jpg\" alt=\"\" width=\"1200\" height=\"673\" \/>\n<hr \/>\n<div class=\"row\">\n<div class=\"col-sm-6\">\n<h3>El sistema de control del robot &#8211; El m\u00f3dulo tecnol\u00f3gico TM01<\/h3>\n<ul>\n<li>Hasta 8 ejes<\/li>\n<li>Procesador de 4 n\u00facleos a 1,5 GHz<\/li>\n<li>Tiempo de ciclo de 2 ms<\/li>\n<li>Profinet o EthernetIP con PLC<\/li>\n<li>EtherCAT, incluyendo E\/S de bus de campo<\/li>\n<li>Industria 4.0 gracias a OPC UA<\/li>\n<\/ul>\n<\/div>\n<div class=\"col-sm-6\">\n<img loading=\"lazy\" decoding=\"async\" class=\"alignnone size-full wp-image-6111\" src=\"https:\/\/linmot.com\/de\/wp-content\/uploads\/sites\/2\/2025\/11\/linmot-pilot-tm01-3.jpg\" alt=\"\" width=\"239\" height=\"250\" \/>\n<\/div>\n<\/div>\n<div class=\"row\">\n<div class=\"col-sm-2\">\n<img loading=\"lazy\" decoding=\"async\" class=\"alignnone size-full wp-image-3626\" src=\"https:\/\/linmot.com\/de\/wp-content\/uploads\/sites\/2\/2022\/07\/Profinet-Logo.jpg\" alt=\"Profinet Logo\" width=\"167\" height=\"88\" \/>\n<\/div>\n<div class=\"col-sm-2\">\n<img loading=\"lazy\" decoding=\"async\" class=\"alignnone size-full wp-image-4142\" src=\"https:\/\/linmot.com\/de\/wp-content\/uploads\/sites\/2\/2023\/03\/ethernet-ip-logo.jpg\" alt=\"\" width=\"170\" height=\"66\" \/>\n<p>&nbsp;<\/p>\n<\/div>\n<div class=\"col-sm-2\">\n<img loading=\"lazy\" decoding=\"async\" class=\"alignnone size-full wp-image-6076\" src=\"https:\/\/linmot.com\/de\/wp-content\/uploads\/sites\/2\/2025\/11\/opc-ua-logo.jpg\" alt=\"\" width=\"566\" height=\"135\" \/>\n<\/div>\n<\/div>\n<p><strong>Tambi\u00e9n compatible con una pasarela adicional<\/strong><br \/>\n<div class=\"row\">\n<div class=\"col-sm-2\">\n<img loading=\"lazy\" decoding=\"async\" class=\"alignnone size-full wp-image-4143\" src=\"https:\/\/linmot.com\/de\/wp-content\/uploads\/sites\/2\/2023\/03\/ethernet-powerlink-logo.jpg\" alt=\"\" width=\"158\" height=\"66\" \/>\n<\/div>\n<div class=\"col-sm-2\">\n<img loading=\"lazy\" decoding=\"async\" class=\"alignnone size-full wp-image-4141\" src=\"https:\/\/linmot.com\/de\/wp-content\/uploads\/sites\/2\/2023\/03\/ethercat-logo.jpg\" alt=\"\" width=\"158\" height=\"66\" \/>\n<\/div>\n<div class=\"col-sm-2\">\n<img loading=\"lazy\" decoding=\"async\" class=\"alignnone size-full wp-image-4145\" src=\"https:\/\/linmot.com\/de\/wp-content\/uploads\/sites\/2\/2023\/03\/sercos-automation-logo.jpg\" alt=\"\" width=\"130\" height=\"66\" \/>\n<\/div>\n<\/div>\n<h3 id=\"videos\">2. v\u00eddeos<\/h3>\n<div class=\"row download\">\n<div class=\"col-md-6\">\n<h4 class=\"download-title\">El control de robots sin c\u00f3digo para los sistemas LinMot<\/h4>\n<p class=\"bodytext\" align=\"justify\">\u00bfHemos despertado su inter\u00e9s? Concierte una demostraci\u00f3n en directo con su socio comercial o acceda a nuestro entorno de pruebas remoto.<\/p>\n<\/div>\n<div class=\"col-md-1\">\n<\/div>\n<div class=\"col-md-5\">\n<div class=\"brlbs-cmpnt-container brlbs-cmpnt-content-blocker brlbs-cmpnt-with-individual-styles\" data-borlabs-cookie-content-blocker-id=\"default\" data-borlabs-cookie-content=\"PGlmcmFtZSB0aXRsZT0iWW91VHViZSB2aWRlbyBwbGF5ZXIiIHNyYz0iaHR0cHM6Ly93d3cueW91dHViZS5jb20vZW1iZWQvakJPcHIzZW9KX3ciIHdpZHRoPSIzOTQiIGhlaWdodD0iMjIwIiBmcmFtZWJvcmRlcj0iMCIgYWxsb3dmdWxsc2NyZWVuPSJhbGxvd2Z1bGxzY3JlZW4iPjwvaWZyYW1lPg==\">\n<div class=\"brlbs-cmpnt-cb-preset-a\">\n<p class=\"brlbs-cmpnt-cb-description\">Est\u00e1s viendo un contenido de marcador de posici\u00f3n de <strong>Predeterminado<\/strong>. Para acceder al contenido real, haz clic en el siguiente bot\u00f3n. Ten en cuenta que al hacerlo compartir\u00e1s datos con terceros proveedores.<\/p>\n<div class=\"brlbs-cmpnt-cb-buttons\"> <a class=\"brlbs-cmpnt-cb-btn\" href=\"#\" data-borlabs-cookie-unblock role=\"button\">Desbloquear contenido<\/a> <a class=\"brlbs-cmpnt-cb-btn\" href=\"#\" data-borlabs-cookie-accept-service role=\"button\" style=\"display: none\">Aceptar el servicio requerido y desbloquear el contenido<\/a> <\/div>\n<p> <a class=\"brlbs-cmpnt-cb-provider-toggle\" href=\"#\" data-borlabs-cookie-show-provider-information role=\"button\">M\u00e1s informaci\u00f3n<\/a> <\/div>\n<\/div>\n<\/div>\n<h3 id=\"aplicacion\">3. Informe de aplicaci\u00f3n<\/h3>\n<div class=\"row download\">\n<div class=\"col-md-3\">\n<h4 class=\"download-title\">Take me to the Pilot<\/h4>\n<p class=\"bodytext\" align=\"justify\">Hablamos con Reto Brumann, director de producto de LinMot para rob\u00f3tica e impulsor de LinMot Pilot, para saber m\u00e1s sobre la idea, las funciones y el potencial de esta soluci\u00f3n inteligente. Siga leyendo para conocer m\u00e1s detalles sobre la escasez de personal cualificado, la tecnolog\u00eda f\u00e1cil de usar y el valor de simplificar.<\/p>\n<p><a class=\"button\" href=\"\/es\/blog\/take-me-to-the-pilot\/\">M\u00e1s informaci\u00f3n<\/a><br \/>\n<\/div>\n<div class=\"col-md-2\">\n<img loading=\"lazy\" decoding=\"async\" class=\"alignnone size-full wp-image-6201\" src=\"https:\/\/linmot.com\/de\/wp-content\/uploads\/sites\/2\/2025\/12\/linmot-pilot-preview-picture.jpg\" alt=\"\" width=\"220\" height=\"220\" \/><br \/>\n<\/div>\n<\/div>\n<h3 id=\"contacto\">4. contacto<\/h3>\n<div class=\"row download\">\n<div class=\"col-md-6\">\n<h4 class=\"download-title\">\u00bfTiene alguna pregunta sobre LinMot Pilot?<\/h4>\n<p class=\"bodytext\">Estamos a su disposici\u00f3n para responder a sus preguntas o asesorarle.<br \/>\nP\u00f3ngase en contacto con nosotros a trav\u00e9s del siguiente formulario o por tel\u00e9fono en:<\/p>\n<p class=\"bodytext\">Suiza: +41 (0)56 544 71 00<br \/>\nAlemania: +49 (0)201 858940 0<br \/>\nEE. UU.: 262-743-2555<\/p>\n<\/div>\n<div class=\"col-md-1\">\n<\/div>\n<div class=\"col-md-5\">\n\n<div class=\"wpcf7 no-js\" id=\"wpcf7-f1752-o1\" lang=\"es-ES\" dir=\"ltr\" data-wpcf7-id=\"1752\">\n<div class=\"screen-reader-response\"><p role=\"status\" aria-live=\"polite\" aria-atomic=\"true\"><\/p> <ul><\/ul><\/div>\n<form action=\"\/es\/wp-json\/wp\/v2\/pages\/3977#wpcf7-f1752-o1\" method=\"post\" class=\"wpcf7-form init\" aria-label=\"Formulario de contacto\" novalidate=\"novalidate\" data-status=\"init\">\n<fieldset class=\"hidden-fields-container\"><input type=\"hidden\" name=\"_wpcf7\" value=\"1752\" \/><input type=\"hidden\" name=\"_wpcf7_version\" value=\"6.1.5\" \/><input type=\"hidden\" name=\"_wpcf7_locale\" value=\"es_ES\" \/><input type=\"hidden\" name=\"_wpcf7_unit_tag\" value=\"wpcf7-f1752-o1\" \/><input type=\"hidden\" name=\"_wpcf7_container_post\" value=\"0\" \/><input type=\"hidden\" name=\"_wpcf7_posted_data_hash\" value=\"\" \/><input type=\"hidden\" name=\"_wpcf7_recaptcha_response\" value=\"\" \/>\n<\/fieldset>\n<label> Tu nombre<br>\n    <span class=\"wpcf7-form-control-wrap\" data-name=\"your-name\"><input size=\"40\" maxlength=\"400\" class=\"wpcf7-form-control wpcf7-text wpcf7-validates-as-required\" aria-required=\"true\" aria-invalid=\"false\" value=\"\" type=\"text\" name=\"your-name\" \/><\/span> <\/label><br>\n<br>\n<label> Tu empresa<br>\n    <span class=\"wpcf7-form-control-wrap\" data-name=\"your-company\"><input size=\"40\" maxlength=\"400\" class=\"wpcf7-form-control wpcf7-text wpcf7-validates-as-required\" aria-required=\"true\" aria-invalid=\"false\" value=\"\" type=\"text\" name=\"your-company\" \/><\/span> <\/label><br>\n<br>\n<label> C\u00f3digo postal<br>\n    <span class=\"wpcf7-form-control-wrap\" data-name=\"your-plz\"><input class=\"wpcf7-form-control wpcf7-number wpcf7-validates-as-required wpcf7-validates-as-number\" aria-required=\"true\" aria-invalid=\"false\" value=\"\" type=\"number\" name=\"your-plz\" \/><\/span> <\/label>\n<br>\n<label> Pa\u00eds<br>\n    <span class=\"wpcf7-form-control-wrap\" data-name=\"your-country\"><input size=\"40\" maxlength=\"400\" class=\"wpcf7-form-control wpcf7-text wpcf7-validates-as-required\" aria-required=\"true\" aria-invalid=\"false\" value=\"\" type=\"text\" name=\"your-country\" \/><\/span> <\/label><br>\n<br>\n<label> Tu tel\u00e9fono<br>\n    <span class=\"wpcf7-form-control-wrap\" data-name=\"your-telephone\"><input size=\"40\" maxlength=\"400\" class=\"wpcf7-form-control wpcf7-tel wpcf7-validates-as-required wpcf7-text wpcf7-validates-as-tel\" aria-required=\"true\" aria-invalid=\"false\" value=\"\" type=\"tel\" name=\"your-telephone\" \/><\/span> <\/label><br>\n<br>\n<label> Tu correo electr\u00f3nico<br>\n    <span class=\"wpcf7-form-control-wrap\" data-name=\"your-email\"><input size=\"40\" maxlength=\"400\" class=\"wpcf7-form-control wpcf7-email wpcf7-validates-as-required wpcf7-text wpcf7-validates-as-email\" aria-required=\"true\" aria-invalid=\"false\" value=\"\" type=\"email\" name=\"your-email\" \/><\/span> <\/label><br>\n<br>\n<label> Asunto<br>\n    <span class=\"wpcf7-form-control-wrap\" data-name=\"your-subject\"><input size=\"40\" maxlength=\"400\" class=\"wpcf7-form-control wpcf7-text wpcf7-validates-as-required\" aria-required=\"true\" aria-invalid=\"false\" value=\"\" type=\"text\" name=\"your-subject\" \/><\/span> <\/label><br>\n<br>\n<label> Tu mensaje (opcional)<br>\n    <span class=\"wpcf7-form-control-wrap\" data-name=\"your-message\"><textarea cols=\"40\" rows=\"10\" maxlength=\"2000\" class=\"wpcf7-form-control wpcf7-textarea\" aria-invalid=\"false\" name=\"your-message\"><\/textarea><\/span> <\/label><br>\n<br>\n<input class=\"wpcf7-form-control wpcf7-submit has-spinner\" type=\"submit\" value=\"Enviar\" \/><div class=\"wpcf7-response-output\" aria-hidden=\"true\"><\/div>\n<\/form>\n<\/div>\n\n<\/div>\n<\/div>\n<\/div>\n","protected":false},"excerpt":{"rendered":"<p>LinMot Pilot es un controlador rob\u00f3tico intuitivo y sin c\u00f3digo para robots planos LinMot de varios ejes, que no requiere PLC ni conocimientos de programaci\u00f3n. Las secuencias de movimiento se pueden configurar y ejecutar r\u00e1pidamente a trav\u00e9s de una interfaz basada en navegador. Gracias a los comandos predefinidos y a las funciones de aprendizaje, se [&hellip;]<\/p>\n","protected":false},"author":9,"featured_media":0,"parent":1210,"menu_order":7,"comment_status":"closed","ping_status":"closed","template":"","meta":{"_acf_changed":false,"footnotes":""},"class_list":["post-3977","page","type-page","status-publish","hentry"],"acf":[],"yoast_head":"<!-- This site is optimized with the Yoast SEO Premium plugin v20.9 (Yoast SEO v27.3) - https:\/\/yoast.com\/product\/yoast-seo-premium-wordpress\/ -->\n<title>LinMot Pilot - menos programaci\u00f3n, m\u00e1s movimiento<\/title>\n<meta name=\"description\" content=\"LinMot Pilot es una plataforma de control intuitiva y sin c\u00f3digo para sistemas LinMot multieje, que no requiere PLC ni conocimientos de programaci\u00f3n.\" \/>\n<meta name=\"robots\" content=\"index, follow, max-snippet:-1, max-image-preview:large, max-video-preview:-1\" \/>\n<link rel=\"canonical\" href=\"https:\/\/linmot.com\/es\/productos\/linmot-pilot-menos-programacion-mas-movimiento\/\" \/>\n<meta property=\"og:locale\" content=\"es_ES\" \/>\n<meta property=\"og:type\" content=\"article\" \/>\n<meta property=\"og:title\" content=\"LinMot Pilot - menos programaci\u00f3n, m\u00e1s movimiento\" \/>\n<meta property=\"og:description\" content=\"LinMot Pilot es una plataforma de control intuitiva y sin c\u00f3digo para sistemas LinMot multieje, que no requiere PLC ni conocimientos de programaci\u00f3n.\" \/>\n<meta property=\"og:url\" content=\"https:\/\/linmot.com\/es\/productos\/linmot-pilot-menos-programacion-mas-movimiento\/\" \/>\n<meta property=\"og:site_name\" content=\"LinMot &amp; MagSpring - Espa\u00f1ol\" \/>\n<meta property=\"article:modified_time\" content=\"2026-01-29T13:02:23+00:00\" \/>\n<meta property=\"og:image\" content=\"https:\/\/linmot.com\/es\/wp-content\/uploads\/sites\/5\/2022\/05\/linmot-social-share-logo.jpg\" \/>\n\t<meta property=\"og:image:width\" content=\"800\" \/>\n\t<meta property=\"og:image:height\" content=\"500\" \/>\n\t<meta property=\"og:image:type\" content=\"image\/jpeg\" \/>\n<meta name=\"twitter:card\" content=\"summary_large_image\" \/>\n<meta name=\"twitter:label1\" content=\"Tiempo de lectura\" \/>\n\t<meta name=\"twitter:data1\" content=\"5 minutos\" \/>\n<script type=\"application\/ld+json\" class=\"yoast-schema-graph\">{\"@context\":\"https:\\\/\\\/schema.org\",\"@graph\":[{\"@type\":\"WebPage\",\"@id\":\"https:\\\/\\\/linmot.com\\\/es\\\/productos\\\/linmot-pilot-menos-programacion-mas-movimiento\\\/\",\"url\":\"https:\\\/\\\/linmot.com\\\/es\\\/productos\\\/linmot-pilot-menos-programacion-mas-movimiento\\\/\",\"name\":\"LinMot Pilot - menos programaci\u00f3n, m\u00e1s movimiento\",\"isPartOf\":{\"@id\":\"https:\\\/\\\/linmot.com\\\/es\\\/#website\"},\"primaryImageOfPage\":{\"@id\":\"https:\\\/\\\/linmot.com\\\/es\\\/productos\\\/linmot-pilot-menos-programacion-mas-movimiento\\\/#primaryimage\"},\"image\":{\"@id\":\"https:\\\/\\\/linmot.com\\\/es\\\/productos\\\/linmot-pilot-menos-programacion-mas-movimiento\\\/#primaryimage\"},\"thumbnailUrl\":\"https:\\\/\\\/linmot.com\\\/de\\\/wp-content\\\/uploads\\\/sites\\\/2\\\/2025\\\/11\\\/linmot-pilot-screen-1.jpg\",\"datePublished\":\"2025-11-11T14:58:08+00:00\",\"dateModified\":\"2026-01-29T13:02:23+00:00\",\"description\":\"LinMot Pilot es una plataforma de control intuitiva y sin c\u00f3digo para sistemas LinMot multieje, que no requiere PLC ni conocimientos de programaci\u00f3n.\",\"breadcrumb\":{\"@id\":\"https:\\\/\\\/linmot.com\\\/es\\\/productos\\\/linmot-pilot-menos-programacion-mas-movimiento\\\/#breadcrumb\"},\"inLanguage\":\"es\",\"potentialAction\":[{\"@type\":\"ReadAction\",\"target\":[\"https:\\\/\\\/linmot.com\\\/es\\\/productos\\\/linmot-pilot-menos-programacion-mas-movimiento\\\/\"]}]},{\"@type\":\"ImageObject\",\"inLanguage\":\"es\",\"@id\":\"https:\\\/\\\/linmot.com\\\/es\\\/productos\\\/linmot-pilot-menos-programacion-mas-movimiento\\\/#primaryimage\",\"url\":\"https:\\\/\\\/linmot.com\\\/de\\\/wp-content\\\/uploads\\\/sites\\\/2\\\/2025\\\/11\\\/linmot-pilot-screen-1.jpg\",\"contentUrl\":\"https:\\\/\\\/linmot.com\\\/de\\\/wp-content\\\/uploads\\\/sites\\\/2\\\/2025\\\/11\\\/linmot-pilot-screen-1.jpg\"},{\"@type\":\"BreadcrumbList\",\"@id\":\"https:\\\/\\\/linmot.com\\\/es\\\/productos\\\/linmot-pilot-menos-programacion-mas-movimiento\\\/#breadcrumb\",\"itemListElement\":[{\"@type\":\"ListItem\",\"position\":1,\"name\":\"Home\",\"item\":\"https:\\\/\\\/linmot.com\\\/es\\\/\"},{\"@type\":\"ListItem\",\"position\":2,\"name\":\"Productos\",\"item\":\"https:\\\/\\\/linmot.com\\\/es\\\/productos\\\/\"},{\"@type\":\"ListItem\",\"position\":3,\"name\":\"LinMot Pilot &#8211; menos programaci\u00f3n, m\u00e1s movimiento\"}]},{\"@type\":\"WebSite\",\"@id\":\"https:\\\/\\\/linmot.com\\\/es\\\/#website\",\"url\":\"https:\\\/\\\/linmot.com\\\/es\\\/\",\"name\":\"LinMot &amp; MagSpring - Espa\u00f1ol\",\"description\":\"Motores lineales y sistemas de motores lineales de alta calidad\",\"publisher\":{\"@id\":\"https:\\\/\\\/linmot.com\\\/es\\\/#organization\"},\"potentialAction\":[{\"@type\":\"SearchAction\",\"target\":{\"@type\":\"EntryPoint\",\"urlTemplate\":\"https:\\\/\\\/linmot.com\\\/es\\\/?s={search_term_string}\"},\"query-input\":{\"@type\":\"PropertyValueSpecification\",\"valueRequired\":true,\"valueName\":\"search_term_string\"}}],\"inLanguage\":\"es\"},{\"@type\":\"Organization\",\"@id\":\"https:\\\/\\\/linmot.com\\\/es\\\/#organization\",\"name\":\"NTI AG - LinMot & MagSpring\",\"url\":\"https:\\\/\\\/linmot.com\\\/es\\\/\",\"logo\":{\"@type\":\"ImageObject\",\"inLanguage\":\"es\",\"@id\":\"https:\\\/\\\/linmot.com\\\/es\\\/#\\\/schema\\\/logo\\\/image\\\/\",\"url\":\"https:\\\/\\\/linmot.com\\\/es\\\/wp-content\\\/uploads\\\/sites\\\/5\\\/2022\\\/05\\\/linmot-social-share-logo.jpg\",\"contentUrl\":\"https:\\\/\\\/linmot.com\\\/es\\\/wp-content\\\/uploads\\\/sites\\\/5\\\/2022\\\/05\\\/linmot-social-share-logo.jpg\",\"width\":800,\"height\":500,\"caption\":\"NTI AG - LinMot & MagSpring\"},\"image\":{\"@id\":\"https:\\\/\\\/linmot.com\\\/es\\\/#\\\/schema\\\/logo\\\/image\\\/\"},\"sameAs\":[\"https:\\\/\\\/www.linkedin.com\\\/company\\\/nti-ag-linmot-magspring\",\"https:\\\/\\\/www.youtube.com\\\/user\\\/LinMotEurope\"]}]}<\/script>\n<!-- \/ Yoast SEO Premium plugin. -->","yoast_head_json":{"title":"LinMot Pilot - menos programaci\u00f3n, m\u00e1s movimiento","description":"LinMot Pilot es una plataforma de control intuitiva y sin c\u00f3digo para sistemas LinMot multieje, que no requiere PLC ni conocimientos de programaci\u00f3n.","robots":{"index":"index","follow":"follow","max-snippet":"max-snippet:-1","max-image-preview":"max-image-preview:large","max-video-preview":"max-video-preview:-1"},"canonical":"https:\/\/linmot.com\/es\/productos\/linmot-pilot-menos-programacion-mas-movimiento\/","og_locale":"es_ES","og_type":"article","og_title":"LinMot Pilot - menos programaci\u00f3n, m\u00e1s movimiento","og_description":"LinMot Pilot es una plataforma de control intuitiva y sin c\u00f3digo para sistemas LinMot multieje, que no requiere PLC ni conocimientos de programaci\u00f3n.","og_url":"https:\/\/linmot.com\/es\/productos\/linmot-pilot-menos-programacion-mas-movimiento\/","og_site_name":"LinMot &amp; MagSpring - Espa\u00f1ol","article_modified_time":"2026-01-29T13:02:23+00:00","og_image":[{"width":800,"height":500,"url":"https:\/\/linmot.com\/es\/wp-content\/uploads\/sites\/5\/2022\/05\/linmot-social-share-logo.jpg","type":"image\/jpeg"}],"twitter_card":"summary_large_image","twitter_misc":{"Tiempo de lectura":"5 minutos"},"schema":{"@context":"https:\/\/schema.org","@graph":[{"@type":"WebPage","@id":"https:\/\/linmot.com\/es\/productos\/linmot-pilot-menos-programacion-mas-movimiento\/","url":"https:\/\/linmot.com\/es\/productos\/linmot-pilot-menos-programacion-mas-movimiento\/","name":"LinMot Pilot - menos programaci\u00f3n, m\u00e1s movimiento","isPartOf":{"@id":"https:\/\/linmot.com\/es\/#website"},"primaryImageOfPage":{"@id":"https:\/\/linmot.com\/es\/productos\/linmot-pilot-menos-programacion-mas-movimiento\/#primaryimage"},"image":{"@id":"https:\/\/linmot.com\/es\/productos\/linmot-pilot-menos-programacion-mas-movimiento\/#primaryimage"},"thumbnailUrl":"https:\/\/linmot.com\/de\/wp-content\/uploads\/sites\/2\/2025\/11\/linmot-pilot-screen-1.jpg","datePublished":"2025-11-11T14:58:08+00:00","dateModified":"2026-01-29T13:02:23+00:00","description":"LinMot Pilot es una plataforma de control intuitiva y sin c\u00f3digo para sistemas LinMot multieje, que no requiere PLC ni conocimientos de programaci\u00f3n.","breadcrumb":{"@id":"https:\/\/linmot.com\/es\/productos\/linmot-pilot-menos-programacion-mas-movimiento\/#breadcrumb"},"inLanguage":"es","potentialAction":[{"@type":"ReadAction","target":["https:\/\/linmot.com\/es\/productos\/linmot-pilot-menos-programacion-mas-movimiento\/"]}]},{"@type":"ImageObject","inLanguage":"es","@id":"https:\/\/linmot.com\/es\/productos\/linmot-pilot-menos-programacion-mas-movimiento\/#primaryimage","url":"https:\/\/linmot.com\/de\/wp-content\/uploads\/sites\/2\/2025\/11\/linmot-pilot-screen-1.jpg","contentUrl":"https:\/\/linmot.com\/de\/wp-content\/uploads\/sites\/2\/2025\/11\/linmot-pilot-screen-1.jpg"},{"@type":"BreadcrumbList","@id":"https:\/\/linmot.com\/es\/productos\/linmot-pilot-menos-programacion-mas-movimiento\/#breadcrumb","itemListElement":[{"@type":"ListItem","position":1,"name":"Home","item":"https:\/\/linmot.com\/es\/"},{"@type":"ListItem","position":2,"name":"Productos","item":"https:\/\/linmot.com\/es\/productos\/"},{"@type":"ListItem","position":3,"name":"LinMot Pilot &#8211; menos programaci\u00f3n, m\u00e1s movimiento"}]},{"@type":"WebSite","@id":"https:\/\/linmot.com\/es\/#website","url":"https:\/\/linmot.com\/es\/","name":"LinMot &amp; MagSpring - Espa\u00f1ol","description":"Motores lineales y sistemas de motores lineales de alta calidad","publisher":{"@id":"https:\/\/linmot.com\/es\/#organization"},"potentialAction":[{"@type":"SearchAction","target":{"@type":"EntryPoint","urlTemplate":"https:\/\/linmot.com\/es\/?s={search_term_string}"},"query-input":{"@type":"PropertyValueSpecification","valueRequired":true,"valueName":"search_term_string"}}],"inLanguage":"es"},{"@type":"Organization","@id":"https:\/\/linmot.com\/es\/#organization","name":"NTI AG - LinMot & MagSpring","url":"https:\/\/linmot.com\/es\/","logo":{"@type":"ImageObject","inLanguage":"es","@id":"https:\/\/linmot.com\/es\/#\/schema\/logo\/image\/","url":"https:\/\/linmot.com\/es\/wp-content\/uploads\/sites\/5\/2022\/05\/linmot-social-share-logo.jpg","contentUrl":"https:\/\/linmot.com\/es\/wp-content\/uploads\/sites\/5\/2022\/05\/linmot-social-share-logo.jpg","width":800,"height":500,"caption":"NTI AG - LinMot & MagSpring"},"image":{"@id":"https:\/\/linmot.com\/es\/#\/schema\/logo\/image\/"},"sameAs":["https:\/\/www.linkedin.com\/company\/nti-ag-linmot-magspring","https:\/\/www.youtube.com\/user\/LinMotEurope"]}]}},"_links":{"self":[{"href":"https:\/\/linmot.com\/es\/wp-json\/wp\/v2\/pages\/3977","targetHints":{"allow":["GET"]}}],"collection":[{"href":"https:\/\/linmot.com\/es\/wp-json\/wp\/v2\/pages"}],"about":[{"href":"https:\/\/linmot.com\/es\/wp-json\/wp\/v2\/types\/page"}],"author":[{"embeddable":true,"href":"https:\/\/linmot.com\/es\/wp-json\/wp\/v2\/users\/9"}],"replies":[{"embeddable":true,"href":"https:\/\/linmot.com\/es\/wp-json\/wp\/v2\/comments?post=3977"}],"version-history":[{"count":18,"href":"https:\/\/linmot.com\/es\/wp-json\/wp\/v2\/pages\/3977\/revisions"}],"predecessor-version":[{"id":4057,"href":"https:\/\/linmot.com\/es\/wp-json\/wp\/v2\/pages\/3977\/revisions\/4057"}],"up":[{"embeddable":true,"href":"https:\/\/linmot.com\/es\/wp-json\/wp\/v2\/pages\/1210"}],"wp:attachment":[{"href":"https:\/\/linmot.com\/es\/wp-json\/wp\/v2\/media?parent=3977"}],"curies":[{"name":"wp","href":"https:\/\/api.w.org\/{rel}","templated":true}]}}