{"id":3954,"date":"2025-10-23T09:27:06","date_gmt":"2025-10-23T07:27:06","guid":{"rendered":"https:\/\/linmot.com\/es\/?page_id=3954"},"modified":"2026-04-15T08:56:41","modified_gmt":"2026-04-15T06:56:41","slug":"bosch-rexroth-ctrlx-world","status":"publish","type":"page","link":"https:\/\/linmot.com\/es\/compania\/partners\/bosch-rexroth-ctrlx-world\/","title":{"rendered":"Bosch Rexroth &#8211; ctrlX World"},"content":{"rendered":"<hr \/>\n<div class=\"row\">\n<div class=\"col-sm-2\">\n<a id=\"top\" class=\"button\" href=\"#partnership\">1. Asociaci\u00f3n<\/a><\/p>\n<\/div>\n<div class=\"col-sm-2\">\n<a class=\"button\" href=\"#note\">2. Integraci\u00f3n<\/a><\/p>\n<\/div>\n<div class=\"col-sm-2\">\n<a class=\"button\" href=\"#products\">3. Productos<\/a><\/p>\n<\/div>\n<div class=\"col-sm-2\">\n<a class=\"button\" href=\"#headquarters\">4. Contacto<\/a><br \/>\n<\/div>\n<\/div>\n<hr \/>\n<h2 id=\"partnership\">1. LinMot &amp; Bosch Rexroth<\/h2>\n<div class=\"row\">\n<div class=\"col-md-9\">\n<p>LinMot es socio tecnol\u00f3gico de Bosch Rexroth AG y ahora forma parte de la red ctrlX World Partner para ctrlX AUTOMATION, una plataforma que establece nuevos est\u00e1ndares en la automatizaci\u00f3n industrial.<\/p>\n<p>Nuestros motores lineales y accionamientos directos altamente din\u00e1micos se pueden integrar perfectamente en la arquitectura abierta ctrlX y ofrecen la m\u00e1xima flexibilidad, fiabilidad y eficiencia. Al combinar nuestras soluciones mecatr\u00f3nicas con ctrlX AUTOMATION, permitimos la integraci\u00f3n plug-and-play, la comunicaci\u00f3n en tiempo real y una f\u00e1cil escalabilidad.<\/p>\n<p>Nuestras soluciones son ideales para entornos industriales exigentes y admiten los conceptos modernos de I4.0 mediante el procesamiento inteligente de datos y la comunicaci\u00f3n entre m\u00e1quinas.<\/p>\n<\/div>\n<div class=\"col-md-3\">\n<img loading=\"lazy\" decoding=\"async\" class=\"alignnone size-full wp-image-5920\" src=\"https:\/\/linmot.com\/de\/wp-content\/uploads\/sites\/2\/2025\/08\/bosch-rexroth-logo.jpg\" alt=\"\" width=\"400\" height=\"168\" \/>\n<\/div>\n<\/div>\n<p style=\"text-align: right;\"><a href=\"\/es\/compania\/partners\/bosch-rexroth-ctrlx-world\/#top\" rel=\"noopener\">Ir al inicio de la p\u00e1gina<\/a><\/p>\n<hr \/>\n<h2 id=\"note\">2. C\u00f3mo integrar LinMot en ctrlX AUTOMATION<\/h2>\n<p>C\u00f3mo integrar los accionamientos LinMot con la interfaz LinMot EtherCAT (DS402 CoE) como ejes de movimiento s\u00edncrono en ctrlX AUTOMATION de Bosch Rexroth.<\/p>\n<div class=\"row\">\n<div class=\"col-sm-6\">\n<a class=\"button\" href=\"https:\/\/apps.boschrexroth.com\/microsites\/ctrlx-automation\/en\/\" target=\"_blank\" rel=\"noopener\">Instrucciones de instalaci\u00f3n<\/a><\/p>\n<\/div>\n<div class=\"col-sm-6\">\n<\/div>\n<\/div>\n<p style=\"text-align: right;\"><a href=\"\/es\/compania\/partners\/bosch-rexroth-ctrlx-world\/#top\" rel=\"noopener\">Ir al inicio de la p\u00e1gina<\/a><\/p>\n<hr \/>\n<h2 id=\"products\">3. Productos<\/h2>\n<div class=\"row\">\n<div class=\"col-md-4\">\n<h4>Motores lineales<\/h4>\n<img loading=\"lazy\" decoding=\"async\" class=\"alignnone size-full wp-image-1744\" src=\"https:\/\/linmot.com\/wp-content\/uploads\/2025\/01\/linearmotoren-product-overview.jpg\" alt=\"\" width=\"300\" height=\"199\" \/>\n<p><a class=\"button\" href=\"\/es\/productos\/motores-lineales\/\" target=\"_same\" rel=\"noopener\">Al producto<\/a><\/p>\n<p align=\"justify\">Los motores LinMot son accionamientos directos electromagn\u00e9ticos en forma de tubo. El movimiento lineal se genera de forma puramente el\u00e9ctrica y sin desgaste, sin la interposici\u00f3n de engranajes mec\u00e1nicos, husillos o correas.<\/p>\n<\/div>\n<div class=\"col-md-4\">\n<h4>Gu\u00edas lineales y m\u00f3dulos<\/h4>\n<img loading=\"lazy\" decoding=\"async\" class=\"alignnone size-full wp-image-1742\" src=\"https:\/\/linmot.com\/wp-content\/uploads\/2025\/01\/dm01-product-overview.jpg\" alt=\"\" width=\"300\" height=\"199\" \/>\n<p><a class=\"button\" href=\"\/es\/productos\/guias-lineales-modulo-lineal\/\" target=\"_same\" rel=\"noopener\">Al producto<\/a><\/p>\n<p align=\"justify\">Las gu\u00edas lineales LinMot son unidades de gu\u00eda compactas para motores lineales. Las gu\u00edas sirven para soportar la carga, para absorber las fuerzas externas, los momentos de torsi\u00f3n y de flexi\u00f3n y, al mismo tiempo, como dispositivo antirrotaci\u00f3n.<\/p>\n<\/div>\n<div class=\"col-md-4\">\n<h4>Motores rotolineales<\/h4>\n<img loading=\"lazy\" decoding=\"async\" class=\"alignnone size-full wp-image-1740\" src=\"https:\/\/linmot.com\/wp-content\/uploads\/2025\/01\/hubdreh-product-overview.jpg\" alt=\"\" width=\"300\" height=\"199\" \/>\n<p><a class=\"button\" href=\"\/es\/productos\/motores-rotolineales\/\" target=\"_same\" rel=\"noopener\">Al producto<\/a><\/p>\n<p align=\"justify\">Los motores rotolineales de LinMot se caracterizan por su excelente flexibilidad, din\u00e1mica y velocidad. Pueden utilizarse para realizar movimientos lineales y rotativos.<\/p>\n<\/div>\n<\/div>\n<div class=\"row\">\n<div class=\"col-md-4\">\n<h4>Robots y sistemas planos<\/h4>\n<img loading=\"lazy\" decoding=\"async\" class=\"aligncenter wp-image-5581 size-full\" src=\"https:\/\/linmot.com\/de\/wp-content\/uploads\/sites\/2\/2025\/02\/flat-robots-und-systeme-produkteuebersicht.png\" alt=\"\" width=\"300\" height=\"199\" \/>\n<p><a class=\"button\" href=\"\/es\/productos\/robots-y-sistemas-planos\/\" target=\"_same\" rel=\"noopener\">Al producto<\/a><\/p>\n<p align=\"justify\">Los robots y sistemas planos LinMot ofrecen soluciones innovadoras y f\u00e1cilmente configurables de p\u00f3rtico, semip\u00f3rtico y pick-and-place. Con los sistemas multieje listos para usar, incluso los requisitos complejos espec\u00edficos de la industria se pueden realizar de forma r\u00e1pida y precisa.<\/p>\n<\/div>\n<div class=\"col-md-4\">\n<h4>Pinzas el\u00e9ctricas<\/h4>\n<img loading=\"lazy\" decoding=\"async\" class=\"aligncenter size-full wp-image-5751\" src=\"https:\/\/linmot.com\/de\/wp-content\/uploads\/sites\/2\/2025\/04\/electric-gripper-linmot-product-overview.jpg\" alt=\"\" width=\"300\" height=\"200\" \/>\n<p><a class=\"button\" href=\"\/es\/productos\/pinzas-pinzas-rotativas\/\" target=\"_same\" rel=\"noopener\">Al producto<\/a><\/p>\n<p align=\"justify\">Las pinzas LinMot son soluciones muy din\u00e1micas para tareas exigentes de recogida y colocaci\u00f3n, montaje y atornillado. Ofrecen tiempos de cierre y apertura r\u00e1pidos, posicionamiento preciso de los dedos y control exacto de la fuerza.<\/p>\n<\/div>\n<div class=\"col-md-4\">\n<h4>Servo Drives<\/h4>\n<img loading=\"lazy\" decoding=\"async\" class=\"alignnone size-full wp-image-1746\" src=\"https:\/\/linmot.com\/wp-content\/uploads\/2025\/01\/servo-drives-product-overview.jpg\" alt=\"\" width=\"300\" height=\"199\" \/>\n<p><a class=\"button\" href=\"\/es\/productos\/servo-drives\/\" target=\"_same\" rel=\"noopener\">Al producto<\/a><\/p>\n<p align=\"justify\">Los servoaccionamientos LinMot son controladores de posicionamiento compactos con una o m\u00e1s unidades de potencia para controlar los motores y una unidad de control inteligente con control de posici\u00f3n integrado. La unidad de control se encarga de todas las funciones de control y supervisi\u00f3n relacionadas con el accionamiento.<\/p>\n<\/div>\n<\/div>\n<div class=\"row\">\n<div class=\"col-md-4\">\n<h4>MagSpring<\/h4>\n<img loading=\"lazy\" decoding=\"async\" class=\"alignnone size-full wp-image-1745\" src=\"https:\/\/linmot.com\/wp-content\/uploads\/2025\/01\/magspring-product-overview.jpg\" alt=\"\" width=\"300\" height=\"199\" \/>\n<p><a class=\"button\" href=\"\/es\/productos\/magspring\/\" target=\"_same\" rel=\"noopener\">Al producto<\/a><\/p>\n<p align=\"justify\">Los productos MagSpring se describen mejor con el t\u00e9rmino \u00abmuelle magn\u00e9tico\u00bb. Sin embargo, el t\u00e9rmino muelle debe entenderse en el sentido de que los componentes MagSpring generan una fuerza constante en todo el rango de trabajo, mientras que una curva caracter\u00edstica t\u00edpica de un muelle mec\u00e1nico muestra un aumento de fuerza dependiente de la trayectoria.<\/p>\n<\/div>\n<div class=\"col-md-4\">\n<h4>Accessories<\/h4>\n<img loading=\"lazy\" decoding=\"async\" class=\"alignnone size-full wp-image-1747\" src=\"https:\/\/linmot.com\/de\/wp-content\/uploads\/sites\/2\/2021\/05\/Zubehoer-Produkteuebersicht.jpg\" alt=\"\" width=\"300\" height=\"199\" \/>\n<p><a class=\"button\" href=\"\/es\/productos\/accesorios\/\" target=\"_same\" rel=\"noopener\">Al producto<\/a><\/p>\n<p align=\"justify\">La gama de accesorios de LinMot, adaptada a los motores lineales, permite la realizaci\u00f3n y puesta en marcha r\u00e1pida y sin complicaciones de las m\u00e1s diversas tareas.<\/p>\n<\/div>\n<\/div>\n<p style=\"text-align: right;\"><a href=\"\/es\/compania\/partners\/bosch-rexroth-ctrlx-world\/#top\" rel=\"noopener\">Ir al inicio de la p\u00e1gina<\/a><\/p>\n<hr \/>\n<h2 id=\"headquarters\">4. Contacto<\/h2>\n<div class=\"row\">\n<div class=\"col-md-4\">\n<strong>LinMot\/NTI AG<\/strong><br \/>\nBodenaeckerstrasse 2<br \/>\nSpreitenbach, Z\u00fcrich CH-8957<br \/>\nSwitzerland<\/p>\n<p><a class=\"button\" href=\"mailto:office@linmot.com\" rel=\"noopener\">Env\u00edenos un correo electr\u00f3nico<\/a><\/p>\n<\/div>\n<\/div>\n<p style=\"text-align: right;\"><a href=\"\/es\/compania\/partners\/bosch-rexroth-ctrlx-world\/#top\" rel=\"noopener\">Ir al inicio de la p\u00e1gina<\/a><\/p>\n","protected":false},"excerpt":{"rendered":"<p>1. LinMot &amp; Bosch Rexroth Ir al inicio de la p\u00e1gina 2. C\u00f3mo integrar LinMot en ctrlX AUTOMATION C\u00f3mo integrar los accionamientos LinMot con la interfaz LinMot EtherCAT (DS402 CoE) como ejes de movimiento s\u00edncrono en ctrlX AUTOMATION de Bosch Rexroth. Ir al inicio de la p\u00e1gina 3. Productos Ir al inicio de la p\u00e1gina [&hellip;]<\/p>\n","protected":false},"author":9,"featured_media":0,"parent":28,"menu_order":8,"comment_status":"closed","ping_status":"closed","template":"","meta":{"_acf_changed":false,"footnotes":""},"class_list":["post-3954","page","type-page","status-publish","hentry"],"acf":[],"yoast_head":"<!-- This site is optimized with the Yoast SEO Premium plugin v20.9 (Yoast SEO v27.4) - https:\/\/yoast.com\/product\/yoast-seo-premium-wordpress\/ -->\n<title>LinMot se asocia con Bosch Rexroth - ctrlX World | LinMot<\/title>\n<meta name=\"description\" content=\"LinMot es socio tecnol\u00f3gico de Bosch Rexroth GmbH y pasa a formar parte de la red ctrlX World, una plataforma que establece nuevos est\u00e1ndares en la automatizaci\u00f3n industrial.\" \/>\n<meta name=\"robots\" content=\"index, follow, max-snippet:-1, max-image-preview:large, max-video-preview:-1\" \/>\n<link rel=\"canonical\" href=\"https:\/\/linmot.com\/es\/compania\/partners\/bosch-rexroth-ctrlx-world\/\" \/>\n<meta property=\"og:locale\" content=\"es_ES\" \/>\n<meta property=\"og:type\" content=\"article\" \/>\n<meta property=\"og:title\" content=\"Bosch Rexroth - ctrlX World\" \/>\n<meta property=\"og:description\" content=\"LinMot es socio tecnol\u00f3gico de Bosch Rexroth GmbH y pasa a formar parte de la red ctrlX World, una plataforma que establece nuevos est\u00e1ndares en la automatizaci\u00f3n industrial.\" \/>\n<meta property=\"og:url\" content=\"https:\/\/linmot.com\/es\/compania\/partners\/bosch-rexroth-ctrlx-world\/\" \/>\n<meta property=\"og:site_name\" content=\"LinMot &amp; MagSpring - Espa\u00f1ol\" \/>\n<meta property=\"article:modified_time\" content=\"2026-04-15T06:56:41+00:00\" \/>\n<meta property=\"og:image\" content=\"https:\/\/linmot.com\/es\/wp-content\/uploads\/sites\/5\/2022\/05\/linmot-social-share-logo.jpg\" \/>\n\t<meta property=\"og:image:width\" content=\"800\" \/>\n\t<meta property=\"og:image:height\" content=\"500\" \/>\n\t<meta property=\"og:image:type\" content=\"image\/jpeg\" \/>\n<meta name=\"twitter:card\" content=\"summary_large_image\" \/>\n<meta name=\"twitter:label1\" content=\"Tiempo de lectura\" \/>\n\t<meta name=\"twitter:data1\" content=\"5 minutos\" \/>\n<script type=\"application\/ld+json\" class=\"yoast-schema-graph\">{\"@context\":\"https:\\\/\\\/schema.org\",\"@graph\":[{\"@type\":\"WebPage\",\"@id\":\"https:\\\/\\\/linmot.com\\\/es\\\/compania\\\/partners\\\/bosch-rexroth-ctrlx-world\\\/\",\"url\":\"https:\\\/\\\/linmot.com\\\/es\\\/compania\\\/partners\\\/bosch-rexroth-ctrlx-world\\\/\",\"name\":\"LinMot se asocia con Bosch Rexroth - ctrlX World | LinMot\",\"isPartOf\":{\"@id\":\"https:\\\/\\\/linmot.com\\\/es\\\/#website\"},\"primaryImageOfPage\":{\"@id\":\"https:\\\/\\\/linmot.com\\\/es\\\/compania\\\/partners\\\/bosch-rexroth-ctrlx-world\\\/#primaryimage\"},\"image\":{\"@id\":\"https:\\\/\\\/linmot.com\\\/es\\\/compania\\\/partners\\\/bosch-rexroth-ctrlx-world\\\/#primaryimage\"},\"thumbnailUrl\":\"https:\\\/\\\/linmot.com\\\/de\\\/wp-content\\\/uploads\\\/sites\\\/2\\\/2025\\\/08\\\/bosch-rexroth-logo.jpg\",\"datePublished\":\"2025-10-23T07:27:06+00:00\",\"dateModified\":\"2026-04-15T06:56:41+00:00\",\"description\":\"LinMot es socio tecnol\u00f3gico de Bosch Rexroth GmbH y pasa a formar parte de la red ctrlX World, una plataforma que establece nuevos est\u00e1ndares en la automatizaci\u00f3n industrial.\",\"breadcrumb\":{\"@id\":\"https:\\\/\\\/linmot.com\\\/es\\\/compania\\\/partners\\\/bosch-rexroth-ctrlx-world\\\/#breadcrumb\"},\"inLanguage\":\"es\",\"potentialAction\":[{\"@type\":\"ReadAction\",\"target\":[\"https:\\\/\\\/linmot.com\\\/es\\\/compania\\\/partners\\\/bosch-rexroth-ctrlx-world\\\/\"]}]},{\"@type\":\"ImageObject\",\"inLanguage\":\"es\",\"@id\":\"https:\\\/\\\/linmot.com\\\/es\\\/compania\\\/partners\\\/bosch-rexroth-ctrlx-world\\\/#primaryimage\",\"url\":\"https:\\\/\\\/linmot.com\\\/de\\\/wp-content\\\/uploads\\\/sites\\\/2\\\/2025\\\/08\\\/bosch-rexroth-logo.jpg\",\"contentUrl\":\"https:\\\/\\\/linmot.com\\\/de\\\/wp-content\\\/uploads\\\/sites\\\/2\\\/2025\\\/08\\\/bosch-rexroth-logo.jpg\"},{\"@type\":\"BreadcrumbList\",\"@id\":\"https:\\\/\\\/linmot.com\\\/es\\\/compania\\\/partners\\\/bosch-rexroth-ctrlx-world\\\/#breadcrumb\",\"itemListElement\":[{\"@type\":\"ListItem\",\"position\":1,\"name\":\"Home\",\"item\":\"https:\\\/\\\/linmot.com\\\/es\\\/\"},{\"@type\":\"ListItem\",\"position\":2,\"name\":\"Perfil empresarial de NTI AG\",\"item\":\"https:\\\/\\\/linmot.com\\\/es\\\/compania\\\/\"},{\"@type\":\"ListItem\",\"position\":3,\"name\":\"Partners\",\"item\":\"https:\\\/\\\/linmot.com\\\/es\\\/compania\\\/partners\\\/\"},{\"@type\":\"ListItem\",\"position\":4,\"name\":\"Bosch Rexroth &#8211; ctrlX World\"}]},{\"@type\":\"WebSite\",\"@id\":\"https:\\\/\\\/linmot.com\\\/es\\\/#website\",\"url\":\"https:\\\/\\\/linmot.com\\\/es\\\/\",\"name\":\"LinMot &amp; MagSpring - Espa\u00f1ol\",\"description\":\"Motores lineales y sistemas de motores lineales de alta calidad\",\"publisher\":{\"@id\":\"https:\\\/\\\/linmot.com\\\/es\\\/#organization\"},\"potentialAction\":[{\"@type\":\"SearchAction\",\"target\":{\"@type\":\"EntryPoint\",\"urlTemplate\":\"https:\\\/\\\/linmot.com\\\/es\\\/?s={search_term_string}\"},\"query-input\":{\"@type\":\"PropertyValueSpecification\",\"valueRequired\":true,\"valueName\":\"search_term_string\"}}],\"inLanguage\":\"es\"},{\"@type\":\"Organization\",\"@id\":\"https:\\\/\\\/linmot.com\\\/es\\\/#organization\",\"name\":\"NTI AG - LinMot & MagSpring\",\"url\":\"https:\\\/\\\/linmot.com\\\/es\\\/\",\"logo\":{\"@type\":\"ImageObject\",\"inLanguage\":\"es\",\"@id\":\"https:\\\/\\\/linmot.com\\\/es\\\/#\\\/schema\\\/logo\\\/image\\\/\",\"url\":\"https:\\\/\\\/linmot.com\\\/es\\\/wp-content\\\/uploads\\\/sites\\\/5\\\/2022\\\/05\\\/linmot-social-share-logo.jpg\",\"contentUrl\":\"https:\\\/\\\/linmot.com\\\/es\\\/wp-content\\\/uploads\\\/sites\\\/5\\\/2022\\\/05\\\/linmot-social-share-logo.jpg\",\"width\":800,\"height\":500,\"caption\":\"NTI AG - LinMot & MagSpring\"},\"image\":{\"@id\":\"https:\\\/\\\/linmot.com\\\/es\\\/#\\\/schema\\\/logo\\\/image\\\/\"},\"sameAs\":[\"https:\\\/\\\/www.linkedin.com\\\/company\\\/nti-ag-linmot-magspring\",\"https:\\\/\\\/www.youtube.com\\\/user\\\/LinMotEurope\"]}]}<\/script>\n<!-- \/ Yoast SEO Premium plugin. -->","yoast_head_json":{"title":"LinMot se asocia con Bosch Rexroth - ctrlX World | LinMot","description":"LinMot es socio tecnol\u00f3gico de Bosch Rexroth GmbH y pasa a formar parte de la red ctrlX World, una plataforma que establece nuevos est\u00e1ndares en la automatizaci\u00f3n industrial.","robots":{"index":"index","follow":"follow","max-snippet":"max-snippet:-1","max-image-preview":"max-image-preview:large","max-video-preview":"max-video-preview:-1"},"canonical":"https:\/\/linmot.com\/es\/compania\/partners\/bosch-rexroth-ctrlx-world\/","og_locale":"es_ES","og_type":"article","og_title":"Bosch Rexroth - ctrlX World","og_description":"LinMot es socio tecnol\u00f3gico de Bosch Rexroth GmbH y pasa a formar parte de la red ctrlX World, una plataforma que establece nuevos est\u00e1ndares en la automatizaci\u00f3n industrial.","og_url":"https:\/\/linmot.com\/es\/compania\/partners\/bosch-rexroth-ctrlx-world\/","og_site_name":"LinMot &amp; MagSpring - Espa\u00f1ol","article_modified_time":"2026-04-15T06:56:41+00:00","og_image":[{"width":800,"height":500,"url":"https:\/\/linmot.com\/es\/wp-content\/uploads\/sites\/5\/2022\/05\/linmot-social-share-logo.jpg","type":"image\/jpeg"}],"twitter_card":"summary_large_image","twitter_misc":{"Tiempo de lectura":"5 minutos"},"schema":{"@context":"https:\/\/schema.org","@graph":[{"@type":"WebPage","@id":"https:\/\/linmot.com\/es\/compania\/partners\/bosch-rexroth-ctrlx-world\/","url":"https:\/\/linmot.com\/es\/compania\/partners\/bosch-rexroth-ctrlx-world\/","name":"LinMot se asocia con Bosch Rexroth - ctrlX World | LinMot","isPartOf":{"@id":"https:\/\/linmot.com\/es\/#website"},"primaryImageOfPage":{"@id":"https:\/\/linmot.com\/es\/compania\/partners\/bosch-rexroth-ctrlx-world\/#primaryimage"},"image":{"@id":"https:\/\/linmot.com\/es\/compania\/partners\/bosch-rexroth-ctrlx-world\/#primaryimage"},"thumbnailUrl":"https:\/\/linmot.com\/de\/wp-content\/uploads\/sites\/2\/2025\/08\/bosch-rexroth-logo.jpg","datePublished":"2025-10-23T07:27:06+00:00","dateModified":"2026-04-15T06:56:41+00:00","description":"LinMot es socio tecnol\u00f3gico de Bosch Rexroth GmbH y pasa a formar parte de la red ctrlX World, una plataforma que establece nuevos est\u00e1ndares en la automatizaci\u00f3n industrial.","breadcrumb":{"@id":"https:\/\/linmot.com\/es\/compania\/partners\/bosch-rexroth-ctrlx-world\/#breadcrumb"},"inLanguage":"es","potentialAction":[{"@type":"ReadAction","target":["https:\/\/linmot.com\/es\/compania\/partners\/bosch-rexroth-ctrlx-world\/"]}]},{"@type":"ImageObject","inLanguage":"es","@id":"https:\/\/linmot.com\/es\/compania\/partners\/bosch-rexroth-ctrlx-world\/#primaryimage","url":"https:\/\/linmot.com\/de\/wp-content\/uploads\/sites\/2\/2025\/08\/bosch-rexroth-logo.jpg","contentUrl":"https:\/\/linmot.com\/de\/wp-content\/uploads\/sites\/2\/2025\/08\/bosch-rexroth-logo.jpg"},{"@type":"BreadcrumbList","@id":"https:\/\/linmot.com\/es\/compania\/partners\/bosch-rexroth-ctrlx-world\/#breadcrumb","itemListElement":[{"@type":"ListItem","position":1,"name":"Home","item":"https:\/\/linmot.com\/es\/"},{"@type":"ListItem","position":2,"name":"Perfil empresarial de NTI AG","item":"https:\/\/linmot.com\/es\/compania\/"},{"@type":"ListItem","position":3,"name":"Partners","item":"https:\/\/linmot.com\/es\/compania\/partners\/"},{"@type":"ListItem","position":4,"name":"Bosch Rexroth &#8211; ctrlX World"}]},{"@type":"WebSite","@id":"https:\/\/linmot.com\/es\/#website","url":"https:\/\/linmot.com\/es\/","name":"LinMot &amp; MagSpring - Espa\u00f1ol","description":"Motores lineales y sistemas de motores lineales de alta calidad","publisher":{"@id":"https:\/\/linmot.com\/es\/#organization"},"potentialAction":[{"@type":"SearchAction","target":{"@type":"EntryPoint","urlTemplate":"https:\/\/linmot.com\/es\/?s={search_term_string}"},"query-input":{"@type":"PropertyValueSpecification","valueRequired":true,"valueName":"search_term_string"}}],"inLanguage":"es"},{"@type":"Organization","@id":"https:\/\/linmot.com\/es\/#organization","name":"NTI AG - LinMot & MagSpring","url":"https:\/\/linmot.com\/es\/","logo":{"@type":"ImageObject","inLanguage":"es","@id":"https:\/\/linmot.com\/es\/#\/schema\/logo\/image\/","url":"https:\/\/linmot.com\/es\/wp-content\/uploads\/sites\/5\/2022\/05\/linmot-social-share-logo.jpg","contentUrl":"https:\/\/linmot.com\/es\/wp-content\/uploads\/sites\/5\/2022\/05\/linmot-social-share-logo.jpg","width":800,"height":500,"caption":"NTI AG - LinMot & MagSpring"},"image":{"@id":"https:\/\/linmot.com\/es\/#\/schema\/logo\/image\/"},"sameAs":["https:\/\/www.linkedin.com\/company\/nti-ag-linmot-magspring","https:\/\/www.youtube.com\/user\/LinMotEurope"]}]}},"_links":{"self":[{"href":"https:\/\/linmot.com\/es\/wp-json\/wp\/v2\/pages\/3954","targetHints":{"allow":["GET"]}}],"collection":[{"href":"https:\/\/linmot.com\/es\/wp-json\/wp\/v2\/pages"}],"about":[{"href":"https:\/\/linmot.com\/es\/wp-json\/wp\/v2\/types\/page"}],"author":[{"embeddable":true,"href":"https:\/\/linmot.com\/es\/wp-json\/wp\/v2\/users\/9"}],"replies":[{"embeddable":true,"href":"https:\/\/linmot.com\/es\/wp-json\/wp\/v2\/comments?post=3954"}],"version-history":[{"count":10,"href":"https:\/\/linmot.com\/es\/wp-json\/wp\/v2\/pages\/3954\/revisions"}],"predecessor-version":[{"id":4097,"href":"https:\/\/linmot.com\/es\/wp-json\/wp\/v2\/pages\/3954\/revisions\/4097"}],"up":[{"embeddable":true,"href":"https:\/\/linmot.com\/es\/wp-json\/wp\/v2\/pages\/28"}],"wp:attachment":[{"href":"https:\/\/linmot.com\/es\/wp-json\/wp\/v2\/media?parent=3954"}],"curies":[{"name":"wp","href":"https:\/\/api.w.org\/{rel}","templated":true}]}}