{"id":3927,"date":"2025-10-01T13:55:24","date_gmt":"2025-10-01T11:55:24","guid":{"rendered":"https:\/\/linmot.com\/es\/?page_id=3927"},"modified":"2026-01-09T09:38:38","modified_gmt":"2026-01-09T08:38:38","slug":"modulos-pick-and-place-pp05","status":"publish","type":"page","link":"https:\/\/linmot.com\/es\/productos\/robots-y-sistemas-planos\/modulos-pick-and-place\/modulos-pick-and-place-pp05\/","title":{"rendered":"M\u00f3dulos Pick, Place-and-Rotate PP05"},"content":{"rendered":"<p align=\"justify\"><strong>Los m\u00f3dulos Pick-and-Place PP05 son sistemas multieje estandarizados con un eje lineal-rotativo en la direcci\u00f3n Z que permite realizar una amplia gama de tareas de recogida, rotaci\u00f3n y colocaci\u00f3n en un espacio m\u00ednimo. Para la compensaci\u00f3n pasiva de la fuerza del peso, los motores lineales rotativos PR02 tambi\u00e9n pueden equiparse con un MagSpring\u00ae.<\/strong><\/p>\n<p align=\"justify\">Cada m\u00f3dulo se puede adaptar de forma flexible a la aplicaci\u00f3n espec\u00edfica del cliente y est\u00e1 disponible totalmente montado o como componentes individuales. Numerosas opciones, como encoders externos, sensores de fuerza o par, ejes huecos con conductos de aire o soluciones de cadena de arrastre premontadas, ofrecen un alto grado de personalizaci\u00f3n.<\/p>\n<hr \/>\n<div class=\"row\">\n<div class=\"col-sm-2\">\n<p><a class=\"button\" href=\"#details\">1. Detalles<\/a><\/p>\n<\/div>\n<div class=\"col-sm-1\">\n<\/div>\n<div class=\"col-sm-2\">\n<p><a class=\"button\" href=\"#kontakt\">2. Contacto<\/a><\/p>\n<\/div>\n<\/div>\n<hr \/>\n<h3 id=\"details\">1. Detalles<\/h3>\n<img loading=\"lazy\" decoding=\"async\" class=\"alignnone size-full wp-image-5979 aligncenter\" src=\"https:\/\/linmot.com\/de\/wp-content\/uploads\/sites\/2\/2025\/09\/635x800-pick-and-rotate-pp05.jpg\" alt=\"\" width=\"635\" height=\"800\" \/>\n<div class=\"row\">\n<div class=\"col-sm-6\">\n<ul>\n<li>Eje Z lineal-rotativo<\/li>\n<li>Alto grado de personalizaci\u00f3n<\/li>\n<\/ul>\n<\/div>\n<div class=\"col-sm-6\">\n<ul>\n<li>Amplia gama de opciones<\/li>\n<li>Dise\u00f1o delgado para un tama\u00f1o reducido<\/li>\n<\/ul>\n<\/div>\n<\/div>\n<hr \/>\n<h3 id=\"kontakt\">2. Contacto<\/h3>\n<div class=\"row download\">\n<div class=\"col-md-6\">\n<h4 class=\"download-title\">\u00bfTiene alguna pregunta sobre el m\u00f3dulo Pick, Place &amp; Rotate PP05?<\/h4>\n<p class=\"bodytext\">Estaremos encantados de responder a sus preguntas.<br \/>\nP\u00f3ngase en contacto con nosotros a trav\u00e9s del siguiente formulario o ll\u00e1menos por tel\u00e9fono:<\/p>\n<p class=\"bodytext\">Tel: +49 (0)201 858940 0<\/p>\n<p class=\"bodytext\">El equipo LinMot<\/p>\n<\/div>\n<div class=\"col-md-1\">\n<\/div>\n<div class=\"col-md-5\">\n\n<div class=\"wpcf7 no-js\" id=\"wpcf7-f1752-o1\" lang=\"es-ES\" dir=\"ltr\" data-wpcf7-id=\"1752\">\n<div class=\"screen-reader-response\"><p role=\"status\" aria-live=\"polite\" aria-atomic=\"true\"><\/p> <ul><\/ul><\/div>\n<form action=\"\/es\/wp-json\/wp\/v2\/pages\/3927#wpcf7-f1752-o1\" method=\"post\" class=\"wpcf7-form init\" aria-label=\"Formulario de contacto\" novalidate=\"novalidate\" data-status=\"init\">\n<fieldset class=\"hidden-fields-container\"><input type=\"hidden\" name=\"_wpcf7\" value=\"1752\" \/><input type=\"hidden\" name=\"_wpcf7_version\" value=\"6.1.5\" \/><input type=\"hidden\" name=\"_wpcf7_locale\" value=\"es_ES\" \/><input type=\"hidden\" name=\"_wpcf7_unit_tag\" value=\"wpcf7-f1752-o1\" \/><input type=\"hidden\" name=\"_wpcf7_container_post\" value=\"0\" \/><input type=\"hidden\" name=\"_wpcf7_posted_data_hash\" value=\"\" \/><input type=\"hidden\" name=\"_wpcf7_recaptcha_response\" value=\"\" \/>\n<\/fieldset>\n<label> Tu nombre<br>\n    <span class=\"wpcf7-form-control-wrap\" data-name=\"your-name\"><input size=\"40\" maxlength=\"400\" class=\"wpcf7-form-control wpcf7-text wpcf7-validates-as-required\" aria-required=\"true\" aria-invalid=\"false\" value=\"\" type=\"text\" name=\"your-name\" \/><\/span> <\/label><br>\n<br>\n<label> Tu empresa<br>\n    <span class=\"wpcf7-form-control-wrap\" data-name=\"your-company\"><input size=\"40\" maxlength=\"400\" class=\"wpcf7-form-control wpcf7-text wpcf7-validates-as-required\" aria-required=\"true\" aria-invalid=\"false\" value=\"\" type=\"text\" name=\"your-company\" \/><\/span> <\/label><br>\n<br>\n<label> C\u00f3digo postal<br>\n    <span class=\"wpcf7-form-control-wrap\" data-name=\"your-plz\"><input class=\"wpcf7-form-control wpcf7-number wpcf7-validates-as-required wpcf7-validates-as-number\" aria-required=\"true\" aria-invalid=\"false\" value=\"\" type=\"number\" name=\"your-plz\" \/><\/span> <\/label>\n<br>\n<label> Pa\u00eds<br>\n    <span class=\"wpcf7-form-control-wrap\" data-name=\"your-country\"><input size=\"40\" maxlength=\"400\" class=\"wpcf7-form-control wpcf7-text wpcf7-validates-as-required\" aria-required=\"true\" aria-invalid=\"false\" value=\"\" type=\"text\" name=\"your-country\" \/><\/span> <\/label><br>\n<br>\n<label> Tu tel\u00e9fono<br>\n    <span class=\"wpcf7-form-control-wrap\" data-name=\"your-telephone\"><input size=\"40\" maxlength=\"400\" class=\"wpcf7-form-control wpcf7-tel wpcf7-validates-as-required wpcf7-text wpcf7-validates-as-tel\" aria-required=\"true\" aria-invalid=\"false\" value=\"\" type=\"tel\" name=\"your-telephone\" \/><\/span> <\/label><br>\n<br>\n<label> Tu correo electr\u00f3nico<br>\n    <span class=\"wpcf7-form-control-wrap\" data-name=\"your-email\"><input size=\"40\" maxlength=\"400\" class=\"wpcf7-form-control wpcf7-email wpcf7-validates-as-required wpcf7-text wpcf7-validates-as-email\" aria-required=\"true\" aria-invalid=\"false\" value=\"\" type=\"email\" name=\"your-email\" \/><\/span> <\/label><br>\n<br>\n<label> Asunto<br>\n    <span class=\"wpcf7-form-control-wrap\" data-name=\"your-subject\"><input size=\"40\" maxlength=\"400\" class=\"wpcf7-form-control wpcf7-text wpcf7-validates-as-required\" aria-required=\"true\" aria-invalid=\"false\" value=\"\" type=\"text\" name=\"your-subject\" \/><\/span> <\/label><br>\n<br>\n<label> Tu mensaje (opcional)<br>\n    <span class=\"wpcf7-form-control-wrap\" data-name=\"your-message\"><textarea cols=\"40\" rows=\"10\" maxlength=\"2000\" class=\"wpcf7-form-control wpcf7-textarea\" aria-invalid=\"false\" name=\"your-message\"><\/textarea><\/span> <\/label><br>\n<br>\n<input class=\"wpcf7-form-control wpcf7-submit has-spinner\" type=\"submit\" value=\"Enviar\" \/><div class=\"wpcf7-response-output\" aria-hidden=\"true\"><\/div>\n<\/form>\n<\/div>\n\n<\/div>\n<\/div>\n","protected":false},"excerpt":{"rendered":"<p>Los m\u00f3dulos Pick-and-Place PP05 son sistemas multieje estandarizados con un eje lineal-rotativo en la direcci\u00f3n Z que permite realizar una amplia gama de tareas de recogida, rotaci\u00f3n y colocaci\u00f3n en un espacio m\u00ednimo. Para la compensaci\u00f3n pasiva de la fuerza del peso, los motores lineales rotativos PR02 tambi\u00e9n pueden equiparse con un MagSpring\u00ae. Cada m\u00f3dulo [&hellip;]<\/p>\n","protected":false},"author":9,"featured_media":0,"parent":3691,"menu_order":7,"comment_status":"closed","ping_status":"closed","template":"","meta":{"_acf_changed":false,"footnotes":""},"class_list":["post-3927","page","type-page","status-publish","hentry"],"acf":[],"yoast_head":"<!-- This site is optimized with the Yoast SEO Premium plugin v20.9 (Yoast SEO v27.2) - https:\/\/yoast.com\/product\/yoast-seo-premium-wordpress\/ -->\n<title>M\u00f3dulos Pick, Place-and-Rotate PP05 - LinMot &amp; MagSpring - Espa\u00f1ol<\/title>\n<meta name=\"description\" content=\"Los m\u00f3dulos pick-and-rotate PP05 son sistemas multieje estandarizados con un eje lineal-rotativo en la direcci\u00f3n Z que permite realizar una amplia gama de tareas pick-and-rotate en un espacio m\u00ednimo.\" \/>\n<meta name=\"robots\" content=\"index, follow, max-snippet:-1, max-image-preview:large, max-video-preview:-1\" \/>\n<link rel=\"canonical\" href=\"https:\/\/linmot.com\/es\/productos\/robots-y-sistemas-planos\/modulos-pick-and-place\/modulos-pick-and-place-pp05\/\" \/>\n<meta property=\"og:locale\" content=\"es_ES\" \/>\n<meta property=\"og:type\" content=\"article\" \/>\n<meta property=\"og:title\" content=\"M\u00f3dulos Pick, Place-and-Rotate PP05\" \/>\n<meta property=\"og:description\" content=\"Los m\u00f3dulos pick-and-rotate PP05 son sistemas multieje estandarizados con un eje lineal-rotativo en la direcci\u00f3n Z que permite realizar una amplia gama de tareas pick-and-rotate en un espacio m\u00ednimo.\" \/>\n<meta property=\"og:url\" content=\"https:\/\/linmot.com\/es\/productos\/robots-y-sistemas-planos\/modulos-pick-and-place\/modulos-pick-and-place-pp05\/\" \/>\n<meta property=\"og:site_name\" content=\"LinMot &amp; MagSpring - Espa\u00f1ol\" \/>\n<meta property=\"article:modified_time\" content=\"2026-01-09T08:38:38+00:00\" \/>\n<meta property=\"og:image\" content=\"https:\/\/linmot.com\/es\/wp-content\/uploads\/sites\/5\/2022\/05\/linmot-social-share-logo.jpg\" \/>\n\t<meta property=\"og:image:width\" content=\"800\" \/>\n\t<meta property=\"og:image:height\" content=\"500\" \/>\n\t<meta property=\"og:image:type\" content=\"image\/jpeg\" \/>\n<meta name=\"twitter:card\" content=\"summary_large_image\" \/>\n<meta name=\"twitter:label1\" content=\"Tiempo de lectura\" \/>\n\t<meta name=\"twitter:data1\" content=\"2 minutos\" \/>\n<script type=\"application\/ld+json\" class=\"yoast-schema-graph\">{\"@context\":\"https:\/\/schema.org\",\"@graph\":[{\"@type\":\"WebPage\",\"@id\":\"https:\/\/linmot.com\/es\/productos\/robots-y-sistemas-planos\/modulos-pick-and-place\/modulos-pick-and-place-pp05\/\",\"url\":\"https:\/\/linmot.com\/es\/productos\/robots-y-sistemas-planos\/modulos-pick-and-place\/modulos-pick-and-place-pp05\/\",\"name\":\"M\u00f3dulos Pick, Place-and-Rotate PP05 - LinMot &amp; MagSpring - Espa\u00f1ol\",\"isPartOf\":{\"@id\":\"https:\/\/linmot.com\/es\/#website\"},\"primaryImageOfPage\":{\"@id\":\"https:\/\/linmot.com\/es\/productos\/robots-y-sistemas-planos\/modulos-pick-and-place\/modulos-pick-and-place-pp05\/#primaryimage\"},\"image\":{\"@id\":\"https:\/\/linmot.com\/es\/productos\/robots-y-sistemas-planos\/modulos-pick-and-place\/modulos-pick-and-place-pp05\/#primaryimage\"},\"thumbnailUrl\":\"https:\/\/linmot.com\/de\/wp-content\/uploads\/sites\/2\/2025\/09\/635x800-pick-and-rotate-pp05.jpg\",\"datePublished\":\"2025-10-01T11:55:24+00:00\",\"dateModified\":\"2026-01-09T08:38:38+00:00\",\"description\":\"Los m\u00f3dulos pick-and-rotate PP05 son sistemas multieje estandarizados con un eje lineal-rotativo en la direcci\u00f3n Z que permite realizar una amplia gama de tareas pick-and-rotate en un espacio m\u00ednimo.\",\"breadcrumb\":{\"@id\":\"https:\/\/linmot.com\/es\/productos\/robots-y-sistemas-planos\/modulos-pick-and-place\/modulos-pick-and-place-pp05\/#breadcrumb\"},\"inLanguage\":\"es\",\"potentialAction\":[{\"@type\":\"ReadAction\",\"target\":[\"https:\/\/linmot.com\/es\/productos\/robots-y-sistemas-planos\/modulos-pick-and-place\/modulos-pick-and-place-pp05\/\"]}]},{\"@type\":\"ImageObject\",\"inLanguage\":\"es\",\"@id\":\"https:\/\/linmot.com\/es\/productos\/robots-y-sistemas-planos\/modulos-pick-and-place\/modulos-pick-and-place-pp05\/#primaryimage\",\"url\":\"https:\/\/linmot.com\/de\/wp-content\/uploads\/sites\/2\/2025\/09\/635x800-pick-and-rotate-pp05.jpg\",\"contentUrl\":\"https:\/\/linmot.com\/de\/wp-content\/uploads\/sites\/2\/2025\/09\/635x800-pick-and-rotate-pp05.jpg\"},{\"@type\":\"BreadcrumbList\",\"@id\":\"https:\/\/linmot.com\/es\/productos\/robots-y-sistemas-planos\/modulos-pick-and-place\/modulos-pick-and-place-pp05\/#breadcrumb\",\"itemListElement\":[{\"@type\":\"ListItem\",\"position\":1,\"name\":\"Home\",\"item\":\"https:\/\/linmot.com\/es\/\"},{\"@type\":\"ListItem\",\"position\":2,\"name\":\"Productos\",\"item\":\"https:\/\/linmot.com\/es\/productos\/\"},{\"@type\":\"ListItem\",\"position\":3,\"name\":\"Robots y sistemas planos\",\"item\":\"https:\/\/linmot.com\/es\/productos\/robots-y-sistemas-planos\/\"},{\"@type\":\"ListItem\",\"position\":4,\"name\":\"M\u00f3dulos Pick-and-Place\",\"item\":\"https:\/\/linmot.com\/es\/productos\/robots-y-sistemas-planos\/modulos-pick-and-place\/\"},{\"@type\":\"ListItem\",\"position\":5,\"name\":\"M\u00f3dulos Pick, Place-and-Rotate PP05\"}]},{\"@type\":\"WebSite\",\"@id\":\"https:\/\/linmot.com\/es\/#website\",\"url\":\"https:\/\/linmot.com\/es\/\",\"name\":\"LinMot &amp; MagSpring - Espa\u00f1ol\",\"description\":\"Motores lineales y sistemas de motores lineales de alta calidad\",\"publisher\":{\"@id\":\"https:\/\/linmot.com\/es\/#organization\"},\"potentialAction\":[{\"@type\":\"SearchAction\",\"target\":{\"@type\":\"EntryPoint\",\"urlTemplate\":\"https:\/\/linmot.com\/es\/?s={search_term_string}\"},\"query-input\":{\"@type\":\"PropertyValueSpecification\",\"valueRequired\":true,\"valueName\":\"search_term_string\"}}],\"inLanguage\":\"es\"},{\"@type\":\"Organization\",\"@id\":\"https:\/\/linmot.com\/es\/#organization\",\"name\":\"NTI AG - LinMot & MagSpring\",\"url\":\"https:\/\/linmot.com\/es\/\",\"logo\":{\"@type\":\"ImageObject\",\"inLanguage\":\"es\",\"@id\":\"https:\/\/linmot.com\/es\/#\/schema\/logo\/image\/\",\"url\":\"https:\/\/linmot.com\/es\/wp-content\/uploads\/sites\/5\/2022\/05\/linmot-social-share-logo.jpg\",\"contentUrl\":\"https:\/\/linmot.com\/es\/wp-content\/uploads\/sites\/5\/2022\/05\/linmot-social-share-logo.jpg\",\"width\":800,\"height\":500,\"caption\":\"NTI AG - LinMot & MagSpring\"},\"image\":{\"@id\":\"https:\/\/linmot.com\/es\/#\/schema\/logo\/image\/\"},\"sameAs\":[\"https:\/\/www.linkedin.com\/company\/nti-ag-linmot-magspring\",\"https:\/\/www.youtube.com\/user\/LinMotEurope\"]}]}<\/script>\n<!-- \/ Yoast SEO Premium plugin. -->","yoast_head_json":{"title":"M\u00f3dulos Pick, Place-and-Rotate PP05 - LinMot &amp; MagSpring - Espa\u00f1ol","description":"Los m\u00f3dulos pick-and-rotate PP05 son sistemas multieje estandarizados con un eje lineal-rotativo en la direcci\u00f3n Z que permite realizar una amplia gama de tareas pick-and-rotate en un espacio m\u00ednimo.","robots":{"index":"index","follow":"follow","max-snippet":"max-snippet:-1","max-image-preview":"max-image-preview:large","max-video-preview":"max-video-preview:-1"},"canonical":"https:\/\/linmot.com\/es\/productos\/robots-y-sistemas-planos\/modulos-pick-and-place\/modulos-pick-and-place-pp05\/","og_locale":"es_ES","og_type":"article","og_title":"M\u00f3dulos Pick, Place-and-Rotate PP05","og_description":"Los m\u00f3dulos pick-and-rotate PP05 son sistemas multieje estandarizados con un eje lineal-rotativo en la direcci\u00f3n Z que permite realizar una amplia gama de tareas pick-and-rotate en un espacio m\u00ednimo.","og_url":"https:\/\/linmot.com\/es\/productos\/robots-y-sistemas-planos\/modulos-pick-and-place\/modulos-pick-and-place-pp05\/","og_site_name":"LinMot &amp; MagSpring - Espa\u00f1ol","article_modified_time":"2026-01-09T08:38:38+00:00","og_image":[{"width":800,"height":500,"url":"https:\/\/linmot.com\/es\/wp-content\/uploads\/sites\/5\/2022\/05\/linmot-social-share-logo.jpg","type":"image\/jpeg"}],"twitter_card":"summary_large_image","twitter_misc":{"Tiempo de lectura":"2 minutos"},"schema":{"@context":"https:\/\/schema.org","@graph":[{"@type":"WebPage","@id":"https:\/\/linmot.com\/es\/productos\/robots-y-sistemas-planos\/modulos-pick-and-place\/modulos-pick-and-place-pp05\/","url":"https:\/\/linmot.com\/es\/productos\/robots-y-sistemas-planos\/modulos-pick-and-place\/modulos-pick-and-place-pp05\/","name":"M\u00f3dulos Pick, Place-and-Rotate PP05 - LinMot &amp; MagSpring - Espa\u00f1ol","isPartOf":{"@id":"https:\/\/linmot.com\/es\/#website"},"primaryImageOfPage":{"@id":"https:\/\/linmot.com\/es\/productos\/robots-y-sistemas-planos\/modulos-pick-and-place\/modulos-pick-and-place-pp05\/#primaryimage"},"image":{"@id":"https:\/\/linmot.com\/es\/productos\/robots-y-sistemas-planos\/modulos-pick-and-place\/modulos-pick-and-place-pp05\/#primaryimage"},"thumbnailUrl":"https:\/\/linmot.com\/de\/wp-content\/uploads\/sites\/2\/2025\/09\/635x800-pick-and-rotate-pp05.jpg","datePublished":"2025-10-01T11:55:24+00:00","dateModified":"2026-01-09T08:38:38+00:00","description":"Los m\u00f3dulos pick-and-rotate PP05 son sistemas multieje estandarizados con un eje lineal-rotativo en la direcci\u00f3n Z que permite realizar una amplia gama de tareas pick-and-rotate en un espacio m\u00ednimo.","breadcrumb":{"@id":"https:\/\/linmot.com\/es\/productos\/robots-y-sistemas-planos\/modulos-pick-and-place\/modulos-pick-and-place-pp05\/#breadcrumb"},"inLanguage":"es","potentialAction":[{"@type":"ReadAction","target":["https:\/\/linmot.com\/es\/productos\/robots-y-sistemas-planos\/modulos-pick-and-place\/modulos-pick-and-place-pp05\/"]}]},{"@type":"ImageObject","inLanguage":"es","@id":"https:\/\/linmot.com\/es\/productos\/robots-y-sistemas-planos\/modulos-pick-and-place\/modulos-pick-and-place-pp05\/#primaryimage","url":"https:\/\/linmot.com\/de\/wp-content\/uploads\/sites\/2\/2025\/09\/635x800-pick-and-rotate-pp05.jpg","contentUrl":"https:\/\/linmot.com\/de\/wp-content\/uploads\/sites\/2\/2025\/09\/635x800-pick-and-rotate-pp05.jpg"},{"@type":"BreadcrumbList","@id":"https:\/\/linmot.com\/es\/productos\/robots-y-sistemas-planos\/modulos-pick-and-place\/modulos-pick-and-place-pp05\/#breadcrumb","itemListElement":[{"@type":"ListItem","position":1,"name":"Home","item":"https:\/\/linmot.com\/es\/"},{"@type":"ListItem","position":2,"name":"Productos","item":"https:\/\/linmot.com\/es\/productos\/"},{"@type":"ListItem","position":3,"name":"Robots y sistemas planos","item":"https:\/\/linmot.com\/es\/productos\/robots-y-sistemas-planos\/"},{"@type":"ListItem","position":4,"name":"M\u00f3dulos Pick-and-Place","item":"https:\/\/linmot.com\/es\/productos\/robots-y-sistemas-planos\/modulos-pick-and-place\/"},{"@type":"ListItem","position":5,"name":"M\u00f3dulos Pick, Place-and-Rotate PP05"}]},{"@type":"WebSite","@id":"https:\/\/linmot.com\/es\/#website","url":"https:\/\/linmot.com\/es\/","name":"LinMot &amp; MagSpring - Espa\u00f1ol","description":"Motores lineales y sistemas de motores lineales de alta calidad","publisher":{"@id":"https:\/\/linmot.com\/es\/#organization"},"potentialAction":[{"@type":"SearchAction","target":{"@type":"EntryPoint","urlTemplate":"https:\/\/linmot.com\/es\/?s={search_term_string}"},"query-input":{"@type":"PropertyValueSpecification","valueRequired":true,"valueName":"search_term_string"}}],"inLanguage":"es"},{"@type":"Organization","@id":"https:\/\/linmot.com\/es\/#organization","name":"NTI AG - LinMot & MagSpring","url":"https:\/\/linmot.com\/es\/","logo":{"@type":"ImageObject","inLanguage":"es","@id":"https:\/\/linmot.com\/es\/#\/schema\/logo\/image\/","url":"https:\/\/linmot.com\/es\/wp-content\/uploads\/sites\/5\/2022\/05\/linmot-social-share-logo.jpg","contentUrl":"https:\/\/linmot.com\/es\/wp-content\/uploads\/sites\/5\/2022\/05\/linmot-social-share-logo.jpg","width":800,"height":500,"caption":"NTI AG - LinMot & MagSpring"},"image":{"@id":"https:\/\/linmot.com\/es\/#\/schema\/logo\/image\/"},"sameAs":["https:\/\/www.linkedin.com\/company\/nti-ag-linmot-magspring","https:\/\/www.youtube.com\/user\/LinMotEurope"]}]}},"_links":{"self":[{"href":"https:\/\/linmot.com\/es\/wp-json\/wp\/v2\/pages\/3927","targetHints":{"allow":["GET"]}}],"collection":[{"href":"https:\/\/linmot.com\/es\/wp-json\/wp\/v2\/pages"}],"about":[{"href":"https:\/\/linmot.com\/es\/wp-json\/wp\/v2\/types\/page"}],"author":[{"embeddable":true,"href":"https:\/\/linmot.com\/es\/wp-json\/wp\/v2\/users\/9"}],"replies":[{"embeddable":true,"href":"https:\/\/linmot.com\/es\/wp-json\/wp\/v2\/comments?post=3927"}],"version-history":[{"count":6,"href":"https:\/\/linmot.com\/es\/wp-json\/wp\/v2\/pages\/3927\/revisions"}],"predecessor-version":[{"id":4041,"href":"https:\/\/linmot.com\/es\/wp-json\/wp\/v2\/pages\/3927\/revisions\/4041"}],"up":[{"embeddable":true,"href":"https:\/\/linmot.com\/es\/wp-json\/wp\/v2\/pages\/3691"}],"wp:attachment":[{"href":"https:\/\/linmot.com\/es\/wp-json\/wp\/v2\/media?parent=3927"}],"curies":[{"name":"wp","href":"https:\/\/api.w.org\/{rel}","templated":true}]}}