{"id":3891,"date":"2025-08-14T10:55:46","date_gmt":"2025-08-14T08:55:46","guid":{"rendered":"https:\/\/linmot.com\/es\/?page_id=3891"},"modified":"2026-04-15T09:00:26","modified_gmt":"2026-04-15T07:00:26","slug":"rockwell-automation-socio-tecnologico","status":"publish","type":"page","link":"https:\/\/linmot.com\/es\/compania\/partners\/rockwell-automation-socio-tecnologico\/","title":{"rendered":"Rockwell Automation &#8211; Socio tecnol\u00f3gico"},"content":{"rendered":"<hr \/>\n<div class=\"row\">\n<div class=\"col-sm-2\">\n<a id=\"top\" class=\"button\" href=\"#partnership\">1. Asociaci\u00f3n<\/a><\/p>\n<\/div>\n<div class=\"col-sm-2\">\n<a class=\"button\" href=\"#note\">2. Integraci\u00f3n<\/a><\/p>\n<\/div>\n<div class=\"col-sm-2\">\n<a class=\"button\" href=\"#products\">3. Productos<\/a><\/p>\n<\/div>\n<div class=\"col-sm-2\">\n<a class=\"button\" href=\"#report\">4. Historia<\/a><\/p>\n<\/div>\n<div class=\"col-sm-2\">\n<a class=\"button\" href=\"#headquarters\">5. Contacto<\/a><br \/>\n<\/div>\n<\/div>\n<hr \/>\n<h2 id=\"partnership\">1. LinMot &amp; Rockwell Automation<\/h2>\n<div class=\"row\">\n<div class=\"col-md-9\">\n<p>\u00a1Transforme su proceso de fabricaci\u00f3n con las soluciones de motores lineales de LinMot\u00ae para aumentar la productividad y minimizar el tiempo de inactividad!<\/p>\n<p>\u2022 Los innovadores motores realizan movimientos lineales y lineales-rotativos altamente din\u00e1micos.<br \/>\n\u2022 La tecnolog\u00eda de motores de vanguardia ha demostrado reducir el mantenimiento.<br \/>\n\u2022 Aumenta la velocidad y prolonga la vida \u00fatil, hasta varios miles de millones de ciclos en aplicaciones reales.<br \/>\n\u2022 No hay correas, tornillos, levas ni engranajes que se desgasten con el tiempo.<br \/>\n\u2022 Cada motor cuenta con un sistema de accionamiento directo y ofrece la m\u00e1xima fiabilidad y flexibilidad.<br \/>\n\u2022 Nuestros motores y accionamientos est\u00e1n dise\u00f1ados para integrarse perfectamente en cualquier sistema de control superpuesto.<\/p>\n<p>Esto hace que nuestros productos sean perfectos para entornos industriales exigentes, incluidos los de aplicaciones de producci\u00f3n y automatizaci\u00f3n. Incorp\u00f3relos a sus operaciones existentes, junto con nuestros MagSprings y servoaccionamientos de CC, para crear el sistema de accionamiento \u00f3ptimo.<\/p>\n<p>Miles de clientes han optimizado sus ciclos de producci\u00f3n utilizando la tecnolog\u00eda de motores LinMot. Descubra c\u00f3mo podemos revolucionar juntos su proceso de fabricaci\u00f3n. Nuestros profesionales le recomendar\u00e1n soluciones a medida para sus aplicaciones espec\u00edficas.<\/p>\n<\/div>\n<div class=\"col-md-3\">\n<img loading=\"lazy\" decoding=\"async\" class=\"size-full wp-image-4310 aligncenter\" src=\"https:\/\/linmot.com\/wp-content\/uploads\/2023\/09\/rockwell-automation-technology-partner.jpg\" alt=\"\" width=\"400\" height=\"112\" \/>\n<\/div>\n<\/div>\n<p style=\"text-align: right;\"><a href=\"\/es\/compania\/partners\/rockwell-automation-socio-tecnologico\/#top\" rel=\"noopener\">Ir al inicio de la p\u00e1gina<\/a><\/p>\n<hr \/>\n<h2 id=\"note\">2. C\u00f3mo integrar LinMot en el mundo Rockwell<\/h2>\n<p>C\u00f3mo integrar los accionamientos LinMot con la interfaz LinMot EtherNet\/IP CIP Sync (MI o CM) en un entorno Rockwell Automation como eje de movimiento.<\/p>\n<p><a class=\"button\" href=\"https:\/\/download.linmot.com\/plc_lib\/examples\/Rockwell_CM\/\" target=\"_blank\" rel=\"noopener\">Descargue el paquete de demostraci\u00f3n con proyectos de ejemplo y documentaci\u00f3n<\/a><\/p>\n<div class=\"brlbs-cmpnt-container brlbs-cmpnt-content-blocker brlbs-cmpnt-with-individual-styles\" data-borlabs-cookie-content-blocker-id=\"default\" data-borlabs-cookie-content=\"PGlmcmFtZSB0aXRsZT0iWW91VHViZSB2aWRlbyBwbGF5ZXIiIHNyYz0iaHR0cHM6Ly93d3cueW91dHViZS5jb20vZW1iZWQvLW4ySVRJUUNobzg\/c2k9eHhpVVAzeUNBdVA4QXQxNiIgd2lkdGg9IjU2MCIgaGVpZ2h0PSIzMTUiIGZyYW1lYm9yZGVyPSIwIiBhbGxvd2Z1bGxzY3JlZW49ImFsbG93ZnVsbHNjcmVlbiI+PC9pZnJhbWU+\">\n<div class=\"brlbs-cmpnt-cb-preset-a\">\n<p class=\"brlbs-cmpnt-cb-description\">Est\u00e1s viendo un contenido de marcador de posici\u00f3n de <strong>Predeterminado<\/strong>. Para acceder al contenido real, haz clic en el siguiente bot\u00f3n. Ten en cuenta que al hacerlo compartir\u00e1s datos con terceros proveedores.<\/p>\n<div class=\"brlbs-cmpnt-cb-buttons\"> <a class=\"brlbs-cmpnt-cb-btn\" href=\"#\" data-borlabs-cookie-unblock role=\"button\">Desbloquear contenido<\/a> <a class=\"brlbs-cmpnt-cb-btn\" href=\"#\" data-borlabs-cookie-accept-service role=\"button\" style=\"display: none\">Aceptar el servicio requerido y desbloquear el contenido<\/a> <\/div>\n<p> <a class=\"brlbs-cmpnt-cb-provider-toggle\" href=\"#\" data-borlabs-cookie-show-provider-information role=\"button\">M\u00e1s informaci\u00f3n<\/a> <\/div>\n<\/div>\n<p>Obtenga un tutorial completo sobre c\u00f3mo funciona la integraci\u00f3n de los motores LinMot en Rockwell Automation CIP Sync en nuestro canal de YouTube:<\/p>\n<p><a class=\"button\" href=\"https:\/\/www.youtube.com\/playlist?list=PLMSLCScLnf95PmjyZv8sl6zuHKhci8uln\" rel=\"noopener\">Ir a la lista de reproducci\u00f3n de YouTube<\/a><\/p>\n<img loading=\"lazy\" decoding=\"async\" class=\"aligncenter wp-image-4308 size-full\" src=\"https:\/\/linmot.com\/wp-content\/uploads\/2023\/09\/plc-commissioning-rockwell.jpg\" alt=\"\" width=\"700\" height=\"259\" \/>\n<h6>Image Source: Rockwell Automation<\/h6>\n<p style=\"text-align: right;\"><a href=\"\/es\/compania\/partners\/rockwell-automation-socio-tecnologico\/#top\" rel=\"noopener\">Ir al inicio de la p\u00e1gina<\/a><\/p>\n<hr \/>\n<h2 id=\"products\">3. Productos LinMot<\/h2>\n<div class=\"row\">\n<div class=\"col-md-4\">\n<strong>Servo Drives<\/strong><br \/>\n<img loading=\"lazy\" decoding=\"async\" class=\"alignnone size-full wp-image-1746\" src=\"https:\/\/linmot.com\/wp-content\/uploads\/2025\/01\/servo-drives-product-overview.jpg\" alt=\"\" width=\"300\" height=\"199\" \/><\/p>\n<p><a class=\"button\" href=\"\/es\/productos\/servo-drives\/\" rel=\"noopener\">M\u00e1s informaci\u00f3n<\/a><\/p>\n<p>Los servoaccionamientos LinMot son controladores de posicionamiento compactos con una o m\u00e1s unidades de potencia para controlar los motores y una unidad de control inteligente con control de posici\u00f3n integrado. La unidad de control se encarga de todas las funciones de control y supervisi\u00f3n relacionadas con el accionamiento.<\/p>\n<\/div>\n<div class=\"col-md-4\">\n<strong>Motores lineales<\/strong><br \/>\n<img loading=\"lazy\" decoding=\"async\" class=\"alignnone size-full wp-image-1744\" src=\"https:\/\/linmot.com\/wp-content\/uploads\/2025\/01\/linearmotoren-product-overview.jpg\" alt=\"\" width=\"300\" height=\"199\" \/><\/p>\n<p><a class=\"button\" href=\"\/es\/productos\/motores-lineales\/\" rel=\"noopener\">M\u00e1s informaci\u00f3n<\/a><\/p>\n<p>Los motores LinMot son accionamientos electromagn\u00e9ticos directos en forma tubular. El movimiento lineal se genera de forma totalmente el\u00e9ctrica y sin desgaste, sin necesidad de engranajes mec\u00e1nicos, husillos o correas.<\/p>\n<\/div>\n<div class=\"col-md-4\">\n<strong>Gu\u00edas lineales y m\u00f3dulos<\/strong><br \/>\n<img loading=\"lazy\" decoding=\"async\" class=\"alignnone size-full wp-image-1742\" src=\"https:\/\/linmot.com\/wp-content\/uploads\/2025\/01\/dm01-product-overview.jpg\" alt=\"\" width=\"300\" height=\"199\" \/><\/p>\n<p><a class=\"button\" href=\"\/es\/productos\/guias-lineales-modulo-lineal\/\" rel=\"noopener\">M\u00e1s informaci\u00f3n<\/a><\/p>\n<p>Las gu\u00edas lineales LinMot son unidades de gu\u00eda compactas para motores lineales. Las gu\u00edas se utilizan para soportar la carga, absorber fuerzas externas, soportar momentos de torsi\u00f3n y flexi\u00f3n y, al mismo tiempo, como dispositivo antirrotaci\u00f3n.<\/p>\n<\/div>\n<\/div>\n<div class=\"row\">\n<div class=\"col-md-4\">\n<h4>Motores rotolineales<\/h4>\n<img loading=\"lazy\" decoding=\"async\" class=\"alignnone size-full wp-image-1740\" src=\"https:\/\/linmot.com\/wp-content\/uploads\/2025\/01\/hubdreh-product-overview.jpg\" alt=\"\" width=\"300\" height=\"199\" \/>\n<p><a class=\"button\" href=\"\/es\/productos\/motores-rotolineales\/\" rel=\"noopener\">M\u00e1s informaci\u00f3n<\/a><\/p>\n<p>Los motores rotativos lineales de LinMot se caracterizan por su excelente flexibilidad, din\u00e1mica y velocidad. Se pueden utilizar para realizar movimientos lineales y rotativos.<\/p>\n<\/div>\n<div class=\"col-md-4\">\n<h4>MagSpring<\/h4>\n<img loading=\"lazy\" decoding=\"async\" class=\"alignnone size-full wp-image-1745\" src=\"https:\/\/linmot.com\/wp-content\/uploads\/2025\/01\/magspring-product-overview.jpg\" alt=\"\" width=\"300\" height=\"199\" \/>\n<p><a class=\"button\" href=\"\/es\/productos\/magspring\/\" rel=\"noopener\">M\u00e1s informaci\u00f3n<\/a><\/p>\n<p>Los productos MagSpring se describen mejor con el t\u00e9rmino \u00abresorte magn\u00e9tico\u00bb. Sin embargo, el t\u00e9rmino resorte debe entenderse en el sentido de que los componentes MagSpring generan una fuerza constante en todo el rango de trabajo, mientras que una curva caracter\u00edstica t\u00edpica de un resorte mec\u00e1nico muestra un aumento de la fuerza dependiente del recorrido.<\/p>\n<\/div>\n<div class=\"col-md-4\">\n<h4>Accesorios<\/h4>\n<img loading=\"lazy\" decoding=\"async\" class=\"alignnone size-full wp-image-1747\" src=\"https:\/\/linmot.com\/de\/wp-content\/uploads\/sites\/2\/2021\/05\/Zubehoer-Produkteuebersicht.jpg\" alt=\"\" width=\"300\" height=\"199\" \/>\n<p><a class=\"button\" href=\"\/es\/productos\/accesorios\/\" rel=\"noopener\">M\u00e1s informaci\u00f3n<\/a><\/p>\n<p>La gama de accesorios de LinMot, adaptada a los motores lineales, permite realizar y poner en marcha de forma r\u00e1pida y sencilla una amplia variedad de tareas.<\/p>\n<\/div>\n<\/div>\n<p style=\"text-align: right;\"><a href=\"\/es\/compania\/partners\/rockwell-automation-socio-tecnologico\/#top\" rel=\"noopener\">Ir al inicio de la p\u00e1gina<\/a><\/p>\n<hr \/>\n<h2 id=\"report\">4. Historia de \u00e9xito<\/h2>\n<img loading=\"lazy\" decoding=\"async\" class=\"alignnone size-full wp-image-1713 aligncenter\" src=\"https:\/\/linmot.com\/de\/wp-content\/uploads\/sites\/2\/2021\/05\/laufen-lassen.gif\" alt=\"\" width=\"540\" height=\"304\" \/>\n<p>Los procesos de llenado y cierre se pueden implementar de forma din\u00e1mica y flexible con motores rotativos lineales directos. Por eso, el renombrado fabricante de m\u00e1quinas de embalaje OPTIMA los utiliza en las unidades de cierre de sus m\u00e1quinas monobloque y aut\u00f3nomas. Otra raz\u00f3n importante es que los motores proporcionan directamente datos sobre los valores reales de carrera y par generados para el control de calidad continuo o el an\u00e1lisis posterior del proceso. Este tipo de accionamiento es totalmente compatible con los conceptos modernos de la Industria 4.0.<\/p>\n<p><a class=\"button\" href=\"\/es\/blog\/en-linea-con-la-industria-4-0\/\" rel=\"noopener\">Lea el informe completo de la aplicaci\u00f3n<\/a><\/p>\n<p style=\"text-align: right;\"><a href=\"\/es\/compania\/partners\/rockwell-automation-socio-tecnologico\/#top\" rel=\"noopener\">Ir al inicio de la p\u00e1gina<\/a><\/p>\n<hr \/>\n<h2 id=\"headquarters\">5. Contacto<\/h2>\n<div class=\"row\">\n<div class=\"col-md-4\">\n<strong>LinMot USA Inc<\/strong><br \/>\nN1922 State Road 120, Unit 1<br \/>\nLake Geneva, Wisconsin 53147<br \/>\nUSA<\/p>\n<p><a class=\"button\" href=\"mailto:usaorders@linmot.com\" rel=\"noopener\">Escr\u00edbanos un correo electr\u00f3nico<\/a><\/p>\n<\/div>\n<div class=\"col-md-4\">\n<strong>LinMot\/NTI AG<\/strong><br \/>\nBodenaeckerstrasse 2<br \/>\nSpreitenbach, Z\u00fcrich CH-8957<br \/>\nSwitzerland<\/p>\n<p><a class=\"button\" href=\"mailto:office@linmot.com\" rel=\"noopener\">Escr\u00edbanos un correo electr\u00f3nico<\/a><\/p>\n<\/div>\n<\/div>\n<p style=\"text-align: right;\"><a href=\"\/es\/compania\/partners\/rockwell-automation-socio-tecnologico\/#top\" rel=\"noopener\">Ir al inicio de la p\u00e1gina<\/a><\/p>\n","protected":false},"excerpt":{"rendered":"<p>1. LinMot &amp; Rockwell Automation Ir al inicio de la p\u00e1gina 2. C\u00f3mo integrar LinMot en el mundo Rockwell C\u00f3mo integrar los accionamientos LinMot con la interfaz LinMot EtherNet\/IP CIP Sync (MI o CM) en un entorno Rockwell Automation como eje de movimiento. Descargue el paquete de demostraci\u00f3n con proyectos de ejemplo y documentaci\u00f3n Est\u00e1s [&hellip;]<\/p>\n","protected":false},"author":9,"featured_media":0,"parent":28,"menu_order":11,"comment_status":"closed","ping_status":"closed","template":"","meta":{"_acf_changed":false,"footnotes":""},"class_list":["post-3891","page","type-page","status-publish","hentry"],"acf":[],"yoast_head":"<!-- This site is optimized with the Yoast SEO Premium plugin v20.9 (Yoast SEO v27.3) - https:\/\/yoast.com\/product\/yoast-seo-premium-wordpress\/ -->\n<title>Rockwell Automation - Socio tecnol\u00f3gico - LinMot &amp; MagSpring - Espa\u00f1ol<\/title>\n<meta name=\"description\" content=\"C\u00f3mo integrar los accionamientos LinMot con la interfaz LinMot EtherNet\/IP CIP Sync en un entorno Rockwell Automation como eje de movimiento.\" \/>\n<meta name=\"robots\" content=\"index, follow, max-snippet:-1, max-image-preview:large, max-video-preview:-1\" \/>\n<link rel=\"canonical\" href=\"https:\/\/linmot.com\/es\/compania\/partners\/rockwell-automation-socio-tecnologico\/\" \/>\n<meta property=\"og:locale\" content=\"es_ES\" \/>\n<meta property=\"og:type\" content=\"article\" \/>\n<meta property=\"og:title\" content=\"Rockwell Automation - Socio tecnol\u00f3gico\" \/>\n<meta property=\"og:description\" content=\"C\u00f3mo integrar los accionamientos LinMot con la interfaz LinMot EtherNet\/IP CIP Sync en un entorno Rockwell Automation como eje de movimiento.\" \/>\n<meta property=\"og:url\" content=\"https:\/\/linmot.com\/es\/compania\/partners\/rockwell-automation-socio-tecnologico\/\" \/>\n<meta property=\"og:site_name\" content=\"LinMot &amp; MagSpring - Espa\u00f1ol\" \/>\n<meta property=\"article:modified_time\" content=\"2026-04-15T07:00:26+00:00\" \/>\n<meta property=\"og:image\" content=\"https:\/\/linmot.com\/es\/wp-content\/uploads\/sites\/5\/2022\/05\/linmot-social-share-logo.jpg\" \/>\n\t<meta property=\"og:image:width\" content=\"800\" \/>\n\t<meta property=\"og:image:height\" content=\"500\" \/>\n\t<meta property=\"og:image:type\" content=\"image\/jpeg\" \/>\n<meta name=\"twitter:card\" content=\"summary_large_image\" \/>\n<meta name=\"twitter:label1\" content=\"Tiempo de lectura\" \/>\n\t<meta name=\"twitter:data1\" content=\"6 minutos\" \/>\n<script type=\"application\/ld+json\" class=\"yoast-schema-graph\">{\"@context\":\"https:\\\/\\\/schema.org\",\"@graph\":[{\"@type\":\"WebPage\",\"@id\":\"https:\\\/\\\/linmot.com\\\/es\\\/compania\\\/partners\\\/rockwell-automation-socio-tecnologico\\\/\",\"url\":\"https:\\\/\\\/linmot.com\\\/es\\\/compania\\\/partners\\\/rockwell-automation-socio-tecnologico\\\/\",\"name\":\"Rockwell Automation - Socio tecnol\u00f3gico - LinMot &amp; MagSpring - Espa\u00f1ol\",\"isPartOf\":{\"@id\":\"https:\\\/\\\/linmot.com\\\/es\\\/#website\"},\"primaryImageOfPage\":{\"@id\":\"https:\\\/\\\/linmot.com\\\/es\\\/compania\\\/partners\\\/rockwell-automation-socio-tecnologico\\\/#primaryimage\"},\"image\":{\"@id\":\"https:\\\/\\\/linmot.com\\\/es\\\/compania\\\/partners\\\/rockwell-automation-socio-tecnologico\\\/#primaryimage\"},\"thumbnailUrl\":\"https:\\\/\\\/linmot.com\\\/wp-content\\\/uploads\\\/2023\\\/09\\\/rockwell-automation-technology-partner.jpg\",\"datePublished\":\"2025-08-14T08:55:46+00:00\",\"dateModified\":\"2026-04-15T07:00:26+00:00\",\"description\":\"C\u00f3mo integrar los accionamientos LinMot con la interfaz LinMot EtherNet\\\/IP CIP Sync en un entorno Rockwell Automation como eje de movimiento.\",\"breadcrumb\":{\"@id\":\"https:\\\/\\\/linmot.com\\\/es\\\/compania\\\/partners\\\/rockwell-automation-socio-tecnologico\\\/#breadcrumb\"},\"inLanguage\":\"es\",\"potentialAction\":[{\"@type\":\"ReadAction\",\"target\":[\"https:\\\/\\\/linmot.com\\\/es\\\/compania\\\/partners\\\/rockwell-automation-socio-tecnologico\\\/\"]}]},{\"@type\":\"ImageObject\",\"inLanguage\":\"es\",\"@id\":\"https:\\\/\\\/linmot.com\\\/es\\\/compania\\\/partners\\\/rockwell-automation-socio-tecnologico\\\/#primaryimage\",\"url\":\"https:\\\/\\\/linmot.com\\\/wp-content\\\/uploads\\\/2023\\\/09\\\/rockwell-automation-technology-partner.jpg\",\"contentUrl\":\"https:\\\/\\\/linmot.com\\\/wp-content\\\/uploads\\\/2023\\\/09\\\/rockwell-automation-technology-partner.jpg\"},{\"@type\":\"BreadcrumbList\",\"@id\":\"https:\\\/\\\/linmot.com\\\/es\\\/compania\\\/partners\\\/rockwell-automation-socio-tecnologico\\\/#breadcrumb\",\"itemListElement\":[{\"@type\":\"ListItem\",\"position\":1,\"name\":\"Home\",\"item\":\"https:\\\/\\\/linmot.com\\\/es\\\/\"},{\"@type\":\"ListItem\",\"position\":2,\"name\":\"Perfil empresarial de NTI AG\",\"item\":\"https:\\\/\\\/linmot.com\\\/es\\\/compania\\\/\"},{\"@type\":\"ListItem\",\"position\":3,\"name\":\"Partners\",\"item\":\"https:\\\/\\\/linmot.com\\\/es\\\/compania\\\/partners\\\/\"},{\"@type\":\"ListItem\",\"position\":4,\"name\":\"Rockwell Automation &#8211; Socio tecnol\u00f3gico\"}]},{\"@type\":\"WebSite\",\"@id\":\"https:\\\/\\\/linmot.com\\\/es\\\/#website\",\"url\":\"https:\\\/\\\/linmot.com\\\/es\\\/\",\"name\":\"LinMot &amp; MagSpring - Espa\u00f1ol\",\"description\":\"Motores lineales y sistemas de motores lineales de alta calidad\",\"publisher\":{\"@id\":\"https:\\\/\\\/linmot.com\\\/es\\\/#organization\"},\"potentialAction\":[{\"@type\":\"SearchAction\",\"target\":{\"@type\":\"EntryPoint\",\"urlTemplate\":\"https:\\\/\\\/linmot.com\\\/es\\\/?s={search_term_string}\"},\"query-input\":{\"@type\":\"PropertyValueSpecification\",\"valueRequired\":true,\"valueName\":\"search_term_string\"}}],\"inLanguage\":\"es\"},{\"@type\":\"Organization\",\"@id\":\"https:\\\/\\\/linmot.com\\\/es\\\/#organization\",\"name\":\"NTI AG - LinMot & MagSpring\",\"url\":\"https:\\\/\\\/linmot.com\\\/es\\\/\",\"logo\":{\"@type\":\"ImageObject\",\"inLanguage\":\"es\",\"@id\":\"https:\\\/\\\/linmot.com\\\/es\\\/#\\\/schema\\\/logo\\\/image\\\/\",\"url\":\"https:\\\/\\\/linmot.com\\\/es\\\/wp-content\\\/uploads\\\/sites\\\/5\\\/2022\\\/05\\\/linmot-social-share-logo.jpg\",\"contentUrl\":\"https:\\\/\\\/linmot.com\\\/es\\\/wp-content\\\/uploads\\\/sites\\\/5\\\/2022\\\/05\\\/linmot-social-share-logo.jpg\",\"width\":800,\"height\":500,\"caption\":\"NTI AG - LinMot & MagSpring\"},\"image\":{\"@id\":\"https:\\\/\\\/linmot.com\\\/es\\\/#\\\/schema\\\/logo\\\/image\\\/\"},\"sameAs\":[\"https:\\\/\\\/www.linkedin.com\\\/company\\\/nti-ag-linmot-magspring\",\"https:\\\/\\\/www.youtube.com\\\/user\\\/LinMotEurope\"]}]}<\/script>\n<!-- \/ Yoast SEO Premium plugin. -->","yoast_head_json":{"title":"Rockwell Automation - Socio tecnol\u00f3gico - LinMot &amp; MagSpring - Espa\u00f1ol","description":"C\u00f3mo integrar los accionamientos LinMot con la interfaz LinMot EtherNet\/IP CIP Sync en un entorno Rockwell Automation como eje de movimiento.","robots":{"index":"index","follow":"follow","max-snippet":"max-snippet:-1","max-image-preview":"max-image-preview:large","max-video-preview":"max-video-preview:-1"},"canonical":"https:\/\/linmot.com\/es\/compania\/partners\/rockwell-automation-socio-tecnologico\/","og_locale":"es_ES","og_type":"article","og_title":"Rockwell Automation - Socio tecnol\u00f3gico","og_description":"C\u00f3mo integrar los accionamientos LinMot con la interfaz LinMot EtherNet\/IP CIP Sync en un entorno Rockwell Automation como eje de movimiento.","og_url":"https:\/\/linmot.com\/es\/compania\/partners\/rockwell-automation-socio-tecnologico\/","og_site_name":"LinMot &amp; MagSpring - Espa\u00f1ol","article_modified_time":"2026-04-15T07:00:26+00:00","og_image":[{"width":800,"height":500,"url":"https:\/\/linmot.com\/es\/wp-content\/uploads\/sites\/5\/2022\/05\/linmot-social-share-logo.jpg","type":"image\/jpeg"}],"twitter_card":"summary_large_image","twitter_misc":{"Tiempo de lectura":"6 minutos"},"schema":{"@context":"https:\/\/schema.org","@graph":[{"@type":"WebPage","@id":"https:\/\/linmot.com\/es\/compania\/partners\/rockwell-automation-socio-tecnologico\/","url":"https:\/\/linmot.com\/es\/compania\/partners\/rockwell-automation-socio-tecnologico\/","name":"Rockwell Automation - Socio tecnol\u00f3gico - LinMot &amp; MagSpring - Espa\u00f1ol","isPartOf":{"@id":"https:\/\/linmot.com\/es\/#website"},"primaryImageOfPage":{"@id":"https:\/\/linmot.com\/es\/compania\/partners\/rockwell-automation-socio-tecnologico\/#primaryimage"},"image":{"@id":"https:\/\/linmot.com\/es\/compania\/partners\/rockwell-automation-socio-tecnologico\/#primaryimage"},"thumbnailUrl":"https:\/\/linmot.com\/wp-content\/uploads\/2023\/09\/rockwell-automation-technology-partner.jpg","datePublished":"2025-08-14T08:55:46+00:00","dateModified":"2026-04-15T07:00:26+00:00","description":"C\u00f3mo integrar los accionamientos LinMot con la interfaz LinMot EtherNet\/IP CIP Sync en un entorno Rockwell Automation como eje de movimiento.","breadcrumb":{"@id":"https:\/\/linmot.com\/es\/compania\/partners\/rockwell-automation-socio-tecnologico\/#breadcrumb"},"inLanguage":"es","potentialAction":[{"@type":"ReadAction","target":["https:\/\/linmot.com\/es\/compania\/partners\/rockwell-automation-socio-tecnologico\/"]}]},{"@type":"ImageObject","inLanguage":"es","@id":"https:\/\/linmot.com\/es\/compania\/partners\/rockwell-automation-socio-tecnologico\/#primaryimage","url":"https:\/\/linmot.com\/wp-content\/uploads\/2023\/09\/rockwell-automation-technology-partner.jpg","contentUrl":"https:\/\/linmot.com\/wp-content\/uploads\/2023\/09\/rockwell-automation-technology-partner.jpg"},{"@type":"BreadcrumbList","@id":"https:\/\/linmot.com\/es\/compania\/partners\/rockwell-automation-socio-tecnologico\/#breadcrumb","itemListElement":[{"@type":"ListItem","position":1,"name":"Home","item":"https:\/\/linmot.com\/es\/"},{"@type":"ListItem","position":2,"name":"Perfil empresarial de NTI AG","item":"https:\/\/linmot.com\/es\/compania\/"},{"@type":"ListItem","position":3,"name":"Partners","item":"https:\/\/linmot.com\/es\/compania\/partners\/"},{"@type":"ListItem","position":4,"name":"Rockwell Automation &#8211; Socio tecnol\u00f3gico"}]},{"@type":"WebSite","@id":"https:\/\/linmot.com\/es\/#website","url":"https:\/\/linmot.com\/es\/","name":"LinMot &amp; MagSpring - Espa\u00f1ol","description":"Motores lineales y sistemas de motores lineales de alta calidad","publisher":{"@id":"https:\/\/linmot.com\/es\/#organization"},"potentialAction":[{"@type":"SearchAction","target":{"@type":"EntryPoint","urlTemplate":"https:\/\/linmot.com\/es\/?s={search_term_string}"},"query-input":{"@type":"PropertyValueSpecification","valueRequired":true,"valueName":"search_term_string"}}],"inLanguage":"es"},{"@type":"Organization","@id":"https:\/\/linmot.com\/es\/#organization","name":"NTI AG - LinMot & MagSpring","url":"https:\/\/linmot.com\/es\/","logo":{"@type":"ImageObject","inLanguage":"es","@id":"https:\/\/linmot.com\/es\/#\/schema\/logo\/image\/","url":"https:\/\/linmot.com\/es\/wp-content\/uploads\/sites\/5\/2022\/05\/linmot-social-share-logo.jpg","contentUrl":"https:\/\/linmot.com\/es\/wp-content\/uploads\/sites\/5\/2022\/05\/linmot-social-share-logo.jpg","width":800,"height":500,"caption":"NTI AG - LinMot & MagSpring"},"image":{"@id":"https:\/\/linmot.com\/es\/#\/schema\/logo\/image\/"},"sameAs":["https:\/\/www.linkedin.com\/company\/nti-ag-linmot-magspring","https:\/\/www.youtube.com\/user\/LinMotEurope"]}]}},"_links":{"self":[{"href":"https:\/\/linmot.com\/es\/wp-json\/wp\/v2\/pages\/3891","targetHints":{"allow":["GET"]}}],"collection":[{"href":"https:\/\/linmot.com\/es\/wp-json\/wp\/v2\/pages"}],"about":[{"href":"https:\/\/linmot.com\/es\/wp-json\/wp\/v2\/types\/page"}],"author":[{"embeddable":true,"href":"https:\/\/linmot.com\/es\/wp-json\/wp\/v2\/users\/9"}],"replies":[{"embeddable":true,"href":"https:\/\/linmot.com\/es\/wp-json\/wp\/v2\/comments?post=3891"}],"version-history":[{"count":10,"href":"https:\/\/linmot.com\/es\/wp-json\/wp\/v2\/pages\/3891\/revisions"}],"predecessor-version":[{"id":4098,"href":"https:\/\/linmot.com\/es\/wp-json\/wp\/v2\/pages\/3891\/revisions\/4098"}],"up":[{"embeddable":true,"href":"https:\/\/linmot.com\/es\/wp-json\/wp\/v2\/pages\/28"}],"wp:attachment":[{"href":"https:\/\/linmot.com\/es\/wp-json\/wp\/v2\/media?parent=3891"}],"curies":[{"name":"wp","href":"https:\/\/api.w.org\/{rel}","templated":true}]}}