{"id":3860,"date":"2025-06-26T14:10:08","date_gmt":"2025-06-26T12:10:08","guid":{"rendered":"https:\/\/linmot.com\/es\/?page_id=3860"},"modified":"2025-08-20T15:02:25","modified_gmt":"2025-08-20T13:02:25","slug":"modulos-pick-and-place-de-acero-inoxidable-pp13","status":"publish","type":"page","link":"https:\/\/linmot.com\/es\/productos\/robots-y-sistemas-planos\/modulos-pick-and-place-de-acero-inoxidable-pp13\/","title":{"rendered":"M\u00f3dulos Pick-and-Place de acero inoxidable PP13"},"content":{"rendered":"<p align=\"justify\"><strong>Los m\u00f3dulos Pick-and-Place de acero inoxidable de LinMot son sistemas multieje estandarizados compuestos por los acreditados m\u00f3dulos de acero inoxidable. Cada eje puede controlarse independientemente del otro, lo que permite aplicaciones de pick-and-place muy flexibles. Los m\u00f3dulos est\u00e1n equipados con MagSpring\u00ae para aliviar el eje vertical, compensando pasivamente la carga.<\/strong><\/p>\n<p align=\"justify\">Cada m\u00f3dulo pick-and-place se env\u00eda al cliente totalmente montado y no es necesario ensamblarlo a partir de piezas individuales. Adem\u00e1s, el dise\u00f1o modular del sistema permite una r\u00e1pida personalizaci\u00f3n.<\/p>\n<p align=\"justify\">El PP13 es un sistema pick-and-place de acero inoxidable con una innovadora soluci\u00f3n de gesti\u00f3n de cables. Gracias a su construcci\u00f3n en acero inoxidable, el sistema es especialmente adecuado para aplicaciones en las industrias alimentaria, farmac\u00e9utica y de envasado. Hay seis tama\u00f1os diferentes disponibles, con diversas variaciones de carrera de los dos ejes de acero inoxidable.<\/p>\n<hr \/>\n<div class=\"row\">\n<div class=\"col-sm-2\">\n<p><a class=\"button\" href=\"#details\">1. Detalles<\/a><\/p>\n<\/div>\n<div class=\"col-sm-1\">\n<\/div>\n<div class=\"col-sm-2\">\n<p><a class=\"button\" href=\"#kontakt\">2. Contacto<\/a><\/p>\n<\/div>\n<\/div>\n<hr \/>\n<h3 id=\"details\">1. Detalles<\/h3>\n<img loading=\"lazy\" decoding=\"async\" class=\"aligncenter size-full wp-image-3862\" src=\"https:\/\/linmot.com\/es\/wp-content\/uploads\/sites\/5\/2025\/06\/pick-and-place-edelstahl-module-pp13.jpg\" alt=\"\" width=\"780\" height=\"402\" srcset=\"https:\/\/linmot.com\/es\/wp-content\/uploads\/sites\/5\/2025\/06\/pick-and-place-edelstahl-module-pp13.jpg 780w, https:\/\/linmot.com\/es\/wp-content\/uploads\/sites\/5\/2025\/06\/pick-and-place-edelstahl-module-pp13-300x155.jpg 300w, https:\/\/linmot.com\/es\/wp-content\/uploads\/sites\/5\/2025\/06\/pick-and-place-edelstahl-module-pp13-768x396.jpg 768w\" sizes=\"auto, (max-width: 780px) 100vw, 780px\" \/>\n<div class=\"row\">\n<div class=\"col-sm-6\">\n<ul>\n<li>Cada eje est\u00e1 fabricado \u00edntegramente en acero inoxidable<\/li>\n<li>Resistente a la corrosi\u00f3n y a los productos de limpieza<\/li>\n<\/ul>\n<\/div>\n<div class=\"col-sm-6\">\n<ul>\n<li>Dise\u00f1o delgado para ocupar poco espacio<\/li>\n<li>Gesti\u00f3n de cables integrada opcional<\/li>\n<\/ul>\n<\/div>\n<\/div>\n<p><a class=\"btn btn-active\" href=\"https:\/\/shop.linmot.com\/E\/flat-robots-&amp;-systems\/pick-&amp;-place-stainless-steel-pp13.htm\" target=\"_blank\" rel=\"noopener noreferrer\">M\u00e1s detalles en el cat\u00e1logo electr\u00f3nico<\/a><\/p>\n<hr \/>\n<h3 id=\"kontakt\">2. Contacto<\/h3>\n<div class=\"row download\">\n<div class=\"col-md-6\">\n<h4 class=\"download-title\">\u00bfTiene alguna pregunta sobre los m\u00f3dulos Pick &amp; Place PP13 de acero inoxidable?<\/h4>\n<p class=\"bodytext\">Estaremos encantados de responder a sus preguntas.<br \/>\nP\u00f3ngase en contacto con nosotros a trav\u00e9s del siguiente formulario o ll\u00e1menos por tel\u00e9fono:<\/p>\n<p class=\"bodytext\">Tel: +49 (0)201 858940 0<\/p>\n<p class=\"bodytext\">El equipo LinMot<\/p>\n<\/div>\n<div class=\"col-md-1\">\n<\/div>\n<div class=\"col-md-5\">\n\n<div class=\"wpcf7 no-js\" id=\"wpcf7-f1752-o1\" lang=\"es-ES\" dir=\"ltr\" data-wpcf7-id=\"1752\">\n<div class=\"screen-reader-response\"><p role=\"status\" aria-live=\"polite\" aria-atomic=\"true\"><\/p> <ul><\/ul><\/div>\n<form action=\"\/es\/wp-json\/wp\/v2\/pages\/3860#wpcf7-f1752-o1\" method=\"post\" class=\"wpcf7-form init\" aria-label=\"Formulario de contacto\" novalidate=\"novalidate\" data-status=\"init\">\n<fieldset class=\"hidden-fields-container\"><input type=\"hidden\" name=\"_wpcf7\" value=\"1752\" \/><input type=\"hidden\" name=\"_wpcf7_version\" value=\"6.1.5\" \/><input type=\"hidden\" name=\"_wpcf7_locale\" value=\"es_ES\" \/><input type=\"hidden\" name=\"_wpcf7_unit_tag\" value=\"wpcf7-f1752-o1\" \/><input type=\"hidden\" name=\"_wpcf7_container_post\" value=\"0\" \/><input type=\"hidden\" name=\"_wpcf7_posted_data_hash\" value=\"\" \/><input type=\"hidden\" name=\"_wpcf7_recaptcha_response\" value=\"\" \/>\n<\/fieldset>\n<label> Tu nombre<br>\n    <span class=\"wpcf7-form-control-wrap\" data-name=\"your-name\"><input size=\"40\" maxlength=\"400\" class=\"wpcf7-form-control wpcf7-text wpcf7-validates-as-required\" aria-required=\"true\" aria-invalid=\"false\" value=\"\" type=\"text\" name=\"your-name\" \/><\/span> <\/label><br>\n<br>\n<label> Tu empresa<br>\n    <span class=\"wpcf7-form-control-wrap\" data-name=\"your-company\"><input size=\"40\" maxlength=\"400\" class=\"wpcf7-form-control wpcf7-text wpcf7-validates-as-required\" aria-required=\"true\" aria-invalid=\"false\" value=\"\" type=\"text\" name=\"your-company\" \/><\/span> <\/label><br>\n<br>\n<label> C\u00f3digo postal<br>\n    <span class=\"wpcf7-form-control-wrap\" data-name=\"your-plz\"><input class=\"wpcf7-form-control wpcf7-number wpcf7-validates-as-required wpcf7-validates-as-number\" aria-required=\"true\" aria-invalid=\"false\" value=\"\" type=\"number\" name=\"your-plz\" \/><\/span> <\/label>\n<br>\n<label> Pa\u00eds<br>\n    <span class=\"wpcf7-form-control-wrap\" data-name=\"your-country\"><input size=\"40\" maxlength=\"400\" class=\"wpcf7-form-control wpcf7-text wpcf7-validates-as-required\" aria-required=\"true\" aria-invalid=\"false\" value=\"\" type=\"text\" name=\"your-country\" \/><\/span> <\/label><br>\n<br>\n<label> Tu tel\u00e9fono<br>\n    <span class=\"wpcf7-form-control-wrap\" data-name=\"your-telephone\"><input size=\"40\" maxlength=\"400\" class=\"wpcf7-form-control wpcf7-tel wpcf7-validates-as-required wpcf7-text wpcf7-validates-as-tel\" aria-required=\"true\" aria-invalid=\"false\" value=\"\" type=\"tel\" name=\"your-telephone\" \/><\/span> <\/label><br>\n<br>\n<label> Tu correo electr\u00f3nico<br>\n    <span class=\"wpcf7-form-control-wrap\" data-name=\"your-email\"><input size=\"40\" maxlength=\"400\" class=\"wpcf7-form-control wpcf7-email wpcf7-validates-as-required wpcf7-text wpcf7-validates-as-email\" aria-required=\"true\" aria-invalid=\"false\" value=\"\" type=\"email\" name=\"your-email\" \/><\/span> <\/label><br>\n<br>\n<label> Asunto<br>\n    <span class=\"wpcf7-form-control-wrap\" data-name=\"your-subject\"><input size=\"40\" maxlength=\"400\" class=\"wpcf7-form-control wpcf7-text wpcf7-validates-as-required\" aria-required=\"true\" aria-invalid=\"false\" value=\"\" type=\"text\" name=\"your-subject\" \/><\/span> <\/label><br>\n<br>\n<label> Tu mensaje (opcional)<br>\n    <span class=\"wpcf7-form-control-wrap\" data-name=\"your-message\"><textarea cols=\"40\" rows=\"10\" maxlength=\"2000\" class=\"wpcf7-form-control wpcf7-textarea\" aria-invalid=\"false\" name=\"your-message\"><\/textarea><\/span> <\/label><br>\n<br>\n<input class=\"wpcf7-form-control wpcf7-submit has-spinner\" type=\"submit\" value=\"Enviar\" \/><div class=\"wpcf7-response-output\" aria-hidden=\"true\"><\/div>\n<\/form>\n<\/div>\n\n<\/div>\n<\/div>\n","protected":false},"excerpt":{"rendered":"<p>Los m\u00f3dulos Pick-and-Place de acero inoxidable de LinMot son sistemas multieje estandarizados compuestos por los acreditados m\u00f3dulos de acero inoxidable. Cada eje puede controlarse independientemente del otro, lo que permite aplicaciones de pick-and-place muy flexibles. Los m\u00f3dulos est\u00e1n equipados con MagSpring\u00ae para aliviar el eje vertical, compensando pasivamente la carga. Cada m\u00f3dulo pick-and-place se env\u00eda [&hellip;]<\/p>\n","protected":false},"author":9,"featured_media":0,"parent":3682,"menu_order":12,"comment_status":"closed","ping_status":"closed","template":"","meta":{"_acf_changed":false,"footnotes":""},"class_list":["post-3860","page","type-page","status-publish","hentry"],"acf":[],"yoast_head":"<!-- This site is optimized with the Yoast SEO Premium plugin v20.9 (Yoast SEO v27.3) - https:\/\/yoast.com\/product\/yoast-seo-premium-wordpress\/ -->\n<title>M\u00f3dulos Pick-and-Place de acero inoxidable PP13 - LinMot &amp; MagSpring - Espa\u00f1ol<\/title>\n<meta name=\"description\" content=\"Los m\u00f3dulos Pick-and-Place PP13 de acero inoxidable de LinMot son sistemas multieje estandarizados compuestos por las acreditadas gu\u00edas de acero inoxidable.\" \/>\n<meta name=\"robots\" content=\"index, follow, max-snippet:-1, max-image-preview:large, max-video-preview:-1\" \/>\n<link rel=\"canonical\" href=\"https:\/\/linmot.com\/es\/productos\/robots-y-sistemas-planos\/modulos-pick-and-place-de-acero-inoxidable-pp13\/\" \/>\n<meta property=\"og:locale\" content=\"es_ES\" \/>\n<meta property=\"og:type\" content=\"article\" \/>\n<meta property=\"og:title\" content=\"M\u00f3dulos Pick-and-Place de acero inoxidable PP13\" \/>\n<meta property=\"og:description\" content=\"Los m\u00f3dulos Pick-and-Place PP13 de acero inoxidable de LinMot son sistemas multieje estandarizados compuestos por las acreditadas gu\u00edas de acero inoxidable.\" \/>\n<meta property=\"og:url\" content=\"https:\/\/linmot.com\/es\/productos\/robots-y-sistemas-planos\/modulos-pick-and-place-de-acero-inoxidable-pp13\/\" \/>\n<meta property=\"og:site_name\" content=\"LinMot &amp; MagSpring - Espa\u00f1ol\" \/>\n<meta property=\"article:modified_time\" content=\"2025-08-20T13:02:25+00:00\" \/>\n<meta property=\"og:image\" content=\"https:\/\/linmot.com\/es\/wp-content\/uploads\/sites\/5\/2025\/06\/pick-and-place-edelstahl-module-pp13.jpg\" \/>\n\t<meta property=\"og:image:width\" content=\"780\" \/>\n\t<meta property=\"og:image:height\" content=\"402\" \/>\n\t<meta property=\"og:image:type\" content=\"image\/jpeg\" \/>\n<meta name=\"twitter:card\" content=\"summary_large_image\" \/>\n<meta name=\"twitter:label1\" content=\"Tiempo de lectura\" \/>\n\t<meta name=\"twitter:data1\" content=\"2 minutos\" \/>\n<script type=\"application\/ld+json\" class=\"yoast-schema-graph\">{\"@context\":\"https:\\\/\\\/schema.org\",\"@graph\":[{\"@type\":\"WebPage\",\"@id\":\"https:\\\/\\\/linmot.com\\\/es\\\/productos\\\/robots-y-sistemas-planos\\\/modulos-pick-and-place-de-acero-inoxidable-pp13\\\/\",\"url\":\"https:\\\/\\\/linmot.com\\\/es\\\/productos\\\/robots-y-sistemas-planos\\\/modulos-pick-and-place-de-acero-inoxidable-pp13\\\/\",\"name\":\"M\u00f3dulos Pick-and-Place de acero inoxidable PP13 - LinMot &amp; MagSpring - Espa\u00f1ol\",\"isPartOf\":{\"@id\":\"https:\\\/\\\/linmot.com\\\/es\\\/#website\"},\"primaryImageOfPage\":{\"@id\":\"https:\\\/\\\/linmot.com\\\/es\\\/productos\\\/robots-y-sistemas-planos\\\/modulos-pick-and-place-de-acero-inoxidable-pp13\\\/#primaryimage\"},\"image\":{\"@id\":\"https:\\\/\\\/linmot.com\\\/es\\\/productos\\\/robots-y-sistemas-planos\\\/modulos-pick-and-place-de-acero-inoxidable-pp13\\\/#primaryimage\"},\"thumbnailUrl\":\"https:\\\/\\\/linmot.com\\\/es\\\/wp-content\\\/uploads\\\/sites\\\/5\\\/2025\\\/06\\\/pick-and-place-edelstahl-module-pp13.jpg\",\"datePublished\":\"2025-06-26T12:10:08+00:00\",\"dateModified\":\"2025-08-20T13:02:25+00:00\",\"description\":\"Los m\u00f3dulos Pick-and-Place PP13 de acero inoxidable de LinMot son sistemas multieje estandarizados compuestos por las acreditadas gu\u00edas de acero inoxidable.\",\"breadcrumb\":{\"@id\":\"https:\\\/\\\/linmot.com\\\/es\\\/productos\\\/robots-y-sistemas-planos\\\/modulos-pick-and-place-de-acero-inoxidable-pp13\\\/#breadcrumb\"},\"inLanguage\":\"es\",\"potentialAction\":[{\"@type\":\"ReadAction\",\"target\":[\"https:\\\/\\\/linmot.com\\\/es\\\/productos\\\/robots-y-sistemas-planos\\\/modulos-pick-and-place-de-acero-inoxidable-pp13\\\/\"]}]},{\"@type\":\"ImageObject\",\"inLanguage\":\"es\",\"@id\":\"https:\\\/\\\/linmot.com\\\/es\\\/productos\\\/robots-y-sistemas-planos\\\/modulos-pick-and-place-de-acero-inoxidable-pp13\\\/#primaryimage\",\"url\":\"https:\\\/\\\/linmot.com\\\/es\\\/wp-content\\\/uploads\\\/sites\\\/5\\\/2025\\\/06\\\/pick-and-place-edelstahl-module-pp13.jpg\",\"contentUrl\":\"https:\\\/\\\/linmot.com\\\/es\\\/wp-content\\\/uploads\\\/sites\\\/5\\\/2025\\\/06\\\/pick-and-place-edelstahl-module-pp13.jpg\",\"width\":780,\"height\":402},{\"@type\":\"BreadcrumbList\",\"@id\":\"https:\\\/\\\/linmot.com\\\/es\\\/productos\\\/robots-y-sistemas-planos\\\/modulos-pick-and-place-de-acero-inoxidable-pp13\\\/#breadcrumb\",\"itemListElement\":[{\"@type\":\"ListItem\",\"position\":1,\"name\":\"Home\",\"item\":\"https:\\\/\\\/linmot.com\\\/es\\\/\"},{\"@type\":\"ListItem\",\"position\":2,\"name\":\"Productos\",\"item\":\"https:\\\/\\\/linmot.com\\\/es\\\/productos\\\/\"},{\"@type\":\"ListItem\",\"position\":3,\"name\":\"Robots y sistemas planos\",\"item\":\"https:\\\/\\\/linmot.com\\\/es\\\/productos\\\/robots-y-sistemas-planos\\\/\"},{\"@type\":\"ListItem\",\"position\":4,\"name\":\"M\u00f3dulos Pick-and-Place de acero inoxidable PP13\"}]},{\"@type\":\"WebSite\",\"@id\":\"https:\\\/\\\/linmot.com\\\/es\\\/#website\",\"url\":\"https:\\\/\\\/linmot.com\\\/es\\\/\",\"name\":\"LinMot &amp; MagSpring - Espa\u00f1ol\",\"description\":\"Motores lineales y sistemas de motores lineales de alta calidad\",\"publisher\":{\"@id\":\"https:\\\/\\\/linmot.com\\\/es\\\/#organization\"},\"potentialAction\":[{\"@type\":\"SearchAction\",\"target\":{\"@type\":\"EntryPoint\",\"urlTemplate\":\"https:\\\/\\\/linmot.com\\\/es\\\/?s={search_term_string}\"},\"query-input\":{\"@type\":\"PropertyValueSpecification\",\"valueRequired\":true,\"valueName\":\"search_term_string\"}}],\"inLanguage\":\"es\"},{\"@type\":\"Organization\",\"@id\":\"https:\\\/\\\/linmot.com\\\/es\\\/#organization\",\"name\":\"NTI AG - LinMot & MagSpring\",\"url\":\"https:\\\/\\\/linmot.com\\\/es\\\/\",\"logo\":{\"@type\":\"ImageObject\",\"inLanguage\":\"es\",\"@id\":\"https:\\\/\\\/linmot.com\\\/es\\\/#\\\/schema\\\/logo\\\/image\\\/\",\"url\":\"https:\\\/\\\/linmot.com\\\/es\\\/wp-content\\\/uploads\\\/sites\\\/5\\\/2022\\\/05\\\/linmot-social-share-logo.jpg\",\"contentUrl\":\"https:\\\/\\\/linmot.com\\\/es\\\/wp-content\\\/uploads\\\/sites\\\/5\\\/2022\\\/05\\\/linmot-social-share-logo.jpg\",\"width\":800,\"height\":500,\"caption\":\"NTI AG - LinMot & MagSpring\"},\"image\":{\"@id\":\"https:\\\/\\\/linmot.com\\\/es\\\/#\\\/schema\\\/logo\\\/image\\\/\"},\"sameAs\":[\"https:\\\/\\\/www.linkedin.com\\\/company\\\/nti-ag-linmot-magspring\",\"https:\\\/\\\/www.youtube.com\\\/user\\\/LinMotEurope\"]}]}<\/script>\n<!-- \/ Yoast SEO Premium plugin. -->","yoast_head_json":{"title":"M\u00f3dulos Pick-and-Place de acero inoxidable PP13 - LinMot &amp; MagSpring - Espa\u00f1ol","description":"Los m\u00f3dulos Pick-and-Place PP13 de acero inoxidable de LinMot son sistemas multieje estandarizados compuestos por las acreditadas gu\u00edas de acero inoxidable.","robots":{"index":"index","follow":"follow","max-snippet":"max-snippet:-1","max-image-preview":"max-image-preview:large","max-video-preview":"max-video-preview:-1"},"canonical":"https:\/\/linmot.com\/es\/productos\/robots-y-sistemas-planos\/modulos-pick-and-place-de-acero-inoxidable-pp13\/","og_locale":"es_ES","og_type":"article","og_title":"M\u00f3dulos Pick-and-Place de acero inoxidable PP13","og_description":"Los m\u00f3dulos Pick-and-Place PP13 de acero inoxidable de LinMot son sistemas multieje estandarizados compuestos por las acreditadas gu\u00edas de acero inoxidable.","og_url":"https:\/\/linmot.com\/es\/productos\/robots-y-sistemas-planos\/modulos-pick-and-place-de-acero-inoxidable-pp13\/","og_site_name":"LinMot &amp; MagSpring - Espa\u00f1ol","article_modified_time":"2025-08-20T13:02:25+00:00","og_image":[{"width":780,"height":402,"url":"https:\/\/linmot.com\/es\/wp-content\/uploads\/sites\/5\/2025\/06\/pick-and-place-edelstahl-module-pp13.jpg","type":"image\/jpeg"}],"twitter_card":"summary_large_image","twitter_misc":{"Tiempo de lectura":"2 minutos"},"schema":{"@context":"https:\/\/schema.org","@graph":[{"@type":"WebPage","@id":"https:\/\/linmot.com\/es\/productos\/robots-y-sistemas-planos\/modulos-pick-and-place-de-acero-inoxidable-pp13\/","url":"https:\/\/linmot.com\/es\/productos\/robots-y-sistemas-planos\/modulos-pick-and-place-de-acero-inoxidable-pp13\/","name":"M\u00f3dulos Pick-and-Place de acero inoxidable PP13 - LinMot &amp; MagSpring - Espa\u00f1ol","isPartOf":{"@id":"https:\/\/linmot.com\/es\/#website"},"primaryImageOfPage":{"@id":"https:\/\/linmot.com\/es\/productos\/robots-y-sistemas-planos\/modulos-pick-and-place-de-acero-inoxidable-pp13\/#primaryimage"},"image":{"@id":"https:\/\/linmot.com\/es\/productos\/robots-y-sistemas-planos\/modulos-pick-and-place-de-acero-inoxidable-pp13\/#primaryimage"},"thumbnailUrl":"https:\/\/linmot.com\/es\/wp-content\/uploads\/sites\/5\/2025\/06\/pick-and-place-edelstahl-module-pp13.jpg","datePublished":"2025-06-26T12:10:08+00:00","dateModified":"2025-08-20T13:02:25+00:00","description":"Los m\u00f3dulos Pick-and-Place PP13 de acero inoxidable de LinMot son sistemas multieje estandarizados compuestos por las acreditadas gu\u00edas de acero inoxidable.","breadcrumb":{"@id":"https:\/\/linmot.com\/es\/productos\/robots-y-sistemas-planos\/modulos-pick-and-place-de-acero-inoxidable-pp13\/#breadcrumb"},"inLanguage":"es","potentialAction":[{"@type":"ReadAction","target":["https:\/\/linmot.com\/es\/productos\/robots-y-sistemas-planos\/modulos-pick-and-place-de-acero-inoxidable-pp13\/"]}]},{"@type":"ImageObject","inLanguage":"es","@id":"https:\/\/linmot.com\/es\/productos\/robots-y-sistemas-planos\/modulos-pick-and-place-de-acero-inoxidable-pp13\/#primaryimage","url":"https:\/\/linmot.com\/es\/wp-content\/uploads\/sites\/5\/2025\/06\/pick-and-place-edelstahl-module-pp13.jpg","contentUrl":"https:\/\/linmot.com\/es\/wp-content\/uploads\/sites\/5\/2025\/06\/pick-and-place-edelstahl-module-pp13.jpg","width":780,"height":402},{"@type":"BreadcrumbList","@id":"https:\/\/linmot.com\/es\/productos\/robots-y-sistemas-planos\/modulos-pick-and-place-de-acero-inoxidable-pp13\/#breadcrumb","itemListElement":[{"@type":"ListItem","position":1,"name":"Home","item":"https:\/\/linmot.com\/es\/"},{"@type":"ListItem","position":2,"name":"Productos","item":"https:\/\/linmot.com\/es\/productos\/"},{"@type":"ListItem","position":3,"name":"Robots y sistemas planos","item":"https:\/\/linmot.com\/es\/productos\/robots-y-sistemas-planos\/"},{"@type":"ListItem","position":4,"name":"M\u00f3dulos Pick-and-Place de acero inoxidable PP13"}]},{"@type":"WebSite","@id":"https:\/\/linmot.com\/es\/#website","url":"https:\/\/linmot.com\/es\/","name":"LinMot &amp; MagSpring - Espa\u00f1ol","description":"Motores lineales y sistemas de motores lineales de alta calidad","publisher":{"@id":"https:\/\/linmot.com\/es\/#organization"},"potentialAction":[{"@type":"SearchAction","target":{"@type":"EntryPoint","urlTemplate":"https:\/\/linmot.com\/es\/?s={search_term_string}"},"query-input":{"@type":"PropertyValueSpecification","valueRequired":true,"valueName":"search_term_string"}}],"inLanguage":"es"},{"@type":"Organization","@id":"https:\/\/linmot.com\/es\/#organization","name":"NTI AG - LinMot & MagSpring","url":"https:\/\/linmot.com\/es\/","logo":{"@type":"ImageObject","inLanguage":"es","@id":"https:\/\/linmot.com\/es\/#\/schema\/logo\/image\/","url":"https:\/\/linmot.com\/es\/wp-content\/uploads\/sites\/5\/2022\/05\/linmot-social-share-logo.jpg","contentUrl":"https:\/\/linmot.com\/es\/wp-content\/uploads\/sites\/5\/2022\/05\/linmot-social-share-logo.jpg","width":800,"height":500,"caption":"NTI AG - LinMot & MagSpring"},"image":{"@id":"https:\/\/linmot.com\/es\/#\/schema\/logo\/image\/"},"sameAs":["https:\/\/www.linkedin.com\/company\/nti-ag-linmot-magspring","https:\/\/www.youtube.com\/user\/LinMotEurope"]}]}},"_links":{"self":[{"href":"https:\/\/linmot.com\/es\/wp-json\/wp\/v2\/pages\/3860","targetHints":{"allow":["GET"]}}],"collection":[{"href":"https:\/\/linmot.com\/es\/wp-json\/wp\/v2\/pages"}],"about":[{"href":"https:\/\/linmot.com\/es\/wp-json\/wp\/v2\/types\/page"}],"author":[{"embeddable":true,"href":"https:\/\/linmot.com\/es\/wp-json\/wp\/v2\/users\/9"}],"replies":[{"embeddable":true,"href":"https:\/\/linmot.com\/es\/wp-json\/wp\/v2\/comments?post=3860"}],"version-history":[{"count":4,"href":"https:\/\/linmot.com\/es\/wp-json\/wp\/v2\/pages\/3860\/revisions"}],"predecessor-version":[{"id":3873,"href":"https:\/\/linmot.com\/es\/wp-json\/wp\/v2\/pages\/3860\/revisions\/3873"}],"up":[{"embeddable":true,"href":"https:\/\/linmot.com\/es\/wp-json\/wp\/v2\/pages\/3682"}],"wp:attachment":[{"href":"https:\/\/linmot.com\/es\/wp-json\/wp\/v2\/media?parent=3860"}],"curies":[{"name":"wp","href":"https:\/\/api.w.org\/{rel}","templated":true}]}}