{"id":38,"date":"2017-10-20T23:32:28","date_gmt":"2017-10-20T21:32:28","guid":{"rendered":"https:\/\/linmot.com\/?page_id=38"},"modified":"2024-06-19T13:24:35","modified_gmt":"2024-06-19T13:24:35","slug":"motores-lineales","status":"publish","type":"page","link":"https:\/\/linmot.com\/es\/productos\/motores-lineales\/","title":{"rendered":"Motores lineales"},"content":{"rendered":"<p align=\"justify\"><strong>Los motores LinMot son motores lineales tubulares de alta calidad y muy alta eficiencia. Esta alta eficiencia se traduce en una menor generaci\u00f3n de calor y una mayor precisi\u00f3n de posici\u00f3n. El dise\u00f1o tubular, sencillo y limpio, facilita la instalaci\u00f3n del motor, reduciendo el espacio ocupado y logrando una densidad de fuerza sin igual. A diferencia de las soluciones de accionamiento convencionales, las soluciones LinMot no requieren ning\u00fan elemento de transmisi\u00f3n mec\u00e1nica, lo que simplifica el dise\u00f1o, al tiempo que reduce el desgaste a casi cero y, por tanto, minimiza el mantenimiento.<\/strong><\/p>\n<p align=\"justify\">Los motores LinMot son inflexiblemente fiables, y su movimiento preciso, suave, silencioso y altamente din\u00e1mico los hace ideales para casi todas las aplicaciones e industrias.<\/p>\n<hr \/>\n<div class=\"row\">\n<div class=\"col-md-5\">\n<h2>Valores principales de los motores lineales<\/h2>\n<p><strong>Productividad<\/strong><\/p>\n<ul>\n<li>Din\u00e1mica extrema<\/li>\n<li>Control de las variables del proceso<\/li>\n<li>Mantenimiento r\u00e1pido y sencillo<\/li>\n<\/ul>\n<p><strong>Flexibilidad<\/strong><\/p>\n<ul>\n<li>Posicionamiento libre con par\u00e1metros programables<\/li>\n<li>Amplia gama de combinaciones de productos y opciones<\/li>\n<\/ul>\n<p><strong>Reliability<\/strong><\/p>\n<ul>\n<li>Alta calidad y precisi\u00f3n<\/li>\n<li>Dise\u00f1o sencillo<\/li>\n<li>Protecci\u00f3n contra sobrecargas<\/li>\n<li>Larga vida \u00fatil<\/li>\n<\/ul>\n<p><a class=\"btn btn-active\" href=\"https:\/\/shop.linmot.com\/E\/linear-motors.htm\" target=\"_blank\" rel=\"noopener noreferrer\">A los detalles en el cat\u00e1logo electr\u00f3nico (ingl\u00e9s)<\/a><\/p>\n<\/div>\n<div class=\"col-md-7\">\n<img loading=\"lazy\" decoding=\"async\" class=\"alignnone size-full wp-image-2773\" src=\"https:\/\/linmot.com\/wp-content\/uploads\/2022\/02\/linear-motors-typical-application-areas.jpg\" alt=\"\" width=\"535\" height=\"399\" \/>\n<\/div>\n<\/div>\n<hr \/>\n<h3>Gama de potencia de los motores lineales<\/h3>\n<img loading=\"lazy\" decoding=\"async\" class=\"alignnone size-full wp-image-2769\" src=\"https:\/\/linmot.com\/wp-content\/uploads\/2022\/02\/force-controll-linear-motors.jpg\" alt=\"\" width=\"763\" height=\"452\" \/>\n<hr \/>\n<div class=\"row\">\n<div class=\"col-md-5\">\n<h2>\u00c1reas de aplicaci\u00f3n t\u00edpicas<\/h2>\n<ul>\n<li>M\u00e1quinas de inyecci\u00f3n de pl\u00e1stico, m\u00e1quinas de embalaje, m\u00e1quinas textiles, m\u00e1quinas de montaje, m\u00e1quinas de impresi\u00f3n y etiquetado<\/li>\n<li>M\u00e1quinas de procesamiento de madera, vidrio y cer\u00e1mica<\/li>\n<li>Sistemas de manipulaci\u00f3n, llenado, inspecci\u00f3n, alimentaci\u00f3n, montaje, apilado, clasificaci\u00f3n y rechazo<\/li>\n<li>Medici\u00f3n, recuento, dosificaci\u00f3n, sellado y prensado de precisi\u00f3n<\/li>\n<\/ul>\n<\/div>\n<div class=\"col-md-7\">\n<p style=\"text-align: center;\">\n<div class=\"brlbs-cmpnt-container brlbs-cmpnt-content-blocker brlbs-cmpnt-with-individual-styles\" data-borlabs-cookie-content-blocker-id=\"default\" data-borlabs-cookie-content=\"PGlmcmFtZSB0aXRsZT0iWW91VHViZSB2aWRlbyBwbGF5ZXIiIHNyYz0iaHR0cHM6Ly93d3cueW91dHViZS5jb20vZW1iZWQvWXotYURKekRFdkU\/c3RhcnQ9MjgiIHdpZHRoPSI1MzUiIGhlaWdodD0iMzE1IiBmcmFtZWJvcmRlcj0iMCIgYWxsb3dmdWxsc2NyZWVuPSJhbGxvd2Z1bGxzY3JlZW4iPjwvaWZyYW1lPg==\">\n<div class=\"brlbs-cmpnt-cb-preset-a\">\n<p class=\"brlbs-cmpnt-cb-description\">Est\u00e1s viendo un contenido de marcador de posici\u00f3n de <strong>Predeterminado<\/strong>. Para acceder al contenido real, haz clic en el siguiente bot\u00f3n. Ten en cuenta que al hacerlo compartir\u00e1s datos con terceros proveedores.<\/p>\n<div class=\"brlbs-cmpnt-cb-buttons\"> <a class=\"brlbs-cmpnt-cb-btn\" href=\"#\" data-borlabs-cookie-unblock role=\"button\">Desbloquear contenido<\/a> <a class=\"brlbs-cmpnt-cb-btn\" href=\"#\" data-borlabs-cookie-accept-service role=\"button\" style=\"display: none\">Aceptar el servicio requerido y desbloquear el contenido<\/a> <\/div>\n<p> <a class=\"brlbs-cmpnt-cb-provider-toggle\" href=\"#\" data-borlabs-cookie-show-provider-information role=\"button\">M\u00e1s informaci\u00f3n<\/a> <\/div>\n<\/div>\n<\/div>\n<\/div>\n<hr \/>\n<h2>Series P01<\/h2>\n<div class=\"row\">\n<div class=\"col-md-7\">\n<ul>\n<li>Alta densidad de potencia<\/li>\n<li>Eficiencia extrema<\/li>\n<li>Instalaci\u00f3n y configuraci\u00f3n sencillas<\/li>\n<li>Bajo nivel de ruido y buen funcionamiento<\/li>\n<li>Larga vida \u00fatil<\/li>\n<li>Certificado CE\/RoHS\/UL<\/li>\n<\/ul>\n<p><a class=\"button\" href=\"\/es\/productos\/motores-lineales\/motores-lineales-p01\/\">Leer m\u00e1s<\/a><\/p>\n<\/div>\n<div class=\"col-md-5\">\n<p><img loading=\"lazy\" decoding=\"async\" class=\"size-full wp-image-2780 aligncenter\" src=\"https:\/\/linmot.com\/wp-content\/uploads\/2022\/02\/linearmotor-p01.jpg\" alt=\"\" width=\"612\" height=\"193\" \/><\/div>\n<\/div>\n<hr \/>\n<h2>Series P10 &#8211; 3x400VAC<\/h2>\n<div class=\"row\">\n<div class=\"col-md-7\">\n<ul>\n<li>Los motores LinMot m\u00e1s potentes y din\u00e1micos<\/li>\n<li>Tecnolog\u00eda de motor de 230VAC \/ 3x400VAC<\/li>\n<li>Controlados por servoaccionamientos est\u00e1ndar de terceros<\/li>\n<li>Larga vida \u00fatil<\/li>\n<li>F\u00e1cil configuraci\u00f3n<\/li>\n<li>Certificado CE\/RoHS\/UL<\/li>\n<\/ul>\n<p><a class=\"button\" href=\"\/es\/productos\/motores-lineales\/motores-lineales-p10\/\">Leer m\u00e1s<\/a><\/p>\n<\/div>\n<div class=\"col-md-5\">\n<img loading=\"lazy\" decoding=\"async\" class=\"alignnone size-full wp-image-2779 aligncenter\" src=\"https:\/\/linmot.com\/wp-content\/uploads\/2022\/02\/linearmotor-p10.jpg\" alt=\"\" width=\"612\" height=\"160\" \/>\n<p>&nbsp;<\/p>\n<\/div>\n<\/div>\n<hr \/>\n<h2>Acero inoxidable<\/h2>\n<div class=\"row\">\n<div class=\"col-md-7\">\n<ul>\n<li>Dise\u00f1o higi\u00e9nico desarrollado para entornos exigentes<\/li>\n<li>Dise\u00f1ado para el procesamiento de alimentos o para la industria farmac\u00e9utica<\/li>\n<li>Cumple los requisitos de la clase de protecci\u00f3n IP69K seg\u00fan la norma DIN EN 60529<\/li>\n<li>F\u00e1cil de limpiar con los productos de limpieza habituales del sector<\/li>\n<li>Opcionalmente, con refrigeraci\u00f3n por agua integrada para bajas temperaturas superficiales<\/li>\n<\/ul>\n<p><a class=\"button\" href=\"\/es\/productos\/motores-de-acero-inoxidable\/\">Leer m\u00e1s<\/a><\/p>\n<\/div>\n<div class=\"col-md-5\">\n<img loading=\"lazy\" decoding=\"async\" class=\"alignnone size-full wp-image-2779 aligncenter\" src=\"https:\/\/linmot.com\/de\/wp-content\/uploads\/sites\/2\/2021\/07\/linmot-stainless-steel-motors-3x400VAC-SSC.jpg\" alt=\"\" width=\"612\" height=\"189\" \/>\n<p>&nbsp;<\/p>\n<\/div>\n<\/div>\n<hr \/>\n<h2>Motores lineales a prueba de explosiones<\/h2>\n<div class=\"row\">\n<div class=\"col-md-7\">\n<ul>\n<li>Cuerpo de acero inoxidable<\/li>\n<li>Dise\u00f1o higi\u00e9nico<\/li>\n<li>Conexiones soldadas, sin juntas<\/li>\n<li>Completamente encapsulado (IP69K)<\/li>\n<li>Refrigeraci\u00f3n por fluido integrada (opcional)<\/li>\n<li>Para uso en zonas 1\/2 (gas)<\/li>\n<li>Adecuado para su uso en zonas 21\/22 (polvo)<\/li>\n<\/ul>\n<p><a class=\"button\" href=\"\/es\/productos\/motores-lineales\/motores-atex\/\">Leer m\u00e1s<\/a><\/p>\n<\/div>\n<div class=\"col-md-5\">\n<img loading=\"lazy\" decoding=\"async\" class=\"alignnone size-full wp-image-2779 aligncenter\" src=\"https:\/\/linmot.com\/es\/wp-content\/uploads\/sites\/5\/2018\/08\/atex-motors-2018-4.jpg\" alt=\"\" width=\"612\" height=\"190\" \/>\n<p>&nbsp;<\/p>\n<\/div>\n<\/div>\n<hr \/>\n<h2>Motores lineales con controlador integrado<\/h2>\n<div class=\"row\">\n<div class=\"col-md-7\">\n<ul>\n<li>Motor lineal de alto rendimiento con controlador integrado<\/li>\n<li>Factor de forma compacto<\/li>\n<li>Altamente din\u00e1mico<\/li>\n<li>Adecuado para interconexionado en serie<\/li>\n<li>Brida de montaje integrada<\/li>\n<li>Bajo esfuerzo de cableado<\/li>\n<\/ul>\n<p><a class=\"button\" href=\"\/es\/productos\/motores-lineales-con-controlador-integrado\/\">Leer m\u00e1s<\/a><\/p>\n<\/div>\n<div class=\"col-md-5\">\n<img loading=\"lazy\" decoding=\"async\" class=\"alignnone size-full wp-image-2779 aligncenter\" src=\"https:\/\/linmot.com\/es\/wp-content\/uploads\/sites\/5\/2018\/08\/2018-Linmot-PD03-1.jpg\" alt=\"\" width=\"612\" height=\"190\" \/>\n<p>&nbsp;<\/p>\n<\/div>\n<\/div>\n<hr \/>\n<h2>Reemplazo de cilindros neum\u00e1ticos mediante motores lineales industriales<\/h2>\n<div class=\"row\">\n<div class=\"col-md-7\">\n<p align=\"justify\">LinMot como sustituto de la neum\u00e1tica: los accionamientos lineales el\u00e9ctricos est\u00e1n desplazando a los cilindros neum\u00e1ticos convencionales de cada vez m\u00e1s \u00e1mbitos de aplicaci\u00f3n. Las razones son la escasa eficiencia, los elevados costes de puesta en marcha, conversi\u00f3n, servicio y mantenimiento y la limitada capacidad de control de los sistemas neum\u00e1ticos. Conozca las ventajas de los actuadores lineales.<\/p>\n<p><a class=\"button\" href=\"\/es\/soluciones-industriales\/sustitucion-neumatica\/\">Leer m\u00e1s<\/a><\/p>\n<\/div>\n<div class=\"col-md-5\">\n<p data-wp-editing=\"1\"><img loading=\"lazy\" decoding=\"async\" class=\"alignnone size-full wp-image-2779 aligncenter\" src=\"https:\/\/linmot.com\/de\/wp-content\/uploads\/sites\/2\/2017\/11\/CO2-Ausstoss_01-150x150.jpg\" alt=\"\" width=\"150\" height=\"150\" \/><\/p>\n<p>&nbsp;<\/p>\n<\/div>\n<\/div>\n<hr \/>\n<h2>\u00bfPreguntas?<\/h2>\n<p>Estaremos encantados de responder a sus preguntas o asesorarle.<\/p>\n<p><a class=\"button\" href=\"\/es\/contact\/\">Encuentre su contacto local<\/a><\/p>\n","protected":false},"excerpt":{"rendered":"<p>Los motores LinMot son motores lineales tubulares de alta calidad y muy alta eficiencia. Esta alta eficiencia se traduce en una menor generaci\u00f3n de calor y una mayor precisi\u00f3n de posici\u00f3n. El dise\u00f1o tubular, sencillo y limpio, facilita la instalaci\u00f3n del motor, reduciendo el espacio ocupado y logrando una densidad de fuerza sin igual. A [&hellip;]<\/p>\n","protected":false},"author":1,"featured_media":0,"parent":1210,"menu_order":103,"comment_status":"closed","ping_status":"closed","template":"","meta":{"_acf_changed":false,"footnotes":""},"class_list":["post-38","page","type-page","status-publish","hentry"],"acf":[],"yoast_head":"<!-- This site is optimized with the Yoast SEO Premium plugin v20.9 (Yoast SEO v27.2) - https:\/\/yoast.com\/product\/yoast-seo-premium-wordpress\/ -->\n<title>Motores lineales - Accionamientos directos electromagn\u00e9ticos<\/title>\n<meta name=\"description\" content=\"El n\u00facleo del sistema de accionamiento LinMot es la gama de productos de motores lineales junto con los servoaccionamientos.\" \/>\n<meta name=\"robots\" content=\"index, follow, max-snippet:-1, max-image-preview:large, max-video-preview:-1\" \/>\n<link rel=\"canonical\" href=\"https:\/\/linmot.com\/es\/productos\/motores-lineales\/\" \/>\n<meta property=\"og:locale\" content=\"es_ES\" \/>\n<meta property=\"og:type\" content=\"article\" \/>\n<meta property=\"og:title\" content=\"Motores lineales - Accionamientos directos electromagn\u00e9ticos\" \/>\n<meta property=\"og:description\" content=\"El n\u00facleo del sistema de accionamiento LinMot es la gama de productos de motores lineales junto con los servoaccionamientos.\" \/>\n<meta property=\"og:url\" content=\"https:\/\/linmot.com\/es\/productos\/motores-lineales\/\" \/>\n<meta property=\"og:site_name\" content=\"LinMot &amp; MagSpring - Espa\u00f1ol\" \/>\n<meta property=\"article:modified_time\" content=\"2024-06-19T13:24:35+00:00\" \/>\n<meta property=\"og:image\" content=\"https:\/\/linmot.com\/wp-content\/uploads\/2022\/02\/linear-motors-typical-application-areas.jpg\" \/>\n<meta name=\"twitter:card\" content=\"summary_large_image\" \/>\n<meta name=\"twitter:title\" content=\"Motores lineales - Accionamientos directos electromagn\u00e9ticos\" \/>\n<meta name=\"twitter:description\" content=\"El n\u00facleo del sistema de accionamiento LinMot es la gama de productos de motores lineales junto con los servoaccionamientos.\" \/>\n<meta name=\"twitter:label1\" content=\"Tiempo de lectura\" \/>\n\t<meta name=\"twitter:data1\" content=\"5 minutos\" \/>\n<script type=\"application\/ld+json\" class=\"yoast-schema-graph\">{\"@context\":\"https:\/\/schema.org\",\"@graph\":[{\"@type\":\"WebPage\",\"@id\":\"https:\/\/linmot.com\/es\/productos\/motores-lineales\/\",\"url\":\"https:\/\/linmot.com\/es\/productos\/motores-lineales\/\",\"name\":\"Motores lineales - Accionamientos directos electromagn\u00e9ticos\",\"isPartOf\":{\"@id\":\"https:\/\/linmot.com\/es\/#website\"},\"primaryImageOfPage\":{\"@id\":\"https:\/\/linmot.com\/es\/productos\/motores-lineales\/#primaryimage\"},\"image\":{\"@id\":\"https:\/\/linmot.com\/es\/productos\/motores-lineales\/#primaryimage\"},\"thumbnailUrl\":\"https:\/\/linmot.com\/wp-content\/uploads\/2022\/02\/linear-motors-typical-application-areas.jpg\",\"datePublished\":\"2017-10-20T21:32:28+00:00\",\"dateModified\":\"2024-06-19T13:24:35+00:00\",\"description\":\"El n\u00facleo del sistema de accionamiento LinMot es la gama de productos de motores lineales junto con los servoaccionamientos.\",\"breadcrumb\":{\"@id\":\"https:\/\/linmot.com\/es\/productos\/motores-lineales\/#breadcrumb\"},\"inLanguage\":\"es\",\"potentialAction\":[{\"@type\":\"ReadAction\",\"target\":[\"https:\/\/linmot.com\/es\/productos\/motores-lineales\/\"]}]},{\"@type\":\"ImageObject\",\"inLanguage\":\"es\",\"@id\":\"https:\/\/linmot.com\/es\/productos\/motores-lineales\/#primaryimage\",\"url\":\"https:\/\/linmot.com\/wp-content\/uploads\/2022\/02\/linear-motors-typical-application-areas.jpg\",\"contentUrl\":\"https:\/\/linmot.com\/wp-content\/uploads\/2022\/02\/linear-motors-typical-application-areas.jpg\"},{\"@type\":\"BreadcrumbList\",\"@id\":\"https:\/\/linmot.com\/es\/productos\/motores-lineales\/#breadcrumb\",\"itemListElement\":[{\"@type\":\"ListItem\",\"position\":1,\"name\":\"Home\",\"item\":\"https:\/\/linmot.com\/es\/\"},{\"@type\":\"ListItem\",\"position\":2,\"name\":\"Productos\",\"item\":\"https:\/\/linmot.com\/es\/productos\/\"},{\"@type\":\"ListItem\",\"position\":3,\"name\":\"Motores lineales\"}]},{\"@type\":\"WebSite\",\"@id\":\"https:\/\/linmot.com\/es\/#website\",\"url\":\"https:\/\/linmot.com\/es\/\",\"name\":\"LinMot &amp; MagSpring - Espa\u00f1ol\",\"description\":\"Motores lineales y sistemas de motores lineales de alta calidad\",\"publisher\":{\"@id\":\"https:\/\/linmot.com\/es\/#organization\"},\"potentialAction\":[{\"@type\":\"SearchAction\",\"target\":{\"@type\":\"EntryPoint\",\"urlTemplate\":\"https:\/\/linmot.com\/es\/?s={search_term_string}\"},\"query-input\":{\"@type\":\"PropertyValueSpecification\",\"valueRequired\":true,\"valueName\":\"search_term_string\"}}],\"inLanguage\":\"es\"},{\"@type\":\"Organization\",\"@id\":\"https:\/\/linmot.com\/es\/#organization\",\"name\":\"NTI AG - LinMot & MagSpring\",\"url\":\"https:\/\/linmot.com\/es\/\",\"logo\":{\"@type\":\"ImageObject\",\"inLanguage\":\"es\",\"@id\":\"https:\/\/linmot.com\/es\/#\/schema\/logo\/image\/\",\"url\":\"https:\/\/linmot.com\/es\/wp-content\/uploads\/sites\/5\/2022\/05\/linmot-social-share-logo.jpg\",\"contentUrl\":\"https:\/\/linmot.com\/es\/wp-content\/uploads\/sites\/5\/2022\/05\/linmot-social-share-logo.jpg\",\"width\":800,\"height\":500,\"caption\":\"NTI AG - LinMot & MagSpring\"},\"image\":{\"@id\":\"https:\/\/linmot.com\/es\/#\/schema\/logo\/image\/\"},\"sameAs\":[\"https:\/\/www.linkedin.com\/company\/nti-ag-linmot-magspring\",\"https:\/\/www.youtube.com\/user\/LinMotEurope\"]}]}<\/script>\n<!-- \/ Yoast SEO Premium plugin. -->","yoast_head_json":{"title":"Motores lineales - Accionamientos directos electromagn\u00e9ticos","description":"El n\u00facleo del sistema de accionamiento LinMot es la gama de productos de motores lineales junto con los servoaccionamientos.","robots":{"index":"index","follow":"follow","max-snippet":"max-snippet:-1","max-image-preview":"max-image-preview:large","max-video-preview":"max-video-preview:-1"},"canonical":"https:\/\/linmot.com\/es\/productos\/motores-lineales\/","og_locale":"es_ES","og_type":"article","og_title":"Motores lineales - Accionamientos directos electromagn\u00e9ticos","og_description":"El n\u00facleo del sistema de accionamiento LinMot es la gama de productos de motores lineales junto con los servoaccionamientos.","og_url":"https:\/\/linmot.com\/es\/productos\/motores-lineales\/","og_site_name":"LinMot &amp; MagSpring - Espa\u00f1ol","article_modified_time":"2024-06-19T13:24:35+00:00","og_image":[{"url":"https:\/\/linmot.com\/wp-content\/uploads\/2022\/02\/linear-motors-typical-application-areas.jpg","type":"","width":"","height":""}],"twitter_card":"summary_large_image","twitter_title":"Motores lineales - Accionamientos directos electromagn\u00e9ticos","twitter_description":"El n\u00facleo del sistema de accionamiento LinMot es la gama de productos de motores lineales junto con los servoaccionamientos.","twitter_misc":{"Tiempo de lectura":"5 minutos"},"schema":{"@context":"https:\/\/schema.org","@graph":[{"@type":"WebPage","@id":"https:\/\/linmot.com\/es\/productos\/motores-lineales\/","url":"https:\/\/linmot.com\/es\/productos\/motores-lineales\/","name":"Motores lineales - Accionamientos directos electromagn\u00e9ticos","isPartOf":{"@id":"https:\/\/linmot.com\/es\/#website"},"primaryImageOfPage":{"@id":"https:\/\/linmot.com\/es\/productos\/motores-lineales\/#primaryimage"},"image":{"@id":"https:\/\/linmot.com\/es\/productos\/motores-lineales\/#primaryimage"},"thumbnailUrl":"https:\/\/linmot.com\/wp-content\/uploads\/2022\/02\/linear-motors-typical-application-areas.jpg","datePublished":"2017-10-20T21:32:28+00:00","dateModified":"2024-06-19T13:24:35+00:00","description":"El n\u00facleo del sistema de accionamiento LinMot es la gama de productos de motores lineales junto con los servoaccionamientos.","breadcrumb":{"@id":"https:\/\/linmot.com\/es\/productos\/motores-lineales\/#breadcrumb"},"inLanguage":"es","potentialAction":[{"@type":"ReadAction","target":["https:\/\/linmot.com\/es\/productos\/motores-lineales\/"]}]},{"@type":"ImageObject","inLanguage":"es","@id":"https:\/\/linmot.com\/es\/productos\/motores-lineales\/#primaryimage","url":"https:\/\/linmot.com\/wp-content\/uploads\/2022\/02\/linear-motors-typical-application-areas.jpg","contentUrl":"https:\/\/linmot.com\/wp-content\/uploads\/2022\/02\/linear-motors-typical-application-areas.jpg"},{"@type":"BreadcrumbList","@id":"https:\/\/linmot.com\/es\/productos\/motores-lineales\/#breadcrumb","itemListElement":[{"@type":"ListItem","position":1,"name":"Home","item":"https:\/\/linmot.com\/es\/"},{"@type":"ListItem","position":2,"name":"Productos","item":"https:\/\/linmot.com\/es\/productos\/"},{"@type":"ListItem","position":3,"name":"Motores lineales"}]},{"@type":"WebSite","@id":"https:\/\/linmot.com\/es\/#website","url":"https:\/\/linmot.com\/es\/","name":"LinMot &amp; MagSpring - Espa\u00f1ol","description":"Motores lineales y sistemas de motores lineales de alta calidad","publisher":{"@id":"https:\/\/linmot.com\/es\/#organization"},"potentialAction":[{"@type":"SearchAction","target":{"@type":"EntryPoint","urlTemplate":"https:\/\/linmot.com\/es\/?s={search_term_string}"},"query-input":{"@type":"PropertyValueSpecification","valueRequired":true,"valueName":"search_term_string"}}],"inLanguage":"es"},{"@type":"Organization","@id":"https:\/\/linmot.com\/es\/#organization","name":"NTI AG - LinMot & MagSpring","url":"https:\/\/linmot.com\/es\/","logo":{"@type":"ImageObject","inLanguage":"es","@id":"https:\/\/linmot.com\/es\/#\/schema\/logo\/image\/","url":"https:\/\/linmot.com\/es\/wp-content\/uploads\/sites\/5\/2022\/05\/linmot-social-share-logo.jpg","contentUrl":"https:\/\/linmot.com\/es\/wp-content\/uploads\/sites\/5\/2022\/05\/linmot-social-share-logo.jpg","width":800,"height":500,"caption":"NTI AG - LinMot & MagSpring"},"image":{"@id":"https:\/\/linmot.com\/es\/#\/schema\/logo\/image\/"},"sameAs":["https:\/\/www.linkedin.com\/company\/nti-ag-linmot-magspring","https:\/\/www.youtube.com\/user\/LinMotEurope"]}]}},"_links":{"self":[{"href":"https:\/\/linmot.com\/es\/wp-json\/wp\/v2\/pages\/38","targetHints":{"allow":["GET"]}}],"collection":[{"href":"https:\/\/linmot.com\/es\/wp-json\/wp\/v2\/pages"}],"about":[{"href":"https:\/\/linmot.com\/es\/wp-json\/wp\/v2\/types\/page"}],"author":[{"embeddable":true,"href":"https:\/\/linmot.com\/es\/wp-json\/wp\/v2\/users\/1"}],"replies":[{"embeddable":true,"href":"https:\/\/linmot.com\/es\/wp-json\/wp\/v2\/comments?post=38"}],"version-history":[{"count":21,"href":"https:\/\/linmot.com\/es\/wp-json\/wp\/v2\/pages\/38\/revisions"}],"predecessor-version":[{"id":3298,"href":"https:\/\/linmot.com\/es\/wp-json\/wp\/v2\/pages\/38\/revisions\/3298"}],"up":[{"embeddable":true,"href":"https:\/\/linmot.com\/es\/wp-json\/wp\/v2\/pages\/1210"}],"wp:attachment":[{"href":"https:\/\/linmot.com\/es\/wp-json\/wp\/v2\/media?parent=38"}],"curies":[{"name":"wp","href":"https:\/\/api.w.org\/{rel}","templated":true}]}}