{"id":3682,"date":"2025-02-05T17:27:34","date_gmt":"2025-02-05T16:27:34","guid":{"rendered":"https:\/\/linmot.com\/es\/?page_id=3682"},"modified":"2026-01-09T09:33:22","modified_gmt":"2026-01-09T08:33:22","slug":"robots-y-sistemas-planos","status":"publish","type":"page","link":"https:\/\/linmot.com\/es\/productos\/robots-y-sistemas-planos\/","title":{"rendered":"Robots y sistemas planos"},"content":{"rendered":"<p align=\"justify\"><strong>Para cumplir los complejos requisitos de producci\u00f3n, las normativas de seguridad y los procesos sostenibles, los robots y sistemas planos LinMot optimizados para el espacio ofrecen soluciones innovadoras y altamente din\u00e1micas en todas las \u00e1reas de la automatizaci\u00f3n que se adaptan individualmente a la aplicaci\u00f3n del cliente.<\/strong><\/p>\n<p align=\"justify\">En los robots y sistemas planos LinMot listos para usar, los motores lineales, m\u00f3dulos, gu\u00edas y pinzas LinMot se combinan en estructuras probadas como semip\u00f3rticos, p\u00f3rticos, pick-and-place u otros sistemas multieje mediante un sistema modular flexible. Esto significa que los requisitos espec\u00edficos del sector y del cliente, incluso los m\u00e1s complejos, pueden implementarse de forma r\u00e1pida y precisa. Los robots planos y los sistemas LinMot siguen siendo extremadamente compactos, con contornos de baja interferencia, f\u00e1ciles de mantener y escalables individualmente.<\/p>\n<hr \/>\n<div class=\"row\">\n<div class=\"col-md-6\">\n<h3>M\u00f3dulos Pick-and-Place PP03<\/h3>\n<ul>\n<li>Excelente din\u00e1mica<\/li>\n<li>Tiempos de ciclo cortos para un montaje de alta velocidad<\/li>\n<li>Listo para su uso inmediato gracias a plug-and-play<\/li>\n<li>Amplia gama de opciones gracias al sistema modular<\/li>\n<\/ul>\n<\/div>\n<div class=\"col-md-1\">\n<\/div>\n<div class=\"col-md-5\">\n<div class=\"carousel slide\" id=\"211de20df4abe3baf8eddd7b7ce70eb2\" data-ride=\"carousel\">  <div class=\"carousel-inner\" role=\"listbox\">    <div class=\"item active\">      <img decoding=\"async\" src=\"https:\/\/linmot.com\/es\/wp-content\/uploads\/sites\/5\/2025\/10\/251002-pick-and-place-module-002.jpg\" alt=\"...\">    <\/div>    <div class=\"item\">      <img decoding=\"async\" src=\"https:\/\/linmot.com\/es\/wp-content\/uploads\/sites\/5\/2025\/10\/251002-pick-and-place-module-003.jpg\" alt=\"...\">    <\/div>    <div class=\"item\">      <img decoding=\"async\" src=\"https:\/\/linmot.com\/es\/wp-content\/uploads\/sites\/5\/2025\/10\/251002-pick-and-place-module-004.jpg\" alt=\"...\">    <\/div>    <div class=\"item\">      <img decoding=\"async\" src=\"https:\/\/linmot.com\/es\/wp-content\/uploads\/sites\/5\/2025\/10\/251002-pick-and-place-module-001.jpg\" alt=\"...\">    <\/div>  <\/div><div class=\"navigation\"><a class=\"left carousel-control\" href=\"#211de20df4abe3baf8eddd7b7ce70eb2\" role=\"button\" data-slide=\"prev\"><\/a><a class=\"right carousel-control\" href=\"#211de20df4abe3baf8eddd7b7ce70eb2\" role=\"button\" data-slide=\"next\"><\/a><\/div><\/div>\n<\/div>\n<\/div>\n<hr \/>\n<div class=\"row\">\n<div class=\"col-md-6\">\n<h3>M\u00f3dulos Pick-and-Place de acero inoxidable PP13<\/h3>\n<ul>\n<li>Cada eje est\u00e1 fabricado \u00edntegramente en acero inoxidable<\/li>\n<li>Resistente a la corrosi\u00f3n y a los productos de limpieza<\/li>\n<li>Dise\u00f1o delgado para ocupar poco espacio<\/li>\n<li>Gesti\u00f3n de cables integrada opcional<\/li>\n<\/ul>\n<p><a class=\"button\" href=\"\/es\/productos\/robots-y-sistemas-planos\/modulos-pick-and-place-de-acero-inoxidable-pp13\/\">M\u00e1s informaci\u00f3n sobre los m\u00f3dulos Pick-and-Place de acero inoxidable<\/a><\/p>\n<\/div>\n<div class=\"col-md-1\">\n<\/div>\n<div class=\"col-md-5\">\n<div class=\"carousel slide\" id=\"ed52e0f18373e11cc99f55e5c34f2e56\" data-ride=\"carousel\">  <div class=\"carousel-inner\" role=\"listbox\">    <div class=\"item active\">      <img decoding=\"async\" src=\"https:\/\/linmot.com\/es\/wp-content\/uploads\/sites\/5\/2025\/06\/edelstahl-pick-and-place-module-pp13-03.jpg\" alt=\"...\">    <\/div>    <div class=\"item\">      <img decoding=\"async\" src=\"https:\/\/linmot.com\/es\/wp-content\/uploads\/sites\/5\/2025\/06\/edelstahl-pick-and-place-module-pp13-01.jpg\" alt=\"...\">    <\/div>    <div class=\"item\">      <img decoding=\"async\" src=\"https:\/\/linmot.com\/es\/wp-content\/uploads\/sites\/5\/2025\/06\/edelstahl-pick-and-place-module-pp13-02.jpg\" alt=\"...\">    <\/div>  <\/div><div class=\"navigation\"><a class=\"left carousel-control\" href=\"#ed52e0f18373e11cc99f55e5c34f2e56\" role=\"button\" data-slide=\"prev\"><\/a><a class=\"right carousel-control\" href=\"#ed52e0f18373e11cc99f55e5c34f2e56\" role=\"button\" data-slide=\"next\"><\/a><\/div><\/div>\n<\/div>\n<\/div>\n<hr \/>\n<div class=\"row\">\n<div class=\"col-md-6\">\n<h3>M\u00f3dulos Pick, Place-and-Rotate PP05<\/h3>\n<ul>\n<li>Eje Z lineal-rotativo<\/li>\n<li>Alto grado de personalizaci\u00f3n<\/li>\n<li>Amplia gama de opciones<\/li>\n<li>Dise\u00f1o delgado para un tama\u00f1o reducido<\/li>\n<\/ul>\n<p><a class=\"button\" href=\"\/es\/productos\/robots-y-sistemas-planos\/modulos-pick-and-place\/modulos-pick-and-place-pp05\/\">M\u00e1s informaci\u00f3n sobre los m\u00f3dulos Pick-and-Place PP05<\/a><\/p>\n<\/div>\n<div class=\"col-md-1\">\n<\/div>\n<div class=\"col-md-5\">\n<img loading=\"lazy\" decoding=\"async\" class=\"alignnone size-full wp-image-5974\" src=\"https:\/\/linmot.com\/de\/wp-content\/uploads\/sites\/2\/2025\/09\/pick-and-rotate-pp05.jpg\" alt=\"\" width=\"450\" height=\"567\" \/>\n<\/div>\n<\/div>\n<hr \/>\n<h2>\u00bfPreguntas sobre nuestros robots planos y sistemas?<\/h2>\n<p>Estaremos encantados de responder a sus preguntas o asesorarle. P\u00f3ngase en contacto con nosotros en el Tel: +49 (0)201 858940 0 o a trav\u00e9s del siguiente formulario:<\/p>\n\n<div class=\"wpcf7 no-js\" id=\"wpcf7-f1752-o1\" lang=\"es-ES\" dir=\"ltr\" data-wpcf7-id=\"1752\">\n<div class=\"screen-reader-response\"><p role=\"status\" aria-live=\"polite\" aria-atomic=\"true\"><\/p> <ul><\/ul><\/div>\n<form action=\"\/es\/wp-json\/wp\/v2\/pages\/3682#wpcf7-f1752-o1\" method=\"post\" class=\"wpcf7-form init\" aria-label=\"Formulario de contacto\" novalidate=\"novalidate\" data-status=\"init\">\n<fieldset class=\"hidden-fields-container\"><input type=\"hidden\" name=\"_wpcf7\" value=\"1752\" \/><input type=\"hidden\" name=\"_wpcf7_version\" value=\"6.1.5\" \/><input type=\"hidden\" name=\"_wpcf7_locale\" value=\"es_ES\" \/><input type=\"hidden\" name=\"_wpcf7_unit_tag\" value=\"wpcf7-f1752-o1\" \/><input type=\"hidden\" name=\"_wpcf7_container_post\" value=\"0\" \/><input type=\"hidden\" name=\"_wpcf7_posted_data_hash\" value=\"\" \/><input type=\"hidden\" name=\"_wpcf7_recaptcha_response\" value=\"\" \/>\n<\/fieldset>\n<label> Tu nombre<br>\n    <span class=\"wpcf7-form-control-wrap\" data-name=\"your-name\"><input size=\"40\" maxlength=\"400\" class=\"wpcf7-form-control wpcf7-text wpcf7-validates-as-required\" aria-required=\"true\" aria-invalid=\"false\" value=\"\" type=\"text\" name=\"your-name\" \/><\/span> <\/label><br>\n<br>\n<label> Tu empresa<br>\n    <span class=\"wpcf7-form-control-wrap\" data-name=\"your-company\"><input size=\"40\" maxlength=\"400\" class=\"wpcf7-form-control wpcf7-text wpcf7-validates-as-required\" aria-required=\"true\" aria-invalid=\"false\" value=\"\" type=\"text\" name=\"your-company\" \/><\/span> <\/label><br>\n<br>\n<label> C\u00f3digo postal<br>\n    <span class=\"wpcf7-form-control-wrap\" data-name=\"your-plz\"><input class=\"wpcf7-form-control wpcf7-number wpcf7-validates-as-required wpcf7-validates-as-number\" aria-required=\"true\" aria-invalid=\"false\" value=\"\" type=\"number\" name=\"your-plz\" \/><\/span> <\/label>\n<br>\n<label> Pa\u00eds<br>\n    <span class=\"wpcf7-form-control-wrap\" data-name=\"your-country\"><input size=\"40\" maxlength=\"400\" class=\"wpcf7-form-control wpcf7-text wpcf7-validates-as-required\" aria-required=\"true\" aria-invalid=\"false\" value=\"\" type=\"text\" name=\"your-country\" \/><\/span> <\/label><br>\n<br>\n<label> Tu tel\u00e9fono<br>\n    <span class=\"wpcf7-form-control-wrap\" data-name=\"your-telephone\"><input size=\"40\" maxlength=\"400\" class=\"wpcf7-form-control wpcf7-tel wpcf7-validates-as-required wpcf7-text wpcf7-validates-as-tel\" aria-required=\"true\" aria-invalid=\"false\" value=\"\" type=\"tel\" name=\"your-telephone\" \/><\/span> <\/label><br>\n<br>\n<label> Tu correo electr\u00f3nico<br>\n    <span class=\"wpcf7-form-control-wrap\" data-name=\"your-email\"><input size=\"40\" maxlength=\"400\" class=\"wpcf7-form-control wpcf7-email wpcf7-validates-as-required wpcf7-text wpcf7-validates-as-email\" aria-required=\"true\" aria-invalid=\"false\" value=\"\" type=\"email\" name=\"your-email\" \/><\/span> <\/label><br>\n<br>\n<label> Asunto<br>\n    <span class=\"wpcf7-form-control-wrap\" data-name=\"your-subject\"><input size=\"40\" maxlength=\"400\" class=\"wpcf7-form-control wpcf7-text wpcf7-validates-as-required\" aria-required=\"true\" aria-invalid=\"false\" value=\"\" type=\"text\" name=\"your-subject\" \/><\/span> <\/label><br>\n<br>\n<label> Tu mensaje (opcional)<br>\n    <span class=\"wpcf7-form-control-wrap\" data-name=\"your-message\"><textarea cols=\"40\" rows=\"10\" maxlength=\"2000\" class=\"wpcf7-form-control wpcf7-textarea\" aria-invalid=\"false\" name=\"your-message\"><\/textarea><\/span> <\/label><br>\n<br>\n<input class=\"wpcf7-form-control wpcf7-submit has-spinner\" type=\"submit\" value=\"Enviar\" \/><div class=\"wpcf7-response-output\" aria-hidden=\"true\"><\/div>\n<\/form>\n<\/div>\n\n","protected":false},"excerpt":{"rendered":"<p>Para cumplir los complejos requisitos de producci\u00f3n, las normativas de seguridad y los procesos sostenibles, los robots y sistemas planos LinMot optimizados para el espacio ofrecen soluciones innovadoras y altamente din\u00e1micas en todas las \u00e1reas de la automatizaci\u00f3n que se adaptan individualmente a la aplicaci\u00f3n del cliente. En los robots y sistemas planos LinMot listos [&hellip;]<\/p>\n","protected":false},"author":9,"featured_media":0,"parent":1210,"menu_order":11,"comment_status":"closed","ping_status":"closed","template":"","meta":{"_acf_changed":false,"footnotes":""},"class_list":["post-3682","page","type-page","status-publish","hentry"],"acf":[],"yoast_head":"<!-- This site is optimized with the Yoast SEO Premium plugin v20.9 (Yoast SEO v27.2) - https:\/\/yoast.com\/product\/yoast-seo-premium-wordpress\/ -->\n<title>Robots y sistemas planos - LinMot &amp; MagSpring<\/title>\n<meta name=\"description\" content=\"En los robots y sistemas planos LinMot listos para usar, los motores lineales, m\u00f3dulos, gu\u00edas y pinzas LinMot se combinan en estructuras probadas como semip\u00f3rticos, p\u00f3rticos, pick-and-place u otros sistemas multieje mediante un sistema modular flexible.\" \/>\n<meta name=\"robots\" content=\"index, follow, max-snippet:-1, max-image-preview:large, max-video-preview:-1\" \/>\n<link rel=\"canonical\" href=\"https:\/\/linmot.com\/es\/productos\/robots-y-sistemas-planos\/\" \/>\n<meta property=\"og:locale\" content=\"es_ES\" \/>\n<meta property=\"og:type\" content=\"article\" \/>\n<meta property=\"og:title\" content=\"Robots y sistemas planos\" \/>\n<meta property=\"og:description\" content=\"En los robots y sistemas planos LinMot listos para usar, los motores lineales, m\u00f3dulos, gu\u00edas y pinzas LinMot se combinan en estructuras probadas como semip\u00f3rticos, p\u00f3rticos, pick-and-place u otros sistemas multieje mediante un sistema modular flexible.\" \/>\n<meta property=\"og:url\" content=\"https:\/\/linmot.com\/es\/productos\/robots-y-sistemas-planos\/\" \/>\n<meta property=\"og:site_name\" content=\"LinMot &amp; MagSpring - Espa\u00f1ol\" \/>\n<meta property=\"article:modified_time\" content=\"2026-01-09T08:33:22+00:00\" \/>\n<meta property=\"og:image\" content=\"https:\/\/linmot.com\/de\/wp-content\/uploads\/sites\/2\/2025\/09\/pick-and-rotate-pp05.jpg\" \/>\n<meta name=\"twitter:card\" content=\"summary_large_image\" \/>\n<meta name=\"twitter:label1\" content=\"Tiempo de lectura\" \/>\n\t<meta name=\"twitter:data1\" content=\"2 minutos\" \/>\n<script type=\"application\/ld+json\" class=\"yoast-schema-graph\">{\"@context\":\"https:\/\/schema.org\",\"@graph\":[{\"@type\":\"WebPage\",\"@id\":\"https:\/\/linmot.com\/es\/productos\/robots-y-sistemas-planos\/\",\"url\":\"https:\/\/linmot.com\/es\/productos\/robots-y-sistemas-planos\/\",\"name\":\"Robots y sistemas planos - LinMot & MagSpring\",\"isPartOf\":{\"@id\":\"https:\/\/linmot.com\/es\/#website\"},\"primaryImageOfPage\":{\"@id\":\"https:\/\/linmot.com\/es\/productos\/robots-y-sistemas-planos\/#primaryimage\"},\"image\":{\"@id\":\"https:\/\/linmot.com\/es\/productos\/robots-y-sistemas-planos\/#primaryimage\"},\"thumbnailUrl\":\"https:\/\/linmot.com\/de\/wp-content\/uploads\/sites\/2\/2025\/09\/pick-and-rotate-pp05.jpg\",\"datePublished\":\"2025-02-05T16:27:34+00:00\",\"dateModified\":\"2026-01-09T08:33:22+00:00\",\"description\":\"En los robots y sistemas planos LinMot listos para usar, los motores lineales, m\u00f3dulos, gu\u00edas y pinzas LinMot se combinan en estructuras probadas como semip\u00f3rticos, p\u00f3rticos, pick-and-place u otros sistemas multieje mediante un sistema modular flexible.\",\"breadcrumb\":{\"@id\":\"https:\/\/linmot.com\/es\/productos\/robots-y-sistemas-planos\/#breadcrumb\"},\"inLanguage\":\"es\",\"potentialAction\":[{\"@type\":\"ReadAction\",\"target\":[\"https:\/\/linmot.com\/es\/productos\/robots-y-sistemas-planos\/\"]}]},{\"@type\":\"ImageObject\",\"inLanguage\":\"es\",\"@id\":\"https:\/\/linmot.com\/es\/productos\/robots-y-sistemas-planos\/#primaryimage\",\"url\":\"https:\/\/linmot.com\/de\/wp-content\/uploads\/sites\/2\/2025\/09\/pick-and-rotate-pp05.jpg\",\"contentUrl\":\"https:\/\/linmot.com\/de\/wp-content\/uploads\/sites\/2\/2025\/09\/pick-and-rotate-pp05.jpg\"},{\"@type\":\"BreadcrumbList\",\"@id\":\"https:\/\/linmot.com\/es\/productos\/robots-y-sistemas-planos\/#breadcrumb\",\"itemListElement\":[{\"@type\":\"ListItem\",\"position\":1,\"name\":\"Home\",\"item\":\"https:\/\/linmot.com\/es\/\"},{\"@type\":\"ListItem\",\"position\":2,\"name\":\"Productos\",\"item\":\"https:\/\/linmot.com\/es\/productos\/\"},{\"@type\":\"ListItem\",\"position\":3,\"name\":\"Robots y sistemas planos\"}]},{\"@type\":\"WebSite\",\"@id\":\"https:\/\/linmot.com\/es\/#website\",\"url\":\"https:\/\/linmot.com\/es\/\",\"name\":\"LinMot &amp; MagSpring - Espa\u00f1ol\",\"description\":\"Motores lineales y sistemas de motores lineales de alta calidad\",\"publisher\":{\"@id\":\"https:\/\/linmot.com\/es\/#organization\"},\"potentialAction\":[{\"@type\":\"SearchAction\",\"target\":{\"@type\":\"EntryPoint\",\"urlTemplate\":\"https:\/\/linmot.com\/es\/?s={search_term_string}\"},\"query-input\":{\"@type\":\"PropertyValueSpecification\",\"valueRequired\":true,\"valueName\":\"search_term_string\"}}],\"inLanguage\":\"es\"},{\"@type\":\"Organization\",\"@id\":\"https:\/\/linmot.com\/es\/#organization\",\"name\":\"NTI AG - LinMot & MagSpring\",\"url\":\"https:\/\/linmot.com\/es\/\",\"logo\":{\"@type\":\"ImageObject\",\"inLanguage\":\"es\",\"@id\":\"https:\/\/linmot.com\/es\/#\/schema\/logo\/image\/\",\"url\":\"https:\/\/linmot.com\/es\/wp-content\/uploads\/sites\/5\/2022\/05\/linmot-social-share-logo.jpg\",\"contentUrl\":\"https:\/\/linmot.com\/es\/wp-content\/uploads\/sites\/5\/2022\/05\/linmot-social-share-logo.jpg\",\"width\":800,\"height\":500,\"caption\":\"NTI AG - LinMot & MagSpring\"},\"image\":{\"@id\":\"https:\/\/linmot.com\/es\/#\/schema\/logo\/image\/\"},\"sameAs\":[\"https:\/\/www.linkedin.com\/company\/nti-ag-linmot-magspring\",\"https:\/\/www.youtube.com\/user\/LinMotEurope\"]}]}<\/script>\n<!-- \/ Yoast SEO Premium plugin. -->","yoast_head_json":{"title":"Robots y sistemas planos - LinMot & MagSpring","description":"En los robots y sistemas planos LinMot listos para usar, los motores lineales, m\u00f3dulos, gu\u00edas y pinzas LinMot se combinan en estructuras probadas como semip\u00f3rticos, p\u00f3rticos, pick-and-place u otros sistemas multieje mediante un sistema modular flexible.","robots":{"index":"index","follow":"follow","max-snippet":"max-snippet:-1","max-image-preview":"max-image-preview:large","max-video-preview":"max-video-preview:-1"},"canonical":"https:\/\/linmot.com\/es\/productos\/robots-y-sistemas-planos\/","og_locale":"es_ES","og_type":"article","og_title":"Robots y sistemas planos","og_description":"En los robots y sistemas planos LinMot listos para usar, los motores lineales, m\u00f3dulos, gu\u00edas y pinzas LinMot se combinan en estructuras probadas como semip\u00f3rticos, p\u00f3rticos, pick-and-place u otros sistemas multieje mediante un sistema modular flexible.","og_url":"https:\/\/linmot.com\/es\/productos\/robots-y-sistemas-planos\/","og_site_name":"LinMot &amp; MagSpring - Espa\u00f1ol","article_modified_time":"2026-01-09T08:33:22+00:00","og_image":[{"url":"https:\/\/linmot.com\/de\/wp-content\/uploads\/sites\/2\/2025\/09\/pick-and-rotate-pp05.jpg","type":"","width":"","height":""}],"twitter_card":"summary_large_image","twitter_misc":{"Tiempo de lectura":"2 minutos"},"schema":{"@context":"https:\/\/schema.org","@graph":[{"@type":"WebPage","@id":"https:\/\/linmot.com\/es\/productos\/robots-y-sistemas-planos\/","url":"https:\/\/linmot.com\/es\/productos\/robots-y-sistemas-planos\/","name":"Robots y sistemas planos - LinMot & MagSpring","isPartOf":{"@id":"https:\/\/linmot.com\/es\/#website"},"primaryImageOfPage":{"@id":"https:\/\/linmot.com\/es\/productos\/robots-y-sistemas-planos\/#primaryimage"},"image":{"@id":"https:\/\/linmot.com\/es\/productos\/robots-y-sistemas-planos\/#primaryimage"},"thumbnailUrl":"https:\/\/linmot.com\/de\/wp-content\/uploads\/sites\/2\/2025\/09\/pick-and-rotate-pp05.jpg","datePublished":"2025-02-05T16:27:34+00:00","dateModified":"2026-01-09T08:33:22+00:00","description":"En los robots y sistemas planos LinMot listos para usar, los motores lineales, m\u00f3dulos, gu\u00edas y pinzas LinMot se combinan en estructuras probadas como semip\u00f3rticos, p\u00f3rticos, pick-and-place u otros sistemas multieje mediante un sistema modular flexible.","breadcrumb":{"@id":"https:\/\/linmot.com\/es\/productos\/robots-y-sistemas-planos\/#breadcrumb"},"inLanguage":"es","potentialAction":[{"@type":"ReadAction","target":["https:\/\/linmot.com\/es\/productos\/robots-y-sistemas-planos\/"]}]},{"@type":"ImageObject","inLanguage":"es","@id":"https:\/\/linmot.com\/es\/productos\/robots-y-sistemas-planos\/#primaryimage","url":"https:\/\/linmot.com\/de\/wp-content\/uploads\/sites\/2\/2025\/09\/pick-and-rotate-pp05.jpg","contentUrl":"https:\/\/linmot.com\/de\/wp-content\/uploads\/sites\/2\/2025\/09\/pick-and-rotate-pp05.jpg"},{"@type":"BreadcrumbList","@id":"https:\/\/linmot.com\/es\/productos\/robots-y-sistemas-planos\/#breadcrumb","itemListElement":[{"@type":"ListItem","position":1,"name":"Home","item":"https:\/\/linmot.com\/es\/"},{"@type":"ListItem","position":2,"name":"Productos","item":"https:\/\/linmot.com\/es\/productos\/"},{"@type":"ListItem","position":3,"name":"Robots y sistemas planos"}]},{"@type":"WebSite","@id":"https:\/\/linmot.com\/es\/#website","url":"https:\/\/linmot.com\/es\/","name":"LinMot &amp; MagSpring - Espa\u00f1ol","description":"Motores lineales y sistemas de motores lineales de alta calidad","publisher":{"@id":"https:\/\/linmot.com\/es\/#organization"},"potentialAction":[{"@type":"SearchAction","target":{"@type":"EntryPoint","urlTemplate":"https:\/\/linmot.com\/es\/?s={search_term_string}"},"query-input":{"@type":"PropertyValueSpecification","valueRequired":true,"valueName":"search_term_string"}}],"inLanguage":"es"},{"@type":"Organization","@id":"https:\/\/linmot.com\/es\/#organization","name":"NTI AG - LinMot & MagSpring","url":"https:\/\/linmot.com\/es\/","logo":{"@type":"ImageObject","inLanguage":"es","@id":"https:\/\/linmot.com\/es\/#\/schema\/logo\/image\/","url":"https:\/\/linmot.com\/es\/wp-content\/uploads\/sites\/5\/2022\/05\/linmot-social-share-logo.jpg","contentUrl":"https:\/\/linmot.com\/es\/wp-content\/uploads\/sites\/5\/2022\/05\/linmot-social-share-logo.jpg","width":800,"height":500,"caption":"NTI AG - LinMot & MagSpring"},"image":{"@id":"https:\/\/linmot.com\/es\/#\/schema\/logo\/image\/"},"sameAs":["https:\/\/www.linkedin.com\/company\/nti-ag-linmot-magspring","https:\/\/www.youtube.com\/user\/LinMotEurope"]}]}},"_links":{"self":[{"href":"https:\/\/linmot.com\/es\/wp-json\/wp\/v2\/pages\/3682","targetHints":{"allow":["GET"]}}],"collection":[{"href":"https:\/\/linmot.com\/es\/wp-json\/wp\/v2\/pages"}],"about":[{"href":"https:\/\/linmot.com\/es\/wp-json\/wp\/v2\/types\/page"}],"author":[{"embeddable":true,"href":"https:\/\/linmot.com\/es\/wp-json\/wp\/v2\/users\/9"}],"replies":[{"embeddable":true,"href":"https:\/\/linmot.com\/es\/wp-json\/wp\/v2\/comments?post=3682"}],"version-history":[{"count":11,"href":"https:\/\/linmot.com\/es\/wp-json\/wp\/v2\/pages\/3682\/revisions"}],"predecessor-version":[{"id":4040,"href":"https:\/\/linmot.com\/es\/wp-json\/wp\/v2\/pages\/3682\/revisions\/4040"}],"up":[{"embeddable":true,"href":"https:\/\/linmot.com\/es\/wp-json\/wp\/v2\/pages\/1210"}],"wp:attachment":[{"href":"https:\/\/linmot.com\/es\/wp-json\/wp\/v2\/media?parent=3682"}],"curies":[{"name":"wp","href":"https:\/\/api.w.org\/{rel}","templated":true}]}}