{"id":3573,"date":"2024-11-06T16:25:37","date_gmt":"2024-11-06T15:25:37","guid":{"rendered":"https:\/\/linmot.com\/es\/?page_id=3573"},"modified":"2025-04-10T17:09:43","modified_gmt":"2025-04-10T15:09:43","slug":"pinza-gm50","status":"publish","type":"page","link":"https:\/\/linmot.com\/es\/productos\/pinzas-pinzas-rotativas\/pinza-gm50\/","title":{"rendered":"Pinza GM50"},"content":{"rendered":"<p align=\"justify\"><strong>La GM50 es una pinza el\u00e9ctrica de alta velocidad dise\u00f1ada para manipular objetos ligeros a m\u00e1xima velocidad. Los dedos de la pinza est\u00e1n controlados por servoaccionamientos multifuncionales LinMot, lo que permite programar libremente sus caracter\u00edsticas de movimiento. Esto permite cumplir de forma \u00f3ptima los requisitos espec\u00edficos de cada aplicaci\u00f3n en cuanto a velocidad, posicionamiento y aplicaci\u00f3n de fuerza.<\/strong><\/p>\n<hr \/>\n<div class=\"row\">\n<div class=\"col-sm-2\">\n<p><a class=\"button\" href=\"#details\">1. Detalles<\/a><\/p>\n<\/div>\n<div class=\"col-sm-1\">\n<\/div>\n<div class=\"col-sm-2\">\n<p><a class=\"button\" href=\"#videos\">2. v\u00eddeos<\/a><\/p>\n<\/div>\n<div class=\"col-sm-1\">\n<\/div>\n<div class=\"col-sm-2\">\n<p><a class=\"button\" href=\"#kontakt\">3. Contacto<\/a><\/p>\n<\/div>\n<\/div>\n<hr \/>\n<h3 id=\"details\">1. Detalles<\/h3>\n<img loading=\"lazy\" decoding=\"async\" class=\"aligncenter size-full wp-image-5761\" src=\"https:\/\/linmot.com\/de\/wp-content\/uploads\/sites\/2\/2025\/04\/gripper-gm50-linmot.jpg\" alt=\"\" width=\"766\" height=\"495\" \/>\n<div class=\"row\">\n<div class=\"col-sm-6\">\n<ul>\n<li>Tiempo de apertura y cierre inferior a 20 ms<\/li>\n<li>Perfiles de movimiento libremente programables<\/li>\n<\/ul>\n<\/div>\n<div class=\"col-sm-6\">\n<ul>\n<li>Agarre con fuerza reducida mediante motor lineal<\/li>\n<li>Sostenible con bajo consumo de energ\u00eda<\/li>\n<\/ul>\n<\/div>\n<\/div>\n<div class=\"row\">\n<div class=\"col-sm-6\">\n<p><a class=\"button\" href=\"https:\/\/linmot.com\/de\/wp-content\/uploads\/sites\/2\/2024\/11\/Flyer_GM50_GM51_EN.pdf\" target=\"_blank\" rel=\"noopener\">Ir al folleto en ingl\u00e9s (PDF)<\/a><\/p>\n<\/div>\n<div class=\"col-sm-6\">\n<p><a class=\"button\" href=\"https:\/\/shop.linmot.com\/index.php?searchWord=GM50&amp;page=search&amp;resetSearch=1&amp;pageNav=1&amp;resetProductFilter=1&amp;offsetFulltextSearch=0&amp;offsetProduct=0\" target=\"_blank\" rel=\"noopener\">M\u00e1s detalles en el cat\u00e1logo electr\u00f3nico<\/a><\/p>\n<\/div>\n<\/div>\n<h3 id=\"videos\">2. v\u00eddeos<\/h3>\n<div class=\"row download\">\n<div class=\"col-md-6\">\n<h4 class=\"download-title\">Pinza servoaccionada LinMot GM50<\/h4>\n<p class=\"bodytext\" align=\"justify\">El servomotor de la pinza GM50 permite el posicionamiento individual de los dedos y el control ajustable de la fuerza, de modo que el agarre puede personalizarse. Una caracter\u00edstica de seguridad especial es la capacidad de mantener la fuerza de agarre MagSpring incluso en caso de fallo de alimentaci\u00f3n, mientras que la pinza puede abrirse f\u00e1cilmente con la mano.<\/p>\n<\/div>\n<div class=\"col-md-1\">\n<\/div>\n<div class=\"col-md-5\">\n<div class=\"brlbs-cmpnt-container brlbs-cmpnt-content-blocker brlbs-cmpnt-with-individual-styles\" data-borlabs-cookie-content-blocker-id=\"default\" data-borlabs-cookie-content=\"PGlmcmFtZSB0aXRsZT0iWW91VHViZSB2aWRlbyBwbGF5ZXIiIHNyYz0iaHR0cHM6Ly93d3cueW91dHViZS5jb20vZW1iZWQvcEROUTFhZGI3cEk\/c2k9dGxxdkhmNWJtRTByVXZhNCIgd2lkdGg9IjM5NCIgaGVpZ2h0PSIyMjAiIGZyYW1lYm9yZGVyPSIwIiBhbGxvd2Z1bGxzY3JlZW49ImFsbG93ZnVsbHNjcmVlbiI+PC9pZnJhbWU+\">\n<div class=\"brlbs-cmpnt-cb-preset-a\">\n<p class=\"brlbs-cmpnt-cb-description\">Est\u00e1s viendo un contenido de marcador de posici\u00f3n de <strong>Predeterminado<\/strong>. Para acceder al contenido real, haz clic en el siguiente bot\u00f3n. Ten en cuenta que al hacerlo compartir\u00e1s datos con terceros proveedores.<\/p>\n<div class=\"brlbs-cmpnt-cb-buttons\"> <a class=\"brlbs-cmpnt-cb-btn\" href=\"#\" data-borlabs-cookie-unblock role=\"button\">Desbloquear contenido<\/a> <a class=\"brlbs-cmpnt-cb-btn\" href=\"#\" data-borlabs-cookie-accept-service role=\"button\" style=\"display: none\">Aceptar el servicio requerido y desbloquear el contenido<\/a> <\/div>\n<p> <a class=\"brlbs-cmpnt-cb-provider-toggle\" href=\"#\" data-borlabs-cookie-show-provider-information role=\"button\">M\u00e1s informaci\u00f3n<\/a> <\/div>\n<\/div>\n<\/div>\n<\/div>\n<h3 id=\"kontakt\">3. Contacto<\/h3>\n<div class=\"row download\">\n<div class=\"col-md-6\">\n<h4 class=\"download-title\">Preguntas sobre la pinza GM50<\/h4>\n<p class=\"bodytext\">Estaremos encantados de responder a cualquier pregunta que pueda tener.<br \/>\nP\u00f3ngase en contacto con nosotros a trav\u00e9s del siguiente formulario o ll\u00e1menos al:<\/p>\n<p class=\"bodytext\">Tel: +49 (0)201 858940 0<\/p>\n<p class=\"bodytext\">El equipo LinMot<\/p>\n<\/div>\n<div class=\"col-md-1\">\n<\/div>\n<div class=\"col-md-5\">\n\n<div class=\"wpcf7 no-js\" id=\"wpcf7-f1752-o1\" lang=\"es-ES\" dir=\"ltr\" data-wpcf7-id=\"1752\">\n<div class=\"screen-reader-response\"><p role=\"status\" aria-live=\"polite\" aria-atomic=\"true\"><\/p> <ul><\/ul><\/div>\n<form action=\"\/es\/wp-json\/wp\/v2\/pages\/3573#wpcf7-f1752-o1\" method=\"post\" class=\"wpcf7-form init\" aria-label=\"Formulario de contacto\" novalidate=\"novalidate\" data-status=\"init\">\n<fieldset class=\"hidden-fields-container\"><input type=\"hidden\" name=\"_wpcf7\" value=\"1752\" \/><input type=\"hidden\" name=\"_wpcf7_version\" value=\"6.1.5\" \/><input type=\"hidden\" name=\"_wpcf7_locale\" value=\"es_ES\" \/><input type=\"hidden\" name=\"_wpcf7_unit_tag\" value=\"wpcf7-f1752-o1\" \/><input type=\"hidden\" name=\"_wpcf7_container_post\" value=\"0\" \/><input type=\"hidden\" name=\"_wpcf7_posted_data_hash\" value=\"\" \/><input type=\"hidden\" name=\"_wpcf7_recaptcha_response\" value=\"\" \/>\n<\/fieldset>\n<label> Tu nombre<br>\n    <span class=\"wpcf7-form-control-wrap\" data-name=\"your-name\"><input size=\"40\" maxlength=\"400\" class=\"wpcf7-form-control wpcf7-text wpcf7-validates-as-required\" aria-required=\"true\" aria-invalid=\"false\" value=\"\" type=\"text\" name=\"your-name\" \/><\/span> <\/label><br>\n<br>\n<label> Tu empresa<br>\n    <span class=\"wpcf7-form-control-wrap\" data-name=\"your-company\"><input size=\"40\" maxlength=\"400\" class=\"wpcf7-form-control wpcf7-text wpcf7-validates-as-required\" aria-required=\"true\" aria-invalid=\"false\" value=\"\" type=\"text\" name=\"your-company\" \/><\/span> <\/label><br>\n<br>\n<label> C\u00f3digo postal<br>\n    <span class=\"wpcf7-form-control-wrap\" data-name=\"your-plz\"><input class=\"wpcf7-form-control wpcf7-number wpcf7-validates-as-required wpcf7-validates-as-number\" aria-required=\"true\" aria-invalid=\"false\" value=\"\" type=\"number\" name=\"your-plz\" \/><\/span> <\/label>\n<br>\n<label> Pa\u00eds<br>\n    <span class=\"wpcf7-form-control-wrap\" data-name=\"your-country\"><input size=\"40\" maxlength=\"400\" class=\"wpcf7-form-control wpcf7-text wpcf7-validates-as-required\" aria-required=\"true\" aria-invalid=\"false\" value=\"\" type=\"text\" name=\"your-country\" \/><\/span> <\/label><br>\n<br>\n<label> Tu tel\u00e9fono<br>\n    <span class=\"wpcf7-form-control-wrap\" data-name=\"your-telephone\"><input size=\"40\" maxlength=\"400\" class=\"wpcf7-form-control wpcf7-tel wpcf7-validates-as-required wpcf7-text wpcf7-validates-as-tel\" aria-required=\"true\" aria-invalid=\"false\" value=\"\" type=\"tel\" name=\"your-telephone\" \/><\/span> <\/label><br>\n<br>\n<label> Tu correo electr\u00f3nico<br>\n    <span class=\"wpcf7-form-control-wrap\" data-name=\"your-email\"><input size=\"40\" maxlength=\"400\" class=\"wpcf7-form-control wpcf7-email wpcf7-validates-as-required wpcf7-text wpcf7-validates-as-email\" aria-required=\"true\" aria-invalid=\"false\" value=\"\" type=\"email\" name=\"your-email\" \/><\/span> <\/label><br>\n<br>\n<label> Asunto<br>\n    <span class=\"wpcf7-form-control-wrap\" data-name=\"your-subject\"><input size=\"40\" maxlength=\"400\" class=\"wpcf7-form-control wpcf7-text wpcf7-validates-as-required\" aria-required=\"true\" aria-invalid=\"false\" value=\"\" type=\"text\" name=\"your-subject\" \/><\/span> <\/label><br>\n<br>\n<label> Tu mensaje (opcional)<br>\n    <span class=\"wpcf7-form-control-wrap\" data-name=\"your-message\"><textarea cols=\"40\" rows=\"10\" maxlength=\"2000\" class=\"wpcf7-form-control wpcf7-textarea\" aria-invalid=\"false\" name=\"your-message\"><\/textarea><\/span> <\/label><br>\n<br>\n<input class=\"wpcf7-form-control wpcf7-submit has-spinner\" type=\"submit\" value=\"Enviar\" \/><div class=\"wpcf7-response-output\" aria-hidden=\"true\"><\/div>\n<\/form>\n<\/div>\n\n<\/div>\n<\/div>\n","protected":false},"excerpt":{"rendered":"<p>La GM50 es una pinza el\u00e9ctrica de alta velocidad dise\u00f1ada para manipular objetos ligeros a m\u00e1xima velocidad. Los dedos de la pinza est\u00e1n controlados por servoaccionamientos multifuncionales LinMot, lo que permite programar libremente sus caracter\u00edsticas de movimiento. Esto permite cumplir de forma \u00f3ptima los requisitos espec\u00edficos de cada aplicaci\u00f3n en cuanto a velocidad, posicionamiento y [&hellip;]<\/p>\n","protected":false},"author":9,"featured_media":0,"parent":3571,"menu_order":13,"comment_status":"closed","ping_status":"closed","template":"","meta":{"_acf_changed":false,"footnotes":""},"class_list":["post-3573","page","type-page","status-publish","hentry"],"acf":[],"yoast_head":"<!-- This site is optimized with the Yoast SEO Premium plugin v20.9 (Yoast SEO v27.3) - https:\/\/yoast.com\/product\/yoast-seo-premium-wordpress\/ -->\n<title>Pinza GM50 - LinMot &amp; MagSpring - Espa\u00f1ol<\/title>\n<meta name=\"description\" content=\"El primer producto de esta nueva gama de pinzas paralelas, la GM50, es una pinza el\u00e9ctrica de alta velocidad dise\u00f1ada para manipular objetos ligeros a la m\u00e1xima velocidad.\" \/>\n<meta name=\"robots\" content=\"index, follow, max-snippet:-1, max-image-preview:large, max-video-preview:-1\" \/>\n<link rel=\"canonical\" href=\"https:\/\/linmot.com\/es\/productos\/pinzas-pinzas-rotativas\/pinza-gm50\/\" \/>\n<meta property=\"og:locale\" content=\"es_ES\" \/>\n<meta property=\"og:type\" content=\"article\" \/>\n<meta property=\"og:title\" content=\"Pinza GM50 - LinMot &amp; MagSpring - Espa\u00f1ol\" \/>\n<meta property=\"og:description\" content=\"El primer producto de esta nueva gama de pinzas paralelas, la GM50, es una pinza el\u00e9ctrica de alta velocidad dise\u00f1ada para manipular objetos ligeros a la m\u00e1xima velocidad.\" \/>\n<meta property=\"og:url\" content=\"https:\/\/linmot.com\/es\/productos\/pinzas-pinzas-rotativas\/pinza-gm50\/\" \/>\n<meta property=\"og:site_name\" content=\"LinMot &amp; MagSpring - Espa\u00f1ol\" \/>\n<meta property=\"article:modified_time\" content=\"2025-04-10T15:09:43+00:00\" \/>\n<meta property=\"og:image\" content=\"https:\/\/linmot.com\/es\/wp-content\/uploads\/sites\/5\/2022\/05\/linmot-social-share-logo.jpg\" \/>\n\t<meta property=\"og:image:width\" content=\"800\" \/>\n\t<meta property=\"og:image:height\" content=\"500\" \/>\n\t<meta property=\"og:image:type\" content=\"image\/jpeg\" \/>\n<meta name=\"twitter:card\" content=\"summary_large_image\" \/>\n<meta name=\"twitter:title\" content=\"Pinza GM50 - LinMot &amp; MagSpring - Espa\u00f1ol\" \/>\n<meta name=\"twitter:description\" content=\"El primer producto de esta nueva gama de pinzas paralelas, la GM50, es una pinza el\u00e9ctrica de alta velocidad dise\u00f1ada para manipular objetos ligeros a la m\u00e1xima velocidad.\" \/>\n<meta name=\"twitter:label1\" content=\"Tiempo de lectura\" \/>\n\t<meta name=\"twitter:data1\" content=\"2 minutos\" \/>\n<script type=\"application\/ld+json\" class=\"yoast-schema-graph\">{\"@context\":\"https:\\\/\\\/schema.org\",\"@graph\":[{\"@type\":\"WebPage\",\"@id\":\"https:\\\/\\\/linmot.com\\\/es\\\/productos\\\/pinzas-pinzas-rotativas\\\/pinza-gm50\\\/\",\"url\":\"https:\\\/\\\/linmot.com\\\/es\\\/productos\\\/pinzas-pinzas-rotativas\\\/pinza-gm50\\\/\",\"name\":\"Pinza GM50 - LinMot &amp; MagSpring - Espa\u00f1ol\",\"isPartOf\":{\"@id\":\"https:\\\/\\\/linmot.com\\\/es\\\/#website\"},\"primaryImageOfPage\":{\"@id\":\"https:\\\/\\\/linmot.com\\\/es\\\/productos\\\/pinzas-pinzas-rotativas\\\/pinza-gm50\\\/#primaryimage\"},\"image\":{\"@id\":\"https:\\\/\\\/linmot.com\\\/es\\\/productos\\\/pinzas-pinzas-rotativas\\\/pinza-gm50\\\/#primaryimage\"},\"thumbnailUrl\":\"https:\\\/\\\/linmot.com\\\/de\\\/wp-content\\\/uploads\\\/sites\\\/2\\\/2025\\\/04\\\/gripper-gm50-linmot.jpg\",\"datePublished\":\"2024-11-06T15:25:37+00:00\",\"dateModified\":\"2025-04-10T15:09:43+00:00\",\"description\":\"El primer producto de esta nueva gama de pinzas paralelas, la GM50, es una pinza el\u00e9ctrica de alta velocidad dise\u00f1ada para manipular objetos ligeros a la m\u00e1xima velocidad.\",\"breadcrumb\":{\"@id\":\"https:\\\/\\\/linmot.com\\\/es\\\/productos\\\/pinzas-pinzas-rotativas\\\/pinza-gm50\\\/#breadcrumb\"},\"inLanguage\":\"es\",\"potentialAction\":[{\"@type\":\"ReadAction\",\"target\":[\"https:\\\/\\\/linmot.com\\\/es\\\/productos\\\/pinzas-pinzas-rotativas\\\/pinza-gm50\\\/\"]}]},{\"@type\":\"ImageObject\",\"inLanguage\":\"es\",\"@id\":\"https:\\\/\\\/linmot.com\\\/es\\\/productos\\\/pinzas-pinzas-rotativas\\\/pinza-gm50\\\/#primaryimage\",\"url\":\"https:\\\/\\\/linmot.com\\\/de\\\/wp-content\\\/uploads\\\/sites\\\/2\\\/2025\\\/04\\\/gripper-gm50-linmot.jpg\",\"contentUrl\":\"https:\\\/\\\/linmot.com\\\/de\\\/wp-content\\\/uploads\\\/sites\\\/2\\\/2025\\\/04\\\/gripper-gm50-linmot.jpg\"},{\"@type\":\"BreadcrumbList\",\"@id\":\"https:\\\/\\\/linmot.com\\\/es\\\/productos\\\/pinzas-pinzas-rotativas\\\/pinza-gm50\\\/#breadcrumb\",\"itemListElement\":[{\"@type\":\"ListItem\",\"position\":1,\"name\":\"Home\",\"item\":\"https:\\\/\\\/linmot.com\\\/es\\\/\"},{\"@type\":\"ListItem\",\"position\":2,\"name\":\"Productos\",\"item\":\"https:\\\/\\\/linmot.com\\\/es\\\/productos\\\/\"},{\"@type\":\"ListItem\",\"position\":3,\"name\":\"Pinzas el\u00e9ctricas\",\"item\":\"https:\\\/\\\/linmot.com\\\/es\\\/productos\\\/pinzas-pinzas-rotativas\\\/\"},{\"@type\":\"ListItem\",\"position\":4,\"name\":\"Pinza GM50\"}]},{\"@type\":\"WebSite\",\"@id\":\"https:\\\/\\\/linmot.com\\\/es\\\/#website\",\"url\":\"https:\\\/\\\/linmot.com\\\/es\\\/\",\"name\":\"LinMot &amp; MagSpring - Espa\u00f1ol\",\"description\":\"Motores lineales y sistemas de motores lineales de alta calidad\",\"publisher\":{\"@id\":\"https:\\\/\\\/linmot.com\\\/es\\\/#organization\"},\"potentialAction\":[{\"@type\":\"SearchAction\",\"target\":{\"@type\":\"EntryPoint\",\"urlTemplate\":\"https:\\\/\\\/linmot.com\\\/es\\\/?s={search_term_string}\"},\"query-input\":{\"@type\":\"PropertyValueSpecification\",\"valueRequired\":true,\"valueName\":\"search_term_string\"}}],\"inLanguage\":\"es\"},{\"@type\":\"Organization\",\"@id\":\"https:\\\/\\\/linmot.com\\\/es\\\/#organization\",\"name\":\"NTI AG - LinMot & MagSpring\",\"url\":\"https:\\\/\\\/linmot.com\\\/es\\\/\",\"logo\":{\"@type\":\"ImageObject\",\"inLanguage\":\"es\",\"@id\":\"https:\\\/\\\/linmot.com\\\/es\\\/#\\\/schema\\\/logo\\\/image\\\/\",\"url\":\"https:\\\/\\\/linmot.com\\\/es\\\/wp-content\\\/uploads\\\/sites\\\/5\\\/2022\\\/05\\\/linmot-social-share-logo.jpg\",\"contentUrl\":\"https:\\\/\\\/linmot.com\\\/es\\\/wp-content\\\/uploads\\\/sites\\\/5\\\/2022\\\/05\\\/linmot-social-share-logo.jpg\",\"width\":800,\"height\":500,\"caption\":\"NTI AG - LinMot & MagSpring\"},\"image\":{\"@id\":\"https:\\\/\\\/linmot.com\\\/es\\\/#\\\/schema\\\/logo\\\/image\\\/\"},\"sameAs\":[\"https:\\\/\\\/www.linkedin.com\\\/company\\\/nti-ag-linmot-magspring\",\"https:\\\/\\\/www.youtube.com\\\/user\\\/LinMotEurope\"]}]}<\/script>\n<!-- \/ Yoast SEO Premium plugin. -->","yoast_head_json":{"title":"Pinza GM50 - LinMot &amp; MagSpring - Espa\u00f1ol","description":"El primer producto de esta nueva gama de pinzas paralelas, la GM50, es una pinza el\u00e9ctrica de alta velocidad dise\u00f1ada para manipular objetos ligeros a la m\u00e1xima velocidad.","robots":{"index":"index","follow":"follow","max-snippet":"max-snippet:-1","max-image-preview":"max-image-preview:large","max-video-preview":"max-video-preview:-1"},"canonical":"https:\/\/linmot.com\/es\/productos\/pinzas-pinzas-rotativas\/pinza-gm50\/","og_locale":"es_ES","og_type":"article","og_title":"Pinza GM50 - LinMot &amp; MagSpring - Espa\u00f1ol","og_description":"El primer producto de esta nueva gama de pinzas paralelas, la GM50, es una pinza el\u00e9ctrica de alta velocidad dise\u00f1ada para manipular objetos ligeros a la m\u00e1xima velocidad.","og_url":"https:\/\/linmot.com\/es\/productos\/pinzas-pinzas-rotativas\/pinza-gm50\/","og_site_name":"LinMot &amp; MagSpring - Espa\u00f1ol","article_modified_time":"2025-04-10T15:09:43+00:00","og_image":[{"width":800,"height":500,"url":"https:\/\/linmot.com\/es\/wp-content\/uploads\/sites\/5\/2022\/05\/linmot-social-share-logo.jpg","type":"image\/jpeg"}],"twitter_card":"summary_large_image","twitter_title":"Pinza GM50 - LinMot &amp; MagSpring - Espa\u00f1ol","twitter_description":"El primer producto de esta nueva gama de pinzas paralelas, la GM50, es una pinza el\u00e9ctrica de alta velocidad dise\u00f1ada para manipular objetos ligeros a la m\u00e1xima velocidad.","twitter_misc":{"Tiempo de lectura":"2 minutos"},"schema":{"@context":"https:\/\/schema.org","@graph":[{"@type":"WebPage","@id":"https:\/\/linmot.com\/es\/productos\/pinzas-pinzas-rotativas\/pinza-gm50\/","url":"https:\/\/linmot.com\/es\/productos\/pinzas-pinzas-rotativas\/pinza-gm50\/","name":"Pinza GM50 - LinMot &amp; MagSpring - Espa\u00f1ol","isPartOf":{"@id":"https:\/\/linmot.com\/es\/#website"},"primaryImageOfPage":{"@id":"https:\/\/linmot.com\/es\/productos\/pinzas-pinzas-rotativas\/pinza-gm50\/#primaryimage"},"image":{"@id":"https:\/\/linmot.com\/es\/productos\/pinzas-pinzas-rotativas\/pinza-gm50\/#primaryimage"},"thumbnailUrl":"https:\/\/linmot.com\/de\/wp-content\/uploads\/sites\/2\/2025\/04\/gripper-gm50-linmot.jpg","datePublished":"2024-11-06T15:25:37+00:00","dateModified":"2025-04-10T15:09:43+00:00","description":"El primer producto de esta nueva gama de pinzas paralelas, la GM50, es una pinza el\u00e9ctrica de alta velocidad dise\u00f1ada para manipular objetos ligeros a la m\u00e1xima velocidad.","breadcrumb":{"@id":"https:\/\/linmot.com\/es\/productos\/pinzas-pinzas-rotativas\/pinza-gm50\/#breadcrumb"},"inLanguage":"es","potentialAction":[{"@type":"ReadAction","target":["https:\/\/linmot.com\/es\/productos\/pinzas-pinzas-rotativas\/pinza-gm50\/"]}]},{"@type":"ImageObject","inLanguage":"es","@id":"https:\/\/linmot.com\/es\/productos\/pinzas-pinzas-rotativas\/pinza-gm50\/#primaryimage","url":"https:\/\/linmot.com\/de\/wp-content\/uploads\/sites\/2\/2025\/04\/gripper-gm50-linmot.jpg","contentUrl":"https:\/\/linmot.com\/de\/wp-content\/uploads\/sites\/2\/2025\/04\/gripper-gm50-linmot.jpg"},{"@type":"BreadcrumbList","@id":"https:\/\/linmot.com\/es\/productos\/pinzas-pinzas-rotativas\/pinza-gm50\/#breadcrumb","itemListElement":[{"@type":"ListItem","position":1,"name":"Home","item":"https:\/\/linmot.com\/es\/"},{"@type":"ListItem","position":2,"name":"Productos","item":"https:\/\/linmot.com\/es\/productos\/"},{"@type":"ListItem","position":3,"name":"Pinzas el\u00e9ctricas","item":"https:\/\/linmot.com\/es\/productos\/pinzas-pinzas-rotativas\/"},{"@type":"ListItem","position":4,"name":"Pinza GM50"}]},{"@type":"WebSite","@id":"https:\/\/linmot.com\/es\/#website","url":"https:\/\/linmot.com\/es\/","name":"LinMot &amp; MagSpring - Espa\u00f1ol","description":"Motores lineales y sistemas de motores lineales de alta calidad","publisher":{"@id":"https:\/\/linmot.com\/es\/#organization"},"potentialAction":[{"@type":"SearchAction","target":{"@type":"EntryPoint","urlTemplate":"https:\/\/linmot.com\/es\/?s={search_term_string}"},"query-input":{"@type":"PropertyValueSpecification","valueRequired":true,"valueName":"search_term_string"}}],"inLanguage":"es"},{"@type":"Organization","@id":"https:\/\/linmot.com\/es\/#organization","name":"NTI AG - LinMot & MagSpring","url":"https:\/\/linmot.com\/es\/","logo":{"@type":"ImageObject","inLanguage":"es","@id":"https:\/\/linmot.com\/es\/#\/schema\/logo\/image\/","url":"https:\/\/linmot.com\/es\/wp-content\/uploads\/sites\/5\/2022\/05\/linmot-social-share-logo.jpg","contentUrl":"https:\/\/linmot.com\/es\/wp-content\/uploads\/sites\/5\/2022\/05\/linmot-social-share-logo.jpg","width":800,"height":500,"caption":"NTI AG - LinMot & MagSpring"},"image":{"@id":"https:\/\/linmot.com\/es\/#\/schema\/logo\/image\/"},"sameAs":["https:\/\/www.linkedin.com\/company\/nti-ag-linmot-magspring","https:\/\/www.youtube.com\/user\/LinMotEurope"]}]}},"_links":{"self":[{"href":"https:\/\/linmot.com\/es\/wp-json\/wp\/v2\/pages\/3573","targetHints":{"allow":["GET"]}}],"collection":[{"href":"https:\/\/linmot.com\/es\/wp-json\/wp\/v2\/pages"}],"about":[{"href":"https:\/\/linmot.com\/es\/wp-json\/wp\/v2\/types\/page"}],"author":[{"embeddable":true,"href":"https:\/\/linmot.com\/es\/wp-json\/wp\/v2\/users\/9"}],"replies":[{"embeddable":true,"href":"https:\/\/linmot.com\/es\/wp-json\/wp\/v2\/comments?post=3573"}],"version-history":[{"count":10,"href":"https:\/\/linmot.com\/es\/wp-json\/wp\/v2\/pages\/3573\/revisions"}],"predecessor-version":[{"id":3818,"href":"https:\/\/linmot.com\/es\/wp-json\/wp\/v2\/pages\/3573\/revisions\/3818"}],"up":[{"embeddable":true,"href":"https:\/\/linmot.com\/es\/wp-json\/wp\/v2\/pages\/3571"}],"wp:attachment":[{"href":"https:\/\/linmot.com\/es\/wp-json\/wp\/v2\/media?parent=3573"}],"curies":[{"name":"wp","href":"https:\/\/api.w.org\/{rel}","templated":true}]}}