{"id":3430,"date":"2024-07-08T07:30:42","date_gmt":"2024-07-08T07:30:42","guid":{"rendered":"https:\/\/linmot.com\/es\/?page_id=3430"},"modified":"2024-09-04T12:15:53","modified_gmt":"2024-09-04T12:15:53","slug":"life-science","status":"publish","type":"page","link":"https:\/\/linmot.com\/es\/soluciones-industriales\/life-science\/","title":{"rendered":"Life Science"},"content":{"rendered":"<p><strong>En el sector de la \u00abLife Science\u00bb, el dise\u00f1o de maquinaria para el procesamiento de productos es fundamental.<\/strong><\/p>\n<img loading=\"lazy\" decoding=\"async\" class=\"aligncenter wp-image-3431 size-full\" src=\"https:\/\/linmot.com\/es\/wp-content\/uploads\/sites\/5\/2024\/07\/LinMot-Solutions-Life-Science.jpg\" alt=\"Soluciones industriales para &quot;Life Science&quot;\" width=\"940\" height=\"300\" srcset=\"https:\/\/linmot.com\/es\/wp-content\/uploads\/sites\/5\/2024\/07\/LinMot-Solutions-Life-Science.jpg 940w, https:\/\/linmot.com\/es\/wp-content\/uploads\/sites\/5\/2024\/07\/LinMot-Solutions-Life-Science-300x96.jpg 300w, https:\/\/linmot.com\/es\/wp-content\/uploads\/sites\/5\/2024\/07\/LinMot-Solutions-Life-Science-768x245.jpg 768w\" sizes=\"auto, (max-width: 940px) 100vw, 940px\" \/>\n<p>El uso de equipos especializados de alta calidad es esencial para garantizar la precisi\u00f3n, fiabilidad y seguridad. Estas m\u00e1quinas deben cumplir normas estrictas, ya que hasta el m\u00e1s m\u00ednimo error puede afectar a los resultados y a la seguridad del producto. El uso de componentes de \u00faltima generaci\u00f3n, materiales duraderos y tecnolog\u00edas avanzadas garantiza un rendimiento excelente y duradero. Invertir en calidad no s\u00f3lo aumenta la eficacia de la producci\u00f3n, sino que tambi\u00e9n mejora la reputaci\u00f3n de la empresa y genera confianza y satisfacci\u00f3n en el cada vez m\u00e1s exigente mercado de la \u00abLife Science\u00bb.<\/p>\n<p>Los actuadores lineales de LinMot desempe\u00f1an un papel crucial en este sentido. Su alta precisi\u00f3n y repetibilidad los hacen ideales para aplicaciones que requieren un movimiento preciso, lo que es especialmente importante en la industria de la \u00abLife Science\u00bb. Los actuadores lineales de LinMot tambi\u00e9n ofrecen una fiabilidad excepcional, garantizando un proceso de producci\u00f3n fluido sin tiempos de inactividad imprevistos.<\/p>\n<p>Cabe destacar que los actuadores lineales LinMot tambi\u00e9n est\u00e1n disponibles en acero inoxidable. Esto los hace especialmente adecuados para entornos est\u00e9riles, ya que son f\u00e1ciles de limpiar y desinfectar y, por tanto, cumplen las normas de higiene m\u00e1s estrictas. Esta caracter\u00edstica es de especial importancia en la industria de la \u00abLife Science\u00bb, donde la limpieza y la higiene tienen la m\u00e1xima prioridad.<\/p>\n<p>En esta p\u00e1gina encontrar\u00e1 una visi\u00f3n general de todos los productos LinMot:<\/p>\n<p><a class=\"button\" href=\"\/es\/los-productos-de-linmot-y-magspring\/\">A la visi\u00f3n general de los productos<\/a><\/p>\n<hr \/>\n<h2>Informes de aplicaci\u00f3n de la industria \u00abLife Science\u00bb<\/h2>\n<div class=\"row download\">\n<div class=\"col-md-3\">\n<h4 class=\"download-title\">La producci\u00f3n farmac\u00e9utica en tiempos de la pandemia de Covid 19<\/h4>\n<p class=\"bodytext\" align=\"justify\">Sistemas de llenado y tapado multiformato de Zellwag Pharmtech AG con motores de elevaci\u00f3n y rotaci\u00f3n precisos de LinMot.<\/p>\n<p><a class=\"button\" href=\"\/es\/blog\/la-produccion-farmaceutica-en-tiempos-de-la-pandemia-de-covid-19\/\">M\u00e1s informaci\u00f3n<\/a><br \/>\n<\/div>\n<div class=\"col-md-2\">\n<img loading=\"lazy\" decoding=\"async\" class=\"alignnone wp-image-3296 size-full\" src=\"https:\/\/linmot.com\/wp-content\/uploads\/2022\/08\/pharmaceutical-production-during-covid-19-application-report.jpg\" alt=\"\" width=\"220\" height=\"220\" \/><br \/>\n<\/div>\n<div class=\"col-md-2\">\n<\/div>\n<div class=\"col-md-3\">\n<h4 class=\"download-title\">Sistemas LinMot en m\u00e1quinas farmac\u00e9uticas de AFAQ<\/h4>\n<p class=\"bodytext\" align=\"justify\">El sector farmac\u00e9utico est\u00e1 considerado como uno de los m\u00e1s exigentes en el \u00e1mbito industrial. Los dise\u00f1adores y constructores de m\u00e1quinas deben tener en cuenta muchas reglas y normas, as\u00ed como la aplicaci\u00f3n obligatoria de las cGMP (buenas pr\u00e1cticas de fabricaci\u00f3n actuales).<\/p>\n<p><a class=\"button\" href=\"\/es\/blog\/sistemas-linmot-en-maquinas-farmaceuticas-de-afaq\/\">M\u00e1s informaci\u00f3n<\/a><br \/>\n<\/div>\n<div class=\"col-md-2\">\n<img loading=\"lazy\" decoding=\"async\" class=\"alignnone size-full wp-image-1936\" src=\"https:\/\/linmot.com\/de\/wp-content\/uploads\/sites\/2\/2023\/01\/vorschau-afaq-application-report.jpg\" alt=\"\" width=\"220\" height=\"220\" \/><br \/>\n<\/div>\n<\/div>\n<div class=\"row download\">\n<div class=\"col-md-3\">\n<h4 class=\"download-title\">La lucha contra la falsificaci\u00f3n de medicamentos<\/h4>\n<p class=\"bodytext\" align=\"justify\">75.000 millones de d\u00f3lares estadounidenses al a\u00f1o. Seg\u00fan la Organizaci\u00f3n Mundial de la Salud (OMS), este es el valor de mercado estimado de los medicamentos falsificados en todo el mundo. Un statu quo insostenible de la pol\u00edtica farmac\u00e9utica. Con m\u00e1s de 6.000 millones de productos procesados al a\u00f1o y con la tecnolog\u00eda de accionamiento lineal l\u00edder de LinMot, las exclusivas m\u00e1quinas codificadoras de Hicof encabezan la iniciativa contra la falsificaci\u00f3n.<\/p>\n<p><a class=\"button\" href=\"\/es\/blog\/la-lucha-contra-la-falsificacion-de-medicamentos\/\">M\u00e1s informaci\u00f3n<\/a><br \/>\n<\/div>\n<div class=\"col-md-2\">\n<img loading=\"lazy\" decoding=\"async\" class=\"aligncenter size-full wp-image-4070\" src=\"https:\/\/linmot.com\/de\/wp-content\/uploads\/sites\/2\/2023\/02\/vorschau-kampf-medikamentenfaelschung.jpg\" alt=\"\" width=\"220\" height=\"220\" \/><br \/>\n<\/div>\n<div class=\"col-md-2\">\n<\/div>\n<div class=\"col-md-3\">\n<\/div>\n<div class=\"col-md-2\">\n<\/div>\n<\/div>\n","protected":false},"excerpt":{"rendered":"<p>En el sector de la \u00abLife Science\u00bb, el dise\u00f1o de maquinaria para el procesamiento de productos es fundamental. El uso de equipos especializados de alta calidad es esencial para garantizar la precisi\u00f3n, fiabilidad y seguridad. Estas m\u00e1quinas deben cumplir normas estrictas, ya que hasta el m\u00e1s m\u00ednimo error puede afectar a los resultados y a [&hellip;]<\/p>\n","protected":false},"author":9,"featured_media":0,"parent":8,"menu_order":19,"comment_status":"closed","ping_status":"closed","template":"","meta":{"_acf_changed":false,"footnotes":""},"class_list":["post-3430","page","type-page","status-publish","hentry"],"acf":[],"yoast_head":"<!-- This site is optimized with the Yoast SEO Premium plugin v20.9 (Yoast SEO v27.4) - https:\/\/yoast.com\/product\/yoast-seo-premium-wordpress\/ -->\n<title>Life Science - LinMot &amp; MagSpring - Espa\u00f1ol<\/title>\n<meta name=\"description\" content=\"En el sector de las ciencias de la vida, el dise\u00f1o de maquinaria para el procesamiento de productos es fundamental. Nuestras soluciones para la &quot;Life Science&quot;.\" \/>\n<meta name=\"robots\" content=\"index, follow, max-snippet:-1, max-image-preview:large, max-video-preview:-1\" \/>\n<link rel=\"canonical\" href=\"https:\/\/linmot.com\/es\/soluciones-industriales\/life-science\/\" \/>\n<meta property=\"og:locale\" content=\"es_ES\" \/>\n<meta property=\"og:type\" content=\"article\" \/>\n<meta property=\"og:title\" content=\"Life Science - Soluciones industriales | LinMot &amp; MagSpring\" \/>\n<meta property=\"og:description\" content=\"En el sector de la &quot;Life Science&quot;, el dise\u00f1o de maquinaria para el procesamiento de productos es fundamental.\" \/>\n<meta property=\"og:url\" content=\"https:\/\/linmot.com\/es\/soluciones-industriales\/life-science\/\" \/>\n<meta property=\"og:site_name\" content=\"LinMot &amp; MagSpring - Espa\u00f1ol\" \/>\n<meta property=\"article:modified_time\" content=\"2024-09-04T12:15:53+00:00\" \/>\n<meta property=\"og:image\" content=\"https:\/\/linmot.com\/es\/wp-content\/uploads\/sites\/5\/2024\/07\/LinMot-Solutions-Life-Science.jpg\" \/>\n<meta name=\"twitter:card\" content=\"summary_large_image\" \/>\n<meta name=\"twitter:title\" content=\"Life Science\" \/>\n<meta name=\"twitter:label1\" content=\"Tiempo de lectura\" \/>\n\t<meta name=\"twitter:data1\" content=\"3 minutos\" \/>\n<script type=\"application\/ld+json\" class=\"yoast-schema-graph\">{\"@context\":\"https:\\\/\\\/schema.org\",\"@graph\":[{\"@type\":\"WebPage\",\"@id\":\"https:\\\/\\\/linmot.com\\\/es\\\/soluciones-industriales\\\/life-science\\\/\",\"url\":\"https:\\\/\\\/linmot.com\\\/es\\\/soluciones-industriales\\\/life-science\\\/\",\"name\":\"Life Science - LinMot &amp; MagSpring - Espa\u00f1ol\",\"isPartOf\":{\"@id\":\"https:\\\/\\\/linmot.com\\\/es\\\/#website\"},\"primaryImageOfPage\":{\"@id\":\"https:\\\/\\\/linmot.com\\\/es\\\/soluciones-industriales\\\/life-science\\\/#primaryimage\"},\"image\":{\"@id\":\"https:\\\/\\\/linmot.com\\\/es\\\/soluciones-industriales\\\/life-science\\\/#primaryimage\"},\"thumbnailUrl\":\"https:\\\/\\\/linmot.com\\\/es\\\/wp-content\\\/uploads\\\/sites\\\/5\\\/2024\\\/07\\\/LinMot-Solutions-Life-Science.jpg\",\"datePublished\":\"2024-07-08T07:30:42+00:00\",\"dateModified\":\"2024-09-04T12:15:53+00:00\",\"description\":\"En el sector de las ciencias de la vida, el dise\u00f1o de maquinaria para el procesamiento de productos es fundamental. Nuestras soluciones para la \\\"Life Science\\\".\",\"breadcrumb\":{\"@id\":\"https:\\\/\\\/linmot.com\\\/es\\\/soluciones-industriales\\\/life-science\\\/#breadcrumb\"},\"inLanguage\":\"es\",\"potentialAction\":[{\"@type\":\"ReadAction\",\"target\":[\"https:\\\/\\\/linmot.com\\\/es\\\/soluciones-industriales\\\/life-science\\\/\"]}]},{\"@type\":\"ImageObject\",\"inLanguage\":\"es\",\"@id\":\"https:\\\/\\\/linmot.com\\\/es\\\/soluciones-industriales\\\/life-science\\\/#primaryimage\",\"url\":\"https:\\\/\\\/linmot.com\\\/es\\\/wp-content\\\/uploads\\\/sites\\\/5\\\/2024\\\/07\\\/LinMot-Solutions-Life-Science.jpg\",\"contentUrl\":\"https:\\\/\\\/linmot.com\\\/es\\\/wp-content\\\/uploads\\\/sites\\\/5\\\/2024\\\/07\\\/LinMot-Solutions-Life-Science.jpg\",\"width\":940,\"height\":300,\"caption\":\"Soluciones industriales para \\\"Life Science\\\"\"},{\"@type\":\"BreadcrumbList\",\"@id\":\"https:\\\/\\\/linmot.com\\\/es\\\/soluciones-industriales\\\/life-science\\\/#breadcrumb\",\"itemListElement\":[{\"@type\":\"ListItem\",\"position\":1,\"name\":\"Home\",\"item\":\"https:\\\/\\\/linmot.com\\\/es\\\/\"},{\"@type\":\"ListItem\",\"position\":2,\"name\":\"Soluciones industriales\",\"item\":\"https:\\\/\\\/linmot.com\\\/es\\\/soluciones-industriales\\\/\"},{\"@type\":\"ListItem\",\"position\":3,\"name\":\"Life Science\"}]},{\"@type\":\"WebSite\",\"@id\":\"https:\\\/\\\/linmot.com\\\/es\\\/#website\",\"url\":\"https:\\\/\\\/linmot.com\\\/es\\\/\",\"name\":\"LinMot &amp; MagSpring - Espa\u00f1ol\",\"description\":\"Motores lineales y sistemas de motores lineales de alta calidad\",\"publisher\":{\"@id\":\"https:\\\/\\\/linmot.com\\\/es\\\/#organization\"},\"potentialAction\":[{\"@type\":\"SearchAction\",\"target\":{\"@type\":\"EntryPoint\",\"urlTemplate\":\"https:\\\/\\\/linmot.com\\\/es\\\/?s={search_term_string}\"},\"query-input\":{\"@type\":\"PropertyValueSpecification\",\"valueRequired\":true,\"valueName\":\"search_term_string\"}}],\"inLanguage\":\"es\"},{\"@type\":\"Organization\",\"@id\":\"https:\\\/\\\/linmot.com\\\/es\\\/#organization\",\"name\":\"NTI AG - LinMot & MagSpring\",\"url\":\"https:\\\/\\\/linmot.com\\\/es\\\/\",\"logo\":{\"@type\":\"ImageObject\",\"inLanguage\":\"es\",\"@id\":\"https:\\\/\\\/linmot.com\\\/es\\\/#\\\/schema\\\/logo\\\/image\\\/\",\"url\":\"https:\\\/\\\/linmot.com\\\/es\\\/wp-content\\\/uploads\\\/sites\\\/5\\\/2022\\\/05\\\/linmot-social-share-logo.jpg\",\"contentUrl\":\"https:\\\/\\\/linmot.com\\\/es\\\/wp-content\\\/uploads\\\/sites\\\/5\\\/2022\\\/05\\\/linmot-social-share-logo.jpg\",\"width\":800,\"height\":500,\"caption\":\"NTI AG - LinMot & MagSpring\"},\"image\":{\"@id\":\"https:\\\/\\\/linmot.com\\\/es\\\/#\\\/schema\\\/logo\\\/image\\\/\"},\"sameAs\":[\"https:\\\/\\\/www.linkedin.com\\\/company\\\/nti-ag-linmot-magspring\",\"https:\\\/\\\/www.youtube.com\\\/user\\\/LinMotEurope\"]}]}<\/script>\n<!-- \/ Yoast SEO Premium plugin. -->","yoast_head_json":{"title":"Life Science - LinMot &amp; MagSpring - Espa\u00f1ol","description":"En el sector de las ciencias de la vida, el dise\u00f1o de maquinaria para el procesamiento de productos es fundamental. Nuestras soluciones para la \"Life Science\".","robots":{"index":"index","follow":"follow","max-snippet":"max-snippet:-1","max-image-preview":"max-image-preview:large","max-video-preview":"max-video-preview:-1"},"canonical":"https:\/\/linmot.com\/es\/soluciones-industriales\/life-science\/","og_locale":"es_ES","og_type":"article","og_title":"Life Science - Soluciones industriales | LinMot & MagSpring","og_description":"En el sector de la \"Life Science\", el dise\u00f1o de maquinaria para el procesamiento de productos es fundamental.","og_url":"https:\/\/linmot.com\/es\/soluciones-industriales\/life-science\/","og_site_name":"LinMot &amp; MagSpring - Espa\u00f1ol","article_modified_time":"2024-09-04T12:15:53+00:00","og_image":[{"url":"https:\/\/linmot.com\/es\/wp-content\/uploads\/sites\/5\/2024\/07\/LinMot-Solutions-Life-Science.jpg","type":"","width":"","height":""}],"twitter_card":"summary_large_image","twitter_title":"Life Science","twitter_misc":{"Tiempo de lectura":"3 minutos"},"schema":{"@context":"https:\/\/schema.org","@graph":[{"@type":"WebPage","@id":"https:\/\/linmot.com\/es\/soluciones-industriales\/life-science\/","url":"https:\/\/linmot.com\/es\/soluciones-industriales\/life-science\/","name":"Life Science - LinMot &amp; MagSpring - Espa\u00f1ol","isPartOf":{"@id":"https:\/\/linmot.com\/es\/#website"},"primaryImageOfPage":{"@id":"https:\/\/linmot.com\/es\/soluciones-industriales\/life-science\/#primaryimage"},"image":{"@id":"https:\/\/linmot.com\/es\/soluciones-industriales\/life-science\/#primaryimage"},"thumbnailUrl":"https:\/\/linmot.com\/es\/wp-content\/uploads\/sites\/5\/2024\/07\/LinMot-Solutions-Life-Science.jpg","datePublished":"2024-07-08T07:30:42+00:00","dateModified":"2024-09-04T12:15:53+00:00","description":"En el sector de las ciencias de la vida, el dise\u00f1o de maquinaria para el procesamiento de productos es fundamental. Nuestras soluciones para la \"Life Science\".","breadcrumb":{"@id":"https:\/\/linmot.com\/es\/soluciones-industriales\/life-science\/#breadcrumb"},"inLanguage":"es","potentialAction":[{"@type":"ReadAction","target":["https:\/\/linmot.com\/es\/soluciones-industriales\/life-science\/"]}]},{"@type":"ImageObject","inLanguage":"es","@id":"https:\/\/linmot.com\/es\/soluciones-industriales\/life-science\/#primaryimage","url":"https:\/\/linmot.com\/es\/wp-content\/uploads\/sites\/5\/2024\/07\/LinMot-Solutions-Life-Science.jpg","contentUrl":"https:\/\/linmot.com\/es\/wp-content\/uploads\/sites\/5\/2024\/07\/LinMot-Solutions-Life-Science.jpg","width":940,"height":300,"caption":"Soluciones industriales para \"Life Science\""},{"@type":"BreadcrumbList","@id":"https:\/\/linmot.com\/es\/soluciones-industriales\/life-science\/#breadcrumb","itemListElement":[{"@type":"ListItem","position":1,"name":"Home","item":"https:\/\/linmot.com\/es\/"},{"@type":"ListItem","position":2,"name":"Soluciones industriales","item":"https:\/\/linmot.com\/es\/soluciones-industriales\/"},{"@type":"ListItem","position":3,"name":"Life Science"}]},{"@type":"WebSite","@id":"https:\/\/linmot.com\/es\/#website","url":"https:\/\/linmot.com\/es\/","name":"LinMot &amp; MagSpring - Espa\u00f1ol","description":"Motores lineales y sistemas de motores lineales de alta calidad","publisher":{"@id":"https:\/\/linmot.com\/es\/#organization"},"potentialAction":[{"@type":"SearchAction","target":{"@type":"EntryPoint","urlTemplate":"https:\/\/linmot.com\/es\/?s={search_term_string}"},"query-input":{"@type":"PropertyValueSpecification","valueRequired":true,"valueName":"search_term_string"}}],"inLanguage":"es"},{"@type":"Organization","@id":"https:\/\/linmot.com\/es\/#organization","name":"NTI AG - LinMot & MagSpring","url":"https:\/\/linmot.com\/es\/","logo":{"@type":"ImageObject","inLanguage":"es","@id":"https:\/\/linmot.com\/es\/#\/schema\/logo\/image\/","url":"https:\/\/linmot.com\/es\/wp-content\/uploads\/sites\/5\/2022\/05\/linmot-social-share-logo.jpg","contentUrl":"https:\/\/linmot.com\/es\/wp-content\/uploads\/sites\/5\/2022\/05\/linmot-social-share-logo.jpg","width":800,"height":500,"caption":"NTI AG - LinMot & MagSpring"},"image":{"@id":"https:\/\/linmot.com\/es\/#\/schema\/logo\/image\/"},"sameAs":["https:\/\/www.linkedin.com\/company\/nti-ag-linmot-magspring","https:\/\/www.youtube.com\/user\/LinMotEurope"]}]}},"_links":{"self":[{"href":"https:\/\/linmot.com\/es\/wp-json\/wp\/v2\/pages\/3430","targetHints":{"allow":["GET"]}}],"collection":[{"href":"https:\/\/linmot.com\/es\/wp-json\/wp\/v2\/pages"}],"about":[{"href":"https:\/\/linmot.com\/es\/wp-json\/wp\/v2\/types\/page"}],"author":[{"embeddable":true,"href":"https:\/\/linmot.com\/es\/wp-json\/wp\/v2\/users\/9"}],"replies":[{"embeddable":true,"href":"https:\/\/linmot.com\/es\/wp-json\/wp\/v2\/comments?post=3430"}],"version-history":[{"count":5,"href":"https:\/\/linmot.com\/es\/wp-json\/wp\/v2\/pages\/3430\/revisions"}],"predecessor-version":[{"id":3445,"href":"https:\/\/linmot.com\/es\/wp-json\/wp\/v2\/pages\/3430\/revisions\/3445"}],"up":[{"embeddable":true,"href":"https:\/\/linmot.com\/es\/wp-json\/wp\/v2\/pages\/8"}],"wp:attachment":[{"href":"https:\/\/linmot.com\/es\/wp-json\/wp\/v2\/media?parent=3430"}],"curies":[{"name":"wp","href":"https:\/\/api.w.org\/{rel}","templated":true}]}}