{"id":3150,"date":"2024-01-15T09:32:44","date_gmt":"2024-01-15T09:32:44","guid":{"rendered":"https:\/\/linmot.com\/es\/?page_id=3150"},"modified":"2026-01-08T11:26:59","modified_gmt":"2026-01-08T10:26:59","slug":"linear-de-linmot","status":"publish","type":"page","link":"https:\/\/linmot.com\/es\/linear-de-linmot\/","title":{"rendered":"LINEAR de LinMot"},"content":{"rendered":"<p><strong>Las historias de \u00e9xito rara vez son lineales. Se caracterizan por retos y oportunidades, iteraciones y rotaciones. Con LINEAR, queremos contarle exactamente estas historias. Historias de emprendedores que toman caminos innovadores con LinMot, de desarrolladores que superan obst\u00e1culos con nuestro apoyo y de clientes que logran sus objetivos con nuestros productos y servicios.<\/strong><\/p>\n<p><strong>Adem\u00e1s de apasionantes historias de \u00e9xito de nuestros clientes, le ofrecemos informaci\u00f3n detallada sobre las innovaciones de nuestros productos. Adem\u00e1s, algunos art\u00edculos se centrar\u00e1n en hechos y cifras relacionados con nuestros motores lineales que le sorprender\u00e1n.<\/strong><\/p>\n<hr \/>\n<h3 id=\"3rd\">\u00bfQu\u00e9 puede esperar del \u00faltimo n\u00famero de LINEAR?<\/h3>\n<img loading=\"lazy\" decoding=\"async\" class=\"wp-image-6146 size-full aligncenter\" src=\"https:\/\/linmot.com\/de\/wp-content\/uploads\/sites\/2\/2025\/12\/linear-nov-25.jpg\" alt=\"\" width=\"454\" height=\"408\" \/>\n<p><strong>Art\u00edculos sobre nuestros productos<\/strong><\/p>\n<ul>\n<li>Nuevos productos | Acero inoxidable en una nueva forma<\/li>\n<li>Nuevos productos | Sistemas modulares para una mayor flexibilidad<\/li>\n<li>Nuevos productos | Nuestros nuevos accionamientos de un vistazo<\/li>\n<li>Nuevas dimensiones | M\u00e1s tama\u00f1os de m\u00f3dulos y motores<\/li>\n<li>MagSpring | Una soluci\u00f3n magn\u00e9tica para reducir la tensi\u00f3n<\/li>\n<li>LinMot Pilot | La nueva plataforma de control sin c\u00f3digo<\/li>\n<\/ul>\n<p><strong>Casos de \u00e9xito<\/strong><\/p>\n<ul>\n<li>KISTLER | Socios fuertes, rendimiento fuerte<\/li>\n<li>TEAM Automation Berlin | Robots planos LinMot en uso<\/li>\n<\/ul>\n<p><strong>Datos y cifras<\/strong><\/p>\n<ul>\n<li>Nueva p\u00e1gina web | Avances en un nuevo dise\u00f1o<\/li>\n<li>Cronolog\u00eda | Un viaje con impulso<\/li>\n<li>LinMot GmbH | Presentamos a nuestro equipo<\/li>\n<li>Pr\u00f3ximamente | Un vistazo a las pr\u00f3ximas innovaciones<\/li>\n<\/ul>\n<p><a class=\"button\" href=\"https:\/\/linmot.com\/fileadmin\/user_upload\/Downloads\/LINEAR\/linear_doppelseite_2025_en.pdf\" target=\"_blank\" rel=\"noopener\">Descarga el tercer n\u00famero de LINEAR (PDF)<\/a><\/p>\n<hr \/>\n<h3 id=\"2nd\">\u00bfQu\u00e9 puede esperar del segundo n\u00famero de LINEAR?<\/h3>\n<img loading=\"lazy\" decoding=\"async\" class=\"aligncenter wp-image-5451 size-full\" src=\"https:\/\/linmot.com\/de\/wp-content\/uploads\/sites\/2\/2024\/11\/linear-ausgabe-2-cover.jpg\" alt=\"\" width=\"454\" height=\"408\" \/>\n<p><strong>Art\u00edculos sobre nuestros productos<\/strong><\/p>\n<ul>\n<li>GM02 Pinza in acciaio inox<\/li>\n<li>DM03 Asse Z con equalizzazione del carico integrata<\/li>\n<li>Blu all&#8217;esterno Verde all&#8217;interno &#8211; LinMot ad Anuga FoodTec<\/li>\n<li>GM50 Pinza ad alta velocit\u00e0<\/li>\n<li>GM51 Pinza rotante ad alta velocit\u00e0<\/li>\n<li>PR02 Applicazione a braccio di leva per pick-and-place<\/li>\n<li>PR03 Corsa lunga e massa ridotta per uno smistamento perfetto<\/li>\n<li>Azionamenti versatili con sicurezza funzionale<\/li>\n<\/ul>\n<p><strong>Casos de \u00e9xito<\/strong><\/p>\n<ul>\n<li>LinMot | Investiamo nel vostro futuro: il centro di ricerca e sviluppo LinMot<\/li>\n<li>APA | La nuova linea di riempimento \u00e8 uno showroom di soluzioni di azionamento intelligenti<\/li>\n<li>Weckerle Machines | Cos&#8217;\u00e8 la Skinification? LinMot come motore delle nuove tendenze cosmetiche<\/li>\n<li>PAMOCO | Il futuro \u00e8 arrivato<\/li>\n<li>PROVICURVE | I sistemi di scarto intelligenti con LinMot migliorano molte cose<\/li>\n<\/ul>\n<p><strong>Datos y cifras<\/strong><\/p>\n<ul>\n<li>Lo sapete gi\u00e0? Il nostro nuovo design<\/li>\n<li>Sapevate di conoscere gi\u00e0 LinMot? LinMot nell&#8217;industria automobilistica<\/li>\n<li>Hall of Fame<\/li>\n<\/ul>\n<p><a class=\"button\" href=\"https:\/\/linmot.com\/fileadmin\/user_upload\/Downloads\/LINEAR\/linear_doppelseite_2024_en.pdf\" target=\"_blank\" rel=\"noopener\">Descargar el segundo n\u00famero de LINEAR (PDF)<\/a><\/p>\n<hr \/>\n<h3>Hojee el segundo n\u00famero de LINEAR en ingl\u00e9s<\/h3>\n<div class=\"brlbs-cmpnt-container brlbs-cmpnt-content-blocker brlbs-cmpnt-with-individual-styles\" data-borlabs-cookie-content-blocker-id=\"yumpu\" data-borlabs-cookie-content=\"PGlmcmFtZSBzcmM9Imh0dHBzOi8vd3d3Lnl1bXB1LmNvbS9lbi9lbWJlZC92aWV3L25nQm1ScExQSGpoNk9FTjgiIHdpZHRoPSI5NDBweCIgaGVpZ2h0PSI3MzdweCIgZnJhbWVib3JkZXI9IjAiIGFsbG93ZnVsbHNjcmVlbj0iYWxsb3dmdWxsc2NyZWVuIj48L2lmcmFtZT4=\">\n<div class=\"brlbs-cmpnt-cb-preset-a\">\n<p class=\"brlbs-cmpnt-cb-description\">Est\u00e1s viendo un contenido de marcador de posici\u00f3n de <strong>Yumpu<\/strong>. Para acceder al contenido real, haz clic en el siguiente bot\u00f3n. Ten en cuenta que al hacerlo compartir\u00e1s datos con terceros proveedores.<\/p>\n<div class=\"brlbs-cmpnt-cb-buttons\"> <a class=\"brlbs-cmpnt-cb-btn\" href=\"#\" data-borlabs-cookie-unblock role=\"button\">Desbloquear contenido<\/a> <a class=\"brlbs-cmpnt-cb-btn\" href=\"#\" data-borlabs-cookie-accept-service role=\"button\" style=\"display: inherit\">Aceptar el servicio requerido y desbloquear los contenidos<\/a> <\/div>\n<p> <a class=\"brlbs-cmpnt-cb-provider-toggle\" href=\"#\" data-borlabs-cookie-show-provider-information role=\"button\">M\u00e1s informaci\u00f3n<\/a> <\/div>\n<\/div>\n<hr \/>\n<h3 id=\"1st\">\u00bfQu\u00e9 le espera en el primer n\u00famero de LINEAR?<\/h3>\n<img loading=\"lazy\" decoding=\"async\" class=\"aligncenter wp-image-4774 size-full\" src=\"https:\/\/linmot.com\/de\/wp-content\/uploads\/sites\/2\/2023\/11\/linear-3d-darstellung.png\" alt=\"\" width=\"454\" height=\"408\" \/>\n<p><strong>Art\u00edculos sobre nuestros productos<\/strong><\/p>\n<ul>\n<li>Motor rotativo lineal<\/li>\n<li>Accionamiento Multi Interface LinMot<\/li>\n<li>M\u00f3dulo lineal DM03<\/li>\n<li>M\u00f3dulo tecnol\u00f3gico LinMot TM01<\/li>\n<li>Seguridad funcional<\/li>\n<li>P01-48-M01 con brida de montaje integrada<\/li>\n<li>M\u00f3dulo de pinza GM01<\/li>\n<li>Carril transformador<\/li>\n<li>Preguntas y respuestas sobre los m\u00f3dulos lineales LinMot compatibles con salas limpias<\/li>\n<\/ul>\n<p><strong>Casos de \u00e9xito<\/strong><\/p>\n<ul>\n<li>GARDENA | Ni una gota en el oc\u00e9ano: c\u00f3mo hacer llegar el agua gota a gota a donde las plantas la necesitan: a las ra\u00edces.<\/li>\n<li>Kr\u00f6ning | Ponga en marcha su circulaci\u00f3n: Por una revoluci\u00f3n respetuosa con el clima en la industria del envasado.<\/li>\n<li>Emmi | Por favor, no derrame: \u00bfC\u00f3mo puedo evitar que se derrame la leche al abrir el envase de cart\u00f3n?<\/li>\n<\/ul>\n<p><strong>Datos y cifras<\/strong><\/p>\n<ul>\n<li>LinMot en Las Vegas: La mayor feria del a\u00f1o en Norteam\u00e9rica<\/li>\n<li>Y acci\u00f3n!: Nuestros mejores v\u00eddeos en la web<\/li>\n<li>\u00bfQuiere saber a\u00fan m\u00e1s sobre nosotros? Nuestros canales en las redes sociales son cada vez m\u00e1s activos<\/li>\n<li>Soporte en el punto de mira: Presentaci\u00f3n del equipo de soporte de LinMot<\/li>\n<li>Datos t\u00e9cnicos: \u00bfSab\u00eda que&#8230; ?<\/li>\n<\/ul>\n<p><a class=\"button\" href=\"https:\/\/linmot.com\/wp-content\/uploads\/2024\/01\/linmot_linear_2024_en.pdf\" target=\"_blank\" rel=\"noopener\">Primer n\u00famero de LINEAR para descargar (PDF)<\/a><\/p>\n<hr \/>\n<h3>El primer n\u00famero de LINEAR para hojear en ingl\u00e9s<\/h3>\n<div class=\"brlbs-cmpnt-container brlbs-cmpnt-content-blocker brlbs-cmpnt-with-individual-styles\" data-borlabs-cookie-content-blocker-id=\"yumpu\" data-borlabs-cookie-content=\"PGlmcmFtZSBzcmM9Imh0dHBzOi8vd3d3Lnl1bXB1LmNvbS9lbi9lbWJlZC92aWV3L3AyYkNZbU9MOXpkTnJVVFYiIHdpZHRoPSI5NDBweCIgaGVpZ2h0PSI3NDlweCIgZnJhbWVib3JkZXI9IjAiIGFsbG93ZnVsbHNjcmVlbj0iYWxsb3dmdWxsc2NyZWVuIj48L2lmcmFtZT4=\">\n<div class=\"brlbs-cmpnt-cb-preset-a\">\n<p class=\"brlbs-cmpnt-cb-description\">Est\u00e1s viendo un contenido de marcador de posici\u00f3n de <strong>Yumpu<\/strong>. Para acceder al contenido real, haz clic en el siguiente bot\u00f3n. Ten en cuenta que al hacerlo compartir\u00e1s datos con terceros proveedores.<\/p>\n<div class=\"brlbs-cmpnt-cb-buttons\"> <a class=\"brlbs-cmpnt-cb-btn\" href=\"#\" data-borlabs-cookie-unblock role=\"button\">Desbloquear contenido<\/a> <a class=\"brlbs-cmpnt-cb-btn\" href=\"#\" data-borlabs-cookie-accept-service role=\"button\" style=\"display: inherit\">Aceptar el servicio requerido y desbloquear los contenidos<\/a> <\/div>\n<p> <a class=\"brlbs-cmpnt-cb-provider-toggle\" href=\"#\" data-borlabs-cookie-show-provider-information role=\"button\">M\u00e1s informaci\u00f3n<\/a> <\/div>\n<\/div>\n","protected":false},"excerpt":{"rendered":"<p>Las historias de \u00e9xito rara vez son lineales. Se caracterizan por retos y oportunidades, iteraciones y rotaciones. Con LINEAR, queremos contarle exactamente estas historias. Historias de emprendedores que toman caminos innovadores con LinMot, de desarrolladores que superan obst\u00e1culos con nuestro apoyo y de clientes que logran sus objetivos con nuestros productos y servicios. Adem\u00e1s de [&hellip;]<\/p>\n","protected":false},"author":9,"featured_media":0,"parent":0,"menu_order":17,"comment_status":"closed","ping_status":"closed","template":"","meta":{"_acf_changed":false,"footnotes":""},"class_list":["post-3150","page","type-page","status-publish","hentry"],"acf":[],"yoast_head":"<!-- This site is optimized with the Yoast SEO Premium plugin v20.9 (Yoast SEO v27.2) - https:\/\/yoast.com\/product\/yoast-seo-premium-wordpress\/ -->\n<title>LINEAR de LinMot - LinMot &amp; MagSpring - Espa\u00f1ol<\/title>\n<meta name=\"description\" content=\"Las historias de \u00e9xito rara vez son lineales. Con LINEAR, queremos contarle exactamente estas historias.\" \/>\n<meta name=\"robots\" content=\"index, follow, max-snippet:-1, max-image-preview:large, max-video-preview:-1\" \/>\n<link rel=\"canonical\" href=\"https:\/\/linmot.com\/es\/linear-de-linmot\/\" \/>\n<meta property=\"og:locale\" content=\"es_ES\" \/>\n<meta property=\"og:type\" content=\"article\" \/>\n<meta property=\"og:title\" content=\"LINEAR de LinMot\" \/>\n<meta property=\"og:description\" content=\"Las historias de \u00e9xito rara vez son lineales. Con LINEAR, queremos contarle exactamente estas historias.\" \/>\n<meta property=\"og:url\" content=\"https:\/\/linmot.com\/es\/linear-de-linmot\/\" \/>\n<meta property=\"og:site_name\" content=\"LinMot &amp; MagSpring - Espa\u00f1ol\" \/>\n<meta property=\"article:modified_time\" content=\"2026-01-08T10:26:59+00:00\" \/>\n<meta property=\"og:image\" content=\"https:\/\/linmot.com\/es\/wp-content\/uploads\/sites\/5\/2022\/05\/linmot-social-share-logo.jpg\" \/>\n\t<meta property=\"og:image:width\" content=\"800\" \/>\n\t<meta property=\"og:image:height\" content=\"500\" \/>\n\t<meta property=\"og:image:type\" content=\"image\/jpeg\" \/>\n<meta name=\"twitter:card\" content=\"summary_large_image\" \/>\n<meta name=\"twitter:label1\" content=\"Tiempo de lectura\" \/>\n\t<meta name=\"twitter:data1\" content=\"4 minutos\" \/>\n<script type=\"application\/ld+json\" class=\"yoast-schema-graph\">{\"@context\":\"https:\/\/schema.org\",\"@graph\":[{\"@type\":\"WebPage\",\"@id\":\"https:\/\/linmot.com\/es\/linear-de-linmot\/\",\"url\":\"https:\/\/linmot.com\/es\/linear-de-linmot\/\",\"name\":\"LINEAR de LinMot - LinMot &amp; MagSpring - Espa\u00f1ol\",\"isPartOf\":{\"@id\":\"https:\/\/linmot.com\/es\/#website\"},\"primaryImageOfPage\":{\"@id\":\"https:\/\/linmot.com\/es\/linear-de-linmot\/#primaryimage\"},\"image\":{\"@id\":\"https:\/\/linmot.com\/es\/linear-de-linmot\/#primaryimage\"},\"thumbnailUrl\":\"https:\/\/linmot.com\/de\/wp-content\/uploads\/sites\/2\/2025\/12\/linear-nov-25.jpg\",\"datePublished\":\"2024-01-15T09:32:44+00:00\",\"dateModified\":\"2026-01-08T10:26:59+00:00\",\"description\":\"Las historias de \u00e9xito rara vez son lineales. Con LINEAR, queremos contarle exactamente estas historias.\",\"breadcrumb\":{\"@id\":\"https:\/\/linmot.com\/es\/linear-de-linmot\/#breadcrumb\"},\"inLanguage\":\"es\",\"potentialAction\":[{\"@type\":\"ReadAction\",\"target\":[\"https:\/\/linmot.com\/es\/linear-de-linmot\/\"]}]},{\"@type\":\"ImageObject\",\"inLanguage\":\"es\",\"@id\":\"https:\/\/linmot.com\/es\/linear-de-linmot\/#primaryimage\",\"url\":\"https:\/\/linmot.com\/de\/wp-content\/uploads\/sites\/2\/2025\/12\/linear-nov-25.jpg\",\"contentUrl\":\"https:\/\/linmot.com\/de\/wp-content\/uploads\/sites\/2\/2025\/12\/linear-nov-25.jpg\"},{\"@type\":\"BreadcrumbList\",\"@id\":\"https:\/\/linmot.com\/es\/linear-de-linmot\/#breadcrumb\",\"itemListElement\":[{\"@type\":\"ListItem\",\"position\":1,\"name\":\"Home\",\"item\":\"https:\/\/linmot.com\/es\/\"},{\"@type\":\"ListItem\",\"position\":2,\"name\":\"LINEAR de LinMot\"}]},{\"@type\":\"WebSite\",\"@id\":\"https:\/\/linmot.com\/es\/#website\",\"url\":\"https:\/\/linmot.com\/es\/\",\"name\":\"LinMot &amp; MagSpring - Espa\u00f1ol\",\"description\":\"Motores lineales y sistemas de motores lineales de alta calidad\",\"publisher\":{\"@id\":\"https:\/\/linmot.com\/es\/#organization\"},\"potentialAction\":[{\"@type\":\"SearchAction\",\"target\":{\"@type\":\"EntryPoint\",\"urlTemplate\":\"https:\/\/linmot.com\/es\/?s={search_term_string}\"},\"query-input\":{\"@type\":\"PropertyValueSpecification\",\"valueRequired\":true,\"valueName\":\"search_term_string\"}}],\"inLanguage\":\"es\"},{\"@type\":\"Organization\",\"@id\":\"https:\/\/linmot.com\/es\/#organization\",\"name\":\"NTI AG - LinMot & MagSpring\",\"url\":\"https:\/\/linmot.com\/es\/\",\"logo\":{\"@type\":\"ImageObject\",\"inLanguage\":\"es\",\"@id\":\"https:\/\/linmot.com\/es\/#\/schema\/logo\/image\/\",\"url\":\"https:\/\/linmot.com\/es\/wp-content\/uploads\/sites\/5\/2022\/05\/linmot-social-share-logo.jpg\",\"contentUrl\":\"https:\/\/linmot.com\/es\/wp-content\/uploads\/sites\/5\/2022\/05\/linmot-social-share-logo.jpg\",\"width\":800,\"height\":500,\"caption\":\"NTI AG - LinMot & MagSpring\"},\"image\":{\"@id\":\"https:\/\/linmot.com\/es\/#\/schema\/logo\/image\/\"},\"sameAs\":[\"https:\/\/www.linkedin.com\/company\/nti-ag-linmot-magspring\",\"https:\/\/www.youtube.com\/user\/LinMotEurope\"]}]}<\/script>\n<!-- \/ Yoast SEO Premium plugin. -->","yoast_head_json":{"title":"LINEAR de LinMot - LinMot &amp; MagSpring - Espa\u00f1ol","description":"Las historias de \u00e9xito rara vez son lineales. Con LINEAR, queremos contarle exactamente estas historias.","robots":{"index":"index","follow":"follow","max-snippet":"max-snippet:-1","max-image-preview":"max-image-preview:large","max-video-preview":"max-video-preview:-1"},"canonical":"https:\/\/linmot.com\/es\/linear-de-linmot\/","og_locale":"es_ES","og_type":"article","og_title":"LINEAR de LinMot","og_description":"Las historias de \u00e9xito rara vez son lineales. Con LINEAR, queremos contarle exactamente estas historias.","og_url":"https:\/\/linmot.com\/es\/linear-de-linmot\/","og_site_name":"LinMot &amp; MagSpring - Espa\u00f1ol","article_modified_time":"2026-01-08T10:26:59+00:00","og_image":[{"width":800,"height":500,"url":"https:\/\/linmot.com\/es\/wp-content\/uploads\/sites\/5\/2022\/05\/linmot-social-share-logo.jpg","type":"image\/jpeg"}],"twitter_card":"summary_large_image","twitter_misc":{"Tiempo de lectura":"4 minutos"},"schema":{"@context":"https:\/\/schema.org","@graph":[{"@type":"WebPage","@id":"https:\/\/linmot.com\/es\/linear-de-linmot\/","url":"https:\/\/linmot.com\/es\/linear-de-linmot\/","name":"LINEAR de LinMot - LinMot &amp; MagSpring - Espa\u00f1ol","isPartOf":{"@id":"https:\/\/linmot.com\/es\/#website"},"primaryImageOfPage":{"@id":"https:\/\/linmot.com\/es\/linear-de-linmot\/#primaryimage"},"image":{"@id":"https:\/\/linmot.com\/es\/linear-de-linmot\/#primaryimage"},"thumbnailUrl":"https:\/\/linmot.com\/de\/wp-content\/uploads\/sites\/2\/2025\/12\/linear-nov-25.jpg","datePublished":"2024-01-15T09:32:44+00:00","dateModified":"2026-01-08T10:26:59+00:00","description":"Las historias de \u00e9xito rara vez son lineales. Con LINEAR, queremos contarle exactamente estas historias.","breadcrumb":{"@id":"https:\/\/linmot.com\/es\/linear-de-linmot\/#breadcrumb"},"inLanguage":"es","potentialAction":[{"@type":"ReadAction","target":["https:\/\/linmot.com\/es\/linear-de-linmot\/"]}]},{"@type":"ImageObject","inLanguage":"es","@id":"https:\/\/linmot.com\/es\/linear-de-linmot\/#primaryimage","url":"https:\/\/linmot.com\/de\/wp-content\/uploads\/sites\/2\/2025\/12\/linear-nov-25.jpg","contentUrl":"https:\/\/linmot.com\/de\/wp-content\/uploads\/sites\/2\/2025\/12\/linear-nov-25.jpg"},{"@type":"BreadcrumbList","@id":"https:\/\/linmot.com\/es\/linear-de-linmot\/#breadcrumb","itemListElement":[{"@type":"ListItem","position":1,"name":"Home","item":"https:\/\/linmot.com\/es\/"},{"@type":"ListItem","position":2,"name":"LINEAR de LinMot"}]},{"@type":"WebSite","@id":"https:\/\/linmot.com\/es\/#website","url":"https:\/\/linmot.com\/es\/","name":"LinMot &amp; MagSpring - Espa\u00f1ol","description":"Motores lineales y sistemas de motores lineales de alta calidad","publisher":{"@id":"https:\/\/linmot.com\/es\/#organization"},"potentialAction":[{"@type":"SearchAction","target":{"@type":"EntryPoint","urlTemplate":"https:\/\/linmot.com\/es\/?s={search_term_string}"},"query-input":{"@type":"PropertyValueSpecification","valueRequired":true,"valueName":"search_term_string"}}],"inLanguage":"es"},{"@type":"Organization","@id":"https:\/\/linmot.com\/es\/#organization","name":"NTI AG - LinMot & MagSpring","url":"https:\/\/linmot.com\/es\/","logo":{"@type":"ImageObject","inLanguage":"es","@id":"https:\/\/linmot.com\/es\/#\/schema\/logo\/image\/","url":"https:\/\/linmot.com\/es\/wp-content\/uploads\/sites\/5\/2022\/05\/linmot-social-share-logo.jpg","contentUrl":"https:\/\/linmot.com\/es\/wp-content\/uploads\/sites\/5\/2022\/05\/linmot-social-share-logo.jpg","width":800,"height":500,"caption":"NTI AG - LinMot & MagSpring"},"image":{"@id":"https:\/\/linmot.com\/es\/#\/schema\/logo\/image\/"},"sameAs":["https:\/\/www.linkedin.com\/company\/nti-ag-linmot-magspring","https:\/\/www.youtube.com\/user\/LinMotEurope"]}]}},"_links":{"self":[{"href":"https:\/\/linmot.com\/es\/wp-json\/wp\/v2\/pages\/3150","targetHints":{"allow":["GET"]}}],"collection":[{"href":"https:\/\/linmot.com\/es\/wp-json\/wp\/v2\/pages"}],"about":[{"href":"https:\/\/linmot.com\/es\/wp-json\/wp\/v2\/types\/page"}],"author":[{"embeddable":true,"href":"https:\/\/linmot.com\/es\/wp-json\/wp\/v2\/users\/9"}],"replies":[{"embeddable":true,"href":"https:\/\/linmot.com\/es\/wp-json\/wp\/v2\/comments?post=3150"}],"version-history":[{"count":13,"href":"https:\/\/linmot.com\/es\/wp-json\/wp\/v2\/pages\/3150\/revisions"}],"predecessor-version":[{"id":4038,"href":"https:\/\/linmot.com\/es\/wp-json\/wp\/v2\/pages\/3150\/revisions\/4038"}],"wp:attachment":[{"href":"https:\/\/linmot.com\/es\/wp-json\/wp\/v2\/media?parent=3150"}],"curies":[{"name":"wp","href":"https:\/\/api.w.org\/{rel}","templated":true}]}}