{"id":3060,"date":"2023-08-28T12:46:36","date_gmt":"2023-08-28T12:46:36","guid":{"rendered":"https:\/\/linmot.com\/es\/?page_id=3060"},"modified":"2025-12-23T11:01:29","modified_gmt":"2025-12-23T10:01:29","slug":"servo-drives-24-72-vdc","status":"publish","type":"page","link":"https:\/\/linmot.com\/es\/productos\/servo-drives\/servo-drives-24-72-vdc\/","title":{"rendered":"Servo Drives 24-72 VDC"},"content":{"rendered":"<p><strong>Desarrollado para el control din\u00e1mico de los motores lineales LinMot de las familias de motores P01-23\/37\/48, los m\u00f3dulos lineales DM01\/EM01\/FM01 y los innovadores actuadores lineales de las series PR01\/PR02.<\/strong><\/p>\n<p>Servo Drives de CC compactos para la realizaci\u00f3n de aplicaciones sencillas con dos posiciones finales hasta aplicaciones multieje complejas y de alta precisi\u00f3n y sincronizaci\u00f3n con el eje principal electr\u00f3nico.<\/p>\n<p>Una gran variedad de interfaces y protocolos de bus de campo permiten integrar f\u00e1cilmente los Servo Drives LinMot en cualquier sistema de control. Las funciones de seguridad funcional est\u00e1n integradas directamente en el accionamiento y el motor y garantizan un funcionamiento seguro durante la configuraci\u00f3n.<\/p>\n<hr \/>\n<div class=\"row\">\n<div class=\"col-sm-2\">\n<p><a class=\"button\" href=\"#detalles\">1. detalles<\/a><\/p>\n<\/div>\n<div class=\"col-sm-1\">\n<\/div>\n<div class=\"col-sm-2\">\n<p><a class=\"button\" href=\"#contacto\">2. contacto<\/a><\/p>\n<\/div>\n<\/div>\n<hr \/>\n<h2 id=\"detalles\">1. detalles<\/h2>\n<div class=\"row\">\n<div class=\"col-md-7\">\n<strong>C1200<\/strong><\/p>\n<p>Servoaccionamiento compacto para tareas exigentes con sincronizaci\u00f3n de ejes y NC, as\u00ed como una interfaz ETHERNET industrial.<\/p>\n<ul>\n<li>Par de apagado seguro (STO)<\/li>\n<li>Accionamiento con m\u00faltiples interfaces para reducir los costes de repuestos, servicio y almacenamiento<\/li>\n<li>Supervisi\u00f3n de procesos y evaluaci\u00f3n de datos en tiempo real<\/li>\n<li>Alimentaci\u00f3n del motor 24 .. 72 VCC<\/li>\n<li>Configuraci\u00f3n a trav\u00e9s de bus de campo<\/li>\n<li>Compatible con motores Plug and Play (PnP)<\/li>\n<li>Tiempo real (streaming)<\/li>\n<li>E\/S digitales y anal\u00f3gicas<\/li>\n<li>Soluciones PLC o aut\u00f3nomas<\/li>\n<li>Control s\u00edncrono (perfiles de accionamiento)<\/li>\n<li>Entrada de amplificador de medici\u00f3n calibrada<\/li>\n<li>CE\/UL\/CSA<\/li>\n<li>Interfaz para sensores incrementales y absolutos<\/li>\n<li>Tabla de comandos con hasta 255 entradas<\/li>\n<li>Hasta 100 perfiles de movimiento programables<\/li>\n<li>Optimizado para motores LinMot y actuadores de otros fabricantes<\/li>\n<\/ul>\n<p><a class=\"btn btn-active\" href=\"https:\/\/shop.linmot.com\/E\/servo-drives\/drives-for-motors-p0x-&amp;-pr0x\/series-c1200.htm\" target=\"_blank\" rel=\"noopener noreferrer\">A los detalles en el cat\u00e1logo electr\u00f3nico (ingl\u00e9s)<\/a><\/p>\n<\/div>\n<div class=\"col-md-5\">\n<img loading=\"lazy\" decoding=\"async\" class=\"aligncenter size-full wp-image-5242\" src=\"https:\/\/linmot.com\/wp-content\/uploads\/2025\/04\/linmot-servo-drive_1200.png\" alt=\"\" width=\"665\" height=\"590\" \/>\n<\/div>\n<\/div>\n<hr \/>\n<div class=\"row\">\n<div class=\"col-md-7\">\n<strong>C1251-2S<\/strong><\/p>\n<p>Accionamiento con seguridad funcional<\/p>\n<ul>\n<li>Seguridad funcional integrada, certificada por T\u00dcV<\/li>\n<li>Comunicaci\u00f3n de bus de campo segura y E\/S digitales seguras<\/li>\n<li>Hasta SIL 2 (EN 61508) y PL d (EN ISO 13849)<\/li>\n<li>Accionamiento multinterfaz para reducir los costes de repuestos, servicio y almacenamiento<\/li>\n<li>Configuraci\u00f3n y copia de seguridad mediante tarjeta de memoria SD<\/li>\n<li>Supervisi\u00f3n del proceso y evaluaci\u00f3n de datos en tiempo real<\/li>\n<li>Alimentaci\u00f3n del motor 24 .. 72 VCC<\/li>\n<li>Configuraci\u00f3n mediante bus de campo<\/li>\n<li>Compatible con motores Plug and Play (PnP)<\/li>\n<li>Tiempo real (streaming)<\/li>\n<li>E\/S digitales y anal\u00f3gicas<\/li>\n<li>Soluciones PLC o aut\u00f3nomas<\/li>\n<li>Control s\u00edncrono (perfiles de accionamiento)<\/li>\n<li>Entrada de amplificador de medici\u00f3n calibrada<\/li>\n<li>CE\/UL\/CSA<\/li>\n<li>Interfaz para sensores incrementales y absolutos<\/li>\n<li>Tabla de comandos con hasta 255 entradas<\/li>\n<li>Hasta 100 perfiles de movimiento programables<\/li>\n<li>Optimizado para motores y actuadores LinMot de otros fabricantes<\/li>\n<\/ul>\n<p><a class=\"btn btn-active\" href=\"https:\/\/shop.linmot.com\/index.php?searchWord=C1251&amp;page=search&amp;resetSearch=1&amp;pageNav=1&amp;resetProductFilter=1&amp;offsetFulltextSearch=0&amp;offsetProduct=0\" target=\"_blank\" rel=\"noopener noreferrer\">A los detalles en el cat\u00e1logo electr\u00f3nico (ingl\u00e9s)<\/a><\/p>\n<\/div>\n<div class=\"col-md-5\">\n<img loading=\"lazy\" decoding=\"async\" class=\"aligncenter wp-image-3457 size-full\" src=\"https:\/\/linmot.com\/de\/wp-content\/uploads\/sites\/2\/2021\/11\/cip-safety-functional-safety.jpg\" alt=\"Kompatible Software mit Servo-Drive\" width=\"665\" height=\"593\" \/>\n<\/div>\n<\/div>\n<hr \/>\n<div class=\"row\">\n<div class=\"col-md-7\">\n<strong id=\"f1150\">F1150<\/strong><\/p>\n<p>Interfaz de configuraci\u00f3n Ethernet y mantenimiento remoto a trav\u00e9s de Ethernet over EtherCAT (EoE)<\/p>\n<ul>\n<li>Momento de fuerza seguro (STO)<\/li>\n<li>Freno de corrientes par\u00e1sitas de los motores en STO mediante cortocircuito de fase<\/li>\n<li>Supervisi\u00f3n de procesos y evaluaci\u00f3n de datos en tiempo real<\/li>\n<li>Alimentaci\u00f3n del motor 24 .. 72 VCC<\/li>\n<li>Configuraci\u00f3n a trav\u00e9s de bus de campo<\/li>\n<li>Compatible con motores Plug and Play (PnP)<\/li>\n<li>Tiempo real (streaming)<\/li>\n<li>E\/S digitales y anal\u00f3gicas<\/li>\n<li>Soluciones PLC o aut\u00f3nomas<\/li>\n<li>Control s\u00edncrono (perfiles de accionamiento)<\/li>\n<li>Interfaz para sensores incrementales y absolutos<\/li>\n<li>Accionamiento compacto con interfaz EtherCAT y CANopen<\/li>\n<li>Optimizado para motores y actuadores LinMot de otros fabricantes<\/li>\n<li>Configuraci\u00f3n a trav\u00e9s de Ethernet o EtherCAT (EoE)<\/li>\n<li>Tabla de comandos con hasta 255 entradas<\/li>\n<li>Hasta 50 perfiles de movimiento programables<\/li>\n<li>Nivel de potencia de 32 A<\/li>\n<li>Homologaci\u00f3n UL solicitada<\/li>\n<\/ul>\n<p><a class=\"btn btn-active\" href=\"https:\/\/shop.linmot.com\/E\/search\/servo-drives\/drives-for-motors-p0x-&amp;-pr0x\/new-drive-series\/series-f1100\/f1150-ds-uc-3s-000.htm\" target=\"_blank\" rel=\"noopener noreferrer\">A los detalles en el cat\u00e1logo electr\u00f3nico (ingl\u00e9s)<\/a><\/p>\n<\/div>\n<div class=\"col-md-5\">\n<img loading=\"lazy\" decoding=\"async\" class=\"aligncenter wp-image-4438 size-full\" src=\"https:\/\/linmot.com\/de\/wp-content\/uploads\/sites\/2\/2025\/03\/linmot-servo-drive-f1150.jpg\" alt=\"\" width=\"445\" height=\"514\" \/>\n<\/div>\n<\/div>\n<div class=\"row\">\n<div class=\"col-md-3\">\n<img loading=\"lazy\" decoding=\"async\" class=\"aligncenter wp-image-4141 size-full\" src=\"https:\/\/linmot.com\/de\/wp-content\/uploads\/sites\/2\/2023\/03\/ethercat-logo.jpg\" alt=\"\" width=\"158\" height=\"66\" \/><br \/>\n<\/div>\n<div class=\"col-md-3\">\n<img loading=\"lazy\" decoding=\"async\" class=\"aligncenter wp-image-4431 size-full\" src=\"https:\/\/linmot.com\/de\/wp-content\/uploads\/sites\/2\/2023\/07\/CANopen_logo.jpg\" alt=\"\" width=\"154\" height=\"66\" \/><br \/>\n<\/div>\n<\/div>\n<hr \/>\n<div class=\"row\">\n<div class=\"col-md-7\">\n<strong id=\"f1050\">F1050<\/strong><\/p>\n<p>Mini Drive con interfaz de configuraci\u00f3n Ethernet y mantenimiento remoto a trav\u00e9s de Ethernet over EtherCAT (EoE)<\/p>\n<ul>\n<li>Supervisi\u00f3n de procesos y evaluaci\u00f3n de datos en tiempo real<\/li>\n<li>Freno de corrientes par\u00e1sitas de los motores en estado de desactivaci\u00f3n mediante cortocircuito de fase<\/li>\n<li>Alimentaci\u00f3n del motor 24 .. 72 VCC<\/li>\n<li>Configuraci\u00f3n a trav\u00e9s de bus de campo<\/li>\n<li>Compatible con motores Plug and Play (PnP)<\/li>\n<li>Tiempo real (streaming)<\/li>\n<li>E\/S digitales y anal\u00f3gicas<\/li>\n<li>Soluciones PLC o aut\u00f3nomas<\/li>\n<li>Control s\u00edncrono (perfiles de accionamiento)<\/li>\n<li>Mini Drive con interfaz EtherCAT y CANopen<\/li>\n<li>Optimizado para motores LinMot<\/li>\n<li>Configuraci\u00f3n a trav\u00e9s de Ethernet o EtherCAT (EoE)<\/li>\n<li>Tabla de comandos con hasta 255 entradas<\/li>\n<li>Hasta 50 perfiles de movimiento programables<\/li>\n<li>Nivel de potencia de 32 A<\/li>\n<li>Homologaci\u00f3n UL solicitada<\/li>\n<\/ul>\n<\/div>\n<div class=\"col-md-5\">\n<img loading=\"lazy\" decoding=\"async\" class=\"aligncenter size-full wp-image-5737\" src=\"https:\/\/linmot.com\/de\/wp-content\/uploads\/sites\/2\/2025\/04\/servo-drive-f1050-linmot.jpg\" alt=\"\" width=\"445\" height=\"514\" \/>\n<p>&nbsp;<\/p>\n<\/div>\n<\/div>\n<div class=\"row\">\n<div class=\"col-md-3\">\n<img loading=\"lazy\" decoding=\"async\" class=\"aligncenter wp-image-4141 size-full\" src=\"https:\/\/linmot.com\/de\/wp-content\/uploads\/sites\/2\/2023\/03\/ethercat-logo.jpg\" alt=\"\" width=\"158\" height=\"66\" \/><br \/>\n<\/div>\n<div class=\"col-md-3\">\n<img loading=\"lazy\" decoding=\"async\" class=\"aligncenter wp-image-4431 size-full\" src=\"https:\/\/linmot.com\/de\/wp-content\/uploads\/sites\/2\/2023\/07\/CANopen_logo.jpg\" alt=\"\" width=\"154\" height=\"66\" \/><br \/>\n<\/div>\n<\/div>\n<hr \/>\n<h3 id=\"contacto\">2. contacto<\/h3>\n<div class=\"row download\">\n<div class=\"col-md-6\">\n<h4 class=\"download-title\">\u00bfTiene alguna pregunta sobre los controladores?<\/h4>\n<p class=\"bodytext\">Estaremos encantados de responder a cualquier pregunta que tenga.<br \/>\nP\u00f3ngase en contacto con nosotros mediante el siguiente formulario o ll\u00e1menos al:<\/p>\n<p class=\"bodytext\">Tel: +34 943 140 139<\/p>\n<\/div>\n<div class=\"col-md-1\">\n<\/div>\n<div class=\"col-md-5\">\n\n<div class=\"wpcf7 no-js\" id=\"wpcf7-f1752-o1\" lang=\"es-ES\" dir=\"ltr\" data-wpcf7-id=\"1752\">\n<div class=\"screen-reader-response\"><p role=\"status\" aria-live=\"polite\" aria-atomic=\"true\"><\/p> <ul><\/ul><\/div>\n<form action=\"\/es\/wp-json\/wp\/v2\/pages\/3060#wpcf7-f1752-o1\" method=\"post\" class=\"wpcf7-form init\" aria-label=\"Formulario de contacto\" novalidate=\"novalidate\" data-status=\"init\">\n<fieldset class=\"hidden-fields-container\"><input type=\"hidden\" name=\"_wpcf7\" value=\"1752\" \/><input type=\"hidden\" name=\"_wpcf7_version\" value=\"6.1.5\" \/><input type=\"hidden\" name=\"_wpcf7_locale\" value=\"es_ES\" \/><input type=\"hidden\" name=\"_wpcf7_unit_tag\" value=\"wpcf7-f1752-o1\" \/><input type=\"hidden\" name=\"_wpcf7_container_post\" value=\"0\" \/><input type=\"hidden\" name=\"_wpcf7_posted_data_hash\" value=\"\" \/><input type=\"hidden\" name=\"_wpcf7_recaptcha_response\" value=\"\" \/>\n<\/fieldset>\n<label> Tu nombre<br>\n    <span class=\"wpcf7-form-control-wrap\" data-name=\"your-name\"><input size=\"40\" maxlength=\"400\" class=\"wpcf7-form-control wpcf7-text wpcf7-validates-as-required\" aria-required=\"true\" aria-invalid=\"false\" value=\"\" type=\"text\" name=\"your-name\" \/><\/span> <\/label><br>\n<br>\n<label> Tu empresa<br>\n    <span class=\"wpcf7-form-control-wrap\" data-name=\"your-company\"><input size=\"40\" maxlength=\"400\" class=\"wpcf7-form-control wpcf7-text wpcf7-validates-as-required\" aria-required=\"true\" aria-invalid=\"false\" value=\"\" type=\"text\" name=\"your-company\" \/><\/span> <\/label><br>\n<br>\n<label> C\u00f3digo postal<br>\n    <span class=\"wpcf7-form-control-wrap\" data-name=\"your-plz\"><input class=\"wpcf7-form-control wpcf7-number wpcf7-validates-as-required wpcf7-validates-as-number\" aria-required=\"true\" aria-invalid=\"false\" value=\"\" type=\"number\" name=\"your-plz\" \/><\/span> <\/label>\n<br>\n<label> Pa\u00eds<br>\n    <span class=\"wpcf7-form-control-wrap\" data-name=\"your-country\"><input size=\"40\" maxlength=\"400\" class=\"wpcf7-form-control wpcf7-text wpcf7-validates-as-required\" aria-required=\"true\" aria-invalid=\"false\" value=\"\" type=\"text\" name=\"your-country\" \/><\/span> <\/label><br>\n<br>\n<label> Tu tel\u00e9fono<br>\n    <span class=\"wpcf7-form-control-wrap\" data-name=\"your-telephone\"><input size=\"40\" maxlength=\"400\" class=\"wpcf7-form-control wpcf7-tel wpcf7-validates-as-required wpcf7-text wpcf7-validates-as-tel\" aria-required=\"true\" aria-invalid=\"false\" value=\"\" type=\"tel\" name=\"your-telephone\" \/><\/span> <\/label><br>\n<br>\n<label> Tu correo electr\u00f3nico<br>\n    <span class=\"wpcf7-form-control-wrap\" data-name=\"your-email\"><input size=\"40\" maxlength=\"400\" class=\"wpcf7-form-control wpcf7-email wpcf7-validates-as-required wpcf7-text wpcf7-validates-as-email\" aria-required=\"true\" aria-invalid=\"false\" value=\"\" type=\"email\" name=\"your-email\" \/><\/span> <\/label><br>\n<br>\n<label> Asunto<br>\n    <span class=\"wpcf7-form-control-wrap\" data-name=\"your-subject\"><input size=\"40\" maxlength=\"400\" class=\"wpcf7-form-control wpcf7-text wpcf7-validates-as-required\" aria-required=\"true\" aria-invalid=\"false\" value=\"\" type=\"text\" name=\"your-subject\" \/><\/span> <\/label><br>\n<br>\n<label> Tu mensaje (opcional)<br>\n    <span class=\"wpcf7-form-control-wrap\" data-name=\"your-message\"><textarea cols=\"40\" rows=\"10\" maxlength=\"2000\" class=\"wpcf7-form-control wpcf7-textarea\" aria-invalid=\"false\" name=\"your-message\"><\/textarea><\/span> <\/label><br>\n<br>\n<input class=\"wpcf7-form-control wpcf7-submit has-spinner\" type=\"submit\" value=\"Enviar\" \/><div class=\"wpcf7-response-output\" aria-hidden=\"true\"><\/div>\n<\/form>\n<\/div>\n\n<\/div>\n<\/div>\n","protected":false},"excerpt":{"rendered":"<p>Desarrollado para el control din\u00e1mico de los motores lineales LinMot de las familias de motores P01-23\/37\/48, los m\u00f3dulos lineales DM01\/EM01\/FM01 y los innovadores actuadores lineales de las series PR01\/PR02. Servo Drives de CC compactos para la realizaci\u00f3n de aplicaciones sencillas con dos posiciones finales hasta aplicaciones multieje complejas y de alta precisi\u00f3n y sincronizaci\u00f3n con [&hellip;]<\/p>\n","protected":false},"author":9,"featured_media":0,"parent":2257,"menu_order":19,"comment_status":"closed","ping_status":"closed","template":"","meta":{"_acf_changed":false,"footnotes":""},"class_list":["post-3060","page","type-page","status-publish","hentry"],"acf":[],"yoast_head":"<!-- This site is optimized with the Yoast SEO Premium plugin v20.9 (Yoast SEO v27.3) - https:\/\/yoast.com\/product\/yoast-seo-premium-wordpress\/ -->\n<title>Servo Drives 24-72 VDC - LinMot &amp; MagSpring - Espa\u00f1ol<\/title>\n<meta name=\"description\" content=\"Nuestros Servo Drives 24-72 V CC se han desarrollado para el control din\u00e1mico de los motores lineales LinMot de las familias de motores P01-23\/37\/48, los m\u00f3dulos lineales DM01\/EM01\/FM01 y la innovadora serie PR01\/PR02 de motores rotativos lineales.\" \/>\n<meta name=\"robots\" content=\"index, follow, max-snippet:-1, max-image-preview:large, max-video-preview:-1\" \/>\n<link rel=\"canonical\" href=\"https:\/\/linmot.com\/es\/productos\/servo-drives\/servo-drives-24-72-vdc\/\" \/>\n<meta property=\"og:locale\" content=\"es_ES\" \/>\n<meta property=\"og:type\" content=\"article\" \/>\n<meta property=\"og:title\" content=\"Servo Drives 24-72 VDC - LinMot &amp; MagSpring - Espa\u00f1ol\" \/>\n<meta property=\"og:description\" content=\"Nuestros Servo Drives 24-72 V CC se han desarrollado para el control din\u00e1mico de los motores lineales LinMot de las familias de motores P01-23\/37\/48, los m\u00f3dulos lineales DM01\/EM01\/FM01 y la innovadora serie PR01\/PR02 de motores rotativos lineales.\" \/>\n<meta property=\"og:url\" content=\"https:\/\/linmot.com\/es\/productos\/servo-drives\/servo-drives-24-72-vdc\/\" \/>\n<meta property=\"og:site_name\" content=\"LinMot &amp; MagSpring - Espa\u00f1ol\" \/>\n<meta property=\"article:modified_time\" content=\"2025-12-23T10:01:29+00:00\" \/>\n<meta property=\"og:image\" content=\"https:\/\/linmot.com\/es\/wp-content\/uploads\/sites\/5\/2021\/07\/all-servo-drives-overview.jpg\" \/>\n\t<meta property=\"og:image:width\" content=\"543\" \/>\n\t<meta property=\"og:image:height\" content=\"190\" \/>\n\t<meta property=\"og:image:type\" content=\"image\/jpeg\" \/>\n<meta name=\"twitter:card\" content=\"summary_large_image\" \/>\n<meta name=\"twitter:title\" content=\"Servo Drives 24-72 VDC - LinMot &amp; MagSpring - Espa\u00f1ol\" \/>\n<meta name=\"twitter:description\" content=\"Nuestros Servo Drives 24-72 V CC se han desarrollado para el control din\u00e1mico de los motores lineales LinMot de las familias de motores P01-23\/37\/48, los m\u00f3dulos lineales DM01\/EM01\/FM01 y la innovadora serie PR01\/PR02 de motores rotativos lineales.\" \/>\n<meta name=\"twitter:image\" content=\"https:\/\/linmot.com\/es\/wp-content\/uploads\/sites\/5\/2021\/07\/all-servo-drives-overview.jpg\" \/>\n<meta name=\"twitter:label1\" content=\"Tiempo de lectura\" \/>\n\t<meta name=\"twitter:data1\" content=\"6 minutos\" \/>\n<script type=\"application\/ld+json\" class=\"yoast-schema-graph\">{\"@context\":\"https:\\\/\\\/schema.org\",\"@graph\":[{\"@type\":\"WebPage\",\"@id\":\"https:\\\/\\\/linmot.com\\\/es\\\/productos\\\/servo-drives\\\/servo-drives-24-72-vdc\\\/\",\"url\":\"https:\\\/\\\/linmot.com\\\/es\\\/productos\\\/servo-drives\\\/servo-drives-24-72-vdc\\\/\",\"name\":\"Servo Drives 24-72 VDC - LinMot &amp; MagSpring - Espa\u00f1ol\",\"isPartOf\":{\"@id\":\"https:\\\/\\\/linmot.com\\\/es\\\/#website\"},\"primaryImageOfPage\":{\"@id\":\"https:\\\/\\\/linmot.com\\\/es\\\/productos\\\/servo-drives\\\/servo-drives-24-72-vdc\\\/#primaryimage\"},\"image\":{\"@id\":\"https:\\\/\\\/linmot.com\\\/es\\\/productos\\\/servo-drives\\\/servo-drives-24-72-vdc\\\/#primaryimage\"},\"thumbnailUrl\":\"https:\\\/\\\/linmot.com\\\/wp-content\\\/uploads\\\/2025\\\/04\\\/linmot-servo-drive_1200.png\",\"datePublished\":\"2023-08-28T12:46:36+00:00\",\"dateModified\":\"2025-12-23T10:01:29+00:00\",\"description\":\"Nuestros Servo Drives 24-72 V CC se han desarrollado para el control din\u00e1mico de los motores lineales LinMot de las familias de motores P01-23\\\/37\\\/48, los m\u00f3dulos lineales DM01\\\/EM01\\\/FM01 y la innovadora serie PR01\\\/PR02 de motores rotativos lineales.\",\"breadcrumb\":{\"@id\":\"https:\\\/\\\/linmot.com\\\/es\\\/productos\\\/servo-drives\\\/servo-drives-24-72-vdc\\\/#breadcrumb\"},\"inLanguage\":\"es\",\"potentialAction\":[{\"@type\":\"ReadAction\",\"target\":[\"https:\\\/\\\/linmot.com\\\/es\\\/productos\\\/servo-drives\\\/servo-drives-24-72-vdc\\\/\"]}]},{\"@type\":\"ImageObject\",\"inLanguage\":\"es\",\"@id\":\"https:\\\/\\\/linmot.com\\\/es\\\/productos\\\/servo-drives\\\/servo-drives-24-72-vdc\\\/#primaryimage\",\"url\":\"https:\\\/\\\/linmot.com\\\/wp-content\\\/uploads\\\/2025\\\/04\\\/linmot-servo-drive_1200.png\",\"contentUrl\":\"https:\\\/\\\/linmot.com\\\/wp-content\\\/uploads\\\/2025\\\/04\\\/linmot-servo-drive_1200.png\"},{\"@type\":\"BreadcrumbList\",\"@id\":\"https:\\\/\\\/linmot.com\\\/es\\\/productos\\\/servo-drives\\\/servo-drives-24-72-vdc\\\/#breadcrumb\",\"itemListElement\":[{\"@type\":\"ListItem\",\"position\":1,\"name\":\"Home\",\"item\":\"https:\\\/\\\/linmot.com\\\/es\\\/\"},{\"@type\":\"ListItem\",\"position\":2,\"name\":\"Productos\",\"item\":\"https:\\\/\\\/linmot.com\\\/es\\\/productos\\\/\"},{\"@type\":\"ListItem\",\"position\":3,\"name\":\"Servo Drives\",\"item\":\"https:\\\/\\\/linmot.com\\\/es\\\/productos\\\/servo-drives\\\/\"},{\"@type\":\"ListItem\",\"position\":4,\"name\":\"Servo Drives 24-72 VDC\"}]},{\"@type\":\"WebSite\",\"@id\":\"https:\\\/\\\/linmot.com\\\/es\\\/#website\",\"url\":\"https:\\\/\\\/linmot.com\\\/es\\\/\",\"name\":\"LinMot &amp; MagSpring - Espa\u00f1ol\",\"description\":\"Motores lineales y sistemas de motores lineales de alta calidad\",\"publisher\":{\"@id\":\"https:\\\/\\\/linmot.com\\\/es\\\/#organization\"},\"potentialAction\":[{\"@type\":\"SearchAction\",\"target\":{\"@type\":\"EntryPoint\",\"urlTemplate\":\"https:\\\/\\\/linmot.com\\\/es\\\/?s={search_term_string}\"},\"query-input\":{\"@type\":\"PropertyValueSpecification\",\"valueRequired\":true,\"valueName\":\"search_term_string\"}}],\"inLanguage\":\"es\"},{\"@type\":\"Organization\",\"@id\":\"https:\\\/\\\/linmot.com\\\/es\\\/#organization\",\"name\":\"NTI AG - LinMot & MagSpring\",\"url\":\"https:\\\/\\\/linmot.com\\\/es\\\/\",\"logo\":{\"@type\":\"ImageObject\",\"inLanguage\":\"es\",\"@id\":\"https:\\\/\\\/linmot.com\\\/es\\\/#\\\/schema\\\/logo\\\/image\\\/\",\"url\":\"https:\\\/\\\/linmot.com\\\/es\\\/wp-content\\\/uploads\\\/sites\\\/5\\\/2022\\\/05\\\/linmot-social-share-logo.jpg\",\"contentUrl\":\"https:\\\/\\\/linmot.com\\\/es\\\/wp-content\\\/uploads\\\/sites\\\/5\\\/2022\\\/05\\\/linmot-social-share-logo.jpg\",\"width\":800,\"height\":500,\"caption\":\"NTI AG - LinMot & MagSpring\"},\"image\":{\"@id\":\"https:\\\/\\\/linmot.com\\\/es\\\/#\\\/schema\\\/logo\\\/image\\\/\"},\"sameAs\":[\"https:\\\/\\\/www.linkedin.com\\\/company\\\/nti-ag-linmot-magspring\",\"https:\\\/\\\/www.youtube.com\\\/user\\\/LinMotEurope\"]}]}<\/script>\n<!-- \/ Yoast SEO Premium plugin. -->","yoast_head_json":{"title":"Servo Drives 24-72 VDC - LinMot &amp; MagSpring - Espa\u00f1ol","description":"Nuestros Servo Drives 24-72 V CC se han desarrollado para el control din\u00e1mico de los motores lineales LinMot de las familias de motores P01-23\/37\/48, los m\u00f3dulos lineales DM01\/EM01\/FM01 y la innovadora serie PR01\/PR02 de motores rotativos lineales.","robots":{"index":"index","follow":"follow","max-snippet":"max-snippet:-1","max-image-preview":"max-image-preview:large","max-video-preview":"max-video-preview:-1"},"canonical":"https:\/\/linmot.com\/es\/productos\/servo-drives\/servo-drives-24-72-vdc\/","og_locale":"es_ES","og_type":"article","og_title":"Servo Drives 24-72 VDC - LinMot &amp; MagSpring - Espa\u00f1ol","og_description":"Nuestros Servo Drives 24-72 V CC se han desarrollado para el control din\u00e1mico de los motores lineales LinMot de las familias de motores P01-23\/37\/48, los m\u00f3dulos lineales DM01\/EM01\/FM01 y la innovadora serie PR01\/PR02 de motores rotativos lineales.","og_url":"https:\/\/linmot.com\/es\/productos\/servo-drives\/servo-drives-24-72-vdc\/","og_site_name":"LinMot &amp; MagSpring - Espa\u00f1ol","article_modified_time":"2025-12-23T10:01:29+00:00","og_image":[{"width":543,"height":190,"url":"https:\/\/linmot.com\/es\/wp-content\/uploads\/sites\/5\/2021\/07\/all-servo-drives-overview.jpg","type":"image\/jpeg"}],"twitter_card":"summary_large_image","twitter_title":"Servo Drives 24-72 VDC - LinMot &amp; MagSpring - Espa\u00f1ol","twitter_description":"Nuestros Servo Drives 24-72 V CC se han desarrollado para el control din\u00e1mico de los motores lineales LinMot de las familias de motores P01-23\/37\/48, los m\u00f3dulos lineales DM01\/EM01\/FM01 y la innovadora serie PR01\/PR02 de motores rotativos lineales.","twitter_image":"https:\/\/linmot.com\/es\/wp-content\/uploads\/sites\/5\/2021\/07\/all-servo-drives-overview.jpg","twitter_misc":{"Tiempo de lectura":"6 minutos"},"schema":{"@context":"https:\/\/schema.org","@graph":[{"@type":"WebPage","@id":"https:\/\/linmot.com\/es\/productos\/servo-drives\/servo-drives-24-72-vdc\/","url":"https:\/\/linmot.com\/es\/productos\/servo-drives\/servo-drives-24-72-vdc\/","name":"Servo Drives 24-72 VDC - LinMot &amp; MagSpring - Espa\u00f1ol","isPartOf":{"@id":"https:\/\/linmot.com\/es\/#website"},"primaryImageOfPage":{"@id":"https:\/\/linmot.com\/es\/productos\/servo-drives\/servo-drives-24-72-vdc\/#primaryimage"},"image":{"@id":"https:\/\/linmot.com\/es\/productos\/servo-drives\/servo-drives-24-72-vdc\/#primaryimage"},"thumbnailUrl":"https:\/\/linmot.com\/wp-content\/uploads\/2025\/04\/linmot-servo-drive_1200.png","datePublished":"2023-08-28T12:46:36+00:00","dateModified":"2025-12-23T10:01:29+00:00","description":"Nuestros Servo Drives 24-72 V CC se han desarrollado para el control din\u00e1mico de los motores lineales LinMot de las familias de motores P01-23\/37\/48, los m\u00f3dulos lineales DM01\/EM01\/FM01 y la innovadora serie PR01\/PR02 de motores rotativos lineales.","breadcrumb":{"@id":"https:\/\/linmot.com\/es\/productos\/servo-drives\/servo-drives-24-72-vdc\/#breadcrumb"},"inLanguage":"es","potentialAction":[{"@type":"ReadAction","target":["https:\/\/linmot.com\/es\/productos\/servo-drives\/servo-drives-24-72-vdc\/"]}]},{"@type":"ImageObject","inLanguage":"es","@id":"https:\/\/linmot.com\/es\/productos\/servo-drives\/servo-drives-24-72-vdc\/#primaryimage","url":"https:\/\/linmot.com\/wp-content\/uploads\/2025\/04\/linmot-servo-drive_1200.png","contentUrl":"https:\/\/linmot.com\/wp-content\/uploads\/2025\/04\/linmot-servo-drive_1200.png"},{"@type":"BreadcrumbList","@id":"https:\/\/linmot.com\/es\/productos\/servo-drives\/servo-drives-24-72-vdc\/#breadcrumb","itemListElement":[{"@type":"ListItem","position":1,"name":"Home","item":"https:\/\/linmot.com\/es\/"},{"@type":"ListItem","position":2,"name":"Productos","item":"https:\/\/linmot.com\/es\/productos\/"},{"@type":"ListItem","position":3,"name":"Servo Drives","item":"https:\/\/linmot.com\/es\/productos\/servo-drives\/"},{"@type":"ListItem","position":4,"name":"Servo Drives 24-72 VDC"}]},{"@type":"WebSite","@id":"https:\/\/linmot.com\/es\/#website","url":"https:\/\/linmot.com\/es\/","name":"LinMot &amp; MagSpring - Espa\u00f1ol","description":"Motores lineales y sistemas de motores lineales de alta calidad","publisher":{"@id":"https:\/\/linmot.com\/es\/#organization"},"potentialAction":[{"@type":"SearchAction","target":{"@type":"EntryPoint","urlTemplate":"https:\/\/linmot.com\/es\/?s={search_term_string}"},"query-input":{"@type":"PropertyValueSpecification","valueRequired":true,"valueName":"search_term_string"}}],"inLanguage":"es"},{"@type":"Organization","@id":"https:\/\/linmot.com\/es\/#organization","name":"NTI AG - LinMot & MagSpring","url":"https:\/\/linmot.com\/es\/","logo":{"@type":"ImageObject","inLanguage":"es","@id":"https:\/\/linmot.com\/es\/#\/schema\/logo\/image\/","url":"https:\/\/linmot.com\/es\/wp-content\/uploads\/sites\/5\/2022\/05\/linmot-social-share-logo.jpg","contentUrl":"https:\/\/linmot.com\/es\/wp-content\/uploads\/sites\/5\/2022\/05\/linmot-social-share-logo.jpg","width":800,"height":500,"caption":"NTI AG - LinMot & MagSpring"},"image":{"@id":"https:\/\/linmot.com\/es\/#\/schema\/logo\/image\/"},"sameAs":["https:\/\/www.linkedin.com\/company\/nti-ag-linmot-magspring","https:\/\/www.youtube.com\/user\/LinMotEurope"]}]}},"_links":{"self":[{"href":"https:\/\/linmot.com\/es\/wp-json\/wp\/v2\/pages\/3060","targetHints":{"allow":["GET"]}}],"collection":[{"href":"https:\/\/linmot.com\/es\/wp-json\/wp\/v2\/pages"}],"about":[{"href":"https:\/\/linmot.com\/es\/wp-json\/wp\/v2\/types\/page"}],"author":[{"embeddable":true,"href":"https:\/\/linmot.com\/es\/wp-json\/wp\/v2\/users\/9"}],"replies":[{"embeddable":true,"href":"https:\/\/linmot.com\/es\/wp-json\/wp\/v2\/comments?post=3060"}],"version-history":[{"count":21,"href":"https:\/\/linmot.com\/es\/wp-json\/wp\/v2\/pages\/3060\/revisions"}],"predecessor-version":[{"id":4035,"href":"https:\/\/linmot.com\/es\/wp-json\/wp\/v2\/pages\/3060\/revisions\/4035"}],"up":[{"embeddable":true,"href":"https:\/\/linmot.com\/es\/wp-json\/wp\/v2\/pages\/2257"}],"wp:attachment":[{"href":"https:\/\/linmot.com\/es\/wp-json\/wp\/v2\/media?parent=3060"}],"curies":[{"name":"wp","href":"https:\/\/api.w.org\/{rel}","templated":true}]}}