{"id":3056,"date":"2023-08-28T12:51:33","date_gmt":"2023-08-28T12:51:33","guid":{"rendered":"https:\/\/linmot.com\/es\/?page_id=3056"},"modified":"2025-04-16T13:23:59","modified_gmt":"2025-04-16T11:23:59","slug":"servo-drives-200-400-vac","status":"publish","type":"page","link":"https:\/\/linmot.com\/es\/productos\/servo-drives\/servo-drives-200-400-vac\/","title":{"rendered":"Servo Drives 200\/400 VAC"},"content":{"rendered":"<p><strong>Nuestros Servo Drives 200\/400 VAC est\u00e1n dise\u00f1ados para el control din\u00e1mico de motores lineales de alto rendimiento LinMot de las familias de motores P10-54 y P10-70.<\/strong><\/p>\n<p>Potentes Servo Drives de CA con alimentaci\u00f3n directa a la red 1 x230VAC o 3x400VAC para la realizaci\u00f3n r\u00e1pida de aplicaciones sencillas con dos posiciones finales hasta aplicaciones multieje complejas y de alta precisi\u00f3n con sincronizaci\u00f3n con el eje principal electr\u00f3nico.<\/p>\n<p>Una gran variedad de interfaces y protocolos de bus de campo permiten integrar f\u00e1cilmente los <a href=\"\/es\/productos\/servo-drives\/\">Servo Drives LinMot<\/a> en cualquier sistema de control.<\/p>\n<hr \/>\n<div class=\"row\">\n<div class=\"col-sm-2\">\n<p><a class=\"button\" href=\"#details\">1. detalles<\/a><\/p>\n<\/div>\n<div class=\"col-sm-1\">\n<\/div>\n<div class=\"col-sm-2\">\n<p><a class=\"button\" href=\"#kontakt\">2. contacto<\/a><\/p>\n<\/div>\n<\/div>\n<hr \/>\n<h2 id=\"details\">1. detalles<\/h2>\n<div class=\"row\">\n<div class=\"col-md-7\">\n<strong>E1400 &#8211; Gama alta<\/strong><\/p>\n<p>Servo Drives para motores P10 con alimentaci\u00f3n directa a la red y tecnolog\u00eda 3&#215;400 VAC. Equipado con una interfaz ETHERNET CONFIG.<\/p>\n<ul>\n<li>Control de servomotores LinMot y AC.<\/li>\n<li>Comandos de posicionamiento absoluto\/relativo<\/li>\n<li>Comandos de desplazamiento con limitaci\u00f3n de sacudidas<\/li>\n<li>Admite curvas de tiempo de recorrido y placas de levas<\/li>\n<li>Tiempo real (streaming)<\/li>\n<li>Control s\u00edncrono (perfiles de accionamiento)<\/li>\n<li>Sincronizaci\u00f3n del codificador maestro (entrada\/salida)<\/li>\n<li>Soluciones PLC o aut\u00f3nomas<\/li>\n<li>Configuraci\u00f3n mediante bus de campo \/ acceso remoto mediante Ethernet<\/li>\n<li>E\/S digitales y anal\u00f3gicas<\/li>\n<li>Desconexi\u00f3n de par segura (STO)<\/li>\n<li>Interfaz para sensor incremental y absoluto<\/li>\n<li>Salida de simulaci\u00f3n de encoder de posici\u00f3n<\/li>\n<li>Circuito maestro-esclavo<\/li>\n<li>Entrada anal\u00f3gica de fuerza\/velocidad<\/li>\n<li>Admite motores Plug and Play (PnP)<\/li>\n<\/ul>\n<\/div>\n<div class=\"col-md-5\">\n<img loading=\"lazy\" decoding=\"async\" class=\"aligncenter wp-image-4422 size-full\" src=\"https:\/\/linmot.com\/de\/wp-content\/uploads\/sites\/2\/2023\/07\/servo-drive_E-1400.jpg\" alt=\"Servo Drives 200\/400 VAC\" width=\"185\" height=\"371\" \/>\n<\/div>\n<\/div>\n<div class=\"row\">\n<div class=\"col-md-3\">\n<img loading=\"lazy\" decoding=\"async\" class=\"aligncenter wp-image-4140 size-full\" src=\"https:\/\/linmot.com\/de\/wp-content\/uploads\/sites\/2\/2023\/03\/profinet-logo.jpg\" alt=\"Servo Drives 200\/400 VAC - Profinet\" width=\"154\" height=\"66\" \/><br \/>\n<\/div>\n<div class=\"col-md-3\">\n<img loading=\"lazy\" decoding=\"async\" class=\"aligncenter wp-image-4430 size-full\" src=\"https:\/\/linmot.com\/de\/wp-content\/uploads\/sites\/2\/2023\/07\/profi-bus-logo.png\" alt=\"Servo Drives 200\/400 VAC - Profibus\" width=\"156\" height=\"66\" \/><br \/>\n<\/div>\n<div class=\"col-md-3\">\n<img loading=\"lazy\" decoding=\"async\" class=\"aligncenter wp-image-4142 size-full\" src=\"https:\/\/linmot.com\/de\/wp-content\/uploads\/sites\/2\/2023\/03\/ethernet-ip-logo.jpg\" alt=\"Servo Drives 200\/400 VAC - EtherNet\/IP\" width=\"170\" height=\"66\" \/><br \/>\n<\/div>\n<div class=\"col-md-3\">\n<img loading=\"lazy\" decoding=\"async\" class=\"aligncenter wp-image-4141 size-full\" src=\"https:\/\/linmot.com\/de\/wp-content\/uploads\/sites\/2\/2023\/03\/ethercat-logo.jpg\" alt=\"Servo Drives 200\/400 VAC - EtherCAT\" width=\"158\" height=\"66\" \/><br \/>\n<\/div>\n<\/div>\n<div class=\"row\">\n<div class=\"col-md-3\">\n<img loading=\"lazy\" decoding=\"async\" class=\"aligncenter wp-image-4143 size-full\" src=\"https:\/\/linmot.com\/de\/wp-content\/uploads\/sites\/2\/2023\/03\/ethernet-powerlink-logo.jpg\" alt=\"Servo Drives 200\/400 VAC - Ethernet Powerlink\" width=\"158\" height=\"66\" \/><br \/>\n<\/div>\n<div class=\"col-md-3\">\n<img loading=\"lazy\" decoding=\"async\" class=\"aligncenter wp-image-4145 size-full\" src=\"https:\/\/linmot.com\/de\/wp-content\/uploads\/sites\/2\/2023\/03\/sercos-automation-logo.jpg\" alt=\"Servo Drives 200\/400 VAC - sercos\" width=\"130\" height=\"66\" \/><br \/>\n<\/div>\n<div class=\"col-md-3\">\n<img loading=\"lazy\" decoding=\"async\" class=\"aligncenter wp-image-4431 size-full\" src=\"https:\/\/linmot.com\/de\/wp-content\/uploads\/sites\/2\/2023\/07\/CANopen_logo.jpg\" alt=\"Servo Drives 200\/400 VAC - CANopen\" width=\"154\" height=\"66\" \/><br \/>\n<\/div>\n<div class=\"col-md-3\">\n<img loading=\"lazy\" decoding=\"async\" class=\"aligncenter wp-image-4432 size-full\" src=\"https:\/\/linmot.com\/de\/wp-content\/uploads\/sites\/2\/2023\/07\/profidrive.png\" alt=\"Servo Drives 200\/400 VAC - PROFIdrive\" width=\"154\" height=\"66\" \/><br \/>\n<\/div>\n<\/div>\n<hr \/>\n<div class=\"row\">\n<div class=\"col-md-7\">\n<strong>C1400 &#8211; Universell<\/strong><\/p>\n<p>Servo Drives con alimentaci\u00f3n directa a la red para movimientos sencillos y sincronizaci\u00f3n de ejes compleja. Dise\u00f1ado para controlar la familia de motores P10.<\/p>\n<ul>\n<li>1&#215;200&#8230;. 240VAC<\/li>\n<li>Control de servomotores LinMot y AC<\/li>\n<li>Hasta 100 perfiles de curva almacenables<\/li>\n<li>Control s\u00edncrono (perfiles de accionamiento)<\/li>\n<li>Hasta 100 perfiles de curva almacenables<\/li>\n<li>Tabla de comandos libremente programable con hasta 255 comandos<\/li>\n<li>Interfaz para sensor incremental y absoluto<\/li>\n<li>Interfaz de configuraci\u00f3n serie<\/li>\n<\/ul>\n<\/div>\n<div class=\"col-md-5\">\n<img loading=\"lazy\" decoding=\"async\" class=\"aligncenter wp-image-4421 size-full\" src=\"https:\/\/linmot.com\/de\/wp-content\/uploads\/sites\/2\/2023\/07\/servo-drive_C-1400.jpg\" alt=\"\" width=\"169\" height=\"352\" \/>\n<\/div>\n<\/div>\n<div class=\"row\">\n<div class=\"col-md-3\">\n<img loading=\"lazy\" decoding=\"async\" class=\"aligncenter wp-image-4140 size-full\" src=\"https:\/\/linmot.com\/de\/wp-content\/uploads\/sites\/2\/2023\/03\/profinet-logo.jpg\" alt=\"\" width=\"154\" height=\"66\" \/><br \/>\n<\/div>\n<div class=\"col-md-3\">\n<img loading=\"lazy\" decoding=\"async\" class=\"aligncenter wp-image-4432 size-full\" src=\"https:\/\/linmot.com\/de\/wp-content\/uploads\/sites\/2\/2023\/07\/profidrive.png\" alt=\"\" width=\"154\" height=\"66\" \/><br \/>\n<\/div>\n<div class=\"col-md-3\">\n<img loading=\"lazy\" decoding=\"async\" class=\"aligncenter wp-image-4141 size-full\" src=\"https:\/\/linmot.com\/de\/wp-content\/uploads\/sites\/2\/2023\/03\/ethercat-logo.jpg\" alt=\"\" width=\"158\" height=\"66\" \/><br \/>\n<\/div>\n<div class=\"col-md-3\">\n<img loading=\"lazy\" decoding=\"async\" class=\"aligncenter wp-image-4143 size-full\" src=\"https:\/\/linmot.com\/de\/wp-content\/uploads\/sites\/2\/2023\/03\/ethernet-powerlink-logo.jpg\" alt=\"\" width=\"158\" height=\"66\" \/><br \/>\n<\/div>\n<\/div>\n<div class=\"row\">\n<div class=\"col-md-3\">\n<img loading=\"lazy\" decoding=\"async\" class=\"aligncenter wp-image-4145 size-full\" src=\"https:\/\/linmot.com\/de\/wp-content\/uploads\/sites\/2\/2023\/03\/sercos-automation-logo.jpg\" alt=\"\" width=\"130\" height=\"66\" \/><br \/>\n<\/div>\n<\/div>\n<hr \/>\n<h2 id=\"kontakt\">2. contacto<\/h2>\n<div class=\"row download\">\n<div class=\"col-md-6\">\n<h4 class=\"download-title\">\u00bfTiene alguna pregunta sobre los Servo Drives 200\/400 VAC?<\/h4>\n<p class=\"bodytext\">Estaremos encantados de responder a cualquier pregunta que tenga sobre los motores lineales.<br \/>\nP\u00f3ngase en contacto con nosotros mediante el siguiente formulario o ll\u00e1menos al:<\/p>\n<p class=\"bodytext\">Tel: 262-743-2555<\/p>\n<\/div>\n<div class=\"col-md-1\">\n<\/div>\n<div class=\"col-md-5\">\n\n<div class=\"wpcf7 no-js\" id=\"wpcf7-f1752-o1\" lang=\"es-ES\" dir=\"ltr\" data-wpcf7-id=\"1752\">\n<div class=\"screen-reader-response\"><p role=\"status\" aria-live=\"polite\" aria-atomic=\"true\"><\/p> <ul><\/ul><\/div>\n<form action=\"\/es\/wp-json\/wp\/v2\/pages\/3056#wpcf7-f1752-o1\" method=\"post\" class=\"wpcf7-form init\" aria-label=\"Formulario de contacto\" novalidate=\"novalidate\" data-status=\"init\">\n<fieldset class=\"hidden-fields-container\"><input type=\"hidden\" name=\"_wpcf7\" value=\"1752\" \/><input type=\"hidden\" name=\"_wpcf7_version\" value=\"6.1.5\" \/><input type=\"hidden\" name=\"_wpcf7_locale\" value=\"es_ES\" \/><input type=\"hidden\" name=\"_wpcf7_unit_tag\" value=\"wpcf7-f1752-o1\" \/><input type=\"hidden\" name=\"_wpcf7_container_post\" value=\"0\" \/><input type=\"hidden\" name=\"_wpcf7_posted_data_hash\" value=\"\" \/><input type=\"hidden\" name=\"_wpcf7_recaptcha_response\" value=\"\" \/>\n<\/fieldset>\n<label> Tu nombre<br>\n    <span class=\"wpcf7-form-control-wrap\" data-name=\"your-name\"><input size=\"40\" maxlength=\"400\" class=\"wpcf7-form-control wpcf7-text wpcf7-validates-as-required\" aria-required=\"true\" aria-invalid=\"false\" value=\"\" type=\"text\" name=\"your-name\" \/><\/span> <\/label><br>\n<br>\n<label> Tu empresa<br>\n    <span class=\"wpcf7-form-control-wrap\" data-name=\"your-company\"><input size=\"40\" maxlength=\"400\" class=\"wpcf7-form-control wpcf7-text wpcf7-validates-as-required\" aria-required=\"true\" aria-invalid=\"false\" value=\"\" type=\"text\" name=\"your-company\" \/><\/span> <\/label><br>\n<br>\n<label> C\u00f3digo postal<br>\n    <span class=\"wpcf7-form-control-wrap\" data-name=\"your-plz\"><input class=\"wpcf7-form-control wpcf7-number wpcf7-validates-as-required wpcf7-validates-as-number\" aria-required=\"true\" aria-invalid=\"false\" value=\"\" type=\"number\" name=\"your-plz\" \/><\/span> <\/label>\n<br>\n<label> Pa\u00eds<br>\n    <span class=\"wpcf7-form-control-wrap\" data-name=\"your-country\"><input size=\"40\" maxlength=\"400\" class=\"wpcf7-form-control wpcf7-text wpcf7-validates-as-required\" aria-required=\"true\" aria-invalid=\"false\" value=\"\" type=\"text\" name=\"your-country\" \/><\/span> <\/label><br>\n<br>\n<label> Tu tel\u00e9fono<br>\n    <span class=\"wpcf7-form-control-wrap\" data-name=\"your-telephone\"><input size=\"40\" maxlength=\"400\" class=\"wpcf7-form-control wpcf7-tel wpcf7-validates-as-required wpcf7-text wpcf7-validates-as-tel\" aria-required=\"true\" aria-invalid=\"false\" value=\"\" type=\"tel\" name=\"your-telephone\" \/><\/span> <\/label><br>\n<br>\n<label> Tu correo electr\u00f3nico<br>\n    <span class=\"wpcf7-form-control-wrap\" data-name=\"your-email\"><input size=\"40\" maxlength=\"400\" class=\"wpcf7-form-control wpcf7-email wpcf7-validates-as-required wpcf7-text wpcf7-validates-as-email\" aria-required=\"true\" aria-invalid=\"false\" value=\"\" type=\"email\" name=\"your-email\" \/><\/span> <\/label><br>\n<br>\n<label> Asunto<br>\n    <span class=\"wpcf7-form-control-wrap\" data-name=\"your-subject\"><input size=\"40\" maxlength=\"400\" class=\"wpcf7-form-control wpcf7-text wpcf7-validates-as-required\" aria-required=\"true\" aria-invalid=\"false\" value=\"\" type=\"text\" name=\"your-subject\" \/><\/span> <\/label><br>\n<br>\n<label> Tu mensaje (opcional)<br>\n    <span class=\"wpcf7-form-control-wrap\" data-name=\"your-message\"><textarea cols=\"40\" rows=\"10\" maxlength=\"2000\" class=\"wpcf7-form-control wpcf7-textarea\" aria-invalid=\"false\" name=\"your-message\"><\/textarea><\/span> <\/label><br>\n<br>\n<input class=\"wpcf7-form-control wpcf7-submit has-spinner\" type=\"submit\" value=\"Enviar\" \/><div class=\"wpcf7-response-output\" aria-hidden=\"true\"><\/div>\n<\/form>\n<\/div>\n\n<\/div>\n<\/div>\n","protected":false},"excerpt":{"rendered":"<p>Nuestros Servo Drives 200\/400 VAC est\u00e1n dise\u00f1ados para el control din\u00e1mico de motores lineales de alto rendimiento LinMot de las familias de motores P10-54 y P10-70. Potentes Servo Drives de CA con alimentaci\u00f3n directa a la red 1 x230VAC o 3x400VAC para la realizaci\u00f3n r\u00e1pida de aplicaciones sencillas con dos posiciones finales hasta aplicaciones multieje [&hellip;]<\/p>\n","protected":false},"author":9,"featured_media":0,"parent":2257,"menu_order":20,"comment_status":"closed","ping_status":"closed","template":"","meta":{"_acf_changed":false,"footnotes":""},"class_list":["post-3056","page","type-page","status-publish","hentry"],"acf":[],"yoast_head":"<!-- This site is optimized with the Yoast SEO Premium plugin v20.9 (Yoast SEO v27.2) - https:\/\/yoast.com\/product\/yoast-seo-premium-wordpress\/ -->\n<title>Servo Drives 200\/400 VAC - LinMot &amp; MagSpring - Espa\u00f1ol<\/title>\n<meta name=\"description\" content=\"Nuestros Servo Drives 200\/400 VAC est\u00e1n dise\u00f1ados para el control din\u00e1mico de motores lineales de alto rendimiento LinMot de las familias de motores P10-54 y P10-70.\" \/>\n<meta name=\"robots\" content=\"index, follow, max-snippet:-1, max-image-preview:large, max-video-preview:-1\" \/>\n<link rel=\"canonical\" href=\"https:\/\/linmot.com\/es\/productos\/servo-drives\/servo-drives-200-400-vac\/\" \/>\n<meta property=\"og:locale\" content=\"es_ES\" \/>\n<meta property=\"og:type\" content=\"article\" \/>\n<meta property=\"og:title\" content=\"Servo Drives 200\/400 VAC - LinMot &amp; MagSpring - Espa\u00f1ol\" \/>\n<meta property=\"og:description\" content=\"Nuestros Servo Drives 200\/400 VAC est\u00e1n dise\u00f1ados para el control din\u00e1mico de motores lineales de alto rendimiento LinMot de las familias de motores P10-54 y P10-70.\" \/>\n<meta property=\"og:url\" content=\"https:\/\/linmot.com\/es\/productos\/servo-drives\/servo-drives-200-400-vac\/\" \/>\n<meta property=\"og:site_name\" content=\"LinMot &amp; MagSpring - Espa\u00f1ol\" \/>\n<meta property=\"article:modified_time\" content=\"2025-04-16T11:23:59+00:00\" \/>\n<meta property=\"og:image\" content=\"https:\/\/linmot.com\/es\/wp-content\/uploads\/sites\/5\/2017\/10\/servo-drives-linmot.jpg\" \/>\n\t<meta property=\"og:image:width\" content=\"612\" \/>\n\t<meta property=\"og:image:height\" content=\"190\" \/>\n\t<meta property=\"og:image:type\" content=\"image\/jpeg\" \/>\n<meta name=\"twitter:card\" content=\"summary_large_image\" \/>\n<meta name=\"twitter:title\" content=\"Servo Drives 200\/400 VAC - LinMot &amp; MagSpring - Espa\u00f1ol\" \/>\n<meta name=\"twitter:description\" content=\"Nuestros Servo Drives 200\/400 VAC est\u00e1n dise\u00f1ados para el control din\u00e1mico de motores lineales de alto rendimiento LinMot de las familias de motores P10-54 y P10-70.\" \/>\n<meta name=\"twitter:label1\" content=\"Tiempo de lectura\" \/>\n\t<meta name=\"twitter:data1\" content=\"5 minutos\" \/>\n<script type=\"application\/ld+json\" class=\"yoast-schema-graph\">{\"@context\":\"https:\/\/schema.org\",\"@graph\":[{\"@type\":\"WebPage\",\"@id\":\"https:\/\/linmot.com\/es\/productos\/servo-drives\/servo-drives-200-400-vac\/\",\"url\":\"https:\/\/linmot.com\/es\/productos\/servo-drives\/servo-drives-200-400-vac\/\",\"name\":\"Servo Drives 200\/400 VAC - LinMot &amp; MagSpring - Espa\u00f1ol\",\"isPartOf\":{\"@id\":\"https:\/\/linmot.com\/es\/#website\"},\"primaryImageOfPage\":{\"@id\":\"https:\/\/linmot.com\/es\/productos\/servo-drives\/servo-drives-200-400-vac\/#primaryimage\"},\"image\":{\"@id\":\"https:\/\/linmot.com\/es\/productos\/servo-drives\/servo-drives-200-400-vac\/#primaryimage\"},\"thumbnailUrl\":\"https:\/\/linmot.com\/de\/wp-content\/uploads\/sites\/2\/2023\/07\/servo-drive_E-1400.jpg\",\"datePublished\":\"2023-08-28T12:51:33+00:00\",\"dateModified\":\"2025-04-16T11:23:59+00:00\",\"description\":\"Nuestros Servo Drives 200\/400 VAC est\u00e1n dise\u00f1ados para el control din\u00e1mico de motores lineales de alto rendimiento LinMot de las familias de motores P10-54 y P10-70.\",\"breadcrumb\":{\"@id\":\"https:\/\/linmot.com\/es\/productos\/servo-drives\/servo-drives-200-400-vac\/#breadcrumb\"},\"inLanguage\":\"es\",\"potentialAction\":[{\"@type\":\"ReadAction\",\"target\":[\"https:\/\/linmot.com\/es\/productos\/servo-drives\/servo-drives-200-400-vac\/\"]}]},{\"@type\":\"ImageObject\",\"inLanguage\":\"es\",\"@id\":\"https:\/\/linmot.com\/es\/productos\/servo-drives\/servo-drives-200-400-vac\/#primaryimage\",\"url\":\"https:\/\/linmot.com\/de\/wp-content\/uploads\/sites\/2\/2023\/07\/servo-drive_E-1400.jpg\",\"contentUrl\":\"https:\/\/linmot.com\/de\/wp-content\/uploads\/sites\/2\/2023\/07\/servo-drive_E-1400.jpg\"},{\"@type\":\"BreadcrumbList\",\"@id\":\"https:\/\/linmot.com\/es\/productos\/servo-drives\/servo-drives-200-400-vac\/#breadcrumb\",\"itemListElement\":[{\"@type\":\"ListItem\",\"position\":1,\"name\":\"Home\",\"item\":\"https:\/\/linmot.com\/es\/\"},{\"@type\":\"ListItem\",\"position\":2,\"name\":\"Productos\",\"item\":\"https:\/\/linmot.com\/es\/productos\/\"},{\"@type\":\"ListItem\",\"position\":3,\"name\":\"Servo Drives\",\"item\":\"https:\/\/linmot.com\/es\/productos\/servo-drives\/\"},{\"@type\":\"ListItem\",\"position\":4,\"name\":\"Servo Drives 200\/400 VAC\"}]},{\"@type\":\"WebSite\",\"@id\":\"https:\/\/linmot.com\/es\/#website\",\"url\":\"https:\/\/linmot.com\/es\/\",\"name\":\"LinMot &amp; MagSpring - Espa\u00f1ol\",\"description\":\"Motores lineales y sistemas de motores lineales de alta calidad\",\"publisher\":{\"@id\":\"https:\/\/linmot.com\/es\/#organization\"},\"potentialAction\":[{\"@type\":\"SearchAction\",\"target\":{\"@type\":\"EntryPoint\",\"urlTemplate\":\"https:\/\/linmot.com\/es\/?s={search_term_string}\"},\"query-input\":{\"@type\":\"PropertyValueSpecification\",\"valueRequired\":true,\"valueName\":\"search_term_string\"}}],\"inLanguage\":\"es\"},{\"@type\":\"Organization\",\"@id\":\"https:\/\/linmot.com\/es\/#organization\",\"name\":\"NTI AG - LinMot & MagSpring\",\"url\":\"https:\/\/linmot.com\/es\/\",\"logo\":{\"@type\":\"ImageObject\",\"inLanguage\":\"es\",\"@id\":\"https:\/\/linmot.com\/es\/#\/schema\/logo\/image\/\",\"url\":\"https:\/\/linmot.com\/es\/wp-content\/uploads\/sites\/5\/2022\/05\/linmot-social-share-logo.jpg\",\"contentUrl\":\"https:\/\/linmot.com\/es\/wp-content\/uploads\/sites\/5\/2022\/05\/linmot-social-share-logo.jpg\",\"width\":800,\"height\":500,\"caption\":\"NTI AG - LinMot & MagSpring\"},\"image\":{\"@id\":\"https:\/\/linmot.com\/es\/#\/schema\/logo\/image\/\"},\"sameAs\":[\"https:\/\/www.linkedin.com\/company\/nti-ag-linmot-magspring\",\"https:\/\/www.youtube.com\/user\/LinMotEurope\"]}]}<\/script>\n<!-- \/ Yoast SEO Premium plugin. -->","yoast_head_json":{"title":"Servo Drives 200\/400 VAC - LinMot &amp; MagSpring - Espa\u00f1ol","description":"Nuestros Servo Drives 200\/400 VAC est\u00e1n dise\u00f1ados para el control din\u00e1mico de motores lineales de alto rendimiento LinMot de las familias de motores P10-54 y P10-70.","robots":{"index":"index","follow":"follow","max-snippet":"max-snippet:-1","max-image-preview":"max-image-preview:large","max-video-preview":"max-video-preview:-1"},"canonical":"https:\/\/linmot.com\/es\/productos\/servo-drives\/servo-drives-200-400-vac\/","og_locale":"es_ES","og_type":"article","og_title":"Servo Drives 200\/400 VAC - LinMot &amp; MagSpring - Espa\u00f1ol","og_description":"Nuestros Servo Drives 200\/400 VAC est\u00e1n dise\u00f1ados para el control din\u00e1mico de motores lineales de alto rendimiento LinMot de las familias de motores P10-54 y P10-70.","og_url":"https:\/\/linmot.com\/es\/productos\/servo-drives\/servo-drives-200-400-vac\/","og_site_name":"LinMot &amp; MagSpring - Espa\u00f1ol","article_modified_time":"2025-04-16T11:23:59+00:00","og_image":[{"width":612,"height":190,"url":"https:\/\/linmot.com\/es\/wp-content\/uploads\/sites\/5\/2017\/10\/servo-drives-linmot.jpg","type":"image\/jpeg"}],"twitter_card":"summary_large_image","twitter_title":"Servo Drives 200\/400 VAC - LinMot &amp; MagSpring - Espa\u00f1ol","twitter_description":"Nuestros Servo Drives 200\/400 VAC est\u00e1n dise\u00f1ados para el control din\u00e1mico de motores lineales de alto rendimiento LinMot de las familias de motores P10-54 y P10-70.","twitter_misc":{"Tiempo de lectura":"5 minutos"},"schema":{"@context":"https:\/\/schema.org","@graph":[{"@type":"WebPage","@id":"https:\/\/linmot.com\/es\/productos\/servo-drives\/servo-drives-200-400-vac\/","url":"https:\/\/linmot.com\/es\/productos\/servo-drives\/servo-drives-200-400-vac\/","name":"Servo Drives 200\/400 VAC - LinMot &amp; MagSpring - Espa\u00f1ol","isPartOf":{"@id":"https:\/\/linmot.com\/es\/#website"},"primaryImageOfPage":{"@id":"https:\/\/linmot.com\/es\/productos\/servo-drives\/servo-drives-200-400-vac\/#primaryimage"},"image":{"@id":"https:\/\/linmot.com\/es\/productos\/servo-drives\/servo-drives-200-400-vac\/#primaryimage"},"thumbnailUrl":"https:\/\/linmot.com\/de\/wp-content\/uploads\/sites\/2\/2023\/07\/servo-drive_E-1400.jpg","datePublished":"2023-08-28T12:51:33+00:00","dateModified":"2025-04-16T11:23:59+00:00","description":"Nuestros Servo Drives 200\/400 VAC est\u00e1n dise\u00f1ados para el control din\u00e1mico de motores lineales de alto rendimiento LinMot de las familias de motores P10-54 y P10-70.","breadcrumb":{"@id":"https:\/\/linmot.com\/es\/productos\/servo-drives\/servo-drives-200-400-vac\/#breadcrumb"},"inLanguage":"es","potentialAction":[{"@type":"ReadAction","target":["https:\/\/linmot.com\/es\/productos\/servo-drives\/servo-drives-200-400-vac\/"]}]},{"@type":"ImageObject","inLanguage":"es","@id":"https:\/\/linmot.com\/es\/productos\/servo-drives\/servo-drives-200-400-vac\/#primaryimage","url":"https:\/\/linmot.com\/de\/wp-content\/uploads\/sites\/2\/2023\/07\/servo-drive_E-1400.jpg","contentUrl":"https:\/\/linmot.com\/de\/wp-content\/uploads\/sites\/2\/2023\/07\/servo-drive_E-1400.jpg"},{"@type":"BreadcrumbList","@id":"https:\/\/linmot.com\/es\/productos\/servo-drives\/servo-drives-200-400-vac\/#breadcrumb","itemListElement":[{"@type":"ListItem","position":1,"name":"Home","item":"https:\/\/linmot.com\/es\/"},{"@type":"ListItem","position":2,"name":"Productos","item":"https:\/\/linmot.com\/es\/productos\/"},{"@type":"ListItem","position":3,"name":"Servo Drives","item":"https:\/\/linmot.com\/es\/productos\/servo-drives\/"},{"@type":"ListItem","position":4,"name":"Servo Drives 200\/400 VAC"}]},{"@type":"WebSite","@id":"https:\/\/linmot.com\/es\/#website","url":"https:\/\/linmot.com\/es\/","name":"LinMot &amp; MagSpring - Espa\u00f1ol","description":"Motores lineales y sistemas de motores lineales de alta calidad","publisher":{"@id":"https:\/\/linmot.com\/es\/#organization"},"potentialAction":[{"@type":"SearchAction","target":{"@type":"EntryPoint","urlTemplate":"https:\/\/linmot.com\/es\/?s={search_term_string}"},"query-input":{"@type":"PropertyValueSpecification","valueRequired":true,"valueName":"search_term_string"}}],"inLanguage":"es"},{"@type":"Organization","@id":"https:\/\/linmot.com\/es\/#organization","name":"NTI AG - LinMot & MagSpring","url":"https:\/\/linmot.com\/es\/","logo":{"@type":"ImageObject","inLanguage":"es","@id":"https:\/\/linmot.com\/es\/#\/schema\/logo\/image\/","url":"https:\/\/linmot.com\/es\/wp-content\/uploads\/sites\/5\/2022\/05\/linmot-social-share-logo.jpg","contentUrl":"https:\/\/linmot.com\/es\/wp-content\/uploads\/sites\/5\/2022\/05\/linmot-social-share-logo.jpg","width":800,"height":500,"caption":"NTI AG - LinMot & MagSpring"},"image":{"@id":"https:\/\/linmot.com\/es\/#\/schema\/logo\/image\/"},"sameAs":["https:\/\/www.linkedin.com\/company\/nti-ag-linmot-magspring","https:\/\/www.youtube.com\/user\/LinMotEurope"]}]}},"_links":{"self":[{"href":"https:\/\/linmot.com\/es\/wp-json\/wp\/v2\/pages\/3056","targetHints":{"allow":["GET"]}}],"collection":[{"href":"https:\/\/linmot.com\/es\/wp-json\/wp\/v2\/pages"}],"about":[{"href":"https:\/\/linmot.com\/es\/wp-json\/wp\/v2\/types\/page"}],"author":[{"embeddable":true,"href":"https:\/\/linmot.com\/es\/wp-json\/wp\/v2\/users\/9"}],"replies":[{"embeddable":true,"href":"https:\/\/linmot.com\/es\/wp-json\/wp\/v2\/comments?post=3056"}],"version-history":[{"count":11,"href":"https:\/\/linmot.com\/es\/wp-json\/wp\/v2\/pages\/3056\/revisions"}],"predecessor-version":[{"id":3823,"href":"https:\/\/linmot.com\/es\/wp-json\/wp\/v2\/pages\/3056\/revisions\/3823"}],"up":[{"embeddable":true,"href":"https:\/\/linmot.com\/es\/wp-json\/wp\/v2\/pages\/2257"}],"wp:attachment":[{"href":"https:\/\/linmot.com\/es\/wp-json\/wp\/v2\/media?parent=3056"}],"curies":[{"name":"wp","href":"https:\/\/api.w.org\/{rel}","templated":true}]}}