{"id":3047,"date":"2023-08-28T13:36:05","date_gmt":"2023-08-28T13:36:05","guid":{"rendered":"https:\/\/linmot.com\/es\/?page_id=3047"},"modified":"2024-09-09T14:08:08","modified_gmt":"2024-09-09T14:08:08","slug":"linmot-talk-y-linmot-designer","status":"publish","type":"page","link":"https:\/\/linmot.com\/es\/productos\/servo-drives\/linmot-talk-y-linmot-designer\/","title":{"rendered":"LinMot Talk y LinMot Designer"},"content":{"rendered":"<p><strong>LinMot Designer y LinMot Talk son las herramienta auxiliar para el correcto dimensionamiento y supervisi\u00f3n de sus motores lineales.<\/strong><\/p>\n<hr \/>\n<h2>Dimensionamiento y puesta en marcha sencillos<\/h2>\n<div class=\"row\">\n<div class=\"col-sm-6\">\n<p align=\"justify\">La utilizaci\u00f3n de un sistema de accionamiento lineal comienza con el dise\u00f1o de los motores lineales. Para ello, LinMot pone a disposici\u00f3n del dise\u00f1ador una herramienta de f\u00e1cil manejo. El LinMot Designer calcula los par\u00e1metros necesarios para la selecci\u00f3n del accionamiento en funci\u00f3n de las secuencias de movimiento y las cargas requeridas, y los pone en relaci\u00f3n con el motor lineal y el servoaccionamiento seleccionados.<\/p>\n<p align=\"justify\">Con ayuda de la interfaz para PC LinMot Talk, el usuario puede configurar los servoaccionamientos LinMot. Adem\u00e1s, es posible supervisar los motores durante el funcionamiento y analizar las secuencias de movimiento actuales (supervisi\u00f3n).<\/p>\n<p align=\"justify\">A trav\u00e9s del panel de control integrado, el usuario tiene acceso directo a la palabra de control y estado, as\u00ed como a todos los comandos que tambi\u00e9n se pueden llamar desde el controlador de nivel superior.<\/p>\n<\/div>\n<div class=\"col-sm-6\">\n<img loading=\"lazy\" decoding=\"async\" class=\"alignright size-full wp-image-4505\" src=\"https:\/\/linmot.com\/de\/wp-content\/uploads\/sites\/2\/2023\/08\/linmot-talk-designer.jpg\" alt=\"\" width=\"438\" height=\"256\" \/><br \/>\n<\/div>\n<\/div>\n<div class=\"row\">\n<div class=\"col-sm-6\">\n<h3>Dise\u00f1o de motores con LinMot Designer<\/h3>\n<ul>\n<li>Especificaci\u00f3n de todos los datos globales<\/li>\n<li>Simulaci\u00f3n del movimiento deseado<\/li>\n<li>Determinaci\u00f3n de los datos cinem\u00e1ticos<\/li>\n<li>Determinaci\u00f3n de la fuerza necesaria del motor<\/li>\n<li>Liberaci\u00f3n del motor seleccionado<\/li>\n<li>Funci\u00f3n \u00abrentabilidad\u00bb para comparar el uso neum\u00e1tico frente a los motores lineales<\/li>\n<li>Dise\u00f1o de motores rotativos<\/li>\n<\/ul>\n<p><a class=\"button\" href=\"\/es\/download\/linmot-designer\/\">Download LinMot Designer<\/a><\/p>\n<\/div>\n<div class=\"col-sm-6\">\n<h3>Puesta en servicio con LinMot Talk<\/h3>\n<ul>\n<li>Configuraci\u00f3n del accionamiento y del motor<\/li>\n<li>Configuraci\u00f3n de los par\u00e1metros de la aplicaci\u00f3n<\/li>\n<li>Creaci\u00f3n y almacenamiento de secuencias de movimiento<\/li>\n<li>Optimizaci\u00f3n del controlador y monitorizaci\u00f3n del estado<\/li>\n<li>Registro y medici\u00f3n con osciloscopio<\/li>\n<li>Lectura del historial de errores (gesti\u00f3n de errores)<\/li>\n<\/ul>\n<p><a class=\"button\" href=\"\/es\/download\/linmot-talk-drive-configuration\/linmot-talk\/\">Download LinMot Talk<\/a><\/p>\n<\/div>\n<\/div>\n<hr \/>\n<h2>Puesta en marcha con s\u00f3lo pulsar un bot\u00f3n<\/h2>\n<p><strong>Tecnolog\u00edas probadas que ponen r\u00e1pidamente el motor en movimiento.<\/strong><\/p>\n<div class=\"row\">\n<div class=\"col-sm-6\">\n<h3>Bibliotecas PLC y programas de muestra<\/h3>\n<p align=\"justify\">Los accionamientos LinMot disponen de todas las interfaces de bus de campo habituales para la conexi\u00f3n a un sistema de control de nivel superior.<\/p>\n<p align=\"justify\">Para que la integraci\u00f3n en el sistema de control sea sencilla, el cliente dispone de amplios bloques de funciones y programas de ejemplo. Estos m\u00f3dulos permiten una integraci\u00f3n directa y r\u00e1pida de los accionamientos LinMot en el sistema de control.<\/p>\n<p align=\"justify\">Adem\u00e1s de los comandos de desplazamiento est\u00e1ndar, los bloques de funciones tambi\u00e9n pueden utilizarse para ejecutar funciones como la parametrizaci\u00f3n y la configuraci\u00f3n del accionamiento directamente desde el controlador. De este modo, la configuraci\u00f3n completa del accionamiento del eje correspondiente se almacena en el controlador.<\/p>\n<p align=\"justify\">En caso de mantenimiento o sustituci\u00f3n, esto permite el reconocimiento autom\u00e1tico y la parametrizaci\u00f3n del accionamiento a trav\u00e9s del bus. Esto elimina la configuraci\u00f3n manual y lenta de los accionamientos en caso de aver\u00eda.<\/p>\n<\/div>\n<div class=\"col-sm-6\">\n<img loading=\"lazy\" decoding=\"async\" class=\"alignright size-full wp-image-4506\" src=\"https:\/\/linmot.com\/de\/wp-content\/uploads\/sites\/2\/2023\/08\/sps-libraries-und-beispielprogramme.jpg\" alt=\"\" width=\"505\" height=\"509\" \/><br \/>\n<\/div>\n<\/div>\n<h3>Configuraci\u00f3n totalmente autom\u00e1tica de los datos del motor<\/h3>\n<p align=\"justify\">La tecnolog\u00eda Plug and Play (PnP) establecida en el sector inform\u00e1tico tambi\u00e9n se utiliza en LinMot para la puesta en servicio de motores lineales.<\/p>\n<p align=\"justify\">En los motores Plug &amp; Play, los par\u00e1metros se almacenan directamente en el est\u00e1tor. El servoaccionamiento lee los valores al encenderse y ajusta los par\u00e1metros en consecuencia. Este reconocimiento autom\u00e1tico del dispositivo elimina as\u00ed la necesidad de seleccionar los par\u00e1metros de tipo necesarios de una extensa biblioteca.<\/p>\n<p align=\"justify\">Inmediatamente despu\u00e9s de la instalaci\u00f3n y la conexi\u00f3n de los cables, el motor puede ponerse en marcha. Sin necesidad de iniciar el software de configuraci\u00f3n, el control PLC puede enviar directamente los primeros comandos.<\/p>\n<p>De este modo, la primera puesta en servicio y la sustituci\u00f3n de un motor son extremadamente sencillas.<\/p>\n","protected":false},"excerpt":{"rendered":"<p>LinMot Designer y LinMot Talk son las herramienta auxiliar para el correcto dimensionamiento y supervisi\u00f3n de sus motores lineales. Dimensionamiento y puesta en marcha sencillos Puesta en marcha con s\u00f3lo pulsar un bot\u00f3n Tecnolog\u00edas probadas que ponen r\u00e1pidamente el motor en movimiento. Configuraci\u00f3n totalmente autom\u00e1tica de los datos del motor La tecnolog\u00eda Plug and Play [&hellip;]<\/p>\n","protected":false},"author":9,"featured_media":0,"parent":2257,"menu_order":24,"comment_status":"closed","ping_status":"closed","template":"","meta":{"_acf_changed":false,"footnotes":""},"class_list":["post-3047","page","type-page","status-publish","hentry"],"acf":[],"yoast_head":"<!-- This site is optimized with the Yoast SEO Premium plugin v20.9 (Yoast SEO v27.4) - https:\/\/yoast.com\/product\/yoast-seo-premium-wordpress\/ -->\n<title>LinMot Talk y LinMot Designer - LinMot &amp; MagSpring - Espa\u00f1ol<\/title>\n<meta name=\"description\" content=\"LinMot Designer - La popular herramienta para el correcto dimensionamiento y control de sus motores lineales.\" \/>\n<meta name=\"robots\" content=\"index, follow, max-snippet:-1, max-image-preview:large, max-video-preview:-1\" \/>\n<link rel=\"canonical\" href=\"https:\/\/linmot.com\/es\/productos\/servo-drives\/linmot-talk-y-linmot-designer\/\" \/>\n<meta property=\"og:locale\" content=\"es_ES\" \/>\n<meta property=\"og:type\" content=\"article\" \/>\n<meta property=\"og:title\" content=\"LinMot Talk y LinMot Designer - LinMot &amp; MagSpring - Espa\u00f1ol\" \/>\n<meta property=\"og:description\" content=\"LinMot Designer - La popular herramienta para el correcto dimensionamiento y control de sus motores lineales.\" \/>\n<meta property=\"og:url\" content=\"https:\/\/linmot.com\/es\/productos\/servo-drives\/linmot-talk-y-linmot-designer\/\" \/>\n<meta property=\"og:site_name\" content=\"LinMot &amp; MagSpring - Espa\u00f1ol\" \/>\n<meta property=\"article:modified_time\" content=\"2024-09-09T14:08:08+00:00\" \/>\n<meta property=\"og:image\" content=\"https:\/\/linmot.com\/de\/wp-content\/uploads\/sites\/2\/2023\/08\/linmot-talk-designer.jpg\" \/>\n<meta name=\"twitter:card\" content=\"summary_large_image\" \/>\n<meta name=\"twitter:title\" content=\"LinMot Talk y LinMot Designer - LinMot &amp; MagSpring - Espa\u00f1ol\" \/>\n<meta name=\"twitter:description\" content=\"LinMot Designer - La popular herramienta para el correcto dimensionamiento y control de sus motores lineales.\" \/>\n<meta name=\"twitter:label1\" content=\"Tiempo de lectura\" \/>\n\t<meta name=\"twitter:data1\" content=\"4 minutos\" \/>\n<script type=\"application\/ld+json\" class=\"yoast-schema-graph\">{\"@context\":\"https:\\\/\\\/schema.org\",\"@graph\":[{\"@type\":\"WebPage\",\"@id\":\"https:\\\/\\\/linmot.com\\\/es\\\/productos\\\/servo-drives\\\/linmot-talk-y-linmot-designer\\\/\",\"url\":\"https:\\\/\\\/linmot.com\\\/es\\\/productos\\\/servo-drives\\\/linmot-talk-y-linmot-designer\\\/\",\"name\":\"LinMot Talk y LinMot Designer - LinMot &amp; MagSpring - Espa\u00f1ol\",\"isPartOf\":{\"@id\":\"https:\\\/\\\/linmot.com\\\/es\\\/#website\"},\"primaryImageOfPage\":{\"@id\":\"https:\\\/\\\/linmot.com\\\/es\\\/productos\\\/servo-drives\\\/linmot-talk-y-linmot-designer\\\/#primaryimage\"},\"image\":{\"@id\":\"https:\\\/\\\/linmot.com\\\/es\\\/productos\\\/servo-drives\\\/linmot-talk-y-linmot-designer\\\/#primaryimage\"},\"thumbnailUrl\":\"https:\\\/\\\/linmot.com\\\/de\\\/wp-content\\\/uploads\\\/sites\\\/2\\\/2023\\\/08\\\/linmot-talk-designer.jpg\",\"datePublished\":\"2023-08-28T13:36:05+00:00\",\"dateModified\":\"2024-09-09T14:08:08+00:00\",\"description\":\"LinMot Designer - La popular herramienta para el correcto dimensionamiento y control de sus motores lineales.\",\"breadcrumb\":{\"@id\":\"https:\\\/\\\/linmot.com\\\/es\\\/productos\\\/servo-drives\\\/linmot-talk-y-linmot-designer\\\/#breadcrumb\"},\"inLanguage\":\"es\",\"potentialAction\":[{\"@type\":\"ReadAction\",\"target\":[\"https:\\\/\\\/linmot.com\\\/es\\\/productos\\\/servo-drives\\\/linmot-talk-y-linmot-designer\\\/\"]}]},{\"@type\":\"ImageObject\",\"inLanguage\":\"es\",\"@id\":\"https:\\\/\\\/linmot.com\\\/es\\\/productos\\\/servo-drives\\\/linmot-talk-y-linmot-designer\\\/#primaryimage\",\"url\":\"https:\\\/\\\/linmot.com\\\/de\\\/wp-content\\\/uploads\\\/sites\\\/2\\\/2023\\\/08\\\/linmot-talk-designer.jpg\",\"contentUrl\":\"https:\\\/\\\/linmot.com\\\/de\\\/wp-content\\\/uploads\\\/sites\\\/2\\\/2023\\\/08\\\/linmot-talk-designer.jpg\"},{\"@type\":\"BreadcrumbList\",\"@id\":\"https:\\\/\\\/linmot.com\\\/es\\\/productos\\\/servo-drives\\\/linmot-talk-y-linmot-designer\\\/#breadcrumb\",\"itemListElement\":[{\"@type\":\"ListItem\",\"position\":1,\"name\":\"Home\",\"item\":\"https:\\\/\\\/linmot.com\\\/es\\\/\"},{\"@type\":\"ListItem\",\"position\":2,\"name\":\"Productos\",\"item\":\"https:\\\/\\\/linmot.com\\\/es\\\/productos\\\/\"},{\"@type\":\"ListItem\",\"position\":3,\"name\":\"Servo Drives\",\"item\":\"https:\\\/\\\/linmot.com\\\/es\\\/productos\\\/servo-drives\\\/\"},{\"@type\":\"ListItem\",\"position\":4,\"name\":\"LinMot Talk y LinMot Designer\"}]},{\"@type\":\"WebSite\",\"@id\":\"https:\\\/\\\/linmot.com\\\/es\\\/#website\",\"url\":\"https:\\\/\\\/linmot.com\\\/es\\\/\",\"name\":\"LinMot &amp; MagSpring - Espa\u00f1ol\",\"description\":\"Motores lineales y sistemas de motores lineales de alta calidad\",\"publisher\":{\"@id\":\"https:\\\/\\\/linmot.com\\\/es\\\/#organization\"},\"potentialAction\":[{\"@type\":\"SearchAction\",\"target\":{\"@type\":\"EntryPoint\",\"urlTemplate\":\"https:\\\/\\\/linmot.com\\\/es\\\/?s={search_term_string}\"},\"query-input\":{\"@type\":\"PropertyValueSpecification\",\"valueRequired\":true,\"valueName\":\"search_term_string\"}}],\"inLanguage\":\"es\"},{\"@type\":\"Organization\",\"@id\":\"https:\\\/\\\/linmot.com\\\/es\\\/#organization\",\"name\":\"NTI AG - LinMot & MagSpring\",\"url\":\"https:\\\/\\\/linmot.com\\\/es\\\/\",\"logo\":{\"@type\":\"ImageObject\",\"inLanguage\":\"es\",\"@id\":\"https:\\\/\\\/linmot.com\\\/es\\\/#\\\/schema\\\/logo\\\/image\\\/\",\"url\":\"https:\\\/\\\/linmot.com\\\/es\\\/wp-content\\\/uploads\\\/sites\\\/5\\\/2022\\\/05\\\/linmot-social-share-logo.jpg\",\"contentUrl\":\"https:\\\/\\\/linmot.com\\\/es\\\/wp-content\\\/uploads\\\/sites\\\/5\\\/2022\\\/05\\\/linmot-social-share-logo.jpg\",\"width\":800,\"height\":500,\"caption\":\"NTI AG - LinMot & MagSpring\"},\"image\":{\"@id\":\"https:\\\/\\\/linmot.com\\\/es\\\/#\\\/schema\\\/logo\\\/image\\\/\"},\"sameAs\":[\"https:\\\/\\\/www.linkedin.com\\\/company\\\/nti-ag-linmot-magspring\",\"https:\\\/\\\/www.youtube.com\\\/user\\\/LinMotEurope\"]}]}<\/script>\n<!-- \/ Yoast SEO Premium plugin. -->","yoast_head_json":{"title":"LinMot Talk y LinMot Designer - LinMot &amp; MagSpring - Espa\u00f1ol","description":"LinMot Designer - La popular herramienta para el correcto dimensionamiento y control de sus motores lineales.","robots":{"index":"index","follow":"follow","max-snippet":"max-snippet:-1","max-image-preview":"max-image-preview:large","max-video-preview":"max-video-preview:-1"},"canonical":"https:\/\/linmot.com\/es\/productos\/servo-drives\/linmot-talk-y-linmot-designer\/","og_locale":"es_ES","og_type":"article","og_title":"LinMot Talk y LinMot Designer - LinMot &amp; MagSpring - Espa\u00f1ol","og_description":"LinMot Designer - La popular herramienta para el correcto dimensionamiento y control de sus motores lineales.","og_url":"https:\/\/linmot.com\/es\/productos\/servo-drives\/linmot-talk-y-linmot-designer\/","og_site_name":"LinMot &amp; MagSpring - Espa\u00f1ol","article_modified_time":"2024-09-09T14:08:08+00:00","og_image":[{"url":"https:\/\/linmot.com\/de\/wp-content\/uploads\/sites\/2\/2023\/08\/linmot-talk-designer.jpg","type":"","width":"","height":""}],"twitter_card":"summary_large_image","twitter_title":"LinMot Talk y LinMot Designer - LinMot &amp; MagSpring - Espa\u00f1ol","twitter_description":"LinMot Designer - La popular herramienta para el correcto dimensionamiento y control de sus motores lineales.","twitter_misc":{"Tiempo de lectura":"4 minutos"},"schema":{"@context":"https:\/\/schema.org","@graph":[{"@type":"WebPage","@id":"https:\/\/linmot.com\/es\/productos\/servo-drives\/linmot-talk-y-linmot-designer\/","url":"https:\/\/linmot.com\/es\/productos\/servo-drives\/linmot-talk-y-linmot-designer\/","name":"LinMot Talk y LinMot Designer - LinMot &amp; MagSpring - Espa\u00f1ol","isPartOf":{"@id":"https:\/\/linmot.com\/es\/#website"},"primaryImageOfPage":{"@id":"https:\/\/linmot.com\/es\/productos\/servo-drives\/linmot-talk-y-linmot-designer\/#primaryimage"},"image":{"@id":"https:\/\/linmot.com\/es\/productos\/servo-drives\/linmot-talk-y-linmot-designer\/#primaryimage"},"thumbnailUrl":"https:\/\/linmot.com\/de\/wp-content\/uploads\/sites\/2\/2023\/08\/linmot-talk-designer.jpg","datePublished":"2023-08-28T13:36:05+00:00","dateModified":"2024-09-09T14:08:08+00:00","description":"LinMot Designer - La popular herramienta para el correcto dimensionamiento y control de sus motores lineales.","breadcrumb":{"@id":"https:\/\/linmot.com\/es\/productos\/servo-drives\/linmot-talk-y-linmot-designer\/#breadcrumb"},"inLanguage":"es","potentialAction":[{"@type":"ReadAction","target":["https:\/\/linmot.com\/es\/productos\/servo-drives\/linmot-talk-y-linmot-designer\/"]}]},{"@type":"ImageObject","inLanguage":"es","@id":"https:\/\/linmot.com\/es\/productos\/servo-drives\/linmot-talk-y-linmot-designer\/#primaryimage","url":"https:\/\/linmot.com\/de\/wp-content\/uploads\/sites\/2\/2023\/08\/linmot-talk-designer.jpg","contentUrl":"https:\/\/linmot.com\/de\/wp-content\/uploads\/sites\/2\/2023\/08\/linmot-talk-designer.jpg"},{"@type":"BreadcrumbList","@id":"https:\/\/linmot.com\/es\/productos\/servo-drives\/linmot-talk-y-linmot-designer\/#breadcrumb","itemListElement":[{"@type":"ListItem","position":1,"name":"Home","item":"https:\/\/linmot.com\/es\/"},{"@type":"ListItem","position":2,"name":"Productos","item":"https:\/\/linmot.com\/es\/productos\/"},{"@type":"ListItem","position":3,"name":"Servo Drives","item":"https:\/\/linmot.com\/es\/productos\/servo-drives\/"},{"@type":"ListItem","position":4,"name":"LinMot Talk y LinMot Designer"}]},{"@type":"WebSite","@id":"https:\/\/linmot.com\/es\/#website","url":"https:\/\/linmot.com\/es\/","name":"LinMot &amp; MagSpring - Espa\u00f1ol","description":"Motores lineales y sistemas de motores lineales de alta calidad","publisher":{"@id":"https:\/\/linmot.com\/es\/#organization"},"potentialAction":[{"@type":"SearchAction","target":{"@type":"EntryPoint","urlTemplate":"https:\/\/linmot.com\/es\/?s={search_term_string}"},"query-input":{"@type":"PropertyValueSpecification","valueRequired":true,"valueName":"search_term_string"}}],"inLanguage":"es"},{"@type":"Organization","@id":"https:\/\/linmot.com\/es\/#organization","name":"NTI AG - LinMot & MagSpring","url":"https:\/\/linmot.com\/es\/","logo":{"@type":"ImageObject","inLanguage":"es","@id":"https:\/\/linmot.com\/es\/#\/schema\/logo\/image\/","url":"https:\/\/linmot.com\/es\/wp-content\/uploads\/sites\/5\/2022\/05\/linmot-social-share-logo.jpg","contentUrl":"https:\/\/linmot.com\/es\/wp-content\/uploads\/sites\/5\/2022\/05\/linmot-social-share-logo.jpg","width":800,"height":500,"caption":"NTI AG - LinMot & MagSpring"},"image":{"@id":"https:\/\/linmot.com\/es\/#\/schema\/logo\/image\/"},"sameAs":["https:\/\/www.linkedin.com\/company\/nti-ag-linmot-magspring","https:\/\/www.youtube.com\/user\/LinMotEurope"]}]}},"_links":{"self":[{"href":"https:\/\/linmot.com\/es\/wp-json\/wp\/v2\/pages\/3047","targetHints":{"allow":["GET"]}}],"collection":[{"href":"https:\/\/linmot.com\/es\/wp-json\/wp\/v2\/pages"}],"about":[{"href":"https:\/\/linmot.com\/es\/wp-json\/wp\/v2\/types\/page"}],"author":[{"embeddable":true,"href":"https:\/\/linmot.com\/es\/wp-json\/wp\/v2\/users\/9"}],"replies":[{"embeddable":true,"href":"https:\/\/linmot.com\/es\/wp-json\/wp\/v2\/comments?post=3047"}],"version-history":[{"count":7,"href":"https:\/\/linmot.com\/es\/wp-json\/wp\/v2\/pages\/3047\/revisions"}],"predecessor-version":[{"id":3410,"href":"https:\/\/linmot.com\/es\/wp-json\/wp\/v2\/pages\/3047\/revisions\/3410"}],"up":[{"embeddable":true,"href":"https:\/\/linmot.com\/es\/wp-json\/wp\/v2\/pages\/2257"}],"wp:attachment":[{"href":"https:\/\/linmot.com\/es\/wp-json\/wp\/v2\/media?parent=3047"}],"curies":[{"name":"wp","href":"https:\/\/api.w.org\/{rel}","templated":true}]}}