{"id":30,"date":"2017-10-20T23:31:35","date_gmt":"2017-10-20T21:31:35","guid":{"rendered":"https:\/\/linmot.com\/?page_id=30"},"modified":"2024-02-12T07:59:17","modified_gmt":"2024-02-12T07:59:17","slug":"medios-de-comunicacion","status":"publish","type":"page","link":"https:\/\/linmot.com\/es\/compania\/medios-de-comunicacion\/","title":{"rendered":"Medios de comunicaci\u00f3n"},"content":{"rendered":"<div class=\"row\">\n<div class=\"col-md-4\">\n<h4 class=\"download-title\">Logotipos de LinMot<\/h4>\n<p class=\"bodytext\">Logotipos de LinMot en diferentes formatos<\/p>\n<\/div>\n<div class=\"col-md-8 download\">\n<div class=\"row\">\n<div class=\"col-md-3\">\n<div class=\"download-box\"><a href=\"\/fileadmin\/\/user_upload\/company\/Media\/linmot_logo.png\"><span class=\"name\">PNG<\/span><span class=\"size\">4.10 KB<\/span><\/a><\/div>\n<\/div>\n<div class=\"col-md-3\">\n<div class=\"download-box\"><a href=\"\/fileadmin\/\/user_upload\/company\/Media\/Linmot_Logo.pdf\"><span class=\"name\">PDF<\/span><span class=\"size\">80.55 KB<\/span><\/a><\/div>\n<\/div>\n<div class=\"col-md-3\">\n<div class=\"download-box\"><a href=\"\/fileadmin\/\/user_upload\/company\/Media\/Linmot_Logo.eps\"><span class=\"name\">EPS<\/span><span class=\"size\">353.16 KB<\/span><\/a><\/div>\n<\/div>\n<div class=\"col-md-3\">\n<div class=\"download-box\"><a href=\"\/fileadmin\/\/user_upload\/company\/Media\/Linmot_Logo.jpg\"><span class=\"name\">JPG<\/span><span class=\"size\">85.03 KB <\/span><\/a><\/div>\n<\/div>\n<\/div>\n<\/div>\n<\/div>\n","protected":false},"excerpt":{"rendered":"<p>Logotipos de LinMot Logotipos de LinMot en diferentes formatos PNG4.10 KB PDF80.55 KB EPS353.16 KB JPG85.03 KB<\/p>\n","protected":false},"author":1,"featured_media":0,"parent":1209,"menu_order":112,"comment_status":"closed","ping_status":"closed","template":"","meta":{"_acf_changed":false,"footnotes":""},"class_list":["post-30","page","type-page","status-publish","hentry"],"acf":[],"yoast_head":"<!-- This site is optimized with the Yoast SEO Premium plugin v20.9 (Yoast SEO v27.4) - https:\/\/yoast.com\/product\/yoast-seo-premium-wordpress\/ -->\n<title>Medios de comunicaci\u00f3n - Descarga de informes de aplicaci\u00f3n<\/title>\n<meta name=\"description\" content=\"Ya sean kits de prensa, logotipos de LinMot o informes de aplicaci\u00f3n de los motores. En Medios de comunicaci\u00f3n encontrar\u00e1 todos los datos para su descarga.\" \/>\n<meta name=\"robots\" content=\"index, follow, max-snippet:-1, max-image-preview:large, max-video-preview:-1\" \/>\n<link rel=\"canonical\" href=\"https:\/\/linmot.com\/es\/compania\/medios-de-comunicacion\/\" \/>\n<meta property=\"og:locale\" content=\"es_ES\" \/>\n<meta property=\"og:type\" content=\"article\" \/>\n<meta property=\"og:title\" content=\"Medios de comunicaci\u00f3n\" \/>\n<meta property=\"og:description\" content=\"Ya sean kits de prensa, logotipos de LinMot o informes de aplicaci\u00f3n de los motores. En Medios de comunicaci\u00f3n encontrar\u00e1 todos los datos para su descarga.\" \/>\n<meta property=\"og:url\" content=\"https:\/\/linmot.com\/es\/compania\/medios-de-comunicacion\/\" \/>\n<meta property=\"og:site_name\" content=\"LinMot &amp; MagSpring - Espa\u00f1ol\" \/>\n<meta property=\"article:modified_time\" content=\"2024-02-12T07:59:17+00:00\" \/>\n<meta property=\"og:image\" content=\"https:\/\/linmot.com\/es\/wp-content\/uploads\/sites\/5\/2022\/05\/linmot-social-share-logo.jpg\" \/>\n\t<meta property=\"og:image:width\" content=\"800\" \/>\n\t<meta property=\"og:image:height\" content=\"500\" \/>\n\t<meta property=\"og:image:type\" content=\"image\/jpeg\" \/>\n<meta name=\"twitter:card\" content=\"summary_large_image\" \/>\n<meta name=\"twitter:description\" content=\"Ya sean kits de prensa, logotipos de LinMot o informes de aplicaci\u00f3n de los motores. En Medios de comunicaci\u00f3n encontrar\u00e1 todos los datos para su descarga.\" \/>\n<meta name=\"twitter:label1\" content=\"Tiempo de lectura\" \/>\n\t<meta name=\"twitter:data1\" content=\"1 minuto\" \/>\n<script type=\"application\/ld+json\" class=\"yoast-schema-graph\">{\"@context\":\"https:\\\/\\\/schema.org\",\"@graph\":[{\"@type\":\"WebPage\",\"@id\":\"https:\\\/\\\/linmot.com\\\/es\\\/compania\\\/medios-de-comunicacion\\\/\",\"url\":\"https:\\\/\\\/linmot.com\\\/es\\\/compania\\\/medios-de-comunicacion\\\/\",\"name\":\"Medios de comunicaci\u00f3n - Descarga de informes de aplicaci\u00f3n\",\"isPartOf\":{\"@id\":\"https:\\\/\\\/linmot.com\\\/es\\\/#website\"},\"datePublished\":\"2017-10-20T21:31:35+00:00\",\"dateModified\":\"2024-02-12T07:59:17+00:00\",\"description\":\"Ya sean kits de prensa, logotipos de LinMot o informes de aplicaci\u00f3n de los motores. En Medios de comunicaci\u00f3n encontrar\u00e1 todos los datos para su descarga.\",\"breadcrumb\":{\"@id\":\"https:\\\/\\\/linmot.com\\\/es\\\/compania\\\/medios-de-comunicacion\\\/#breadcrumb\"},\"inLanguage\":\"es\",\"potentialAction\":[{\"@type\":\"ReadAction\",\"target\":[\"https:\\\/\\\/linmot.com\\\/es\\\/compania\\\/medios-de-comunicacion\\\/\"]}]},{\"@type\":\"BreadcrumbList\",\"@id\":\"https:\\\/\\\/linmot.com\\\/es\\\/compania\\\/medios-de-comunicacion\\\/#breadcrumb\",\"itemListElement\":[{\"@type\":\"ListItem\",\"position\":1,\"name\":\"Home\",\"item\":\"https:\\\/\\\/linmot.com\\\/es\\\/\"},{\"@type\":\"ListItem\",\"position\":2,\"name\":\"Perfil empresarial de NTI AG\",\"item\":\"https:\\\/\\\/linmot.com\\\/es\\\/compania\\\/\"},{\"@type\":\"ListItem\",\"position\":3,\"name\":\"Medios de comunicaci\u00f3n\"}]},{\"@type\":\"WebSite\",\"@id\":\"https:\\\/\\\/linmot.com\\\/es\\\/#website\",\"url\":\"https:\\\/\\\/linmot.com\\\/es\\\/\",\"name\":\"LinMot &amp; MagSpring - Espa\u00f1ol\",\"description\":\"Motores lineales y sistemas de motores lineales de alta calidad\",\"publisher\":{\"@id\":\"https:\\\/\\\/linmot.com\\\/es\\\/#organization\"},\"potentialAction\":[{\"@type\":\"SearchAction\",\"target\":{\"@type\":\"EntryPoint\",\"urlTemplate\":\"https:\\\/\\\/linmot.com\\\/es\\\/?s={search_term_string}\"},\"query-input\":{\"@type\":\"PropertyValueSpecification\",\"valueRequired\":true,\"valueName\":\"search_term_string\"}}],\"inLanguage\":\"es\"},{\"@type\":\"Organization\",\"@id\":\"https:\\\/\\\/linmot.com\\\/es\\\/#organization\",\"name\":\"NTI AG - LinMot & MagSpring\",\"url\":\"https:\\\/\\\/linmot.com\\\/es\\\/\",\"logo\":{\"@type\":\"ImageObject\",\"inLanguage\":\"es\",\"@id\":\"https:\\\/\\\/linmot.com\\\/es\\\/#\\\/schema\\\/logo\\\/image\\\/\",\"url\":\"https:\\\/\\\/linmot.com\\\/es\\\/wp-content\\\/uploads\\\/sites\\\/5\\\/2022\\\/05\\\/linmot-social-share-logo.jpg\",\"contentUrl\":\"https:\\\/\\\/linmot.com\\\/es\\\/wp-content\\\/uploads\\\/sites\\\/5\\\/2022\\\/05\\\/linmot-social-share-logo.jpg\",\"width\":800,\"height\":500,\"caption\":\"NTI AG - LinMot & MagSpring\"},\"image\":{\"@id\":\"https:\\\/\\\/linmot.com\\\/es\\\/#\\\/schema\\\/logo\\\/image\\\/\"},\"sameAs\":[\"https:\\\/\\\/www.linkedin.com\\\/company\\\/nti-ag-linmot-magspring\",\"https:\\\/\\\/www.youtube.com\\\/user\\\/LinMotEurope\"]}]}<\/script>\n<!-- \/ Yoast SEO Premium plugin. -->","yoast_head_json":{"title":"Medios de comunicaci\u00f3n - Descarga de informes de aplicaci\u00f3n","description":"Ya sean kits de prensa, logotipos de LinMot o informes de aplicaci\u00f3n de los motores. En Medios de comunicaci\u00f3n encontrar\u00e1 todos los datos para su descarga.","robots":{"index":"index","follow":"follow","max-snippet":"max-snippet:-1","max-image-preview":"max-image-preview:large","max-video-preview":"max-video-preview:-1"},"canonical":"https:\/\/linmot.com\/es\/compania\/medios-de-comunicacion\/","og_locale":"es_ES","og_type":"article","og_title":"Medios de comunicaci\u00f3n","og_description":"Ya sean kits de prensa, logotipos de LinMot o informes de aplicaci\u00f3n de los motores. En Medios de comunicaci\u00f3n encontrar\u00e1 todos los datos para su descarga.","og_url":"https:\/\/linmot.com\/es\/compania\/medios-de-comunicacion\/","og_site_name":"LinMot &amp; MagSpring - Espa\u00f1ol","article_modified_time":"2024-02-12T07:59:17+00:00","og_image":[{"width":800,"height":500,"url":"https:\/\/linmot.com\/es\/wp-content\/uploads\/sites\/5\/2022\/05\/linmot-social-share-logo.jpg","type":"image\/jpeg"}],"twitter_card":"summary_large_image","twitter_description":"Ya sean kits de prensa, logotipos de LinMot o informes de aplicaci\u00f3n de los motores. En Medios de comunicaci\u00f3n encontrar\u00e1 todos los datos para su descarga.","twitter_misc":{"Tiempo de lectura":"1 minuto"},"schema":{"@context":"https:\/\/schema.org","@graph":[{"@type":"WebPage","@id":"https:\/\/linmot.com\/es\/compania\/medios-de-comunicacion\/","url":"https:\/\/linmot.com\/es\/compania\/medios-de-comunicacion\/","name":"Medios de comunicaci\u00f3n - Descarga de informes de aplicaci\u00f3n","isPartOf":{"@id":"https:\/\/linmot.com\/es\/#website"},"datePublished":"2017-10-20T21:31:35+00:00","dateModified":"2024-02-12T07:59:17+00:00","description":"Ya sean kits de prensa, logotipos de LinMot o informes de aplicaci\u00f3n de los motores. En Medios de comunicaci\u00f3n encontrar\u00e1 todos los datos para su descarga.","breadcrumb":{"@id":"https:\/\/linmot.com\/es\/compania\/medios-de-comunicacion\/#breadcrumb"},"inLanguage":"es","potentialAction":[{"@type":"ReadAction","target":["https:\/\/linmot.com\/es\/compania\/medios-de-comunicacion\/"]}]},{"@type":"BreadcrumbList","@id":"https:\/\/linmot.com\/es\/compania\/medios-de-comunicacion\/#breadcrumb","itemListElement":[{"@type":"ListItem","position":1,"name":"Home","item":"https:\/\/linmot.com\/es\/"},{"@type":"ListItem","position":2,"name":"Perfil empresarial de NTI AG","item":"https:\/\/linmot.com\/es\/compania\/"},{"@type":"ListItem","position":3,"name":"Medios de comunicaci\u00f3n"}]},{"@type":"WebSite","@id":"https:\/\/linmot.com\/es\/#website","url":"https:\/\/linmot.com\/es\/","name":"LinMot &amp; MagSpring - Espa\u00f1ol","description":"Motores lineales y sistemas de motores lineales de alta calidad","publisher":{"@id":"https:\/\/linmot.com\/es\/#organization"},"potentialAction":[{"@type":"SearchAction","target":{"@type":"EntryPoint","urlTemplate":"https:\/\/linmot.com\/es\/?s={search_term_string}"},"query-input":{"@type":"PropertyValueSpecification","valueRequired":true,"valueName":"search_term_string"}}],"inLanguage":"es"},{"@type":"Organization","@id":"https:\/\/linmot.com\/es\/#organization","name":"NTI AG - LinMot & MagSpring","url":"https:\/\/linmot.com\/es\/","logo":{"@type":"ImageObject","inLanguage":"es","@id":"https:\/\/linmot.com\/es\/#\/schema\/logo\/image\/","url":"https:\/\/linmot.com\/es\/wp-content\/uploads\/sites\/5\/2022\/05\/linmot-social-share-logo.jpg","contentUrl":"https:\/\/linmot.com\/es\/wp-content\/uploads\/sites\/5\/2022\/05\/linmot-social-share-logo.jpg","width":800,"height":500,"caption":"NTI AG - LinMot & MagSpring"},"image":{"@id":"https:\/\/linmot.com\/es\/#\/schema\/logo\/image\/"},"sameAs":["https:\/\/www.linkedin.com\/company\/nti-ag-linmot-magspring","https:\/\/www.youtube.com\/user\/LinMotEurope"]}]}},"_links":{"self":[{"href":"https:\/\/linmot.com\/es\/wp-json\/wp\/v2\/pages\/30","targetHints":{"allow":["GET"]}}],"collection":[{"href":"https:\/\/linmot.com\/es\/wp-json\/wp\/v2\/pages"}],"about":[{"href":"https:\/\/linmot.com\/es\/wp-json\/wp\/v2\/types\/page"}],"author":[{"embeddable":true,"href":"https:\/\/linmot.com\/es\/wp-json\/wp\/v2\/users\/1"}],"replies":[{"embeddable":true,"href":"https:\/\/linmot.com\/es\/wp-json\/wp\/v2\/comments?post=30"}],"version-history":[{"count":10,"href":"https:\/\/linmot.com\/es\/wp-json\/wp\/v2\/pages\/30\/revisions"}],"predecessor-version":[{"id":3174,"href":"https:\/\/linmot.com\/es\/wp-json\/wp\/v2\/pages\/30\/revisions\/3174"}],"up":[{"embeddable":true,"href":"https:\/\/linmot.com\/es\/wp-json\/wp\/v2\/pages\/1209"}],"wp:attachment":[{"href":"https:\/\/linmot.com\/es\/wp-json\/wp\/v2\/media?parent=30"}],"curies":[{"name":"wp","href":"https:\/\/api.w.org\/{rel}","templated":true}]}}