{"id":28,"date":"2017-10-20T23:31:26","date_gmt":"2017-10-20T21:31:26","guid":{"rendered":"https:\/\/linmot.com\/?page_id=28"},"modified":"2023-05-15T13:24:53","modified_gmt":"2023-05-15T13:24:53","slug":"partners","status":"publish","type":"page","link":"https:\/\/linmot.com\/es\/compania\/partners\/","title":{"rendered":"Partners"},"content":{"rendered":"<p>LinMot tiene una variedad de colaboradores e integradores de sistemas para la integraci\u00f3n de hardware y la implementaci\u00f3n de software.<\/p>\n<p>Los partners de LinMot, as\u00ed como los integradores de sistemas, poseen una gran experiencia con los productos y las aplicaciones relativas a la implementaci\u00f3n de soluciones de automatizaci\u00f3n complejas con motores lineales y controladores LinMot. Los integradores de software brindan apoyo a los departamentos de dise\u00f1o de los fabricantes de m\u00e1quinas en la implementaci\u00f3n de la automatizaci\u00f3n, en la puesta en marcha y en el mantenimiento a largo plazo. Los integradores de hardware LinMot ofrecen una amplia gama de m\u00f3dulos o subm\u00f3dulos, tales como unidades Pick &amp; Place, sistemas de soporte o unidades completas de tratamiento.<\/p>\n<p><a href=\"https:\/\/linmot.com\/es\/contact\/\">Solic\u00edtenos <\/a>el partner LinMot m\u00e1s cercano a usted, y obtenga inmediatamente los beneficios de estos servicios y productos.<\/p>\n","protected":false},"excerpt":{"rendered":"<p>LinMot tiene una variedad de colaboradores e integradores de sistemas para la integraci\u00f3n de hardware y la implementaci\u00f3n de software. Los partners de LinMot, as\u00ed como los integradores de sistemas, poseen una gran experiencia con los productos y las aplicaciones relativas a la implementaci\u00f3n de soluciones de automatizaci\u00f3n complejas con motores lineales y controladores LinMot. [&hellip;]<\/p>\n","protected":false},"author":1,"featured_media":0,"parent":1209,"menu_order":114,"comment_status":"closed","ping_status":"closed","template":"","meta":{"_acf_changed":false,"footnotes":""},"class_list":["post-28","page","type-page","status-publish","hentry"],"acf":[],"yoast_head":"<!-- This site is optimized with the Yoast SEO Premium plugin v20.9 (Yoast SEO v27.4) - https:\/\/yoast.com\/product\/yoast-seo-premium-wordpress\/ -->\n<title>Partners - Una red mundial de expertos | LinMot<\/title>\n<meta name=\"description\" content=\"LinMot cuenta con un gran n\u00famero de socios e integradores de sistemas para la integraci\u00f3n de hardware y la implementaci\u00f3n de software.\" \/>\n<meta name=\"robots\" content=\"index, follow, max-snippet:-1, max-image-preview:large, max-video-preview:-1\" \/>\n<link rel=\"canonical\" href=\"https:\/\/linmot.com\/es\/compania\/partners\/\" \/>\n<meta property=\"og:locale\" content=\"es_ES\" \/>\n<meta property=\"og:type\" content=\"article\" \/>\n<meta property=\"og:title\" content=\"Partners - Una red mundial de expertos | LinMot\" \/>\n<meta property=\"og:description\" content=\"LinMot cuenta con un gran n\u00famero de socios e integradores de sistemas para la integraci\u00f3n de hardware y la implementaci\u00f3n de software.\" \/>\n<meta property=\"og:url\" content=\"https:\/\/linmot.com\/es\/compania\/partners\/\" \/>\n<meta property=\"og:site_name\" content=\"LinMot &amp; MagSpring - Espa\u00f1ol\" \/>\n<meta property=\"article:modified_time\" content=\"2023-05-15T13:24:53+00:00\" \/>\n<meta property=\"og:image\" content=\"https:\/\/linmot.com\/es\/wp-content\/uploads\/sites\/5\/2022\/05\/linmot-social-share-logo.jpg\" \/>\n\t<meta property=\"og:image:width\" content=\"800\" \/>\n\t<meta property=\"og:image:height\" content=\"500\" \/>\n\t<meta property=\"og:image:type\" content=\"image\/jpeg\" \/>\n<meta name=\"twitter:card\" content=\"summary_large_image\" \/>\n<meta name=\"twitter:title\" content=\"Partners - Una red mundial de expertos | LinMot\" \/>\n<meta name=\"twitter:description\" content=\"LinMot cuenta con un gran n\u00famero de socios e integradores de sistemas para la integraci\u00f3n de hardware y la implementaci\u00f3n de software.\" \/>\n<meta name=\"twitter:label1\" content=\"Tiempo de lectura\" \/>\n\t<meta name=\"twitter:data1\" content=\"1 minuto\" \/>\n<script type=\"application\/ld+json\" class=\"yoast-schema-graph\">{\"@context\":\"https:\\\/\\\/schema.org\",\"@graph\":[{\"@type\":\"WebPage\",\"@id\":\"https:\\\/\\\/linmot.com\\\/es\\\/compania\\\/partners\\\/\",\"url\":\"https:\\\/\\\/linmot.com\\\/es\\\/compania\\\/partners\\\/\",\"name\":\"Partners - Una red mundial de expertos | LinMot\",\"isPartOf\":{\"@id\":\"https:\\\/\\\/linmot.com\\\/es\\\/#website\"},\"datePublished\":\"2017-10-20T21:31:26+00:00\",\"dateModified\":\"2023-05-15T13:24:53+00:00\",\"description\":\"LinMot cuenta con un gran n\u00famero de socios e integradores de sistemas para la integraci\u00f3n de hardware y la implementaci\u00f3n de software.\",\"breadcrumb\":{\"@id\":\"https:\\\/\\\/linmot.com\\\/es\\\/compania\\\/partners\\\/#breadcrumb\"},\"inLanguage\":\"es\",\"potentialAction\":[{\"@type\":\"ReadAction\",\"target\":[\"https:\\\/\\\/linmot.com\\\/es\\\/compania\\\/partners\\\/\"]}]},{\"@type\":\"BreadcrumbList\",\"@id\":\"https:\\\/\\\/linmot.com\\\/es\\\/compania\\\/partners\\\/#breadcrumb\",\"itemListElement\":[{\"@type\":\"ListItem\",\"position\":1,\"name\":\"Home\",\"item\":\"https:\\\/\\\/linmot.com\\\/es\\\/\"},{\"@type\":\"ListItem\",\"position\":2,\"name\":\"Perfil empresarial de NTI AG\",\"item\":\"https:\\\/\\\/linmot.com\\\/es\\\/compania\\\/\"},{\"@type\":\"ListItem\",\"position\":3,\"name\":\"Partners\"}]},{\"@type\":\"WebSite\",\"@id\":\"https:\\\/\\\/linmot.com\\\/es\\\/#website\",\"url\":\"https:\\\/\\\/linmot.com\\\/es\\\/\",\"name\":\"LinMot &amp; MagSpring - Espa\u00f1ol\",\"description\":\"Motores lineales y sistemas de motores lineales de alta calidad\",\"publisher\":{\"@id\":\"https:\\\/\\\/linmot.com\\\/es\\\/#organization\"},\"potentialAction\":[{\"@type\":\"SearchAction\",\"target\":{\"@type\":\"EntryPoint\",\"urlTemplate\":\"https:\\\/\\\/linmot.com\\\/es\\\/?s={search_term_string}\"},\"query-input\":{\"@type\":\"PropertyValueSpecification\",\"valueRequired\":true,\"valueName\":\"search_term_string\"}}],\"inLanguage\":\"es\"},{\"@type\":\"Organization\",\"@id\":\"https:\\\/\\\/linmot.com\\\/es\\\/#organization\",\"name\":\"NTI AG - LinMot & MagSpring\",\"url\":\"https:\\\/\\\/linmot.com\\\/es\\\/\",\"logo\":{\"@type\":\"ImageObject\",\"inLanguage\":\"es\",\"@id\":\"https:\\\/\\\/linmot.com\\\/es\\\/#\\\/schema\\\/logo\\\/image\\\/\",\"url\":\"https:\\\/\\\/linmot.com\\\/es\\\/wp-content\\\/uploads\\\/sites\\\/5\\\/2022\\\/05\\\/linmot-social-share-logo.jpg\",\"contentUrl\":\"https:\\\/\\\/linmot.com\\\/es\\\/wp-content\\\/uploads\\\/sites\\\/5\\\/2022\\\/05\\\/linmot-social-share-logo.jpg\",\"width\":800,\"height\":500,\"caption\":\"NTI AG - LinMot & MagSpring\"},\"image\":{\"@id\":\"https:\\\/\\\/linmot.com\\\/es\\\/#\\\/schema\\\/logo\\\/image\\\/\"},\"sameAs\":[\"https:\\\/\\\/www.linkedin.com\\\/company\\\/nti-ag-linmot-magspring\",\"https:\\\/\\\/www.youtube.com\\\/user\\\/LinMotEurope\"]}]}<\/script>\n<!-- \/ Yoast SEO Premium plugin. -->","yoast_head_json":{"title":"Partners - Una red mundial de expertos | LinMot","description":"LinMot cuenta con un gran n\u00famero de socios e integradores de sistemas para la integraci\u00f3n de hardware y la implementaci\u00f3n de software.","robots":{"index":"index","follow":"follow","max-snippet":"max-snippet:-1","max-image-preview":"max-image-preview:large","max-video-preview":"max-video-preview:-1"},"canonical":"https:\/\/linmot.com\/es\/compania\/partners\/","og_locale":"es_ES","og_type":"article","og_title":"Partners - Una red mundial de expertos | LinMot","og_description":"LinMot cuenta con un gran n\u00famero de socios e integradores de sistemas para la integraci\u00f3n de hardware y la implementaci\u00f3n de software.","og_url":"https:\/\/linmot.com\/es\/compania\/partners\/","og_site_name":"LinMot &amp; MagSpring - Espa\u00f1ol","article_modified_time":"2023-05-15T13:24:53+00:00","og_image":[{"width":800,"height":500,"url":"https:\/\/linmot.com\/es\/wp-content\/uploads\/sites\/5\/2022\/05\/linmot-social-share-logo.jpg","type":"image\/jpeg"}],"twitter_card":"summary_large_image","twitter_title":"Partners - Una red mundial de expertos | LinMot","twitter_description":"LinMot cuenta con un gran n\u00famero de socios e integradores de sistemas para la integraci\u00f3n de hardware y la implementaci\u00f3n de software.","twitter_misc":{"Tiempo de lectura":"1 minuto"},"schema":{"@context":"https:\/\/schema.org","@graph":[{"@type":"WebPage","@id":"https:\/\/linmot.com\/es\/compania\/partners\/","url":"https:\/\/linmot.com\/es\/compania\/partners\/","name":"Partners - Una red mundial de expertos | LinMot","isPartOf":{"@id":"https:\/\/linmot.com\/es\/#website"},"datePublished":"2017-10-20T21:31:26+00:00","dateModified":"2023-05-15T13:24:53+00:00","description":"LinMot cuenta con un gran n\u00famero de socios e integradores de sistemas para la integraci\u00f3n de hardware y la implementaci\u00f3n de software.","breadcrumb":{"@id":"https:\/\/linmot.com\/es\/compania\/partners\/#breadcrumb"},"inLanguage":"es","potentialAction":[{"@type":"ReadAction","target":["https:\/\/linmot.com\/es\/compania\/partners\/"]}]},{"@type":"BreadcrumbList","@id":"https:\/\/linmot.com\/es\/compania\/partners\/#breadcrumb","itemListElement":[{"@type":"ListItem","position":1,"name":"Home","item":"https:\/\/linmot.com\/es\/"},{"@type":"ListItem","position":2,"name":"Perfil empresarial de NTI AG","item":"https:\/\/linmot.com\/es\/compania\/"},{"@type":"ListItem","position":3,"name":"Partners"}]},{"@type":"WebSite","@id":"https:\/\/linmot.com\/es\/#website","url":"https:\/\/linmot.com\/es\/","name":"LinMot &amp; MagSpring - Espa\u00f1ol","description":"Motores lineales y sistemas de motores lineales de alta calidad","publisher":{"@id":"https:\/\/linmot.com\/es\/#organization"},"potentialAction":[{"@type":"SearchAction","target":{"@type":"EntryPoint","urlTemplate":"https:\/\/linmot.com\/es\/?s={search_term_string}"},"query-input":{"@type":"PropertyValueSpecification","valueRequired":true,"valueName":"search_term_string"}}],"inLanguage":"es"},{"@type":"Organization","@id":"https:\/\/linmot.com\/es\/#organization","name":"NTI AG - LinMot & MagSpring","url":"https:\/\/linmot.com\/es\/","logo":{"@type":"ImageObject","inLanguage":"es","@id":"https:\/\/linmot.com\/es\/#\/schema\/logo\/image\/","url":"https:\/\/linmot.com\/es\/wp-content\/uploads\/sites\/5\/2022\/05\/linmot-social-share-logo.jpg","contentUrl":"https:\/\/linmot.com\/es\/wp-content\/uploads\/sites\/5\/2022\/05\/linmot-social-share-logo.jpg","width":800,"height":500,"caption":"NTI AG - LinMot & MagSpring"},"image":{"@id":"https:\/\/linmot.com\/es\/#\/schema\/logo\/image\/"},"sameAs":["https:\/\/www.linkedin.com\/company\/nti-ag-linmot-magspring","https:\/\/www.youtube.com\/user\/LinMotEurope"]}]}},"_links":{"self":[{"href":"https:\/\/linmot.com\/es\/wp-json\/wp\/v2\/pages\/28","targetHints":{"allow":["GET"]}}],"collection":[{"href":"https:\/\/linmot.com\/es\/wp-json\/wp\/v2\/pages"}],"about":[{"href":"https:\/\/linmot.com\/es\/wp-json\/wp\/v2\/types\/page"}],"author":[{"embeddable":true,"href":"https:\/\/linmot.com\/es\/wp-json\/wp\/v2\/users\/1"}],"replies":[{"embeddable":true,"href":"https:\/\/linmot.com\/es\/wp-json\/wp\/v2\/comments?post=28"}],"version-history":[{"count":4,"href":"https:\/\/linmot.com\/es\/wp-json\/wp\/v2\/pages\/28\/revisions"}],"predecessor-version":[{"id":2560,"href":"https:\/\/linmot.com\/es\/wp-json\/wp\/v2\/pages\/28\/revisions\/2560"}],"up":[{"embeddable":true,"href":"https:\/\/linmot.com\/es\/wp-json\/wp\/v2\/pages\/1209"}],"wp:attachment":[{"href":"https:\/\/linmot.com\/es\/wp-json\/wp\/v2\/media?parent=28"}],"curies":[{"name":"wp","href":"https:\/\/api.w.org\/{rel}","templated":true}]}}