{"id":2794,"date":"2024-02-28T10:06:00","date_gmt":"2024-02-28T10:06:00","guid":{"rendered":"https:\/\/linmot.com\/es\/?page_id=2794"},"modified":"2026-02-02T17:38:15","modified_gmt":"2026-02-02T16:38:15","slug":"modulo-lineal-dm03","status":"publish","type":"page","link":"https:\/\/linmot.com\/es\/productos\/guias-lineales-modulo-lineal\/modulo-lineal-dm03\/","title":{"rendered":"M\u00f3dulo lineal DM03"},"content":{"rendered":"<p align=\"justify\"><strong>Los m\u00f3dulos lineales de la serie DM03, especialmente desarrollados para aplicaciones verticales, ofrecen un amplio rango de carreras en una carcasa especialmente delgada. Esto significa que los m\u00f3dulos lineales DM03 pueden colocarse muy juntos para ahorrar espacio. La delgada carcasa ya contiene una nueva generaci\u00f3n MagSpring\u00ae m\u00e1s potente para la compensaci\u00f3n vertical de la carga y puede complementarse opcionalmente con un sensor de posici\u00f3n de alta resoluci\u00f3n en el m\u00f3dulo o un sensor de fuerza en la parte frontal.<\/strong><\/p>\n<hr \/>\n<div class=\"row\">\n<div class=\"col-sm-2\">\n<p><a class=\"button\" href=\"#detalles\">1. detalles<\/a><\/p>\n<\/div>\n<div class=\"col-sm-1\">\n<\/div>\n<div class=\"col-sm-2\">\n<p><a class=\"button\" href=\"#videos\">2. videos<\/a><\/p>\n<\/div>\n<div class=\"col-sm-1\">\n<\/div>\n<div class=\"col-sm-2\">\n<p><a class=\"button\" href=\"#aplicacion\">3. aplicaci\u00f3n<\/a><\/p>\n<\/div>\n<div class=\"col-sm-1\">\n<\/div>\n<div class=\"col-sm-2\">\n<p><a class=\"button\" href=\"#contacto\">4. contacto<\/a><\/p>\n<\/div>\n<\/div>\n<hr \/>\n<h2 id=\"detalles\">1. detalles<\/h2>\n<div class=\"row\">\n<div class=\"col-md-7\">\n<p align=\"justify\">El ingenioso dise\u00f1o mec\u00e1nico de la familia de m\u00f3dulos lineales DM0x evita grandes fuerzas de contacto entre el motor y la corredera, lo que se traduce en una vida \u00fatil muy larga con un mantenimiento m\u00ednimo del motor. Adem\u00e1s, estos m\u00f3dulos lineales ya llevan integrado un sistema de gu\u00edas de peso optimizado para absorber las fuerzas laterales y facilitar el montaje de la masa de carga.<\/p>\n<p align=\"justify\">El usuario tiene a su disposici\u00f3n un total de cinco tama\u00f1os diferentes. La gama de motores de 23x80F-HP a 48x240F-HP ofrece fuerzas m\u00e1ximas de 67 N a 1020 N. Estos m\u00f3dulos lineales altamente din\u00e1micos no dejan nada que desear en t\u00e9rminos de din\u00e1mica y alcanzan f\u00e1cilmente aceleraciones de 50 m\/s2 y velocidades de hasta 5 m\/s.<\/p>\n<ul>\n<li>Dise\u00f1o muy delgado<\/li>\n<li>Ideal para aplicaciones verticales<\/li>\n<li>Compensaci\u00f3n de carga integrada gracias a la nueva generaci\u00f3n MagSpring de hasta 170 N<\/li>\n<li>Masa m\u00f3vil optimizada para altas din\u00e1micas y aceleraciones superiores a 50 m\/s2<\/li>\n<li>Distancia de montaje m\u00ednima para varios m\u00f3dulos en fila<\/li>\n<li>6 tama\u00f1os con fuerzas m\u00e1ximas de hasta 1020 N<\/li>\n<li>Sensor de posici\u00f3n absoluta para una precisi\u00f3n de repetici\u00f3n de +\/- 0,001 mm opcional<\/li>\n<li>Sensor de fuerza para una precisi\u00f3n de hasta el 0,5 % opcional<\/li>\n<li>Combinable en el sistema modular LinMot y con todos los productos LinMot, p. ej. como eje Z para LinMot Semi-Gantry y Gantry<\/li>\n<\/ul>\n<h3>Compensaci\u00f3n de carga vertical integrada<\/h3>\n<p align=\"justify\">Instalado en paralelo al motor lineal, el MagSpring sirve como ecualizador de carga inteligente para la fuerza de peso que se produce. Con la nueva generaci\u00f3n MagSpring, la compensaci\u00f3n de peso puede seleccionarse por etapas desde 11 N hasta un m\u00e1ximo de 170 N. Gracias a la fina gradaci\u00f3n del MagSpring, las aplicaciones pueden dise\u00f1arse de forma que la posici\u00f3n del motor lineal no cambie autom\u00e1ticamente en caso de fallo o que se alcance autom\u00e1ticamente una posici\u00f3n de referencia al desconectar.<\/p>\n<p><a class=\"btn btn-active\" href=\"\/es\/productos\/magspring\/\" target=\"_blank\" rel=\"noopener noreferrer\">M\u00e1s informaci\u00f3n sobre MagSpring<\/a><\/p>\n<\/div>\n<div class=\"col-md-5\">\n<img loading=\"lazy\" decoding=\"async\" class=\"aligncenter wp-image-4873 size-full\" src=\"https:\/\/linmot.com\/de\/wp-content\/uploads\/sites\/2\/2024\/02\/dm03-produktseite.png\" alt=\"M\u00f3dulo lineal DM03\" width=\"576\" height=\"911\" \/>\n<\/div>\n<\/div>\n<h3>Semip\u00f3rtico<\/h3>\n<p align=\"justify\">Los m\u00f3dulos lineales DM03 ofrecen una amplia gama de fuerzas m\u00e1ximas y longitudes de carrera. Gracias a esta variedad de fuerzas y tama\u00f1os, as\u00ed como a su modularidad, pueden combinarse con todos los dem\u00e1s m\u00f3dulos LinMot. Las combinaciones permiten realizar diversas estructuras como semip\u00f3rtico, p\u00f3rtico y pick-and-place (YZ). Ventajas de los dise\u00f1os de semip\u00f3rtico:<\/p>\n<div class=\"row\">\n<div class=\"col-md-7\">\n<ul>\n<li>Aprovechamiento eficiente del espacio de la m\u00e1quina<\/li>\n<li>En comparaci\u00f3n con un p\u00f3rtico, no se requiere una segunda gu\u00eda con accionamiento<\/li>\n<li>Tambi\u00e9n es posible con m\u00faltiples plumas o carros<\/li>\n<li>El sistema modular LinMot permite combinar todos los m\u00f3dulos entre s\u00ed<\/li>\n<li>Concepto de cadena de arrastre para todos los ejes incluidos en el sistema modular LinMot<\/li>\n<\/ul>\n<\/div>\n<div class=\"col-md-5\">\n<img loading=\"lazy\" decoding=\"async\" class=\"aligncenter wp-image-4900 size-full\" src=\"https:\/\/linmot.com\/de\/wp-content\/uploads\/sites\/2\/2024\/02\/linearmodule-dm03-semi-gantry.jpg\" alt=\"M\u00f3dulo lineal DM03\" width=\"607\" height=\"200\" \/>\n<\/div>\n<\/div>\n<h2 id=\"videos\">2. videos<\/h2>\n<h4 class=\"download-title\">M\u00f3dulo lineal DM03<\/h4>\n<div class=\"row download\">\n<div class=\"col-md-7\">\n<p class=\"bodytext\" align=\"justify\">El v\u00eddeo muestra un m\u00f3dulo lineal DM03 con una carrera de 695 mm. Debido a la larga carrera, la compensaci\u00f3n de carga integrada y la din\u00e1mica del motor lineal, este m\u00f3dulo lineal es especialmente adecuado para aplicaciones verticales con carreras largas, tiempos de proceso cortos y el requisito de bajos costes energ\u00e9ticos.<\/p>\n<p class=\"bodytext\" align=\"justify\">Ejemplo de aplicaci\u00f3n: en muchas aplicaciones, como el etiquetado, se procesan paquetes de diferentes tama\u00f1os en una cinta transportadora. Dependiendo del tama\u00f1o del paquete, deben cubrirse diferentes carreras, y el etiquetado tambi\u00e9n debe realizarse lo m\u00e1s r\u00e1pidamente posible. El m\u00f3dulo lineal DM03 demuestra su excelente din\u00e1mica en estos procesos de alta velocidad y cubre una carrera de 695 mm en s\u00f3lo 300 ms. Gracias a la compensaci\u00f3n de carga integrada, el m\u00f3dulo tambi\u00e9n \u00abflota\u00bb sin peso y el motor lineal puede aprovechar toda su din\u00e1mica para la aplicaci\u00f3n real.<\/p>\n<\/div>\n<div class=\"col-md-5\">\n<div class=\"brlbs-cmpnt-container brlbs-cmpnt-content-blocker brlbs-cmpnt-with-individual-styles\" data-borlabs-cookie-content-blocker-id=\"default\" data-borlabs-cookie-content=\"PGlmcmFtZSB0aXRsZT0iWW91VHViZSB2aWRlbyBwbGF5ZXIiIHNyYz0iaHR0cHM6Ly93d3cueW91dHViZS5jb20vZW1iZWQvdTFzY0xtMDBLR1E\/c2k9N2NiLWtDUDJrZXNiOW9xOCIgd2lkdGg9IjM5NCIgaGVpZ2h0PSIyMjAiIGZyYW1lYm9yZGVyPSIwIiBhbGxvd2Z1bGxzY3JlZW49ImFsbG93ZnVsbHNjcmVlbiI+PC9pZnJhbWU+\">\n<div class=\"brlbs-cmpnt-cb-preset-a\">\n<p class=\"brlbs-cmpnt-cb-description\">Est\u00e1s viendo un contenido de marcador de posici\u00f3n de <strong>Predeterminado<\/strong>. Para acceder al contenido real, haz clic en el siguiente bot\u00f3n. Ten en cuenta que al hacerlo compartir\u00e1s datos con terceros proveedores.<\/p>\n<div class=\"brlbs-cmpnt-cb-buttons\"> <a class=\"brlbs-cmpnt-cb-btn\" href=\"#\" data-borlabs-cookie-unblock role=\"button\">Desbloquear contenido<\/a> <a class=\"brlbs-cmpnt-cb-btn\" href=\"#\" data-borlabs-cookie-accept-service role=\"button\" style=\"display: none\">Aceptar el servicio requerido y desbloquear el contenido<\/a> <\/div>\n<p> <a class=\"brlbs-cmpnt-cb-provider-toggle\" href=\"#\" data-borlabs-cookie-show-provider-information role=\"button\">M\u00e1s informaci\u00f3n<\/a> <\/div>\n<\/div>\n<\/div>\n<\/div>\n<h3>Ahorro de energ\u00eda y costes<\/h3>\n<p align=\"justify\">Para demostrar el potencial de ahorro, se cre\u00f3 la aplicaci\u00f3n descrita anteriormente, en la que el m\u00f3dulo lineal DM03 cubre una carrera de 695 mm en aproximadamente 300 ms. El consumo anual de energ\u00eda de esta aplicaci\u00f3n es de 405 kWh. En comparaci\u00f3n, un cilindro neum\u00e1tico de 32 mm consumir\u00eda 12.000 kWh. Esto corresponde a un factor de 30 en el consumo de energ\u00eda y, por tanto, a un ahorro de 2.900 euros por m\u00f3dulo al a\u00f1o.<\/p>\n<p><a class=\"btn btn-active\" href=\"\/es\/soluciones-industriales\/sustitucion-neumatica\/\" target=\"_blank\" rel=\"noopener noreferrer\">M\u00e1s sobre eficiencia energ\u00e9tica<\/a><\/p>\n<h3 id=\"aplicacion\">3. Informe de aplicaci\u00f3n<\/h3>\n<div class=\"row download\">\n<div class=\"col-md-7\">\n<h4 class=\"download-title\">En el eje, listo, arriba!<\/h4>\n<p class=\"bodytext\" align=\"justify\">\u00bfC\u00f3mo se consigue realmente aplicar procesos de etiquetado para paquetes de diferentes tama\u00f1os de la forma m\u00e1s r\u00e1pida y fiable posible? Y, sobre todo, \u00bfc\u00f3mo conseguirlo en aplicaciones verticales en las que el peso del eje y la carga act\u00faan constantemente sobre el proceso? Nuestro art\u00edculo en LINEAR le da la respuesta.<\/p>\n<p><a class=\"button\" href=\"\/es\/blog\/en-el-eje-listo-arriba-modulo-lineal-dm03\/\">Ir al art\u00edculo<\/a><br \/>\n<\/div>\n<div class=\"col-md-5\">\n<img loading=\"lazy\" decoding=\"async\" class=\"aligncenter size-full wp-image-4906\" src=\"https:\/\/linmot.com\/de\/wp-content\/uploads\/sites\/2\/2024\/02\/auf-die-achse-teaserbild.jpg\" alt=\"\" width=\"560\" height=\"300\" \/>\n<\/div>\n<\/div>\n<h2 id=\"contacto\">4. Contacto<\/h2>\n<div class=\"row download\">\n<div class=\"col-md-6\">\n<h4 class=\"download-title\">\u00bfTiene alguna pregunta sobre el m\u00f3dulo lineal DM03?<\/h4>\n<p class=\"bodytext\">Estaremos encantados de responder a cualquier pregunta que tenga.<br \/>\nP\u00f3ngase en contacto con nosotros mediante el siguiente formulario o ll\u00e1menos al:<\/p>\n<p class=\"bodytext\">Tel: +34 943 140 139<\/p>\n<\/div>\n<div class=\"col-md-1\">\n<\/div>\n<div class=\"col-md-5\">\n\n<div class=\"wpcf7 no-js\" id=\"wpcf7-f1752-o1\" lang=\"es-ES\" dir=\"ltr\" data-wpcf7-id=\"1752\">\n<div class=\"screen-reader-response\"><p role=\"status\" aria-live=\"polite\" aria-atomic=\"true\"><\/p> <ul><\/ul><\/div>\n<form action=\"\/es\/wp-json\/wp\/v2\/pages\/2794#wpcf7-f1752-o1\" method=\"post\" class=\"wpcf7-form init\" aria-label=\"Formulario de contacto\" novalidate=\"novalidate\" data-status=\"init\">\n<fieldset class=\"hidden-fields-container\"><input type=\"hidden\" name=\"_wpcf7\" value=\"1752\" \/><input type=\"hidden\" name=\"_wpcf7_version\" value=\"6.1.5\" \/><input type=\"hidden\" name=\"_wpcf7_locale\" value=\"es_ES\" \/><input type=\"hidden\" name=\"_wpcf7_unit_tag\" value=\"wpcf7-f1752-o1\" \/><input type=\"hidden\" name=\"_wpcf7_container_post\" value=\"0\" \/><input type=\"hidden\" name=\"_wpcf7_posted_data_hash\" value=\"\" \/><input type=\"hidden\" name=\"_wpcf7_recaptcha_response\" value=\"\" \/>\n<\/fieldset>\n<label> Tu nombre<br>\n    <span class=\"wpcf7-form-control-wrap\" data-name=\"your-name\"><input size=\"40\" maxlength=\"400\" class=\"wpcf7-form-control wpcf7-text wpcf7-validates-as-required\" aria-required=\"true\" aria-invalid=\"false\" value=\"\" type=\"text\" name=\"your-name\" \/><\/span> <\/label><br>\n<br>\n<label> Tu empresa<br>\n    <span class=\"wpcf7-form-control-wrap\" data-name=\"your-company\"><input size=\"40\" maxlength=\"400\" class=\"wpcf7-form-control wpcf7-text wpcf7-validates-as-required\" aria-required=\"true\" aria-invalid=\"false\" value=\"\" type=\"text\" name=\"your-company\" \/><\/span> <\/label><br>\n<br>\n<label> C\u00f3digo postal<br>\n    <span class=\"wpcf7-form-control-wrap\" data-name=\"your-plz\"><input class=\"wpcf7-form-control wpcf7-number wpcf7-validates-as-required wpcf7-validates-as-number\" aria-required=\"true\" aria-invalid=\"false\" value=\"\" type=\"number\" name=\"your-plz\" \/><\/span> <\/label>\n<br>\n<label> Pa\u00eds<br>\n    <span class=\"wpcf7-form-control-wrap\" data-name=\"your-country\"><input size=\"40\" maxlength=\"400\" class=\"wpcf7-form-control wpcf7-text wpcf7-validates-as-required\" aria-required=\"true\" aria-invalid=\"false\" value=\"\" type=\"text\" name=\"your-country\" \/><\/span> <\/label><br>\n<br>\n<label> Tu tel\u00e9fono<br>\n    <span class=\"wpcf7-form-control-wrap\" data-name=\"your-telephone\"><input size=\"40\" maxlength=\"400\" class=\"wpcf7-form-control wpcf7-tel wpcf7-validates-as-required wpcf7-text wpcf7-validates-as-tel\" aria-required=\"true\" aria-invalid=\"false\" value=\"\" type=\"tel\" name=\"your-telephone\" \/><\/span> <\/label><br>\n<br>\n<label> Tu correo electr\u00f3nico<br>\n    <span class=\"wpcf7-form-control-wrap\" data-name=\"your-email\"><input size=\"40\" maxlength=\"400\" class=\"wpcf7-form-control wpcf7-email wpcf7-validates-as-required wpcf7-text wpcf7-validates-as-email\" aria-required=\"true\" aria-invalid=\"false\" value=\"\" type=\"email\" name=\"your-email\" \/><\/span> <\/label><br>\n<br>\n<label> Asunto<br>\n    <span class=\"wpcf7-form-control-wrap\" data-name=\"your-subject\"><input size=\"40\" maxlength=\"400\" class=\"wpcf7-form-control wpcf7-text wpcf7-validates-as-required\" aria-required=\"true\" aria-invalid=\"false\" value=\"\" type=\"text\" name=\"your-subject\" \/><\/span> <\/label><br>\n<br>\n<label> Tu mensaje (opcional)<br>\n    <span class=\"wpcf7-form-control-wrap\" data-name=\"your-message\"><textarea cols=\"40\" rows=\"10\" maxlength=\"2000\" class=\"wpcf7-form-control wpcf7-textarea\" aria-invalid=\"false\" name=\"your-message\"><\/textarea><\/span> <\/label><br>\n<br>\n<input class=\"wpcf7-form-control wpcf7-submit has-spinner\" type=\"submit\" value=\"Enviar\" \/><div class=\"wpcf7-response-output\" aria-hidden=\"true\"><\/div>\n<\/form>\n<\/div>\n\n<\/div>\n<\/div>\n","protected":false},"excerpt":{"rendered":"<p>Los m\u00f3dulos lineales de la serie DM03, especialmente desarrollados para aplicaciones verticales, ofrecen un amplio rango de carreras en una carcasa especialmente delgada. Esto significa que los m\u00f3dulos lineales DM03 pueden colocarse muy juntos para ahorrar espacio. La delgada carcasa ya contiene una nueva generaci\u00f3n MagSpring\u00ae m\u00e1s potente para la compensaci\u00f3n vertical de la carga [&hellip;]<\/p>\n","protected":false},"author":9,"featured_media":0,"parent":44,"menu_order":26,"comment_status":"closed","ping_status":"closed","template":"","meta":{"_acf_changed":false,"footnotes":""},"class_list":["post-2794","page","type-page","status-publish","hentry"],"acf":[],"yoast_head":"<!-- This site is optimized with the Yoast SEO Premium plugin v20.9 (Yoast SEO v27.4) - https:\/\/yoast.com\/product\/yoast-seo-premium-wordpress\/ -->\n<title>M\u00f3dulo lineal DM03 - LinMot &amp; MagSpring - Espa\u00f1ol<\/title>\n<meta name=\"description\" content=\"Los m\u00f3dulos lineales de la serie DM03, especialmente desarrollados para aplicaciones verticales, ofrecen un amplio rango de carreras en una carcasa especialmente delgada.\" \/>\n<meta name=\"robots\" content=\"index, follow, max-snippet:-1, max-image-preview:large, max-video-preview:-1\" \/>\n<link rel=\"canonical\" href=\"https:\/\/linmot.com\/es\/productos\/guias-lineales-modulo-lineal\/modulo-lineal-dm03\/\" \/>\n<meta property=\"og:locale\" content=\"es_ES\" \/>\n<meta property=\"og:type\" content=\"article\" \/>\n<meta property=\"og:title\" content=\"M\u00f3dulo lineal DM03 - LinMot &amp; MagSpring - Espa\u00f1ol\" \/>\n<meta property=\"og:description\" content=\"Los m\u00f3dulos lineales de la serie DM03, especialmente desarrollados para aplicaciones verticales, ofrecen un amplio rango de carreras en una carcasa especialmente delgada.\" \/>\n<meta property=\"og:url\" content=\"https:\/\/linmot.com\/es\/productos\/guias-lineales-modulo-lineal\/modulo-lineal-dm03\/\" \/>\n<meta property=\"og:site_name\" content=\"LinMot &amp; MagSpring - Espa\u00f1ol\" \/>\n<meta property=\"article:modified_time\" content=\"2026-02-02T16:38:15+00:00\" \/>\n<meta property=\"og:image\" content=\"https:\/\/linmot.com\/es\/wp-content\/uploads\/sites\/5\/2022\/05\/linmot-social-share-logo.jpg\" \/>\n\t<meta property=\"og:image:width\" content=\"800\" \/>\n\t<meta property=\"og:image:height\" content=\"500\" \/>\n\t<meta property=\"og:image:type\" content=\"image\/jpeg\" \/>\n<meta name=\"twitter:card\" content=\"summary_large_image\" \/>\n<meta name=\"twitter:title\" content=\"M\u00f3dulo lineal DM03 - LinMot &amp; MagSpring - Espa\u00f1ol\" \/>\n<meta name=\"twitter:description\" content=\"Los m\u00f3dulos lineales de la serie DM03, especialmente desarrollados para aplicaciones verticales, ofrecen un amplio rango de carreras en una carcasa especialmente delgada.\" \/>\n<meta name=\"twitter:label1\" content=\"Tiempo de lectura\" \/>\n\t<meta name=\"twitter:data1\" content=\"5 minutos\" \/>\n<script type=\"application\/ld+json\" class=\"yoast-schema-graph\">{\"@context\":\"https:\\\/\\\/schema.org\",\"@graph\":[{\"@type\":\"WebPage\",\"@id\":\"https:\\\/\\\/linmot.com\\\/es\\\/productos\\\/guias-lineales-modulo-lineal\\\/modulo-lineal-dm03\\\/\",\"url\":\"https:\\\/\\\/linmot.com\\\/es\\\/productos\\\/guias-lineales-modulo-lineal\\\/modulo-lineal-dm03\\\/\",\"name\":\"M\u00f3dulo lineal DM03 - LinMot &amp; MagSpring - Espa\u00f1ol\",\"isPartOf\":{\"@id\":\"https:\\\/\\\/linmot.com\\\/es\\\/#website\"},\"primaryImageOfPage\":{\"@id\":\"https:\\\/\\\/linmot.com\\\/es\\\/productos\\\/guias-lineales-modulo-lineal\\\/modulo-lineal-dm03\\\/#primaryimage\"},\"image\":{\"@id\":\"https:\\\/\\\/linmot.com\\\/es\\\/productos\\\/guias-lineales-modulo-lineal\\\/modulo-lineal-dm03\\\/#primaryimage\"},\"thumbnailUrl\":\"https:\\\/\\\/linmot.com\\\/de\\\/wp-content\\\/uploads\\\/sites\\\/2\\\/2024\\\/02\\\/dm03-produktseite.png\",\"datePublished\":\"2024-02-28T10:06:00+00:00\",\"dateModified\":\"2026-02-02T16:38:15+00:00\",\"description\":\"Los m\u00f3dulos lineales de la serie DM03, especialmente desarrollados para aplicaciones verticales, ofrecen un amplio rango de carreras en una carcasa especialmente delgada.\",\"breadcrumb\":{\"@id\":\"https:\\\/\\\/linmot.com\\\/es\\\/productos\\\/guias-lineales-modulo-lineal\\\/modulo-lineal-dm03\\\/#breadcrumb\"},\"inLanguage\":\"es\",\"potentialAction\":[{\"@type\":\"ReadAction\",\"target\":[\"https:\\\/\\\/linmot.com\\\/es\\\/productos\\\/guias-lineales-modulo-lineal\\\/modulo-lineal-dm03\\\/\"]}]},{\"@type\":\"ImageObject\",\"inLanguage\":\"es\",\"@id\":\"https:\\\/\\\/linmot.com\\\/es\\\/productos\\\/guias-lineales-modulo-lineal\\\/modulo-lineal-dm03\\\/#primaryimage\",\"url\":\"https:\\\/\\\/linmot.com\\\/de\\\/wp-content\\\/uploads\\\/sites\\\/2\\\/2024\\\/02\\\/dm03-produktseite.png\",\"contentUrl\":\"https:\\\/\\\/linmot.com\\\/de\\\/wp-content\\\/uploads\\\/sites\\\/2\\\/2024\\\/02\\\/dm03-produktseite.png\"},{\"@type\":\"BreadcrumbList\",\"@id\":\"https:\\\/\\\/linmot.com\\\/es\\\/productos\\\/guias-lineales-modulo-lineal\\\/modulo-lineal-dm03\\\/#breadcrumb\",\"itemListElement\":[{\"@type\":\"ListItem\",\"position\":1,\"name\":\"Home\",\"item\":\"https:\\\/\\\/linmot.com\\\/es\\\/\"},{\"@type\":\"ListItem\",\"position\":2,\"name\":\"Productos\",\"item\":\"https:\\\/\\\/linmot.com\\\/es\\\/productos\\\/\"},{\"@type\":\"ListItem\",\"position\":3,\"name\":\"Gu\u00edas lineales \\\/ M\u00f3dulo lineal\",\"item\":\"https:\\\/\\\/linmot.com\\\/es\\\/productos\\\/guias-lineales-modulo-lineal\\\/\"},{\"@type\":\"ListItem\",\"position\":4,\"name\":\"M\u00f3dulo lineal DM03\"}]},{\"@type\":\"WebSite\",\"@id\":\"https:\\\/\\\/linmot.com\\\/es\\\/#website\",\"url\":\"https:\\\/\\\/linmot.com\\\/es\\\/\",\"name\":\"LinMot &amp; MagSpring - Espa\u00f1ol\",\"description\":\"Motores lineales y sistemas de motores lineales de alta calidad\",\"publisher\":{\"@id\":\"https:\\\/\\\/linmot.com\\\/es\\\/#organization\"},\"potentialAction\":[{\"@type\":\"SearchAction\",\"target\":{\"@type\":\"EntryPoint\",\"urlTemplate\":\"https:\\\/\\\/linmot.com\\\/es\\\/?s={search_term_string}\"},\"query-input\":{\"@type\":\"PropertyValueSpecification\",\"valueRequired\":true,\"valueName\":\"search_term_string\"}}],\"inLanguage\":\"es\"},{\"@type\":\"Organization\",\"@id\":\"https:\\\/\\\/linmot.com\\\/es\\\/#organization\",\"name\":\"NTI AG - LinMot & MagSpring\",\"url\":\"https:\\\/\\\/linmot.com\\\/es\\\/\",\"logo\":{\"@type\":\"ImageObject\",\"inLanguage\":\"es\",\"@id\":\"https:\\\/\\\/linmot.com\\\/es\\\/#\\\/schema\\\/logo\\\/image\\\/\",\"url\":\"https:\\\/\\\/linmot.com\\\/es\\\/wp-content\\\/uploads\\\/sites\\\/5\\\/2022\\\/05\\\/linmot-social-share-logo.jpg\",\"contentUrl\":\"https:\\\/\\\/linmot.com\\\/es\\\/wp-content\\\/uploads\\\/sites\\\/5\\\/2022\\\/05\\\/linmot-social-share-logo.jpg\",\"width\":800,\"height\":500,\"caption\":\"NTI AG - LinMot & MagSpring\"},\"image\":{\"@id\":\"https:\\\/\\\/linmot.com\\\/es\\\/#\\\/schema\\\/logo\\\/image\\\/\"},\"sameAs\":[\"https:\\\/\\\/www.linkedin.com\\\/company\\\/nti-ag-linmot-magspring\",\"https:\\\/\\\/www.youtube.com\\\/user\\\/LinMotEurope\"]}]}<\/script>\n<!-- \/ Yoast SEO Premium plugin. -->","yoast_head_json":{"title":"M\u00f3dulo lineal DM03 - LinMot &amp; MagSpring - Espa\u00f1ol","description":"Los m\u00f3dulos lineales de la serie DM03, especialmente desarrollados para aplicaciones verticales, ofrecen un amplio rango de carreras en una carcasa especialmente delgada.","robots":{"index":"index","follow":"follow","max-snippet":"max-snippet:-1","max-image-preview":"max-image-preview:large","max-video-preview":"max-video-preview:-1"},"canonical":"https:\/\/linmot.com\/es\/productos\/guias-lineales-modulo-lineal\/modulo-lineal-dm03\/","og_locale":"es_ES","og_type":"article","og_title":"M\u00f3dulo lineal DM03 - LinMot &amp; MagSpring - Espa\u00f1ol","og_description":"Los m\u00f3dulos lineales de la serie DM03, especialmente desarrollados para aplicaciones verticales, ofrecen un amplio rango de carreras en una carcasa especialmente delgada.","og_url":"https:\/\/linmot.com\/es\/productos\/guias-lineales-modulo-lineal\/modulo-lineal-dm03\/","og_site_name":"LinMot &amp; MagSpring - Espa\u00f1ol","article_modified_time":"2026-02-02T16:38:15+00:00","og_image":[{"width":800,"height":500,"url":"https:\/\/linmot.com\/es\/wp-content\/uploads\/sites\/5\/2022\/05\/linmot-social-share-logo.jpg","type":"image\/jpeg"}],"twitter_card":"summary_large_image","twitter_title":"M\u00f3dulo lineal DM03 - LinMot &amp; MagSpring - Espa\u00f1ol","twitter_description":"Los m\u00f3dulos lineales de la serie DM03, especialmente desarrollados para aplicaciones verticales, ofrecen un amplio rango de carreras en una carcasa especialmente delgada.","twitter_misc":{"Tiempo de lectura":"5 minutos"},"schema":{"@context":"https:\/\/schema.org","@graph":[{"@type":"WebPage","@id":"https:\/\/linmot.com\/es\/productos\/guias-lineales-modulo-lineal\/modulo-lineal-dm03\/","url":"https:\/\/linmot.com\/es\/productos\/guias-lineales-modulo-lineal\/modulo-lineal-dm03\/","name":"M\u00f3dulo lineal DM03 - LinMot &amp; MagSpring - Espa\u00f1ol","isPartOf":{"@id":"https:\/\/linmot.com\/es\/#website"},"primaryImageOfPage":{"@id":"https:\/\/linmot.com\/es\/productos\/guias-lineales-modulo-lineal\/modulo-lineal-dm03\/#primaryimage"},"image":{"@id":"https:\/\/linmot.com\/es\/productos\/guias-lineales-modulo-lineal\/modulo-lineal-dm03\/#primaryimage"},"thumbnailUrl":"https:\/\/linmot.com\/de\/wp-content\/uploads\/sites\/2\/2024\/02\/dm03-produktseite.png","datePublished":"2024-02-28T10:06:00+00:00","dateModified":"2026-02-02T16:38:15+00:00","description":"Los m\u00f3dulos lineales de la serie DM03, especialmente desarrollados para aplicaciones verticales, ofrecen un amplio rango de carreras en una carcasa especialmente delgada.","breadcrumb":{"@id":"https:\/\/linmot.com\/es\/productos\/guias-lineales-modulo-lineal\/modulo-lineal-dm03\/#breadcrumb"},"inLanguage":"es","potentialAction":[{"@type":"ReadAction","target":["https:\/\/linmot.com\/es\/productos\/guias-lineales-modulo-lineal\/modulo-lineal-dm03\/"]}]},{"@type":"ImageObject","inLanguage":"es","@id":"https:\/\/linmot.com\/es\/productos\/guias-lineales-modulo-lineal\/modulo-lineal-dm03\/#primaryimage","url":"https:\/\/linmot.com\/de\/wp-content\/uploads\/sites\/2\/2024\/02\/dm03-produktseite.png","contentUrl":"https:\/\/linmot.com\/de\/wp-content\/uploads\/sites\/2\/2024\/02\/dm03-produktseite.png"},{"@type":"BreadcrumbList","@id":"https:\/\/linmot.com\/es\/productos\/guias-lineales-modulo-lineal\/modulo-lineal-dm03\/#breadcrumb","itemListElement":[{"@type":"ListItem","position":1,"name":"Home","item":"https:\/\/linmot.com\/es\/"},{"@type":"ListItem","position":2,"name":"Productos","item":"https:\/\/linmot.com\/es\/productos\/"},{"@type":"ListItem","position":3,"name":"Gu\u00edas lineales \/ M\u00f3dulo lineal","item":"https:\/\/linmot.com\/es\/productos\/guias-lineales-modulo-lineal\/"},{"@type":"ListItem","position":4,"name":"M\u00f3dulo lineal DM03"}]},{"@type":"WebSite","@id":"https:\/\/linmot.com\/es\/#website","url":"https:\/\/linmot.com\/es\/","name":"LinMot &amp; MagSpring - Espa\u00f1ol","description":"Motores lineales y sistemas de motores lineales de alta calidad","publisher":{"@id":"https:\/\/linmot.com\/es\/#organization"},"potentialAction":[{"@type":"SearchAction","target":{"@type":"EntryPoint","urlTemplate":"https:\/\/linmot.com\/es\/?s={search_term_string}"},"query-input":{"@type":"PropertyValueSpecification","valueRequired":true,"valueName":"search_term_string"}}],"inLanguage":"es"},{"@type":"Organization","@id":"https:\/\/linmot.com\/es\/#organization","name":"NTI AG - LinMot & MagSpring","url":"https:\/\/linmot.com\/es\/","logo":{"@type":"ImageObject","inLanguage":"es","@id":"https:\/\/linmot.com\/es\/#\/schema\/logo\/image\/","url":"https:\/\/linmot.com\/es\/wp-content\/uploads\/sites\/5\/2022\/05\/linmot-social-share-logo.jpg","contentUrl":"https:\/\/linmot.com\/es\/wp-content\/uploads\/sites\/5\/2022\/05\/linmot-social-share-logo.jpg","width":800,"height":500,"caption":"NTI AG - LinMot & MagSpring"},"image":{"@id":"https:\/\/linmot.com\/es\/#\/schema\/logo\/image\/"},"sameAs":["https:\/\/www.linkedin.com\/company\/nti-ag-linmot-magspring","https:\/\/www.youtube.com\/user\/LinMotEurope"]}]}},"_links":{"self":[{"href":"https:\/\/linmot.com\/es\/wp-json\/wp\/v2\/pages\/2794","targetHints":{"allow":["GET"]}}],"collection":[{"href":"https:\/\/linmot.com\/es\/wp-json\/wp\/v2\/pages"}],"about":[{"href":"https:\/\/linmot.com\/es\/wp-json\/wp\/v2\/types\/page"}],"author":[{"embeddable":true,"href":"https:\/\/linmot.com\/es\/wp-json\/wp\/v2\/users\/9"}],"replies":[{"embeddable":true,"href":"https:\/\/linmot.com\/es\/wp-json\/wp\/v2\/comments?post=2794"}],"version-history":[{"count":16,"href":"https:\/\/linmot.com\/es\/wp-json\/wp\/v2\/pages\/2794\/revisions"}],"predecessor-version":[{"id":4060,"href":"https:\/\/linmot.com\/es\/wp-json\/wp\/v2\/pages\/2794\/revisions\/4060"}],"up":[{"embeddable":true,"href":"https:\/\/linmot.com\/es\/wp-json\/wp\/v2\/pages\/44"}],"wp:attachment":[{"href":"https:\/\/linmot.com\/es\/wp-json\/wp\/v2\/media?parent=2794"}],"curies":[{"name":"wp","href":"https:\/\/api.w.org\/{rel}","templated":true}]}}