{"id":2652,"date":"2022-09-15T09:44:34","date_gmt":"2022-09-15T09:44:34","guid":{"rendered":"https:\/\/linmot.com\/es\/?page_id=2652"},"modified":"2025-05-22T15:44:23","modified_gmt":"2025-05-22T13:44:23","slug":"pie-de-imprenta","status":"publish","type":"page","link":"https:\/\/linmot.com\/es\/compania\/pie-de-imprenta\/","title":{"rendered":"Pie de imprenta"},"content":{"rendered":"<p><strong>NTI AG, LinMot &amp; MagSpring<\/strong><br \/>\nBodenaeckerstrasse 2<br \/>\n8957 Spreitenbach, Suiza<\/p>\n<p>+41 56 419 91 91<br \/>\noffice@linmot.com<\/p>\n<p>Representante autorizado:<br \/>\nRonald Rohner<\/p>\n<p>Inscripci\u00f3n en el registro mercantil:<br \/>\nNTI AG<br \/>\nN\u00famero: CH-020.3.023.521-2<\/p>\n<p>Informaci\u00f3n sobre la fuente de las im\u00e1genes e ilustraciones utilizadas:<br \/>\nLas im\u00e1genes e ilustraciones utilizadas fueron creadas por NTI AG, o adquiridas a trav\u00e9s de bases de datos fotogr\u00e1ficas como Adobe Stock.<\/p>\n<hr \/>\n<h3>1. Renuncia a la responsabilidad<\/h3>\n<p>El autor no asume ninguna responsabilidad en cuanto a la correcci\u00f3n, exactitud, actualizaci\u00f3n, fiabilidad e integridad de la informaci\u00f3n. Por lo tanto, se rechazar\u00e1n las reclamaciones de responsabilidad relativas a los da\u00f1os causados por el uso de cualquier informaci\u00f3n proporcionada, incluyendo cualquier tipo de informaci\u00f3n que sea incompleta o incorrecta.<\/p>\n<p>Todas las ofertas son sin compromiso. Partes de las p\u00e1ginas o la publicaci\u00f3n completa, incluyendo todas las ofertas e informaci\u00f3n, pueden ser ampliadas, modificadas o suprimidas parcial o totalmente por el autor sin previo aviso.<\/p>\n<hr \/>\n<h3>2. Responsabilidad de los enlaces<\/h3>\n<p>Las referencias y enlaces a sitios web de terceros est\u00e1n fuera de nuestro \u00e1mbito de responsabilidad. Declinamos toda responsabilidad por dichos sitios web. El acceso y la utilizaci\u00f3n de estos sitios web se realizan por cuenta y riesgo del usuario.<\/p>\n<hr \/>\n<h3>3. Derechos de autor<\/h3>\n<p>Los derechos de autor y todos los dem\u00e1s derechos sobre el contenido, las im\u00e1genes, las fotos u otros archivos del sitio web pertenecen exclusivamente a NTI AG, el operador de este sitio web o a los titulares de los derechos espec\u00edficamente mencionados. Para la reproducci\u00f3n de cualquier elemento debe obtenerse previamente el consentimiento por escrito de los titulares de los derechos de autor.<\/p>\n<hr \/>\n<h3>4. Ley y lugar de jurisdicci\u00f3n<\/h3>\n<p>El derecho suizo es el \u00fanico aplicable. El lugar de jurisdicci\u00f3n es Z\u00farich.<\/p>\n<hr \/>\n<h3>5. Pol\u00edtica de privacidad<\/h3>\n<p>Puede consultar nuestra declaraci\u00f3n de protecci\u00f3n de datos aqu\u00ed: <a href=\"\/privacy-policy-nti-ag-linmot-gmbh\/\">Pol\u00edtica de privacidad (en ingl\u00e9s)<\/a><\/p>\n","protected":false},"excerpt":{"rendered":"<p>NTI AG, LinMot &amp; MagSpring Bodenaeckerstrasse 2 8957 Spreitenbach, Suiza +41 56 419 91 91 office@linmot.com Representante autorizado: Ronald Rohner Inscripci\u00f3n en el registro mercantil: NTI AG N\u00famero: CH-020.3.023.521-2 Informaci\u00f3n sobre la fuente de las im\u00e1genes e ilustraciones utilizadas: Las im\u00e1genes e ilustraciones utilizadas fueron creadas por NTI AG, o adquiridas a trav\u00e9s de bases [&hellip;]<\/p>\n","protected":false},"author":9,"featured_media":0,"parent":1209,"menu_order":105,"comment_status":"closed","ping_status":"closed","template":"","meta":{"_acf_changed":false,"footnotes":""},"class_list":["post-2652","page","type-page","status-publish","hentry"],"acf":[],"yoast_head":"<!-- This site is optimized with the Yoast SEO Premium plugin v20.9 (Yoast SEO v27.2) - https:\/\/yoast.com\/product\/yoast-seo-premium-wordpress\/ -->\n<title>Pie de imprenta - LinMot &amp; MagSpring - Espa\u00f1ol<\/title>\n<meta name=\"robots\" content=\"noindex, follow\" \/>\n<meta property=\"og:locale\" content=\"es_ES\" \/>\n<meta property=\"og:type\" content=\"article\" \/>\n<meta property=\"og:title\" content=\"Pie de imprenta\" \/>\n<meta property=\"og:description\" content=\"NTI AG, LinMot &amp; MagSpring Bodenaeckerstrasse 2 8957 Spreitenbach, Suiza +41 56 419 91 91 office@linmot.com Representante autorizado: Ronald Rohner Inscripci\u00f3n en el registro mercantil: NTI AG N\u00famero: CH-020.3.023.521-2 Informaci\u00f3n sobre la fuente de las im\u00e1genes e ilustraciones utilizadas: Las im\u00e1genes e ilustraciones utilizadas fueron creadas por NTI AG, o adquiridas a trav\u00e9s de bases [&hellip;]\" \/>\n<meta property=\"og:url\" content=\"https:\/\/linmot.com\/es\/compania\/pie-de-imprenta\/\" \/>\n<meta property=\"og:site_name\" content=\"LinMot &amp; MagSpring - Espa\u00f1ol\" \/>\n<meta property=\"article:modified_time\" content=\"2025-05-22T13:44:23+00:00\" \/>\n<meta property=\"og:image\" content=\"https:\/\/linmot.com\/es\/wp-content\/uploads\/sites\/5\/2022\/05\/linmot-social-share-logo.jpg\" \/>\n\t<meta property=\"og:image:width\" content=\"800\" \/>\n\t<meta property=\"og:image:height\" content=\"500\" \/>\n\t<meta property=\"og:image:type\" content=\"image\/jpeg\" \/>\n<meta name=\"twitter:card\" content=\"summary_large_image\" \/>\n<meta name=\"twitter:label1\" content=\"Tiempo de lectura\" \/>\n\t<meta name=\"twitter:data1\" content=\"2 minutos\" \/>\n<script type=\"application\/ld+json\" class=\"yoast-schema-graph\">{\"@context\":\"https:\/\/schema.org\",\"@graph\":[{\"@type\":\"WebPage\",\"@id\":\"https:\/\/linmot.com\/es\/compania\/pie-de-imprenta\/\",\"url\":\"https:\/\/linmot.com\/es\/compania\/pie-de-imprenta\/\",\"name\":\"Pie de imprenta - LinMot &amp; MagSpring - Espa\u00f1ol\",\"isPartOf\":{\"@id\":\"https:\/\/linmot.com\/es\/#website\"},\"datePublished\":\"2022-09-15T09:44:34+00:00\",\"dateModified\":\"2025-05-22T13:44:23+00:00\",\"breadcrumb\":{\"@id\":\"https:\/\/linmot.com\/es\/compania\/pie-de-imprenta\/#breadcrumb\"},\"inLanguage\":\"es\",\"potentialAction\":[{\"@type\":\"ReadAction\",\"target\":[\"https:\/\/linmot.com\/es\/compania\/pie-de-imprenta\/\"]}]},{\"@type\":\"BreadcrumbList\",\"@id\":\"https:\/\/linmot.com\/es\/compania\/pie-de-imprenta\/#breadcrumb\",\"itemListElement\":[{\"@type\":\"ListItem\",\"position\":1,\"name\":\"Home\",\"item\":\"https:\/\/linmot.com\/es\/\"},{\"@type\":\"ListItem\",\"position\":2,\"name\":\"Perfil empresarial de NTI AG\",\"item\":\"https:\/\/linmot.com\/es\/compania\/\"},{\"@type\":\"ListItem\",\"position\":3,\"name\":\"Pie de imprenta\"}]},{\"@type\":\"WebSite\",\"@id\":\"https:\/\/linmot.com\/es\/#website\",\"url\":\"https:\/\/linmot.com\/es\/\",\"name\":\"LinMot &amp; MagSpring - Espa\u00f1ol\",\"description\":\"Motores lineales y sistemas de motores lineales de alta calidad\",\"publisher\":{\"@id\":\"https:\/\/linmot.com\/es\/#organization\"},\"potentialAction\":[{\"@type\":\"SearchAction\",\"target\":{\"@type\":\"EntryPoint\",\"urlTemplate\":\"https:\/\/linmot.com\/es\/?s={search_term_string}\"},\"query-input\":{\"@type\":\"PropertyValueSpecification\",\"valueRequired\":true,\"valueName\":\"search_term_string\"}}],\"inLanguage\":\"es\"},{\"@type\":\"Organization\",\"@id\":\"https:\/\/linmot.com\/es\/#organization\",\"name\":\"NTI AG - LinMot & MagSpring\",\"url\":\"https:\/\/linmot.com\/es\/\",\"logo\":{\"@type\":\"ImageObject\",\"inLanguage\":\"es\",\"@id\":\"https:\/\/linmot.com\/es\/#\/schema\/logo\/image\/\",\"url\":\"https:\/\/linmot.com\/es\/wp-content\/uploads\/sites\/5\/2022\/05\/linmot-social-share-logo.jpg\",\"contentUrl\":\"https:\/\/linmot.com\/es\/wp-content\/uploads\/sites\/5\/2022\/05\/linmot-social-share-logo.jpg\",\"width\":800,\"height\":500,\"caption\":\"NTI AG - LinMot & MagSpring\"},\"image\":{\"@id\":\"https:\/\/linmot.com\/es\/#\/schema\/logo\/image\/\"},\"sameAs\":[\"https:\/\/www.linkedin.com\/company\/nti-ag-linmot-magspring\",\"https:\/\/www.youtube.com\/user\/LinMotEurope\"]}]}<\/script>\n<!-- \/ Yoast SEO Premium plugin. -->","yoast_head_json":{"title":"Pie de imprenta - LinMot &amp; MagSpring - Espa\u00f1ol","robots":{"index":"noindex","follow":"follow"},"og_locale":"es_ES","og_type":"article","og_title":"Pie de imprenta","og_description":"NTI AG, LinMot &amp; MagSpring Bodenaeckerstrasse 2 8957 Spreitenbach, Suiza +41 56 419 91 91 office@linmot.com Representante autorizado: Ronald Rohner Inscripci\u00f3n en el registro mercantil: NTI AG N\u00famero: CH-020.3.023.521-2 Informaci\u00f3n sobre la fuente de las im\u00e1genes e ilustraciones utilizadas: Las im\u00e1genes e ilustraciones utilizadas fueron creadas por NTI AG, o adquiridas a trav\u00e9s de bases [&hellip;]","og_url":"https:\/\/linmot.com\/es\/compania\/pie-de-imprenta\/","og_site_name":"LinMot &amp; MagSpring - Espa\u00f1ol","article_modified_time":"2025-05-22T13:44:23+00:00","og_image":[{"width":800,"height":500,"url":"https:\/\/linmot.com\/es\/wp-content\/uploads\/sites\/5\/2022\/05\/linmot-social-share-logo.jpg","type":"image\/jpeg"}],"twitter_card":"summary_large_image","twitter_misc":{"Tiempo de lectura":"2 minutos"},"schema":{"@context":"https:\/\/schema.org","@graph":[{"@type":"WebPage","@id":"https:\/\/linmot.com\/es\/compania\/pie-de-imprenta\/","url":"https:\/\/linmot.com\/es\/compania\/pie-de-imprenta\/","name":"Pie de imprenta - LinMot &amp; MagSpring - Espa\u00f1ol","isPartOf":{"@id":"https:\/\/linmot.com\/es\/#website"},"datePublished":"2022-09-15T09:44:34+00:00","dateModified":"2025-05-22T13:44:23+00:00","breadcrumb":{"@id":"https:\/\/linmot.com\/es\/compania\/pie-de-imprenta\/#breadcrumb"},"inLanguage":"es","potentialAction":[{"@type":"ReadAction","target":["https:\/\/linmot.com\/es\/compania\/pie-de-imprenta\/"]}]},{"@type":"BreadcrumbList","@id":"https:\/\/linmot.com\/es\/compania\/pie-de-imprenta\/#breadcrumb","itemListElement":[{"@type":"ListItem","position":1,"name":"Home","item":"https:\/\/linmot.com\/es\/"},{"@type":"ListItem","position":2,"name":"Perfil empresarial de NTI AG","item":"https:\/\/linmot.com\/es\/compania\/"},{"@type":"ListItem","position":3,"name":"Pie de imprenta"}]},{"@type":"WebSite","@id":"https:\/\/linmot.com\/es\/#website","url":"https:\/\/linmot.com\/es\/","name":"LinMot &amp; MagSpring - Espa\u00f1ol","description":"Motores lineales y sistemas de motores lineales de alta calidad","publisher":{"@id":"https:\/\/linmot.com\/es\/#organization"},"potentialAction":[{"@type":"SearchAction","target":{"@type":"EntryPoint","urlTemplate":"https:\/\/linmot.com\/es\/?s={search_term_string}"},"query-input":{"@type":"PropertyValueSpecification","valueRequired":true,"valueName":"search_term_string"}}],"inLanguage":"es"},{"@type":"Organization","@id":"https:\/\/linmot.com\/es\/#organization","name":"NTI AG - LinMot & MagSpring","url":"https:\/\/linmot.com\/es\/","logo":{"@type":"ImageObject","inLanguage":"es","@id":"https:\/\/linmot.com\/es\/#\/schema\/logo\/image\/","url":"https:\/\/linmot.com\/es\/wp-content\/uploads\/sites\/5\/2022\/05\/linmot-social-share-logo.jpg","contentUrl":"https:\/\/linmot.com\/es\/wp-content\/uploads\/sites\/5\/2022\/05\/linmot-social-share-logo.jpg","width":800,"height":500,"caption":"NTI AG - LinMot & MagSpring"},"image":{"@id":"https:\/\/linmot.com\/es\/#\/schema\/logo\/image\/"},"sameAs":["https:\/\/www.linkedin.com\/company\/nti-ag-linmot-magspring","https:\/\/www.youtube.com\/user\/LinMotEurope"]}]}},"_links":{"self":[{"href":"https:\/\/linmot.com\/es\/wp-json\/wp\/v2\/pages\/2652","targetHints":{"allow":["GET"]}}],"collection":[{"href":"https:\/\/linmot.com\/es\/wp-json\/wp\/v2\/pages"}],"about":[{"href":"https:\/\/linmot.com\/es\/wp-json\/wp\/v2\/types\/page"}],"author":[{"embeddable":true,"href":"https:\/\/linmot.com\/es\/wp-json\/wp\/v2\/users\/9"}],"replies":[{"embeddable":true,"href":"https:\/\/linmot.com\/es\/wp-json\/wp\/v2\/comments?post=2652"}],"version-history":[{"count":2,"href":"https:\/\/linmot.com\/es\/wp-json\/wp\/v2\/pages\/2652\/revisions"}],"predecessor-version":[{"id":3840,"href":"https:\/\/linmot.com\/es\/wp-json\/wp\/v2\/pages\/2652\/revisions\/3840"}],"up":[{"embeddable":true,"href":"https:\/\/linmot.com\/es\/wp-json\/wp\/v2\/pages\/1209"}],"wp:attachment":[{"href":"https:\/\/linmot.com\/es\/wp-json\/wp\/v2\/media?parent=2652"}],"curies":[{"name":"wp","href":"https:\/\/api.w.org\/{rel}","templated":true}]}}