{"id":261,"date":"2017-11-07T16:05:15","date_gmt":"2017-11-07T15:05:15","guid":{"rendered":"https:\/\/linmot.com\/?page_id=261"},"modified":"2025-10-08T16:04:43","modified_gmt":"2025-10-08T14:04:43","slug":"biblioteca-de-plc","status":"publish","type":"page","link":"https:\/\/linmot.com\/es\/asistencia-tecnica\/biblioteca-de-plc\/","title":{"rendered":"Biblioteca de PLC"},"content":{"rendered":"<p>Para realizar una integraci\u00f3n sencilla del concepto de control, LinMot pone a disposici\u00f3n del cliente amplios bloques funcionales y ejemplos de programaci\u00f3n.<\/p>\n<p>Estos bloques funcionales permiten una integraci\u00f3n directa y r\u00e1pida del accionamiento LinMot.<\/p>\n<p><strong>Descargar resumen de las bibliotecas de PLC<\/strong><\/p>\n<p><a class=\"btn btn-active\" href=\"https:\/\/shop.linmot.com\/index.php?User%20manual%200185-1105%20(EN):&amp;page=productDetails&amp;productNo=0185-1105-E&amp;pageType=&amp;source=search&amp;language=E\" target=\"_blank\" rel=\"noopener noreferrer\">Descargue el PDF<\/a><\/p>\n<p><strong>Descargar el documento de puesta en marcha del PLC<\/strong><\/p>\n<p><a class=\"btn btn-active\" href=\"https:\/\/shop.linmot.com\/index.php?Application%20note%200185-1120%20(EN):&amp;page=productDetails&amp;productNo=0185-1120-E&amp;pageType=&amp;source=search&amp;language=E\" target=\"_blank\" rel=\"noopener noreferrer\">Descargue el PDF<\/a><\/p>\n<hr \/>\n<p>Por favor, para m\u00e1s informaci\u00f3n p\u00f3ngase en contacto con el servicio de atenci\u00f3n al cliente de LinMot.<\/p>\n<p><strong>E-Mail:<\/strong> support@linmot.com<\/p>\n<p><strong>Phone:<\/strong> <a href=\"tel:+41565447100\">+41 56 544 71 00<\/a><\/p>\n","protected":false},"excerpt":{"rendered":"<p>Para realizar una integraci\u00f3n sencilla del concepto de control, LinMot pone a disposici\u00f3n del cliente amplios bloques funcionales y ejemplos de programaci\u00f3n. Estos bloques funcionales permiten una integraci\u00f3n directa y r\u00e1pida del accionamiento LinMot. Descargar resumen de las bibliotecas de PLC Descargue el PDF Descargar el documento de puesta en marcha del PLC Descargue el [&hellip;]<\/p>\n","protected":false},"author":1,"featured_media":0,"parent":251,"menu_order":67,"comment_status":"closed","ping_status":"closed","template":"","meta":{"_acf_changed":false,"footnotes":""},"class_list":["post-261","page","type-page","status-publish","hentry"],"acf":[],"yoast_head":"<!-- This site is optimized with the Yoast SEO Premium plugin v20.9 (Yoast SEO v27.3) - https:\/\/yoast.com\/product\/yoast-seo-premium-wordpress\/ -->\n<title>Biblioteca SPS - Todo para la integraci\u00f3n en el sistema de control<\/title>\n<meta name=\"description\" content=\"LinMot proporciona al cliente bloques de funciones y programas de ejemplo para su integraci\u00f3n en el sistema de control.\" \/>\n<meta name=\"robots\" content=\"index, follow, max-snippet:-1, max-image-preview:large, max-video-preview:-1\" \/>\n<link rel=\"canonical\" href=\"https:\/\/linmot.com\/es\/asistencia-tecnica\/biblioteca-de-plc\/\" \/>\n<meta property=\"og:locale\" content=\"es_ES\" \/>\n<meta property=\"og:type\" content=\"article\" \/>\n<meta property=\"og:title\" content=\"Biblioteca SPS - Todo para la integraci\u00f3n en el sistema de control\" \/>\n<meta property=\"og:description\" content=\"LinMot proporciona al cliente bloques de funciones y programas de ejemplo para su integraci\u00f3n en el sistema de control.\" \/>\n<meta property=\"og:url\" content=\"https:\/\/linmot.com\/es\/asistencia-tecnica\/biblioteca-de-plc\/\" \/>\n<meta property=\"og:site_name\" content=\"LinMot &amp; MagSpring - Espa\u00f1ol\" \/>\n<meta property=\"article:modified_time\" content=\"2025-10-08T14:04:43+00:00\" \/>\n<meta property=\"og:image\" content=\"https:\/\/linmot.com\/es\/wp-content\/uploads\/sites\/5\/2022\/05\/linmot-social-share-logo.jpg\" \/>\n\t<meta property=\"og:image:width\" content=\"800\" \/>\n\t<meta property=\"og:image:height\" content=\"500\" \/>\n\t<meta property=\"og:image:type\" content=\"image\/jpeg\" \/>\n<meta name=\"twitter:card\" content=\"summary_large_image\" \/>\n<meta name=\"twitter:title\" content=\"Biblioteca SPS - Todo para la integraci\u00f3n en el sistema de control\" \/>\n<meta name=\"twitter:description\" content=\"LinMot proporciona al cliente bloques de funciones y programas de ejemplo para su integraci\u00f3n en el sistema de control.\" \/>\n<meta name=\"twitter:image\" content=\"https:\/\/linmot.com\/es\/wp-content\/uploads\/sites\/5\/2022\/05\/linmot-social-share-logo.jpg\" \/>\n<meta name=\"twitter:label1\" content=\"Tiempo de lectura\" \/>\n\t<meta name=\"twitter:data1\" content=\"1 minuto\" \/>\n<script type=\"application\/ld+json\" class=\"yoast-schema-graph\">{\"@context\":\"https:\\\/\\\/schema.org\",\"@graph\":[{\"@type\":\"WebPage\",\"@id\":\"https:\\\/\\\/linmot.com\\\/es\\\/asistencia-tecnica\\\/biblioteca-de-plc\\\/\",\"url\":\"https:\\\/\\\/linmot.com\\\/es\\\/asistencia-tecnica\\\/biblioteca-de-plc\\\/\",\"name\":\"Biblioteca SPS - Todo para la integraci\u00f3n en el sistema de control\",\"isPartOf\":{\"@id\":\"https:\\\/\\\/linmot.com\\\/es\\\/#website\"},\"datePublished\":\"2017-11-07T15:05:15+00:00\",\"dateModified\":\"2025-10-08T14:04:43+00:00\",\"description\":\"LinMot proporciona al cliente bloques de funciones y programas de ejemplo para su integraci\u00f3n en el sistema de control.\",\"breadcrumb\":{\"@id\":\"https:\\\/\\\/linmot.com\\\/es\\\/asistencia-tecnica\\\/biblioteca-de-plc\\\/#breadcrumb\"},\"inLanguage\":\"es\",\"potentialAction\":[{\"@type\":\"ReadAction\",\"target\":[\"https:\\\/\\\/linmot.com\\\/es\\\/asistencia-tecnica\\\/biblioteca-de-plc\\\/\"]}]},{\"@type\":\"BreadcrumbList\",\"@id\":\"https:\\\/\\\/linmot.com\\\/es\\\/asistencia-tecnica\\\/biblioteca-de-plc\\\/#breadcrumb\",\"itemListElement\":[{\"@type\":\"ListItem\",\"position\":1,\"name\":\"Home\",\"item\":\"https:\\\/\\\/linmot.com\\\/es\\\/\"},{\"@type\":\"ListItem\",\"position\":2,\"name\":\"Asistencia t\u00e9cnica\",\"item\":\"https:\\\/\\\/linmot.com\\\/es\\\/asistencia-tecnica\\\/\"},{\"@type\":\"ListItem\",\"position\":3,\"name\":\"Biblioteca de PLC\"}]},{\"@type\":\"WebSite\",\"@id\":\"https:\\\/\\\/linmot.com\\\/es\\\/#website\",\"url\":\"https:\\\/\\\/linmot.com\\\/es\\\/\",\"name\":\"LinMot &amp; MagSpring - Espa\u00f1ol\",\"description\":\"Motores lineales y sistemas de motores lineales de alta calidad\",\"publisher\":{\"@id\":\"https:\\\/\\\/linmot.com\\\/es\\\/#organization\"},\"potentialAction\":[{\"@type\":\"SearchAction\",\"target\":{\"@type\":\"EntryPoint\",\"urlTemplate\":\"https:\\\/\\\/linmot.com\\\/es\\\/?s={search_term_string}\"},\"query-input\":{\"@type\":\"PropertyValueSpecification\",\"valueRequired\":true,\"valueName\":\"search_term_string\"}}],\"inLanguage\":\"es\"},{\"@type\":\"Organization\",\"@id\":\"https:\\\/\\\/linmot.com\\\/es\\\/#organization\",\"name\":\"NTI AG - LinMot & MagSpring\",\"url\":\"https:\\\/\\\/linmot.com\\\/es\\\/\",\"logo\":{\"@type\":\"ImageObject\",\"inLanguage\":\"es\",\"@id\":\"https:\\\/\\\/linmot.com\\\/es\\\/#\\\/schema\\\/logo\\\/image\\\/\",\"url\":\"https:\\\/\\\/linmot.com\\\/es\\\/wp-content\\\/uploads\\\/sites\\\/5\\\/2022\\\/05\\\/linmot-social-share-logo.jpg\",\"contentUrl\":\"https:\\\/\\\/linmot.com\\\/es\\\/wp-content\\\/uploads\\\/sites\\\/5\\\/2022\\\/05\\\/linmot-social-share-logo.jpg\",\"width\":800,\"height\":500,\"caption\":\"NTI AG - LinMot & MagSpring\"},\"image\":{\"@id\":\"https:\\\/\\\/linmot.com\\\/es\\\/#\\\/schema\\\/logo\\\/image\\\/\"},\"sameAs\":[\"https:\\\/\\\/www.linkedin.com\\\/company\\\/nti-ag-linmot-magspring\",\"https:\\\/\\\/www.youtube.com\\\/user\\\/LinMotEurope\"]}]}<\/script>\n<!-- \/ Yoast SEO Premium plugin. -->","yoast_head_json":{"title":"Biblioteca SPS - Todo para la integraci\u00f3n en el sistema de control","description":"LinMot proporciona al cliente bloques de funciones y programas de ejemplo para su integraci\u00f3n en el sistema de control.","robots":{"index":"index","follow":"follow","max-snippet":"max-snippet:-1","max-image-preview":"max-image-preview:large","max-video-preview":"max-video-preview:-1"},"canonical":"https:\/\/linmot.com\/es\/asistencia-tecnica\/biblioteca-de-plc\/","og_locale":"es_ES","og_type":"article","og_title":"Biblioteca SPS - Todo para la integraci\u00f3n en el sistema de control","og_description":"LinMot proporciona al cliente bloques de funciones y programas de ejemplo para su integraci\u00f3n en el sistema de control.","og_url":"https:\/\/linmot.com\/es\/asistencia-tecnica\/biblioteca-de-plc\/","og_site_name":"LinMot &amp; MagSpring - Espa\u00f1ol","article_modified_time":"2025-10-08T14:04:43+00:00","og_image":[{"width":800,"height":500,"url":"https:\/\/linmot.com\/es\/wp-content\/uploads\/sites\/5\/2022\/05\/linmot-social-share-logo.jpg","type":"image\/jpeg"}],"twitter_card":"summary_large_image","twitter_title":"Biblioteca SPS - Todo para la integraci\u00f3n en el sistema de control","twitter_description":"LinMot proporciona al cliente bloques de funciones y programas de ejemplo para su integraci\u00f3n en el sistema de control.","twitter_image":"https:\/\/linmot.com\/es\/wp-content\/uploads\/sites\/5\/2022\/05\/linmot-social-share-logo.jpg","twitter_misc":{"Tiempo de lectura":"1 minuto"},"schema":{"@context":"https:\/\/schema.org","@graph":[{"@type":"WebPage","@id":"https:\/\/linmot.com\/es\/asistencia-tecnica\/biblioteca-de-plc\/","url":"https:\/\/linmot.com\/es\/asistencia-tecnica\/biblioteca-de-plc\/","name":"Biblioteca SPS - Todo para la integraci\u00f3n en el sistema de control","isPartOf":{"@id":"https:\/\/linmot.com\/es\/#website"},"datePublished":"2017-11-07T15:05:15+00:00","dateModified":"2025-10-08T14:04:43+00:00","description":"LinMot proporciona al cliente bloques de funciones y programas de ejemplo para su integraci\u00f3n en el sistema de control.","breadcrumb":{"@id":"https:\/\/linmot.com\/es\/asistencia-tecnica\/biblioteca-de-plc\/#breadcrumb"},"inLanguage":"es","potentialAction":[{"@type":"ReadAction","target":["https:\/\/linmot.com\/es\/asistencia-tecnica\/biblioteca-de-plc\/"]}]},{"@type":"BreadcrumbList","@id":"https:\/\/linmot.com\/es\/asistencia-tecnica\/biblioteca-de-plc\/#breadcrumb","itemListElement":[{"@type":"ListItem","position":1,"name":"Home","item":"https:\/\/linmot.com\/es\/"},{"@type":"ListItem","position":2,"name":"Asistencia t\u00e9cnica","item":"https:\/\/linmot.com\/es\/asistencia-tecnica\/"},{"@type":"ListItem","position":3,"name":"Biblioteca de PLC"}]},{"@type":"WebSite","@id":"https:\/\/linmot.com\/es\/#website","url":"https:\/\/linmot.com\/es\/","name":"LinMot &amp; MagSpring - Espa\u00f1ol","description":"Motores lineales y sistemas de motores lineales de alta calidad","publisher":{"@id":"https:\/\/linmot.com\/es\/#organization"},"potentialAction":[{"@type":"SearchAction","target":{"@type":"EntryPoint","urlTemplate":"https:\/\/linmot.com\/es\/?s={search_term_string}"},"query-input":{"@type":"PropertyValueSpecification","valueRequired":true,"valueName":"search_term_string"}}],"inLanguage":"es"},{"@type":"Organization","@id":"https:\/\/linmot.com\/es\/#organization","name":"NTI AG - LinMot & MagSpring","url":"https:\/\/linmot.com\/es\/","logo":{"@type":"ImageObject","inLanguage":"es","@id":"https:\/\/linmot.com\/es\/#\/schema\/logo\/image\/","url":"https:\/\/linmot.com\/es\/wp-content\/uploads\/sites\/5\/2022\/05\/linmot-social-share-logo.jpg","contentUrl":"https:\/\/linmot.com\/es\/wp-content\/uploads\/sites\/5\/2022\/05\/linmot-social-share-logo.jpg","width":800,"height":500,"caption":"NTI AG - LinMot & MagSpring"},"image":{"@id":"https:\/\/linmot.com\/es\/#\/schema\/logo\/image\/"},"sameAs":["https:\/\/www.linkedin.com\/company\/nti-ag-linmot-magspring","https:\/\/www.youtube.com\/user\/LinMotEurope"]}]}},"_links":{"self":[{"href":"https:\/\/linmot.com\/es\/wp-json\/wp\/v2\/pages\/261","targetHints":{"allow":["GET"]}}],"collection":[{"href":"https:\/\/linmot.com\/es\/wp-json\/wp\/v2\/pages"}],"about":[{"href":"https:\/\/linmot.com\/es\/wp-json\/wp\/v2\/types\/page"}],"author":[{"embeddable":true,"href":"https:\/\/linmot.com\/es\/wp-json\/wp\/v2\/users\/1"}],"replies":[{"embeddable":true,"href":"https:\/\/linmot.com\/es\/wp-json\/wp\/v2\/comments?post=261"}],"version-history":[{"count":8,"href":"https:\/\/linmot.com\/es\/wp-json\/wp\/v2\/pages\/261\/revisions"}],"predecessor-version":[{"id":3951,"href":"https:\/\/linmot.com\/es\/wp-json\/wp\/v2\/pages\/261\/revisions\/3951"}],"up":[{"embeddable":true,"href":"https:\/\/linmot.com\/es\/wp-json\/wp\/v2\/pages\/251"}],"wp:attachment":[{"href":"https:\/\/linmot.com\/es\/wp-json\/wp\/v2\/media?parent=261"}],"curies":[{"name":"wp","href":"https:\/\/api.w.org\/{rel}","templated":true}]}}