{"id":251,"date":"2017-11-07T16:00:41","date_gmt":"2017-11-07T15:00:41","guid":{"rendered":"https:\/\/linmot.com\/?page_id=251"},"modified":"2025-10-08T15:58:24","modified_gmt":"2025-10-08T13:58:24","slug":"asistencia-tecnica","status":"publish","type":"page","link":"https:\/\/linmot.com\/es\/asistencia-tecnica\/","title":{"rendered":"Asistencia t\u00e9cnica"},"content":{"rendered":"<p class=\"page-title\">Su primer contacto para cualquier solicitud de asistencia es su vendedor o distribuidor local. \u00c9l conoce su aplicaci\u00f3n y los componentes que est\u00e1 utilizando. Por lo tanto, esta persona es la mejor preparada para ayudarle de forma \u00f3ptima. Encontrar\u00e1 a la persona responsable en la secci\u00f3n de contacto.<\/p>\n<p class=\"bodytext\">En nuestras dos sedes hay equipos de ingenieros de aplicaci\u00f3n experimentados que trabajan para la asistencia avanzada. Estos equipos son los encargados de asistir al personal de ventas en cualquier problema t\u00e9cnico y, en caso de necesidad, tambi\u00e9n ofrecen servicio directo a los clientes (solo con consulta previa a trav\u00e9s del contacto de ventas local).<\/p>\n<div class=\"row\">\n<div class=\"col-md-4\">\n<h4>Oficina central<\/h4>\n<p class=\"bodytext\"><b>Tel.<\/b>: <a href=\"tel:+41565447100\">+41 56 544 71 00<\/a><br \/>\n<b>e-Mail<\/b>: support@linmot.com<\/p>\n<\/div>\n<div class=\"col-md-4\">\n<h4>Alemania<\/h4>\n<p class=\"bodytext\"><b>Tel.<\/b>: <a href=\"tel:+4920185894010\">+49 201 858940 10<\/a><br \/>\n<b>e-Mail<\/b>: support@linmot.com<\/p>\n<\/div>\n<div class=\"col-md-4\">\n<h4>USA<\/h4>\n<p class=\"bodytext\"><b>Tel.<\/b>: 262-743-2555<br \/>\n<b>e-Mail<\/b>: usasupport@linmot.com<\/p>\n<\/div>\n<\/div>\n","protected":false},"excerpt":{"rendered":"<p>Su primer contacto para cualquier solicitud de asistencia es su vendedor o distribuidor local. \u00c9l conoce su aplicaci\u00f3n y los componentes que est\u00e1 utilizando. Por lo tanto, esta persona es la mejor preparada para ayudarle de forma \u00f3ptima. Encontrar\u00e1 a la persona responsable en la secci\u00f3n de contacto. En nuestras dos sedes hay equipos de [&hellip;]<\/p>\n","protected":false},"author":1,"featured_media":0,"parent":0,"menu_order":73,"comment_status":"closed","ping_status":"closed","template":"","meta":{"_acf_changed":false,"footnotes":""},"class_list":["post-251","page","type-page","status-publish","hentry"],"acf":[],"yoast_head":"<!-- This site is optimized with the Yoast SEO Premium plugin v20.9 (Yoast SEO v27.4) - https:\/\/yoast.com\/product\/yoast-seo-premium-wordpress\/ -->\n<title>Apoyo - Su punto de contacto para las solicitudes de apoyo<\/title>\n<meta name=\"description\" content=\"\u00bfNo sabe a qui\u00e9n dirigirse con una pregunta sobre motores lineales? Entonces esta p\u00e1gina le ayudar\u00e1.\" \/>\n<meta name=\"robots\" content=\"index, follow, max-snippet:-1, max-image-preview:large, max-video-preview:-1\" \/>\n<link rel=\"canonical\" href=\"https:\/\/linmot.com\/es\/asistencia-tecnica\/\" \/>\n<meta property=\"og:locale\" content=\"es_ES\" \/>\n<meta property=\"og:type\" content=\"article\" \/>\n<meta property=\"og:title\" content=\"Asistencia t\u00e9cnica\" \/>\n<meta property=\"og:description\" content=\"\u00bfNo sabe a qui\u00e9n dirigirse con una pregunta sobre motores lineales? Entonces esta p\u00e1gina le ayudar\u00e1.\" \/>\n<meta property=\"og:url\" content=\"https:\/\/linmot.com\/es\/asistencia-tecnica\/\" \/>\n<meta property=\"og:site_name\" content=\"LinMot &amp; MagSpring - Espa\u00f1ol\" \/>\n<meta property=\"article:modified_time\" content=\"2025-10-08T13:58:24+00:00\" \/>\n<meta property=\"og:image\" content=\"https:\/\/linmot.com\/es\/wp-content\/uploads\/sites\/5\/2022\/05\/linmot-social-share-logo.jpg\" \/>\n\t<meta property=\"og:image:width\" content=\"800\" \/>\n\t<meta property=\"og:image:height\" content=\"500\" \/>\n\t<meta property=\"og:image:type\" content=\"image\/jpeg\" \/>\n<meta name=\"twitter:card\" content=\"summary_large_image\" \/>\n<meta name=\"twitter:description\" content=\"\u00bfNo sabe a qui\u00e9n dirigirse con una pregunta sobre motores lineales? Entonces esta p\u00e1gina le ayudar\u00e1.\" \/>\n<meta name=\"twitter:label1\" content=\"Tiempo de lectura\" \/>\n\t<meta name=\"twitter:data1\" content=\"1 minuto\" \/>\n<script type=\"application\/ld+json\" class=\"yoast-schema-graph\">{\"@context\":\"https:\\\/\\\/schema.org\",\"@graph\":[{\"@type\":\"WebPage\",\"@id\":\"https:\\\/\\\/linmot.com\\\/es\\\/asistencia-tecnica\\\/\",\"url\":\"https:\\\/\\\/linmot.com\\\/es\\\/asistencia-tecnica\\\/\",\"name\":\"Apoyo - Su punto de contacto para las solicitudes de apoyo\",\"isPartOf\":{\"@id\":\"https:\\\/\\\/linmot.com\\\/es\\\/#website\"},\"datePublished\":\"2017-11-07T15:00:41+00:00\",\"dateModified\":\"2025-10-08T13:58:24+00:00\",\"description\":\"\u00bfNo sabe a qui\u00e9n dirigirse con una pregunta sobre motores lineales? Entonces esta p\u00e1gina le ayudar\u00e1.\",\"breadcrumb\":{\"@id\":\"https:\\\/\\\/linmot.com\\\/es\\\/asistencia-tecnica\\\/#breadcrumb\"},\"inLanguage\":\"es\",\"potentialAction\":[{\"@type\":\"ReadAction\",\"target\":[\"https:\\\/\\\/linmot.com\\\/es\\\/asistencia-tecnica\\\/\"]}]},{\"@type\":\"BreadcrumbList\",\"@id\":\"https:\\\/\\\/linmot.com\\\/es\\\/asistencia-tecnica\\\/#breadcrumb\",\"itemListElement\":[{\"@type\":\"ListItem\",\"position\":1,\"name\":\"Home\",\"item\":\"https:\\\/\\\/linmot.com\\\/es\\\/\"},{\"@type\":\"ListItem\",\"position\":2,\"name\":\"Asistencia t\u00e9cnica\"}]},{\"@type\":\"WebSite\",\"@id\":\"https:\\\/\\\/linmot.com\\\/es\\\/#website\",\"url\":\"https:\\\/\\\/linmot.com\\\/es\\\/\",\"name\":\"LinMot &amp; MagSpring - Espa\u00f1ol\",\"description\":\"Motores lineales y sistemas de motores lineales de alta calidad\",\"publisher\":{\"@id\":\"https:\\\/\\\/linmot.com\\\/es\\\/#organization\"},\"potentialAction\":[{\"@type\":\"SearchAction\",\"target\":{\"@type\":\"EntryPoint\",\"urlTemplate\":\"https:\\\/\\\/linmot.com\\\/es\\\/?s={search_term_string}\"},\"query-input\":{\"@type\":\"PropertyValueSpecification\",\"valueRequired\":true,\"valueName\":\"search_term_string\"}}],\"inLanguage\":\"es\"},{\"@type\":\"Organization\",\"@id\":\"https:\\\/\\\/linmot.com\\\/es\\\/#organization\",\"name\":\"NTI AG - LinMot & MagSpring\",\"url\":\"https:\\\/\\\/linmot.com\\\/es\\\/\",\"logo\":{\"@type\":\"ImageObject\",\"inLanguage\":\"es\",\"@id\":\"https:\\\/\\\/linmot.com\\\/es\\\/#\\\/schema\\\/logo\\\/image\\\/\",\"url\":\"https:\\\/\\\/linmot.com\\\/es\\\/wp-content\\\/uploads\\\/sites\\\/5\\\/2022\\\/05\\\/linmot-social-share-logo.jpg\",\"contentUrl\":\"https:\\\/\\\/linmot.com\\\/es\\\/wp-content\\\/uploads\\\/sites\\\/5\\\/2022\\\/05\\\/linmot-social-share-logo.jpg\",\"width\":800,\"height\":500,\"caption\":\"NTI AG - LinMot & MagSpring\"},\"image\":{\"@id\":\"https:\\\/\\\/linmot.com\\\/es\\\/#\\\/schema\\\/logo\\\/image\\\/\"},\"sameAs\":[\"https:\\\/\\\/www.linkedin.com\\\/company\\\/nti-ag-linmot-magspring\",\"https:\\\/\\\/www.youtube.com\\\/user\\\/LinMotEurope\"]}]}<\/script>\n<!-- \/ Yoast SEO Premium plugin. -->","yoast_head_json":{"title":"Apoyo - Su punto de contacto para las solicitudes de apoyo","description":"\u00bfNo sabe a qui\u00e9n dirigirse con una pregunta sobre motores lineales? Entonces esta p\u00e1gina le ayudar\u00e1.","robots":{"index":"index","follow":"follow","max-snippet":"max-snippet:-1","max-image-preview":"max-image-preview:large","max-video-preview":"max-video-preview:-1"},"canonical":"https:\/\/linmot.com\/es\/asistencia-tecnica\/","og_locale":"es_ES","og_type":"article","og_title":"Asistencia t\u00e9cnica","og_description":"\u00bfNo sabe a qui\u00e9n dirigirse con una pregunta sobre motores lineales? Entonces esta p\u00e1gina le ayudar\u00e1.","og_url":"https:\/\/linmot.com\/es\/asistencia-tecnica\/","og_site_name":"LinMot &amp; MagSpring - Espa\u00f1ol","article_modified_time":"2025-10-08T13:58:24+00:00","og_image":[{"width":800,"height":500,"url":"https:\/\/linmot.com\/es\/wp-content\/uploads\/sites\/5\/2022\/05\/linmot-social-share-logo.jpg","type":"image\/jpeg"}],"twitter_card":"summary_large_image","twitter_description":"\u00bfNo sabe a qui\u00e9n dirigirse con una pregunta sobre motores lineales? Entonces esta p\u00e1gina le ayudar\u00e1.","twitter_misc":{"Tiempo de lectura":"1 minuto"},"schema":{"@context":"https:\/\/schema.org","@graph":[{"@type":"WebPage","@id":"https:\/\/linmot.com\/es\/asistencia-tecnica\/","url":"https:\/\/linmot.com\/es\/asistencia-tecnica\/","name":"Apoyo - Su punto de contacto para las solicitudes de apoyo","isPartOf":{"@id":"https:\/\/linmot.com\/es\/#website"},"datePublished":"2017-11-07T15:00:41+00:00","dateModified":"2025-10-08T13:58:24+00:00","description":"\u00bfNo sabe a qui\u00e9n dirigirse con una pregunta sobre motores lineales? Entonces esta p\u00e1gina le ayudar\u00e1.","breadcrumb":{"@id":"https:\/\/linmot.com\/es\/asistencia-tecnica\/#breadcrumb"},"inLanguage":"es","potentialAction":[{"@type":"ReadAction","target":["https:\/\/linmot.com\/es\/asistencia-tecnica\/"]}]},{"@type":"BreadcrumbList","@id":"https:\/\/linmot.com\/es\/asistencia-tecnica\/#breadcrumb","itemListElement":[{"@type":"ListItem","position":1,"name":"Home","item":"https:\/\/linmot.com\/es\/"},{"@type":"ListItem","position":2,"name":"Asistencia t\u00e9cnica"}]},{"@type":"WebSite","@id":"https:\/\/linmot.com\/es\/#website","url":"https:\/\/linmot.com\/es\/","name":"LinMot &amp; MagSpring - Espa\u00f1ol","description":"Motores lineales y sistemas de motores lineales de alta calidad","publisher":{"@id":"https:\/\/linmot.com\/es\/#organization"},"potentialAction":[{"@type":"SearchAction","target":{"@type":"EntryPoint","urlTemplate":"https:\/\/linmot.com\/es\/?s={search_term_string}"},"query-input":{"@type":"PropertyValueSpecification","valueRequired":true,"valueName":"search_term_string"}}],"inLanguage":"es"},{"@type":"Organization","@id":"https:\/\/linmot.com\/es\/#organization","name":"NTI AG - LinMot & MagSpring","url":"https:\/\/linmot.com\/es\/","logo":{"@type":"ImageObject","inLanguage":"es","@id":"https:\/\/linmot.com\/es\/#\/schema\/logo\/image\/","url":"https:\/\/linmot.com\/es\/wp-content\/uploads\/sites\/5\/2022\/05\/linmot-social-share-logo.jpg","contentUrl":"https:\/\/linmot.com\/es\/wp-content\/uploads\/sites\/5\/2022\/05\/linmot-social-share-logo.jpg","width":800,"height":500,"caption":"NTI AG - LinMot & MagSpring"},"image":{"@id":"https:\/\/linmot.com\/es\/#\/schema\/logo\/image\/"},"sameAs":["https:\/\/www.linkedin.com\/company\/nti-ag-linmot-magspring","https:\/\/www.youtube.com\/user\/LinMotEurope"]}]}},"_links":{"self":[{"href":"https:\/\/linmot.com\/es\/wp-json\/wp\/v2\/pages\/251","targetHints":{"allow":["GET"]}}],"collection":[{"href":"https:\/\/linmot.com\/es\/wp-json\/wp\/v2\/pages"}],"about":[{"href":"https:\/\/linmot.com\/es\/wp-json\/wp\/v2\/types\/page"}],"author":[{"embeddable":true,"href":"https:\/\/linmot.com\/es\/wp-json\/wp\/v2\/users\/1"}],"replies":[{"embeddable":true,"href":"https:\/\/linmot.com\/es\/wp-json\/wp\/v2\/comments?post=251"}],"version-history":[{"count":16,"href":"https:\/\/linmot.com\/es\/wp-json\/wp\/v2\/pages\/251\/revisions"}],"predecessor-version":[{"id":3950,"href":"https:\/\/linmot.com\/es\/wp-json\/wp\/v2\/pages\/251\/revisions\/3950"}],"wp:attachment":[{"href":"https:\/\/linmot.com\/es\/wp-json\/wp\/v2\/media?parent=251"}],"curies":[{"name":"wp","href":"https:\/\/api.w.org\/{rel}","templated":true}]}}