{"id":2476,"date":"2022-07-14T07:41:17","date_gmt":"2022-07-14T07:41:17","guid":{"rendered":"https:\/\/linmot.com\/es\/?page_id=2476"},"modified":"2023-05-10T14:34:54","modified_gmt":"2023-05-10T14:34:54","slug":"le-ayudamos-a-reducir-el-consumo-de-energia-de-forma-sostenible","status":"publish","type":"page","link":"https:\/\/linmot.com\/es\/soluciones-industriales\/sustitucion-neumatica\/le-ayudamos-a-reducir-el-consumo-de-energia-de-forma-sostenible\/","title":{"rendered":"Le ayudamos a reducir el consumo de energ\u00eda de forma sostenible"},"content":{"rendered":"<p><strong>De todos los recursos de los que depende la fabricaci\u00f3n moderna, la energ\u00eda es sin duda uno de los m\u00e1s importantes. La eficiencia energ\u00e9tica y, por tanto, la huella de carbono son un importante indicador de la contribuci\u00f3n de las empresas a la sostenibilidad y la protecci\u00f3n del clima. De hecho, la industria manufacturera busca cada vez m\u00e1s productos fabricados de forma sostenible y considera esta cuesti\u00f3n como un componente esencial en sus decisiones de compra. La energ\u00eda tambi\u00e9n es un recurso que durante mucho tiempo se ha dado por sentado, pero el aumento de los precios y la preocupaci\u00f3n por las emisiones de gases de efecto invernadero est\u00e1n haciendo que los operadores eval\u00faen cr\u00edticamente c\u00f3mo producir m\u00e1s con menos recursos. La clave para conseguirlo es cambiar a LinMot y eliminar las p\u00e9rdidas de energ\u00eda en los procesos de automatizaci\u00f3n de f\u00e1bricas que consumen mucha energ\u00eda, como las aplicaciones neum\u00e1ticas (aire comprimido).<\/strong><\/p>\n<h2>Necesidad de energ\u00eda en comparaci\u00f3n con los cilindros neum\u00e1ticos<\/h2>\n<p>Las empresas utilizan los actuadores neum\u00e1ticos por su coste de inversi\u00f3n algo menor. Sin embargo, el aire comprimido es uno de los medios energ\u00e9ticos m\u00e1s caros, ya que los compresores s\u00f3lo pueden convertir una peque\u00f1a parte de la energ\u00eda de entrada en potencia \u00fatil. La mayor parte se disipa en forma de p\u00e9rdidas de calor. En cambio, LinMot se basa en motores lineales tubulares sin escobillas de accionamiento directo con una eficiencia extremadamente alta. Adem\u00e1s, y a diferencia de la neum\u00e1tica, el motor lineal no s\u00f3lo no consume energ\u00eda m\u00e1s all\u00e1 de lo necesario, sino que puede convertir la energ\u00eda durante el frenado y almacenarla para el siguiente ciclo. Debido a los elevados costes de funcionamiento de los cilindros neum\u00e1ticos, los motores lineales resultan ser una alternativa rentable en la que el mayor coste de inversi\u00f3n puede amortizarse en cuesti\u00f3n de semanas. No es de extra\u00f1ar, pues, que cada vez m\u00e1s empresas intenten eliminar el aire comprimido de sus f\u00e1bricas.<\/p>\n<h2>Ahorro potencial de energ\u00eda de m\u00e1s del 95 por ciento<\/h2>\n<p>Varios estudios demuestran que los motores lineales son preferibles a los sistemas optimizados de aire comprimido, tanto en t\u00e9rminos de ahorro econ\u00f3mico como ecol\u00f3gico. US cotton, un fabricante de bastoncillos de algod\u00f3n, decidi\u00f3 sustituir sus cilindros neum\u00e1ticos por <a href=\"\/es\/los-productos-de-linmot-y-magspring\/\">motores lineales LinMot<\/a> y medir si el ahorro de energ\u00eda justificaba realmente el precio de los motores LinMot. El motor lineal s\u00f3lo consum\u00eda el 3,2% de la energ\u00eda del cilindro neum\u00e1tico equipado en la m\u00e1quina. Adem\u00e1s, el mejor control tambi\u00e9n supuso un aumento del 35% en la velocidad de la m\u00e1quina, y la ausencia de ajustes o sustituci\u00f3n de los motores lineales significa un funcionamiento sin problemas durante muchos a\u00f1os.<\/p>\n<img loading=\"lazy\" decoding=\"async\" class=\"wp-image-3424 size-full aligncenter\" src=\"https:\/\/linmot.com\/wp-content\/uploads\/2022\/07\/energy-consumption-graphik.jpg\" alt=\"\" width=\"485\" height=\"293\" \/>\n<h3>Minimizar los costes y las emisiones de CO2<\/h3>\n<p>Si calcul\u00e1ramos la factura el\u00e9ctrica anual y las emisiones de CO2 del ejemplo anterior, en el que la distancia total de desplazamiento por ciclo es de 800 mm y el tiempo total del ciclo es de 900 ms, obtendr\u00edamos los siguientes resultados:<\/p>\n<p>&nbsp;<\/p>\n<table border=\"1\" width=\"100%\">\n<tbody>\n<tr>\n<td><\/td>\n<td style=\"text-align: center;\"><strong>Consumo el\u00e9ctrico (kWh)<\/strong><br \/>\nal a\u00f1o para un solo eje<\/td>\n<td style=\"text-align: center;\"><strong>Factura el\u00e9ctrica (euros)<\/strong><br \/>\nal a\u00f1o para un solo eje<\/td>\n<td style=\"text-align: center;\"><strong>Emisiones de CO2r (KG)<\/strong><br \/>\nal a\u00f1o para un solo eje<\/td>\n<\/tr>\n<tr>\n<td>\u00a0Cilindro de aire<\/td>\n<td style=\"text-align: center;\">21&#8217;250<\/td>\n<td style=\"text-align: center;\">3&#8217;612<\/td>\n<td style=\"text-align: center;\">10&#8217;625<\/td>\n<\/tr>\n<tr>\n<td>\u00a0Motor LinMot<\/td>\n<td style=\"text-align: center;\">680<\/td>\n<td style=\"text-align: center;\">115<\/td>\n<td style=\"text-align: center;\">340<\/td>\n<\/tr>\n<tr>\n<td>\u00a0Reducci\u00f3n anual<\/td>\n<td style=\"text-align: center;\">20&#8217;570<\/td>\n<td style=\"text-align: center;\">3&#8217;497<\/td>\n<td style=\"text-align: center;\">10&#8217;285<\/td>\n<\/tr>\n<\/tbody>\n<\/table>\n<h6 style=\"text-align: right;\">Funcionamiento continuo (8000h\/a\u00f1o)<br \/>\nFactor de emisi\u00f3n de CO2 0,5kg\/kWh<br \/>\nFactor de coste energ\u00e9tico 0,17 EUR\/kWh<br \/>\nEmisi\u00f3n de CO2 del Ferrari Roma: 234 g\/km<\/h6>\n<table width=\"100%\">\n<tbody>\n<tr>\n<td>Para una l\u00ednea de producci\u00f3n que utilice 100 cilindros neum\u00e1ticos, esto supondr\u00e1 un <strong><span style=\"font-size: medium;\">ahorro anual de 349.700 euros<\/span><\/strong> s\u00f3lo en gastos de electricidad. La reducci\u00f3n de CO2 es suficiente para <strong><span style=\"font-size: medium;\">conducir un Ferrari Roma 110 veces alrededor del mundo.<\/span><\/strong><\/td>\n<td style=\"text-align: center;\"><img loading=\"lazy\" decoding=\"async\" class=\"alignnone size-medium wp-image-3460\" src=\"https:\/\/linmot.com\/wp-content\/uploads\/2022\/07\/car-globus-300x259.jpg\" alt=\"\" width=\"300\" height=\"259\" \/><\/td>\n<\/tr>\n<\/tbody>\n<\/table>\n<h3>La soluci\u00f3n m\u00e1s sencilla suele ser la mejor<\/h3>\n<p>Adem\u00e1s de conseguir un importante ahorro de energ\u00eda, tambi\u00e9n se reducen los costes al no haber componentes mec\u00e1nicos de transmisi\u00f3n (cajas de cambios, correas dentadas, poleas, levas, tornillos de cabeza, etc.), lo que permite un montaje mec\u00e1nico m\u00e1s limpio, menos piezas y un funcionamiento m\u00e1s suave y silencioso. El coste total de propiedad (TCO) tambi\u00e9n se minimiza por la reducci\u00f3n de los costes log\u00edsticos y de instalaci\u00f3n debido a un n\u00famero m\u00ednimo de componentes est\u00e1ndar. Los costes de producci\u00f3n tambi\u00e9n se reducen debido al mayor rendimiento, la mayor fiabilidad de los movimientos, la mejora del tiempo medio entre fallos (MTBF) y la reducci\u00f3n dr\u00e1stica de los costes de mantenimiento y sustituci\u00f3n.<\/p>\n","protected":false},"excerpt":{"rendered":"<p>De todos los recursos de los que depende la fabricaci\u00f3n moderna, la energ\u00eda es sin duda uno de los m\u00e1s importantes. La eficiencia energ\u00e9tica y, por tanto, la huella de carbono son un importante indicador de la contribuci\u00f3n de las empresas a la sostenibilidad y la protecci\u00f3n del clima. De hecho, la industria manufacturera busca [&hellip;]<\/p>\n","protected":false},"author":9,"featured_media":0,"parent":232,"menu_order":26,"comment_status":"closed","ping_status":"closed","template":"","meta":{"_acf_changed":false,"footnotes":""},"class_list":["post-2476","page","type-page","status-publish","hentry"],"acf":[],"yoast_head":"<!-- This site is optimized with the Yoast SEO Premium plugin v20.9 (Yoast SEO v27.2) - https:\/\/yoast.com\/product\/yoast-seo-premium-wordpress\/ -->\n<title>Le ayudamos a reducir el consumo de energ\u00eda de forma sostenible<\/title>\n<meta name=\"description\" content=\"Descubra aqu\u00ed c\u00f3mo puede reducir de forma sostenible el consumo de energ\u00eda de su producci\u00f3n con motores lineales.\" \/>\n<meta name=\"robots\" content=\"index, follow, max-snippet:-1, max-image-preview:large, max-video-preview:-1\" \/>\n<link rel=\"canonical\" href=\"https:\/\/linmot.com\/es\/soluciones-industriales\/sustitucion-neumatica\/le-ayudamos-a-reducir-el-consumo-de-energia-de-forma-sostenible\/\" \/>\n<meta property=\"og:locale\" content=\"es_ES\" \/>\n<meta property=\"og:type\" content=\"article\" \/>\n<meta property=\"og:title\" content=\"Le ayudamos a reducir el consumo de energ\u00eda de forma sostenible\" \/>\n<meta property=\"og:description\" content=\"Descubra aqu\u00ed c\u00f3mo puede reducir de forma sostenible el consumo de energ\u00eda de su producci\u00f3n con motores lineales.\" \/>\n<meta property=\"og:url\" content=\"https:\/\/linmot.com\/es\/soluciones-industriales\/sustitucion-neumatica\/le-ayudamos-a-reducir-el-consumo-de-energia-de-forma-sostenible\/\" \/>\n<meta property=\"og:site_name\" content=\"LinMot &amp; MagSpring - Espa\u00f1ol\" \/>\n<meta property=\"article:modified_time\" content=\"2023-05-10T14:34:54+00:00\" \/>\n<meta property=\"og:image\" content=\"https:\/\/linmot.com\/wp-content\/uploads\/2022\/07\/energy-consumption-graphik.jpg\" \/>\n<meta name=\"twitter:card\" content=\"summary_large_image\" \/>\n<meta name=\"twitter:description\" content=\"Descubra aqu\u00ed c\u00f3mo puede reducir de forma sostenible el consumo de energ\u00eda de su producci\u00f3n con motores lineales.\" \/>\n<meta name=\"twitter:label1\" content=\"Tiempo de lectura\" \/>\n\t<meta name=\"twitter:data1\" content=\"4 minutos\" \/>\n<script type=\"application\/ld+json\" class=\"yoast-schema-graph\">{\"@context\":\"https:\/\/schema.org\",\"@graph\":[{\"@type\":\"WebPage\",\"@id\":\"https:\/\/linmot.com\/es\/soluciones-industriales\/sustitucion-neumatica\/le-ayudamos-a-reducir-el-consumo-de-energia-de-forma-sostenible\/\",\"url\":\"https:\/\/linmot.com\/es\/soluciones-industriales\/sustitucion-neumatica\/le-ayudamos-a-reducir-el-consumo-de-energia-de-forma-sostenible\/\",\"name\":\"Le ayudamos a reducir el consumo de energ\u00eda de forma sostenible\",\"isPartOf\":{\"@id\":\"https:\/\/linmot.com\/es\/#website\"},\"primaryImageOfPage\":{\"@id\":\"https:\/\/linmot.com\/es\/soluciones-industriales\/sustitucion-neumatica\/le-ayudamos-a-reducir-el-consumo-de-energia-de-forma-sostenible\/#primaryimage\"},\"image\":{\"@id\":\"https:\/\/linmot.com\/es\/soluciones-industriales\/sustitucion-neumatica\/le-ayudamos-a-reducir-el-consumo-de-energia-de-forma-sostenible\/#primaryimage\"},\"thumbnailUrl\":\"https:\/\/linmot.com\/wp-content\/uploads\/2022\/07\/energy-consumption-graphik.jpg\",\"datePublished\":\"2022-07-14T07:41:17+00:00\",\"dateModified\":\"2023-05-10T14:34:54+00:00\",\"description\":\"Descubra aqu\u00ed c\u00f3mo puede reducir de forma sostenible el consumo de energ\u00eda de su producci\u00f3n con motores lineales.\",\"breadcrumb\":{\"@id\":\"https:\/\/linmot.com\/es\/soluciones-industriales\/sustitucion-neumatica\/le-ayudamos-a-reducir-el-consumo-de-energia-de-forma-sostenible\/#breadcrumb\"},\"inLanguage\":\"es\",\"potentialAction\":[{\"@type\":\"ReadAction\",\"target\":[\"https:\/\/linmot.com\/es\/soluciones-industriales\/sustitucion-neumatica\/le-ayudamos-a-reducir-el-consumo-de-energia-de-forma-sostenible\/\"]}]},{\"@type\":\"ImageObject\",\"inLanguage\":\"es\",\"@id\":\"https:\/\/linmot.com\/es\/soluciones-industriales\/sustitucion-neumatica\/le-ayudamos-a-reducir-el-consumo-de-energia-de-forma-sostenible\/#primaryimage\",\"url\":\"https:\/\/linmot.com\/wp-content\/uploads\/2022\/07\/energy-consumption-graphik.jpg\",\"contentUrl\":\"https:\/\/linmot.com\/wp-content\/uploads\/2022\/07\/energy-consumption-graphik.jpg\"},{\"@type\":\"BreadcrumbList\",\"@id\":\"https:\/\/linmot.com\/es\/soluciones-industriales\/sustitucion-neumatica\/le-ayudamos-a-reducir-el-consumo-de-energia-de-forma-sostenible\/#breadcrumb\",\"itemListElement\":[{\"@type\":\"ListItem\",\"position\":1,\"name\":\"Home\",\"item\":\"https:\/\/linmot.com\/es\/\"},{\"@type\":\"ListItem\",\"position\":2,\"name\":\"Soluciones industriales\",\"item\":\"https:\/\/linmot.com\/es\/soluciones-industriales\/\"},{\"@type\":\"ListItem\",\"position\":3,\"name\":\"Reemplazo de cilindros neum\u00e1ticos mediante motores lineales industriales\",\"item\":\"https:\/\/linmot.com\/es\/soluciones-industriales\/sustitucion-neumatica\/\"},{\"@type\":\"ListItem\",\"position\":4,\"name\":\"Le ayudamos a reducir el consumo de energ\u00eda de forma sostenible\"}]},{\"@type\":\"WebSite\",\"@id\":\"https:\/\/linmot.com\/es\/#website\",\"url\":\"https:\/\/linmot.com\/es\/\",\"name\":\"LinMot &amp; MagSpring - Espa\u00f1ol\",\"description\":\"Motores lineales y sistemas de motores lineales de alta calidad\",\"publisher\":{\"@id\":\"https:\/\/linmot.com\/es\/#organization\"},\"potentialAction\":[{\"@type\":\"SearchAction\",\"target\":{\"@type\":\"EntryPoint\",\"urlTemplate\":\"https:\/\/linmot.com\/es\/?s={search_term_string}\"},\"query-input\":{\"@type\":\"PropertyValueSpecification\",\"valueRequired\":true,\"valueName\":\"search_term_string\"}}],\"inLanguage\":\"es\"},{\"@type\":\"Organization\",\"@id\":\"https:\/\/linmot.com\/es\/#organization\",\"name\":\"NTI AG - LinMot & MagSpring\",\"url\":\"https:\/\/linmot.com\/es\/\",\"logo\":{\"@type\":\"ImageObject\",\"inLanguage\":\"es\",\"@id\":\"https:\/\/linmot.com\/es\/#\/schema\/logo\/image\/\",\"url\":\"https:\/\/linmot.com\/es\/wp-content\/uploads\/sites\/5\/2022\/05\/linmot-social-share-logo.jpg\",\"contentUrl\":\"https:\/\/linmot.com\/es\/wp-content\/uploads\/sites\/5\/2022\/05\/linmot-social-share-logo.jpg\",\"width\":800,\"height\":500,\"caption\":\"NTI AG - LinMot & MagSpring\"},\"image\":{\"@id\":\"https:\/\/linmot.com\/es\/#\/schema\/logo\/image\/\"},\"sameAs\":[\"https:\/\/www.linkedin.com\/company\/nti-ag-linmot-magspring\",\"https:\/\/www.youtube.com\/user\/LinMotEurope\"]}]}<\/script>\n<!-- \/ Yoast SEO Premium plugin. -->","yoast_head_json":{"title":"Le ayudamos a reducir el consumo de energ\u00eda de forma sostenible","description":"Descubra aqu\u00ed c\u00f3mo puede reducir de forma sostenible el consumo de energ\u00eda de su producci\u00f3n con motores lineales.","robots":{"index":"index","follow":"follow","max-snippet":"max-snippet:-1","max-image-preview":"max-image-preview:large","max-video-preview":"max-video-preview:-1"},"canonical":"https:\/\/linmot.com\/es\/soluciones-industriales\/sustitucion-neumatica\/le-ayudamos-a-reducir-el-consumo-de-energia-de-forma-sostenible\/","og_locale":"es_ES","og_type":"article","og_title":"Le ayudamos a reducir el consumo de energ\u00eda de forma sostenible","og_description":"Descubra aqu\u00ed c\u00f3mo puede reducir de forma sostenible el consumo de energ\u00eda de su producci\u00f3n con motores lineales.","og_url":"https:\/\/linmot.com\/es\/soluciones-industriales\/sustitucion-neumatica\/le-ayudamos-a-reducir-el-consumo-de-energia-de-forma-sostenible\/","og_site_name":"LinMot &amp; MagSpring - Espa\u00f1ol","article_modified_time":"2023-05-10T14:34:54+00:00","og_image":[{"url":"https:\/\/linmot.com\/wp-content\/uploads\/2022\/07\/energy-consumption-graphik.jpg","type":"","width":"","height":""}],"twitter_card":"summary_large_image","twitter_description":"Descubra aqu\u00ed c\u00f3mo puede reducir de forma sostenible el consumo de energ\u00eda de su producci\u00f3n con motores lineales.","twitter_misc":{"Tiempo de lectura":"4 minutos"},"schema":{"@context":"https:\/\/schema.org","@graph":[{"@type":"WebPage","@id":"https:\/\/linmot.com\/es\/soluciones-industriales\/sustitucion-neumatica\/le-ayudamos-a-reducir-el-consumo-de-energia-de-forma-sostenible\/","url":"https:\/\/linmot.com\/es\/soluciones-industriales\/sustitucion-neumatica\/le-ayudamos-a-reducir-el-consumo-de-energia-de-forma-sostenible\/","name":"Le ayudamos a reducir el consumo de energ\u00eda de forma sostenible","isPartOf":{"@id":"https:\/\/linmot.com\/es\/#website"},"primaryImageOfPage":{"@id":"https:\/\/linmot.com\/es\/soluciones-industriales\/sustitucion-neumatica\/le-ayudamos-a-reducir-el-consumo-de-energia-de-forma-sostenible\/#primaryimage"},"image":{"@id":"https:\/\/linmot.com\/es\/soluciones-industriales\/sustitucion-neumatica\/le-ayudamos-a-reducir-el-consumo-de-energia-de-forma-sostenible\/#primaryimage"},"thumbnailUrl":"https:\/\/linmot.com\/wp-content\/uploads\/2022\/07\/energy-consumption-graphik.jpg","datePublished":"2022-07-14T07:41:17+00:00","dateModified":"2023-05-10T14:34:54+00:00","description":"Descubra aqu\u00ed c\u00f3mo puede reducir de forma sostenible el consumo de energ\u00eda de su producci\u00f3n con motores lineales.","breadcrumb":{"@id":"https:\/\/linmot.com\/es\/soluciones-industriales\/sustitucion-neumatica\/le-ayudamos-a-reducir-el-consumo-de-energia-de-forma-sostenible\/#breadcrumb"},"inLanguage":"es","potentialAction":[{"@type":"ReadAction","target":["https:\/\/linmot.com\/es\/soluciones-industriales\/sustitucion-neumatica\/le-ayudamos-a-reducir-el-consumo-de-energia-de-forma-sostenible\/"]}]},{"@type":"ImageObject","inLanguage":"es","@id":"https:\/\/linmot.com\/es\/soluciones-industriales\/sustitucion-neumatica\/le-ayudamos-a-reducir-el-consumo-de-energia-de-forma-sostenible\/#primaryimage","url":"https:\/\/linmot.com\/wp-content\/uploads\/2022\/07\/energy-consumption-graphik.jpg","contentUrl":"https:\/\/linmot.com\/wp-content\/uploads\/2022\/07\/energy-consumption-graphik.jpg"},{"@type":"BreadcrumbList","@id":"https:\/\/linmot.com\/es\/soluciones-industriales\/sustitucion-neumatica\/le-ayudamos-a-reducir-el-consumo-de-energia-de-forma-sostenible\/#breadcrumb","itemListElement":[{"@type":"ListItem","position":1,"name":"Home","item":"https:\/\/linmot.com\/es\/"},{"@type":"ListItem","position":2,"name":"Soluciones industriales","item":"https:\/\/linmot.com\/es\/soluciones-industriales\/"},{"@type":"ListItem","position":3,"name":"Reemplazo de cilindros neum\u00e1ticos mediante motores lineales industriales","item":"https:\/\/linmot.com\/es\/soluciones-industriales\/sustitucion-neumatica\/"},{"@type":"ListItem","position":4,"name":"Le ayudamos a reducir el consumo de energ\u00eda de forma sostenible"}]},{"@type":"WebSite","@id":"https:\/\/linmot.com\/es\/#website","url":"https:\/\/linmot.com\/es\/","name":"LinMot &amp; MagSpring - Espa\u00f1ol","description":"Motores lineales y sistemas de motores lineales de alta calidad","publisher":{"@id":"https:\/\/linmot.com\/es\/#organization"},"potentialAction":[{"@type":"SearchAction","target":{"@type":"EntryPoint","urlTemplate":"https:\/\/linmot.com\/es\/?s={search_term_string}"},"query-input":{"@type":"PropertyValueSpecification","valueRequired":true,"valueName":"search_term_string"}}],"inLanguage":"es"},{"@type":"Organization","@id":"https:\/\/linmot.com\/es\/#organization","name":"NTI AG - LinMot & MagSpring","url":"https:\/\/linmot.com\/es\/","logo":{"@type":"ImageObject","inLanguage":"es","@id":"https:\/\/linmot.com\/es\/#\/schema\/logo\/image\/","url":"https:\/\/linmot.com\/es\/wp-content\/uploads\/sites\/5\/2022\/05\/linmot-social-share-logo.jpg","contentUrl":"https:\/\/linmot.com\/es\/wp-content\/uploads\/sites\/5\/2022\/05\/linmot-social-share-logo.jpg","width":800,"height":500,"caption":"NTI AG - LinMot & MagSpring"},"image":{"@id":"https:\/\/linmot.com\/es\/#\/schema\/logo\/image\/"},"sameAs":["https:\/\/www.linkedin.com\/company\/nti-ag-linmot-magspring","https:\/\/www.youtube.com\/user\/LinMotEurope"]}]}},"_links":{"self":[{"href":"https:\/\/linmot.com\/es\/wp-json\/wp\/v2\/pages\/2476","targetHints":{"allow":["GET"]}}],"collection":[{"href":"https:\/\/linmot.com\/es\/wp-json\/wp\/v2\/pages"}],"about":[{"href":"https:\/\/linmot.com\/es\/wp-json\/wp\/v2\/types\/page"}],"author":[{"embeddable":true,"href":"https:\/\/linmot.com\/es\/wp-json\/wp\/v2\/users\/9"}],"replies":[{"embeddable":true,"href":"https:\/\/linmot.com\/es\/wp-json\/wp\/v2\/comments?post=2476"}],"version-history":[{"count":6,"href":"https:\/\/linmot.com\/es\/wp-json\/wp\/v2\/pages\/2476\/revisions"}],"predecessor-version":[{"id":2499,"href":"https:\/\/linmot.com\/es\/wp-json\/wp\/v2\/pages\/2476\/revisions\/2499"}],"up":[{"embeddable":true,"href":"https:\/\/linmot.com\/es\/wp-json\/wp\/v2\/pages\/232"}],"wp:attachment":[{"href":"https:\/\/linmot.com\/es\/wp-json\/wp\/v2\/media?parent=2476"}],"curies":[{"name":"wp","href":"https:\/\/api.w.org\/{rel}","templated":true}]}}