{"id":2410,"date":"2022-05-25T09:20:28","date_gmt":"2022-05-25T09:20:28","guid":{"rendered":"https:\/\/linmot.com\/es\/?page_id=2410"},"modified":"2024-10-30T09:28:48","modified_gmt":"2024-10-30T08:28:48","slug":"seguir-a-linmot","status":"publish","type":"page","link":"https:\/\/linmot.com\/es\/seguir-a-linmot\/","title":{"rendered":"Seguir a LinMot"},"content":{"rendered":"<p><strong>LinMot comunica regularmente nuevas historias de aplicaciones, v\u00eddeos de productos y noticias en varias plataformas. En esta p\u00e1gina le mostramos d\u00f3nde puede encontrar informaci\u00f3n en todas partes.<\/strong><\/p>\n<hr \/>\n<h2>Canales de medios sociales<\/h2>\n<div class=\"row\">\n<div class=\"col-md-3\">\n<strong>LinkedIn<\/strong><br \/>\n<a class=\"download\" href=\"https:\/\/www.linkedin.com\/company\/nti-ag-linmot-magspring\" target=\"_blank\" rel=\"noopener\"><img loading=\"lazy\" decoding=\"async\" class=\"alignnone wp-image-3377 size-full\" src=\"https:\/\/linmot.com\/de\/wp-content\/uploads\/sites\/2\/2022\/05\/LinkedIn-Logo.jpg\" alt=\"\" width=\"300\" height=\"100\" \/><\/a><\/p>\n<p>Idioma del canal:<br \/>\ningl\u00e9s<\/p>\n<p><a class=\"button\" href=\"https:\/\/www.linkedin.com\/company\/nti-ag-linmot-magspring\" target=\"_blank\" rel=\"noopener\">Al canal en LinkedIn<\/a><\/p>\n<\/div>\n<div class=\"col-md-1\">\n<\/div>\n<div class=\"col-md-3\">\n<strong>YouTube<\/strong><br \/>\n<a class=\"download\" href=\"https:\/\/www.youtube.com\/c\/LinMotEurope\" target=\"_blank\" rel=\"noopener\"><img loading=\"lazy\" decoding=\"async\" class=\"alignnone wp-image-3376 size-full\" src=\"https:\/\/linmot.com\/de\/wp-content\/uploads\/sites\/2\/2022\/05\/YouTube-Logo-page.jpg\" alt=\"\" width=\"300\" height=\"100\" \/><\/a><\/p>\n<p>Idioma del canal:<br \/>\nalem\u00e1n &amp; ingl\u00e9s<\/p>\n<p><a class=\"button\" href=\"https:\/\/www.youtube.com\/c\/LinMotEurope\" target=\"_blank\" rel=\"noopener\">Al canal en YouTube<\/a><\/p>\n<\/div>\n<div class=\"col-md-1\">\n<\/div>\n<div class=\"col-md-3\">\n<\/div>\n<\/div>\n","protected":false},"excerpt":{"rendered":"<p>LinMot comunica regularmente nuevas historias de aplicaciones, v\u00eddeos de productos y noticias en varias plataformas. En esta p\u00e1gina le mostramos d\u00f3nde puede encontrar informaci\u00f3n en todas partes. Canales de medios sociales<\/p>\n","protected":false},"author":9,"featured_media":0,"parent":0,"menu_order":27,"comment_status":"closed","ping_status":"closed","template":"","meta":{"_acf_changed":false,"footnotes":""},"class_list":["post-2410","page","type-page","status-publish","hentry"],"acf":[],"yoast_head":"<!-- This site is optimized with the Yoast SEO Premium plugin v20.9 (Yoast SEO v27.3) - https:\/\/yoast.com\/product\/yoast-seo-premium-wordpress\/ -->\n<title>Seguir a LinMot - LinMot &amp; MagSpring - Espa\u00f1ol<\/title>\n<meta name=\"description\" content=\"En esta p\u00e1gina le mostramos en qu\u00e9 plataformas y canales se comunican las noticias de LinMot. \u00a1S\u00edganos!\" \/>\n<meta name=\"robots\" content=\"noindex, follow\" \/>\n<meta property=\"og:locale\" content=\"es_ES\" \/>\n<meta property=\"og:type\" content=\"article\" \/>\n<meta property=\"og:title\" content=\"Seguir a LinMot\" \/>\n<meta property=\"og:description\" content=\"En esta p\u00e1gina le mostramos en qu\u00e9 plataformas y canales se comunican las noticias de LinMot. \u00a1S\u00edganos!\" \/>\n<meta property=\"og:url\" content=\"https:\/\/linmot.com\/es\/seguir-a-linmot\/\" \/>\n<meta property=\"og:site_name\" content=\"LinMot &amp; MagSpring - Espa\u00f1ol\" \/>\n<meta property=\"article:modified_time\" content=\"2024-10-30T08:28:48+00:00\" \/>\n<meta property=\"og:image\" content=\"https:\/\/linmot.com\/es\/wp-content\/uploads\/sites\/5\/2022\/05\/linmot-social-share-logo.jpg\" \/>\n\t<meta property=\"og:image:width\" content=\"800\" \/>\n\t<meta property=\"og:image:height\" content=\"500\" \/>\n\t<meta property=\"og:image:type\" content=\"image\/jpeg\" \/>\n<meta name=\"twitter:card\" content=\"summary_large_image\" \/>\n<meta name=\"twitter:label1\" content=\"Tiempo de lectura\" \/>\n\t<meta name=\"twitter:data1\" content=\"1 minuto\" \/>\n<script type=\"application\/ld+json\" class=\"yoast-schema-graph\">{\"@context\":\"https:\\\/\\\/schema.org\",\"@graph\":[{\"@type\":\"WebPage\",\"@id\":\"https:\\\/\\\/linmot.com\\\/es\\\/seguir-a-linmot\\\/\",\"url\":\"https:\\\/\\\/linmot.com\\\/es\\\/seguir-a-linmot\\\/\",\"name\":\"Seguir a LinMot - LinMot &amp; MagSpring - Espa\u00f1ol\",\"isPartOf\":{\"@id\":\"https:\\\/\\\/linmot.com\\\/es\\\/#website\"},\"primaryImageOfPage\":{\"@id\":\"https:\\\/\\\/linmot.com\\\/es\\\/seguir-a-linmot\\\/#primaryimage\"},\"image\":{\"@id\":\"https:\\\/\\\/linmot.com\\\/es\\\/seguir-a-linmot\\\/#primaryimage\"},\"thumbnailUrl\":\"https:\\\/\\\/linmot.com\\\/de\\\/wp-content\\\/uploads\\\/sites\\\/2\\\/2022\\\/05\\\/LinkedIn-Logo.jpg\",\"datePublished\":\"2022-05-25T09:20:28+00:00\",\"dateModified\":\"2024-10-30T08:28:48+00:00\",\"description\":\"En esta p\u00e1gina le mostramos en qu\u00e9 plataformas y canales se comunican las noticias de LinMot. \u00a1S\u00edganos!\",\"breadcrumb\":{\"@id\":\"https:\\\/\\\/linmot.com\\\/es\\\/seguir-a-linmot\\\/#breadcrumb\"},\"inLanguage\":\"es\",\"potentialAction\":[{\"@type\":\"ReadAction\",\"target\":[\"https:\\\/\\\/linmot.com\\\/es\\\/seguir-a-linmot\\\/\"]}]},{\"@type\":\"ImageObject\",\"inLanguage\":\"es\",\"@id\":\"https:\\\/\\\/linmot.com\\\/es\\\/seguir-a-linmot\\\/#primaryimage\",\"url\":\"https:\\\/\\\/linmot.com\\\/de\\\/wp-content\\\/uploads\\\/sites\\\/2\\\/2022\\\/05\\\/LinkedIn-Logo.jpg\",\"contentUrl\":\"https:\\\/\\\/linmot.com\\\/de\\\/wp-content\\\/uploads\\\/sites\\\/2\\\/2022\\\/05\\\/LinkedIn-Logo.jpg\"},{\"@type\":\"BreadcrumbList\",\"@id\":\"https:\\\/\\\/linmot.com\\\/es\\\/seguir-a-linmot\\\/#breadcrumb\",\"itemListElement\":[{\"@type\":\"ListItem\",\"position\":1,\"name\":\"Home\",\"item\":\"https:\\\/\\\/linmot.com\\\/es\\\/\"},{\"@type\":\"ListItem\",\"position\":2,\"name\":\"Seguir a LinMot\"}]},{\"@type\":\"WebSite\",\"@id\":\"https:\\\/\\\/linmot.com\\\/es\\\/#website\",\"url\":\"https:\\\/\\\/linmot.com\\\/es\\\/\",\"name\":\"LinMot &amp; MagSpring - Espa\u00f1ol\",\"description\":\"Motores lineales y sistemas de motores lineales de alta calidad\",\"publisher\":{\"@id\":\"https:\\\/\\\/linmot.com\\\/es\\\/#organization\"},\"potentialAction\":[{\"@type\":\"SearchAction\",\"target\":{\"@type\":\"EntryPoint\",\"urlTemplate\":\"https:\\\/\\\/linmot.com\\\/es\\\/?s={search_term_string}\"},\"query-input\":{\"@type\":\"PropertyValueSpecification\",\"valueRequired\":true,\"valueName\":\"search_term_string\"}}],\"inLanguage\":\"es\"},{\"@type\":\"Organization\",\"@id\":\"https:\\\/\\\/linmot.com\\\/es\\\/#organization\",\"name\":\"NTI AG - LinMot & MagSpring\",\"url\":\"https:\\\/\\\/linmot.com\\\/es\\\/\",\"logo\":{\"@type\":\"ImageObject\",\"inLanguage\":\"es\",\"@id\":\"https:\\\/\\\/linmot.com\\\/es\\\/#\\\/schema\\\/logo\\\/image\\\/\",\"url\":\"https:\\\/\\\/linmot.com\\\/es\\\/wp-content\\\/uploads\\\/sites\\\/5\\\/2022\\\/05\\\/linmot-social-share-logo.jpg\",\"contentUrl\":\"https:\\\/\\\/linmot.com\\\/es\\\/wp-content\\\/uploads\\\/sites\\\/5\\\/2022\\\/05\\\/linmot-social-share-logo.jpg\",\"width\":800,\"height\":500,\"caption\":\"NTI AG - LinMot & MagSpring\"},\"image\":{\"@id\":\"https:\\\/\\\/linmot.com\\\/es\\\/#\\\/schema\\\/logo\\\/image\\\/\"},\"sameAs\":[\"https:\\\/\\\/www.linkedin.com\\\/company\\\/nti-ag-linmot-magspring\",\"https:\\\/\\\/www.youtube.com\\\/user\\\/LinMotEurope\"]}]}<\/script>\n<!-- \/ Yoast SEO Premium plugin. -->","yoast_head_json":{"title":"Seguir a LinMot - LinMot &amp; MagSpring - Espa\u00f1ol","description":"En esta p\u00e1gina le mostramos en qu\u00e9 plataformas y canales se comunican las noticias de LinMot. \u00a1S\u00edganos!","robots":{"index":"noindex","follow":"follow"},"og_locale":"es_ES","og_type":"article","og_title":"Seguir a LinMot","og_description":"En esta p\u00e1gina le mostramos en qu\u00e9 plataformas y canales se comunican las noticias de LinMot. \u00a1S\u00edganos!","og_url":"https:\/\/linmot.com\/es\/seguir-a-linmot\/","og_site_name":"LinMot &amp; MagSpring - Espa\u00f1ol","article_modified_time":"2024-10-30T08:28:48+00:00","og_image":[{"width":800,"height":500,"url":"https:\/\/linmot.com\/es\/wp-content\/uploads\/sites\/5\/2022\/05\/linmot-social-share-logo.jpg","type":"image\/jpeg"}],"twitter_card":"summary_large_image","twitter_misc":{"Tiempo de lectura":"1 minuto"},"schema":{"@context":"https:\/\/schema.org","@graph":[{"@type":"WebPage","@id":"https:\/\/linmot.com\/es\/seguir-a-linmot\/","url":"https:\/\/linmot.com\/es\/seguir-a-linmot\/","name":"Seguir a LinMot - LinMot &amp; MagSpring - Espa\u00f1ol","isPartOf":{"@id":"https:\/\/linmot.com\/es\/#website"},"primaryImageOfPage":{"@id":"https:\/\/linmot.com\/es\/seguir-a-linmot\/#primaryimage"},"image":{"@id":"https:\/\/linmot.com\/es\/seguir-a-linmot\/#primaryimage"},"thumbnailUrl":"https:\/\/linmot.com\/de\/wp-content\/uploads\/sites\/2\/2022\/05\/LinkedIn-Logo.jpg","datePublished":"2022-05-25T09:20:28+00:00","dateModified":"2024-10-30T08:28:48+00:00","description":"En esta p\u00e1gina le mostramos en qu\u00e9 plataformas y canales se comunican las noticias de LinMot. \u00a1S\u00edganos!","breadcrumb":{"@id":"https:\/\/linmot.com\/es\/seguir-a-linmot\/#breadcrumb"},"inLanguage":"es","potentialAction":[{"@type":"ReadAction","target":["https:\/\/linmot.com\/es\/seguir-a-linmot\/"]}]},{"@type":"ImageObject","inLanguage":"es","@id":"https:\/\/linmot.com\/es\/seguir-a-linmot\/#primaryimage","url":"https:\/\/linmot.com\/de\/wp-content\/uploads\/sites\/2\/2022\/05\/LinkedIn-Logo.jpg","contentUrl":"https:\/\/linmot.com\/de\/wp-content\/uploads\/sites\/2\/2022\/05\/LinkedIn-Logo.jpg"},{"@type":"BreadcrumbList","@id":"https:\/\/linmot.com\/es\/seguir-a-linmot\/#breadcrumb","itemListElement":[{"@type":"ListItem","position":1,"name":"Home","item":"https:\/\/linmot.com\/es\/"},{"@type":"ListItem","position":2,"name":"Seguir a LinMot"}]},{"@type":"WebSite","@id":"https:\/\/linmot.com\/es\/#website","url":"https:\/\/linmot.com\/es\/","name":"LinMot &amp; MagSpring - Espa\u00f1ol","description":"Motores lineales y sistemas de motores lineales de alta calidad","publisher":{"@id":"https:\/\/linmot.com\/es\/#organization"},"potentialAction":[{"@type":"SearchAction","target":{"@type":"EntryPoint","urlTemplate":"https:\/\/linmot.com\/es\/?s={search_term_string}"},"query-input":{"@type":"PropertyValueSpecification","valueRequired":true,"valueName":"search_term_string"}}],"inLanguage":"es"},{"@type":"Organization","@id":"https:\/\/linmot.com\/es\/#organization","name":"NTI AG - LinMot & MagSpring","url":"https:\/\/linmot.com\/es\/","logo":{"@type":"ImageObject","inLanguage":"es","@id":"https:\/\/linmot.com\/es\/#\/schema\/logo\/image\/","url":"https:\/\/linmot.com\/es\/wp-content\/uploads\/sites\/5\/2022\/05\/linmot-social-share-logo.jpg","contentUrl":"https:\/\/linmot.com\/es\/wp-content\/uploads\/sites\/5\/2022\/05\/linmot-social-share-logo.jpg","width":800,"height":500,"caption":"NTI AG - LinMot & MagSpring"},"image":{"@id":"https:\/\/linmot.com\/es\/#\/schema\/logo\/image\/"},"sameAs":["https:\/\/www.linkedin.com\/company\/nti-ag-linmot-magspring","https:\/\/www.youtube.com\/user\/LinMotEurope"]}]}},"_links":{"self":[{"href":"https:\/\/linmot.com\/es\/wp-json\/wp\/v2\/pages\/2410","targetHints":{"allow":["GET"]}}],"collection":[{"href":"https:\/\/linmot.com\/es\/wp-json\/wp\/v2\/pages"}],"about":[{"href":"https:\/\/linmot.com\/es\/wp-json\/wp\/v2\/types\/page"}],"author":[{"embeddable":true,"href":"https:\/\/linmot.com\/es\/wp-json\/wp\/v2\/users\/9"}],"replies":[{"embeddable":true,"href":"https:\/\/linmot.com\/es\/wp-json\/wp\/v2\/comments?post=2410"}],"version-history":[{"count":7,"href":"https:\/\/linmot.com\/es\/wp-json\/wp\/v2\/pages\/2410\/revisions"}],"predecessor-version":[{"id":3566,"href":"https:\/\/linmot.com\/es\/wp-json\/wp\/v2\/pages\/2410\/revisions\/3566"}],"wp:attachment":[{"href":"https:\/\/linmot.com\/es\/wp-json\/wp\/v2\/media?parent=2410"}],"curies":[{"name":"wp","href":"https:\/\/api.w.org\/{rel}","templated":true}]}}