{"id":2343,"date":"2022-04-21T15:08:12","date_gmt":"2022-04-21T15:08:12","guid":{"rendered":"https:\/\/linmot.com\/es\/?page_id=2343"},"modified":"2024-05-08T12:05:19","modified_gmt":"2024-05-08T12:05:19","slug":"aplicaciones-informes","status":"publish","type":"page","link":"https:\/\/linmot.com\/es\/soluciones-industriales\/aplicaciones-informes\/","title":{"rendered":"Aplicaciones &#8211; Informes"},"content":{"rendered":"<div class=\"row download\">\n<div class=\"col-md-4\">\n<h4 class=\"download-title\">Motores Lineales Est\u00e1ndar<\/h4>\n<p class=\"bodytext\">Lindos envoltorios<\/p>\n<\/div>\n<div class=\"col-md-8\">\n<div class=\"download-box\"><a href=\"https:\/\/linmot.com\/wp-content\/uploads\/2022\/04\/Application_report_pretty_wrappings_EN.pdf\" target=\"_blank\" rel=\"noopener noreferrer\"><span class=\"name\">ENG<\/span><span class=\"size\">3.5 MB<\/span><\/a><\/div>\n<\/div>\n<div class=\"col-md-4\">\n<p class=\"bodytext\">A las estrellas y m\u00e1s all\u00e1<\/p>\n<\/div>\n<div class=\"col-md-4\">\n<div class=\"download-box\"><a href=\"https:\/\/linmot.com\/wp-content\/uploads\/2022\/04\/Application_report_To_the_stars_and_beyond_EN.pdf\" target=\"_blank\" rel=\"noopener noreferrer\"><span class=\"name\">ENG<\/span><span class=\"size\">3.8 MB<\/span><\/a><\/div>\n<\/div>\n<div class=\"col-md-4\">\n<div class=\"download-box\"><a href=\"\/es\/blog\/hasta-las-estrellas-y-mas-alla-las-maquinas-llenadoras-y-selladoras-de-zellwag-ag\/\" rel=\"noopener noreferrer\"><span class=\"name\">A la entrada del blog<\/span>en espa\u00f1ol<\/a><\/div>\n<\/div>\n<div class=\"col-md-4\">\n<p class=\"bodytext\">Pick &amp; Place con tecnolog\u00eda de accionamiento directo<\/p>\n<\/div>\n<div class=\"col-md-4\">\n<div class=\"download-box\"><a href=\"https:\/\/linmot.com\/wp-content\/uploads\/2022\/04\/Application_report_pick_place_EN.pdf\" target=\"_blank\" rel=\"noopener noreferrer\"><span class=\"name\">ENG<\/span><span class=\"size\">3.1 MB<\/span><\/a><\/div>\n<\/div>\n<div class=\"col-md-4\">\n<div class=\"download-box\"><a href=\"\/es\/blog\/pickplace-con-tecnologia-de-accionamiento-directo\/\" rel=\"noopener noreferrer\"><span class=\"name\">A la entrada del blog<\/span>en espa\u00f1ol<\/a><\/div>\n<\/div>\n<div class=\"col-md-4\">\n<p class=\"bodytext\">A toda velocidad con LinMot<\/p>\n<\/div>\n<div class=\"col-md-8\">\n<div class=\"download-box\"><a href=\"https:\/\/linmot.com\/wp-content\/uploads\/2022\/04\/Application_report_Full_speed_with_LinMot_ENG.pdf\" target=\"_blank\" rel=\"noopener noreferrer\"><span class=\"name\">ENG<\/span><span class=\"size\">3.2 MB<\/span><\/a><\/div>\n<\/div>\n<div class=\"col-md-4\">\n<p class=\"bodytext\">COVID-19: Motor lineal como pulm\u00f3n artificial para pruebas con mascarilla<\/p>\n<\/div>\n<div class=\"col-md-4\">\n<div class=\"download-box\"><a href=\"https:\/\/linmot.com\/wp-content\/uploads\/2022\/09\/kuenstliche_lunge_en.pdf\" target=\"_blank\" rel=\"noopener noreferrer\"><span class=\"name\">ENG<\/span><span class=\"size\">2.0 MB<\/span><\/a><\/div>\n<\/div>\n<div class=\"col-md-4\">\n<div class=\"download-box\"><a href=\"\/es\/blog\/covid-19-motor-lineal-como-pulmon-artificial-para-pruebas-con-mascarilla\/\" rel=\"noopener noreferrer\"><span class=\"name\">A la entrada del blog<\/span>en espa\u00f1ol<\/a><\/div>\n<\/div>\n<div class=\"col-md-4\">\n<p class=\"bodytext\">El futuro de los embalajes para env\u00edos<\/p>\n<\/div>\n<div class=\"col-md-8\">\n<div class=\"download-box\"><a href=\"\/es\/blog\/el-futuro-de-los-embalajes-para-envios\/\" rel=\"noopener noreferrer\"><span class=\"name\">A la entrada del blog<\/span>en espa\u00f1ol<\/a><\/div>\n<\/div>\n<div class=\"col-md-4\">\n<p class=\"bodytext\">La lucha contra la falsificaci\u00f3n de medicamentos \u2013 Impulsada por LinMot<\/p>\n<\/div>\n<div class=\"col-md-4\">\n<div class=\"download-box\"><a href=\"https:\/\/linmot.com\/wp-content\/uploads\/2022\/09\/kampf_gegen_medikamentenfaelschung-hicof_e.pdf\" target=\"_blank\" rel=\"noopener noreferrer\"><span class=\"name\">ENG<\/span><span class=\"size\">2.0 MB<\/span><\/a><\/div>\n<\/div>\n<div class=\"col-md-4\">\n<div class=\"download-box\"><a href=\"\/es\/blog\/la-lucha-contra-la-falsificacion-de-medicamentos\/\" rel=\"noopener noreferrer\"><span class=\"name\">A la entrada del blogpost<\/span>en espa\u00f1ol<\/a><\/div>\n<\/div>\n<\/div>\n<div class=\"row download\">\n<div class=\"col-md-4\">\n<h4 class=\"download-title\">Motores cortos<\/h4>\n<p class=\"bodytext\">Los motores lineales permiten que las pinzas de los robots den un salto innovador<\/p>\n<\/div>\n<div class=\"col-md-8\">\n<div class=\"download-box\"><a href=\"https:\/\/linmot.com\/wp-content\/uploads\/2022\/04\/Application_report_Robot_gripper_EN.pdf\" target=\"_blank\" rel=\"noopener noreferrer\"><span class=\"name\">ENG<\/span><span class=\"size\">2.1 MB<\/span><\/a><\/div>\n<\/div>\n<\/div>\n<div class=\"row download\">\n<div class=\"col-md-4\">\n<h4 class=\"download-title\">Motores Lineales 3&#215;400 VAC<\/h4>\n<p class=\"bodytext\">Lo \u00faltimo en tecnolog\u00eda de accionamiento<\/p>\n<\/div>\n<div class=\"col-md-4\">\n<div class=\"download-box\"><a href=\"https:\/\/linmot.com\/wp-content\/uploads\/2022\/04\/Application_report_Ultimate_drive_technology_Chocolat_Frey_EN.pdf\" target=\"_blank\" rel=\"noopener noreferrer\"><span class=\"name\">ENG<\/span><span class=\"size\">3.1 MB<\/span><\/a><\/div>\n<\/div>\n<div class=\"col-md-4\">\n<div class=\"download-box\"><a href=\"\/es\/blog\/pliegues-decorativos\/\" rel=\"noopener noreferrer\"><span class=\"name\">A la entrada del blog<\/span>en espa\u00f1ol<\/a><\/div>\n<\/div>\n<\/div>\n<div class=\"row download\">\n<div class=\"col-md-4\">\n<h4 class=\"download-title\">Motores de acero inoxidable<\/h4>\n<p class=\"bodytext\">Los motores lineales INOX ayudan a mantener la salud de los peces de cultivo<\/p>\n<\/div>\n<div class=\"col-md-4\">\n<div class=\"download-box\"><a href=\"https:\/\/linmot.com\/wp-content\/uploads\/2022\/04\/Application_report_fish_vaccination_EN.pdf\" target=\"_blank\" rel=\"noopener noreferrer\"><span class=\"name\">ENG<\/span><span class=\"size\">5.8 MB<\/span><\/a><\/div>\n<\/div>\n<div class=\"col-md-4\">\n<div class=\"download-box\"><a href=\"\/es\/blog\/los-motores-lineales-inox-garantizan-la-salud-de-los-peces-de-piscifactoria\/\" rel=\"noopener noreferrer\"><span class=\"name\">A la entrada del blog<\/span>en espa\u00f1ol<\/a><\/div>\n<\/div>\n<div class=\"col-md-4\">\n<p class=\"bodytext\">Llenado r\u00e1pido y flexible<\/p>\n<\/div>\n<div class=\"col-md-4\">\n<div class=\"download-box\"><a href=\"https:\/\/linmot.com\/wp-content\/uploads\/2022\/04\/Application_report_LinMot_Toelke_filling_EN.pdf\" target=\"_blank\" rel=\"noopener noreferrer\"><span class=\"name\">ENG<\/span><span class=\"size\">5.0 MB<\/span><\/a><\/div>\n<\/div>\n<div class=\"col-md-4\">\n<div class=\"download-box\"><a href=\"\/es\/blog\/llenado-flexible-y-rapido\/\" rel=\"noopener noreferrer\"><span class=\"name\">A la entrada del blog<\/span>en espa\u00f1ol<\/a><\/div>\n<\/div>\n<div class=\"col-md-4\">\n<p class=\"bodytext\">Separar un manjar: Desv\u00edo de valiosas piezas de pescado con motores lineales<\/p>\n<\/div>\n<div class=\"col-md-4\">\n<div class=\"download-box\"><a href=\"https:\/\/linmot.com\/wp-content\/uploads\/2022\/09\/das_trennen_einer_delikatesse_valka_e.pdf\" target=\"_blank\" rel=\"noopener noreferrer\"><span class=\"name\">ENG<\/span><span class=\"size\">4.0 MB<\/span><\/a><\/div>\n<\/div>\n<div class=\"col-md-4\">\n<div class=\"download-box\"><a href=\"\/es\/blog\/separar-un-manjar-desvio-de-valiosas-piezas-de-pescado-con-motores-lineales\/\" rel=\"noopener noreferrer\"><span class=\"name\">A la entrada del blog<\/span>en espa\u00f1ol<\/a><\/div>\n<\/div>\n<div class=\"col-md-4\">\n<p class=\"bodytext\">M\u00e1s que una simple formalidad: cortadora vertical para productos c\u00e1rnicos cocidos<\/p>\n<\/div>\n<div class=\"col-md-4\">\n<div class=\"download-box\"><a href=\"https:\/\/linmot.com\/wp-content\/uploads\/2022\/09\/mehr_als_reine_formsache-food_technology-en.pdf\" target=\"_blank\" rel=\"noopener noreferrer\"><span class=\"name\">ENG<\/span><span class=\"size\">3.0 MB<\/span><\/a><\/div>\n<\/div>\n<div class=\"col-md-4\">\n<div class=\"download-box\"><a href=\"\/es\/blog\/mas-que-una-simple-formalidad-cortadora-vertical-para-productos-carnicos-cocidos\/\" rel=\"noopener noreferrer\"><span class=\"name\">A la entrada del blog<\/span>en espa\u00f1ol<\/a><\/div>\n<\/div>\n<\/div>\n<div class=\"row download\">\n<div class=\"col-md-4\">\n<h4 class=\"download-title\">Motores roto-lineales<\/h4>\n<p class=\"bodytext\">El giro del cierre<\/p>\n<\/div>\n<div class=\"col-md-4\">\n<div class=\"download-box\"><a href=\"https:\/\/linmot.com\/wp-content\/uploads\/2022\/04\/Application_report_LinMot_Toelke_Closure_EN.pdf\" target=\"_blank\" rel=\"noopener noreferrer\"><span class=\"name\">ENG<\/span><span class=\"size\">2.7 MB<\/span><\/a><\/div>\n<\/div>\n<div class=\"col-md-4\">\n<div class=\"download-box\"><a href=\"\/es\/blog\/el-giro-con-el-obturador\/\" rel=\"noopener noreferrer\"><span class=\"name\">A la entrada del blog<\/span>en espa\u00f1ol<\/a><\/div>\n<\/div>\n<div class=\"col-md-4\">\n<p class=\"bodytext\">En l\u00ednea con la industria 4.0<\/p>\n<\/div>\n<div class=\"col-md-4\">\n<div class=\"download-box\"><a href=\"https:\/\/linmot.com\/wp-content\/uploads\/2022\/09\/in_line_with_industry_4_0_optima_e.pdf\" target=\"_blank\" rel=\"noopener noreferrer\"><span class=\"name\">ENG<\/span><span class=\"size\">3.0 MB<\/span><\/a><\/div>\n<\/div>\n<div class=\"col-md-4\">\n<div class=\"download-box\"><a href=\"\/es\/blog\/en-linea-con-la-industria-4-0\/\" rel=\"noopener noreferrer\"><span class=\"name\">A la entrada del blog<\/span>en espa\u00f1ol<\/a><\/div>\n<\/div>\n<div class=\"col-md-4\">\n<p class=\"bodytext\">La soluci\u00f3n para la leche: motores rotolineales de LinMot y cierres Wing-Cap<\/p>\n<\/div>\n<div class=\"col-md-8\">\n<div class=\"download-box\"><a href=\"\/es\/blog\/la-solucion-para-la-leche-motores-rotolineales-de-linmot-y-cierres-wing-cap\/\" rel=\"noopener noreferrer\"><span class=\"name\">A la entrada del blog<\/span>en espa\u00f1ol<\/a><\/div>\n<\/div>\n<div class=\"col-md-4\">\n<p class=\"bodytext\">Sistemas LinMot en m\u00e1quinas farmac\u00e9uticas de AFAQ<\/p>\n<\/div>\n<div class=\"col-md-4\">\n<div class=\"download-box\"><a href=\"https:\/\/linmot.com\/wp-content\/uploads\/2022\/09\/afaq_application-report_en.pdf\" target=\"_blank\" rel=\"noopener noreferrer\"><span class=\"name\">ENG<\/span><span class=\"size\">2.0 MB<\/span><\/a><\/div>\n<\/div>\n<div class=\"col-md-4\">\n<div class=\"download-box\"><a href=\"\/es\/blog\/sistemas-linmot-en-maquinas-farmaceuticas-de-afaq\/\" rel=\"noopener noreferrer\"><span class=\"name\">A la entrada del blog<\/span>en espa\u00f1ol<\/a><\/div>\n<\/div>\n<\/div>\n<div class=\"row download\">\n<div class=\"col-md-4\">\n<h4 class=\"download-title\">Motores roto-lineales PR02<\/h4>\n<p class=\"bodytext\">Con seguridad bajo llave con motores rotolineales<\/p>\n<\/div>\n<div class=\"col-md-4\">\n<div class=\"download-box\"><a href=\"https:\/\/linmot.com\/wp-content\/uploads\/2022\/04\/Application_report_safely_closed_EN.pdf\" target=\"_blank\" rel=\"noopener noreferrer\"><span class=\"name\">ENG<\/span><span class=\"size\">2.0 MB<\/span><\/a><\/div>\n<\/div>\n<div class=\"col-md-4\">\n<div class=\"download-box\"><a href=\"\/es\/blog\/con-seguridad-bajo-llave-con-motores-rotolineales\/\" rel=\"noopener noreferrer\"><span class=\"name\">A la entrada del blog<\/span>en espa\u00f1ol<\/a><\/div>\n<\/div>\n<div class=\"col-md-4\">\n<p class=\"bodytext\">Gardena se adentra en el futuro del agua gracias a LinMot<\/p>\n<\/div>\n<div class=\"col-md-8\">\n<div class=\"download-box\"><a href=\"\/es\/blog\/gardena-se-adentra-en-el-futuro-del-agua-gracias-a-linmot\/\" rel=\"noopener noreferrer\"><span class=\"name\">A la entrada del blog<\/span>en espa\u00f1ol<\/a><\/div>\n<\/div>\n<\/div>\n<div class=\"row download\">\n<div class=\"col-md-4\">\n<h4 class=\"download-title\">MagSpring<\/h4>\n<p class=\"bodytext\">Pesos flotantes<\/p>\n<\/div>\n<div class=\"col-md-4\">\n<div class=\"download-box\"><a href=\"https:\/\/linmot.com\/wp-content\/uploads\/2022\/04\/Application_report_MagSpring_EN.pdf\" target=\"_blank\" rel=\"noopener noreferrer\"><span class=\"name\">ENG<\/span><span class=\"size\">3.3 MB<\/span><\/a><\/div>\n<\/div>\n<div class=\"col-md-4\">\n<div class=\"download-box\"><a href=\"\/es\/blog\/hacer-flotar-las-masas-con-magspring\/\" rel=\"noopener noreferrer\"><span class=\"name\">A la entrada del blog<\/span>en espa\u00f1ol<\/a><\/div>\n<\/div>\n<\/div>\n","protected":false},"excerpt":{"rendered":"","protected":false},"author":9,"featured_media":0,"parent":8,"menu_order":31,"comment_status":"closed","ping_status":"closed","template":"","meta":{"_acf_changed":false,"footnotes":""},"class_list":["post-2343","page","type-page","status-publish","hentry"],"acf":[],"yoast_head":"<!-- This site is optimized with the Yoast SEO Premium plugin v20.9 (Yoast SEO v27.4) - https:\/\/yoast.com\/product\/yoast-seo-premium-wordpress\/ -->\n<title>Aplicaciones - Informes - LinMot &amp; MagSpring - Espa\u00f1ol<\/title>\n<meta name=\"description\" content=\"Vea un resumen de todos nuestros informes de aplicaci\u00f3n en esta p\u00e1gina. Tambi\u00e9n puede descargar los datos correspondientes.\" \/>\n<meta name=\"robots\" content=\"index, follow, max-snippet:-1, max-image-preview:large, max-video-preview:-1\" \/>\n<link rel=\"canonical\" href=\"https:\/\/linmot.com\/es\/soluciones-industriales\/aplicaciones-informes\/\" \/>\n<meta property=\"og:locale\" content=\"es_ES\" \/>\n<meta property=\"og:type\" content=\"article\" \/>\n<meta property=\"og:title\" content=\"Aplicaciones - Informes - LinMot &amp; MagSpring - Espa\u00f1ol\" \/>\n<meta property=\"og:description\" content=\"Vea un resumen de todos nuestros informes de aplicaci\u00f3n en esta p\u00e1gina. Tambi\u00e9n puede descargar los datos correspondientes.\" \/>\n<meta property=\"og:url\" content=\"https:\/\/linmot.com\/es\/soluciones-industriales\/aplicaciones-informes\/\" \/>\n<meta property=\"og:site_name\" content=\"LinMot &amp; MagSpring - Espa\u00f1ol\" \/>\n<meta property=\"article:modified_time\" content=\"2024-05-08T12:05:19+00:00\" \/>\n<meta property=\"og:image\" content=\"https:\/\/linmot.com\/es\/wp-content\/uploads\/sites\/5\/2022\/05\/linmot-social-share-logo.jpg\" \/>\n\t<meta property=\"og:image:width\" content=\"800\" \/>\n\t<meta property=\"og:image:height\" content=\"500\" \/>\n\t<meta property=\"og:image:type\" content=\"image\/jpeg\" \/>\n<meta name=\"twitter:card\" content=\"summary_large_image\" \/>\n<meta name=\"twitter:title\" content=\"Aplicaciones - Informes - LinMot &amp; MagSpring - Espa\u00f1ol\" \/>\n<meta name=\"twitter:description\" content=\"Vea un resumen de todos nuestros informes de aplicaci\u00f3n en esta p\u00e1gina. Tambi\u00e9n puede descargar los datos correspondientes.\" \/>\n<meta name=\"twitter:label1\" content=\"Tiempo de lectura\" \/>\n\t<meta name=\"twitter:data1\" content=\"3 minutos\" \/>\n<script type=\"application\/ld+json\" class=\"yoast-schema-graph\">{\"@context\":\"https:\\\/\\\/schema.org\",\"@graph\":[{\"@type\":\"WebPage\",\"@id\":\"https:\\\/\\\/linmot.com\\\/es\\\/soluciones-industriales\\\/aplicaciones-informes\\\/\",\"url\":\"https:\\\/\\\/linmot.com\\\/es\\\/soluciones-industriales\\\/aplicaciones-informes\\\/\",\"name\":\"Aplicaciones - Informes - LinMot &amp; MagSpring - Espa\u00f1ol\",\"isPartOf\":{\"@id\":\"https:\\\/\\\/linmot.com\\\/es\\\/#website\"},\"datePublished\":\"2022-04-21T15:08:12+00:00\",\"dateModified\":\"2024-05-08T12:05:19+00:00\",\"description\":\"Vea un resumen de todos nuestros informes de aplicaci\u00f3n en esta p\u00e1gina. Tambi\u00e9n puede descargar los datos correspondientes.\",\"breadcrumb\":{\"@id\":\"https:\\\/\\\/linmot.com\\\/es\\\/soluciones-industriales\\\/aplicaciones-informes\\\/#breadcrumb\"},\"inLanguage\":\"es\",\"potentialAction\":[{\"@type\":\"ReadAction\",\"target\":[\"https:\\\/\\\/linmot.com\\\/es\\\/soluciones-industriales\\\/aplicaciones-informes\\\/\"]}]},{\"@type\":\"BreadcrumbList\",\"@id\":\"https:\\\/\\\/linmot.com\\\/es\\\/soluciones-industriales\\\/aplicaciones-informes\\\/#breadcrumb\",\"itemListElement\":[{\"@type\":\"ListItem\",\"position\":1,\"name\":\"Home\",\"item\":\"https:\\\/\\\/linmot.com\\\/es\\\/\"},{\"@type\":\"ListItem\",\"position\":2,\"name\":\"Soluciones industriales\",\"item\":\"https:\\\/\\\/linmot.com\\\/es\\\/soluciones-industriales\\\/\"},{\"@type\":\"ListItem\",\"position\":3,\"name\":\"Aplicaciones &#8211; Informes\"}]},{\"@type\":\"WebSite\",\"@id\":\"https:\\\/\\\/linmot.com\\\/es\\\/#website\",\"url\":\"https:\\\/\\\/linmot.com\\\/es\\\/\",\"name\":\"LinMot &amp; MagSpring - Espa\u00f1ol\",\"description\":\"Motores lineales y sistemas de motores lineales de alta calidad\",\"publisher\":{\"@id\":\"https:\\\/\\\/linmot.com\\\/es\\\/#organization\"},\"potentialAction\":[{\"@type\":\"SearchAction\",\"target\":{\"@type\":\"EntryPoint\",\"urlTemplate\":\"https:\\\/\\\/linmot.com\\\/es\\\/?s={search_term_string}\"},\"query-input\":{\"@type\":\"PropertyValueSpecification\",\"valueRequired\":true,\"valueName\":\"search_term_string\"}}],\"inLanguage\":\"es\"},{\"@type\":\"Organization\",\"@id\":\"https:\\\/\\\/linmot.com\\\/es\\\/#organization\",\"name\":\"NTI AG - LinMot & MagSpring\",\"url\":\"https:\\\/\\\/linmot.com\\\/es\\\/\",\"logo\":{\"@type\":\"ImageObject\",\"inLanguage\":\"es\",\"@id\":\"https:\\\/\\\/linmot.com\\\/es\\\/#\\\/schema\\\/logo\\\/image\\\/\",\"url\":\"https:\\\/\\\/linmot.com\\\/es\\\/wp-content\\\/uploads\\\/sites\\\/5\\\/2022\\\/05\\\/linmot-social-share-logo.jpg\",\"contentUrl\":\"https:\\\/\\\/linmot.com\\\/es\\\/wp-content\\\/uploads\\\/sites\\\/5\\\/2022\\\/05\\\/linmot-social-share-logo.jpg\",\"width\":800,\"height\":500,\"caption\":\"NTI AG - LinMot & MagSpring\"},\"image\":{\"@id\":\"https:\\\/\\\/linmot.com\\\/es\\\/#\\\/schema\\\/logo\\\/image\\\/\"},\"sameAs\":[\"https:\\\/\\\/www.linkedin.com\\\/company\\\/nti-ag-linmot-magspring\",\"https:\\\/\\\/www.youtube.com\\\/user\\\/LinMotEurope\"]}]}<\/script>\n<!-- \/ Yoast SEO Premium plugin. -->","yoast_head_json":{"title":"Aplicaciones - Informes - LinMot &amp; MagSpring - Espa\u00f1ol","description":"Vea un resumen de todos nuestros informes de aplicaci\u00f3n en esta p\u00e1gina. Tambi\u00e9n puede descargar los datos correspondientes.","robots":{"index":"index","follow":"follow","max-snippet":"max-snippet:-1","max-image-preview":"max-image-preview:large","max-video-preview":"max-video-preview:-1"},"canonical":"https:\/\/linmot.com\/es\/soluciones-industriales\/aplicaciones-informes\/","og_locale":"es_ES","og_type":"article","og_title":"Aplicaciones - Informes - LinMot &amp; MagSpring - Espa\u00f1ol","og_description":"Vea un resumen de todos nuestros informes de aplicaci\u00f3n en esta p\u00e1gina. Tambi\u00e9n puede descargar los datos correspondientes.","og_url":"https:\/\/linmot.com\/es\/soluciones-industriales\/aplicaciones-informes\/","og_site_name":"LinMot &amp; MagSpring - Espa\u00f1ol","article_modified_time":"2024-05-08T12:05:19+00:00","og_image":[{"width":800,"height":500,"url":"https:\/\/linmot.com\/es\/wp-content\/uploads\/sites\/5\/2022\/05\/linmot-social-share-logo.jpg","type":"image\/jpeg"}],"twitter_card":"summary_large_image","twitter_title":"Aplicaciones - Informes - LinMot &amp; MagSpring - Espa\u00f1ol","twitter_description":"Vea un resumen de todos nuestros informes de aplicaci\u00f3n en esta p\u00e1gina. Tambi\u00e9n puede descargar los datos correspondientes.","twitter_misc":{"Tiempo de lectura":"3 minutos"},"schema":{"@context":"https:\/\/schema.org","@graph":[{"@type":"WebPage","@id":"https:\/\/linmot.com\/es\/soluciones-industriales\/aplicaciones-informes\/","url":"https:\/\/linmot.com\/es\/soluciones-industriales\/aplicaciones-informes\/","name":"Aplicaciones - Informes - LinMot &amp; MagSpring - Espa\u00f1ol","isPartOf":{"@id":"https:\/\/linmot.com\/es\/#website"},"datePublished":"2022-04-21T15:08:12+00:00","dateModified":"2024-05-08T12:05:19+00:00","description":"Vea un resumen de todos nuestros informes de aplicaci\u00f3n en esta p\u00e1gina. Tambi\u00e9n puede descargar los datos correspondientes.","breadcrumb":{"@id":"https:\/\/linmot.com\/es\/soluciones-industriales\/aplicaciones-informes\/#breadcrumb"},"inLanguage":"es","potentialAction":[{"@type":"ReadAction","target":["https:\/\/linmot.com\/es\/soluciones-industriales\/aplicaciones-informes\/"]}]},{"@type":"BreadcrumbList","@id":"https:\/\/linmot.com\/es\/soluciones-industriales\/aplicaciones-informes\/#breadcrumb","itemListElement":[{"@type":"ListItem","position":1,"name":"Home","item":"https:\/\/linmot.com\/es\/"},{"@type":"ListItem","position":2,"name":"Soluciones industriales","item":"https:\/\/linmot.com\/es\/soluciones-industriales\/"},{"@type":"ListItem","position":3,"name":"Aplicaciones &#8211; Informes"}]},{"@type":"WebSite","@id":"https:\/\/linmot.com\/es\/#website","url":"https:\/\/linmot.com\/es\/","name":"LinMot &amp; MagSpring - Espa\u00f1ol","description":"Motores lineales y sistemas de motores lineales de alta calidad","publisher":{"@id":"https:\/\/linmot.com\/es\/#organization"},"potentialAction":[{"@type":"SearchAction","target":{"@type":"EntryPoint","urlTemplate":"https:\/\/linmot.com\/es\/?s={search_term_string}"},"query-input":{"@type":"PropertyValueSpecification","valueRequired":true,"valueName":"search_term_string"}}],"inLanguage":"es"},{"@type":"Organization","@id":"https:\/\/linmot.com\/es\/#organization","name":"NTI AG - LinMot & MagSpring","url":"https:\/\/linmot.com\/es\/","logo":{"@type":"ImageObject","inLanguage":"es","@id":"https:\/\/linmot.com\/es\/#\/schema\/logo\/image\/","url":"https:\/\/linmot.com\/es\/wp-content\/uploads\/sites\/5\/2022\/05\/linmot-social-share-logo.jpg","contentUrl":"https:\/\/linmot.com\/es\/wp-content\/uploads\/sites\/5\/2022\/05\/linmot-social-share-logo.jpg","width":800,"height":500,"caption":"NTI AG - LinMot & MagSpring"},"image":{"@id":"https:\/\/linmot.com\/es\/#\/schema\/logo\/image\/"},"sameAs":["https:\/\/www.linkedin.com\/company\/nti-ag-linmot-magspring","https:\/\/www.youtube.com\/user\/LinMotEurope"]}]}},"_links":{"self":[{"href":"https:\/\/linmot.com\/es\/wp-json\/wp\/v2\/pages\/2343","targetHints":{"allow":["GET"]}}],"collection":[{"href":"https:\/\/linmot.com\/es\/wp-json\/wp\/v2\/pages"}],"about":[{"href":"https:\/\/linmot.com\/es\/wp-json\/wp\/v2\/types\/page"}],"author":[{"embeddable":true,"href":"https:\/\/linmot.com\/es\/wp-json\/wp\/v2\/users\/9"}],"replies":[{"embeddable":true,"href":"https:\/\/linmot.com\/es\/wp-json\/wp\/v2\/comments?post=2343"}],"version-history":[{"count":34,"href":"https:\/\/linmot.com\/es\/wp-json\/wp\/v2\/pages\/2343\/revisions"}],"predecessor-version":[{"id":3402,"href":"https:\/\/linmot.com\/es\/wp-json\/wp\/v2\/pages\/2343\/revisions\/3402"}],"up":[{"embeddable":true,"href":"https:\/\/linmot.com\/es\/wp-json\/wp\/v2\/pages\/8"}],"wp:attachment":[{"href":"https:\/\/linmot.com\/es\/wp-json\/wp\/v2\/media?parent=2343"}],"curies":[{"name":"wp","href":"https:\/\/api.w.org\/{rel}","templated":true}]}}