{"id":2279,"date":"2022-07-13T08:11:48","date_gmt":"2022-07-13T08:11:48","guid":{"rendered":"https:\/\/linmot.com\/es\/?page_id=2279"},"modified":"2024-08-28T13:36:24","modified_gmt":"2024-08-28T13:36:24","slug":"pinza-gm01-ssc","status":"publish","type":"page","link":"https:\/\/linmot.com\/es\/productos\/motores-de-acero-inoxidable\/pinza-gm01-ssc\/","title":{"rendered":"Pinza GM01 &#8211; SSC"},"content":{"rendered":"<p align=\"justify\"><strong>La pinza el\u00e9ctrica se utiliza para sujetar y mover con precisi\u00f3n productos en entornos exigentes. Gracias a la gran flexibilidad de los ajustes, los productos secos, h\u00famedos, s\u00f3lidos o blandos pueden sujetarse y transportarse suavemente sin dejar marcas perceptibles. Con su dise\u00f1o higi\u00e9nico y su alto grado de protecci\u00f3n IP69, la pinza es f\u00e1cil de limpiar y est\u00e1 dise\u00f1ada para su uso en la industria alimentaria.<\/strong><\/p>\n<hr \/>\n<div class=\"row\">\n<div class=\"col-sm-2\">\n<p><a class=\"button\" href=\"#detalles\">1. detalles<\/a><\/p>\n<\/div>\n<div class=\"col-sm-1\">\n<\/div>\n<div class=\"col-sm-2\">\n<p><a class=\"button\" href=\"#videos\">2. v\u00eddeos<\/a><\/p>\n<\/div>\n<div class=\"col-sm-1\">\n<\/div>\n<div class=\"col-sm-2\">\n<p><a class=\"button\" href=\"#aplicacion\">3. aplicaci\u00f3n<\/a><\/p>\n<\/div>\n<div class=\"col-sm-1\">\n<\/div>\n<div class=\"col-sm-2\">\n<p><a class=\"button\" href=\"#contacto\">4. contacto<\/a><\/p>\n<\/div>\n<\/div>\n<hr \/>\n<h3 id=\"detalles\">1. detalles<\/h3>\n<img loading=\"lazy\" decoding=\"async\" class=\"aligncenter size-full wp-image-3841\" src=\"https:\/\/linmot.com\/wp-content\/uploads\/2023\/01\/gm01-motor.jpg\" alt=\"\" width=\"620\" height=\"290\" \/>\n<div class=\"row\">\n<div class=\"col-sm-4\">\n<ul>\n<li>Acero inoxidable EN 1.4404 \/ POM<\/li>\n<li>Dise\u00f1o compacto<\/li>\n<\/ul>\n<\/div>\n<div class=\"col-sm-4\">\n<ul>\n<li>Materiales ligeros (FDA)<\/li>\n<li>Seguimiento y trazabilidad del proceso al 100%<\/li>\n<\/ul>\n<\/div>\n<div class=\"col-sm-4\">\n<ul>\n<li>Alto grado de libertad para la posici\u00f3n y la fuerza de sujeci\u00f3n<\/li>\n<\/ul>\n<\/div>\n<\/div>\n<hr \/>\n<h3>Funcionalidad<\/h3>\n<p align=\"justify\">Gracias a la detecci\u00f3n de la posici\u00f3n de la pinza y al control de la fuerza de sujeci\u00f3n, incluso los productos irregulares se pueden sujetar de forma fiable. Gracias al gran n\u00famero de opciones de control, es posible detectar \u00absobre la marcha\u00bb los fallos de agarre o incluso las piezas defectuosas y solucionarlos. La pinza inteligente GM01 incluye una amplia gama de opciones de supervisi\u00f3n, indispensables para aplicaciones con un alto grado de automatizaci\u00f3n.<\/p>\n<div class=\"row\">\n<div class=\"col-sm-8\">\n<ul>\n<li>Tiempos de apertura y cierre constantes con una din\u00e1mica extremadamente alta para grandes capacidades<\/li>\n<li>Alta fiabilidad de sujeci\u00f3n para productos uniformes y no uniformes<\/li>\n<li>Utilizaci\u00f3n en industrias con altas exigencias como la farmac\u00e9utica, la alimentaria y la de automatizaci\u00f3n<\/li>\n<li>Alta fiabilidad del proceso mediante la supervisi\u00f3n de datos como la presi\u00f3n de la prensa, la distancia, la temperatura y la utilizaci\u00f3n<\/li>\n<li>\u00abWashdown safe\u00bb para cumplir con las directrices de limpieza de la producci\u00f3n<\/li>\n<li>F\u00e1cil integraci\u00f3n y adaptaci\u00f3n a los distintos formatos de producci\u00f3n y envasado.<\/li>\n<\/ul>\n<p><a class=\"btn btn-active\" href=\"https:\/\/shop.linmot.com\/E\/gripper.htm\" target=\"_blank\" rel=\"noopener noreferrer\">A los detalles en el cat\u00e1logo electr\u00f3nico (ingl\u00e9s)<\/a><\/p>\n<\/div>\n<div class=\"col-sm-4\">\n<p>&nbsp;<\/p>\n<img loading=\"lazy\" decoding=\"async\" class=\"alignnone size-full wp-image-2473\" src=\"https:\/\/linmot.com\/de\/wp-content\/uploads\/sites\/2\/2022\/03\/linmot-greifer-small-gm01.jpg\" alt=\"\" width=\"205\" height=\"161\" \/>\n<\/div>\n<\/div>\n<hr \/>\n<div class=\"row\">\n<div class=\"col-sm-8\">\n<h3>Aplicaci\u00f3n<\/h3>\n<p align=\"justify\">La pinza paralela GM01 es un elemento m\u00e1s de la l\u00ednea de acero inoxidable de LinMot gracias a su sencillo acoplamiento y a la estandarizaci\u00f3n de los materiales. En combinaci\u00f3n con la gu\u00eda SM01, se puede realizar una aplicaci\u00f3n completa de pick and place en acero inoxidable EN 1.4404. Una combinaci\u00f3n extremadamente resistente a los productos qu\u00edmicos y con una enorme vida \u00fatil, incluso en condiciones dif\u00edciles.<\/p>\n<p><a class=\"btn btn-active\" href=\"\/es\/productos\/guias-lineales-modulo-lineal\/modulos-lineales-de-acero-inoxidable-sm01-sm02\/\" target=\"_blank\" rel=\"noopener noreferrer\">M\u00e1s informaci\u00f3n sobre los m\u00f3dulos SM01<\/a><\/p>\n<\/div>\n<div class=\"col-sm-4\">\n<p>&nbsp;<\/p>\n<img loading=\"lazy\" decoding=\"async\" class=\"alignnone size-full wp-image-2473\" src=\"https:\/\/linmot.com\/es\/wp-content\/uploads\/sites\/5\/2022\/07\/greifer-gm01-functionalitaet.jpg\" alt=\"\" width=\"272\" height=\"267\" \/>\n<\/div>\n<\/div>\n<hr \/>\n<h3 id=\"videos\">2. v\u00eddeos<\/h3>\n<div class=\"row download\">\n<div class=\"col-md-6\">\n<h4 class=\"download-title\">Demostraci\u00f3n de productos de acero inoxidable (motores INOX)<\/h4>\n<p class=\"bodytext\" align=\"justify\">Nuestros productos resistentes a la corrosi\u00f3n e higi\u00e9nicos permiten una automatizaci\u00f3n higi\u00e9nica y est\u00e9ril cerca del proceso. Adem\u00e1s, la limpieza es r\u00e1pida y sencilla gracias al dise\u00f1o abierto de la m\u00e1quina y extremadamente fiable gracias al grado de protecci\u00f3n IP69, incluso con frecuentes limpiezas a alta presi\u00f3n y temperatura. Adem\u00e1s, vea la \u00abPinza GM01\u00bb en acci\u00f3n.<\/p>\n<\/div>\n<div class=\"col-md-1\">\n<\/div>\n<div class=\"col-md-5\">\n<div class=\"brlbs-cmpnt-container brlbs-cmpnt-content-blocker brlbs-cmpnt-with-individual-styles\" data-borlabs-cookie-content-blocker-id=\"default\" data-borlabs-cookie-content=\"PGlmcmFtZSB0aXRsZT0iWW91VHViZSB2aWRlbyBwbGF5ZXIiIHNyYz0iaHR0cHM6Ly93d3cueW91dHViZS5jb20vZW1iZWQvdHZLZ1duZkFYWjQ\/c3RhcnQ9MzQiIHdpZHRoPSIzOTQiIGhlaWdodD0iMjIwIiBmcmFtZWJvcmRlcj0iMCIgYWxsb3dmdWxsc2NyZWVuPSJhbGxvd2Z1bGxzY3JlZW4iPjwvaWZyYW1lPg==\">\n<div class=\"brlbs-cmpnt-cb-preset-a\">\n<p class=\"brlbs-cmpnt-cb-description\">Est\u00e1s viendo un contenido de marcador de posici\u00f3n de <strong>Predeterminado<\/strong>. Para acceder al contenido real, haz clic en el siguiente bot\u00f3n. Ten en cuenta que al hacerlo compartir\u00e1s datos con terceros proveedores.<\/p>\n<div class=\"brlbs-cmpnt-cb-buttons\"> <a class=\"brlbs-cmpnt-cb-btn\" href=\"#\" data-borlabs-cookie-unblock role=\"button\">Desbloquear contenido<\/a> <a class=\"brlbs-cmpnt-cb-btn\" href=\"#\" data-borlabs-cookie-accept-service role=\"button\" style=\"display: none\">Aceptar el servicio requerido y desbloquear el contenido<\/a> <\/div>\n<p> <a class=\"brlbs-cmpnt-cb-provider-toggle\" href=\"#\" data-borlabs-cookie-show-provider-information role=\"button\">M\u00e1s informaci\u00f3n<\/a> <\/div>\n<\/div>\n<\/div>\n<\/div>\n<h3 id=\"aplicacion\">3. Informe de aplicaci\u00f3n<\/h3>\n<div class=\"row download\">\n<div class=\"col-md-3\">\n<h4 class=\"download-title\">Una forma m\u00e1s ecol\u00f3gica de alimentar sus aplicaciones de movimiento lineal<\/h4>\n<p class=\"bodytext\" align=\"justify\">A medida que la implementaci\u00f3n generalizada de esfuerzos de sostenibilidad a nivel empresarial sigue creciendo, encontrar formas de hacer que su producci\u00f3n sea m\u00e1s respetuosa con el medio ambiente es m\u00e1s importante que nunca. Sin embargo, cuando se trata de mejorar la sostenibilidad de sus aplicaciones de movimiento, navegar por sus opciones puede ser un reto.<\/p>\n<p><a class=\"button\" href=\"\/es\/blog\/una-forma-mas-ecologica-de-alimentar-sus-aplicaciones-de-movimiento-lineal\/\">M\u00e1s informaci\u00f3n<\/a><br \/>\n<\/div>\n<div class=\"col-md-2\">\n<img loading=\"lazy\" decoding=\"async\" class=\"alignnone wp-image-3295 size-full\" src=\"https:\/\/linmot.com\/de\/wp-content\/uploads\/sites\/2\/2023\/08\/nachhaltiger-direktantrieb-vorschau.jpg\" alt=\"\" width=\"220\" height=\"220\" \/><br \/>\n<\/div>\n<div class=\"col-md-3\">\n<\/div>\n<div class=\"col-md-3\">\n<\/div>\n<\/div>\n<h3 id=\"contacto\">4. contacto<\/h3>\n<div class=\"row download\">\n<div class=\"col-md-6\">\n<h4 class=\"download-title\">\u00bfPreguntas sobre la pinza GM01?<\/h4>\n<p class=\"bodytext\">Estaremos encantados de responder a cualquier pregunta que tenga sobre los motores lineales-rotatorios.<br \/>\nP\u00f3ngase en contacto con nosotros mediante el siguiente formulario o ll\u00e1menos al:<\/p>\n<p class=\"bodytext\">Tel: +34 943 140 139<\/p>\n<\/div>\n<div class=\"col-md-1\">\n<\/div>\n<div class=\"col-md-5\">\n\n<div class=\"wpcf7 no-js\" id=\"wpcf7-f1752-o1\" lang=\"es-ES\" dir=\"ltr\" data-wpcf7-id=\"1752\">\n<div class=\"screen-reader-response\"><p role=\"status\" aria-live=\"polite\" aria-atomic=\"true\"><\/p> <ul><\/ul><\/div>\n<form action=\"\/es\/wp-json\/wp\/v2\/pages\/2279#wpcf7-f1752-o1\" method=\"post\" class=\"wpcf7-form init\" aria-label=\"Formulario de contacto\" novalidate=\"novalidate\" data-status=\"init\">\n<fieldset class=\"hidden-fields-container\"><input type=\"hidden\" name=\"_wpcf7\" value=\"1752\" \/><input type=\"hidden\" name=\"_wpcf7_version\" value=\"6.1.5\" \/><input type=\"hidden\" name=\"_wpcf7_locale\" value=\"es_ES\" \/><input type=\"hidden\" name=\"_wpcf7_unit_tag\" value=\"wpcf7-f1752-o1\" \/><input type=\"hidden\" name=\"_wpcf7_container_post\" value=\"0\" \/><input type=\"hidden\" name=\"_wpcf7_posted_data_hash\" value=\"\" \/><input type=\"hidden\" name=\"_wpcf7_recaptcha_response\" value=\"\" \/>\n<\/fieldset>\n<label> Tu nombre<br>\n    <span class=\"wpcf7-form-control-wrap\" data-name=\"your-name\"><input size=\"40\" maxlength=\"400\" class=\"wpcf7-form-control wpcf7-text wpcf7-validates-as-required\" aria-required=\"true\" aria-invalid=\"false\" value=\"\" type=\"text\" name=\"your-name\" \/><\/span> <\/label><br>\n<br>\n<label> Tu empresa<br>\n    <span class=\"wpcf7-form-control-wrap\" data-name=\"your-company\"><input size=\"40\" maxlength=\"400\" class=\"wpcf7-form-control wpcf7-text wpcf7-validates-as-required\" aria-required=\"true\" aria-invalid=\"false\" value=\"\" type=\"text\" name=\"your-company\" \/><\/span> <\/label><br>\n<br>\n<label> C\u00f3digo postal<br>\n    <span class=\"wpcf7-form-control-wrap\" data-name=\"your-plz\"><input class=\"wpcf7-form-control wpcf7-number wpcf7-validates-as-required wpcf7-validates-as-number\" aria-required=\"true\" aria-invalid=\"false\" value=\"\" type=\"number\" name=\"your-plz\" \/><\/span> <\/label>\n<br>\n<label> Pa\u00eds<br>\n    <span class=\"wpcf7-form-control-wrap\" data-name=\"your-country\"><input size=\"40\" maxlength=\"400\" class=\"wpcf7-form-control wpcf7-text wpcf7-validates-as-required\" aria-required=\"true\" aria-invalid=\"false\" value=\"\" type=\"text\" name=\"your-country\" \/><\/span> <\/label><br>\n<br>\n<label> Tu tel\u00e9fono<br>\n    <span class=\"wpcf7-form-control-wrap\" data-name=\"your-telephone\"><input size=\"40\" maxlength=\"400\" class=\"wpcf7-form-control wpcf7-tel wpcf7-validates-as-required wpcf7-text wpcf7-validates-as-tel\" aria-required=\"true\" aria-invalid=\"false\" value=\"\" type=\"tel\" name=\"your-telephone\" \/><\/span> <\/label><br>\n<br>\n<label> Tu correo electr\u00f3nico<br>\n    <span class=\"wpcf7-form-control-wrap\" data-name=\"your-email\"><input size=\"40\" maxlength=\"400\" class=\"wpcf7-form-control wpcf7-email wpcf7-validates-as-required wpcf7-text wpcf7-validates-as-email\" aria-required=\"true\" aria-invalid=\"false\" value=\"\" type=\"email\" name=\"your-email\" \/><\/span> <\/label><br>\n<br>\n<label> Asunto<br>\n    <span class=\"wpcf7-form-control-wrap\" data-name=\"your-subject\"><input size=\"40\" maxlength=\"400\" class=\"wpcf7-form-control wpcf7-text wpcf7-validates-as-required\" aria-required=\"true\" aria-invalid=\"false\" value=\"\" type=\"text\" name=\"your-subject\" \/><\/span> <\/label><br>\n<br>\n<label> Tu mensaje (opcional)<br>\n    <span class=\"wpcf7-form-control-wrap\" data-name=\"your-message\"><textarea cols=\"40\" rows=\"10\" maxlength=\"2000\" class=\"wpcf7-form-control wpcf7-textarea\" aria-invalid=\"false\" name=\"your-message\"><\/textarea><\/span> <\/label><br>\n<br>\n<input class=\"wpcf7-form-control wpcf7-submit has-spinner\" type=\"submit\" value=\"Enviar\" \/><div class=\"wpcf7-response-output\" aria-hidden=\"true\"><\/div>\n<\/form>\n<\/div>\n\n<\/div>\n<\/div>\n","protected":false},"excerpt":{"rendered":"<p>La pinza el\u00e9ctrica se utiliza para sujetar y mover con precisi\u00f3n productos en entornos exigentes. Gracias a la gran flexibilidad de los ajustes, los productos secos, h\u00famedos, s\u00f3lidos o blandos pueden sujetarse y transportarse suavemente sin dejar marcas perceptibles. Con su dise\u00f1o higi\u00e9nico y su alto grado de protecci\u00f3n IP69, la pinza es f\u00e1cil de [&hellip;]<\/p>\n","protected":false},"author":9,"featured_media":0,"parent":40,"menu_order":29,"comment_status":"closed","ping_status":"closed","template":"","meta":{"_acf_changed":false,"footnotes":""},"class_list":["post-2279","page","type-page","status-publish","hentry"],"acf":[],"yoast_head":"<!-- This site is optimized with the Yoast SEO Premium plugin v20.9 (Yoast SEO v27.2) - https:\/\/yoast.com\/product\/yoast-seo-premium-wordpress\/ -->\n<title>Pinza GM01 - SSC - LinMot &amp; MagSpring - Espa\u00f1ol<\/title>\n<meta name=\"description\" content=\"La pinza el\u00e9ctrica se utiliza para sujetar y mover con precisi\u00f3n productos en entornos exigentes.\" \/>\n<meta name=\"robots\" content=\"index, follow, max-snippet:-1, max-image-preview:large, max-video-preview:-1\" \/>\n<link rel=\"canonical\" href=\"https:\/\/linmot.com\/es\/productos\/motores-de-acero-inoxidable\/pinza-gm01-ssc\/\" \/>\n<meta property=\"og:locale\" content=\"es_ES\" \/>\n<meta property=\"og:type\" content=\"article\" \/>\n<meta property=\"og:title\" content=\"Pinza GM01 - SSC - LinMot &amp; MagSpring - Espa\u00f1ol\" \/>\n<meta property=\"og:description\" content=\"La pinza el\u00e9ctrica se utiliza para sujetar y mover con precisi\u00f3n productos en entornos exigentes.\" \/>\n<meta property=\"og:url\" content=\"https:\/\/linmot.com\/es\/productos\/motores-de-acero-inoxidable\/pinza-gm01-ssc\/\" \/>\n<meta property=\"og:site_name\" content=\"LinMot &amp; MagSpring - Espa\u00f1ol\" \/>\n<meta property=\"article:modified_time\" content=\"2024-08-28T13:36:24+00:00\" \/>\n<meta property=\"og:image\" content=\"https:\/\/linmot.com\/wp-content\/uploads\/2023\/01\/gm01-motor.jpg\" \/>\n<meta name=\"twitter:card\" content=\"summary_large_image\" \/>\n<meta name=\"twitter:title\" content=\"Pinza GM01 - SSC - LinMot &amp; MagSpring - Espa\u00f1ol\" \/>\n<meta name=\"twitter:description\" content=\"La pinza el\u00e9ctrica se utiliza para sujetar y mover con precisi\u00f3n productos en entornos exigentes.\" \/>\n<meta name=\"twitter:label1\" content=\"Tiempo de lectura\" \/>\n\t<meta name=\"twitter:data1\" content=\"4 minutos\" \/>\n<script type=\"application\/ld+json\" class=\"yoast-schema-graph\">{\"@context\":\"https:\/\/schema.org\",\"@graph\":[{\"@type\":\"WebPage\",\"@id\":\"https:\/\/linmot.com\/es\/productos\/motores-de-acero-inoxidable\/pinza-gm01-ssc\/\",\"url\":\"https:\/\/linmot.com\/es\/productos\/motores-de-acero-inoxidable\/pinza-gm01-ssc\/\",\"name\":\"Pinza GM01 - SSC - LinMot &amp; MagSpring - Espa\u00f1ol\",\"isPartOf\":{\"@id\":\"https:\/\/linmot.com\/es\/#website\"},\"primaryImageOfPage\":{\"@id\":\"https:\/\/linmot.com\/es\/productos\/motores-de-acero-inoxidable\/pinza-gm01-ssc\/#primaryimage\"},\"image\":{\"@id\":\"https:\/\/linmot.com\/es\/productos\/motores-de-acero-inoxidable\/pinza-gm01-ssc\/#primaryimage\"},\"thumbnailUrl\":\"https:\/\/linmot.com\/wp-content\/uploads\/2023\/01\/gm01-motor.jpg\",\"datePublished\":\"2022-07-13T08:11:48+00:00\",\"dateModified\":\"2024-08-28T13:36:24+00:00\",\"description\":\"La pinza el\u00e9ctrica se utiliza para sujetar y mover con precisi\u00f3n productos en entornos exigentes.\",\"breadcrumb\":{\"@id\":\"https:\/\/linmot.com\/es\/productos\/motores-de-acero-inoxidable\/pinza-gm01-ssc\/#breadcrumb\"},\"inLanguage\":\"es\",\"potentialAction\":[{\"@type\":\"ReadAction\",\"target\":[\"https:\/\/linmot.com\/es\/productos\/motores-de-acero-inoxidable\/pinza-gm01-ssc\/\"]}]},{\"@type\":\"ImageObject\",\"inLanguage\":\"es\",\"@id\":\"https:\/\/linmot.com\/es\/productos\/motores-de-acero-inoxidable\/pinza-gm01-ssc\/#primaryimage\",\"url\":\"https:\/\/linmot.com\/wp-content\/uploads\/2023\/01\/gm01-motor.jpg\",\"contentUrl\":\"https:\/\/linmot.com\/wp-content\/uploads\/2023\/01\/gm01-motor.jpg\"},{\"@type\":\"BreadcrumbList\",\"@id\":\"https:\/\/linmot.com\/es\/productos\/motores-de-acero-inoxidable\/pinza-gm01-ssc\/#breadcrumb\",\"itemListElement\":[{\"@type\":\"ListItem\",\"position\":1,\"name\":\"Home\",\"item\":\"https:\/\/linmot.com\/es\/\"},{\"@type\":\"ListItem\",\"position\":2,\"name\":\"Productos\",\"item\":\"https:\/\/linmot.com\/es\/productos\/\"},{\"@type\":\"ListItem\",\"position\":3,\"name\":\"Motores de acero inoxidable\",\"item\":\"https:\/\/linmot.com\/es\/productos\/motores-de-acero-inoxidable\/\"},{\"@type\":\"ListItem\",\"position\":4,\"name\":\"Pinza GM01 &#8211; SSC\"}]},{\"@type\":\"WebSite\",\"@id\":\"https:\/\/linmot.com\/es\/#website\",\"url\":\"https:\/\/linmot.com\/es\/\",\"name\":\"LinMot &amp; MagSpring - Espa\u00f1ol\",\"description\":\"Motores lineales y sistemas de motores lineales de alta calidad\",\"publisher\":{\"@id\":\"https:\/\/linmot.com\/es\/#organization\"},\"potentialAction\":[{\"@type\":\"SearchAction\",\"target\":{\"@type\":\"EntryPoint\",\"urlTemplate\":\"https:\/\/linmot.com\/es\/?s={search_term_string}\"},\"query-input\":{\"@type\":\"PropertyValueSpecification\",\"valueRequired\":true,\"valueName\":\"search_term_string\"}}],\"inLanguage\":\"es\"},{\"@type\":\"Organization\",\"@id\":\"https:\/\/linmot.com\/es\/#organization\",\"name\":\"NTI AG - LinMot & MagSpring\",\"url\":\"https:\/\/linmot.com\/es\/\",\"logo\":{\"@type\":\"ImageObject\",\"inLanguage\":\"es\",\"@id\":\"https:\/\/linmot.com\/es\/#\/schema\/logo\/image\/\",\"url\":\"https:\/\/linmot.com\/es\/wp-content\/uploads\/sites\/5\/2022\/05\/linmot-social-share-logo.jpg\",\"contentUrl\":\"https:\/\/linmot.com\/es\/wp-content\/uploads\/sites\/5\/2022\/05\/linmot-social-share-logo.jpg\",\"width\":800,\"height\":500,\"caption\":\"NTI AG - LinMot & MagSpring\"},\"image\":{\"@id\":\"https:\/\/linmot.com\/es\/#\/schema\/logo\/image\/\"},\"sameAs\":[\"https:\/\/www.linkedin.com\/company\/nti-ag-linmot-magspring\",\"https:\/\/www.youtube.com\/user\/LinMotEurope\"]}]}<\/script>\n<!-- \/ Yoast SEO Premium plugin. -->","yoast_head_json":{"title":"Pinza GM01 - SSC - LinMot &amp; MagSpring - Espa\u00f1ol","description":"La pinza el\u00e9ctrica se utiliza para sujetar y mover con precisi\u00f3n productos en entornos exigentes.","robots":{"index":"index","follow":"follow","max-snippet":"max-snippet:-1","max-image-preview":"max-image-preview:large","max-video-preview":"max-video-preview:-1"},"canonical":"https:\/\/linmot.com\/es\/productos\/motores-de-acero-inoxidable\/pinza-gm01-ssc\/","og_locale":"es_ES","og_type":"article","og_title":"Pinza GM01 - SSC - LinMot &amp; MagSpring - Espa\u00f1ol","og_description":"La pinza el\u00e9ctrica se utiliza para sujetar y mover con precisi\u00f3n productos en entornos exigentes.","og_url":"https:\/\/linmot.com\/es\/productos\/motores-de-acero-inoxidable\/pinza-gm01-ssc\/","og_site_name":"LinMot &amp; MagSpring - Espa\u00f1ol","article_modified_time":"2024-08-28T13:36:24+00:00","og_image":[{"url":"https:\/\/linmot.com\/wp-content\/uploads\/2023\/01\/gm01-motor.jpg","type":"","width":"","height":""}],"twitter_card":"summary_large_image","twitter_title":"Pinza GM01 - SSC - LinMot &amp; MagSpring - Espa\u00f1ol","twitter_description":"La pinza el\u00e9ctrica se utiliza para sujetar y mover con precisi\u00f3n productos en entornos exigentes.","twitter_misc":{"Tiempo de lectura":"4 minutos"},"schema":{"@context":"https:\/\/schema.org","@graph":[{"@type":"WebPage","@id":"https:\/\/linmot.com\/es\/productos\/motores-de-acero-inoxidable\/pinza-gm01-ssc\/","url":"https:\/\/linmot.com\/es\/productos\/motores-de-acero-inoxidable\/pinza-gm01-ssc\/","name":"Pinza GM01 - SSC - LinMot &amp; MagSpring - Espa\u00f1ol","isPartOf":{"@id":"https:\/\/linmot.com\/es\/#website"},"primaryImageOfPage":{"@id":"https:\/\/linmot.com\/es\/productos\/motores-de-acero-inoxidable\/pinza-gm01-ssc\/#primaryimage"},"image":{"@id":"https:\/\/linmot.com\/es\/productos\/motores-de-acero-inoxidable\/pinza-gm01-ssc\/#primaryimage"},"thumbnailUrl":"https:\/\/linmot.com\/wp-content\/uploads\/2023\/01\/gm01-motor.jpg","datePublished":"2022-07-13T08:11:48+00:00","dateModified":"2024-08-28T13:36:24+00:00","description":"La pinza el\u00e9ctrica se utiliza para sujetar y mover con precisi\u00f3n productos en entornos exigentes.","breadcrumb":{"@id":"https:\/\/linmot.com\/es\/productos\/motores-de-acero-inoxidable\/pinza-gm01-ssc\/#breadcrumb"},"inLanguage":"es","potentialAction":[{"@type":"ReadAction","target":["https:\/\/linmot.com\/es\/productos\/motores-de-acero-inoxidable\/pinza-gm01-ssc\/"]}]},{"@type":"ImageObject","inLanguage":"es","@id":"https:\/\/linmot.com\/es\/productos\/motores-de-acero-inoxidable\/pinza-gm01-ssc\/#primaryimage","url":"https:\/\/linmot.com\/wp-content\/uploads\/2023\/01\/gm01-motor.jpg","contentUrl":"https:\/\/linmot.com\/wp-content\/uploads\/2023\/01\/gm01-motor.jpg"},{"@type":"BreadcrumbList","@id":"https:\/\/linmot.com\/es\/productos\/motores-de-acero-inoxidable\/pinza-gm01-ssc\/#breadcrumb","itemListElement":[{"@type":"ListItem","position":1,"name":"Home","item":"https:\/\/linmot.com\/es\/"},{"@type":"ListItem","position":2,"name":"Productos","item":"https:\/\/linmot.com\/es\/productos\/"},{"@type":"ListItem","position":3,"name":"Motores de acero inoxidable","item":"https:\/\/linmot.com\/es\/productos\/motores-de-acero-inoxidable\/"},{"@type":"ListItem","position":4,"name":"Pinza GM01 &#8211; SSC"}]},{"@type":"WebSite","@id":"https:\/\/linmot.com\/es\/#website","url":"https:\/\/linmot.com\/es\/","name":"LinMot &amp; MagSpring - Espa\u00f1ol","description":"Motores lineales y sistemas de motores lineales de alta calidad","publisher":{"@id":"https:\/\/linmot.com\/es\/#organization"},"potentialAction":[{"@type":"SearchAction","target":{"@type":"EntryPoint","urlTemplate":"https:\/\/linmot.com\/es\/?s={search_term_string}"},"query-input":{"@type":"PropertyValueSpecification","valueRequired":true,"valueName":"search_term_string"}}],"inLanguage":"es"},{"@type":"Organization","@id":"https:\/\/linmot.com\/es\/#organization","name":"NTI AG - LinMot & MagSpring","url":"https:\/\/linmot.com\/es\/","logo":{"@type":"ImageObject","inLanguage":"es","@id":"https:\/\/linmot.com\/es\/#\/schema\/logo\/image\/","url":"https:\/\/linmot.com\/es\/wp-content\/uploads\/sites\/5\/2022\/05\/linmot-social-share-logo.jpg","contentUrl":"https:\/\/linmot.com\/es\/wp-content\/uploads\/sites\/5\/2022\/05\/linmot-social-share-logo.jpg","width":800,"height":500,"caption":"NTI AG - LinMot & MagSpring"},"image":{"@id":"https:\/\/linmot.com\/es\/#\/schema\/logo\/image\/"},"sameAs":["https:\/\/www.linkedin.com\/company\/nti-ag-linmot-magspring","https:\/\/www.youtube.com\/user\/LinMotEurope"]}]}},"_links":{"self":[{"href":"https:\/\/linmot.com\/es\/wp-json\/wp\/v2\/pages\/2279","targetHints":{"allow":["GET"]}}],"collection":[{"href":"https:\/\/linmot.com\/es\/wp-json\/wp\/v2\/pages"}],"about":[{"href":"https:\/\/linmot.com\/es\/wp-json\/wp\/v2\/types\/page"}],"author":[{"embeddable":true,"href":"https:\/\/linmot.com\/es\/wp-json\/wp\/v2\/users\/9"}],"replies":[{"embeddable":true,"href":"https:\/\/linmot.com\/es\/wp-json\/wp\/v2\/comments?post=2279"}],"version-history":[{"count":18,"href":"https:\/\/linmot.com\/es\/wp-json\/wp\/v2\/pages\/2279\/revisions"}],"predecessor-version":[{"id":3515,"href":"https:\/\/linmot.com\/es\/wp-json\/wp\/v2\/pages\/2279\/revisions\/3515"}],"up":[{"embeddable":true,"href":"https:\/\/linmot.com\/es\/wp-json\/wp\/v2\/pages\/40"}],"wp:attachment":[{"href":"https:\/\/linmot.com\/es\/wp-json\/wp\/v2\/media?parent=2279"}],"curies":[{"name":"wp","href":"https:\/\/api.w.org\/{rel}","templated":true}]}}