{"id":2257,"date":"2022-07-13T08:14:20","date_gmt":"2022-07-13T08:14:20","guid":{"rendered":"https:\/\/linmot.com\/es\/?page_id=2257"},"modified":"2024-09-09T13:49:45","modified_gmt":"2024-09-09T13:49:45","slug":"servo-drives","status":"publish","type":"page","link":"https:\/\/linmot.com\/es\/productos\/servo-drives\/","title":{"rendered":"Servo Drives"},"content":{"rendered":"<p align=\"justify\"><strong>La amplia selecci\u00f3n de Servo Drives LinMot impresiona por su velocidad, alta flexibilidad y amplia gama de funciones. Adem\u00e1s, pueden integrarse f\u00e1cilmente en cualquier tipo de aplicaci\u00f3n. Nuestros accionamientos est\u00e1n dise\u00f1ados para ofrecer un control preciso, una relaci\u00f3n fuerza\/par \u00f3ptima y una amplia gama de funciones. Es un complemento ideal para nuestra amplia gama de motores lineales, m\u00f3dulos lineales integrados y actuadores lineales. Otro factor decisivo es que nuestros Servo Drives son f\u00e1ciles de manejar y funcionan de forma fiable, lo que le permite ahorrar tiempo y dinero.<\/strong><\/p>\n<hr \/>\n<div class=\"row\">\n<div class=\"col-md-7\">\n<strong>Flexible e integrable<\/strong><\/p>\n<ul>\n<li>Amplia gama de aplicaciones: desde simples aplicaciones punto a punto hasta complejas aplicaciones multieje.<\/li>\n<li>Anal\u00f3gico y digital discreto, as\u00ed como interfaces en serie, buses de campo y Ethernet en tiempo real.<\/li>\n<li>Funciones tecnol\u00f3gicas como el control de fuerza\/par y la supervisi\u00f3n del proceso.<\/li>\n<\/ul>\n<p><strong>Seguro y fiable<\/strong><\/p>\n<ul>\n<li>Accionamientos disponibles con o sin STO<\/li>\n<li>Seguridad funcional SIL2 y PL d con SLS, SOS, SS1, SS2, SBC, SBT<\/li>\n<li>Adem\u00e1s de CE y UL, se dispone de entradas opcionales de amplificaci\u00f3n para aplicaciones de medici\u00f3n, incluido el certificado de calibraci\u00f3n<\/li>\n<\/ul>\n<p><strong>F\u00e1cil de usar<\/strong><\/p>\n<ul>\n<li>Listo para el funcionamiento inmediato y posibilidad de parametrizar todo a trav\u00e9s del bus de campo<\/li>\n<li>Dise\u00f1o compacto y delgado y f\u00e1cil instalaci\u00f3n y puesta en marcha<\/li>\n<li>Bloques de funciones y ejemplos de programas para todos los PLC habituales<\/li>\n<\/ul>\n<p><a class=\"btn btn-active\" href=\"https:\/\/shop.linmot.com\/E\/servo-drives.htm\" target=\"_blank\" rel=\"noopener noreferrer\">A los detalles en el cat\u00e1logo electr\u00f3nico (ingl\u00e9s)<\/a><\/p>\n<\/div>\n<div class=\"col-md-5\">\n<img loading=\"lazy\" decoding=\"async\" class=\"aligncenter size-full wp-image-3095\" src=\"https:\/\/linmot.com\/de\/wp-content\/uploads\/sites\/2\/2022\/03\/linmot-servoantriebe-uebersichtsbild.jpg\" alt=\"\" width=\"197\" height=\"350\" \/>\n<\/div>\n<\/div>\n<hr \/>\n<div class=\"row\">\n<div class=\"col-md-7\">\n<h3>Seguridad funcional<\/h3>\n<p align=\"justify\">LinMot integra las funciones de seguridad adecuadas y algunas nuevas funciones adicionales directamente en el accionamiento y el motor y se asegura de que su construcci\u00f3n sea id\u00e9ntica a la de los productos existentes.<\/p>\n<p><a class=\"button\" href=\"\/es\/productos\/servo-drives\/seguridad-funcional\/\">M\u00e1s informaci\u00f3n<\/a><\/p>\n<\/div>\n<div class=\"col-md-5\">\n<img loading=\"lazy\" decoding=\"async\" class=\"alignnone wp-image-3621 size-full\" src=\"https:\/\/linmot.com\/wp-content\/uploads\/2022\/08\/functional-safety.jpg\" alt=\"\" width=\"560\" height=\"332\" \/>\n<\/div>\n<\/div>\n<hr \/>\n<div class=\"row\">\n<div class=\"col-md-7\">\n<h3>Monitoreo de procesos<\/h3>\n<p align=\"justify\">Los accionamientos LinMot se caracterizan por un tiempo de ciclo muy r\u00e1pido, por lo que pueden registrar puntos de medici\u00f3n individuales con la mayor frecuencia de muestreo posible. De este modo, el usuario obtiene una imagen detallada del proceso y, a partir de estos datos, puede decidir si el proceso es satisfactorio o no.<\/p>\n<p><a class=\"button\" href=\"\/es\/productos\/servo-drives\/monitoreo-de-procesos\/\">M\u00e1s informaci\u00f3n<\/a><\/p>\n<\/div>\n<div class=\"col-md-5\">\n<img loading=\"lazy\" decoding=\"async\" class=\"aligncenter size-full wp-image-2813\" src=\"https:\/\/linmot.com\/de\/wp-content\/uploads\/sites\/2\/2022\/01\/monitoring-windows-servo-drive.jpg\" alt=\"\" width=\"355\" height=\"237\" \/>\n<\/div>\n<\/div>\n<hr \/>\n<div class=\"row\">\n<div class=\"col-md-7\">\n<h3>Interfaces de bus de campo<\/h3>\n<p align=\"justify\">La comunicaci\u00f3n a un controlador puede hacerse mediante una interfaz anal\u00f3gica, digital, en serie, por buses de campo o ETHERNET. La amplia gama de protocolos e interfaces de bus de campo hace que los servo controladores LinMot sean f\u00e1ciles de integrar a cualquier controlador, ya sea un PLC, un PC industrial o un controlador propietario.<\/p>\n<p><a class=\"button\" href=\"\/es\/productos\/servo-drives\/interfaces-de-bus-de-campo\/\">M\u00e1s informaci\u00f3n<\/a><\/p>\n<\/div>\n<div class=\"col-md-5\">\n<img loading=\"lazy\" decoding=\"async\" class=\"aligncenter size-full wp-image-3153\" src=\"https:\/\/linmot.com\/wp-content\/uploads\/2022\/03\/fieldbus-grafik.jpg\" alt=\"\" width=\"350\" height=\"324\" \/>\n<\/div>\n<\/div>\n<hr \/>\n<h2>\u00bfPreguntas?<\/h2>\n<p>Estaremos encantados de responder a sus preguntas o asesorarle.<\/p>\n<p><a class=\"button\" href=\"\/es\/contact\/\">Encuentra tu persona de contacto local<\/a><\/p>\n","protected":false},"excerpt":{"rendered":"<p>La amplia selecci\u00f3n de Servo Drives LinMot impresiona por su velocidad, alta flexibilidad y amplia gama de funciones. Adem\u00e1s, pueden integrarse f\u00e1cilmente en cualquier tipo de aplicaci\u00f3n. Nuestros accionamientos est\u00e1n dise\u00f1ados para ofrecer un control preciso, una relaci\u00f3n fuerza\/par \u00f3ptima y una amplia gama de funciones. Es un complemento ideal para nuestra amplia gama de [&hellip;]<\/p>\n","protected":false},"author":9,"featured_media":0,"parent":1210,"menu_order":34,"comment_status":"closed","ping_status":"closed","template":"","meta":{"_acf_changed":false,"footnotes":""},"class_list":["post-2257","page","type-page","status-publish","hentry"],"acf":[],"yoast_head":"<!-- This site is optimized with the Yoast SEO Premium plugin v20.9 (Yoast SEO v27.4) - https:\/\/yoast.com\/product\/yoast-seo-premium-wordpress\/ -->\n<title>Servo Drives - LinMot &amp; MagSpring - Espa\u00f1ol<\/title>\n<meta name=\"description\" content=\"Los controladores LinMot son controles de posicionamiento compactos con secciones de potencia integradas para controlar los motores, as\u00ed como una secci\u00f3n de control con control de posici\u00f3n integrado.\" \/>\n<meta name=\"robots\" content=\"index, follow, max-snippet:-1, max-image-preview:large, max-video-preview:-1\" \/>\n<link rel=\"canonical\" href=\"https:\/\/linmot.com\/es\/productos\/servo-drives\/\" \/>\n<meta property=\"og:locale\" content=\"es_ES\" \/>\n<meta property=\"og:type\" content=\"article\" \/>\n<meta property=\"og:title\" content=\"Servo Drives - LinMot &amp; MagSpring - Espa\u00f1ol\" \/>\n<meta property=\"og:description\" content=\"Los controladores LinMot son controles de posicionamiento compactos con secciones de potencia integradas para controlar los motores, as\u00ed como una secci\u00f3n de control con control de posici\u00f3n integrado.\" \/>\n<meta property=\"og:url\" content=\"https:\/\/linmot.com\/es\/productos\/servo-drives\/\" \/>\n<meta property=\"og:site_name\" content=\"LinMot &amp; MagSpring - Espa\u00f1ol\" \/>\n<meta property=\"article:modified_time\" content=\"2024-09-09T13:49:45+00:00\" \/>\n<meta property=\"og:image\" content=\"https:\/\/linmot.com\/de\/wp-content\/uploads\/sites\/2\/2022\/03\/linmot-servoantriebe-uebersichtsbild.jpg\" \/>\n<meta name=\"twitter:card\" content=\"summary_large_image\" \/>\n<meta name=\"twitter:title\" content=\"Servo Drives - LinMot &amp; MagSpring - Espa\u00f1ol\" \/>\n<meta name=\"twitter:description\" content=\"Los controladores LinMot son controles de posicionamiento compactos con secciones de potencia integradas para controlar los motores, as\u00ed como una secci\u00f3n de control con control de posici\u00f3n integrado.\" \/>\n<meta name=\"twitter:image\" content=\"https:\/\/linmot.com\/es\/wp-content\/uploads\/sites\/5\/2021\/07\/all-servo-drives-overview.jpg\" \/>\n<meta name=\"twitter:label1\" content=\"Tiempo de lectura\" \/>\n\t<meta name=\"twitter:data1\" content=\"3 minutos\" \/>\n<script type=\"application\/ld+json\" class=\"yoast-schema-graph\">{\"@context\":\"https:\\\/\\\/schema.org\",\"@graph\":[{\"@type\":\"WebPage\",\"@id\":\"https:\\\/\\\/linmot.com\\\/es\\\/productos\\\/servo-drives\\\/\",\"url\":\"https:\\\/\\\/linmot.com\\\/es\\\/productos\\\/servo-drives\\\/\",\"name\":\"Servo Drives - LinMot &amp; MagSpring - Espa\u00f1ol\",\"isPartOf\":{\"@id\":\"https:\\\/\\\/linmot.com\\\/es\\\/#website\"},\"primaryImageOfPage\":{\"@id\":\"https:\\\/\\\/linmot.com\\\/es\\\/productos\\\/servo-drives\\\/#primaryimage\"},\"image\":{\"@id\":\"https:\\\/\\\/linmot.com\\\/es\\\/productos\\\/servo-drives\\\/#primaryimage\"},\"thumbnailUrl\":\"https:\\\/\\\/linmot.com\\\/de\\\/wp-content\\\/uploads\\\/sites\\\/2\\\/2022\\\/03\\\/linmot-servoantriebe-uebersichtsbild.jpg\",\"datePublished\":\"2022-07-13T08:14:20+00:00\",\"dateModified\":\"2024-09-09T13:49:45+00:00\",\"description\":\"Los controladores LinMot son controles de posicionamiento compactos con secciones de potencia integradas para controlar los motores, as\u00ed como una secci\u00f3n de control con control de posici\u00f3n integrado.\",\"breadcrumb\":{\"@id\":\"https:\\\/\\\/linmot.com\\\/es\\\/productos\\\/servo-drives\\\/#breadcrumb\"},\"inLanguage\":\"es\",\"potentialAction\":[{\"@type\":\"ReadAction\",\"target\":[\"https:\\\/\\\/linmot.com\\\/es\\\/productos\\\/servo-drives\\\/\"]}]},{\"@type\":\"ImageObject\",\"inLanguage\":\"es\",\"@id\":\"https:\\\/\\\/linmot.com\\\/es\\\/productos\\\/servo-drives\\\/#primaryimage\",\"url\":\"https:\\\/\\\/linmot.com\\\/de\\\/wp-content\\\/uploads\\\/sites\\\/2\\\/2022\\\/03\\\/linmot-servoantriebe-uebersichtsbild.jpg\",\"contentUrl\":\"https:\\\/\\\/linmot.com\\\/de\\\/wp-content\\\/uploads\\\/sites\\\/2\\\/2022\\\/03\\\/linmot-servoantriebe-uebersichtsbild.jpg\"},{\"@type\":\"BreadcrumbList\",\"@id\":\"https:\\\/\\\/linmot.com\\\/es\\\/productos\\\/servo-drives\\\/#breadcrumb\",\"itemListElement\":[{\"@type\":\"ListItem\",\"position\":1,\"name\":\"Home\",\"item\":\"https:\\\/\\\/linmot.com\\\/es\\\/\"},{\"@type\":\"ListItem\",\"position\":2,\"name\":\"Productos\",\"item\":\"https:\\\/\\\/linmot.com\\\/es\\\/productos\\\/\"},{\"@type\":\"ListItem\",\"position\":3,\"name\":\"Servo Drives\"}]},{\"@type\":\"WebSite\",\"@id\":\"https:\\\/\\\/linmot.com\\\/es\\\/#website\",\"url\":\"https:\\\/\\\/linmot.com\\\/es\\\/\",\"name\":\"LinMot &amp; MagSpring - Espa\u00f1ol\",\"description\":\"Motores lineales y sistemas de motores lineales de alta calidad\",\"publisher\":{\"@id\":\"https:\\\/\\\/linmot.com\\\/es\\\/#organization\"},\"potentialAction\":[{\"@type\":\"SearchAction\",\"target\":{\"@type\":\"EntryPoint\",\"urlTemplate\":\"https:\\\/\\\/linmot.com\\\/es\\\/?s={search_term_string}\"},\"query-input\":{\"@type\":\"PropertyValueSpecification\",\"valueRequired\":true,\"valueName\":\"search_term_string\"}}],\"inLanguage\":\"es\"},{\"@type\":\"Organization\",\"@id\":\"https:\\\/\\\/linmot.com\\\/es\\\/#organization\",\"name\":\"NTI AG - LinMot & MagSpring\",\"url\":\"https:\\\/\\\/linmot.com\\\/es\\\/\",\"logo\":{\"@type\":\"ImageObject\",\"inLanguage\":\"es\",\"@id\":\"https:\\\/\\\/linmot.com\\\/es\\\/#\\\/schema\\\/logo\\\/image\\\/\",\"url\":\"https:\\\/\\\/linmot.com\\\/es\\\/wp-content\\\/uploads\\\/sites\\\/5\\\/2022\\\/05\\\/linmot-social-share-logo.jpg\",\"contentUrl\":\"https:\\\/\\\/linmot.com\\\/es\\\/wp-content\\\/uploads\\\/sites\\\/5\\\/2022\\\/05\\\/linmot-social-share-logo.jpg\",\"width\":800,\"height\":500,\"caption\":\"NTI AG - LinMot & MagSpring\"},\"image\":{\"@id\":\"https:\\\/\\\/linmot.com\\\/es\\\/#\\\/schema\\\/logo\\\/image\\\/\"},\"sameAs\":[\"https:\\\/\\\/www.linkedin.com\\\/company\\\/nti-ag-linmot-magspring\",\"https:\\\/\\\/www.youtube.com\\\/user\\\/LinMotEurope\"]}]}<\/script>\n<!-- \/ Yoast SEO Premium plugin. -->","yoast_head_json":{"title":"Servo Drives - LinMot &amp; MagSpring - Espa\u00f1ol","description":"Los controladores LinMot son controles de posicionamiento compactos con secciones de potencia integradas para controlar los motores, as\u00ed como una secci\u00f3n de control con control de posici\u00f3n integrado.","robots":{"index":"index","follow":"follow","max-snippet":"max-snippet:-1","max-image-preview":"max-image-preview:large","max-video-preview":"max-video-preview:-1"},"canonical":"https:\/\/linmot.com\/es\/productos\/servo-drives\/","og_locale":"es_ES","og_type":"article","og_title":"Servo Drives - LinMot &amp; MagSpring - Espa\u00f1ol","og_description":"Los controladores LinMot son controles de posicionamiento compactos con secciones de potencia integradas para controlar los motores, as\u00ed como una secci\u00f3n de control con control de posici\u00f3n integrado.","og_url":"https:\/\/linmot.com\/es\/productos\/servo-drives\/","og_site_name":"LinMot &amp; MagSpring - Espa\u00f1ol","article_modified_time":"2024-09-09T13:49:45+00:00","og_image":[{"url":"https:\/\/linmot.com\/de\/wp-content\/uploads\/sites\/2\/2022\/03\/linmot-servoantriebe-uebersichtsbild.jpg","type":"","width":"","height":""}],"twitter_card":"summary_large_image","twitter_title":"Servo Drives - LinMot &amp; MagSpring - Espa\u00f1ol","twitter_description":"Los controladores LinMot son controles de posicionamiento compactos con secciones de potencia integradas para controlar los motores, as\u00ed como una secci\u00f3n de control con control de posici\u00f3n integrado.","twitter_image":"https:\/\/linmot.com\/es\/wp-content\/uploads\/sites\/5\/2021\/07\/all-servo-drives-overview.jpg","twitter_misc":{"Tiempo de lectura":"3 minutos"},"schema":{"@context":"https:\/\/schema.org","@graph":[{"@type":"WebPage","@id":"https:\/\/linmot.com\/es\/productos\/servo-drives\/","url":"https:\/\/linmot.com\/es\/productos\/servo-drives\/","name":"Servo Drives - LinMot &amp; MagSpring - Espa\u00f1ol","isPartOf":{"@id":"https:\/\/linmot.com\/es\/#website"},"primaryImageOfPage":{"@id":"https:\/\/linmot.com\/es\/productos\/servo-drives\/#primaryimage"},"image":{"@id":"https:\/\/linmot.com\/es\/productos\/servo-drives\/#primaryimage"},"thumbnailUrl":"https:\/\/linmot.com\/de\/wp-content\/uploads\/sites\/2\/2022\/03\/linmot-servoantriebe-uebersichtsbild.jpg","datePublished":"2022-07-13T08:14:20+00:00","dateModified":"2024-09-09T13:49:45+00:00","description":"Los controladores LinMot son controles de posicionamiento compactos con secciones de potencia integradas para controlar los motores, as\u00ed como una secci\u00f3n de control con control de posici\u00f3n integrado.","breadcrumb":{"@id":"https:\/\/linmot.com\/es\/productos\/servo-drives\/#breadcrumb"},"inLanguage":"es","potentialAction":[{"@type":"ReadAction","target":["https:\/\/linmot.com\/es\/productos\/servo-drives\/"]}]},{"@type":"ImageObject","inLanguage":"es","@id":"https:\/\/linmot.com\/es\/productos\/servo-drives\/#primaryimage","url":"https:\/\/linmot.com\/de\/wp-content\/uploads\/sites\/2\/2022\/03\/linmot-servoantriebe-uebersichtsbild.jpg","contentUrl":"https:\/\/linmot.com\/de\/wp-content\/uploads\/sites\/2\/2022\/03\/linmot-servoantriebe-uebersichtsbild.jpg"},{"@type":"BreadcrumbList","@id":"https:\/\/linmot.com\/es\/productos\/servo-drives\/#breadcrumb","itemListElement":[{"@type":"ListItem","position":1,"name":"Home","item":"https:\/\/linmot.com\/es\/"},{"@type":"ListItem","position":2,"name":"Productos","item":"https:\/\/linmot.com\/es\/productos\/"},{"@type":"ListItem","position":3,"name":"Servo Drives"}]},{"@type":"WebSite","@id":"https:\/\/linmot.com\/es\/#website","url":"https:\/\/linmot.com\/es\/","name":"LinMot &amp; MagSpring - Espa\u00f1ol","description":"Motores lineales y sistemas de motores lineales de alta calidad","publisher":{"@id":"https:\/\/linmot.com\/es\/#organization"},"potentialAction":[{"@type":"SearchAction","target":{"@type":"EntryPoint","urlTemplate":"https:\/\/linmot.com\/es\/?s={search_term_string}"},"query-input":{"@type":"PropertyValueSpecification","valueRequired":true,"valueName":"search_term_string"}}],"inLanguage":"es"},{"@type":"Organization","@id":"https:\/\/linmot.com\/es\/#organization","name":"NTI AG - LinMot & MagSpring","url":"https:\/\/linmot.com\/es\/","logo":{"@type":"ImageObject","inLanguage":"es","@id":"https:\/\/linmot.com\/es\/#\/schema\/logo\/image\/","url":"https:\/\/linmot.com\/es\/wp-content\/uploads\/sites\/5\/2022\/05\/linmot-social-share-logo.jpg","contentUrl":"https:\/\/linmot.com\/es\/wp-content\/uploads\/sites\/5\/2022\/05\/linmot-social-share-logo.jpg","width":800,"height":500,"caption":"NTI AG - LinMot & MagSpring"},"image":{"@id":"https:\/\/linmot.com\/es\/#\/schema\/logo\/image\/"},"sameAs":["https:\/\/www.linkedin.com\/company\/nti-ag-linmot-magspring","https:\/\/www.youtube.com\/user\/LinMotEurope"]}]}},"_links":{"self":[{"href":"https:\/\/linmot.com\/es\/wp-json\/wp\/v2\/pages\/2257","targetHints":{"allow":["GET"]}}],"collection":[{"href":"https:\/\/linmot.com\/es\/wp-json\/wp\/v2\/pages"}],"about":[{"href":"https:\/\/linmot.com\/es\/wp-json\/wp\/v2\/types\/page"}],"author":[{"embeddable":true,"href":"https:\/\/linmot.com\/es\/wp-json\/wp\/v2\/users\/9"}],"replies":[{"embeddable":true,"href":"https:\/\/linmot.com\/es\/wp-json\/wp\/v2\/comments?post=2257"}],"version-history":[{"count":13,"href":"https:\/\/linmot.com\/es\/wp-json\/wp\/v2\/pages\/2257\/revisions"}],"predecessor-version":[{"id":3441,"href":"https:\/\/linmot.com\/es\/wp-json\/wp\/v2\/pages\/2257\/revisions\/3441"}],"up":[{"embeddable":true,"href":"https:\/\/linmot.com\/es\/wp-json\/wp\/v2\/pages\/1210"}],"wp:attachment":[{"href":"https:\/\/linmot.com\/es\/wp-json\/wp\/v2\/media?parent=2257"}],"curies":[{"name":"wp","href":"https:\/\/api.w.org\/{rel}","templated":true}]}}