{"id":223,"date":"2017-11-07T15:29:07","date_gmt":"2017-11-07T14:29:07","guid":{"rendered":"https:\/\/linmot.com\/?page_id=223"},"modified":"2024-05-01T14:47:15","modified_gmt":"2024-05-01T14:47:15","slug":"manipulacion-montaje","status":"publish","type":"page","link":"https:\/\/linmot.com\/es\/soluciones-industriales\/manipulacion-montaje\/","title":{"rendered":"Manipulaci\u00f3n y Montaje"},"content":{"rendered":"<p><strong>Con los motores lineales libremente programables y altamente din\u00e1micos, el ingeniero de planta encuentra los componentes \u00f3ptimos para una m\u00e1quina de producci\u00f3n moderna que puede soportar f\u00e1cilmente los requisitos aplicables.<\/strong><\/p>\n<img loading=\"lazy\" decoding=\"async\" class=\"aligncenter size-full wp-image-224\" src=\"https:\/\/linmot.com\/es\/wp-content\/uploads\/sites\/5\/2017\/11\/LinMot-Solutions-Hadling-Assembling-Industry.jpg\" alt=\"\" width=\"940\" height=\"300\" srcset=\"https:\/\/linmot.com\/es\/wp-content\/uploads\/sites\/5\/2017\/11\/LinMot-Solutions-Hadling-Assembling-Industry.jpg 940w, https:\/\/linmot.com\/es\/wp-content\/uploads\/sites\/5\/2017\/11\/LinMot-Solutions-Hadling-Assembling-Industry-300x96.jpg 300w, https:\/\/linmot.com\/es\/wp-content\/uploads\/sites\/5\/2017\/11\/LinMot-Solutions-Hadling-Assembling-Industry-768x245.jpg 768w\" sizes=\"auto, (max-width: 940px) 100vw, 940px\" \/>\n<p>En la competencia global el \u201ctime to market\u201d se ha convertido en un factor cada vez m\u00e1s relevante. Los mayores desaf\u00edos son ciclos de innovaci\u00f3n m\u00e1s cortos y una amplia variedad de modelos. Para cumplir estos requisitos es necesario tener una producci\u00f3n flexible con soluciones de automatizaci\u00f3n inteligentes.<\/p>\n<p>El enfoque principal, para lograr sistemas de producci\u00f3n m\u00e1s eficientes, es el de los sistemas modulares en el que los elementos pueden ser f\u00e1cilmente reconfigurados. La integraci\u00f3n de m\u00f3dulos adicionales con nuevas funcionalidades en las l\u00edneas de producci\u00f3n ya existentes debe ser de f\u00e1cil implementaci\u00f3n, con el objetivo de aumentar la reutilizaci\u00f3n de la planta de producci\u00f3n. Adem\u00e1s de una mayor flexibilidad, una instalaci\u00f3n moderna requiere una velocidad m\u00e1xima de producci\u00f3n y una trazabilidad segura en forma de documentaci\u00f3n electr\u00f3nica completa del proceso.<\/p>\n<p>Con <a href=\"https:\/\/linmot.com\/es\/productos\/motores-lineales\/\">motores lineales<\/a> libremente programables y altamente din\u00e1micos, el ingeniero de proceso de planta encuentra los componentes \u00f3ptimos para m\u00e1quinas modernas de producci\u00f3n.<\/p>\n<p>Numerosas aplicaciones que ya se han puesto en pr\u00e1ctica demuestran que la tecnolog\u00eda de accionamiento de LinMot puede aumentar significativamente la productividad y la flexibilidad de los sistemas de montaje y manipulaci\u00f3n, y la tecnolog\u00eda plug&amp;play acorta considerablemente los tiempos de puesta en marcha. La gama de aplicaciones incluye todas las tareas de accionamiento imaginables.<\/p>\n<p>El campo de aplicaci\u00f3n abarca todas las tareas de accionamiento posibles:<\/p>\n<div class=\"row\">\n<div class=\"col-sm-4\">\n<ul>\n<li>Alimentadores<\/li>\n<li>Sistemas de transporte<\/li>\n<li>M\u00f3dulos Pick &amp; Place<\/li>\n<li>Dispositivos de paletizado<\/li>\n<li>Dispositivos de apilado<\/li>\n<li>Mesas XY<\/li>\n<\/ul>\n<\/div>\n<div class=\"col-sm-4\">\n<ul>\n<li>Accionamientos de precisi\u00f3n<\/li>\n<li>Sistemas de clasificaci\u00f3n<\/li>\n<li>Atornilladores autom\u00e1ticos<\/li>\n<li>Unidades de medici\u00f3n<\/li>\n<li>Estaciones de encolado<\/li>\n<li>Certificaci\u00f3n de calidad<\/li>\n<\/ul>\n<\/div>\n<div class=\"col-sm-4\">\n<ul>\n<li>Dispositivos de test<\/li>\n<li>Posicionado de c\u00e1mara<\/li>\n<li>Posicionado de iluminaci\u00f3n<\/li>\n<li>etc.<\/li>\n<\/ul>\n<\/div>\n<\/div>\n<hr \/>\n<h2>Informes de aplicaci\u00f3n sobre la manipulaci\u00f3n y el montaje<\/h2>\n<div class=\"row download\">\n<div class=\"col-md-3\">\n<h4 class=\"download-title\">Pick&amp;Place con tecnolog\u00eda de accionamiento directo<\/h4>\n<p class=\"bodytext\" align=\"justify\">Flexibles y r\u00e1pidos como un rayo: con los accionamientos el\u00e9ctricos directos se pueden realizar m\u00f3dulos pick and place que funcionan de forma especialmente eficaz, precisa y din\u00e1mica. Adem\u00e1s, pueden utilizarse de forma m\u00e1s flexible, son m\u00e1s compactas y requieren menos montaje y mantenimiento que sus hom\u00f3logas con accionamientos neum\u00e1ticos o de leva.<\/p>\n<p><a class=\"button\" href=\"\/es\/blog\/pickplace-con-tecnologia-de-accionamiento-directo\/\">M\u00e1s informaci\u00f3n<\/a><br \/>\n<\/div>\n<div class=\"col-md-2\">\n<img loading=\"lazy\" decoding=\"async\" class=\"alignnone wp-image-3295 size-full\" src=\"https:\/\/linmot.com\/wp-content\/uploads\/2022\/08\/pick-and-place-with-direct-drive-technology-application-report.jpg\" alt=\"\" width=\"220\" height=\"220\" \/><br \/>\n<\/div>\n<div class=\"col-md-2\">\n<\/div>\n<div class=\"col-md-3\">\n<h4 class=\"download-title\">Gardena se adentra en el futuro del agua gracias a LinMot<\/h4>\n<p class=\"bodytext\" align=\"justify\">Basta pensar en la bordeadora de c\u00e9sped a bater\u00eda all\u00e1 por 1973 o en el ordenador de riego de la d\u00e9cada de 1980 para darse cuenta de que GARDENA siempre ha demostrado ser un innovador especialmente sostenible. Con la m\u00e1s moderna tecnolog\u00eda de elevaci\u00f3n rotativa y lineal del especialista en accionamientos LinMot, GARDENA ha conseguido redefinir la precisi\u00f3n, la velocidad y la sostenibilidad de sus instalaciones de producci\u00f3n.<\/p>\n<p><a class=\"button\" href=\"\/es\/blog\/gardena-se-adentra-en-el-futuro-del-agua-gracias-a-linmot\/\">M\u00e1s informaci\u00f3n<\/a><br \/>\n<\/div>\n<div class=\"col-md-2\">\n<img loading=\"lazy\" decoding=\"async\" class=\"aligncenter wp-image-4450 size-full\" src=\"https:\/\/linmot.com\/de\/wp-content\/uploads\/sites\/2\/2023\/07\/gardena-vorschau.jpg\" alt=\"\" width=\"220\" height=\"220\" \/><br \/>\n<\/div>\n<\/div>\n<div class=\"row download\">\n<div class=\"col-md-3\">\n<h4 class=\"download-title\">Innovar en las pinzas de los robots<\/h4>\n<p class=\"bodytext\" align=\"justify\">Al pasar de los cilindros neum\u00e1ticos a los motores lineales, el fabricante de m\u00e1quinas e instalaciones Keller HCW ha conseguido desarrollar una innovaci\u00f3n en pinzas rob\u00f3ticas de aplicaci\u00f3n universal con grandes cargas \u00fatiles que incluso pueden agarrar, separar y mover productos delicados con seguridad y delicadeza.<\/p>\n<p><a class=\"button\" href=\"\/es\/blog\/los-motores-lineales-permiten-innovar-en-las-pinzas-de-los-robots\/\">M\u00e1s informaci\u00f3n<\/a><br \/>\n<\/div>\n<div class=\"col-md-2\">\n<img loading=\"lazy\" decoding=\"async\" class=\"aligncenter size-full wp-image-4073\" src=\"https:\/\/linmot.com\/de\/wp-content\/uploads\/sites\/2\/2023\/02\/vorschau-robotergreifer.jpg\" alt=\"\" width=\"220\" height=\"220\" \/><br \/>\n<\/div>\n<\/div>\n","protected":false},"excerpt":{"rendered":"<p>Con los motores lineales libremente programables y altamente din\u00e1micos, el ingeniero de planta encuentra los componentes \u00f3ptimos para una m\u00e1quina de producci\u00f3n moderna que puede soportar f\u00e1cilmente los requisitos aplicables. En la competencia global el \u201ctime to market\u201d se ha convertido en un factor cada vez m\u00e1s relevante. Los mayores desaf\u00edos son ciclos de innovaci\u00f3n [&hellip;]<\/p>\n","protected":false},"author":1,"featured_media":0,"parent":8,"menu_order":39,"comment_status":"closed","ping_status":"closed","template":"","meta":{"_acf_changed":false,"footnotes":""},"class_list":["post-223","page","type-page","status-publish","hentry"],"acf":[],"yoast_head":"<!-- This site is optimized with the Yoast SEO Premium plugin v20.9 (Yoast SEO v27.2) - https:\/\/yoast.com\/product\/yoast-seo-premium-wordpress\/ -->\n<title>Manipulaci\u00f3n y montaje - Pick&#039;n&#039;Place, Assemble, Feed | LinMot<\/title>\n<meta name=\"description\" content=\"Desde la manipulaci\u00f3n hasta el montaje: el ingeniero de planta encontrar\u00e1 los mejores componentes para una m\u00e1quina de producci\u00f3n moderna, de bajo mantenimiento y sin aire comprimido.\" \/>\n<meta name=\"robots\" content=\"index, follow, max-snippet:-1, max-image-preview:large, max-video-preview:-1\" \/>\n<link rel=\"canonical\" href=\"https:\/\/linmot.com\/es\/soluciones-industriales\/manipulacion-montaje\/\" \/>\n<meta property=\"og:locale\" content=\"es_ES\" \/>\n<meta property=\"og:type\" content=\"article\" \/>\n<meta property=\"og:title\" content=\"Manipulaci\u00f3n y montaje - Pick&#039;n&#039;Place, Assemble, Feed | LinMot\" \/>\n<meta property=\"og:description\" content=\"Desde la manipulaci\u00f3n hasta el montaje: el ingeniero de planta encontrar\u00e1 los mejores componentes para una m\u00e1quina de producci\u00f3n moderna, de bajo mantenimiento y sin aire comprimido.\" \/>\n<meta property=\"og:url\" content=\"https:\/\/linmot.com\/es\/soluciones-industriales\/manipulacion-montaje\/\" \/>\n<meta property=\"og:site_name\" content=\"LinMot &amp; MagSpring - Espa\u00f1ol\" \/>\n<meta property=\"article:modified_time\" content=\"2024-05-01T14:47:15+00:00\" \/>\n<meta property=\"og:image\" content=\"https:\/\/linmot.com\/es\/wp-content\/uploads\/sites\/5\/2017\/11\/LinMot-Solutions-Hadling-Assembling-Industry.jpg\" \/>\n\t<meta property=\"og:image:width\" content=\"940\" \/>\n\t<meta property=\"og:image:height\" content=\"300\" \/>\n\t<meta property=\"og:image:type\" content=\"image\/jpeg\" \/>\n<meta name=\"twitter:card\" content=\"summary_large_image\" \/>\n<meta name=\"twitter:title\" content=\"Manipulaci\u00f3n y montaje - Pick&#039;n&#039;Place, Assemble, Feed | LinMot\" \/>\n<meta name=\"twitter:description\" content=\"Desde la manipulaci\u00f3n hasta el montaje: el ingeniero de planta encontrar\u00e1 los mejores componentes para una m\u00e1quina de producci\u00f3n moderna, de bajo mantenimiento y sin aire comprimido.\" \/>\n<meta name=\"twitter:image\" content=\"https:\/\/linmot.com\/es\/wp-content\/uploads\/sites\/5\/2017\/11\/LinMot-Solutions-Hadling-Assembling-Industry.jpg\" \/>\n<meta name=\"twitter:label1\" content=\"Tiempo de lectura\" \/>\n\t<meta name=\"twitter:data1\" content=\"4 minutos\" \/>\n<script type=\"application\/ld+json\" class=\"yoast-schema-graph\">{\"@context\":\"https:\/\/schema.org\",\"@graph\":[{\"@type\":\"WebPage\",\"@id\":\"https:\/\/linmot.com\/es\/soluciones-industriales\/manipulacion-montaje\/\",\"url\":\"https:\/\/linmot.com\/es\/soluciones-industriales\/manipulacion-montaje\/\",\"name\":\"Manipulaci\u00f3n y montaje - Pick'n'Place, Assemble, Feed | LinMot\",\"isPartOf\":{\"@id\":\"https:\/\/linmot.com\/es\/#website\"},\"primaryImageOfPage\":{\"@id\":\"https:\/\/linmot.com\/es\/soluciones-industriales\/manipulacion-montaje\/#primaryimage\"},\"image\":{\"@id\":\"https:\/\/linmot.com\/es\/soluciones-industriales\/manipulacion-montaje\/#primaryimage\"},\"thumbnailUrl\":\"https:\/\/linmot.com\/es\/wp-content\/uploads\/sites\/5\/2017\/11\/LinMot-Solutions-Hadling-Assembling-Industry.jpg\",\"datePublished\":\"2017-11-07T14:29:07+00:00\",\"dateModified\":\"2024-05-01T14:47:15+00:00\",\"description\":\"Desde la manipulaci\u00f3n hasta el montaje: el ingeniero de planta encontrar\u00e1 los mejores componentes para una m\u00e1quina de producci\u00f3n moderna, de bajo mantenimiento y sin aire comprimido.\",\"breadcrumb\":{\"@id\":\"https:\/\/linmot.com\/es\/soluciones-industriales\/manipulacion-montaje\/#breadcrumb\"},\"inLanguage\":\"es\",\"potentialAction\":[{\"@type\":\"ReadAction\",\"target\":[\"https:\/\/linmot.com\/es\/soluciones-industriales\/manipulacion-montaje\/\"]}]},{\"@type\":\"ImageObject\",\"inLanguage\":\"es\",\"@id\":\"https:\/\/linmot.com\/es\/soluciones-industriales\/manipulacion-montaje\/#primaryimage\",\"url\":\"https:\/\/linmot.com\/es\/wp-content\/uploads\/sites\/5\/2017\/11\/LinMot-Solutions-Hadling-Assembling-Industry.jpg\",\"contentUrl\":\"https:\/\/linmot.com\/es\/wp-content\/uploads\/sites\/5\/2017\/11\/LinMot-Solutions-Hadling-Assembling-Industry.jpg\",\"width\":940,\"height\":300,\"caption\":\"\"},{\"@type\":\"BreadcrumbList\",\"@id\":\"https:\/\/linmot.com\/es\/soluciones-industriales\/manipulacion-montaje\/#breadcrumb\",\"itemListElement\":[{\"@type\":\"ListItem\",\"position\":1,\"name\":\"Home\",\"item\":\"https:\/\/linmot.com\/es\/\"},{\"@type\":\"ListItem\",\"position\":2,\"name\":\"Soluciones industriales\",\"item\":\"https:\/\/linmot.com\/es\/soluciones-industriales\/\"},{\"@type\":\"ListItem\",\"position\":3,\"name\":\"Manipulaci\u00f3n y Montaje\"}]},{\"@type\":\"WebSite\",\"@id\":\"https:\/\/linmot.com\/es\/#website\",\"url\":\"https:\/\/linmot.com\/es\/\",\"name\":\"LinMot &amp; MagSpring - Espa\u00f1ol\",\"description\":\"Motores lineales y sistemas de motores lineales de alta calidad\",\"publisher\":{\"@id\":\"https:\/\/linmot.com\/es\/#organization\"},\"potentialAction\":[{\"@type\":\"SearchAction\",\"target\":{\"@type\":\"EntryPoint\",\"urlTemplate\":\"https:\/\/linmot.com\/es\/?s={search_term_string}\"},\"query-input\":{\"@type\":\"PropertyValueSpecification\",\"valueRequired\":true,\"valueName\":\"search_term_string\"}}],\"inLanguage\":\"es\"},{\"@type\":\"Organization\",\"@id\":\"https:\/\/linmot.com\/es\/#organization\",\"name\":\"NTI AG - LinMot & MagSpring\",\"url\":\"https:\/\/linmot.com\/es\/\",\"logo\":{\"@type\":\"ImageObject\",\"inLanguage\":\"es\",\"@id\":\"https:\/\/linmot.com\/es\/#\/schema\/logo\/image\/\",\"url\":\"https:\/\/linmot.com\/es\/wp-content\/uploads\/sites\/5\/2022\/05\/linmot-social-share-logo.jpg\",\"contentUrl\":\"https:\/\/linmot.com\/es\/wp-content\/uploads\/sites\/5\/2022\/05\/linmot-social-share-logo.jpg\",\"width\":800,\"height\":500,\"caption\":\"NTI AG - LinMot & MagSpring\"},\"image\":{\"@id\":\"https:\/\/linmot.com\/es\/#\/schema\/logo\/image\/\"},\"sameAs\":[\"https:\/\/www.linkedin.com\/company\/nti-ag-linmot-magspring\",\"https:\/\/www.youtube.com\/user\/LinMotEurope\"]}]}<\/script>\n<!-- \/ Yoast SEO Premium plugin. -->","yoast_head_json":{"title":"Manipulaci\u00f3n y montaje - Pick'n'Place, Assemble, Feed | LinMot","description":"Desde la manipulaci\u00f3n hasta el montaje: el ingeniero de planta encontrar\u00e1 los mejores componentes para una m\u00e1quina de producci\u00f3n moderna, de bajo mantenimiento y sin aire comprimido.","robots":{"index":"index","follow":"follow","max-snippet":"max-snippet:-1","max-image-preview":"max-image-preview:large","max-video-preview":"max-video-preview:-1"},"canonical":"https:\/\/linmot.com\/es\/soluciones-industriales\/manipulacion-montaje\/","og_locale":"es_ES","og_type":"article","og_title":"Manipulaci\u00f3n y montaje - Pick'n'Place, Assemble, Feed | LinMot","og_description":"Desde la manipulaci\u00f3n hasta el montaje: el ingeniero de planta encontrar\u00e1 los mejores componentes para una m\u00e1quina de producci\u00f3n moderna, de bajo mantenimiento y sin aire comprimido.","og_url":"https:\/\/linmot.com\/es\/soluciones-industriales\/manipulacion-montaje\/","og_site_name":"LinMot &amp; MagSpring - Espa\u00f1ol","article_modified_time":"2024-05-01T14:47:15+00:00","og_image":[{"width":940,"height":300,"url":"https:\/\/linmot.com\/es\/wp-content\/uploads\/sites\/5\/2017\/11\/LinMot-Solutions-Hadling-Assembling-Industry.jpg","type":"image\/jpeg"}],"twitter_card":"summary_large_image","twitter_title":"Manipulaci\u00f3n y montaje - Pick'n'Place, Assemble, Feed | LinMot","twitter_description":"Desde la manipulaci\u00f3n hasta el montaje: el ingeniero de planta encontrar\u00e1 los mejores componentes para una m\u00e1quina de producci\u00f3n moderna, de bajo mantenimiento y sin aire comprimido.","twitter_image":"https:\/\/linmot.com\/es\/wp-content\/uploads\/sites\/5\/2017\/11\/LinMot-Solutions-Hadling-Assembling-Industry.jpg","twitter_misc":{"Tiempo de lectura":"4 minutos"},"schema":{"@context":"https:\/\/schema.org","@graph":[{"@type":"WebPage","@id":"https:\/\/linmot.com\/es\/soluciones-industriales\/manipulacion-montaje\/","url":"https:\/\/linmot.com\/es\/soluciones-industriales\/manipulacion-montaje\/","name":"Manipulaci\u00f3n y montaje - Pick'n'Place, Assemble, Feed | LinMot","isPartOf":{"@id":"https:\/\/linmot.com\/es\/#website"},"primaryImageOfPage":{"@id":"https:\/\/linmot.com\/es\/soluciones-industriales\/manipulacion-montaje\/#primaryimage"},"image":{"@id":"https:\/\/linmot.com\/es\/soluciones-industriales\/manipulacion-montaje\/#primaryimage"},"thumbnailUrl":"https:\/\/linmot.com\/es\/wp-content\/uploads\/sites\/5\/2017\/11\/LinMot-Solutions-Hadling-Assembling-Industry.jpg","datePublished":"2017-11-07T14:29:07+00:00","dateModified":"2024-05-01T14:47:15+00:00","description":"Desde la manipulaci\u00f3n hasta el montaje: el ingeniero de planta encontrar\u00e1 los mejores componentes para una m\u00e1quina de producci\u00f3n moderna, de bajo mantenimiento y sin aire comprimido.","breadcrumb":{"@id":"https:\/\/linmot.com\/es\/soluciones-industriales\/manipulacion-montaje\/#breadcrumb"},"inLanguage":"es","potentialAction":[{"@type":"ReadAction","target":["https:\/\/linmot.com\/es\/soluciones-industriales\/manipulacion-montaje\/"]}]},{"@type":"ImageObject","inLanguage":"es","@id":"https:\/\/linmot.com\/es\/soluciones-industriales\/manipulacion-montaje\/#primaryimage","url":"https:\/\/linmot.com\/es\/wp-content\/uploads\/sites\/5\/2017\/11\/LinMot-Solutions-Hadling-Assembling-Industry.jpg","contentUrl":"https:\/\/linmot.com\/es\/wp-content\/uploads\/sites\/5\/2017\/11\/LinMot-Solutions-Hadling-Assembling-Industry.jpg","width":940,"height":300,"caption":""},{"@type":"BreadcrumbList","@id":"https:\/\/linmot.com\/es\/soluciones-industriales\/manipulacion-montaje\/#breadcrumb","itemListElement":[{"@type":"ListItem","position":1,"name":"Home","item":"https:\/\/linmot.com\/es\/"},{"@type":"ListItem","position":2,"name":"Soluciones industriales","item":"https:\/\/linmot.com\/es\/soluciones-industriales\/"},{"@type":"ListItem","position":3,"name":"Manipulaci\u00f3n y Montaje"}]},{"@type":"WebSite","@id":"https:\/\/linmot.com\/es\/#website","url":"https:\/\/linmot.com\/es\/","name":"LinMot &amp; MagSpring - Espa\u00f1ol","description":"Motores lineales y sistemas de motores lineales de alta calidad","publisher":{"@id":"https:\/\/linmot.com\/es\/#organization"},"potentialAction":[{"@type":"SearchAction","target":{"@type":"EntryPoint","urlTemplate":"https:\/\/linmot.com\/es\/?s={search_term_string}"},"query-input":{"@type":"PropertyValueSpecification","valueRequired":true,"valueName":"search_term_string"}}],"inLanguage":"es"},{"@type":"Organization","@id":"https:\/\/linmot.com\/es\/#organization","name":"NTI AG - LinMot & MagSpring","url":"https:\/\/linmot.com\/es\/","logo":{"@type":"ImageObject","inLanguage":"es","@id":"https:\/\/linmot.com\/es\/#\/schema\/logo\/image\/","url":"https:\/\/linmot.com\/es\/wp-content\/uploads\/sites\/5\/2022\/05\/linmot-social-share-logo.jpg","contentUrl":"https:\/\/linmot.com\/es\/wp-content\/uploads\/sites\/5\/2022\/05\/linmot-social-share-logo.jpg","width":800,"height":500,"caption":"NTI AG - LinMot & MagSpring"},"image":{"@id":"https:\/\/linmot.com\/es\/#\/schema\/logo\/image\/"},"sameAs":["https:\/\/www.linkedin.com\/company\/nti-ag-linmot-magspring","https:\/\/www.youtube.com\/user\/LinMotEurope"]}]}},"_links":{"self":[{"href":"https:\/\/linmot.com\/es\/wp-json\/wp\/v2\/pages\/223","targetHints":{"allow":["GET"]}}],"collection":[{"href":"https:\/\/linmot.com\/es\/wp-json\/wp\/v2\/pages"}],"about":[{"href":"https:\/\/linmot.com\/es\/wp-json\/wp\/v2\/types\/page"}],"author":[{"embeddable":true,"href":"https:\/\/linmot.com\/es\/wp-json\/wp\/v2\/users\/1"}],"replies":[{"embeddable":true,"href":"https:\/\/linmot.com\/es\/wp-json\/wp\/v2\/comments?post=223"}],"version-history":[{"count":16,"href":"https:\/\/linmot.com\/es\/wp-json\/wp\/v2\/pages\/223\/revisions"}],"predecessor-version":[{"id":3386,"href":"https:\/\/linmot.com\/es\/wp-json\/wp\/v2\/pages\/223\/revisions\/3386"}],"up":[{"embeddable":true,"href":"https:\/\/linmot.com\/es\/wp-json\/wp\/v2\/pages\/8"}],"wp:attachment":[{"href":"https:\/\/linmot.com\/es\/wp-json\/wp\/v2\/media?parent=223"}],"curies":[{"name":"wp","href":"https:\/\/api.w.org\/{rel}","templated":true}]}}