{"id":220,"date":"2017-11-07T15:27:15","date_gmt":"2017-11-07T14:27:15","guid":{"rendered":"https:\/\/linmot.com\/?page_id=220"},"modified":"2024-05-08T09:25:55","modified_gmt":"2024-05-08T09:25:55","slug":"medicina-farmacia","status":"publish","type":"page","link":"https:\/\/linmot.com\/es\/soluciones-industriales\/medicina-farmacia\/","title":{"rendered":"Medicina y Farmacia"},"content":{"rendered":"<p><strong>El rango de aplicaciones de motores lineales en el sector m\u00e9dico y farmac\u00e9utico es muy amplio.<\/strong><\/p>\n<img loading=\"lazy\" decoding=\"async\" class=\"aligncenter size-full wp-image-221\" src=\"https:\/\/linmot.com\/es\/wp-content\/uploads\/sites\/5\/2017\/11\/LinMot-Solutions-Medical-Pharmaceutical-Industry.jpg\" alt=\"\" width=\"940\" height=\"300\" srcset=\"https:\/\/linmot.com\/es\/wp-content\/uploads\/sites\/5\/2017\/11\/LinMot-Solutions-Medical-Pharmaceutical-Industry.jpg 940w, https:\/\/linmot.com\/es\/wp-content\/uploads\/sites\/5\/2017\/11\/LinMot-Solutions-Medical-Pharmaceutical-Industry-300x96.jpg 300w, https:\/\/linmot.com\/es\/wp-content\/uploads\/sites\/5\/2017\/11\/LinMot-Solutions-Medical-Pharmaceutical-Industry-768x245.jpg 768w\" sizes=\"auto, (max-width: 940px) 100vw, 940px\" \/>\n<p>Para la manipulaci\u00f3n de muestras de sangre, conteo y llenado de p\u00edldoras, o para el empaquetado complejo de medicamentos, los servosistemas LinMot proporcionan un alto nivel de din\u00e1mica y precisi\u00f3n en la implementaci\u00f3n de estas tareas. El dise\u00f1o higi\u00e9nico de los motores lineales hace que sea posible procesar limpiamente estos productos altamente sensibles, de acuerdo con las regulaciones de sala limpia.<\/p>\n<p>Los usuarios se benefician con la experiencia de las soluciones de servosistemas que ya han sido implementadas con \u00e9xito en las \u00e1reas de:<\/p>\n<div class=\"row\">\n<div class=\"col-sm-4\">\n<ul>\n<li>Estaciones flexibles de llenado<\/li>\n<li>Medici\u00f3n y conteo<\/li>\n<li>Inserci\u00f3n<\/li>\n<li>Cierres<\/li>\n<\/ul>\n<\/div>\n<div class=\"col-sm-4\">\n<ul>\n<li>Control de cierres<\/li>\n<li>Embalajes de cart\u00f3n<\/li>\n<li>Etiquetado<\/li>\n<li>Sistemas Pick &amp; Place<\/li>\n<\/ul>\n<\/div>\n<div class=\"col-sm-4\">\n<ul>\n<li>Manipulaci\u00f3n y paletizado de productos<\/li>\n<li>Manipulaci\u00f3n de bl\u00edster &amp; bandejas<\/li>\n<li>Sistemas de embalaje para bl\u00edster y bandejas<\/li>\n<li>etc.<\/li>\n<\/ul>\n<\/div>\n<\/div>\n<p>LinMot ha desarrollado m\u00f3dulos especiales de acero inoxidable para aplicaciones en la industria m\u00e9dica y farmac\u00e9utica. Dise\u00f1ados para un entorno exigente, los motores lineales compactos LinMot SSC est\u00e1n fabricados en acero inoxidable EN 1.4404\/AISI 316. Para evitar la acumulaci\u00f3n de suciedad, los motores est\u00e1n dise\u00f1ados sin bordes ni esquinas innecesarios, as\u00ed como sin agujeros ni conexiones de tornillos. Pueden utilizarse en m\u00e1quinas y sistemas de procesamiento de alimentos o en la industria farmac\u00e9utica. En este caso, pueden hacer frente f\u00e1cilmente a entornos extremadamente duros o corrosivos y pueden limpiarse con todos los agentes de limpieza habituales en la industria sin dudarlo.<\/p>\n<p>En esta p\u00e1gina encontrar\u00e1 una visi\u00f3n general de todos los productos LinMot: <\/p>\n<p><a class=\"button\" href=\"\/es\/los-productos-de-linmot-y-magspring\/\">A la visi\u00f3n general de los productos<\/a><\/p>\n<hr \/>\n<h2>Informes de aplicaci\u00f3n de la industria m\u00e9dica y farmac\u00e9utica<\/h2>\n<div class=\"row download\">\n<div class=\"col-md-3\">\n<h4 class=\"download-title\">La producci\u00f3n farmac\u00e9utica en tiempos de la pandemia de Covid 19<\/h4>\n<p class=\"bodytext\" align=\"justify\">Sistemas de llenado y tapado multiformato de Zellwag Pharmtech AG con motores de elevaci\u00f3n y rotaci\u00f3n precisos de LinMot.<\/p>\n<p><a class=\"button\" href=\"\/es\/blog\/la-produccion-farmaceutica-en-tiempos-de-la-pandemia-de-covid-19\/\">M\u00e1s informaci\u00f3n<\/a><br \/>\n<\/div>\n<div class=\"col-md-2\">\n<img loading=\"lazy\" decoding=\"async\" class=\"alignnone wp-image-3296 size-full\" src=\"https:\/\/linmot.com\/wp-content\/uploads\/2022\/08\/pharmaceutical-production-during-covid-19-application-report.jpg\" alt=\"\" width=\"220\" height=\"220\" \/><br \/>\n<\/div>\n<div class=\"col-md-2\">\n<\/div>\n<div class=\"col-md-3\">\n<h4 class=\"download-title\">Sistemas LinMot en m\u00e1quinas farmac\u00e9uticas de AFAQ<\/h4>\n<p class=\"bodytext\" align=\"justify\">El sector farmac\u00e9utico est\u00e1 considerado como uno de los m\u00e1s exigentes en el \u00e1mbito industrial. Los dise\u00f1adores y constructores de m\u00e1quinas deben tener en cuenta muchas reglas y normas, as\u00ed como la aplicaci\u00f3n obligatoria de las cGMP (buenas pr\u00e1cticas de fabricaci\u00f3n actuales).<\/p>\n<p><a class=\"button\" href=\"\/es\/blog\/sistemas-linmot-en-maquinas-farmaceuticas-de-afaq\/\">M\u00e1s informaci\u00f3n<\/a><br \/>\n<\/div>\n<div class=\"col-md-2\">\n<img loading=\"lazy\" decoding=\"async\" class=\"alignnone size-full wp-image-1936\" src=\"https:\/\/linmot.com\/de\/wp-content\/uploads\/sites\/2\/2023\/01\/vorschau-afaq-application-report.jpg\" alt=\"\" width=\"220\" height=\"220\" \/><br \/>\n<\/div>\n<\/div>\n<div class=\"row download\">\n<div class=\"col-md-3\">\n<h4 class=\"download-title\">La lucha contra la falsificaci\u00f3n de medicamentos<\/h4>\n<p class=\"bodytext\" align=\"justify\">75.000 millones de d\u00f3lares estadounidenses al a\u00f1o. Seg\u00fan la Organizaci\u00f3n Mundial de la Salud (OMS), este es el valor de mercado estimado de los medicamentos falsificados en todo el mundo. Un statu quo insostenible de la pol\u00edtica farmac\u00e9utica. Con m\u00e1s de 6.000 millones de productos procesados al a\u00f1o y con la tecnolog\u00eda de accionamiento lineal l\u00edder de LinMot, las exclusivas m\u00e1quinas codificadoras de Hicof encabezan la iniciativa contra la falsificaci\u00f3n.<\/p>\n<p><a class=\"button\" href=\"\/es\/blog\/la-lucha-contra-la-falsificacion-de-medicamentos\/\">M\u00e1s informaci\u00f3n<\/a><br \/>\n<\/div>\n<div class=\"col-md-2\">\n<img loading=\"lazy\" decoding=\"async\" class=\"aligncenter size-full wp-image-4070\" src=\"https:\/\/linmot.com\/de\/wp-content\/uploads\/sites\/2\/2023\/02\/vorschau-kampf-medikamentenfaelschung.jpg\" alt=\"\" width=\"220\" height=\"220\" \/><br \/>\n<\/div>\n<div class=\"col-md-2\">\n<\/div>\n<div class=\"col-md-3\">\n<h4 class=\"download-title\">Motor lineal como pulm\u00f3n artificial<\/h4>\n<p class=\"bodytext\" align=\"justify\">Las mascarillas m\u00e9dicas antibacterianas pueden ayudar a reducir la propagaci\u00f3n del virus COVID-19. Otras medidas sencillas aumentan significativamente su eficacia protectora. As\u00ed lo confirman las investigaciones sistem\u00e1ticas y reproducibles realizadas por la OTH Regensburg con un simulador pulmonar que utiliza motores lineales de LinMot.<\/p>\n<p><a class=\"button\" href=\"\/es\/blog\/covid-19-motor-lineal-como-pulmon-artificial-para-pruebas-con-mascarilla\/\">M\u00e1s informaci\u00f3n<\/a><br \/>\n<\/div>\n<div class=\"col-md-2\">\n<img loading=\"lazy\" decoding=\"async\" class=\"aligncenter size-full wp-image-4074\" src=\"https:\/\/linmot.com\/de\/wp-content\/uploads\/sites\/2\/2023\/02\/vorschau-covid-19-maskentests.jpg\" alt=\"\" width=\"218\" height=\"220\" \/><br \/>\n<\/div>\n<\/div>\n<div class=\"row download\">\n<div class=\"col-md-3\">\n<h4 class=\"download-title\">Las m\u00e1quinas de llenado y sellado de Zellwag AG<\/h4>\n<p class=\"bodytext\" align=\"justify\">Din\u00e1mica en la industria de las m\u00e1quinas de llenado y sellado. Desde 2002, Zellwag AG conf\u00eda en los motores lineales a la hora de construir sus m\u00e1quinas de llenado y sellado totalmente automatizadas para productos farmac\u00e9uticos y cosm\u00e9ticos.<\/p>\n<p><a class=\"button\" href=\"\/es\/blog\/hasta-las-estrellas-y-mas-alla-las-maquinas-llenadoras-y-selladoras-de-zellwag-ag\/\">M\u00e1s informaci\u00f3n<\/a><br \/>\n<\/div>\n<div class=\"col-md-2\">\n<img loading=\"lazy\" decoding=\"async\" class=\"alignnone wp-image-3297 size-full\" src=\"https:\/\/linmot.com\/de\/wp-content\/uploads\/sites\/2\/2022\/04\/zellwag-fuell-und-verschliessmaschinen.jpg\" alt=\"\" width=\"220\" height=\"220\" \/><br \/>\n<\/div>\n<div class=\"col-md-2\">\n<\/div>\n<div class=\"col-md-3\">\n<h4 class=\"download-title\">Superando los l\u00edmites con LinMot<\/h4>\n<p class=\"bodytext\" align=\"justify\">Los motores lineales son especialmente adecuados para su uso en la sala limpia farmac\u00e9utica. Esto se debe a que son poco abrasivas, requieren poca lubricaci\u00f3n s\u00f3lo a intervalos largos y son f\u00e1ciles de limpiar. Esta no es la \u00fanica raz\u00f3n por la que son la tecnolog\u00eda m\u00e1s avanzada para el renombrado fabricante suizo de envases primarios Hoffmann Neopac AG y un componente indispensable de las modernas plantas de producci\u00f3n farmac\u00e9utica.<\/p>\n<p><a class=\"button\" href=\"\/es\/blog\/superando-los-limites-con-linmot\/\">M\u00e1s informaci\u00f3n<\/a><br \/>\n<\/div>\n<div class=\"col-md-2\">\n<img loading=\"lazy\" decoding=\"async\" class=\"alignnone wp-image-3297 size-full\" src=\"https:\/\/linmot.com\/de\/wp-content\/uploads\/sites\/2\/2023\/02\/vorschau-tube-druecken.jpg\" alt=\"\" width=\"220\" height=\"220\" \/><br \/>\n<\/div>\n<\/div>\n","protected":false},"excerpt":{"rendered":"<p>El rango de aplicaciones de motores lineales en el sector m\u00e9dico y farmac\u00e9utico es muy amplio. Para la manipulaci\u00f3n de muestras de sangre, conteo y llenado de p\u00edldoras, o para el empaquetado complejo de medicamentos, los servosistemas LinMot proporcionan un alto nivel de din\u00e1mica y precisi\u00f3n en la implementaci\u00f3n de estas tareas. El dise\u00f1o higi\u00e9nico [&hellip;]<\/p>\n","protected":false},"author":1,"featured_media":0,"parent":8,"menu_order":49,"comment_status":"closed","ping_status":"closed","template":"","meta":{"_acf_changed":false,"footnotes":""},"class_list":["post-220","page","type-page","status-publish","hentry"],"acf":[],"yoast_head":"<!-- This site is optimized with the Yoast SEO Premium plugin v20.9 (Yoast SEO v27.2) - https:\/\/yoast.com\/product\/yoast-seo-premium-wordpress\/ -->\n<title>Medicina y farmacia - Dosificaci\u00f3n, recuento y sellado | LinMot<\/title>\n<meta name=\"description\" content=\"Gracias a su dise\u00f1o higi\u00e9nico y a la tecnolog\u00eda de sensores integrada y calibrable, las aplicaciones del sector m\u00e9dico y farmac\u00e9utico con normas de sala blanca pueden procesarse de forma limpia.\" \/>\n<meta name=\"robots\" content=\"index, follow, max-snippet:-1, max-image-preview:large, max-video-preview:-1\" \/>\n<link rel=\"canonical\" href=\"https:\/\/linmot.com\/es\/soluciones-industriales\/medicina-farmacia\/\" \/>\n<meta property=\"og:locale\" content=\"es_ES\" \/>\n<meta property=\"og:type\" content=\"article\" \/>\n<meta property=\"og:title\" content=\"Medicina y farmacia - Dosificaci\u00f3n, recuento y sellado | LinMot\" \/>\n<meta property=\"og:description\" content=\"Gracias a su dise\u00f1o higi\u00e9nico y a la tecnolog\u00eda de sensores integrada y calibrable, las aplicaciones del sector m\u00e9dico y farmac\u00e9utico con normas de sala blanca pueden procesarse de forma limpia.\" \/>\n<meta property=\"og:url\" content=\"https:\/\/linmot.com\/es\/soluciones-industriales\/medicina-farmacia\/\" \/>\n<meta property=\"og:site_name\" content=\"LinMot &amp; MagSpring - Espa\u00f1ol\" \/>\n<meta property=\"article:modified_time\" content=\"2024-05-08T09:25:55+00:00\" \/>\n<meta property=\"og:image\" content=\"https:\/\/linmot.com\/es\/wp-content\/uploads\/sites\/5\/2017\/11\/LinMot-Solutions-Medical-Pharmaceutical-Industry.jpg\" \/>\n\t<meta property=\"og:image:width\" content=\"940\" \/>\n\t<meta property=\"og:image:height\" content=\"300\" \/>\n\t<meta property=\"og:image:type\" content=\"image\/jpeg\" \/>\n<meta name=\"twitter:card\" content=\"summary_large_image\" \/>\n<meta name=\"twitter:title\" content=\"Medicina y farmacia - Dosificaci\u00f3n, recuento y sellado | LinMot\" \/>\n<meta name=\"twitter:description\" content=\"Gracias a su dise\u00f1o higi\u00e9nico y a la tecnolog\u00eda de sensores integrada y calibrable, las aplicaciones del sector m\u00e9dico y farmac\u00e9utico con normas de sala blanca pueden procesarse de forma limpia.\" \/>\n<meta name=\"twitter:label1\" content=\"Tiempo de lectura\" \/>\n\t<meta name=\"twitter:data1\" content=\"5 minutos\" \/>\n<script type=\"application\/ld+json\" class=\"yoast-schema-graph\">{\"@context\":\"https:\/\/schema.org\",\"@graph\":[{\"@type\":\"WebPage\",\"@id\":\"https:\/\/linmot.com\/es\/soluciones-industriales\/medicina-farmacia\/\",\"url\":\"https:\/\/linmot.com\/es\/soluciones-industriales\/medicina-farmacia\/\",\"name\":\"Medicina y farmacia - Dosificaci\u00f3n, recuento y sellado | LinMot\",\"isPartOf\":{\"@id\":\"https:\/\/linmot.com\/es\/#website\"},\"primaryImageOfPage\":{\"@id\":\"https:\/\/linmot.com\/es\/soluciones-industriales\/medicina-farmacia\/#primaryimage\"},\"image\":{\"@id\":\"https:\/\/linmot.com\/es\/soluciones-industriales\/medicina-farmacia\/#primaryimage\"},\"thumbnailUrl\":\"https:\/\/linmot.com\/es\/wp-content\/uploads\/sites\/5\/2017\/11\/LinMot-Solutions-Medical-Pharmaceutical-Industry.jpg\",\"datePublished\":\"2017-11-07T14:27:15+00:00\",\"dateModified\":\"2024-05-08T09:25:55+00:00\",\"description\":\"Gracias a su dise\u00f1o higi\u00e9nico y a la tecnolog\u00eda de sensores integrada y calibrable, las aplicaciones del sector m\u00e9dico y farmac\u00e9utico con normas de sala blanca pueden procesarse de forma limpia.\",\"breadcrumb\":{\"@id\":\"https:\/\/linmot.com\/es\/soluciones-industriales\/medicina-farmacia\/#breadcrumb\"},\"inLanguage\":\"es\",\"potentialAction\":[{\"@type\":\"ReadAction\",\"target\":[\"https:\/\/linmot.com\/es\/soluciones-industriales\/medicina-farmacia\/\"]}]},{\"@type\":\"ImageObject\",\"inLanguage\":\"es\",\"@id\":\"https:\/\/linmot.com\/es\/soluciones-industriales\/medicina-farmacia\/#primaryimage\",\"url\":\"https:\/\/linmot.com\/es\/wp-content\/uploads\/sites\/5\/2017\/11\/LinMot-Solutions-Medical-Pharmaceutical-Industry.jpg\",\"contentUrl\":\"https:\/\/linmot.com\/es\/wp-content\/uploads\/sites\/5\/2017\/11\/LinMot-Solutions-Medical-Pharmaceutical-Industry.jpg\",\"width\":940,\"height\":300,\"caption\":\"\"},{\"@type\":\"BreadcrumbList\",\"@id\":\"https:\/\/linmot.com\/es\/soluciones-industriales\/medicina-farmacia\/#breadcrumb\",\"itemListElement\":[{\"@type\":\"ListItem\",\"position\":1,\"name\":\"Home\",\"item\":\"https:\/\/linmot.com\/es\/\"},{\"@type\":\"ListItem\",\"position\":2,\"name\":\"Soluciones industriales\",\"item\":\"https:\/\/linmot.com\/es\/soluciones-industriales\/\"},{\"@type\":\"ListItem\",\"position\":3,\"name\":\"Medicina y Farmacia\"}]},{\"@type\":\"WebSite\",\"@id\":\"https:\/\/linmot.com\/es\/#website\",\"url\":\"https:\/\/linmot.com\/es\/\",\"name\":\"LinMot &amp; MagSpring - Espa\u00f1ol\",\"description\":\"Motores lineales y sistemas de motores lineales de alta calidad\",\"publisher\":{\"@id\":\"https:\/\/linmot.com\/es\/#organization\"},\"potentialAction\":[{\"@type\":\"SearchAction\",\"target\":{\"@type\":\"EntryPoint\",\"urlTemplate\":\"https:\/\/linmot.com\/es\/?s={search_term_string}\"},\"query-input\":{\"@type\":\"PropertyValueSpecification\",\"valueRequired\":true,\"valueName\":\"search_term_string\"}}],\"inLanguage\":\"es\"},{\"@type\":\"Organization\",\"@id\":\"https:\/\/linmot.com\/es\/#organization\",\"name\":\"NTI AG - LinMot & MagSpring\",\"url\":\"https:\/\/linmot.com\/es\/\",\"logo\":{\"@type\":\"ImageObject\",\"inLanguage\":\"es\",\"@id\":\"https:\/\/linmot.com\/es\/#\/schema\/logo\/image\/\",\"url\":\"https:\/\/linmot.com\/es\/wp-content\/uploads\/sites\/5\/2022\/05\/linmot-social-share-logo.jpg\",\"contentUrl\":\"https:\/\/linmot.com\/es\/wp-content\/uploads\/sites\/5\/2022\/05\/linmot-social-share-logo.jpg\",\"width\":800,\"height\":500,\"caption\":\"NTI AG - LinMot & MagSpring\"},\"image\":{\"@id\":\"https:\/\/linmot.com\/es\/#\/schema\/logo\/image\/\"},\"sameAs\":[\"https:\/\/www.linkedin.com\/company\/nti-ag-linmot-magspring\",\"https:\/\/www.youtube.com\/user\/LinMotEurope\"]}]}<\/script>\n<!-- \/ Yoast SEO Premium plugin. -->","yoast_head_json":{"title":"Medicina y farmacia - Dosificaci\u00f3n, recuento y sellado | LinMot","description":"Gracias a su dise\u00f1o higi\u00e9nico y a la tecnolog\u00eda de sensores integrada y calibrable, las aplicaciones del sector m\u00e9dico y farmac\u00e9utico con normas de sala blanca pueden procesarse de forma limpia.","robots":{"index":"index","follow":"follow","max-snippet":"max-snippet:-1","max-image-preview":"max-image-preview:large","max-video-preview":"max-video-preview:-1"},"canonical":"https:\/\/linmot.com\/es\/soluciones-industriales\/medicina-farmacia\/","og_locale":"es_ES","og_type":"article","og_title":"Medicina y farmacia - Dosificaci\u00f3n, recuento y sellado | LinMot","og_description":"Gracias a su dise\u00f1o higi\u00e9nico y a la tecnolog\u00eda de sensores integrada y calibrable, las aplicaciones del sector m\u00e9dico y farmac\u00e9utico con normas de sala blanca pueden procesarse de forma limpia.","og_url":"https:\/\/linmot.com\/es\/soluciones-industriales\/medicina-farmacia\/","og_site_name":"LinMot &amp; MagSpring - Espa\u00f1ol","article_modified_time":"2024-05-08T09:25:55+00:00","og_image":[{"width":940,"height":300,"url":"https:\/\/linmot.com\/es\/wp-content\/uploads\/sites\/5\/2017\/11\/LinMot-Solutions-Medical-Pharmaceutical-Industry.jpg","type":"image\/jpeg"}],"twitter_card":"summary_large_image","twitter_title":"Medicina y farmacia - Dosificaci\u00f3n, recuento y sellado | LinMot","twitter_description":"Gracias a su dise\u00f1o higi\u00e9nico y a la tecnolog\u00eda de sensores integrada y calibrable, las aplicaciones del sector m\u00e9dico y farmac\u00e9utico con normas de sala blanca pueden procesarse de forma limpia.","twitter_misc":{"Tiempo de lectura":"5 minutos"},"schema":{"@context":"https:\/\/schema.org","@graph":[{"@type":"WebPage","@id":"https:\/\/linmot.com\/es\/soluciones-industriales\/medicina-farmacia\/","url":"https:\/\/linmot.com\/es\/soluciones-industriales\/medicina-farmacia\/","name":"Medicina y farmacia - Dosificaci\u00f3n, recuento y sellado | LinMot","isPartOf":{"@id":"https:\/\/linmot.com\/es\/#website"},"primaryImageOfPage":{"@id":"https:\/\/linmot.com\/es\/soluciones-industriales\/medicina-farmacia\/#primaryimage"},"image":{"@id":"https:\/\/linmot.com\/es\/soluciones-industriales\/medicina-farmacia\/#primaryimage"},"thumbnailUrl":"https:\/\/linmot.com\/es\/wp-content\/uploads\/sites\/5\/2017\/11\/LinMot-Solutions-Medical-Pharmaceutical-Industry.jpg","datePublished":"2017-11-07T14:27:15+00:00","dateModified":"2024-05-08T09:25:55+00:00","description":"Gracias a su dise\u00f1o higi\u00e9nico y a la tecnolog\u00eda de sensores integrada y calibrable, las aplicaciones del sector m\u00e9dico y farmac\u00e9utico con normas de sala blanca pueden procesarse de forma limpia.","breadcrumb":{"@id":"https:\/\/linmot.com\/es\/soluciones-industriales\/medicina-farmacia\/#breadcrumb"},"inLanguage":"es","potentialAction":[{"@type":"ReadAction","target":["https:\/\/linmot.com\/es\/soluciones-industriales\/medicina-farmacia\/"]}]},{"@type":"ImageObject","inLanguage":"es","@id":"https:\/\/linmot.com\/es\/soluciones-industriales\/medicina-farmacia\/#primaryimage","url":"https:\/\/linmot.com\/es\/wp-content\/uploads\/sites\/5\/2017\/11\/LinMot-Solutions-Medical-Pharmaceutical-Industry.jpg","contentUrl":"https:\/\/linmot.com\/es\/wp-content\/uploads\/sites\/5\/2017\/11\/LinMot-Solutions-Medical-Pharmaceutical-Industry.jpg","width":940,"height":300,"caption":""},{"@type":"BreadcrumbList","@id":"https:\/\/linmot.com\/es\/soluciones-industriales\/medicina-farmacia\/#breadcrumb","itemListElement":[{"@type":"ListItem","position":1,"name":"Home","item":"https:\/\/linmot.com\/es\/"},{"@type":"ListItem","position":2,"name":"Soluciones industriales","item":"https:\/\/linmot.com\/es\/soluciones-industriales\/"},{"@type":"ListItem","position":3,"name":"Medicina y Farmacia"}]},{"@type":"WebSite","@id":"https:\/\/linmot.com\/es\/#website","url":"https:\/\/linmot.com\/es\/","name":"LinMot &amp; MagSpring - Espa\u00f1ol","description":"Motores lineales y sistemas de motores lineales de alta calidad","publisher":{"@id":"https:\/\/linmot.com\/es\/#organization"},"potentialAction":[{"@type":"SearchAction","target":{"@type":"EntryPoint","urlTemplate":"https:\/\/linmot.com\/es\/?s={search_term_string}"},"query-input":{"@type":"PropertyValueSpecification","valueRequired":true,"valueName":"search_term_string"}}],"inLanguage":"es"},{"@type":"Organization","@id":"https:\/\/linmot.com\/es\/#organization","name":"NTI AG - LinMot & MagSpring","url":"https:\/\/linmot.com\/es\/","logo":{"@type":"ImageObject","inLanguage":"es","@id":"https:\/\/linmot.com\/es\/#\/schema\/logo\/image\/","url":"https:\/\/linmot.com\/es\/wp-content\/uploads\/sites\/5\/2022\/05\/linmot-social-share-logo.jpg","contentUrl":"https:\/\/linmot.com\/es\/wp-content\/uploads\/sites\/5\/2022\/05\/linmot-social-share-logo.jpg","width":800,"height":500,"caption":"NTI AG - LinMot & MagSpring"},"image":{"@id":"https:\/\/linmot.com\/es\/#\/schema\/logo\/image\/"},"sameAs":["https:\/\/www.linkedin.com\/company\/nti-ag-linmot-magspring","https:\/\/www.youtube.com\/user\/LinMotEurope"]}]}},"_links":{"self":[{"href":"https:\/\/linmot.com\/es\/wp-json\/wp\/v2\/pages\/220","targetHints":{"allow":["GET"]}}],"collection":[{"href":"https:\/\/linmot.com\/es\/wp-json\/wp\/v2\/pages"}],"about":[{"href":"https:\/\/linmot.com\/es\/wp-json\/wp\/v2\/types\/page"}],"author":[{"embeddable":true,"href":"https:\/\/linmot.com\/es\/wp-json\/wp\/v2\/users\/1"}],"replies":[{"embeddable":true,"href":"https:\/\/linmot.com\/es\/wp-json\/wp\/v2\/comments?post=220"}],"version-history":[{"count":16,"href":"https:\/\/linmot.com\/es\/wp-json\/wp\/v2\/pages\/220\/revisions"}],"predecessor-version":[{"id":3389,"href":"https:\/\/linmot.com\/es\/wp-json\/wp\/v2\/pages\/220\/revisions\/3389"}],"up":[{"embeddable":true,"href":"https:\/\/linmot.com\/es\/wp-json\/wp\/v2\/pages\/8"}],"wp:attachment":[{"href":"https:\/\/linmot.com\/es\/wp-json\/wp\/v2\/media?parent=220"}],"curies":[{"name":"wp","href":"https:\/\/api.w.org\/{rel}","templated":true}]}}