{"id":216,"date":"2017-11-07T15:25:11","date_gmt":"2017-11-07T14:25:11","guid":{"rendered":"https:\/\/linmot.com\/?page_id=216"},"modified":"2024-05-01T14:49:20","modified_gmt":"2024-05-01T14:49:20","slug":"embalaje","status":"publish","type":"page","link":"https:\/\/linmot.com\/es\/soluciones-industriales\/embalaje\/","title":{"rendered":"Embalaje"},"content":{"rendered":"<p><strong>Se necesitan motores precisos y sensibles para empaquetar dispositivos sensibles.<\/strong><\/p>\n<img loading=\"lazy\" decoding=\"async\" class=\"aligncenter wp-image-218 size-full\" src=\"https:\/\/linmot.com\/es\/wp-content\/uploads\/sites\/5\/2017\/11\/LinMot-Solutions-Packaging-Industry.jpg\" alt=\"Envasado\" width=\"940\" height=\"300\" srcset=\"https:\/\/linmot.com\/es\/wp-content\/uploads\/sites\/5\/2017\/11\/LinMot-Solutions-Packaging-Industry.jpg 940w, https:\/\/linmot.com\/es\/wp-content\/uploads\/sites\/5\/2017\/11\/LinMot-Solutions-Packaging-Industry-300x96.jpg 300w, https:\/\/linmot.com\/es\/wp-content\/uploads\/sites\/5\/2017\/11\/LinMot-Solutions-Packaging-Industry-768x245.jpg 768w\" sizes=\"auto, (max-width: 940px) 100vw, 940px\" \/>\n<p>El envasado y empaquetado es una parte indispensable de la vida cotidiana. La amplia gama de productos que nos encontramos cada d\u00eda resulta en una amplia gama de tipos de envases. No solo la funcionalidad y el dise\u00f1o del paquete son importantes, sino tambi\u00e9n su producci\u00f3n. Debe ser tecnol\u00f3gicamente factible y con costes de fabricaci\u00f3n apropiados. Para cumplir estos requisitos, se necesitan m\u00e1quinas de envasado innovadoras, flexibles y completamente autom\u00e1ticas.<\/p>\n<p>Con la tecnolog\u00eda lineal de LinMot, estas m\u00e1quinas pueden ser equipadas con movimiento y control de forma muy eficaz.<\/p>\n<p>Los servosistemas altamente din\u00e1micos y duraderos aseguran un alto grado de productividad y disponibilidad. Los ejes programables pueden adaptarse r\u00e1pidamente a nuevos productos y tipos de envases mediante el accionamiento de un solo bot\u00f3n, proporcionando una monitorizaci\u00f3n continua de los par\u00e1metros de movimiento.<\/p>\n<p>Numerosas aplicaciones que ya se han implementado en la industria del embalaje demuestran que la tecnolog\u00eda de LinMot aumenta significativamente la velocidad de producci\u00f3n y la flexibilidad de la maquinaria de empaquetado.<\/p>\n<div class=\"row\">\n<div class=\"col-sm-4\">\n<ul>\n<li>Inserci\u00f3n<\/li>\n<li>Alimentaci\u00f3n<\/li>\n<li>Guiado<\/li>\n<\/ul>\n<\/div>\n<div class=\"col-sm-4\">\n<ul>\n<li>Cajas de cart\u00f3n<\/li>\n<li>Sellado<\/li>\n<li>Etiquetado<\/li>\n<\/ul>\n<\/div>\n<div class=\"col-sm-4\">\n<ul>\n<li>Descarga<\/li>\n<li>etc.<\/li>\n<\/ul>\n<\/div>\n<\/div>\n<p>En muchas de estas aplicaciones, los motores lineales se <a href=\"\/es\/soluciones-industriales\/sustitucion-neumatica\/\">utilizan como sustitutos de los cilindros neum\u00e1ticos<\/a> con el fin de que las m\u00e1quinas y los sistemas sean m\u00e1s flexibles, productivas y fiables, al mismo tiempo que se reduce el coste de energ\u00eda para cada paquete. Adem\u00e1s, se puede controlar y documentar con precisi\u00f3n cada uno de los pasos de envasado mediante la supervisi\u00f3n del proceso. Esto garantiza la calidad del producto.<\/p>\n<p>Para los procesos de envasado en los que hay contacto directo con los alimentos, tambi\u00e9n se ofrecen m\u00f3dulos complementarios. Est\u00e1n fabricados \u00edntegramente en acero inoxidable y utilizan lubricantes especiales aprobados para productos alimenticios. Como los accionamientos lineales no suelen sufrir desgaste, no se liberan part\u00edculas met\u00e1licas en el aire ni en los alimentos.<\/p>\n<hr \/>\n<h3>Informes de aplicaci\u00f3n de la industria del envasado<\/h3>\n<div class=\"row download\">\n<div class=\"col-md-3\">\n<h4 class=\"download-title\">El futuro de los embalajes para env\u00edos<\/h4>\n<p class=\"bodytext\" align=\"justify\">El comercio en l\u00ednea crece y crece. Con cada pedido completado, se activa al mismo tiempo una orden de env\u00edo. Para ofrecer una soluci\u00f3n \u00f3ptima en t\u00e9rminos de sostenibilidad y consumo de cart\u00f3n, la empresa de ingenier\u00eda mec\u00e1nica KRAFT ha desarrollado el \u00abKraft VPS100\u00bb. Incluye: motores lineales de LinMot.<\/p>\n<p><a class=\"button\" href=\"\/es\/blog\/el-futuro-de-los-embalajes-para-envios\/\">M\u00e1s informaci\u00f3n<\/a><br \/>\n<\/div>\n<div class=\"col-md-2\">\n<img loading=\"lazy\" decoding=\"async\" class=\"aligncenter size-full wp-image-4062\" src=\"https:\/\/linmot.com\/de\/wp-content\/uploads\/sites\/2\/2023\/01\/vorschau-versandverpackungen-kraft.jpg\" alt=\"\" width=\"220\" height=\"220\" \/><br \/>\n<\/div>\n<div class=\"col-md-2\">\n<\/div>\n<div class=\"col-md-3\">\n<h4 class=\"download-title\">El cambio en KR\u00d6NING con LinMot<\/h4>\n<p class=\"bodytext\" align=\"justify\">Los esfuerzos de sostenibilidad deben comenzar ya con la ingenier\u00eda de m\u00e1quinas de producci\u00f3n sostenible. Por este motivo, los constructores de m\u00e1quinas de Sajonia conf\u00edan en lo mejor en cuanto a potencia, adaptabilidad y sostenibilidad y utilizan la soluci\u00f3n de accionamiento DM01 completa de LinMot en su nuevo sistema de montaje de cajas de cart\u00f3n \u00abKKA\u00bb.<\/p>\n<p><a class=\"button\" href=\"\/es\/blog\/transicion-en-los-envases-el-cambio-en-kroning-con-linmot\/\">M\u00e1s informaci\u00f3n<\/a><br \/>\n<\/div>\n<div class=\"col-md-2\">\n<img loading=\"lazy\" decoding=\"async\" class=\"aligncenter size-full wp-image-4460\" src=\"https:\/\/linmot.com\/de\/wp-content\/uploads\/sites\/2\/2023\/08\/kroening-vorschau.jpg\" alt=\"\" width=\"220\" height=\"220\" \/><br \/>\n<\/div>\n<\/div>\n<div class=\"row download\">\n<div class=\"col-md-3\">\n<h4 class=\"download-title\">En l\u00ednea con la industria 4.0<\/h4>\n<p class=\"bodytext\" align=\"justify\">Con los motores rotolineales, los procesos de cierre y llenado pueden realizarse de forma especialmente din\u00e1mica y flexible. Por ello, el prestigioso fabricante de m\u00e1quinas de envasado OPTIMA las utiliza en las unidades de cierre de sus m\u00e1quinas monobloque y aut\u00f3nomas.<\/p>\n<p><a class=\"button\" href=\"\/es\/blog\/en-linea-con-la-industria-4-0\/\">M\u00e1s informaci\u00f3n<\/a><br \/>\n<\/div>\n<div class=\"col-md-2\">\n<img loading=\"lazy\" decoding=\"async\" class=\"alignnone wp-image-3296 size-full\" src=\"https:\/\/linmot.com\/de\/wp-content\/uploads\/sites\/2\/2023\/01\/vorschau-in-linie.jpg\" alt=\"\" width=\"220\" height=\"220\" \/><br \/>\n<\/div>\n<div class=\"col-md-2\">\n<\/div>\n<div class=\"col-md-3\">\n<h4 class=\"download-title\">Pliegues decorativos<\/h4>\n<p class=\"bodytext\" align=\"justify\">Plegado sencillo con motores lineales. Garantizar unos resultados de envasado \u00f3ptimos en todo momento, incluso cuando las propiedades del producto fluct\u00faan y los tipos de producto cambian con frecuencia, es uno de los mayores retos a los que se enfrenta un fabricante de maquinaria. Alpenland Maschinenbau GmbH, o ALPMA para abreviar, lo ha asumido y dominado con \u00e9xito.<\/p>\n<p><a class=\"button\" href=\"\/es\/blog\/pliegues-decorativos\/\">M\u00e1s informaci\u00f3n<\/a><br \/>\n<\/div>\n<div class=\"col-md-2\">\n<img loading=\"lazy\" decoding=\"async\" class=\"alignnone wp-image-3296 size-full\" src=\"https:\/\/linmot.com\/de\/wp-content\/uploads\/sites\/2\/2023\/08\/vorschau-schmucke-falten.jpg\" alt=\"\" width=\"220\" height=\"220\" \/><br \/>\n<\/div>\n<\/div>\n","protected":false},"excerpt":{"rendered":"<p>Se necesitan motores precisos y sensibles para empaquetar dispositivos sensibles. El envasado y empaquetado es una parte indispensable de la vida cotidiana. La amplia gama de productos que nos encontramos cada d\u00eda resulta en una amplia gama de tipos de envases. No solo la funcionalidad y el dise\u00f1o del paquete son importantes, sino tambi\u00e9n su [&hellip;]<\/p>\n","protected":false},"author":1,"featured_media":0,"parent":8,"menu_order":51,"comment_status":"closed","ping_status":"closed","template":"","meta":{"_acf_changed":false,"footnotes":""},"class_list":["post-216","page","type-page","status-publish","hentry"],"acf":[],"yoast_head":"<!-- This site is optimized with the Yoast SEO Premium plugin v20.9 (Yoast SEO v27.3) - https:\/\/yoast.com\/product\/yoast-seo-premium-wordpress\/ -->\n<title>Embalaje - alimentaci\u00f3n, estuchado, etiquetado | LinMot<\/title>\n<meta name=\"description\" content=\"Con la tecnolog\u00eda lineal de LinMot, su envasado es innovador, flexible y totalmente automatizado. Adem\u00e1s, se puede posicionar libremente y es din\u00e1mico.\" \/>\n<meta name=\"robots\" content=\"index, follow, max-snippet:-1, max-image-preview:large, max-video-preview:-1\" \/>\n<link rel=\"canonical\" href=\"https:\/\/linmot.com\/es\/soluciones-industriales\/embalaje\/\" \/>\n<meta property=\"og:locale\" content=\"es_ES\" \/>\n<meta property=\"og:type\" content=\"article\" \/>\n<meta property=\"og:title\" content=\"Envasado - alimentaci\u00f3n, estuchado, etiquetado | LinMot\" \/>\n<meta property=\"og:description\" content=\"Con la tecnolog\u00eda lineal de LinMot, su envasado es innovador, flexible y totalmente automatizado. Adem\u00e1s, se puede posicionar libremente y es din\u00e1mico.\" \/>\n<meta property=\"og:url\" content=\"https:\/\/linmot.com\/es\/soluciones-industriales\/embalaje\/\" \/>\n<meta property=\"og:site_name\" content=\"LinMot &amp; MagSpring - Espa\u00f1ol\" \/>\n<meta property=\"article:modified_time\" content=\"2024-05-01T14:49:20+00:00\" \/>\n<meta property=\"og:image\" content=\"https:\/\/linmot.com\/es\/wp-content\/uploads\/sites\/5\/2017\/11\/LinMot-Solutions-Packaging-Industry.jpg\" \/>\n\t<meta property=\"og:image:width\" content=\"940\" \/>\n\t<meta property=\"og:image:height\" content=\"300\" \/>\n\t<meta property=\"og:image:type\" content=\"image\/jpeg\" \/>\n<meta name=\"twitter:card\" content=\"summary_large_image\" \/>\n<meta name=\"twitter:title\" content=\"Envasado - alimentaci\u00f3n, estuchado, etiquetado | LinMot\" \/>\n<meta name=\"twitter:description\" content=\"Con la tecnolog\u00eda lineal de LinMot, su envasado es innovador, flexible y totalmente automatizado. Adem\u00e1s, se puede posicionar libremente y es din\u00e1mico.\" \/>\n<meta name=\"twitter:image\" content=\"https:\/\/linmot.com\/es\/wp-content\/uploads\/sites\/5\/2017\/11\/LinMot-Solutions-Packaging-Industry.jpg\" \/>\n<meta name=\"twitter:label1\" content=\"Tiempo de lectura\" \/>\n\t<meta name=\"twitter:data1\" content=\"4 minutos\" \/>\n<script type=\"application\/ld+json\" class=\"yoast-schema-graph\">{\"@context\":\"https:\\\/\\\/schema.org\",\"@graph\":[{\"@type\":\"WebPage\",\"@id\":\"https:\\\/\\\/linmot.com\\\/es\\\/soluciones-industriales\\\/embalaje\\\/\",\"url\":\"https:\\\/\\\/linmot.com\\\/es\\\/soluciones-industriales\\\/embalaje\\\/\",\"name\":\"Embalaje - alimentaci\u00f3n, estuchado, etiquetado | LinMot\",\"isPartOf\":{\"@id\":\"https:\\\/\\\/linmot.com\\\/es\\\/#website\"},\"primaryImageOfPage\":{\"@id\":\"https:\\\/\\\/linmot.com\\\/es\\\/soluciones-industriales\\\/embalaje\\\/#primaryimage\"},\"image\":{\"@id\":\"https:\\\/\\\/linmot.com\\\/es\\\/soluciones-industriales\\\/embalaje\\\/#primaryimage\"},\"thumbnailUrl\":\"https:\\\/\\\/linmot.com\\\/es\\\/wp-content\\\/uploads\\\/sites\\\/5\\\/2017\\\/11\\\/LinMot-Solutions-Packaging-Industry.jpg\",\"datePublished\":\"2017-11-07T14:25:11+00:00\",\"dateModified\":\"2024-05-01T14:49:20+00:00\",\"description\":\"Con la tecnolog\u00eda lineal de LinMot, su envasado es innovador, flexible y totalmente automatizado. Adem\u00e1s, se puede posicionar libremente y es din\u00e1mico.\",\"breadcrumb\":{\"@id\":\"https:\\\/\\\/linmot.com\\\/es\\\/soluciones-industriales\\\/embalaje\\\/#breadcrumb\"},\"inLanguage\":\"es\",\"potentialAction\":[{\"@type\":\"ReadAction\",\"target\":[\"https:\\\/\\\/linmot.com\\\/es\\\/soluciones-industriales\\\/embalaje\\\/\"]}]},{\"@type\":\"ImageObject\",\"inLanguage\":\"es\",\"@id\":\"https:\\\/\\\/linmot.com\\\/es\\\/soluciones-industriales\\\/embalaje\\\/#primaryimage\",\"url\":\"https:\\\/\\\/linmot.com\\\/es\\\/wp-content\\\/uploads\\\/sites\\\/5\\\/2017\\\/11\\\/LinMot-Solutions-Packaging-Industry.jpg\",\"contentUrl\":\"https:\\\/\\\/linmot.com\\\/es\\\/wp-content\\\/uploads\\\/sites\\\/5\\\/2017\\\/11\\\/LinMot-Solutions-Packaging-Industry.jpg\",\"width\":940,\"height\":300,\"caption\":\"\"},{\"@type\":\"BreadcrumbList\",\"@id\":\"https:\\\/\\\/linmot.com\\\/es\\\/soluciones-industriales\\\/embalaje\\\/#breadcrumb\",\"itemListElement\":[{\"@type\":\"ListItem\",\"position\":1,\"name\":\"Home\",\"item\":\"https:\\\/\\\/linmot.com\\\/es\\\/\"},{\"@type\":\"ListItem\",\"position\":2,\"name\":\"Soluciones industriales\",\"item\":\"https:\\\/\\\/linmot.com\\\/es\\\/soluciones-industriales\\\/\"},{\"@type\":\"ListItem\",\"position\":3,\"name\":\"Embalaje\"}]},{\"@type\":\"WebSite\",\"@id\":\"https:\\\/\\\/linmot.com\\\/es\\\/#website\",\"url\":\"https:\\\/\\\/linmot.com\\\/es\\\/\",\"name\":\"LinMot &amp; MagSpring - Espa\u00f1ol\",\"description\":\"Motores lineales y sistemas de motores lineales de alta calidad\",\"publisher\":{\"@id\":\"https:\\\/\\\/linmot.com\\\/es\\\/#organization\"},\"potentialAction\":[{\"@type\":\"SearchAction\",\"target\":{\"@type\":\"EntryPoint\",\"urlTemplate\":\"https:\\\/\\\/linmot.com\\\/es\\\/?s={search_term_string}\"},\"query-input\":{\"@type\":\"PropertyValueSpecification\",\"valueRequired\":true,\"valueName\":\"search_term_string\"}}],\"inLanguage\":\"es\"},{\"@type\":\"Organization\",\"@id\":\"https:\\\/\\\/linmot.com\\\/es\\\/#organization\",\"name\":\"NTI AG - LinMot & MagSpring\",\"url\":\"https:\\\/\\\/linmot.com\\\/es\\\/\",\"logo\":{\"@type\":\"ImageObject\",\"inLanguage\":\"es\",\"@id\":\"https:\\\/\\\/linmot.com\\\/es\\\/#\\\/schema\\\/logo\\\/image\\\/\",\"url\":\"https:\\\/\\\/linmot.com\\\/es\\\/wp-content\\\/uploads\\\/sites\\\/5\\\/2022\\\/05\\\/linmot-social-share-logo.jpg\",\"contentUrl\":\"https:\\\/\\\/linmot.com\\\/es\\\/wp-content\\\/uploads\\\/sites\\\/5\\\/2022\\\/05\\\/linmot-social-share-logo.jpg\",\"width\":800,\"height\":500,\"caption\":\"NTI AG - LinMot & MagSpring\"},\"image\":{\"@id\":\"https:\\\/\\\/linmot.com\\\/es\\\/#\\\/schema\\\/logo\\\/image\\\/\"},\"sameAs\":[\"https:\\\/\\\/www.linkedin.com\\\/company\\\/nti-ag-linmot-magspring\",\"https:\\\/\\\/www.youtube.com\\\/user\\\/LinMotEurope\"]}]}<\/script>\n<!-- \/ Yoast SEO Premium plugin. -->","yoast_head_json":{"title":"Embalaje - alimentaci\u00f3n, estuchado, etiquetado | LinMot","description":"Con la tecnolog\u00eda lineal de LinMot, su envasado es innovador, flexible y totalmente automatizado. Adem\u00e1s, se puede posicionar libremente y es din\u00e1mico.","robots":{"index":"index","follow":"follow","max-snippet":"max-snippet:-1","max-image-preview":"max-image-preview:large","max-video-preview":"max-video-preview:-1"},"canonical":"https:\/\/linmot.com\/es\/soluciones-industriales\/embalaje\/","og_locale":"es_ES","og_type":"article","og_title":"Envasado - alimentaci\u00f3n, estuchado, etiquetado | LinMot","og_description":"Con la tecnolog\u00eda lineal de LinMot, su envasado es innovador, flexible y totalmente automatizado. Adem\u00e1s, se puede posicionar libremente y es din\u00e1mico.","og_url":"https:\/\/linmot.com\/es\/soluciones-industriales\/embalaje\/","og_site_name":"LinMot &amp; MagSpring - Espa\u00f1ol","article_modified_time":"2024-05-01T14:49:20+00:00","og_image":[{"width":940,"height":300,"url":"https:\/\/linmot.com\/es\/wp-content\/uploads\/sites\/5\/2017\/11\/LinMot-Solutions-Packaging-Industry.jpg","type":"image\/jpeg"}],"twitter_card":"summary_large_image","twitter_title":"Envasado - alimentaci\u00f3n, estuchado, etiquetado | LinMot","twitter_description":"Con la tecnolog\u00eda lineal de LinMot, su envasado es innovador, flexible y totalmente automatizado. Adem\u00e1s, se puede posicionar libremente y es din\u00e1mico.","twitter_image":"https:\/\/linmot.com\/es\/wp-content\/uploads\/sites\/5\/2017\/11\/LinMot-Solutions-Packaging-Industry.jpg","twitter_misc":{"Tiempo de lectura":"4 minutos"},"schema":{"@context":"https:\/\/schema.org","@graph":[{"@type":"WebPage","@id":"https:\/\/linmot.com\/es\/soluciones-industriales\/embalaje\/","url":"https:\/\/linmot.com\/es\/soluciones-industriales\/embalaje\/","name":"Embalaje - alimentaci\u00f3n, estuchado, etiquetado | LinMot","isPartOf":{"@id":"https:\/\/linmot.com\/es\/#website"},"primaryImageOfPage":{"@id":"https:\/\/linmot.com\/es\/soluciones-industriales\/embalaje\/#primaryimage"},"image":{"@id":"https:\/\/linmot.com\/es\/soluciones-industriales\/embalaje\/#primaryimage"},"thumbnailUrl":"https:\/\/linmot.com\/es\/wp-content\/uploads\/sites\/5\/2017\/11\/LinMot-Solutions-Packaging-Industry.jpg","datePublished":"2017-11-07T14:25:11+00:00","dateModified":"2024-05-01T14:49:20+00:00","description":"Con la tecnolog\u00eda lineal de LinMot, su envasado es innovador, flexible y totalmente automatizado. Adem\u00e1s, se puede posicionar libremente y es din\u00e1mico.","breadcrumb":{"@id":"https:\/\/linmot.com\/es\/soluciones-industriales\/embalaje\/#breadcrumb"},"inLanguage":"es","potentialAction":[{"@type":"ReadAction","target":["https:\/\/linmot.com\/es\/soluciones-industriales\/embalaje\/"]}]},{"@type":"ImageObject","inLanguage":"es","@id":"https:\/\/linmot.com\/es\/soluciones-industriales\/embalaje\/#primaryimage","url":"https:\/\/linmot.com\/es\/wp-content\/uploads\/sites\/5\/2017\/11\/LinMot-Solutions-Packaging-Industry.jpg","contentUrl":"https:\/\/linmot.com\/es\/wp-content\/uploads\/sites\/5\/2017\/11\/LinMot-Solutions-Packaging-Industry.jpg","width":940,"height":300,"caption":""},{"@type":"BreadcrumbList","@id":"https:\/\/linmot.com\/es\/soluciones-industriales\/embalaje\/#breadcrumb","itemListElement":[{"@type":"ListItem","position":1,"name":"Home","item":"https:\/\/linmot.com\/es\/"},{"@type":"ListItem","position":2,"name":"Soluciones industriales","item":"https:\/\/linmot.com\/es\/soluciones-industriales\/"},{"@type":"ListItem","position":3,"name":"Embalaje"}]},{"@type":"WebSite","@id":"https:\/\/linmot.com\/es\/#website","url":"https:\/\/linmot.com\/es\/","name":"LinMot &amp; MagSpring - Espa\u00f1ol","description":"Motores lineales y sistemas de motores lineales de alta calidad","publisher":{"@id":"https:\/\/linmot.com\/es\/#organization"},"potentialAction":[{"@type":"SearchAction","target":{"@type":"EntryPoint","urlTemplate":"https:\/\/linmot.com\/es\/?s={search_term_string}"},"query-input":{"@type":"PropertyValueSpecification","valueRequired":true,"valueName":"search_term_string"}}],"inLanguage":"es"},{"@type":"Organization","@id":"https:\/\/linmot.com\/es\/#organization","name":"NTI AG - LinMot & MagSpring","url":"https:\/\/linmot.com\/es\/","logo":{"@type":"ImageObject","inLanguage":"es","@id":"https:\/\/linmot.com\/es\/#\/schema\/logo\/image\/","url":"https:\/\/linmot.com\/es\/wp-content\/uploads\/sites\/5\/2022\/05\/linmot-social-share-logo.jpg","contentUrl":"https:\/\/linmot.com\/es\/wp-content\/uploads\/sites\/5\/2022\/05\/linmot-social-share-logo.jpg","width":800,"height":500,"caption":"NTI AG - LinMot & MagSpring"},"image":{"@id":"https:\/\/linmot.com\/es\/#\/schema\/logo\/image\/"},"sameAs":["https:\/\/www.linkedin.com\/company\/nti-ag-linmot-magspring","https:\/\/www.youtube.com\/user\/LinMotEurope"]}]}},"_links":{"self":[{"href":"https:\/\/linmot.com\/es\/wp-json\/wp\/v2\/pages\/216","targetHints":{"allow":["GET"]}}],"collection":[{"href":"https:\/\/linmot.com\/es\/wp-json\/wp\/v2\/pages"}],"about":[{"href":"https:\/\/linmot.com\/es\/wp-json\/wp\/v2\/types\/page"}],"author":[{"embeddable":true,"href":"https:\/\/linmot.com\/es\/wp-json\/wp\/v2\/users\/1"}],"replies":[{"embeddable":true,"href":"https:\/\/linmot.com\/es\/wp-json\/wp\/v2\/comments?post=216"}],"version-history":[{"count":14,"href":"https:\/\/linmot.com\/es\/wp-json\/wp\/v2\/pages\/216\/revisions"}],"predecessor-version":[{"id":3387,"href":"https:\/\/linmot.com\/es\/wp-json\/wp\/v2\/pages\/216\/revisions\/3387"}],"up":[{"embeddable":true,"href":"https:\/\/linmot.com\/es\/wp-json\/wp\/v2\/pages\/8"}],"wp:attachment":[{"href":"https:\/\/linmot.com\/es\/wp-json\/wp\/v2\/media?parent=216"}],"curies":[{"name":"wp","href":"https:\/\/api.w.org\/{rel}","templated":true}]}}