{"id":214,"date":"2017-11-07T15:23:55","date_gmt":"2017-11-07T14:23:55","guid":{"rendered":"https:\/\/linmot.com\/?page_id=214"},"modified":"2023-05-10T14:36:32","modified_gmt":"2023-05-10T14:36:32","slug":"impresion-y-etiquetado","status":"publish","type":"page","link":"https:\/\/linmot.com\/es\/soluciones-industriales\/impresion-y-etiquetado\/","title":{"rendered":"Impresi\u00f3n y etiquetado"},"content":{"rendered":"<p><strong>El principal reto en el campo de la impresi\u00f3n y etiquetado es una producci\u00f3n rentable y libre de errores, con lotes breves y con una reproducibilidad de alta calidad.<\/strong><\/p>\n<img loading=\"lazy\" decoding=\"async\" class=\"aligncenter size-full wp-image-609\" src=\"https:\/\/linmot.com\/es\/wp-content\/uploads\/sites\/5\/2017\/11\/LinMot-Solutions-Printing-Labeling-Industry.jpg\" alt=\"\" width=\"940\" height=\"300\" srcset=\"https:\/\/linmot.com\/es\/wp-content\/uploads\/sites\/5\/2017\/11\/LinMot-Solutions-Printing-Labeling-Industry.jpg 940w, https:\/\/linmot.com\/es\/wp-content\/uploads\/sites\/5\/2017\/11\/LinMot-Solutions-Printing-Labeling-Industry-300x96.jpg 300w, https:\/\/linmot.com\/es\/wp-content\/uploads\/sites\/5\/2017\/11\/LinMot-Solutions-Printing-Labeling-Industry-768x245.jpg 768w\" sizes=\"auto, (max-width: 940px) 100vw, 940px\" \/>\n<p>La tecnolog\u00eda de servosistemas el\u00e9ctricos, altamente din\u00e1micos y precisos, juega un papel fundamental. LinMot proporciona componentes ideales para este fin. El resultado es una amplia gama de aplicaciones. Por ejemplo, los m\u00f3dulos de etiquetado se pueden actualizar con los motores lineales LinMot sin requerimiento de tiempos de parada, ya que el recorrido puede ser ajustado mediante software.<\/p>\n<p>Los productos sensibles pueden ser impresos m\u00e1s r\u00e1pidamente utilizando la tecnolog\u00eda del motor lineal, debido a que el proceso de impresi\u00f3n se realiza gestionando posici\u00f3n, velocidad y control de la fuerza. Los fuertes impactos en sus topes mec\u00e1nicos, como en las soluciones neum\u00e1ticas, no se producen. En general, la programaci\u00f3n de la fuerza y de los perfiles de movimiento conducen a mejoras en los procesos decisivos, en comparaci\u00f3n con otros tipos de servosistemas, lo que abre las puertas a muchos campos de aplicaci\u00f3n, tales como:<\/p>\n<div class=\"row\">\n<div class=\"col-sm-4\">\n<ul>\n<li>Sistemas de inspecci\u00f3n<\/li>\n<li>Alimentaci\u00f3n de papel<\/li>\n<li>Decoraci\u00f3n<\/li>\n<\/ul>\n<\/div>\n<div class=\"col-sm-4\">\n<ul>\n<li>Sistemas de mezcla de colores<\/li>\n<li>Tampograf\u00eda<\/li>\n<li>Serigraf\u00eda<\/li>\n<\/ul>\n<\/div>\n<div class=\"col-sm-4\">\n<ul>\n<li>Control de rasqueta<\/li>\n<li>Etiquetado<\/li>\n<li>etc.<\/li>\n<\/ul>\n<\/div>\n<\/div>\n<p>Los <a href=\"\/es\/productos\/guias-lineales-modulo-lineal\/modulo-lineal-dm01\/\">m\u00f3dulos DM01<\/a> en combinaci\u00f3n con los sensores de <a href=\"https:\/\/linmot.com\/es\/productos\/guias-lineales-modulo-lineal\/modulo-lineal-dm01#kraftsensormodule\">fuerza modulares<\/a> son ideales para la impresi\u00f3n o el etiquetado con control de fuerza. Aqu\u00ed, el prensado puede realizarse con una precisi\u00f3n de hasta 1N. Esta es una gran ventaja cuando se trata de etiquetar objetos fr\u00e1giles o quebradizos.<\/p>\n","protected":false},"excerpt":{"rendered":"<p>El principal reto en el campo de la impresi\u00f3n y etiquetado es una producci\u00f3n rentable y libre de errores, con lotes breves y con una reproducibilidad de alta calidad. La tecnolog\u00eda de servosistemas el\u00e9ctricos, altamente din\u00e1micos y precisos, juega un papel fundamental. LinMot proporciona componentes ideales para este fin. El resultado es una amplia gama [&hellip;]<\/p>\n","protected":false},"author":1,"featured_media":0,"parent":8,"menu_order":71,"comment_status":"closed","ping_status":"closed","template":"","meta":{"_acf_changed":false,"footnotes":""},"class_list":["post-214","page","type-page","status-publish","hentry"],"acf":[],"yoast_head":"<!-- This site is optimized with the Yoast SEO Premium plugin v20.9 (Yoast SEO v27.2) - https:\/\/yoast.com\/product\/yoast-seo-premium-wordpress\/ -->\n<title>Impresi\u00f3n y etiquetado - Sistemas de inspecci\u00f3n, alimentaci\u00f3n de papel<\/title>\n<meta name=\"description\" content=\"Los perfiles de fuerza y movimiento libremente programables de LinMot abren muchos nuevos campos de aplicaci\u00f3n en la impresi\u00f3n y el etiquetado.\" \/>\n<meta name=\"robots\" content=\"index, follow, max-snippet:-1, max-image-preview:large, max-video-preview:-1\" \/>\n<link rel=\"canonical\" href=\"https:\/\/linmot.com\/es\/soluciones-industriales\/impresion-y-etiquetado\/\" \/>\n<meta property=\"og:locale\" content=\"es_ES\" \/>\n<meta property=\"og:type\" content=\"article\" \/>\n<meta property=\"og:title\" content=\"Impresi\u00f3n y etiquetado\" \/>\n<meta property=\"og:description\" content=\"Los perfiles de fuerza y movimiento libremente programables de LinMot abren muchos nuevos campos de aplicaci\u00f3n en la impresi\u00f3n y el etiquetado.\" \/>\n<meta property=\"og:url\" content=\"https:\/\/linmot.com\/es\/soluciones-industriales\/impresion-y-etiquetado\/\" \/>\n<meta property=\"og:site_name\" content=\"LinMot &amp; MagSpring - Espa\u00f1ol\" \/>\n<meta property=\"article:modified_time\" content=\"2023-05-10T14:36:32+00:00\" \/>\n<meta property=\"og:image\" content=\"https:\/\/linmot.com\/es\/wp-content\/uploads\/sites\/5\/2017\/11\/LinMot-Solutions-Printing-Labeling-Industry.jpg\" \/>\n<meta name=\"twitter:card\" content=\"summary_large_image\" \/>\n<meta name=\"twitter:description\" content=\"Los perfiles de fuerza y movimiento libremente programables de LinMot abren muchos nuevos campos de aplicaci\u00f3n en la impresi\u00f3n y el etiquetado.\" \/>\n<meta name=\"twitter:label1\" content=\"Tiempo de lectura\" \/>\n\t<meta name=\"twitter:data1\" content=\"2 minutos\" \/>\n<script type=\"application\/ld+json\" class=\"yoast-schema-graph\">{\"@context\":\"https:\/\/schema.org\",\"@graph\":[{\"@type\":\"WebPage\",\"@id\":\"https:\/\/linmot.com\/es\/soluciones-industriales\/impresion-y-etiquetado\/\",\"url\":\"https:\/\/linmot.com\/es\/soluciones-industriales\/impresion-y-etiquetado\/\",\"name\":\"Impresi\u00f3n y etiquetado - Sistemas de inspecci\u00f3n, alimentaci\u00f3n de papel\",\"isPartOf\":{\"@id\":\"https:\/\/linmot.com\/es\/#website\"},\"primaryImageOfPage\":{\"@id\":\"https:\/\/linmot.com\/es\/soluciones-industriales\/impresion-y-etiquetado\/#primaryimage\"},\"image\":{\"@id\":\"https:\/\/linmot.com\/es\/soluciones-industriales\/impresion-y-etiquetado\/#primaryimage\"},\"thumbnailUrl\":\"https:\/\/linmot.com\/es\/wp-content\/uploads\/sites\/5\/2017\/11\/LinMot-Solutions-Printing-Labeling-Industry.jpg\",\"datePublished\":\"2017-11-07T14:23:55+00:00\",\"dateModified\":\"2023-05-10T14:36:32+00:00\",\"description\":\"Los perfiles de fuerza y movimiento libremente programables de LinMot abren muchos nuevos campos de aplicaci\u00f3n en la impresi\u00f3n y el etiquetado.\",\"breadcrumb\":{\"@id\":\"https:\/\/linmot.com\/es\/soluciones-industriales\/impresion-y-etiquetado\/#breadcrumb\"},\"inLanguage\":\"es\",\"potentialAction\":[{\"@type\":\"ReadAction\",\"target\":[\"https:\/\/linmot.com\/es\/soluciones-industriales\/impresion-y-etiquetado\/\"]}]},{\"@type\":\"ImageObject\",\"inLanguage\":\"es\",\"@id\":\"https:\/\/linmot.com\/es\/soluciones-industriales\/impresion-y-etiquetado\/#primaryimage\",\"url\":\"https:\/\/linmot.com\/es\/wp-content\/uploads\/sites\/5\/2017\/11\/LinMot-Solutions-Printing-Labeling-Industry.jpg\",\"contentUrl\":\"https:\/\/linmot.com\/es\/wp-content\/uploads\/sites\/5\/2017\/11\/LinMot-Solutions-Printing-Labeling-Industry.jpg\",\"width\":940,\"height\":300,\"caption\":\"\"},{\"@type\":\"BreadcrumbList\",\"@id\":\"https:\/\/linmot.com\/es\/soluciones-industriales\/impresion-y-etiquetado\/#breadcrumb\",\"itemListElement\":[{\"@type\":\"ListItem\",\"position\":1,\"name\":\"Home\",\"item\":\"https:\/\/linmot.com\/es\/\"},{\"@type\":\"ListItem\",\"position\":2,\"name\":\"Soluciones industriales\",\"item\":\"https:\/\/linmot.com\/es\/soluciones-industriales\/\"},{\"@type\":\"ListItem\",\"position\":3,\"name\":\"Impresi\u00f3n y etiquetado\"}]},{\"@type\":\"WebSite\",\"@id\":\"https:\/\/linmot.com\/es\/#website\",\"url\":\"https:\/\/linmot.com\/es\/\",\"name\":\"LinMot &amp; MagSpring - Espa\u00f1ol\",\"description\":\"Motores lineales y sistemas de motores lineales de alta calidad\",\"publisher\":{\"@id\":\"https:\/\/linmot.com\/es\/#organization\"},\"potentialAction\":[{\"@type\":\"SearchAction\",\"target\":{\"@type\":\"EntryPoint\",\"urlTemplate\":\"https:\/\/linmot.com\/es\/?s={search_term_string}\"},\"query-input\":{\"@type\":\"PropertyValueSpecification\",\"valueRequired\":true,\"valueName\":\"search_term_string\"}}],\"inLanguage\":\"es\"},{\"@type\":\"Organization\",\"@id\":\"https:\/\/linmot.com\/es\/#organization\",\"name\":\"NTI AG - LinMot & MagSpring\",\"url\":\"https:\/\/linmot.com\/es\/\",\"logo\":{\"@type\":\"ImageObject\",\"inLanguage\":\"es\",\"@id\":\"https:\/\/linmot.com\/es\/#\/schema\/logo\/image\/\",\"url\":\"https:\/\/linmot.com\/es\/wp-content\/uploads\/sites\/5\/2022\/05\/linmot-social-share-logo.jpg\",\"contentUrl\":\"https:\/\/linmot.com\/es\/wp-content\/uploads\/sites\/5\/2022\/05\/linmot-social-share-logo.jpg\",\"width\":800,\"height\":500,\"caption\":\"NTI AG - LinMot & MagSpring\"},\"image\":{\"@id\":\"https:\/\/linmot.com\/es\/#\/schema\/logo\/image\/\"},\"sameAs\":[\"https:\/\/www.linkedin.com\/company\/nti-ag-linmot-magspring\",\"https:\/\/www.youtube.com\/user\/LinMotEurope\"]}]}<\/script>\n<!-- \/ Yoast SEO Premium plugin. -->","yoast_head_json":{"title":"Impresi\u00f3n y etiquetado - Sistemas de inspecci\u00f3n, alimentaci\u00f3n de papel","description":"Los perfiles de fuerza y movimiento libremente programables de LinMot abren muchos nuevos campos de aplicaci\u00f3n en la impresi\u00f3n y el etiquetado.","robots":{"index":"index","follow":"follow","max-snippet":"max-snippet:-1","max-image-preview":"max-image-preview:large","max-video-preview":"max-video-preview:-1"},"canonical":"https:\/\/linmot.com\/es\/soluciones-industriales\/impresion-y-etiquetado\/","og_locale":"es_ES","og_type":"article","og_title":"Impresi\u00f3n y etiquetado","og_description":"Los perfiles de fuerza y movimiento libremente programables de LinMot abren muchos nuevos campos de aplicaci\u00f3n en la impresi\u00f3n y el etiquetado.","og_url":"https:\/\/linmot.com\/es\/soluciones-industriales\/impresion-y-etiquetado\/","og_site_name":"LinMot &amp; MagSpring - Espa\u00f1ol","article_modified_time":"2023-05-10T14:36:32+00:00","og_image":[{"url":"https:\/\/linmot.com\/es\/wp-content\/uploads\/sites\/5\/2017\/11\/LinMot-Solutions-Printing-Labeling-Industry.jpg","type":"","width":"","height":""}],"twitter_card":"summary_large_image","twitter_description":"Los perfiles de fuerza y movimiento libremente programables de LinMot abren muchos nuevos campos de aplicaci\u00f3n en la impresi\u00f3n y el etiquetado.","twitter_misc":{"Tiempo de lectura":"2 minutos"},"schema":{"@context":"https:\/\/schema.org","@graph":[{"@type":"WebPage","@id":"https:\/\/linmot.com\/es\/soluciones-industriales\/impresion-y-etiquetado\/","url":"https:\/\/linmot.com\/es\/soluciones-industriales\/impresion-y-etiquetado\/","name":"Impresi\u00f3n y etiquetado - Sistemas de inspecci\u00f3n, alimentaci\u00f3n de papel","isPartOf":{"@id":"https:\/\/linmot.com\/es\/#website"},"primaryImageOfPage":{"@id":"https:\/\/linmot.com\/es\/soluciones-industriales\/impresion-y-etiquetado\/#primaryimage"},"image":{"@id":"https:\/\/linmot.com\/es\/soluciones-industriales\/impresion-y-etiquetado\/#primaryimage"},"thumbnailUrl":"https:\/\/linmot.com\/es\/wp-content\/uploads\/sites\/5\/2017\/11\/LinMot-Solutions-Printing-Labeling-Industry.jpg","datePublished":"2017-11-07T14:23:55+00:00","dateModified":"2023-05-10T14:36:32+00:00","description":"Los perfiles de fuerza y movimiento libremente programables de LinMot abren muchos nuevos campos de aplicaci\u00f3n en la impresi\u00f3n y el etiquetado.","breadcrumb":{"@id":"https:\/\/linmot.com\/es\/soluciones-industriales\/impresion-y-etiquetado\/#breadcrumb"},"inLanguage":"es","potentialAction":[{"@type":"ReadAction","target":["https:\/\/linmot.com\/es\/soluciones-industriales\/impresion-y-etiquetado\/"]}]},{"@type":"ImageObject","inLanguage":"es","@id":"https:\/\/linmot.com\/es\/soluciones-industriales\/impresion-y-etiquetado\/#primaryimage","url":"https:\/\/linmot.com\/es\/wp-content\/uploads\/sites\/5\/2017\/11\/LinMot-Solutions-Printing-Labeling-Industry.jpg","contentUrl":"https:\/\/linmot.com\/es\/wp-content\/uploads\/sites\/5\/2017\/11\/LinMot-Solutions-Printing-Labeling-Industry.jpg","width":940,"height":300,"caption":""},{"@type":"BreadcrumbList","@id":"https:\/\/linmot.com\/es\/soluciones-industriales\/impresion-y-etiquetado\/#breadcrumb","itemListElement":[{"@type":"ListItem","position":1,"name":"Home","item":"https:\/\/linmot.com\/es\/"},{"@type":"ListItem","position":2,"name":"Soluciones industriales","item":"https:\/\/linmot.com\/es\/soluciones-industriales\/"},{"@type":"ListItem","position":3,"name":"Impresi\u00f3n y etiquetado"}]},{"@type":"WebSite","@id":"https:\/\/linmot.com\/es\/#website","url":"https:\/\/linmot.com\/es\/","name":"LinMot &amp; MagSpring - Espa\u00f1ol","description":"Motores lineales y sistemas de motores lineales de alta calidad","publisher":{"@id":"https:\/\/linmot.com\/es\/#organization"},"potentialAction":[{"@type":"SearchAction","target":{"@type":"EntryPoint","urlTemplate":"https:\/\/linmot.com\/es\/?s={search_term_string}"},"query-input":{"@type":"PropertyValueSpecification","valueRequired":true,"valueName":"search_term_string"}}],"inLanguage":"es"},{"@type":"Organization","@id":"https:\/\/linmot.com\/es\/#organization","name":"NTI AG - LinMot & MagSpring","url":"https:\/\/linmot.com\/es\/","logo":{"@type":"ImageObject","inLanguage":"es","@id":"https:\/\/linmot.com\/es\/#\/schema\/logo\/image\/","url":"https:\/\/linmot.com\/es\/wp-content\/uploads\/sites\/5\/2022\/05\/linmot-social-share-logo.jpg","contentUrl":"https:\/\/linmot.com\/es\/wp-content\/uploads\/sites\/5\/2022\/05\/linmot-social-share-logo.jpg","width":800,"height":500,"caption":"NTI AG - LinMot & MagSpring"},"image":{"@id":"https:\/\/linmot.com\/es\/#\/schema\/logo\/image\/"},"sameAs":["https:\/\/www.linkedin.com\/company\/nti-ag-linmot-magspring","https:\/\/www.youtube.com\/user\/LinMotEurope"]}]}},"_links":{"self":[{"href":"https:\/\/linmot.com\/es\/wp-json\/wp\/v2\/pages\/214","targetHints":{"allow":["GET"]}}],"collection":[{"href":"https:\/\/linmot.com\/es\/wp-json\/wp\/v2\/pages"}],"about":[{"href":"https:\/\/linmot.com\/es\/wp-json\/wp\/v2\/types\/page"}],"author":[{"embeddable":true,"href":"https:\/\/linmot.com\/es\/wp-json\/wp\/v2\/users\/1"}],"replies":[{"embeddable":true,"href":"https:\/\/linmot.com\/es\/wp-json\/wp\/v2\/comments?post=214"}],"version-history":[{"count":8,"href":"https:\/\/linmot.com\/es\/wp-json\/wp\/v2\/pages\/214\/revisions"}],"predecessor-version":[{"id":2502,"href":"https:\/\/linmot.com\/es\/wp-json\/wp\/v2\/pages\/214\/revisions\/2502"}],"up":[{"embeddable":true,"href":"https:\/\/linmot.com\/es\/wp-json\/wp\/v2\/pages\/8"}],"wp:attachment":[{"href":"https:\/\/linmot.com\/es\/wp-json\/wp\/v2\/media?parent=214"}],"curies":[{"name":"wp","href":"https:\/\/api.w.org\/{rel}","templated":true}]}}