{"id":2113,"date":"2022-03-14T13:04:22","date_gmt":"2022-03-14T13:04:22","guid":{"rendered":"https:\/\/linmot.com\/es\/?page_id=2113"},"modified":"2024-08-28T13:03:35","modified_gmt":"2024-08-28T13:03:35","slug":"motores-lineales-p10","status":"publish","type":"page","link":"https:\/\/linmot.com\/es\/productos\/motores-lineales\/motores-lineales-p10\/","title":{"rendered":"Motores lineales P10 &#8211; 3x400VAC"},"content":{"rendered":"<p align=\"justify\"><strong>Los motores LinMot m\u00e1s potentes para movimientos lineales din\u00e1micos. Utilizan una tecnolog\u00eda 3x400VAC que permite que los motores se integren f\u00e1cilmente en la m\u00e1quina y se utilicen m\u00e1s eficazmente como componente. La serie P10 ha sido deliberadamente equipada con codificadores est\u00e1ndar y se\u00f1ales de temperatura que pueden ser le\u00eddas por casi todos los accionamientos de terceros.<\/strong><\/p>\n<hr \/>\n<div class=\"row\">\n<div class=\"col-sm-2\">\n<p><a class=\"button\" href=\"#detalles\">1. detalles<\/a><\/p>\n<\/div>\n<div class=\"col-sm-1\">\n<\/div>\n<div class=\"col-sm-2\">\n<p><a class=\"button\" href=\"#aplicacion\">2. aplicaci\u00f3n<\/a><\/p>\n<\/div>\n<div class=\"col-sm-1\">\n<\/div>\n<div class=\"col-sm-2\">\n<p><a class=\"button\" href=\"#contacto\">3. contacto<\/a><\/p>\n<\/div>\n<\/div>\n<hr \/>\n<h3 id=\"detalles\">1. detalles<\/h3>\n<img loading=\"lazy\" decoding=\"async\" class=\"size-full wp-image-2803 aligncenter\" src=\"https:\/\/linmot.com\/wp-content\/uploads\/2022\/02\/linear-motors-p10.jpg\" alt=\"\" width=\"744\" height=\"452\" \/>\n<div class=\"row\">\n<div class=\"col-sm-4\">\n<ul>\n<li>Los motores LinMot m\u00e1s potentes y din\u00e1micos<\/li>\n<li>Tecnolog\u00eda de motor de 230VAC \/ 3x400VAC<\/li>\n<\/ul>\n<\/div>\n<div class=\"col-sm-4\">\n<ul>\n<li>Controlados por servoaccionamientos est\u00e1ndar de otros fabricantes<\/li>\n<li>Larga vida \u00fatil<\/li>\n<\/ul>\n<\/div>\n<div class=\"col-sm-4\">\n<ul>\n<li>F\u00e1cil configuraci\u00f3n<\/li>\n<li>Certificado CE\/RoHS\/UL<\/li>\n<\/ul>\n<\/div>\n<\/div>\n<hr \/>\n<h3>Proyectos realizados con motores lineales LinMot 3x400VAC y accionamientos de:<\/h3>\n<div class=\"row download\">\n<div class=\"col-md-3\">\n<ul>\n<li>AMK<\/li>\n<li>B&amp;R<\/li>\n<li>Beckhoff<\/li>\n<li>Control Techniques<\/li>\n<li>Danfoss<\/li>\n<li>KEB<\/li>\n<\/ul>\n<\/div>\n<div class=\"col-md-3\">\n<ul>\n<li>JBG Elektronik<\/li>\n<li>Kollmorgen<\/li>\n<li>pilz<\/li>\n<li>Lenze<\/li>\n<li>KEBA<\/li>\n<li>Mitsubishi Electric<\/li>\n<\/ul>\n<\/div>\n<div class=\"col-md-3\">\n<ul>\n<li>Panasonic<\/li>\n<li>rexroth<\/li>\n<li>Robox motion control<\/li>\n<li>SEW Eurodrive<\/li>\n<li>Rockwell Automation<\/li>\n<\/ul>\n<\/div>\n<div class=\"col-md-3\">\n<ul>\n<li>Schneider Electric<\/li>\n<li>Siemens<\/li>\n<li>Sigmatek<\/li>\n<li>Yaskawa<\/li>\n<li>Lust LTi<\/li>\n<\/ul>\n<\/div>\n<\/div>\n<hr \/>\n<h3>Motores P10-54<\/h3>\n<div class=\"row\">\n<div class=\"col-sm-7\">\n<strong>Paquetes de energ\u00eda<\/strong><\/p>\n<ul>\n<li>Tecnolog\u00eda 1x230VAC y 3 x 400VAC<\/li>\n<li>Conector TWIN giratorio push-pull para cables de alimentaci\u00f3n y encoder<\/li>\n<li>Brida de sujeci\u00f3n de una sola pieza<\/li>\n<li>Tambi\u00e9n puede ser controlado por servoaccionamientos est\u00e1ndar de terceros<\/li>\n<\/ul>\n<img loading=\"lazy\" decoding=\"async\" class=\"alignnone size-full wp-image-2807\" src=\"https:\/\/linmot.com\/wp-content\/uploads\/2022\/02\/table-linear-motors-p10-54-motors.jpg\" alt=\"\" width=\"227\" height=\"171\" \/>\n<p><a class=\"btn btn-active\" href=\"https:\/\/shop.linmot.com\/E\/linear-motors\/linear-motors-p10-54.htm\" target=\"_blank\" rel=\"noopener noreferrer\">A los detalles en el cat\u00e1logo electr\u00f3nico (ingl\u00e9s)<\/a><\/p>\n<\/div>\n<div class=\"col-sm-5\">\n<img loading=\"lazy\" decoding=\"async\" class=\"alignnone size-full wp-image-2805\" src=\"https:\/\/linmot.com\/wp-content\/uploads\/2022\/02\/LinMot_P10-54-Motors.jpg\" alt=\"\" width=\"220\" height=\"257\" \/>\n<\/div>\n<\/div>\n<hr \/>\n<h3>Motores P10-70<\/h3>\n<div class=\"row\">\n<div class=\"col-sm-7\">\n<p><strong>Alta potencia<\/strong><\/p>\n<ul>\n<li>Tecnolog\u00eda 3 x 400VAC<\/li>\n<li>Aceleraciones extremadamente altas<\/li>\n<li>Conector separado para el sensor y el cable de alimentaci\u00f3n<\/li>\n<li>Tambi\u00e9n puede ser controlado por servoaccionamientos est\u00e1ndar de terceros<\/li>\n<\/ul>\n<img loading=\"lazy\" decoding=\"async\" class=\"alignnone size-full wp-image-2808\" src=\"https:\/\/linmot.com\/wp-content\/uploads\/2022\/02\/table-linear-motors-p10-70-motors.jpg\" alt=\"\" width=\"214\" height=\"163\" \/>\n<p><a class=\"btn btn-active\" href=\"https:\/\/shop.linmot.com\/E\/linear-motors.htm\" target=\"_blank\" rel=\"noopener noreferrer\">A los detalles en el cat\u00e1logo electr\u00f3nico (ingl\u00e9s)<\/a><\/p>\n<\/div>\n<div class=\"col-sm-5\">\n<img loading=\"lazy\" decoding=\"async\" class=\"alignnone size-full wp-image-2806\" src=\"https:\/\/linmot.com\/wp-content\/uploads\/2022\/02\/LinMot_P10-70-Motors.jpg\" alt=\"\" width=\"383\" height=\"498\" \/>\n<\/div>\n<\/div>\n<hr \/>\n<h3 id=\"aplicacion\">2. Informe de aplicaci\u00f3n<\/h3>\n<div class=\"row download\">\n<div class=\"col-md-3\">\n<h4 class=\"download-title\">Lo \u00faltimo en tecnolog\u00eda de accionamiento<\/h4>\n<p class=\"bodytext\" align=\"justify\">Desde que Chocolat Frey AG ampli\u00f3 recientemente su producci\u00f3n de las populares Napolitanas, este gran fabricante de chocolate suizo se ha beneficiado de las ventajas de la tecnolog\u00eda avanzada, produciendo un amplio surtido de obleas de chocolate muy peque\u00f1as con una calidad, fiabilidad de proceso y productividad a\u00fan mayores.<\/p>\n<p><a class=\"button\" href=\"\/es\/blog\/tecnologia-de-accionamiento-de-forma-perfecta\/\">M\u00e1s informaci\u00f3n<\/a><br \/>\n<\/div>\n<div class=\"col-md-2\">\n<img loading=\"lazy\" decoding=\"async\" class=\"alignnone wp-image-3295 size-full\" src=\"https:\/\/linmot.com\/de\/wp-content\/uploads\/sites\/2\/2022\/04\/ultimate-drive-technology.jpg\" alt=\"\" width=\"220\" height=\"220\" \/><br \/>\n<\/div>\n<div class=\"col-md-2\">\n<\/div>\n<div class=\"col-md-3\">\n<h4 class=\"download-title\">La lucha contra la falsificaci\u00f3n de medicamentos<\/h4>\n<p class=\"bodytext\" align=\"justify\">75.000 millones de d\u00f3lares estadounidenses al a\u00f1o. Seg\u00fan la Organizaci\u00f3n Mundial de la Salud (OMS), este es el valor de mercado estimado de los medicamentos falsificados en todo el mundo. Un statu quo insostenible de la pol\u00edtica farmac\u00e9utica. Con m\u00e1s de 6.000 millones de productos procesados al a\u00f1o y con la tecnolog\u00eda de accionamiento lineal l\u00edder de LinMot, las exclusivas m\u00e1quinas codificadoras de Hicof encabezan la iniciativa contra la falsificaci\u00f3n.<\/p>\n<p><a class=\"button\" href=\"\/es\/blog\/la-lucha-contra-la-falsificacion-de-medicamentos\/\">M\u00e1s informaci\u00f3n<\/a><br \/>\n<\/div>\n<div class=\"col-md-2\">\n<img loading=\"lazy\" decoding=\"async\" class=\"alignnone wp-image-3296 size-full\" src=\"https:\/\/linmot.com\/de\/wp-content\/uploads\/sites\/2\/2023\/02\/vorschau-kampf-medikamentenfaelschung.jpg\" alt=\"\" width=\"220\" height=\"220\" \/><br \/>\n<\/div>\n<\/div>\n<div class=\"row download\">\n<div class=\"col-md-3\">\n<h4 class=\"download-title\">Las m\u00e1quinas de llenado y sellado de Zellwag AG<\/h4>\n<p class=\"bodytext\" align=\"justify\">Din\u00e1mica en la industria de las m\u00e1quinas de llenado y sellado. Desde 2002, Zellwag AG conf\u00eda en los motores lineales a la hora de construir sus m\u00e1quinas de llenado y sellado totalmente automatizadas para productos farmac\u00e9uticos y cosm\u00e9ticos.<\/p>\n<p><a class=\"button\" href=\"\/es\/blog\/hasta-las-estrellas-y-mas-alla-las-maquinas-llenadoras-y-selladoras-de-zellwag-ag\/\">M\u00e1s informaci\u00f3n<\/a><br \/>\n<\/div>\n<div class=\"col-md-2\">\n<img loading=\"lazy\" decoding=\"async\" class=\"alignnone wp-image-3297 size-full\" src=\"https:\/\/linmot.com\/de\/wp-content\/uploads\/sites\/2\/2022\/04\/zellwag-fuell-und-verschliessmaschinen.jpg\" alt=\"\" width=\"220\" height=\"220\" \/><br \/>\n<\/div>\n<div class=\"col-md-2\">\n<\/div>\n<div class=\"col-md-3\">\n<h4 class=\"download-title\">Superando los l\u00edmites con LinMot<\/h4>\n<p class=\"bodytext\" align=\"justify\">Los motores lineales son especialmente adecuados para su uso en la sala limpia farmac\u00e9utica. Esto se debe a que son poco abrasivas, requieren poca lubricaci\u00f3n s\u00f3lo a intervalos largos y son f\u00e1ciles de limpiar. Esta no es la \u00fanica raz\u00f3n por la que son la tecnolog\u00eda m\u00e1s avanzada para el renombrado fabricante suizo de envases primarios Hoffmann Neopac AG y un componente indispensable de las modernas plantas de producci\u00f3n farmac\u00e9utica.<\/p>\n<p><a class=\"button\" href=\"\/es\/blog\/superando-los-limites-con-linmot\/\">M\u00e1s informaci\u00f3n<\/a><br \/>\n<\/div>\n<div class=\"col-md-2\">\n<img loading=\"lazy\" decoding=\"async\" class=\"alignnone wp-image-3297 size-full\" src=\"https:\/\/linmot.com\/de\/wp-content\/uploads\/sites\/2\/2023\/02\/vorschau-tube-druecken.jpg\" alt=\"\" width=\"220\" height=\"220\" \/><br \/>\n<\/div>\n<\/div>\n<h3 id=\"contacto\">3. contacto<\/h3>\n<div class=\"row download\">\n<div class=\"col-md-6\">\n<h4 class=\"download-title\">\u00bfTiene alguna pregunta sobre los motores lineales?<\/h4>\n<p class=\"bodytext\">Estaremos encantados de responder a cualquier pregunta que tenga sobre los motores lineales.<br \/>\nP\u00f3ngase en contacto con nosotros mediante el siguiente formulario o ll\u00e1menos al<\/p>\n<p class=\"bodytext\">Tel: 262-743-2555<\/p>\n<\/div>\n<div class=\"col-md-1\">\n<\/div>\n<div class=\"col-md-5\">\n\n<div class=\"wpcf7 no-js\" id=\"wpcf7-f1752-o1\" lang=\"es-ES\" dir=\"ltr\" data-wpcf7-id=\"1752\">\n<div class=\"screen-reader-response\"><p role=\"status\" aria-live=\"polite\" aria-atomic=\"true\"><\/p> <ul><\/ul><\/div>\n<form action=\"\/es\/wp-json\/wp\/v2\/pages\/2113#wpcf7-f1752-o1\" method=\"post\" class=\"wpcf7-form init\" aria-label=\"Formulario de contacto\" novalidate=\"novalidate\" data-status=\"init\">\n<fieldset class=\"hidden-fields-container\"><input type=\"hidden\" name=\"_wpcf7\" value=\"1752\" \/><input type=\"hidden\" name=\"_wpcf7_version\" value=\"6.1.5\" \/><input type=\"hidden\" name=\"_wpcf7_locale\" value=\"es_ES\" \/><input type=\"hidden\" name=\"_wpcf7_unit_tag\" value=\"wpcf7-f1752-o1\" \/><input type=\"hidden\" name=\"_wpcf7_container_post\" value=\"0\" \/><input type=\"hidden\" name=\"_wpcf7_posted_data_hash\" value=\"\" \/><input type=\"hidden\" name=\"_wpcf7_recaptcha_response\" value=\"\" \/>\n<\/fieldset>\n<label> Tu nombre<br>\n    <span class=\"wpcf7-form-control-wrap\" data-name=\"your-name\"><input size=\"40\" maxlength=\"400\" class=\"wpcf7-form-control wpcf7-text wpcf7-validates-as-required\" aria-required=\"true\" aria-invalid=\"false\" value=\"\" type=\"text\" name=\"your-name\" \/><\/span> <\/label><br>\n<br>\n<label> Tu empresa<br>\n    <span class=\"wpcf7-form-control-wrap\" data-name=\"your-company\"><input size=\"40\" maxlength=\"400\" class=\"wpcf7-form-control wpcf7-text wpcf7-validates-as-required\" aria-required=\"true\" aria-invalid=\"false\" value=\"\" type=\"text\" name=\"your-company\" \/><\/span> <\/label><br>\n<br>\n<label> C\u00f3digo postal<br>\n    <span class=\"wpcf7-form-control-wrap\" data-name=\"your-plz\"><input class=\"wpcf7-form-control wpcf7-number wpcf7-validates-as-required wpcf7-validates-as-number\" aria-required=\"true\" aria-invalid=\"false\" value=\"\" type=\"number\" name=\"your-plz\" \/><\/span> <\/label>\n<br>\n<label> Pa\u00eds<br>\n    <span class=\"wpcf7-form-control-wrap\" data-name=\"your-country\"><input size=\"40\" maxlength=\"400\" class=\"wpcf7-form-control wpcf7-text wpcf7-validates-as-required\" aria-required=\"true\" aria-invalid=\"false\" value=\"\" type=\"text\" name=\"your-country\" \/><\/span> <\/label><br>\n<br>\n<label> Tu tel\u00e9fono<br>\n    <span class=\"wpcf7-form-control-wrap\" data-name=\"your-telephone\"><input size=\"40\" maxlength=\"400\" class=\"wpcf7-form-control wpcf7-tel wpcf7-validates-as-required wpcf7-text wpcf7-validates-as-tel\" aria-required=\"true\" aria-invalid=\"false\" value=\"\" type=\"tel\" name=\"your-telephone\" \/><\/span> <\/label><br>\n<br>\n<label> Tu correo electr\u00f3nico<br>\n    <span class=\"wpcf7-form-control-wrap\" data-name=\"your-email\"><input size=\"40\" maxlength=\"400\" class=\"wpcf7-form-control wpcf7-email wpcf7-validates-as-required wpcf7-text wpcf7-validates-as-email\" aria-required=\"true\" aria-invalid=\"false\" value=\"\" type=\"email\" name=\"your-email\" \/><\/span> <\/label><br>\n<br>\n<label> Asunto<br>\n    <span class=\"wpcf7-form-control-wrap\" data-name=\"your-subject\"><input size=\"40\" maxlength=\"400\" class=\"wpcf7-form-control wpcf7-text wpcf7-validates-as-required\" aria-required=\"true\" aria-invalid=\"false\" value=\"\" type=\"text\" name=\"your-subject\" \/><\/span> <\/label><br>\n<br>\n<label> Tu mensaje (opcional)<br>\n    <span class=\"wpcf7-form-control-wrap\" data-name=\"your-message\"><textarea cols=\"40\" rows=\"10\" maxlength=\"2000\" class=\"wpcf7-form-control wpcf7-textarea\" aria-invalid=\"false\" name=\"your-message\"><\/textarea><\/span> <\/label><br>\n<br>\n<input class=\"wpcf7-form-control wpcf7-submit has-spinner\" type=\"submit\" value=\"Enviar\" \/><div class=\"wpcf7-response-output\" aria-hidden=\"true\"><\/div>\n<\/form>\n<\/div>\n\n<\/div>\n<\/div>\n","protected":false},"excerpt":{"rendered":"<p>Los motores LinMot m\u00e1s potentes para movimientos lineales din\u00e1micos. Utilizan una tecnolog\u00eda 3x400VAC que permite que los motores se integren f\u00e1cilmente en la m\u00e1quina y se utilicen m\u00e1s eficazmente como componente. La serie P10 ha sido deliberadamente equipada con codificadores est\u00e1ndar y se\u00f1ales de temperatura que pueden ser le\u00eddas por casi todos los accionamientos de [&hellip;]<\/p>\n","protected":false},"author":9,"featured_media":0,"parent":38,"menu_order":32,"comment_status":"closed","ping_status":"closed","template":"","meta":{"_acf_changed":false,"footnotes":""},"class_list":["post-2113","page","type-page","status-publish","hentry"],"acf":[],"yoast_head":"<!-- This site is optimized with the Yoast SEO Premium plugin v20.9 (Yoast SEO v27.2) - https:\/\/yoast.com\/product\/yoast-seo-premium-wordpress\/ -->\n<title>Motores lineales P10 - 3x400VAC - LinMot &amp; MagSpring - Espa\u00f1ol<\/title>\n<meta name=\"description\" content=\"La serie P10 ha sido deliberadamente equipada con codificadores est\u00e1ndar y se\u00f1ales de temperatura que pueden ser le\u00eddas por casi todos los accionamientos de terceros.\" \/>\n<meta name=\"robots\" content=\"index, follow, max-snippet:-1, max-image-preview:large, max-video-preview:-1\" \/>\n<link rel=\"canonical\" href=\"https:\/\/linmot.com\/es\/productos\/motores-lineales\/motores-lineales-p10\/\" \/>\n<meta property=\"og:locale\" content=\"es_ES\" \/>\n<meta property=\"og:type\" content=\"article\" \/>\n<meta property=\"og:title\" content=\"Motores lineales P10 - 3x400VAC - LinMot &amp; MagSpring - Espa\u00f1ol\" \/>\n<meta property=\"og:description\" content=\"La serie P10 ha sido deliberadamente equipada con codificadores est\u00e1ndar y se\u00f1ales de temperatura que pueden ser le\u00eddas por casi todos los accionamientos de terceros.\" \/>\n<meta property=\"og:url\" content=\"https:\/\/linmot.com\/es\/productos\/motores-lineales\/motores-lineales-p10\/\" \/>\n<meta property=\"og:site_name\" content=\"LinMot &amp; MagSpring - Espa\u00f1ol\" \/>\n<meta property=\"article:modified_time\" content=\"2024-08-28T13:03:35+00:00\" \/>\n<meta property=\"og:image\" content=\"https:\/\/linmot.com\/wp-content\/uploads\/2022\/02\/linear-motors-p10.jpg\" \/>\n<meta name=\"twitter:card\" content=\"summary_large_image\" \/>\n<meta name=\"twitter:title\" content=\"Motores lineales P10 - 3x400VAC - LinMot &amp; MagSpring - Espa\u00f1ol\" \/>\n<meta name=\"twitter:description\" content=\"La serie P10 ha sido deliberadamente equipada con codificadores est\u00e1ndar y se\u00f1ales de temperatura que pueden ser le\u00eddas por casi todos los accionamientos de terceros.\" \/>\n<meta name=\"twitter:label1\" content=\"Tiempo de lectura\" \/>\n\t<meta name=\"twitter:data1\" content=\"5 minutos\" \/>\n<script type=\"application\/ld+json\" class=\"yoast-schema-graph\">{\"@context\":\"https:\/\/schema.org\",\"@graph\":[{\"@type\":\"WebPage\",\"@id\":\"https:\/\/linmot.com\/es\/productos\/motores-lineales\/motores-lineales-p10\/\",\"url\":\"https:\/\/linmot.com\/es\/productos\/motores-lineales\/motores-lineales-p10\/\",\"name\":\"Motores lineales P10 - 3x400VAC - LinMot &amp; MagSpring - Espa\u00f1ol\",\"isPartOf\":{\"@id\":\"https:\/\/linmot.com\/es\/#website\"},\"primaryImageOfPage\":{\"@id\":\"https:\/\/linmot.com\/es\/productos\/motores-lineales\/motores-lineales-p10\/#primaryimage\"},\"image\":{\"@id\":\"https:\/\/linmot.com\/es\/productos\/motores-lineales\/motores-lineales-p10\/#primaryimage\"},\"thumbnailUrl\":\"https:\/\/linmot.com\/wp-content\/uploads\/2022\/02\/linear-motors-p10.jpg\",\"datePublished\":\"2022-03-14T13:04:22+00:00\",\"dateModified\":\"2024-08-28T13:03:35+00:00\",\"description\":\"La serie P10 ha sido deliberadamente equipada con codificadores est\u00e1ndar y se\u00f1ales de temperatura que pueden ser le\u00eddas por casi todos los accionamientos de terceros.\",\"breadcrumb\":{\"@id\":\"https:\/\/linmot.com\/es\/productos\/motores-lineales\/motores-lineales-p10\/#breadcrumb\"},\"inLanguage\":\"es\",\"potentialAction\":[{\"@type\":\"ReadAction\",\"target\":[\"https:\/\/linmot.com\/es\/productos\/motores-lineales\/motores-lineales-p10\/\"]}]},{\"@type\":\"ImageObject\",\"inLanguage\":\"es\",\"@id\":\"https:\/\/linmot.com\/es\/productos\/motores-lineales\/motores-lineales-p10\/#primaryimage\",\"url\":\"https:\/\/linmot.com\/wp-content\/uploads\/2022\/02\/linear-motors-p10.jpg\",\"contentUrl\":\"https:\/\/linmot.com\/wp-content\/uploads\/2022\/02\/linear-motors-p10.jpg\"},{\"@type\":\"BreadcrumbList\",\"@id\":\"https:\/\/linmot.com\/es\/productos\/motores-lineales\/motores-lineales-p10\/#breadcrumb\",\"itemListElement\":[{\"@type\":\"ListItem\",\"position\":1,\"name\":\"Home\",\"item\":\"https:\/\/linmot.com\/es\/\"},{\"@type\":\"ListItem\",\"position\":2,\"name\":\"Productos\",\"item\":\"https:\/\/linmot.com\/es\/productos\/\"},{\"@type\":\"ListItem\",\"position\":3,\"name\":\"Motores lineales\",\"item\":\"https:\/\/linmot.com\/es\/productos\/motores-lineales\/\"},{\"@type\":\"ListItem\",\"position\":4,\"name\":\"Motores lineales P10 &#8211; 3x400VAC\"}]},{\"@type\":\"WebSite\",\"@id\":\"https:\/\/linmot.com\/es\/#website\",\"url\":\"https:\/\/linmot.com\/es\/\",\"name\":\"LinMot &amp; MagSpring - Espa\u00f1ol\",\"description\":\"Motores lineales y sistemas de motores lineales de alta calidad\",\"publisher\":{\"@id\":\"https:\/\/linmot.com\/es\/#organization\"},\"potentialAction\":[{\"@type\":\"SearchAction\",\"target\":{\"@type\":\"EntryPoint\",\"urlTemplate\":\"https:\/\/linmot.com\/es\/?s={search_term_string}\"},\"query-input\":{\"@type\":\"PropertyValueSpecification\",\"valueRequired\":true,\"valueName\":\"search_term_string\"}}],\"inLanguage\":\"es\"},{\"@type\":\"Organization\",\"@id\":\"https:\/\/linmot.com\/es\/#organization\",\"name\":\"NTI AG - LinMot & MagSpring\",\"url\":\"https:\/\/linmot.com\/es\/\",\"logo\":{\"@type\":\"ImageObject\",\"inLanguage\":\"es\",\"@id\":\"https:\/\/linmot.com\/es\/#\/schema\/logo\/image\/\",\"url\":\"https:\/\/linmot.com\/es\/wp-content\/uploads\/sites\/5\/2022\/05\/linmot-social-share-logo.jpg\",\"contentUrl\":\"https:\/\/linmot.com\/es\/wp-content\/uploads\/sites\/5\/2022\/05\/linmot-social-share-logo.jpg\",\"width\":800,\"height\":500,\"caption\":\"NTI AG - LinMot & MagSpring\"},\"image\":{\"@id\":\"https:\/\/linmot.com\/es\/#\/schema\/logo\/image\/\"},\"sameAs\":[\"https:\/\/www.linkedin.com\/company\/nti-ag-linmot-magspring\",\"https:\/\/www.youtube.com\/user\/LinMotEurope\"]}]}<\/script>\n<!-- \/ Yoast SEO Premium plugin. -->","yoast_head_json":{"title":"Motores lineales P10 - 3x400VAC - LinMot &amp; MagSpring - Espa\u00f1ol","description":"La serie P10 ha sido deliberadamente equipada con codificadores est\u00e1ndar y se\u00f1ales de temperatura que pueden ser le\u00eddas por casi todos los accionamientos de terceros.","robots":{"index":"index","follow":"follow","max-snippet":"max-snippet:-1","max-image-preview":"max-image-preview:large","max-video-preview":"max-video-preview:-1"},"canonical":"https:\/\/linmot.com\/es\/productos\/motores-lineales\/motores-lineales-p10\/","og_locale":"es_ES","og_type":"article","og_title":"Motores lineales P10 - 3x400VAC - LinMot &amp; MagSpring - Espa\u00f1ol","og_description":"La serie P10 ha sido deliberadamente equipada con codificadores est\u00e1ndar y se\u00f1ales de temperatura que pueden ser le\u00eddas por casi todos los accionamientos de terceros.","og_url":"https:\/\/linmot.com\/es\/productos\/motores-lineales\/motores-lineales-p10\/","og_site_name":"LinMot &amp; MagSpring - Espa\u00f1ol","article_modified_time":"2024-08-28T13:03:35+00:00","og_image":[{"url":"https:\/\/linmot.com\/wp-content\/uploads\/2022\/02\/linear-motors-p10.jpg","type":"","width":"","height":""}],"twitter_card":"summary_large_image","twitter_title":"Motores lineales P10 - 3x400VAC - LinMot &amp; MagSpring - Espa\u00f1ol","twitter_description":"La serie P10 ha sido deliberadamente equipada con codificadores est\u00e1ndar y se\u00f1ales de temperatura que pueden ser le\u00eddas por casi todos los accionamientos de terceros.","twitter_misc":{"Tiempo de lectura":"5 minutos"},"schema":{"@context":"https:\/\/schema.org","@graph":[{"@type":"WebPage","@id":"https:\/\/linmot.com\/es\/productos\/motores-lineales\/motores-lineales-p10\/","url":"https:\/\/linmot.com\/es\/productos\/motores-lineales\/motores-lineales-p10\/","name":"Motores lineales P10 - 3x400VAC - LinMot &amp; MagSpring - Espa\u00f1ol","isPartOf":{"@id":"https:\/\/linmot.com\/es\/#website"},"primaryImageOfPage":{"@id":"https:\/\/linmot.com\/es\/productos\/motores-lineales\/motores-lineales-p10\/#primaryimage"},"image":{"@id":"https:\/\/linmot.com\/es\/productos\/motores-lineales\/motores-lineales-p10\/#primaryimage"},"thumbnailUrl":"https:\/\/linmot.com\/wp-content\/uploads\/2022\/02\/linear-motors-p10.jpg","datePublished":"2022-03-14T13:04:22+00:00","dateModified":"2024-08-28T13:03:35+00:00","description":"La serie P10 ha sido deliberadamente equipada con codificadores est\u00e1ndar y se\u00f1ales de temperatura que pueden ser le\u00eddas por casi todos los accionamientos de terceros.","breadcrumb":{"@id":"https:\/\/linmot.com\/es\/productos\/motores-lineales\/motores-lineales-p10\/#breadcrumb"},"inLanguage":"es","potentialAction":[{"@type":"ReadAction","target":["https:\/\/linmot.com\/es\/productos\/motores-lineales\/motores-lineales-p10\/"]}]},{"@type":"ImageObject","inLanguage":"es","@id":"https:\/\/linmot.com\/es\/productos\/motores-lineales\/motores-lineales-p10\/#primaryimage","url":"https:\/\/linmot.com\/wp-content\/uploads\/2022\/02\/linear-motors-p10.jpg","contentUrl":"https:\/\/linmot.com\/wp-content\/uploads\/2022\/02\/linear-motors-p10.jpg"},{"@type":"BreadcrumbList","@id":"https:\/\/linmot.com\/es\/productos\/motores-lineales\/motores-lineales-p10\/#breadcrumb","itemListElement":[{"@type":"ListItem","position":1,"name":"Home","item":"https:\/\/linmot.com\/es\/"},{"@type":"ListItem","position":2,"name":"Productos","item":"https:\/\/linmot.com\/es\/productos\/"},{"@type":"ListItem","position":3,"name":"Motores lineales","item":"https:\/\/linmot.com\/es\/productos\/motores-lineales\/"},{"@type":"ListItem","position":4,"name":"Motores lineales P10 &#8211; 3x400VAC"}]},{"@type":"WebSite","@id":"https:\/\/linmot.com\/es\/#website","url":"https:\/\/linmot.com\/es\/","name":"LinMot &amp; MagSpring - Espa\u00f1ol","description":"Motores lineales y sistemas de motores lineales de alta calidad","publisher":{"@id":"https:\/\/linmot.com\/es\/#organization"},"potentialAction":[{"@type":"SearchAction","target":{"@type":"EntryPoint","urlTemplate":"https:\/\/linmot.com\/es\/?s={search_term_string}"},"query-input":{"@type":"PropertyValueSpecification","valueRequired":true,"valueName":"search_term_string"}}],"inLanguage":"es"},{"@type":"Organization","@id":"https:\/\/linmot.com\/es\/#organization","name":"NTI AG - LinMot & MagSpring","url":"https:\/\/linmot.com\/es\/","logo":{"@type":"ImageObject","inLanguage":"es","@id":"https:\/\/linmot.com\/es\/#\/schema\/logo\/image\/","url":"https:\/\/linmot.com\/es\/wp-content\/uploads\/sites\/5\/2022\/05\/linmot-social-share-logo.jpg","contentUrl":"https:\/\/linmot.com\/es\/wp-content\/uploads\/sites\/5\/2022\/05\/linmot-social-share-logo.jpg","width":800,"height":500,"caption":"NTI AG - LinMot & MagSpring"},"image":{"@id":"https:\/\/linmot.com\/es\/#\/schema\/logo\/image\/"},"sameAs":["https:\/\/www.linkedin.com\/company\/nti-ag-linmot-magspring","https:\/\/www.youtube.com\/user\/LinMotEurope"]}]}},"_links":{"self":[{"href":"https:\/\/linmot.com\/es\/wp-json\/wp\/v2\/pages\/2113","targetHints":{"allow":["GET"]}}],"collection":[{"href":"https:\/\/linmot.com\/es\/wp-json\/wp\/v2\/pages"}],"about":[{"href":"https:\/\/linmot.com\/es\/wp-json\/wp\/v2\/types\/page"}],"author":[{"embeddable":true,"href":"https:\/\/linmot.com\/es\/wp-json\/wp\/v2\/users\/9"}],"replies":[{"embeddable":true,"href":"https:\/\/linmot.com\/es\/wp-json\/wp\/v2\/comments?post=2113"}],"version-history":[{"count":28,"href":"https:\/\/linmot.com\/es\/wp-json\/wp\/v2\/pages\/2113\/revisions"}],"predecessor-version":[{"id":3511,"href":"https:\/\/linmot.com\/es\/wp-json\/wp\/v2\/pages\/2113\/revisions\/3511"}],"up":[{"embeddable":true,"href":"https:\/\/linmot.com\/es\/wp-json\/wp\/v2\/pages\/38"}],"wp:attachment":[{"href":"https:\/\/linmot.com\/es\/wp-json\/wp\/v2\/media?parent=2113"}],"curies":[{"name":"wp","href":"https:\/\/api.w.org\/{rel}","templated":true}]}}