{"id":211,"date":"2017-11-07T15:22:42","date_gmt":"2017-11-07T14:22:42","guid":{"rendered":"https:\/\/linmot.com\/?page_id=211"},"modified":"2023-05-10T13:17:46","modified_gmt":"2023-05-10T13:17:46","slug":"automatizacion-de-laboratorio","status":"publish","type":"page","link":"https:\/\/linmot.com\/es\/soluciones-industriales\/automatizacion-de-laboratorio\/","title":{"rendered":"Automatizaci\u00f3n de laboratorio"},"content":{"rendered":"<img loading=\"lazy\" decoding=\"async\" class=\"aligncenter size-full wp-image-212\" src=\"https:\/\/linmot.com\/es\/wp-content\/uploads\/sites\/5\/2017\/11\/LinMot-Solutions-Laboratory-Automation-Industry.jpg\" alt=\"\" width=\"940\" height=\"300\" srcset=\"https:\/\/linmot.com\/es\/wp-content\/uploads\/sites\/5\/2017\/11\/LinMot-Solutions-Laboratory-Automation-Industry.jpg 940w, https:\/\/linmot.com\/es\/wp-content\/uploads\/sites\/5\/2017\/11\/LinMot-Solutions-Laboratory-Automation-Industry-300x96.jpg 300w, https:\/\/linmot.com\/es\/wp-content\/uploads\/sites\/5\/2017\/11\/LinMot-Solutions-Laboratory-Automation-Industry-768x245.jpg 768w\" sizes=\"auto, (max-width: 940px) 100vw, 940px\" \/>\n<p>La automatizaci\u00f3n de laboratorios adquiere cada d\u00eda m\u00e1s importancia en las ciencias de la salud modernas. Asumir este desarrollo es el desaf\u00edo de generar m\u00e1s y m\u00e1s puntos de datos, evitando al mismo tiempo los errores, documentando minuciosamente los experimentos y, simult\u00e1neamente, reduciendo los costes.<\/p>\n<p>Las estaciones de trabajo automatizadas o los equipos de laboratorio requieren un alto nivel de flexibilidad y reproducibilidad de los controladores seleccionados. Los servosistemas LinMot cumplen con estos requisitos, al tiempo que poseen un bajo nivel de ruido, bajo requerimiento de mantenimiento y garantizan movimientos suaves, no discordantes.<\/p>\n<p>Debido a que las unidades electromagn\u00e9ticas funcionan sin desgaste, se pueden utilizar en salas limpias sin ning\u00fan problema. Los controladores LinMot inusualmente compactos son ideales para su uso en equipos automatizados ya que ocupan muy poco espacio en s\u00ed mismos.<\/p>\n<p>Se puede desarrollar una amplia gama de tareas, incluyendo:<\/p>\n<div class=\"row\">\n<div class=\"col-sm-4\">\n<ul>\n<li>Manipulaci\u00f3n<\/li>\n<li>Carga y descarga<\/li>\n<\/ul>\n<\/div>\n<div class=\"col-sm-4\">\n<ul>\n<li>Pick &amp; place<\/li>\n<li>Inserci\u00f3n<\/li>\n<\/ul>\n<\/div>\n<div class=\"col-sm-4\">\n<ul>\n<li>Cierres<\/li>\n<li>etc.<\/li>\n<\/ul>\n<\/div>\n<\/div>\n","protected":false},"excerpt":{"rendered":"<p>La automatizaci\u00f3n de laboratorios adquiere cada d\u00eda m\u00e1s importancia en las ciencias de la salud modernas. Asumir este desarrollo es el desaf\u00edo de generar m\u00e1s y m\u00e1s puntos de datos, evitando al mismo tiempo los errores, documentando minuciosamente los experimentos y, simult\u00e1neamente, reduciendo los costes. Las estaciones de trabajo automatizadas o los equipos de laboratorio [&hellip;]<\/p>\n","protected":false},"author":1,"featured_media":0,"parent":8,"menu_order":77,"comment_status":"closed","ping_status":"closed","template":"","meta":{"_acf_changed":false,"footnotes":""},"class_list":["post-211","page","type-page","status-publish","hentry"],"acf":[],"yoast_head":"<!-- This site is optimized with the Yoast SEO Premium plugin v20.9 (Yoast SEO v27.4) - https:\/\/yoast.com\/product\/yoast-seo-premium-wordpress\/ -->\n<title>Automatizaci\u00f3n de laboratorios: Puestos de trabajo automatizados<\/title>\n<meta name=\"description\" content=\"En la automatizaci\u00f3n de laboratorios se requiere una gran flexibilidad, fiabilidad y seguridad de producci\u00f3n. No hay problema para los componentes de LinMot.\" \/>\n<meta name=\"robots\" content=\"index, follow, max-snippet:-1, max-image-preview:large, max-video-preview:-1\" \/>\n<link rel=\"canonical\" href=\"https:\/\/linmot.com\/es\/soluciones-industriales\/automatizacion-de-laboratorio\/\" \/>\n<meta property=\"og:locale\" content=\"es_ES\" \/>\n<meta property=\"og:type\" content=\"article\" \/>\n<meta property=\"og:title\" content=\"Automatizaci\u00f3n de laboratorios: Puestos de trabajo automatizados\" \/>\n<meta property=\"og:description\" content=\"En la automatizaci\u00f3n de laboratorios se requiere una gran flexibilidad, fiabilidad y seguridad de producci\u00f3n. No hay problema para los componentes de LinMot.\" \/>\n<meta property=\"og:url\" content=\"https:\/\/linmot.com\/es\/soluciones-industriales\/automatizacion-de-laboratorio\/\" \/>\n<meta property=\"og:site_name\" content=\"LinMot &amp; MagSpring - Espa\u00f1ol\" \/>\n<meta property=\"article:modified_time\" content=\"2023-05-10T13:17:46+00:00\" \/>\n<meta property=\"og:image\" content=\"https:\/\/linmot.com\/es\/wp-content\/uploads\/sites\/5\/2017\/11\/LinMot-Solutions-Laboratory-Automation-Industry.jpg\" \/>\n\t<meta property=\"og:image:width\" content=\"940\" \/>\n\t<meta property=\"og:image:height\" content=\"300\" \/>\n\t<meta property=\"og:image:type\" content=\"image\/jpeg\" \/>\n<meta name=\"twitter:card\" content=\"summary_large_image\" \/>\n<meta name=\"twitter:title\" content=\"Automatizaci\u00f3n de laboratorios: Puestos de trabajo automatizados\" \/>\n<meta name=\"twitter:description\" content=\"En la automatizaci\u00f3n de laboratorios se requiere una gran flexibilidad, fiabilidad y seguridad de producci\u00f3n. No hay problema para los componentes de LinMot.\" \/>\n<meta name=\"twitter:image\" content=\"https:\/\/linmot.com\/es\/wp-content\/uploads\/sites\/5\/2017\/11\/LinMot-Solutions-Laboratory-Automation-Industry.jpg\" \/>\n<meta name=\"twitter:label1\" content=\"Tiempo de lectura\" \/>\n\t<meta name=\"twitter:data1\" content=\"1 minuto\" \/>\n<script type=\"application\/ld+json\" class=\"yoast-schema-graph\">{\"@context\":\"https:\\\/\\\/schema.org\",\"@graph\":[{\"@type\":\"WebPage\",\"@id\":\"https:\\\/\\\/linmot.com\\\/es\\\/soluciones-industriales\\\/automatizacion-de-laboratorio\\\/\",\"url\":\"https:\\\/\\\/linmot.com\\\/es\\\/soluciones-industriales\\\/automatizacion-de-laboratorio\\\/\",\"name\":\"Automatizaci\u00f3n de laboratorios: Puestos de trabajo automatizados\",\"isPartOf\":{\"@id\":\"https:\\\/\\\/linmot.com\\\/es\\\/#website\"},\"primaryImageOfPage\":{\"@id\":\"https:\\\/\\\/linmot.com\\\/es\\\/soluciones-industriales\\\/automatizacion-de-laboratorio\\\/#primaryimage\"},\"image\":{\"@id\":\"https:\\\/\\\/linmot.com\\\/es\\\/soluciones-industriales\\\/automatizacion-de-laboratorio\\\/#primaryimage\"},\"thumbnailUrl\":\"https:\\\/\\\/linmot.com\\\/es\\\/wp-content\\\/uploads\\\/sites\\\/5\\\/2017\\\/11\\\/LinMot-Solutions-Laboratory-Automation-Industry.jpg\",\"datePublished\":\"2017-11-07T14:22:42+00:00\",\"dateModified\":\"2023-05-10T13:17:46+00:00\",\"description\":\"En la automatizaci\u00f3n de laboratorios se requiere una gran flexibilidad, fiabilidad y seguridad de producci\u00f3n. No hay problema para los componentes de LinMot.\",\"breadcrumb\":{\"@id\":\"https:\\\/\\\/linmot.com\\\/es\\\/soluciones-industriales\\\/automatizacion-de-laboratorio\\\/#breadcrumb\"},\"inLanguage\":\"es\",\"potentialAction\":[{\"@type\":\"ReadAction\",\"target\":[\"https:\\\/\\\/linmot.com\\\/es\\\/soluciones-industriales\\\/automatizacion-de-laboratorio\\\/\"]}]},{\"@type\":\"ImageObject\",\"inLanguage\":\"es\",\"@id\":\"https:\\\/\\\/linmot.com\\\/es\\\/soluciones-industriales\\\/automatizacion-de-laboratorio\\\/#primaryimage\",\"url\":\"https:\\\/\\\/linmot.com\\\/es\\\/wp-content\\\/uploads\\\/sites\\\/5\\\/2017\\\/11\\\/LinMot-Solutions-Laboratory-Automation-Industry.jpg\",\"contentUrl\":\"https:\\\/\\\/linmot.com\\\/es\\\/wp-content\\\/uploads\\\/sites\\\/5\\\/2017\\\/11\\\/LinMot-Solutions-Laboratory-Automation-Industry.jpg\",\"width\":940,\"height\":300,\"caption\":\"\"},{\"@type\":\"BreadcrumbList\",\"@id\":\"https:\\\/\\\/linmot.com\\\/es\\\/soluciones-industriales\\\/automatizacion-de-laboratorio\\\/#breadcrumb\",\"itemListElement\":[{\"@type\":\"ListItem\",\"position\":1,\"name\":\"Home\",\"item\":\"https:\\\/\\\/linmot.com\\\/es\\\/\"},{\"@type\":\"ListItem\",\"position\":2,\"name\":\"Soluciones industriales\",\"item\":\"https:\\\/\\\/linmot.com\\\/es\\\/soluciones-industriales\\\/\"},{\"@type\":\"ListItem\",\"position\":3,\"name\":\"Automatizaci\u00f3n de laboratorio\"}]},{\"@type\":\"WebSite\",\"@id\":\"https:\\\/\\\/linmot.com\\\/es\\\/#website\",\"url\":\"https:\\\/\\\/linmot.com\\\/es\\\/\",\"name\":\"LinMot &amp; MagSpring - Espa\u00f1ol\",\"description\":\"Motores lineales y sistemas de motores lineales de alta calidad\",\"publisher\":{\"@id\":\"https:\\\/\\\/linmot.com\\\/es\\\/#organization\"},\"potentialAction\":[{\"@type\":\"SearchAction\",\"target\":{\"@type\":\"EntryPoint\",\"urlTemplate\":\"https:\\\/\\\/linmot.com\\\/es\\\/?s={search_term_string}\"},\"query-input\":{\"@type\":\"PropertyValueSpecification\",\"valueRequired\":true,\"valueName\":\"search_term_string\"}}],\"inLanguage\":\"es\"},{\"@type\":\"Organization\",\"@id\":\"https:\\\/\\\/linmot.com\\\/es\\\/#organization\",\"name\":\"NTI AG - LinMot & MagSpring\",\"url\":\"https:\\\/\\\/linmot.com\\\/es\\\/\",\"logo\":{\"@type\":\"ImageObject\",\"inLanguage\":\"es\",\"@id\":\"https:\\\/\\\/linmot.com\\\/es\\\/#\\\/schema\\\/logo\\\/image\\\/\",\"url\":\"https:\\\/\\\/linmot.com\\\/es\\\/wp-content\\\/uploads\\\/sites\\\/5\\\/2022\\\/05\\\/linmot-social-share-logo.jpg\",\"contentUrl\":\"https:\\\/\\\/linmot.com\\\/es\\\/wp-content\\\/uploads\\\/sites\\\/5\\\/2022\\\/05\\\/linmot-social-share-logo.jpg\",\"width\":800,\"height\":500,\"caption\":\"NTI AG - LinMot & MagSpring\"},\"image\":{\"@id\":\"https:\\\/\\\/linmot.com\\\/es\\\/#\\\/schema\\\/logo\\\/image\\\/\"},\"sameAs\":[\"https:\\\/\\\/www.linkedin.com\\\/company\\\/nti-ag-linmot-magspring\",\"https:\\\/\\\/www.youtube.com\\\/user\\\/LinMotEurope\"]}]}<\/script>\n<!-- \/ Yoast SEO Premium plugin. -->","yoast_head_json":{"title":"Automatizaci\u00f3n de laboratorios: Puestos de trabajo automatizados","description":"En la automatizaci\u00f3n de laboratorios se requiere una gran flexibilidad, fiabilidad y seguridad de producci\u00f3n. No hay problema para los componentes de LinMot.","robots":{"index":"index","follow":"follow","max-snippet":"max-snippet:-1","max-image-preview":"max-image-preview:large","max-video-preview":"max-video-preview:-1"},"canonical":"https:\/\/linmot.com\/es\/soluciones-industriales\/automatizacion-de-laboratorio\/","og_locale":"es_ES","og_type":"article","og_title":"Automatizaci\u00f3n de laboratorios: Puestos de trabajo automatizados","og_description":"En la automatizaci\u00f3n de laboratorios se requiere una gran flexibilidad, fiabilidad y seguridad de producci\u00f3n. No hay problema para los componentes de LinMot.","og_url":"https:\/\/linmot.com\/es\/soluciones-industriales\/automatizacion-de-laboratorio\/","og_site_name":"LinMot &amp; MagSpring - Espa\u00f1ol","article_modified_time":"2023-05-10T13:17:46+00:00","og_image":[{"width":940,"height":300,"url":"https:\/\/linmot.com\/es\/wp-content\/uploads\/sites\/5\/2017\/11\/LinMot-Solutions-Laboratory-Automation-Industry.jpg","type":"image\/jpeg"}],"twitter_card":"summary_large_image","twitter_title":"Automatizaci\u00f3n de laboratorios: Puestos de trabajo automatizados","twitter_description":"En la automatizaci\u00f3n de laboratorios se requiere una gran flexibilidad, fiabilidad y seguridad de producci\u00f3n. No hay problema para los componentes de LinMot.","twitter_image":"https:\/\/linmot.com\/es\/wp-content\/uploads\/sites\/5\/2017\/11\/LinMot-Solutions-Laboratory-Automation-Industry.jpg","twitter_misc":{"Tiempo de lectura":"1 minuto"},"schema":{"@context":"https:\/\/schema.org","@graph":[{"@type":"WebPage","@id":"https:\/\/linmot.com\/es\/soluciones-industriales\/automatizacion-de-laboratorio\/","url":"https:\/\/linmot.com\/es\/soluciones-industriales\/automatizacion-de-laboratorio\/","name":"Automatizaci\u00f3n de laboratorios: Puestos de trabajo automatizados","isPartOf":{"@id":"https:\/\/linmot.com\/es\/#website"},"primaryImageOfPage":{"@id":"https:\/\/linmot.com\/es\/soluciones-industriales\/automatizacion-de-laboratorio\/#primaryimage"},"image":{"@id":"https:\/\/linmot.com\/es\/soluciones-industriales\/automatizacion-de-laboratorio\/#primaryimage"},"thumbnailUrl":"https:\/\/linmot.com\/es\/wp-content\/uploads\/sites\/5\/2017\/11\/LinMot-Solutions-Laboratory-Automation-Industry.jpg","datePublished":"2017-11-07T14:22:42+00:00","dateModified":"2023-05-10T13:17:46+00:00","description":"En la automatizaci\u00f3n de laboratorios se requiere una gran flexibilidad, fiabilidad y seguridad de producci\u00f3n. No hay problema para los componentes de LinMot.","breadcrumb":{"@id":"https:\/\/linmot.com\/es\/soluciones-industriales\/automatizacion-de-laboratorio\/#breadcrumb"},"inLanguage":"es","potentialAction":[{"@type":"ReadAction","target":["https:\/\/linmot.com\/es\/soluciones-industriales\/automatizacion-de-laboratorio\/"]}]},{"@type":"ImageObject","inLanguage":"es","@id":"https:\/\/linmot.com\/es\/soluciones-industriales\/automatizacion-de-laboratorio\/#primaryimage","url":"https:\/\/linmot.com\/es\/wp-content\/uploads\/sites\/5\/2017\/11\/LinMot-Solutions-Laboratory-Automation-Industry.jpg","contentUrl":"https:\/\/linmot.com\/es\/wp-content\/uploads\/sites\/5\/2017\/11\/LinMot-Solutions-Laboratory-Automation-Industry.jpg","width":940,"height":300,"caption":""},{"@type":"BreadcrumbList","@id":"https:\/\/linmot.com\/es\/soluciones-industriales\/automatizacion-de-laboratorio\/#breadcrumb","itemListElement":[{"@type":"ListItem","position":1,"name":"Home","item":"https:\/\/linmot.com\/es\/"},{"@type":"ListItem","position":2,"name":"Soluciones industriales","item":"https:\/\/linmot.com\/es\/soluciones-industriales\/"},{"@type":"ListItem","position":3,"name":"Automatizaci\u00f3n de laboratorio"}]},{"@type":"WebSite","@id":"https:\/\/linmot.com\/es\/#website","url":"https:\/\/linmot.com\/es\/","name":"LinMot &amp; MagSpring - Espa\u00f1ol","description":"Motores lineales y sistemas de motores lineales de alta calidad","publisher":{"@id":"https:\/\/linmot.com\/es\/#organization"},"potentialAction":[{"@type":"SearchAction","target":{"@type":"EntryPoint","urlTemplate":"https:\/\/linmot.com\/es\/?s={search_term_string}"},"query-input":{"@type":"PropertyValueSpecification","valueRequired":true,"valueName":"search_term_string"}}],"inLanguage":"es"},{"@type":"Organization","@id":"https:\/\/linmot.com\/es\/#organization","name":"NTI AG - LinMot & MagSpring","url":"https:\/\/linmot.com\/es\/","logo":{"@type":"ImageObject","inLanguage":"es","@id":"https:\/\/linmot.com\/es\/#\/schema\/logo\/image\/","url":"https:\/\/linmot.com\/es\/wp-content\/uploads\/sites\/5\/2022\/05\/linmot-social-share-logo.jpg","contentUrl":"https:\/\/linmot.com\/es\/wp-content\/uploads\/sites\/5\/2022\/05\/linmot-social-share-logo.jpg","width":800,"height":500,"caption":"NTI AG - LinMot & MagSpring"},"image":{"@id":"https:\/\/linmot.com\/es\/#\/schema\/logo\/image\/"},"sameAs":["https:\/\/www.linkedin.com\/company\/nti-ag-linmot-magspring","https:\/\/www.youtube.com\/user\/LinMotEurope"]}]}},"_links":{"self":[{"href":"https:\/\/linmot.com\/es\/wp-json\/wp\/v2\/pages\/211","targetHints":{"allow":["GET"]}}],"collection":[{"href":"https:\/\/linmot.com\/es\/wp-json\/wp\/v2\/pages"}],"about":[{"href":"https:\/\/linmot.com\/es\/wp-json\/wp\/v2\/types\/page"}],"author":[{"embeddable":true,"href":"https:\/\/linmot.com\/es\/wp-json\/wp\/v2\/users\/1"}],"replies":[{"embeddable":true,"href":"https:\/\/linmot.com\/es\/wp-json\/wp\/v2\/comments?post=211"}],"version-history":[{"count":4,"href":"https:\/\/linmot.com\/es\/wp-json\/wp\/v2\/pages\/211\/revisions"}],"predecessor-version":[{"id":2506,"href":"https:\/\/linmot.com\/es\/wp-json\/wp\/v2\/pages\/211\/revisions\/2506"}],"up":[{"embeddable":true,"href":"https:\/\/linmot.com\/es\/wp-json\/wp\/v2\/pages\/8"}],"wp:attachment":[{"href":"https:\/\/linmot.com\/es\/wp-json\/wp\/v2\/media?parent=211"}],"curies":[{"name":"wp","href":"https:\/\/api.w.org\/{rel}","templated":true}]}}