{"id":208,"date":"2017-11-07T15:20:23","date_gmt":"2017-11-07T14:20:23","guid":{"rendered":"https:\/\/linmot.com\/?page_id=208"},"modified":"2023-05-10T14:38:53","modified_gmt":"2023-05-10T14:38:53","slug":"semiconductores-electronica","status":"publish","type":"page","link":"https:\/\/linmot.com\/es\/soluciones-industriales\/semiconductores-electronica\/","title":{"rendered":"Semiconductores &#038; Electr\u00f3nica"},"content":{"rendered":"<p><strong>En la industria de los semiconductores, la disponibilidad de los sistemas y m\u00e1quinas es un requisito absoluto.<\/strong><\/p>\n<img loading=\"lazy\" decoding=\"async\" class=\"aligncenter size-full wp-image-209\" src=\"https:\/\/linmot.com\/es\/wp-content\/uploads\/sites\/5\/2017\/11\/LinMot-Solutions-Semiconductors-Electronics-Industry.jpg\" alt=\"\" width=\"940\" height=\"300\" srcset=\"https:\/\/linmot.com\/es\/wp-content\/uploads\/sites\/5\/2017\/11\/LinMot-Solutions-Semiconductors-Electronics-Industry.jpg 940w, https:\/\/linmot.com\/es\/wp-content\/uploads\/sites\/5\/2017\/11\/LinMot-Solutions-Semiconductors-Electronics-Industry-300x96.jpg 300w, https:\/\/linmot.com\/es\/wp-content\/uploads\/sites\/5\/2017\/11\/LinMot-Solutions-Semiconductors-Electronics-Industry-768x245.jpg 768w\" sizes=\"auto, (max-width: 940px) 100vw, 940px\" \/>\n<p>La fabricaci\u00f3n moderna de productos electr\u00f3nicos debe ser capaz de afrontar los frecuentes cambios de producto. Con las innovadoras soluciones de LinMot, con controladores inteligentes y componentes de control, las aplicaciones de transporte y de producci\u00f3n pueden ser implementadas de forma efectiva.<\/p>\n<p><strong>Los motores lineales<\/strong> de estilo tubular se utilizan en una variedad de \u00e1reas como:<\/p>\n<div class=\"row\">\n<div class=\"col-sm-4\">\n<ul>\n<li>M\u00e1quinas front-end<\/li>\n<li>M\u00e1quinas back-end<\/li>\n<li>Manipulaci\u00f3n de obleas<\/li>\n<li>Manipulaci\u00f3n de semiconductores<\/li>\n<li>M\u00e1quinas de inspecci\u00f3n de semiconductores<\/li>\n<\/ul>\n<\/div>\n<div class=\"col-sm-4\">\n<ul>\n<li>M\u00e1quinas de envasado de semiconductores<\/li>\n<li>Serigraf\u00eda<\/li>\n<li>Control de rasquetas<\/li>\n<li>M\u00e1quinas de relleno<\/li>\n<li>Pruebas con sonda m\u00f3vil<\/li>\n<\/ul>\n<\/div>\n<div class=\"col-sm-4\">\n<ul>\n<li>Corte de paneles<\/li>\n<li>Sistemas de producci\u00f3n de CD \/ DVD y m\u00e1quinas de embalaje<\/li>\n<li>etc.<\/li>\n<\/ul>\n<\/div>\n<\/div>\n<p>La tecnolog\u00eda de accionamiento de LinMot lleva cada aplicaci\u00f3n del cliente a un nuevo nivel y ayuda a reducir los costes totales.<\/p>\n<p>La producci\u00f3n de semiconductores requiere una limpieza extrema. Para ello, LinMot ha desarrollado m\u00f3dulos especiales con aprobaci\u00f3n de sala limpia hasta ISO4.<\/p>\n<p>Con los m\u00f3dulos LinMot, se pueden mantener los m\u00e1s altos est\u00e1ndares de precisi\u00f3n. Con cada m\u00f3dulo se pueden garantizar precisiones de 0,05 mm y, utilizando sensores externos, se pueden alcanzar precisiones de 10 metros cuadrados.<\/p>\n","protected":false},"excerpt":{"rendered":"<p>En la industria de los semiconductores, la disponibilidad de los sistemas y m\u00e1quinas es un requisito absoluto. La fabricaci\u00f3n moderna de productos electr\u00f3nicos debe ser capaz de afrontar los frecuentes cambios de producto. Con las innovadoras soluciones de LinMot, con controladores inteligentes y componentes de control, las aplicaciones de transporte y de producci\u00f3n pueden ser [&hellip;]<\/p>\n","protected":false},"author":1,"featured_media":0,"parent":8,"menu_order":75,"comment_status":"closed","ping_status":"closed","template":"","meta":{"_acf_changed":false,"footnotes":""},"class_list":["post-208","page","type-page","status-publish","hentry"],"acf":[],"yoast_head":"<!-- This site is optimized with the Yoast SEO Premium plugin v20.9 (Yoast SEO v27.2) - https:\/\/yoast.com\/product\/yoast-seo-premium-wordpress\/ -->\n<title>Semiconductores y electr\u00f3nica - Componentes de accionamiento y control<\/title>\n<meta name=\"description\" content=\"Los motores lineales tubulares se utilizan en m\u00e1quinas frontales, m\u00e1quinas de ensayo de semiconductores, serigraf\u00eda, m\u00e1quinas de decantaci\u00f3n y m\u00e1quinas de recogida y colocaci\u00f3n.\" \/>\n<meta name=\"robots\" content=\"index, follow, max-snippet:-1, max-image-preview:large, max-video-preview:-1\" \/>\n<link rel=\"canonical\" href=\"https:\/\/linmot.com\/es\/soluciones-industriales\/semiconductores-electronica\/\" \/>\n<meta property=\"og:locale\" content=\"es_ES\" \/>\n<meta property=\"og:type\" content=\"article\" \/>\n<meta property=\"og:title\" content=\"Semiconductores y electr\u00f3nica - Componentes de accionamiento y control\" \/>\n<meta property=\"og:description\" content=\"Los motores lineales tubulares se utilizan en m\u00e1quinas frontales, m\u00e1quinas de ensayo de semiconductores, serigraf\u00eda, m\u00e1quinas de decantaci\u00f3n y m\u00e1quinas de recogida y colocaci\u00f3n.\" \/>\n<meta property=\"og:url\" content=\"https:\/\/linmot.com\/es\/soluciones-industriales\/semiconductores-electronica\/\" \/>\n<meta property=\"og:site_name\" content=\"LinMot &amp; MagSpring - Espa\u00f1ol\" \/>\n<meta property=\"article:modified_time\" content=\"2023-05-10T14:38:53+00:00\" \/>\n<meta property=\"og:image\" content=\"https:\/\/linmot.com\/es\/wp-content\/uploads\/sites\/5\/2017\/11\/LinMot-Solutions-Semiconductors-Electronics-Industry.jpg\" \/>\n<meta name=\"twitter:card\" content=\"summary_large_image\" \/>\n<meta name=\"twitter:title\" content=\"Semiconductores y electr\u00f3nica - Componentes de accionamiento y control\" \/>\n<meta name=\"twitter:description\" content=\"Los motores lineales tubulares se utilizan en m\u00e1quinas frontales, m\u00e1quinas de ensayo de semiconductores, serigraf\u00eda, m\u00e1quinas de decantaci\u00f3n y m\u00e1quinas de recogida y colocaci\u00f3n.\" \/>\n<meta name=\"twitter:label1\" content=\"Tiempo de lectura\" \/>\n\t<meta name=\"twitter:data1\" content=\"2 minutos\" \/>\n<script type=\"application\/ld+json\" class=\"yoast-schema-graph\">{\"@context\":\"https:\/\/schema.org\",\"@graph\":[{\"@type\":\"WebPage\",\"@id\":\"https:\/\/linmot.com\/es\/soluciones-industriales\/semiconductores-electronica\/\",\"url\":\"https:\/\/linmot.com\/es\/soluciones-industriales\/semiconductores-electronica\/\",\"name\":\"Semiconductores y electr\u00f3nica - Componentes de accionamiento y control\",\"isPartOf\":{\"@id\":\"https:\/\/linmot.com\/es\/#website\"},\"primaryImageOfPage\":{\"@id\":\"https:\/\/linmot.com\/es\/soluciones-industriales\/semiconductores-electronica\/#primaryimage\"},\"image\":{\"@id\":\"https:\/\/linmot.com\/es\/soluciones-industriales\/semiconductores-electronica\/#primaryimage\"},\"thumbnailUrl\":\"https:\/\/linmot.com\/es\/wp-content\/uploads\/sites\/5\/2017\/11\/LinMot-Solutions-Semiconductors-Electronics-Industry.jpg\",\"datePublished\":\"2017-11-07T14:20:23+00:00\",\"dateModified\":\"2023-05-10T14:38:53+00:00\",\"description\":\"Los motores lineales tubulares se utilizan en m\u00e1quinas frontales, m\u00e1quinas de ensayo de semiconductores, serigraf\u00eda, m\u00e1quinas de decantaci\u00f3n y m\u00e1quinas de recogida y colocaci\u00f3n.\",\"breadcrumb\":{\"@id\":\"https:\/\/linmot.com\/es\/soluciones-industriales\/semiconductores-electronica\/#breadcrumb\"},\"inLanguage\":\"es\",\"potentialAction\":[{\"@type\":\"ReadAction\",\"target\":[\"https:\/\/linmot.com\/es\/soluciones-industriales\/semiconductores-electronica\/\"]}]},{\"@type\":\"ImageObject\",\"inLanguage\":\"es\",\"@id\":\"https:\/\/linmot.com\/es\/soluciones-industriales\/semiconductores-electronica\/#primaryimage\",\"url\":\"https:\/\/linmot.com\/es\/wp-content\/uploads\/sites\/5\/2017\/11\/LinMot-Solutions-Semiconductors-Electronics-Industry.jpg\",\"contentUrl\":\"https:\/\/linmot.com\/es\/wp-content\/uploads\/sites\/5\/2017\/11\/LinMot-Solutions-Semiconductors-Electronics-Industry.jpg\",\"width\":940,\"height\":300,\"caption\":\"\"},{\"@type\":\"BreadcrumbList\",\"@id\":\"https:\/\/linmot.com\/es\/soluciones-industriales\/semiconductores-electronica\/#breadcrumb\",\"itemListElement\":[{\"@type\":\"ListItem\",\"position\":1,\"name\":\"Home\",\"item\":\"https:\/\/linmot.com\/es\/\"},{\"@type\":\"ListItem\",\"position\":2,\"name\":\"Soluciones industriales\",\"item\":\"https:\/\/linmot.com\/es\/soluciones-industriales\/\"},{\"@type\":\"ListItem\",\"position\":3,\"name\":\"Semiconductores &#038; Electr\u00f3nica\"}]},{\"@type\":\"WebSite\",\"@id\":\"https:\/\/linmot.com\/es\/#website\",\"url\":\"https:\/\/linmot.com\/es\/\",\"name\":\"LinMot &amp; MagSpring - Espa\u00f1ol\",\"description\":\"Motores lineales y sistemas de motores lineales de alta calidad\",\"publisher\":{\"@id\":\"https:\/\/linmot.com\/es\/#organization\"},\"potentialAction\":[{\"@type\":\"SearchAction\",\"target\":{\"@type\":\"EntryPoint\",\"urlTemplate\":\"https:\/\/linmot.com\/es\/?s={search_term_string}\"},\"query-input\":{\"@type\":\"PropertyValueSpecification\",\"valueRequired\":true,\"valueName\":\"search_term_string\"}}],\"inLanguage\":\"es\"},{\"@type\":\"Organization\",\"@id\":\"https:\/\/linmot.com\/es\/#organization\",\"name\":\"NTI AG - LinMot & MagSpring\",\"url\":\"https:\/\/linmot.com\/es\/\",\"logo\":{\"@type\":\"ImageObject\",\"inLanguage\":\"es\",\"@id\":\"https:\/\/linmot.com\/es\/#\/schema\/logo\/image\/\",\"url\":\"https:\/\/linmot.com\/es\/wp-content\/uploads\/sites\/5\/2022\/05\/linmot-social-share-logo.jpg\",\"contentUrl\":\"https:\/\/linmot.com\/es\/wp-content\/uploads\/sites\/5\/2022\/05\/linmot-social-share-logo.jpg\",\"width\":800,\"height\":500,\"caption\":\"NTI AG - LinMot & MagSpring\"},\"image\":{\"@id\":\"https:\/\/linmot.com\/es\/#\/schema\/logo\/image\/\"},\"sameAs\":[\"https:\/\/www.linkedin.com\/company\/nti-ag-linmot-magspring\",\"https:\/\/www.youtube.com\/user\/LinMotEurope\"]}]}<\/script>\n<!-- \/ Yoast SEO Premium plugin. -->","yoast_head_json":{"title":"Semiconductores y electr\u00f3nica - Componentes de accionamiento y control","description":"Los motores lineales tubulares se utilizan en m\u00e1quinas frontales, m\u00e1quinas de ensayo de semiconductores, serigraf\u00eda, m\u00e1quinas de decantaci\u00f3n y m\u00e1quinas de recogida y colocaci\u00f3n.","robots":{"index":"index","follow":"follow","max-snippet":"max-snippet:-1","max-image-preview":"max-image-preview:large","max-video-preview":"max-video-preview:-1"},"canonical":"https:\/\/linmot.com\/es\/soluciones-industriales\/semiconductores-electronica\/","og_locale":"es_ES","og_type":"article","og_title":"Semiconductores y electr\u00f3nica - Componentes de accionamiento y control","og_description":"Los motores lineales tubulares se utilizan en m\u00e1quinas frontales, m\u00e1quinas de ensayo de semiconductores, serigraf\u00eda, m\u00e1quinas de decantaci\u00f3n y m\u00e1quinas de recogida y colocaci\u00f3n.","og_url":"https:\/\/linmot.com\/es\/soluciones-industriales\/semiconductores-electronica\/","og_site_name":"LinMot &amp; MagSpring - Espa\u00f1ol","article_modified_time":"2023-05-10T14:38:53+00:00","og_image":[{"url":"https:\/\/linmot.com\/es\/wp-content\/uploads\/sites\/5\/2017\/11\/LinMot-Solutions-Semiconductors-Electronics-Industry.jpg","type":"","width":"","height":""}],"twitter_card":"summary_large_image","twitter_title":"Semiconductores y electr\u00f3nica - Componentes de accionamiento y control","twitter_description":"Los motores lineales tubulares se utilizan en m\u00e1quinas frontales, m\u00e1quinas de ensayo de semiconductores, serigraf\u00eda, m\u00e1quinas de decantaci\u00f3n y m\u00e1quinas de recogida y colocaci\u00f3n.","twitter_misc":{"Tiempo de lectura":"2 minutos"},"schema":{"@context":"https:\/\/schema.org","@graph":[{"@type":"WebPage","@id":"https:\/\/linmot.com\/es\/soluciones-industriales\/semiconductores-electronica\/","url":"https:\/\/linmot.com\/es\/soluciones-industriales\/semiconductores-electronica\/","name":"Semiconductores y electr\u00f3nica - Componentes de accionamiento y control","isPartOf":{"@id":"https:\/\/linmot.com\/es\/#website"},"primaryImageOfPage":{"@id":"https:\/\/linmot.com\/es\/soluciones-industriales\/semiconductores-electronica\/#primaryimage"},"image":{"@id":"https:\/\/linmot.com\/es\/soluciones-industriales\/semiconductores-electronica\/#primaryimage"},"thumbnailUrl":"https:\/\/linmot.com\/es\/wp-content\/uploads\/sites\/5\/2017\/11\/LinMot-Solutions-Semiconductors-Electronics-Industry.jpg","datePublished":"2017-11-07T14:20:23+00:00","dateModified":"2023-05-10T14:38:53+00:00","description":"Los motores lineales tubulares se utilizan en m\u00e1quinas frontales, m\u00e1quinas de ensayo de semiconductores, serigraf\u00eda, m\u00e1quinas de decantaci\u00f3n y m\u00e1quinas de recogida y colocaci\u00f3n.","breadcrumb":{"@id":"https:\/\/linmot.com\/es\/soluciones-industriales\/semiconductores-electronica\/#breadcrumb"},"inLanguage":"es","potentialAction":[{"@type":"ReadAction","target":["https:\/\/linmot.com\/es\/soluciones-industriales\/semiconductores-electronica\/"]}]},{"@type":"ImageObject","inLanguage":"es","@id":"https:\/\/linmot.com\/es\/soluciones-industriales\/semiconductores-electronica\/#primaryimage","url":"https:\/\/linmot.com\/es\/wp-content\/uploads\/sites\/5\/2017\/11\/LinMot-Solutions-Semiconductors-Electronics-Industry.jpg","contentUrl":"https:\/\/linmot.com\/es\/wp-content\/uploads\/sites\/5\/2017\/11\/LinMot-Solutions-Semiconductors-Electronics-Industry.jpg","width":940,"height":300,"caption":""},{"@type":"BreadcrumbList","@id":"https:\/\/linmot.com\/es\/soluciones-industriales\/semiconductores-electronica\/#breadcrumb","itemListElement":[{"@type":"ListItem","position":1,"name":"Home","item":"https:\/\/linmot.com\/es\/"},{"@type":"ListItem","position":2,"name":"Soluciones industriales","item":"https:\/\/linmot.com\/es\/soluciones-industriales\/"},{"@type":"ListItem","position":3,"name":"Semiconductores &#038; Electr\u00f3nica"}]},{"@type":"WebSite","@id":"https:\/\/linmot.com\/es\/#website","url":"https:\/\/linmot.com\/es\/","name":"LinMot &amp; MagSpring - Espa\u00f1ol","description":"Motores lineales y sistemas de motores lineales de alta calidad","publisher":{"@id":"https:\/\/linmot.com\/es\/#organization"},"potentialAction":[{"@type":"SearchAction","target":{"@type":"EntryPoint","urlTemplate":"https:\/\/linmot.com\/es\/?s={search_term_string}"},"query-input":{"@type":"PropertyValueSpecification","valueRequired":true,"valueName":"search_term_string"}}],"inLanguage":"es"},{"@type":"Organization","@id":"https:\/\/linmot.com\/es\/#organization","name":"NTI AG - LinMot & MagSpring","url":"https:\/\/linmot.com\/es\/","logo":{"@type":"ImageObject","inLanguage":"es","@id":"https:\/\/linmot.com\/es\/#\/schema\/logo\/image\/","url":"https:\/\/linmot.com\/es\/wp-content\/uploads\/sites\/5\/2022\/05\/linmot-social-share-logo.jpg","contentUrl":"https:\/\/linmot.com\/es\/wp-content\/uploads\/sites\/5\/2022\/05\/linmot-social-share-logo.jpg","width":800,"height":500,"caption":"NTI AG - LinMot & MagSpring"},"image":{"@id":"https:\/\/linmot.com\/es\/#\/schema\/logo\/image\/"},"sameAs":["https:\/\/www.linkedin.com\/company\/nti-ag-linmot-magspring","https:\/\/www.youtube.com\/user\/LinMotEurope"]}]}},"_links":{"self":[{"href":"https:\/\/linmot.com\/es\/wp-json\/wp\/v2\/pages\/208","targetHints":{"allow":["GET"]}}],"collection":[{"href":"https:\/\/linmot.com\/es\/wp-json\/wp\/v2\/pages"}],"about":[{"href":"https:\/\/linmot.com\/es\/wp-json\/wp\/v2\/types\/page"}],"author":[{"embeddable":true,"href":"https:\/\/linmot.com\/es\/wp-json\/wp\/v2\/users\/1"}],"replies":[{"embeddable":true,"href":"https:\/\/linmot.com\/es\/wp-json\/wp\/v2\/comments?post=208"}],"version-history":[{"count":10,"href":"https:\/\/linmot.com\/es\/wp-json\/wp\/v2\/pages\/208\/revisions"}],"predecessor-version":[{"id":2497,"href":"https:\/\/linmot.com\/es\/wp-json\/wp\/v2\/pages\/208\/revisions\/2497"}],"up":[{"embeddable":true,"href":"https:\/\/linmot.com\/es\/wp-json\/wp\/v2\/pages\/8"}],"wp:attachment":[{"href":"https:\/\/linmot.com\/es\/wp-json\/wp\/v2\/media?parent=208"}],"curies":[{"name":"wp","href":"https:\/\/api.w.org\/{rel}","templated":true}]}}