{"id":2057,"date":"2022-01-06T10:48:26","date_gmt":"2022-01-06T10:48:26","guid":{"rendered":"https:\/\/linmot.com\/es\/?page_id=2057"},"modified":"2024-08-28T14:27:06","modified_gmt":"2024-08-28T14:27:06","slug":"monitoreo-de-procesos","status":"publish","type":"page","link":"https:\/\/linmot.com\/es\/productos\/servo-drives\/monitoreo-de-procesos\/","title":{"rendered":"Monitoreo de procesos"},"content":{"rendered":"<p><strong>Con la nueva aplicaci\u00f3n \u00abMonitoreo de procesos\u00bb, LinMot da el siguiente paso hacia la Industria 4.0.<\/strong><\/p>\n<hr \/>\n<div class=\"row\">\n<div class=\"col-sm-2\">\n<p><a class=\"button\" href=\"#detalles\">1. detalles<\/a><\/p>\n<\/div>\n<div class=\"col-sm-1\">\n<\/div>\n<div class=\"col-sm-2\">\n<p><a class=\"button\" href=\"#aplicacion\">2. aplicaci\u00f3n<\/a><\/p>\n<\/div>\n<div class=\"col-sm-1\">\n<\/div>\n<div class=\"col-sm-2\">\n<p><a class=\"button\" href=\"#contacto\">3. contacto<\/a><\/p>\n<\/div>\n<\/div>\n<hr \/>\n<h3 id=\"detalles\">1. detalles<\/h3>\n<p align=\"justify\">Para aumentar la calidad, realizar ajustes r\u00e1pidos del proceso debido a influencias externas o garantizar la trazabilidad de cada producto individual, es necesario tener el mejor conocimiento posible del proceso real. Los accionamientos LinMot se caracterizan por un tiempo de ciclo muy r\u00e1pido, por lo que pueden registrar puntos de medici\u00f3n individuales con la mayor frecuencia de muestreo posible. De este modo, el usuario obtiene una imagen detallada del proceso y, a partir de estos datos, puede decidir si el proceso es satisfactorio o no.<\/p>\n<blockquote><p>\u00abEl sistema de control no s\u00f3lo es capaz de evaluar el proceso una vez terminado, sino tambi\u00e9n de ajustarlo \u00absobre la marcha\u00bb y reaccionar directamente a las influencias del proceso\u00bb.<\/p><\/blockquote>\n<img loading=\"lazy\" decoding=\"async\" class=\"alignnone wp-image-2605 size-full\" src=\"https:\/\/linmot.com\/de\/wp-content\/uploads\/sites\/2\/2021\/11\/prozess-monitoring-visualisierung.jpg\" alt=\"Monitoreo de procesos\" width=\"1024\" height=\"684\" \/>\n<p align=\"justify\">Mediante le Monitoreo de procesos, el usuario puede supervisar su proceso de forma sencilla. Se pueden registrar y evaluar las variables de medici\u00f3n decisivas para el proceso. Adem\u00e1s de la supervisi\u00f3n del proceso propiamente dicha, tambi\u00e9n puede garantizar una calidad constante, procesar los datos para realizar funciones de an\u00e1lisis o incluso aplicar un mantenimiento predictivo. Esto significa que nada se interpone en el an\u00e1lisis de datos de acuerdo con la Industria 4.0, que se requiere cada vez m\u00e1s en la ingenier\u00eda mec\u00e1nica en particular.<\/p>\n<blockquote><p>\u00abGracias a la supervisi\u00f3n continua del proceso en tiempo real, se puede hacer un seguimiento de cada unidad ensamblada\u00bb<\/p><\/blockquote>\n<div class=\"row\">\n<div class=\"col-md-7\">\n<h4 class=\"download-title\">Las ventajas del software de supervisi\u00f3n de procesos<\/h4>\n<ul>\n<li>Evaluaci\u00f3n de los datos en tiempo real, independientemente de la duraci\u00f3n del ciclo del bus<\/li>\n<li>Evaluaci\u00f3n y ajuste del proceso de respuesta r\u00e1pida<\/li>\n<li>Comunicaci\u00f3n sencilla con el PLC<\/li>\n<li>Optimizaci\u00f3n de su control de calidad<\/li>\n<li>An\u00e1lisis de datos a alto nivel<\/li>\n<\/ul>\n<\/div>\n<div class=\"col-md-5\">\n<img loading=\"lazy\" decoding=\"async\" class=\"alignnone wp-image-2595 size-full\" src=\"https:\/\/linmot.com\/de\/wp-content\/uploads\/sites\/2\/2021\/11\/image001.jpg\" alt=\"Las ventajas del software de supervisi\u00f3n de procesos\" width=\"221\" height=\"209\" \/>\n<p><strong>Es posible el control de variables cualesquiera (la cifra anterior no es exhaustiva).<\/strong><br \/>\n<\/div>\n<\/div>\n<h3>Compatible con el Monitoreo de procesos de terceros proveedores<\/h3>\n<div class=\"row\">\n<div class=\"col-md-7\">\n<p><strong id=\"start\">Supervisi\u00f3n flexible de los procesos: los productos LinMot son compatibles con sistemas de supervisi\u00f3n de procesos de terceros. Esto permite evaluar procesos muy din\u00e1micos al m\u00e1s alto nivel.<\/strong><\/p>\n<ul>\n<li>Cooperaci\u00f3n entre LinMot y terceros proveedores<\/li>\n<li>Accionamiento C1250-SC controlable por un sistema de terceros<\/li>\n<li>Evaluaci\u00f3n de datos en tiempo real<\/li>\n<li>Controle su calidad<\/li>\n<li>Supervise su proceso<\/li>\n<li>Supervise su aplicaci\u00f3n<\/li>\n<li>Conozca su proceso<\/li>\n<\/ul>\n<\/div>\n<div class=\"col-md-5\">\n<div style=\"width: 394px;\" class=\"wp-video\"><video class=\"wp-video-shortcode\" id=\"video-2057-1\" width=\"394\" height=\"220\" preload=\"metadata\" controls=\"controls\"><source type=\"video\/mp4\" src=\"https:\/\/linmot.com\/de\/wp-content\/uploads\/sites\/2\/2021\/11\/Kistler-Video-Process-Monitoring_1.mp4?_=1\" \/><a href=\"https:\/\/linmot.com\/de\/wp-content\/uploads\/sites\/2\/2021\/11\/Kistler-Video-Process-Monitoring_1.mp4\">https:\/\/linmot.com\/de\/wp-content\/uploads\/sites\/2\/2021\/11\/Kistler-Video-Process-Monitoring_1.mp4<\/a><\/video><\/div>\n<\/div>\n<\/div>\n<p>&nbsp;<\/p>\n<p align=\"justify\">Los sistemas de control de procesos pueden supervisar y evaluar la calidad de un producto o una etapa de fabricaci\u00f3n bas\u00e1ndose en una curva XY. Con la ayuda de los elementos de evaluaci\u00f3n, el usuario adapta la evaluaci\u00f3n de la curva a la tarea de supervisi\u00f3n individual. Seg\u00fan esta especificaci\u00f3n, el sistema decide si es bueno o malo para cada pieza individual.<\/p>\n<img loading=\"lazy\" decoding=\"async\" class=\"size-full wp-image-2667 aligncenter\" src=\"https:\/\/linmot.com\/de\/wp-content\/uploads\/sites\/2\/2022\/01\/process-monitoring-third-parties.jpg\" alt=\"\" width=\"605\" height=\"342\" \/>\n<p align=\"justify\">Las aplicaciones altamente din\u00e1micas, como la inserci\u00f3n, las pruebas, la inspecci\u00f3n o el montaje, por ejemplo, tambi\u00e9n a trav\u00e9s de la configuraci\u00f3n pick&#8217;n&#8217;place, pueden controlarse, supervisarse, evaluarse y documentarse f\u00e1cilmente junto con los motores lineales LinMot y los correspondientes servoaccionamientos de la serie C1250-SC. Bas\u00e1ndose en la forma de las curvas de medici\u00f3n XY registradas, se puede supervisar y controlar en tiempo real la calidad de cada paso de producci\u00f3n, de un conjunto o del producto completo.<\/p>\n<h3 id=\"aplicacion\">2. Informe de aplicaci\u00f3n<\/h3>\n<div class=\"row download\">\n<div class=\"col-md-3\">\n<h4 class=\"download-title\">Industria de bebidas 4.0<\/h4>\n<p class=\"bodytext\" align=\"justify\">Construcciones voluminosas, botellas que se caen y bajo rendimiento de la l\u00ednea: todo eso es cosa del pasado. Los desarrollos subvencionados por el Estado de Syscona Kontrollsysteme GmbH, junto con los motores lineales de LinMot, allanan el camino para un cambio estructural digital y orientado a la demanda de los procesos de producci\u00f3n y control en la industria de las bebidas.<\/p>\n<p><a class=\"button\" href=\"\/es\/blog\/industria-de-bebidas-4-0-impulsada-por-la-tecnologia-lineal-de-linmot\/\">M\u00e1s informaci\u00f3n<\/a><br \/>\n<\/div>\n<div class=\"col-md-2\">\n<img loading=\"lazy\" decoding=\"async\" class=\"alignnone wp-image-3295 size-full\" src=\"https:\/\/linmot.com\/de\/wp-content\/uploads\/sites\/2\/2023\/01\/vorschau-getraenkeindustrie-4_0.jpg\" alt=\"\" width=\"220\" height=\"220\" \/><br \/>\n<\/div>\n<\/div>\n<h3 id=\"contacto\">3. contacto<\/h3>\n<div class=\"row download\">\n<div class=\"col-md-6\">\n<h4 class=\"download-title\">\u00bfPreguntas sobre la supervisi\u00f3n de procesos?<\/h4>\n<p class=\"bodytext\">Estaremos encantados de responder a cualquier pregunta que tenga.<br \/>\nP\u00f3ngase en contacto con nosotros mediante el siguiente formulario o ll\u00e1menos al:<\/p>\n<p class=\"bodytext\">Tel: +34 943 140 139<\/p>\n<\/div>\n<div class=\"col-md-1\">\n<\/div>\n<div class=\"col-md-5\">\n\n<div class=\"wpcf7 no-js\" id=\"wpcf7-f1752-o1\" lang=\"es-ES\" dir=\"ltr\" data-wpcf7-id=\"1752\">\n<div class=\"screen-reader-response\"><p role=\"status\" aria-live=\"polite\" aria-atomic=\"true\"><\/p> <ul><\/ul><\/div>\n<form action=\"\/es\/wp-json\/wp\/v2\/pages\/2057#wpcf7-f1752-o1\" method=\"post\" class=\"wpcf7-form init\" aria-label=\"Formulario de contacto\" novalidate=\"novalidate\" data-status=\"init\">\n<fieldset class=\"hidden-fields-container\"><input type=\"hidden\" name=\"_wpcf7\" value=\"1752\" \/><input type=\"hidden\" name=\"_wpcf7_version\" value=\"6.1.5\" \/><input type=\"hidden\" name=\"_wpcf7_locale\" value=\"es_ES\" \/><input type=\"hidden\" name=\"_wpcf7_unit_tag\" value=\"wpcf7-f1752-o1\" \/><input type=\"hidden\" name=\"_wpcf7_container_post\" value=\"0\" \/><input type=\"hidden\" name=\"_wpcf7_posted_data_hash\" value=\"\" \/><input type=\"hidden\" name=\"_wpcf7_recaptcha_response\" value=\"\" \/>\n<\/fieldset>\n<label> Tu nombre<br>\n    <span class=\"wpcf7-form-control-wrap\" data-name=\"your-name\"><input size=\"40\" maxlength=\"400\" class=\"wpcf7-form-control wpcf7-text wpcf7-validates-as-required\" aria-required=\"true\" aria-invalid=\"false\" value=\"\" type=\"text\" name=\"your-name\" \/><\/span> <\/label><br>\n<br>\n<label> Tu empresa<br>\n    <span class=\"wpcf7-form-control-wrap\" data-name=\"your-company\"><input size=\"40\" maxlength=\"400\" class=\"wpcf7-form-control wpcf7-text wpcf7-validates-as-required\" aria-required=\"true\" aria-invalid=\"false\" value=\"\" type=\"text\" name=\"your-company\" \/><\/span> <\/label><br>\n<br>\n<label> C\u00f3digo postal<br>\n    <span class=\"wpcf7-form-control-wrap\" data-name=\"your-plz\"><input class=\"wpcf7-form-control wpcf7-number wpcf7-validates-as-required wpcf7-validates-as-number\" aria-required=\"true\" aria-invalid=\"false\" value=\"\" type=\"number\" name=\"your-plz\" \/><\/span> <\/label>\n<br>\n<label> Pa\u00eds<br>\n    <span class=\"wpcf7-form-control-wrap\" data-name=\"your-country\"><input size=\"40\" maxlength=\"400\" class=\"wpcf7-form-control wpcf7-text wpcf7-validates-as-required\" aria-required=\"true\" aria-invalid=\"false\" value=\"\" type=\"text\" name=\"your-country\" \/><\/span> <\/label><br>\n<br>\n<label> Tu tel\u00e9fono<br>\n    <span class=\"wpcf7-form-control-wrap\" data-name=\"your-telephone\"><input size=\"40\" maxlength=\"400\" class=\"wpcf7-form-control wpcf7-tel wpcf7-validates-as-required wpcf7-text wpcf7-validates-as-tel\" aria-required=\"true\" aria-invalid=\"false\" value=\"\" type=\"tel\" name=\"your-telephone\" \/><\/span> <\/label><br>\n<br>\n<label> Tu correo electr\u00f3nico<br>\n    <span class=\"wpcf7-form-control-wrap\" data-name=\"your-email\"><input size=\"40\" maxlength=\"400\" class=\"wpcf7-form-control wpcf7-email wpcf7-validates-as-required wpcf7-text wpcf7-validates-as-email\" aria-required=\"true\" aria-invalid=\"false\" value=\"\" type=\"email\" name=\"your-email\" \/><\/span> <\/label><br>\n<br>\n<label> Asunto<br>\n    <span class=\"wpcf7-form-control-wrap\" data-name=\"your-subject\"><input size=\"40\" maxlength=\"400\" class=\"wpcf7-form-control wpcf7-text wpcf7-validates-as-required\" aria-required=\"true\" aria-invalid=\"false\" value=\"\" type=\"text\" name=\"your-subject\" \/><\/span> <\/label><br>\n<br>\n<label> Tu mensaje (opcional)<br>\n    <span class=\"wpcf7-form-control-wrap\" data-name=\"your-message\"><textarea cols=\"40\" rows=\"10\" maxlength=\"2000\" class=\"wpcf7-form-control wpcf7-textarea\" aria-invalid=\"false\" name=\"your-message\"><\/textarea><\/span> <\/label><br>\n<br>\n<input class=\"wpcf7-form-control wpcf7-submit has-spinner\" type=\"submit\" value=\"Enviar\" \/><div class=\"wpcf7-response-output\" aria-hidden=\"true\"><\/div>\n<\/form>\n<\/div>\n\n<\/div>\n<\/div>\n","protected":false},"excerpt":{"rendered":"<p>Con la nueva aplicaci\u00f3n \u00abMonitoreo de procesos\u00bb, LinMot da el siguiente paso hacia la Industria 4.0. 1. detalles Para aumentar la calidad, realizar ajustes r\u00e1pidos del proceso debido a influencias externas o garantizar la trazabilidad de cada producto individual, es necesario tener el mejor conocimiento posible del proceso real. Los accionamientos LinMot se caracterizan por [&hellip;]<\/p>\n","protected":false},"author":9,"featured_media":0,"parent":2257,"menu_order":35,"comment_status":"closed","ping_status":"closed","template":"","meta":{"_acf_changed":false,"footnotes":""},"class_list":["post-2057","page","type-page","status-publish","hentry"],"acf":[],"yoast_head":"<!-- This site is optimized with the Yoast SEO Premium plugin v20.9 (Yoast SEO v27.2) - https:\/\/yoast.com\/product\/yoast-seo-premium-wordpress\/ -->\n<title>Monitoreo de procesos - LinMot &amp; MagSpring - Espa\u00f1ol<\/title>\n<meta name=\"description\" content=\"Con la nueva aplicaci\u00f3n &quot;Monitoreo de procesos&quot;, LinMot da el siguiente paso hacia la Industria 4.0.\" \/>\n<meta name=\"robots\" content=\"index, follow, max-snippet:-1, max-image-preview:large, max-video-preview:-1\" \/>\n<link rel=\"canonical\" href=\"https:\/\/linmot.com\/es\/productos\/servo-drives\/monitoreo-de-procesos\/\" \/>\n<meta property=\"og:locale\" content=\"es_ES\" \/>\n<meta property=\"og:type\" content=\"article\" \/>\n<meta property=\"og:title\" content=\"Monitoreo de procesos - LinMot &amp; MagSpring - Espa\u00f1ol\" \/>\n<meta property=\"og:description\" content=\"Con la nueva aplicaci\u00f3n &quot;Monitorizaci\u00f3n de procesos&quot;, LinMot da el siguiente paso hacia la Industria 4.0.\" \/>\n<meta property=\"og:url\" content=\"https:\/\/linmot.com\/es\/productos\/servo-drives\/monitoreo-de-procesos\/\" \/>\n<meta property=\"og:site_name\" content=\"LinMot &amp; MagSpring - Espa\u00f1ol\" \/>\n<meta property=\"article:modified_time\" content=\"2024-08-28T14:27:06+00:00\" \/>\n<meta property=\"og:image\" content=\"https:\/\/linmot.com\/de\/wp-content\/uploads\/sites\/2\/2021\/11\/prozess-monitoring-visualisierung.jpg\" \/>\n<meta name=\"twitter:card\" content=\"summary_large_image\" \/>\n<meta name=\"twitter:title\" content=\"Monitoreo de procesos - LinMot &amp; MagSpring - Espa\u00f1ol\" \/>\n<meta name=\"twitter:description\" content=\"Con la nueva aplicaci\u00f3n &quot;Monitorizaci\u00f3n de procesos&quot;, LinMot da el siguiente paso hacia la Industria 4.0.\" \/>\n<meta name=\"twitter:label1\" content=\"Tiempo de lectura\" \/>\n\t<meta name=\"twitter:data1\" content=\"4 minutos\" \/>\n<script type=\"application\/ld+json\" class=\"yoast-schema-graph\">{\"@context\":\"https:\/\/schema.org\",\"@graph\":[{\"@type\":\"WebPage\",\"@id\":\"https:\/\/linmot.com\/es\/productos\/servo-drives\/monitoreo-de-procesos\/\",\"url\":\"https:\/\/linmot.com\/es\/productos\/servo-drives\/monitoreo-de-procesos\/\",\"name\":\"Monitoreo de procesos - LinMot &amp; MagSpring - Espa\u00f1ol\",\"isPartOf\":{\"@id\":\"https:\/\/linmot.com\/es\/#website\"},\"primaryImageOfPage\":{\"@id\":\"https:\/\/linmot.com\/es\/productos\/servo-drives\/monitoreo-de-procesos\/#primaryimage\"},\"image\":{\"@id\":\"https:\/\/linmot.com\/es\/productos\/servo-drives\/monitoreo-de-procesos\/#primaryimage\"},\"thumbnailUrl\":\"https:\/\/linmot.com\/de\/wp-content\/uploads\/sites\/2\/2021\/11\/prozess-monitoring-visualisierung.jpg\",\"datePublished\":\"2022-01-06T10:48:26+00:00\",\"dateModified\":\"2024-08-28T14:27:06+00:00\",\"description\":\"Con la nueva aplicaci\u00f3n \\\"Monitoreo de procesos\\\", LinMot da el siguiente paso hacia la Industria 4.0.\",\"breadcrumb\":{\"@id\":\"https:\/\/linmot.com\/es\/productos\/servo-drives\/monitoreo-de-procesos\/#breadcrumb\"},\"inLanguage\":\"es\",\"potentialAction\":[{\"@type\":\"ReadAction\",\"target\":[\"https:\/\/linmot.com\/es\/productos\/servo-drives\/monitoreo-de-procesos\/\"]}]},{\"@type\":\"ImageObject\",\"inLanguage\":\"es\",\"@id\":\"https:\/\/linmot.com\/es\/productos\/servo-drives\/monitoreo-de-procesos\/#primaryimage\",\"url\":\"https:\/\/linmot.com\/de\/wp-content\/uploads\/sites\/2\/2021\/11\/prozess-monitoring-visualisierung.jpg\",\"contentUrl\":\"https:\/\/linmot.com\/de\/wp-content\/uploads\/sites\/2\/2021\/11\/prozess-monitoring-visualisierung.jpg\"},{\"@type\":\"BreadcrumbList\",\"@id\":\"https:\/\/linmot.com\/es\/productos\/servo-drives\/monitoreo-de-procesos\/#breadcrumb\",\"itemListElement\":[{\"@type\":\"ListItem\",\"position\":1,\"name\":\"Home\",\"item\":\"https:\/\/linmot.com\/es\/\"},{\"@type\":\"ListItem\",\"position\":2,\"name\":\"Productos\",\"item\":\"https:\/\/linmot.com\/es\/productos\/\"},{\"@type\":\"ListItem\",\"position\":3,\"name\":\"Servo Drives\",\"item\":\"https:\/\/linmot.com\/es\/productos\/servo-drives\/\"},{\"@type\":\"ListItem\",\"position\":4,\"name\":\"Monitoreo de procesos\"}]},{\"@type\":\"WebSite\",\"@id\":\"https:\/\/linmot.com\/es\/#website\",\"url\":\"https:\/\/linmot.com\/es\/\",\"name\":\"LinMot &amp; MagSpring - Espa\u00f1ol\",\"description\":\"Motores lineales y sistemas de motores lineales de alta calidad\",\"publisher\":{\"@id\":\"https:\/\/linmot.com\/es\/#organization\"},\"potentialAction\":[{\"@type\":\"SearchAction\",\"target\":{\"@type\":\"EntryPoint\",\"urlTemplate\":\"https:\/\/linmot.com\/es\/?s={search_term_string}\"},\"query-input\":{\"@type\":\"PropertyValueSpecification\",\"valueRequired\":true,\"valueName\":\"search_term_string\"}}],\"inLanguage\":\"es\"},{\"@type\":\"Organization\",\"@id\":\"https:\/\/linmot.com\/es\/#organization\",\"name\":\"NTI AG - LinMot & MagSpring\",\"url\":\"https:\/\/linmot.com\/es\/\",\"logo\":{\"@type\":\"ImageObject\",\"inLanguage\":\"es\",\"@id\":\"https:\/\/linmot.com\/es\/#\/schema\/logo\/image\/\",\"url\":\"https:\/\/linmot.com\/es\/wp-content\/uploads\/sites\/5\/2022\/05\/linmot-social-share-logo.jpg\",\"contentUrl\":\"https:\/\/linmot.com\/es\/wp-content\/uploads\/sites\/5\/2022\/05\/linmot-social-share-logo.jpg\",\"width\":800,\"height\":500,\"caption\":\"NTI AG - LinMot & MagSpring\"},\"image\":{\"@id\":\"https:\/\/linmot.com\/es\/#\/schema\/logo\/image\/\"},\"sameAs\":[\"https:\/\/www.linkedin.com\/company\/nti-ag-linmot-magspring\",\"https:\/\/www.youtube.com\/user\/LinMotEurope\"]}]}<\/script>\n<!-- \/ Yoast SEO Premium plugin. -->","yoast_head_json":{"title":"Monitoreo de procesos - LinMot &amp; MagSpring - Espa\u00f1ol","description":"Con la nueva aplicaci\u00f3n \"Monitoreo de procesos\", LinMot da el siguiente paso hacia la Industria 4.0.","robots":{"index":"index","follow":"follow","max-snippet":"max-snippet:-1","max-image-preview":"max-image-preview:large","max-video-preview":"max-video-preview:-1"},"canonical":"https:\/\/linmot.com\/es\/productos\/servo-drives\/monitoreo-de-procesos\/","og_locale":"es_ES","og_type":"article","og_title":"Monitoreo de procesos - LinMot &amp; MagSpring - Espa\u00f1ol","og_description":"Con la nueva aplicaci\u00f3n \"Monitorizaci\u00f3n de procesos\", LinMot da el siguiente paso hacia la Industria 4.0.","og_url":"https:\/\/linmot.com\/es\/productos\/servo-drives\/monitoreo-de-procesos\/","og_site_name":"LinMot &amp; MagSpring - Espa\u00f1ol","article_modified_time":"2024-08-28T14:27:06+00:00","og_image":[{"url":"https:\/\/linmot.com\/de\/wp-content\/uploads\/sites\/2\/2021\/11\/prozess-monitoring-visualisierung.jpg","type":"","width":"","height":""}],"twitter_card":"summary_large_image","twitter_title":"Monitoreo de procesos - LinMot &amp; MagSpring - Espa\u00f1ol","twitter_description":"Con la nueva aplicaci\u00f3n \"Monitorizaci\u00f3n de procesos\", LinMot da el siguiente paso hacia la Industria 4.0.","twitter_misc":{"Tiempo de lectura":"4 minutos"},"schema":{"@context":"https:\/\/schema.org","@graph":[{"@type":"WebPage","@id":"https:\/\/linmot.com\/es\/productos\/servo-drives\/monitoreo-de-procesos\/","url":"https:\/\/linmot.com\/es\/productos\/servo-drives\/monitoreo-de-procesos\/","name":"Monitoreo de procesos - LinMot &amp; MagSpring - Espa\u00f1ol","isPartOf":{"@id":"https:\/\/linmot.com\/es\/#website"},"primaryImageOfPage":{"@id":"https:\/\/linmot.com\/es\/productos\/servo-drives\/monitoreo-de-procesos\/#primaryimage"},"image":{"@id":"https:\/\/linmot.com\/es\/productos\/servo-drives\/monitoreo-de-procesos\/#primaryimage"},"thumbnailUrl":"https:\/\/linmot.com\/de\/wp-content\/uploads\/sites\/2\/2021\/11\/prozess-monitoring-visualisierung.jpg","datePublished":"2022-01-06T10:48:26+00:00","dateModified":"2024-08-28T14:27:06+00:00","description":"Con la nueva aplicaci\u00f3n \"Monitoreo de procesos\", LinMot da el siguiente paso hacia la Industria 4.0.","breadcrumb":{"@id":"https:\/\/linmot.com\/es\/productos\/servo-drives\/monitoreo-de-procesos\/#breadcrumb"},"inLanguage":"es","potentialAction":[{"@type":"ReadAction","target":["https:\/\/linmot.com\/es\/productos\/servo-drives\/monitoreo-de-procesos\/"]}]},{"@type":"ImageObject","inLanguage":"es","@id":"https:\/\/linmot.com\/es\/productos\/servo-drives\/monitoreo-de-procesos\/#primaryimage","url":"https:\/\/linmot.com\/de\/wp-content\/uploads\/sites\/2\/2021\/11\/prozess-monitoring-visualisierung.jpg","contentUrl":"https:\/\/linmot.com\/de\/wp-content\/uploads\/sites\/2\/2021\/11\/prozess-monitoring-visualisierung.jpg"},{"@type":"BreadcrumbList","@id":"https:\/\/linmot.com\/es\/productos\/servo-drives\/monitoreo-de-procesos\/#breadcrumb","itemListElement":[{"@type":"ListItem","position":1,"name":"Home","item":"https:\/\/linmot.com\/es\/"},{"@type":"ListItem","position":2,"name":"Productos","item":"https:\/\/linmot.com\/es\/productos\/"},{"@type":"ListItem","position":3,"name":"Servo Drives","item":"https:\/\/linmot.com\/es\/productos\/servo-drives\/"},{"@type":"ListItem","position":4,"name":"Monitoreo de procesos"}]},{"@type":"WebSite","@id":"https:\/\/linmot.com\/es\/#website","url":"https:\/\/linmot.com\/es\/","name":"LinMot &amp; MagSpring - Espa\u00f1ol","description":"Motores lineales y sistemas de motores lineales de alta calidad","publisher":{"@id":"https:\/\/linmot.com\/es\/#organization"},"potentialAction":[{"@type":"SearchAction","target":{"@type":"EntryPoint","urlTemplate":"https:\/\/linmot.com\/es\/?s={search_term_string}"},"query-input":{"@type":"PropertyValueSpecification","valueRequired":true,"valueName":"search_term_string"}}],"inLanguage":"es"},{"@type":"Organization","@id":"https:\/\/linmot.com\/es\/#organization","name":"NTI AG - LinMot & MagSpring","url":"https:\/\/linmot.com\/es\/","logo":{"@type":"ImageObject","inLanguage":"es","@id":"https:\/\/linmot.com\/es\/#\/schema\/logo\/image\/","url":"https:\/\/linmot.com\/es\/wp-content\/uploads\/sites\/5\/2022\/05\/linmot-social-share-logo.jpg","contentUrl":"https:\/\/linmot.com\/es\/wp-content\/uploads\/sites\/5\/2022\/05\/linmot-social-share-logo.jpg","width":800,"height":500,"caption":"NTI AG - LinMot & MagSpring"},"image":{"@id":"https:\/\/linmot.com\/es\/#\/schema\/logo\/image\/"},"sameAs":["https:\/\/www.linkedin.com\/company\/nti-ag-linmot-magspring","https:\/\/www.youtube.com\/user\/LinMotEurope"]}]}},"_links":{"self":[{"href":"https:\/\/linmot.com\/es\/wp-json\/wp\/v2\/pages\/2057","targetHints":{"allow":["GET"]}}],"collection":[{"href":"https:\/\/linmot.com\/es\/wp-json\/wp\/v2\/pages"}],"about":[{"href":"https:\/\/linmot.com\/es\/wp-json\/wp\/v2\/types\/page"}],"author":[{"embeddable":true,"href":"https:\/\/linmot.com\/es\/wp-json\/wp\/v2\/users\/9"}],"replies":[{"embeddable":true,"href":"https:\/\/linmot.com\/es\/wp-json\/wp\/v2\/comments?post=2057"}],"version-history":[{"count":22,"href":"https:\/\/linmot.com\/es\/wp-json\/wp\/v2\/pages\/2057\/revisions"}],"predecessor-version":[{"id":3528,"href":"https:\/\/linmot.com\/es\/wp-json\/wp\/v2\/pages\/2057\/revisions\/3528"}],"up":[{"embeddable":true,"href":"https:\/\/linmot.com\/es\/wp-json\/wp\/v2\/pages\/2257"}],"wp:attachment":[{"href":"https:\/\/linmot.com\/es\/wp-json\/wp\/v2\/media?parent=2057"}],"curies":[{"name":"wp","href":"https:\/\/api.w.org\/{rel}","templated":true}]}}