{"id":2041,"date":"2021-12-02T09:53:45","date_gmt":"2021-12-02T09:53:45","guid":{"rendered":"https:\/\/linmot.com\/es\/?page_id=2041"},"modified":"2025-04-14T15:58:14","modified_gmt":"2025-04-14T13:58:14","slug":"seguridad-funcional","status":"publish","type":"page","link":"https:\/\/linmot.com\/es\/productos\/servo-drives\/seguridad-funcional\/","title":{"rendered":"Seguridad funcional"},"content":{"rendered":"<p><strong>LinMot integra con \u00abSeguridad funcional\u00bb las funciones de seguridad adecuadas y algunas nuevas funciones adicionales directamente en el accionamiento y el motor y se asegura de que su construcci\u00f3n sea id\u00e9ntica a la de los productos existentes.<\/strong><\/p>\n<hr \/>\n<div class=\"row\">\n<div class=\"col-sm-2\">\n<p><a class=\"button\" href=\"#detalles\">1. detalles<\/a><\/p>\n<\/div>\n<div class=\"col-sm-1\">\n<\/div>\n<div class=\"col-sm-2\">\n<p><a class=\"button\" href=\"#videos\">2. v\u00eddeos<\/a><\/p>\n<\/div>\n<div class=\"col-sm-1\">\n<\/div>\n<div class=\"col-sm-2\">\n<p><a class=\"button\" href=\"#aplicacion\">3. aplicaci\u00f3n<\/a><\/p>\n<\/div>\n<div class=\"col-sm-1\">\n<\/div>\n<div class=\"col-sm-2\">\n<p><a class=\"button\" href=\"#contacto\">4. contacto<\/a><\/p>\n<\/div>\n<\/div>\n<hr \/>\n<h3 id=\"detalles\">1. detalles<\/h3>\n<p>Las funciones de seguridad est\u00e1n integradas directamente en el accionamiento y no requieren ning\u00fan hardware adicional, lo que permite reducir el tiempo de puesta en marcha y aumentar la rentabilidad gracias a una ingenier\u00eda eficiente y un menor cableado.<\/p>\n<div class=\"row download\">\n<div class=\"col-md-6\">\n<h4 class=\"download-title\">Funciones<\/h4>\n<ul>\n<li>STO: Safe Torque Off<\/li>\n<li>SS1: Safe Stop 1<\/li>\n<li>SS2: Safe Stop 2<\/li>\n<li>SOS: Safe Operating Stop<\/li>\n<li>SLS: Safe Limited Speed<\/li>\n<li>SBC: Safe Brake Control<\/li>\n<li>SBT: Safe Brake Test<\/li>\n<li>Parametrice su funci\u00f3n de seguridad<\/li>\n<\/ul>\n<\/div>\n<div class=\"col-md-1\">\n<\/div>\n<div class=\"col-md-5\">\n<img loading=\"lazy\" decoding=\"async\" class=\"wp-image-2498 size-full aligncenter\" src=\"https:\/\/linmot.com\/wp-content\/uploads\/2021\/11\/functional-safety.jpg\" alt=\"Seguridad funcional\" width=\"482\" height=\"352\" \/>\n<\/div>\n<\/div>\n<div class=\"row download\">\n<div class=\"col-md-6\">\n<h4 class=\"download-title\">Componentes del motor<\/h4>\n<ul>\n<li>Motores de seguridad y est\u00e1ndar de id\u00e9nticas dimensiones<\/li>\n<li>Construir m\u00e1quinas id\u00e9nticas, con o sin seguridad funcional<\/li>\n<li><a href=\"\/es\/productos\/motores-lineales\/motores-lineales-p01\/\">Motores lineales<\/a> con seguridad funcional con sensores de posici\u00f3n de seguridad integrados<\/li>\n<li>Soluci\u00f3n de un solo cable<\/li>\n<\/ul>\n<\/div>\n<div class=\"col-md-1\">\n<\/div>\n<div class=\"col-md-5\">\n<img loading=\"lazy\" decoding=\"async\" class=\"wp-image-5778 size-full aligncenter\" src=\"https:\/\/linmot.com\/de\/wp-content\/uploads\/sites\/2\/2025\/04\/functional-safety-adjusted.jpg\" alt=\"linmot-functional-safety-with-without-encoder\" width=\"300\" height=\"568\" \/>\n<\/div>\n<\/div>\n<div class=\"row download\">\n<div class=\"col-md-6\">\n<h4 class=\"download-title\">Multiinterfaz<\/h4>\n<ul>\n<li>Accionamiento multiinterfaz<\/li>\n<li>Un hardware admite diferentes buses de comunicaci\u00f3n<\/li>\n<li>Protocolos de comunicaci\u00f3n en tiempo real<\/li>\n<li>Movimientos sincronizados e independientes<\/li>\n<li>Movimiento NC o protocolo LinMot<\/li>\n<\/ul>\n<\/div>\n<div class=\"col-md-1\">\n<\/div>\n<div class=\"col-md-5\">\n<img loading=\"lazy\" decoding=\"async\" class=\"wp-image-2483 aligncenter\" src=\"https:\/\/linmot.com\/de\/wp-content\/uploads\/sites\/2\/2025\/04\/functional_safety_feldbusse_linmot.jpg\" alt=\"Funktionale Sicherheit im Zusammenspiel mit Feldbusschnittstellen\" width=\"768\" height=\"687\" \/>\n<\/div>\n<\/div>\n<h3 id=\"videos\">2. v\u00eddeos<\/h3>\n<div class=\"row download\">\n<div class=\"col-md-6\">\n<h4 class=\"download-title\">Seguridad funcional: c\u00f3mo funciona<\/h4>\n<p class=\"bodytext\">LinMot ofrece un paquete completo de seguridad funcional de una sola fuente. Las funciones de seguridad est\u00e1n integradas directamente en el accionamiento y no requieren hardware adicional. Los motores\/m\u00f3dulos lineales disponen de un sistema de sensor de posici\u00f3n de seguridad integrado.<\/p>\n<\/div>\n<div class=\"col-md-1\">\n<\/div>\n<div class=\"col-md-5\">\n<div class=\"brlbs-cmpnt-container brlbs-cmpnt-content-blocker brlbs-cmpnt-with-individual-styles\" data-borlabs-cookie-content-blocker-id=\"default\" data-borlabs-cookie-content=\"PGlmcmFtZSB0aXRsZT0iWW91VHViZSB2aWRlbyBwbGF5ZXIiIHNyYz0iaHR0cHM6Ly93d3cueW91dHViZS5jb20vZW1iZWQvdWdHX0x0ZjlyQkkiIHdpZHRoPSIzOTQiIGhlaWdodD0iMjIwIiBmcmFtZWJvcmRlcj0iMCIgYWxsb3dmdWxsc2NyZWVuPSJhbGxvd2Z1bGxzY3JlZW4iPjwvaWZyYW1lPg==\">\n<div class=\"brlbs-cmpnt-cb-preset-a\">\n<p class=\"brlbs-cmpnt-cb-description\">Est\u00e1s viendo un contenido de marcador de posici\u00f3n de <strong>Predeterminado<\/strong>. Para acceder al contenido real, haz clic en el siguiente bot\u00f3n. Ten en cuenta que al hacerlo compartir\u00e1s datos con terceros proveedores.<\/p>\n<div class=\"brlbs-cmpnt-cb-buttons\"> <a class=\"brlbs-cmpnt-cb-btn\" href=\"#\" data-borlabs-cookie-unblock role=\"button\">Desbloquear contenido<\/a> <a class=\"brlbs-cmpnt-cb-btn\" href=\"#\" data-borlabs-cookie-accept-service role=\"button\" style=\"display: none\">Aceptar el servicio requerido y desbloquear el contenido<\/a> <\/div>\n<p> <a class=\"brlbs-cmpnt-cb-provider-toggle\" href=\"#\" data-borlabs-cookie-show-provider-information role=\"button\">M\u00e1s informaci\u00f3n<\/a> <\/div>\n<\/div>\n<\/div>\n<\/div>\n<h3 id=\"aplicacion\">3. Informe de aplicaci\u00f3n<\/h3>\n<div class=\"row download\">\n<div class=\"col-md-3\">\n<h4 class=\"download-title\">Seguridad funcional para motores lineales industriales<\/h4>\n<p class=\"bodytext\">Hasta ahora, los fabricantes de maquinaria ten\u00edan que arregl\u00e1rselas solos a la hora de utilizar motores lineales din\u00e1micos para garantizar la seguridad funcional. Ahora, por primera vez, se dispone de un paquete completo que facilita mucho este paso a los usuarios.<\/p>\n<p><a class=\"button\" href=\"\/es\/blog\/seguridad-funcional-para-motores-lineales-industriales\/\">M\u00e1s informaci\u00f3n<\/a><br \/>\n<\/div>\n<div class=\"col-md-2\">\n<img loading=\"lazy\" decoding=\"async\" class=\"alignnone wp-image-3295 size-full\" src=\"https:\/\/linmot.com\/de\/wp-content\/uploads\/sites\/2\/2023\/01\/vorschau-fuctional-safety.jpg\" alt=\"\" width=\"220\" height=\"220\" \/><br \/>\n<\/div>\n<div class=\"col-md-2\">\n<\/div>\n<div class=\"col-md-3\">\n<h4 class=\"download-title\">Gardena se adentra en el futuro del agua gracias a LinMot<\/h4>\n<p class=\"bodytext\">Basta pensar en la bordeadora de c\u00e9sped a bater\u00eda all\u00e1 por 1973 o en el ordenador de riego de la d\u00e9cada de 1980 para darse cuenta de que GARDENA siempre ha demostrado ser un innovador especialmente sostenible. Con la m\u00e1s moderna tecnolog\u00eda de elevaci\u00f3n rotativa y lineal del especialista en accionamientos LinMot, GARDENA ha conseguido redefinir la precisi\u00f3n, la velocidad y la sostenibilidad de sus instalaciones de producci\u00f3n.<\/p>\n<p><a class=\"button\" href=\"\/es\/blog\/gardena-se-adentra-en-el-futuro-del-agua-gracias-a-linmot\/\">M\u00e1s informaci\u00f3n<\/a><br \/>\n<\/div>\n<div class=\"col-md-2\">\n<img loading=\"lazy\" decoding=\"async\" class=\"aligncenter wp-image-4450 size-full\" src=\"https:\/\/linmot.com\/de\/wp-content\/uploads\/sites\/2\/2023\/07\/gardena-vorschau.jpg\" alt=\"\" width=\"220\" height=\"220\" \/><br \/>\n<\/div>\n<\/div>\n<h3 id=\"contacto\">4. contacto<\/h3>\n<div class=\"row download\">\n<div class=\"col-md-6\">\n<h4 class=\"download-title\">\u00bfPreguntas sobre la seguridad funcional?<\/h4>\n<p class=\"bodytext\">Estaremos encantados de responder a cualquier pregunta que tenga sobre los motores lineales-rotatorios.<br \/>\nP\u00f3ngase en contacto con nosotros mediante el siguiente formulario o ll\u00e1menos al:<\/p>\n<p class=\"bodytext\">Tel: +34 943 140 139<\/p>\n<p><img loading=\"lazy\" decoding=\"async\" class=\"size-full wp-image-3464 alignleft\" src=\"https:\/\/linmot.com\/de\/wp-content\/uploads\/sites\/2\/2021\/11\/tuv-nord-safety-approved.jpg\" alt=\"\" width=\"150\" height=\"244\" \/><br \/>\n<\/div>\n<div class=\"col-md-1\">\n<\/div>\n<div class=\"col-md-5\">\n\n<div class=\"wpcf7 no-js\" id=\"wpcf7-f1752-o1\" lang=\"es-ES\" dir=\"ltr\" data-wpcf7-id=\"1752\">\n<div class=\"screen-reader-response\"><p role=\"status\" aria-live=\"polite\" aria-atomic=\"true\"><\/p> <ul><\/ul><\/div>\n<form action=\"\/es\/wp-json\/wp\/v2\/pages\/2041#wpcf7-f1752-o1\" method=\"post\" class=\"wpcf7-form init\" aria-label=\"Formulario de contacto\" novalidate=\"novalidate\" data-status=\"init\">\n<fieldset class=\"hidden-fields-container\"><input type=\"hidden\" name=\"_wpcf7\" value=\"1752\" \/><input type=\"hidden\" name=\"_wpcf7_version\" value=\"6.1.5\" \/><input type=\"hidden\" name=\"_wpcf7_locale\" value=\"es_ES\" \/><input type=\"hidden\" name=\"_wpcf7_unit_tag\" value=\"wpcf7-f1752-o1\" \/><input type=\"hidden\" name=\"_wpcf7_container_post\" value=\"0\" \/><input type=\"hidden\" name=\"_wpcf7_posted_data_hash\" value=\"\" \/><input type=\"hidden\" name=\"_wpcf7_recaptcha_response\" value=\"\" \/>\n<\/fieldset>\n<label> Tu nombre<br>\n    <span class=\"wpcf7-form-control-wrap\" data-name=\"your-name\"><input size=\"40\" maxlength=\"400\" class=\"wpcf7-form-control wpcf7-text wpcf7-validates-as-required\" aria-required=\"true\" aria-invalid=\"false\" value=\"\" type=\"text\" name=\"your-name\" \/><\/span> <\/label><br>\n<br>\n<label> Tu empresa<br>\n    <span class=\"wpcf7-form-control-wrap\" data-name=\"your-company\"><input size=\"40\" maxlength=\"400\" class=\"wpcf7-form-control wpcf7-text wpcf7-validates-as-required\" aria-required=\"true\" aria-invalid=\"false\" value=\"\" type=\"text\" name=\"your-company\" \/><\/span> <\/label><br>\n<br>\n<label> C\u00f3digo postal<br>\n    <span class=\"wpcf7-form-control-wrap\" data-name=\"your-plz\"><input class=\"wpcf7-form-control wpcf7-number wpcf7-validates-as-required wpcf7-validates-as-number\" aria-required=\"true\" aria-invalid=\"false\" value=\"\" type=\"number\" name=\"your-plz\" \/><\/span> <\/label>\n<br>\n<label> Pa\u00eds<br>\n    <span class=\"wpcf7-form-control-wrap\" data-name=\"your-country\"><input size=\"40\" maxlength=\"400\" class=\"wpcf7-form-control wpcf7-text wpcf7-validates-as-required\" aria-required=\"true\" aria-invalid=\"false\" value=\"\" type=\"text\" name=\"your-country\" \/><\/span> <\/label><br>\n<br>\n<label> Tu tel\u00e9fono<br>\n    <span class=\"wpcf7-form-control-wrap\" data-name=\"your-telephone\"><input size=\"40\" maxlength=\"400\" class=\"wpcf7-form-control wpcf7-tel wpcf7-validates-as-required wpcf7-text wpcf7-validates-as-tel\" aria-required=\"true\" aria-invalid=\"false\" value=\"\" type=\"tel\" name=\"your-telephone\" \/><\/span> <\/label><br>\n<br>\n<label> Tu correo electr\u00f3nico<br>\n    <span class=\"wpcf7-form-control-wrap\" data-name=\"your-email\"><input size=\"40\" maxlength=\"400\" class=\"wpcf7-form-control wpcf7-email wpcf7-validates-as-required wpcf7-text wpcf7-validates-as-email\" aria-required=\"true\" aria-invalid=\"false\" value=\"\" type=\"email\" name=\"your-email\" \/><\/span> <\/label><br>\n<br>\n<label> Asunto<br>\n    <span class=\"wpcf7-form-control-wrap\" data-name=\"your-subject\"><input size=\"40\" maxlength=\"400\" class=\"wpcf7-form-control wpcf7-text wpcf7-validates-as-required\" aria-required=\"true\" aria-invalid=\"false\" value=\"\" type=\"text\" name=\"your-subject\" \/><\/span> <\/label><br>\n<br>\n<label> Tu mensaje (opcional)<br>\n    <span class=\"wpcf7-form-control-wrap\" data-name=\"your-message\"><textarea cols=\"40\" rows=\"10\" maxlength=\"2000\" class=\"wpcf7-form-control wpcf7-textarea\" aria-invalid=\"false\" name=\"your-message\"><\/textarea><\/span> <\/label><br>\n<br>\n<input class=\"wpcf7-form-control wpcf7-submit has-spinner\" type=\"submit\" value=\"Enviar\" \/><div class=\"wpcf7-response-output\" aria-hidden=\"true\"><\/div>\n<\/form>\n<\/div>\n\n<\/div>\n<\/div>\n","protected":false},"excerpt":{"rendered":"<p>LinMot integra con \u00abSeguridad funcional\u00bb las funciones de seguridad adecuadas y algunas nuevas funciones adicionales directamente en el accionamiento y el motor y se asegura de que su construcci\u00f3n sea id\u00e9ntica a la de los productos existentes. 1. detalles Las funciones de seguridad est\u00e1n integradas directamente en el accionamiento y no requieren ning\u00fan hardware adicional, [&hellip;]<\/p>\n","protected":false},"author":9,"featured_media":0,"parent":2257,"menu_order":39,"comment_status":"closed","ping_status":"closed","template":"","meta":{"_acf_changed":false,"footnotes":""},"class_list":["post-2041","page","type-page","status-publish","hentry"],"acf":[],"yoast_head":"<!-- This site is optimized with the Yoast SEO Premium plugin v20.9 (Yoast SEO v27.4) - https:\/\/yoast.com\/product\/yoast-seo-premium-wordpress\/ -->\n<title>Seguridad funcional - LinMot &amp; MagSpring - Espa\u00f1ol<\/title>\n<meta name=\"description\" content=\"Con la &quot;seguridad funcional&quot;, LinMot integra las funciones de seguridad y algunas nuevas funciones adicionales directamente en el accionamiento y el motor.\" \/>\n<meta name=\"robots\" content=\"index, follow, max-snippet:-1, max-image-preview:large, max-video-preview:-1\" \/>\n<link rel=\"canonical\" href=\"https:\/\/linmot.com\/es\/productos\/servo-drives\/seguridad-funcional\/\" \/>\n<meta property=\"og:locale\" content=\"es_ES\" \/>\n<meta property=\"og:type\" content=\"article\" \/>\n<meta property=\"og:title\" content=\"Seguridad funcional - LinMot &amp; MagSpring - Espa\u00f1ol\" \/>\n<meta property=\"og:description\" content=\"Con la &quot;seguridad funcional&quot;, LinMot integra las funciones de seguridad y algunas nuevas funciones adicionales directamente en el accionamiento y el motor.\" \/>\n<meta property=\"og:url\" content=\"https:\/\/linmot.com\/es\/productos\/servo-drives\/seguridad-funcional\/\" \/>\n<meta property=\"og:site_name\" content=\"LinMot &amp; MagSpring - Espa\u00f1ol\" \/>\n<meta property=\"article:modified_time\" content=\"2025-04-14T13:58:14+00:00\" \/>\n<meta property=\"og:image\" content=\"https:\/\/linmot.com\/es\/wp-content\/uploads\/sites\/5\/2022\/05\/linmot-social-share-logo.jpg\" \/>\n\t<meta property=\"og:image:width\" content=\"800\" \/>\n\t<meta property=\"og:image:height\" content=\"500\" \/>\n\t<meta property=\"og:image:type\" content=\"image\/jpeg\" \/>\n<meta name=\"twitter:card\" content=\"summary_large_image\" \/>\n<meta name=\"twitter:title\" content=\"Seguridad funcional - LinMot &amp; MagSpring - Espa\u00f1ol\" \/>\n<meta name=\"twitter:description\" content=\"Con la &quot;seguridad funcional&quot;, LinMot integra las funciones de seguridad y algunas nuevas funciones adicionales directamente en el accionamiento y el motor.\" \/>\n<meta name=\"twitter:label1\" content=\"Tiempo de lectura\" \/>\n\t<meta name=\"twitter:data1\" content=\"4 minutos\" \/>\n<script type=\"application\/ld+json\" class=\"yoast-schema-graph\">{\"@context\":\"https:\\\/\\\/schema.org\",\"@graph\":[{\"@type\":\"WebPage\",\"@id\":\"https:\\\/\\\/linmot.com\\\/es\\\/productos\\\/servo-drives\\\/seguridad-funcional\\\/\",\"url\":\"https:\\\/\\\/linmot.com\\\/es\\\/productos\\\/servo-drives\\\/seguridad-funcional\\\/\",\"name\":\"Seguridad funcional - LinMot &amp; MagSpring - Espa\u00f1ol\",\"isPartOf\":{\"@id\":\"https:\\\/\\\/linmot.com\\\/es\\\/#website\"},\"primaryImageOfPage\":{\"@id\":\"https:\\\/\\\/linmot.com\\\/es\\\/productos\\\/servo-drives\\\/seguridad-funcional\\\/#primaryimage\"},\"image\":{\"@id\":\"https:\\\/\\\/linmot.com\\\/es\\\/productos\\\/servo-drives\\\/seguridad-funcional\\\/#primaryimage\"},\"thumbnailUrl\":\"https:\\\/\\\/linmot.com\\\/wp-content\\\/uploads\\\/2021\\\/11\\\/functional-safety.jpg\",\"datePublished\":\"2021-12-02T09:53:45+00:00\",\"dateModified\":\"2025-04-14T13:58:14+00:00\",\"description\":\"Con la \\\"seguridad funcional\\\", LinMot integra las funciones de seguridad y algunas nuevas funciones adicionales directamente en el accionamiento y el motor.\",\"breadcrumb\":{\"@id\":\"https:\\\/\\\/linmot.com\\\/es\\\/productos\\\/servo-drives\\\/seguridad-funcional\\\/#breadcrumb\"},\"inLanguage\":\"es\",\"potentialAction\":[{\"@type\":\"ReadAction\",\"target\":[\"https:\\\/\\\/linmot.com\\\/es\\\/productos\\\/servo-drives\\\/seguridad-funcional\\\/\"]}]},{\"@type\":\"ImageObject\",\"inLanguage\":\"es\",\"@id\":\"https:\\\/\\\/linmot.com\\\/es\\\/productos\\\/servo-drives\\\/seguridad-funcional\\\/#primaryimage\",\"url\":\"https:\\\/\\\/linmot.com\\\/wp-content\\\/uploads\\\/2021\\\/11\\\/functional-safety.jpg\",\"contentUrl\":\"https:\\\/\\\/linmot.com\\\/wp-content\\\/uploads\\\/2021\\\/11\\\/functional-safety.jpg\"},{\"@type\":\"BreadcrumbList\",\"@id\":\"https:\\\/\\\/linmot.com\\\/es\\\/productos\\\/servo-drives\\\/seguridad-funcional\\\/#breadcrumb\",\"itemListElement\":[{\"@type\":\"ListItem\",\"position\":1,\"name\":\"Home\",\"item\":\"https:\\\/\\\/linmot.com\\\/es\\\/\"},{\"@type\":\"ListItem\",\"position\":2,\"name\":\"Productos\",\"item\":\"https:\\\/\\\/linmot.com\\\/es\\\/productos\\\/\"},{\"@type\":\"ListItem\",\"position\":3,\"name\":\"Servo Drives\",\"item\":\"https:\\\/\\\/linmot.com\\\/es\\\/productos\\\/servo-drives\\\/\"},{\"@type\":\"ListItem\",\"position\":4,\"name\":\"Seguridad funcional\"}]},{\"@type\":\"WebSite\",\"@id\":\"https:\\\/\\\/linmot.com\\\/es\\\/#website\",\"url\":\"https:\\\/\\\/linmot.com\\\/es\\\/\",\"name\":\"LinMot &amp; MagSpring - Espa\u00f1ol\",\"description\":\"Motores lineales y sistemas de motores lineales de alta calidad\",\"publisher\":{\"@id\":\"https:\\\/\\\/linmot.com\\\/es\\\/#organization\"},\"potentialAction\":[{\"@type\":\"SearchAction\",\"target\":{\"@type\":\"EntryPoint\",\"urlTemplate\":\"https:\\\/\\\/linmot.com\\\/es\\\/?s={search_term_string}\"},\"query-input\":{\"@type\":\"PropertyValueSpecification\",\"valueRequired\":true,\"valueName\":\"search_term_string\"}}],\"inLanguage\":\"es\"},{\"@type\":\"Organization\",\"@id\":\"https:\\\/\\\/linmot.com\\\/es\\\/#organization\",\"name\":\"NTI AG - LinMot & MagSpring\",\"url\":\"https:\\\/\\\/linmot.com\\\/es\\\/\",\"logo\":{\"@type\":\"ImageObject\",\"inLanguage\":\"es\",\"@id\":\"https:\\\/\\\/linmot.com\\\/es\\\/#\\\/schema\\\/logo\\\/image\\\/\",\"url\":\"https:\\\/\\\/linmot.com\\\/es\\\/wp-content\\\/uploads\\\/sites\\\/5\\\/2022\\\/05\\\/linmot-social-share-logo.jpg\",\"contentUrl\":\"https:\\\/\\\/linmot.com\\\/es\\\/wp-content\\\/uploads\\\/sites\\\/5\\\/2022\\\/05\\\/linmot-social-share-logo.jpg\",\"width\":800,\"height\":500,\"caption\":\"NTI AG - LinMot & MagSpring\"},\"image\":{\"@id\":\"https:\\\/\\\/linmot.com\\\/es\\\/#\\\/schema\\\/logo\\\/image\\\/\"},\"sameAs\":[\"https:\\\/\\\/www.linkedin.com\\\/company\\\/nti-ag-linmot-magspring\",\"https:\\\/\\\/www.youtube.com\\\/user\\\/LinMotEurope\"]}]}<\/script>\n<!-- \/ Yoast SEO Premium plugin. -->","yoast_head_json":{"title":"Seguridad funcional - LinMot &amp; MagSpring - Espa\u00f1ol","description":"Con la \"seguridad funcional\", LinMot integra las funciones de seguridad y algunas nuevas funciones adicionales directamente en el accionamiento y el motor.","robots":{"index":"index","follow":"follow","max-snippet":"max-snippet:-1","max-image-preview":"max-image-preview:large","max-video-preview":"max-video-preview:-1"},"canonical":"https:\/\/linmot.com\/es\/productos\/servo-drives\/seguridad-funcional\/","og_locale":"es_ES","og_type":"article","og_title":"Seguridad funcional - LinMot &amp; MagSpring - Espa\u00f1ol","og_description":"Con la \"seguridad funcional\", LinMot integra las funciones de seguridad y algunas nuevas funciones adicionales directamente en el accionamiento y el motor.","og_url":"https:\/\/linmot.com\/es\/productos\/servo-drives\/seguridad-funcional\/","og_site_name":"LinMot &amp; MagSpring - Espa\u00f1ol","article_modified_time":"2025-04-14T13:58:14+00:00","og_image":[{"width":800,"height":500,"url":"https:\/\/linmot.com\/es\/wp-content\/uploads\/sites\/5\/2022\/05\/linmot-social-share-logo.jpg","type":"image\/jpeg"}],"twitter_card":"summary_large_image","twitter_title":"Seguridad funcional - LinMot &amp; MagSpring - Espa\u00f1ol","twitter_description":"Con la \"seguridad funcional\", LinMot integra las funciones de seguridad y algunas nuevas funciones adicionales directamente en el accionamiento y el motor.","twitter_misc":{"Tiempo de lectura":"4 minutos"},"schema":{"@context":"https:\/\/schema.org","@graph":[{"@type":"WebPage","@id":"https:\/\/linmot.com\/es\/productos\/servo-drives\/seguridad-funcional\/","url":"https:\/\/linmot.com\/es\/productos\/servo-drives\/seguridad-funcional\/","name":"Seguridad funcional - LinMot &amp; MagSpring - Espa\u00f1ol","isPartOf":{"@id":"https:\/\/linmot.com\/es\/#website"},"primaryImageOfPage":{"@id":"https:\/\/linmot.com\/es\/productos\/servo-drives\/seguridad-funcional\/#primaryimage"},"image":{"@id":"https:\/\/linmot.com\/es\/productos\/servo-drives\/seguridad-funcional\/#primaryimage"},"thumbnailUrl":"https:\/\/linmot.com\/wp-content\/uploads\/2021\/11\/functional-safety.jpg","datePublished":"2021-12-02T09:53:45+00:00","dateModified":"2025-04-14T13:58:14+00:00","description":"Con la \"seguridad funcional\", LinMot integra las funciones de seguridad y algunas nuevas funciones adicionales directamente en el accionamiento y el motor.","breadcrumb":{"@id":"https:\/\/linmot.com\/es\/productos\/servo-drives\/seguridad-funcional\/#breadcrumb"},"inLanguage":"es","potentialAction":[{"@type":"ReadAction","target":["https:\/\/linmot.com\/es\/productos\/servo-drives\/seguridad-funcional\/"]}]},{"@type":"ImageObject","inLanguage":"es","@id":"https:\/\/linmot.com\/es\/productos\/servo-drives\/seguridad-funcional\/#primaryimage","url":"https:\/\/linmot.com\/wp-content\/uploads\/2021\/11\/functional-safety.jpg","contentUrl":"https:\/\/linmot.com\/wp-content\/uploads\/2021\/11\/functional-safety.jpg"},{"@type":"BreadcrumbList","@id":"https:\/\/linmot.com\/es\/productos\/servo-drives\/seguridad-funcional\/#breadcrumb","itemListElement":[{"@type":"ListItem","position":1,"name":"Home","item":"https:\/\/linmot.com\/es\/"},{"@type":"ListItem","position":2,"name":"Productos","item":"https:\/\/linmot.com\/es\/productos\/"},{"@type":"ListItem","position":3,"name":"Servo Drives","item":"https:\/\/linmot.com\/es\/productos\/servo-drives\/"},{"@type":"ListItem","position":4,"name":"Seguridad funcional"}]},{"@type":"WebSite","@id":"https:\/\/linmot.com\/es\/#website","url":"https:\/\/linmot.com\/es\/","name":"LinMot &amp; MagSpring - Espa\u00f1ol","description":"Motores lineales y sistemas de motores lineales de alta calidad","publisher":{"@id":"https:\/\/linmot.com\/es\/#organization"},"potentialAction":[{"@type":"SearchAction","target":{"@type":"EntryPoint","urlTemplate":"https:\/\/linmot.com\/es\/?s={search_term_string}"},"query-input":{"@type":"PropertyValueSpecification","valueRequired":true,"valueName":"search_term_string"}}],"inLanguage":"es"},{"@type":"Organization","@id":"https:\/\/linmot.com\/es\/#organization","name":"NTI AG - LinMot & MagSpring","url":"https:\/\/linmot.com\/es\/","logo":{"@type":"ImageObject","inLanguage":"es","@id":"https:\/\/linmot.com\/es\/#\/schema\/logo\/image\/","url":"https:\/\/linmot.com\/es\/wp-content\/uploads\/sites\/5\/2022\/05\/linmot-social-share-logo.jpg","contentUrl":"https:\/\/linmot.com\/es\/wp-content\/uploads\/sites\/5\/2022\/05\/linmot-social-share-logo.jpg","width":800,"height":500,"caption":"NTI AG - LinMot & MagSpring"},"image":{"@id":"https:\/\/linmot.com\/es\/#\/schema\/logo\/image\/"},"sameAs":["https:\/\/www.linkedin.com\/company\/nti-ag-linmot-magspring","https:\/\/www.youtube.com\/user\/LinMotEurope"]}]}},"_links":{"self":[{"href":"https:\/\/linmot.com\/es\/wp-json\/wp\/v2\/pages\/2041","targetHints":{"allow":["GET"]}}],"collection":[{"href":"https:\/\/linmot.com\/es\/wp-json\/wp\/v2\/pages"}],"about":[{"href":"https:\/\/linmot.com\/es\/wp-json\/wp\/v2\/types\/page"}],"author":[{"embeddable":true,"href":"https:\/\/linmot.com\/es\/wp-json\/wp\/v2\/users\/9"}],"replies":[{"embeddable":true,"href":"https:\/\/linmot.com\/es\/wp-json\/wp\/v2\/comments?post=2041"}],"version-history":[{"count":21,"href":"https:\/\/linmot.com\/es\/wp-json\/wp\/v2\/pages\/2041\/revisions"}],"predecessor-version":[{"id":3821,"href":"https:\/\/linmot.com\/es\/wp-json\/wp\/v2\/pages\/2041\/revisions\/3821"}],"up":[{"embeddable":true,"href":"https:\/\/linmot.com\/es\/wp-json\/wp\/v2\/pages\/2257"}],"wp:attachment":[{"href":"https:\/\/linmot.com\/es\/wp-json\/wp\/v2\/media?parent=2041"}],"curies":[{"name":"wp","href":"https:\/\/api.w.org\/{rel}","templated":true}]}}