{"id":193,"date":"2017-11-07T15:05:31","date_gmt":"2017-11-07T14:05:31","guid":{"rendered":"https:\/\/linmot.com\/?page_id=193"},"modified":"2024-08-28T09:45:03","modified_gmt":"2024-08-28T09:45:03","slug":"accesorios","status":"publish","type":"page","link":"https:\/\/linmot.com\/es\/productos\/accesorios\/","title":{"rendered":"Accesorios"},"content":{"rendered":"<div class=\"main_d\">\n<div id=\"c316\" class=\"csc-default\">\n<p class=\"bodytext\">Los accesorios de LinMot se adaptan a nuestros motores lineales. Esto permite una aplicaci\u00f3n r\u00e1pida y sin complicaciones, as\u00ed como la ejecuci\u00f3n de una amplia gama de tareas. Los accesorios originales de los motores desarrollados especialmente para LinMot tambi\u00e9n garantizan un funcionamiento fiable y seguro de los motores lineales.<\/p>\n<h2>El\u00e9ctrico<\/h2>\n<\/div>\n<\/div>\n<div class=\"row\">\n<div class=\"col-md-4\">\n<h4>Cable de motor<\/h4>\n<p><img loading=\"lazy\" decoding=\"async\" class=\"aligncenter wp-image-294 size-full\" src=\"https:\/\/linmot.com\/es\/wp-content\/uploads\/sites\/5\/2017\/11\/LinMot-motor-cable.jpg\" alt=\"Accesorios - Motor cable\" width=\"300\" height=\"150\" \/><br \/>\nPara operaci\u00f3n estacionaria o aplicaci\u00f3n en cadena portacable y robot<br \/>\n<\/div>\n<div class=\"col-md-4\">\n<h4>Cable de conexi\u00f3n y conversor<\/h4>\n<p><img loading=\"lazy\" decoding=\"async\" class=\"alignnone wp-image-414 size-full\" src=\"https:\/\/linmot.com\/es\/wp-content\/uploads\/sites\/5\/2017\/11\/LinMot-connector-cable-and-converter.jpg\" alt=\"Accesorios - Connection cable and converter\" width=\"300\" height=\"150\" \/><br \/>\nCable de configuraci\u00f3n PC y cable de interfaz<br \/>\n<\/div>\n<div class=\"col-md-4\">\n<h4>Sensor de posici\u00f3n externo<\/h4>\n<p><img loading=\"lazy\" decoding=\"async\" class=\"alignnone wp-image-415 size-full\" src=\"https:\/\/linmot.com\/es\/wp-content\/uploads\/sites\/5\/2017\/11\/LinMot-external-position-sensor.jpg\" alt=\"Accesorios - External position sensor\" width=\"300\" height=\"150\" \/><br \/>\nPara aplicaciones de alta precisi\u00f3n en rango micra y\/o detecci\u00f3n de posici\u00f3n absoluta<br \/>\n<\/div>\n<\/div>\n<div class=\"row\">\n<div class=\"col-md-4\">\n<h4>Control Box<\/h4>\n<p><img loading=\"lazy\" decoding=\"async\" class=\"alignnone size-full wp-image-416\" src=\"https:\/\/linmot.com\/es\/wp-content\/uploads\/sites\/5\/2017\/11\/accessories-linmot-control-box.jpg\" alt=\"Control Box\" width=\"230\" height=\"115\" \/><br \/>\nPara una r\u00e1pida puesta en marcha del <a href=\"\/es\/productos\/servo-drives\/\">servo controlador<\/a><br \/>\n<\/div>\n<div class=\"col-md-4\">\n<h4>Fuente de alimentaci\u00f3n<\/h4>\n<p><img loading=\"lazy\" decoding=\"async\" class=\"alignnone size-full wp-image-417\" src=\"https:\/\/linmot.com\/es\/wp-content\/uploads\/sites\/5\/2017\/11\/accessories-linmot-power-supplies.jpg\" alt=\"Power Supplies\" width=\"230\" height=\"115\" \/><br \/>\nEn un rango de potencia de 300 W, 500 W, 1000 W<br \/>\n<\/div>\n<div class=\"col-md-4\">\n<h4>Fuente de transformador<\/h4>\n<p><img loading=\"lazy\" decoding=\"async\" class=\"alignnone size-full wp-image-418\" src=\"https:\/\/linmot.com\/es\/wp-content\/uploads\/sites\/5\/2017\/11\/LinMot-transformer-supplies.jpg\" alt=\"Transformer Supplies\" width=\"300\" height=\"150\" \/><br \/>\nEn un rango de potencia de 420 VA \/ 900 VA \/ 1500 VA<br \/>\n<\/div>\n<\/div>\n<h2>Mec\u00e1nica<\/h2>\n<div class=\"row\">\n<div class=\"col-md-4\">\n<h4>Brida de montaje<\/h4>\n<p><img loading=\"lazy\" decoding=\"async\" class=\"alignnone size-full wp-image-419\" src=\"https:\/\/linmot.com\/es\/wp-content\/uploads\/sites\/5\/2017\/11\/LinMot-mounting-flanges.jpg\" alt=\"Mounting Flanges\" width=\"300\" height=\"150\" \/><br \/>\nR\u00e1pido ensamblaje del motor y \u00f3ptima refrigeraci\u00f3n<br \/>\n<\/div>\n<div class=\"col-md-4\">\n<h4>Ensamblaje de v\u00e1stago<\/h4>\n<p><img loading=\"lazy\" decoding=\"async\" class=\"alignnone size-full wp-image-420\" src=\"https:\/\/linmot.com\/es\/wp-content\/uploads\/sites\/5\/2017\/11\/LinMot-slider-mounting.jpg\" alt=\"Slider Mounting\" width=\"300\" height=\"150\" \/><br \/>\nEvita desalineamientos<br \/>\n<\/div>\n<div class=\"col-md-4\">\n<h4>Freno<\/h4>\n<p><img loading=\"lazy\" decoding=\"async\" class=\"alignnone size-full wp-image-421\" src=\"https:\/\/linmot.com\/es\/wp-content\/uploads\/sites\/5\/2017\/11\/LinMot-brake.jpg\" alt=\"Brake\" width=\"300\" height=\"150\" \/><br \/>\nMantiene la carga en posici\u00f3n vertical a\u00fan sin potencia<br \/>\n<\/div>\n<\/div>\n<hr \/>\n<h3>\u00bfNecesita accesorios?<\/h3>\n<p>Aceptamos pedidos de accesorios a trav\u00e9s de nuestro cat\u00e1logo electr\u00f3nico:<\/p>\n<p><a class=\"btn btn-active\" href=\"https:\/\/shop.linmot.com\/\" target=\"_blank\" rel=\"noopener noreferrer\">Al cat\u00e1logo electr\u00f3nico<\/a><\/p>\n","protected":false},"excerpt":{"rendered":"<p>Los accesorios de LinMot se adaptan a nuestros motores lineales. Esto permite una aplicaci\u00f3n r\u00e1pida y sin complicaciones, as\u00ed como la ejecuci\u00f3n de una amplia gama de tareas. Los accesorios originales de los motores desarrollados especialmente para LinMot tambi\u00e9n garantizan un funcionamiento fiable y seguro de los motores lineales. El\u00e9ctrico Mec\u00e1nica \u00bfNecesita accesorios? Aceptamos pedidos [&hellip;]<\/p>\n","protected":false},"author":1,"featured_media":0,"parent":1210,"menu_order":100,"comment_status":"closed","ping_status":"closed","template":"","meta":{"_acf_changed":false,"footnotes":""},"class_list":["post-193","page","type-page","status-publish","hentry"],"acf":[],"yoast_head":"<!-- This site is optimized with the Yoast SEO Premium plugin v20.9 (Yoast SEO v27.2) - https:\/\/yoast.com\/product\/yoast-seo-premium-wordpress\/ -->\n<title>Accesorios - cable de motor, fuente de alimentaci\u00f3n conmutada<\/title>\n<meta name=\"description\" content=\"La amplia gama de accesorios, como cables y bridas, permite la realizaci\u00f3n r\u00e1pida y sencilla de una gran variedad de tareas.\" \/>\n<meta name=\"robots\" content=\"index, follow, max-snippet:-1, max-image-preview:large, max-video-preview:-1\" \/>\n<link rel=\"canonical\" href=\"https:\/\/linmot.com\/es\/productos\/accesorios\/\" \/>\n<meta property=\"og:locale\" content=\"es_ES\" \/>\n<meta property=\"og:type\" content=\"article\" \/>\n<meta property=\"og:title\" content=\"Accesorios - cable de motor, fuente de alimentaci\u00f3n conmutada\" \/>\n<meta property=\"og:description\" content=\"La amplia gama de accesorios, como cables y bridas, permite la realizaci\u00f3n r\u00e1pida y sencilla de una gran variedad de tareas.\" \/>\n<meta property=\"og:url\" content=\"https:\/\/linmot.com\/es\/productos\/accesorios\/\" \/>\n<meta property=\"og:site_name\" content=\"LinMot &amp; MagSpring - Espa\u00f1ol\" \/>\n<meta property=\"article:modified_time\" content=\"2024-08-28T09:45:03+00:00\" \/>\n<meta property=\"og:image\" content=\"https:\/\/linmot.com\/es\/wp-content\/uploads\/sites\/5\/2017\/11\/LinMot-motor-cable.jpg\" \/>\n<meta name=\"twitter:card\" content=\"summary_large_image\" \/>\n<meta name=\"twitter:title\" content=\"Accesorios - cable de motor, fuente de alimentaci\u00f3n conmutada\" \/>\n<meta name=\"twitter:description\" content=\"La amplia gama de accesorios, como cables y bridas, permite la realizaci\u00f3n r\u00e1pida y sencilla de una gran variedad de tareas.\" \/>\n<meta name=\"twitter:label1\" content=\"Tiempo de lectura\" \/>\n\t<meta name=\"twitter:data1\" content=\"3 minutos\" \/>\n<script type=\"application\/ld+json\" class=\"yoast-schema-graph\">{\"@context\":\"https:\/\/schema.org\",\"@graph\":[{\"@type\":\"WebPage\",\"@id\":\"https:\/\/linmot.com\/es\/productos\/accesorios\/\",\"url\":\"https:\/\/linmot.com\/es\/productos\/accesorios\/\",\"name\":\"Accesorios - cable de motor, fuente de alimentaci\u00f3n conmutada\",\"isPartOf\":{\"@id\":\"https:\/\/linmot.com\/es\/#website\"},\"primaryImageOfPage\":{\"@id\":\"https:\/\/linmot.com\/es\/productos\/accesorios\/#primaryimage\"},\"image\":{\"@id\":\"https:\/\/linmot.com\/es\/productos\/accesorios\/#primaryimage\"},\"thumbnailUrl\":\"https:\/\/linmot.com\/es\/wp-content\/uploads\/sites\/5\/2017\/11\/LinMot-motor-cable.jpg\",\"datePublished\":\"2017-11-07T14:05:31+00:00\",\"dateModified\":\"2024-08-28T09:45:03+00:00\",\"description\":\"La amplia gama de accesorios, como cables y bridas, permite la realizaci\u00f3n r\u00e1pida y sencilla de una gran variedad de tareas.\",\"breadcrumb\":{\"@id\":\"https:\/\/linmot.com\/es\/productos\/accesorios\/#breadcrumb\"},\"inLanguage\":\"es\",\"potentialAction\":[{\"@type\":\"ReadAction\",\"target\":[\"https:\/\/linmot.com\/es\/productos\/accesorios\/\"]}]},{\"@type\":\"ImageObject\",\"inLanguage\":\"es\",\"@id\":\"https:\/\/linmot.com\/es\/productos\/accesorios\/#primaryimage\",\"url\":\"https:\/\/linmot.com\/es\/wp-content\/uploads\/sites\/5\/2017\/11\/LinMot-motor-cable.jpg\",\"contentUrl\":\"https:\/\/linmot.com\/es\/wp-content\/uploads\/sites\/5\/2017\/11\/LinMot-motor-cable.jpg\",\"width\":300,\"height\":150,\"caption\":\"\"},{\"@type\":\"BreadcrumbList\",\"@id\":\"https:\/\/linmot.com\/es\/productos\/accesorios\/#breadcrumb\",\"itemListElement\":[{\"@type\":\"ListItem\",\"position\":1,\"name\":\"Home\",\"item\":\"https:\/\/linmot.com\/es\/\"},{\"@type\":\"ListItem\",\"position\":2,\"name\":\"Productos\",\"item\":\"https:\/\/linmot.com\/es\/productos\/\"},{\"@type\":\"ListItem\",\"position\":3,\"name\":\"Accesorios\"}]},{\"@type\":\"WebSite\",\"@id\":\"https:\/\/linmot.com\/es\/#website\",\"url\":\"https:\/\/linmot.com\/es\/\",\"name\":\"LinMot &amp; MagSpring - Espa\u00f1ol\",\"description\":\"Motores lineales y sistemas de motores lineales de alta calidad\",\"publisher\":{\"@id\":\"https:\/\/linmot.com\/es\/#organization\"},\"potentialAction\":[{\"@type\":\"SearchAction\",\"target\":{\"@type\":\"EntryPoint\",\"urlTemplate\":\"https:\/\/linmot.com\/es\/?s={search_term_string}\"},\"query-input\":{\"@type\":\"PropertyValueSpecification\",\"valueRequired\":true,\"valueName\":\"search_term_string\"}}],\"inLanguage\":\"es\"},{\"@type\":\"Organization\",\"@id\":\"https:\/\/linmot.com\/es\/#organization\",\"name\":\"NTI AG - LinMot & MagSpring\",\"url\":\"https:\/\/linmot.com\/es\/\",\"logo\":{\"@type\":\"ImageObject\",\"inLanguage\":\"es\",\"@id\":\"https:\/\/linmot.com\/es\/#\/schema\/logo\/image\/\",\"url\":\"https:\/\/linmot.com\/es\/wp-content\/uploads\/sites\/5\/2022\/05\/linmot-social-share-logo.jpg\",\"contentUrl\":\"https:\/\/linmot.com\/es\/wp-content\/uploads\/sites\/5\/2022\/05\/linmot-social-share-logo.jpg\",\"width\":800,\"height\":500,\"caption\":\"NTI AG - LinMot & MagSpring\"},\"image\":{\"@id\":\"https:\/\/linmot.com\/es\/#\/schema\/logo\/image\/\"},\"sameAs\":[\"https:\/\/www.linkedin.com\/company\/nti-ag-linmot-magspring\",\"https:\/\/www.youtube.com\/user\/LinMotEurope\"]}]}<\/script>\n<!-- \/ Yoast SEO Premium plugin. -->","yoast_head_json":{"title":"Accesorios - cable de motor, fuente de alimentaci\u00f3n conmutada","description":"La amplia gama de accesorios, como cables y bridas, permite la realizaci\u00f3n r\u00e1pida y sencilla de una gran variedad de tareas.","robots":{"index":"index","follow":"follow","max-snippet":"max-snippet:-1","max-image-preview":"max-image-preview:large","max-video-preview":"max-video-preview:-1"},"canonical":"https:\/\/linmot.com\/es\/productos\/accesorios\/","og_locale":"es_ES","og_type":"article","og_title":"Accesorios - cable de motor, fuente de alimentaci\u00f3n conmutada","og_description":"La amplia gama de accesorios, como cables y bridas, permite la realizaci\u00f3n r\u00e1pida y sencilla de una gran variedad de tareas.","og_url":"https:\/\/linmot.com\/es\/productos\/accesorios\/","og_site_name":"LinMot &amp; MagSpring - Espa\u00f1ol","article_modified_time":"2024-08-28T09:45:03+00:00","og_image":[{"url":"https:\/\/linmot.com\/es\/wp-content\/uploads\/sites\/5\/2017\/11\/LinMot-motor-cable.jpg","type":"","width":"","height":""}],"twitter_card":"summary_large_image","twitter_title":"Accesorios - cable de motor, fuente de alimentaci\u00f3n conmutada","twitter_description":"La amplia gama de accesorios, como cables y bridas, permite la realizaci\u00f3n r\u00e1pida y sencilla de una gran variedad de tareas.","twitter_misc":{"Tiempo de lectura":"3 minutos"},"schema":{"@context":"https:\/\/schema.org","@graph":[{"@type":"WebPage","@id":"https:\/\/linmot.com\/es\/productos\/accesorios\/","url":"https:\/\/linmot.com\/es\/productos\/accesorios\/","name":"Accesorios - cable de motor, fuente de alimentaci\u00f3n conmutada","isPartOf":{"@id":"https:\/\/linmot.com\/es\/#website"},"primaryImageOfPage":{"@id":"https:\/\/linmot.com\/es\/productos\/accesorios\/#primaryimage"},"image":{"@id":"https:\/\/linmot.com\/es\/productos\/accesorios\/#primaryimage"},"thumbnailUrl":"https:\/\/linmot.com\/es\/wp-content\/uploads\/sites\/5\/2017\/11\/LinMot-motor-cable.jpg","datePublished":"2017-11-07T14:05:31+00:00","dateModified":"2024-08-28T09:45:03+00:00","description":"La amplia gama de accesorios, como cables y bridas, permite la realizaci\u00f3n r\u00e1pida y sencilla de una gran variedad de tareas.","breadcrumb":{"@id":"https:\/\/linmot.com\/es\/productos\/accesorios\/#breadcrumb"},"inLanguage":"es","potentialAction":[{"@type":"ReadAction","target":["https:\/\/linmot.com\/es\/productos\/accesorios\/"]}]},{"@type":"ImageObject","inLanguage":"es","@id":"https:\/\/linmot.com\/es\/productos\/accesorios\/#primaryimage","url":"https:\/\/linmot.com\/es\/wp-content\/uploads\/sites\/5\/2017\/11\/LinMot-motor-cable.jpg","contentUrl":"https:\/\/linmot.com\/es\/wp-content\/uploads\/sites\/5\/2017\/11\/LinMot-motor-cable.jpg","width":300,"height":150,"caption":""},{"@type":"BreadcrumbList","@id":"https:\/\/linmot.com\/es\/productos\/accesorios\/#breadcrumb","itemListElement":[{"@type":"ListItem","position":1,"name":"Home","item":"https:\/\/linmot.com\/es\/"},{"@type":"ListItem","position":2,"name":"Productos","item":"https:\/\/linmot.com\/es\/productos\/"},{"@type":"ListItem","position":3,"name":"Accesorios"}]},{"@type":"WebSite","@id":"https:\/\/linmot.com\/es\/#website","url":"https:\/\/linmot.com\/es\/","name":"LinMot &amp; MagSpring - Espa\u00f1ol","description":"Motores lineales y sistemas de motores lineales de alta calidad","publisher":{"@id":"https:\/\/linmot.com\/es\/#organization"},"potentialAction":[{"@type":"SearchAction","target":{"@type":"EntryPoint","urlTemplate":"https:\/\/linmot.com\/es\/?s={search_term_string}"},"query-input":{"@type":"PropertyValueSpecification","valueRequired":true,"valueName":"search_term_string"}}],"inLanguage":"es"},{"@type":"Organization","@id":"https:\/\/linmot.com\/es\/#organization","name":"NTI AG - LinMot & MagSpring","url":"https:\/\/linmot.com\/es\/","logo":{"@type":"ImageObject","inLanguage":"es","@id":"https:\/\/linmot.com\/es\/#\/schema\/logo\/image\/","url":"https:\/\/linmot.com\/es\/wp-content\/uploads\/sites\/5\/2022\/05\/linmot-social-share-logo.jpg","contentUrl":"https:\/\/linmot.com\/es\/wp-content\/uploads\/sites\/5\/2022\/05\/linmot-social-share-logo.jpg","width":800,"height":500,"caption":"NTI AG - LinMot & MagSpring"},"image":{"@id":"https:\/\/linmot.com\/es\/#\/schema\/logo\/image\/"},"sameAs":["https:\/\/www.linkedin.com\/company\/nti-ag-linmot-magspring","https:\/\/www.youtube.com\/user\/LinMotEurope"]}]}},"_links":{"self":[{"href":"https:\/\/linmot.com\/es\/wp-json\/wp\/v2\/pages\/193","targetHints":{"allow":["GET"]}}],"collection":[{"href":"https:\/\/linmot.com\/es\/wp-json\/wp\/v2\/pages"}],"about":[{"href":"https:\/\/linmot.com\/es\/wp-json\/wp\/v2\/types\/page"}],"author":[{"embeddable":true,"href":"https:\/\/linmot.com\/es\/wp-json\/wp\/v2\/users\/1"}],"replies":[{"embeddable":true,"href":"https:\/\/linmot.com\/es\/wp-json\/wp\/v2\/comments?post=193"}],"version-history":[{"count":9,"href":"https:\/\/linmot.com\/es\/wp-json\/wp\/v2\/pages\/193\/revisions"}],"predecessor-version":[{"id":3503,"href":"https:\/\/linmot.com\/es\/wp-json\/wp\/v2\/pages\/193\/revisions\/3503"}],"up":[{"embeddable":true,"href":"https:\/\/linmot.com\/es\/wp-json\/wp\/v2\/pages\/1210"}],"wp:attachment":[{"href":"https:\/\/linmot.com\/es\/wp-json\/wp\/v2\/media?parent=193"}],"curies":[{"name":"wp","href":"https:\/\/api.w.org\/{rel}","templated":true}]}}