{"id":1894,"date":"2021-11-04T14:37:25","date_gmt":"2021-11-04T14:37:25","guid":{"rendered":"https:\/\/linmot.com\/es\/?page_id=1894"},"modified":"2024-08-28T13:57:22","modified_gmt":"2024-08-28T13:57:22","slug":"guias-lineales-fm01-em01","status":"publish","type":"page","link":"https:\/\/linmot.com\/es\/productos\/guias-lineales-modulo-lineal\/guias-lineales-fm01-em01\/","title":{"rendered":"M\u00f3dulos FM01\/EM01"},"content":{"rendered":"<p align=\"justify\"><strong>Las m\u00f3dulos LinMot FM01 y EM01 son aplicaciones de estator m\u00f3vil con motores tubulares lineales. La construcci\u00f3n mec\u00e1nica se basa en un perfil especial de aluminio al que se fijan hasta dos gu\u00edas de perfil de alta precisi\u00f3n. El uso de rodamientos de bolas en los carros garantiza un funcionamiento fiable y suave, la absorci\u00f3n de fuerzas externas, pares y momentos de flexi\u00f3n. Estos productos ofrecen una gran precisi\u00f3n de guiado y permiten un posicionamiento din\u00e1mico y preciso de la carga. Las gu\u00edas se pueden montar en un dise\u00f1o de p\u00f3rtico o semip\u00f3rtico sin necesidad de adaptadores adicionales. Tambi\u00e9n es posible hacer funcionar varios estatores en la misma gu\u00eda. Gracias a la compatibilidad mec\u00e1nica directa con otras gu\u00edas de eje vertical, motores rotativos lineales y otros productos de LinMot, combinada con la amplia gama de carreras disponibles para todos los ejes, las gu\u00edas de estator m\u00f3vil proporcionan una potente caja de herramientas para cualquier tarea de automatizaci\u00f3n.<\/strong><\/p>\n<hr \/>\n<div class=\"row\">\n<div class=\"col-sm-2\">\n<p><a class=\"button\" href=\"#detalles\">1. detalles<\/a><\/p>\n<\/div>\n<div class=\"col-sm-1\">\n<\/div>\n<div class=\"col-sm-2\">\n<p><a class=\"button\" href=\"#videos\">2. v\u00eddeos<\/a><\/p>\n<\/div>\n<div class=\"col-sm-1\">\n<\/div>\n<div class=\"col-sm-2\">\n<p><a class=\"button\" href=\"#contacto\">3. contacto<\/a><\/p>\n<\/div>\n<\/div>\n<hr \/>\n<h3 id=\"detalles\">1. detalles<\/h3>\n<h2>M\u00f3dulos FM-01<\/h2>\n<p>M\u00f3dulos con menor fricci\u00f3n, dise\u00f1adas para cargas normales con menor capacidad de carga est\u00e1tica y din\u00e1mica, donde se permiten momentos est\u00e1ticos y din\u00e1micos.<\/p>\n<div class=\"row\">\n<div class=\"col-md-5\">\n<ul>\n<li>Perfil especial de aluminio con una gu\u00eda de perfil de alta precisi\u00f3n<\/li>\n<li>Los rodamientos de bolas de los carros garantizan un funcionamiento fiable y suave<\/li>\n<li>Montaje en una construcci\u00f3n de p\u00f3rtico sin adaptador adicional<\/li>\n<li>Alta velocidad con un dise\u00f1o muy corto<\/li>\n<li>Opcionalmente con sensor externo para una mayor precisi\u00f3n<\/li>\n<\/ul>\n<\/div>\n<div class=\"col-md-7\">\n<div class=\"carousel slide\" id=\"fac6faee696a79ac72aecafcbd2ee98b\" data-ride=\"carousel\">  <div class=\"carousel-inner\" role=\"listbox\">    <div class=\"item active\">      <img decoding=\"async\" src=\"https:\/\/linmot.com\/es\/wp-content\/uploads\/sites\/5\/2021\/09\/4-LinMot-F-Guides-F01-H01-guide-for-z-axis.jpg\" alt=\"...\">    <\/div>    <div class=\"item\">      <img decoding=\"async\" src=\"https:\/\/linmot.com\/es\/wp-content\/uploads\/sites\/5\/2021\/09\/5-LinMot-F-Guides-F01-48-small.jpg\" alt=\"...\">    <\/div>    <div class=\"item\">      <img decoding=\"async\" src=\"https:\/\/linmot.com\/es\/wp-content\/uploads\/sites\/5\/2021\/09\/6-LinMot-F-Guides-F01-37-small.jpg\" alt=\"...\">    <\/div>    <div class=\"item\">      <img decoding=\"async\" src=\"https:\/\/linmot.com\/es\/wp-content\/uploads\/sites\/5\/2021\/09\/1-LinMot-F-Guides-F01-2-motors-on-track2.jpg\" alt=\"...\">    <\/div>    <div class=\"item\">      <img decoding=\"async\" src=\"https:\/\/linmot.com\/es\/wp-content\/uploads\/sites\/5\/2021\/09\/2-LinMot-F-Guides-F01-37S-mounted-linmot-motorPR01-52-1.jpg\" alt=\"...\">    <\/div>    <div class=\"item\">      <img decoding=\"async\" src=\"https:\/\/linmot.com\/es\/wp-content\/uploads\/sites\/5\/2021\/09\/3-LinMot-F-Guides-F01-Gantry-design.jpg\" alt=\"...\">    <\/div>  <\/div><div class=\"navigation\"><a class=\"left carousel-control\" href=\"#fac6faee696a79ac72aecafcbd2ee98b\" role=\"button\" data-slide=\"prev\"><\/a><a class=\"right carousel-control\" href=\"#fac6faee696a79ac72aecafcbd2ee98b\" role=\"button\" data-slide=\"next\"><\/a><\/div><\/div>\n<\/div>\n<\/div>\n<h2>M\u00f3dulos EM01<\/h2>\n<p>M\u00f3dulos dise\u00f1adas para cargas m\u00e1s pesadas y de larga duraci\u00f3n. Los dos carriles gu\u00eda paralelos y los carros eliminan las vibraciones de torsi\u00f3n. Una versi\u00f3n resistente de las m\u00f3dulos EM01 con cuatro carros sobre dos ra\u00edles ofrece a\u00fan m\u00e1s rigidez mec\u00e1nica.<\/p>\n<div class=\"row\">\n<div class=\"col-md-5\">\n<ul>\n<li>Eliminar los momentos de inclinaci\u00f3n<\/li>\n<li>Perfil especial de aluminio con una gu\u00eda de perfil de alta precisi\u00f3n<\/li>\n<li>Hasta cuatro vagones sobre dos carriles gu\u00eda paralelos<\/li>\n<li>Los rodamientos de bolas de los carros garantizan un funcionamiento fiable e impecable<\/li>\n<li>Alta velocidad con un dise\u00f1o muy corto<\/li>\n<li>Opcionalmente con sensor externo para una mayor precisi\u00f3n<\/li>\n<\/ul>\n<\/div>\n<div class=\"col-md-7\">\n<div class=\"carousel slide\" id=\"b72e17419c27aeb3ac75ebdc7361ea7e\" data-ride=\"carousel\">  <div class=\"carousel-inner\" role=\"listbox\">    <div class=\"item active\">      <img decoding=\"async\" src=\"https:\/\/linmot.com\/es\/wp-content\/uploads\/sites\/5\/2021\/09\/1-LinMot-E-Guides-EM01-37Sx-heavy-duty-40.jpg\" alt=\"...\">    <\/div>    <div class=\"item\">      <img decoding=\"async\" src=\"https:\/\/linmot.com\/es\/wp-content\/uploads\/sites\/5\/2021\/09\/2-LinMot-E-Guides-E01-PR01.jpg\" alt=\"...\">    <\/div>    <div class=\"item\">      <img decoding=\"async\" src=\"https:\/\/linmot.com\/es\/wp-content\/uploads\/sites\/5\/2021\/09\/3-LinMot-E-Guides-FEF-Gantry-PR02-52.jpg\" alt=\"...\">    <\/div>  <\/div><div class=\"navigation\"><a class=\"left carousel-control\" href=\"#b72e17419c27aeb3ac75ebdc7361ea7e\" role=\"button\" data-slide=\"prev\"><\/a><a class=\"right carousel-control\" href=\"#b72e17419c27aeb3ac75ebdc7361ea7e\" role=\"button\" data-slide=\"next\"><\/a><\/div><\/div>\n<\/div>\n<\/div>\n<p><a class=\"btn btn-active\" href=\"https:\/\/shop.linmot.com\/E\/linear-modules-&amp;-guides\/linear-modules-em-fm.htm\" target=\"_blank\" rel=\"noopener noreferrer\">A los detalles en el cat\u00e1logo electr\u00f3nico (ingl\u00e9s)<\/a><\/p>\n<h2>Ventajas del producto<\/h2>\n<div class=\"row\">\n<div class=\"col-md-4\">\n<h4>Versiones multieje<\/h4>\n<p align=\"justify\">Los m\u00f3dulos lineales m\u00f3viles ofrecen una amplia gama de aplicaciones y posibilidades de dise\u00f1o. El usuario puede realizar f\u00e1cilmente aplicaciones como pick &amp; place, pick, rotate &amp; place, configuraci\u00f3n de m\u00faltiples estatorres y p\u00f3rtico.<\/p>\n<\/div>\n<div class=\"col-md-4\">\n<h4>Rodamiento de bolas<\/h4>\n<p align=\"justify\">El uso de rodamientos de bolas en los carros garantiza un funcionamiento fiable y suave, as\u00ed como la absorci\u00f3n de fuerzas externas, pares y momentos de flexi\u00f3n.<\/p>\n<\/div>\n<div class=\"col-md-4\">\n<h4>Compatibilidad mec\u00e1nica<\/h4>\n<p align=\"justify\">Los m\u00f3dulos est\u00e1n dise\u00f1adas para ser mec\u00e1nicamente compatibles entre s\u00ed y con una amplia gama de <a href=\"\/es\/los-productos-de-linmot-y-magspring\/\">productos LinMot<\/a>. Esto permite realizar dise\u00f1os compactos de varios ejes a partir de una \u00fanica fuente para su uso inmediato en aplicaciones sin necesidad de desarrollar componentes adicionales en la empresa.<\/p>\n<\/div>\n<\/div>\n<div class=\"row\">\n<div class=\"col-md-4\">\n<h4>Dise\u00f1o de p\u00f3rtico opcional<\/h4>\n<p align=\"justify\">Cuando se necesita m\u00e1s de un eje, se pueden combinar f\u00e1cilmente varias m\u00f3dulos en dise\u00f1os de p\u00f3rtico o semip\u00f3rtico. El ajuste maestro-esclavo de los estatores en un eje programable simplifica el control. Se puede conseguir un gran rango de trabajo con combinaciones de las carreras disponibles.<\/p>\n<\/div>\n<div class=\"col-md-4\">\n<h4>Opci\u00f3n de sensor externo<\/h4>\n<p align=\"justify\">Adem\u00e1s de los sensores de posici\u00f3n integrados en el estator lineal de LinMot, hay disponibles como opci\u00f3n codificadores externos incrementales y absolutos. Junto con una cinta magn\u00e9tica, los sensores externos proporcionan un sistema de medici\u00f3n lineal de alta resoluci\u00f3n.<\/p>\n<\/div>\n<\/div>\n<h3 id=\"videos\">2. v\u00eddeos<\/h3>\n<div class=\"row download\">\n<div class=\"col-md-6\">\n<h4 class=\"download-title\">Animaci\u00f3n M\u00f3dulos EM01 y FM01<\/h4>\n<p class=\"bodytext\">Vea aqu\u00ed una variaci\u00f3n de los movimientos que nuestras M\u00f3dulos EM01 y FM01 son capaces de hacer.<\/p>\n<\/div>\n<div class=\"col-md-1\">\n<\/div>\n<div class=\"col-md-5\">\n<div class=\"brlbs-cmpnt-container brlbs-cmpnt-content-blocker brlbs-cmpnt-with-individual-styles\" data-borlabs-cookie-content-blocker-id=\"default\" data-borlabs-cookie-content=\"PGlmcmFtZSB0aXRsZT0iWW91VHViZSB2aWRlbyBwbGF5ZXIiIHNyYz0iaHR0cHM6Ly93d3cueW91dHViZS5jb20vZW1iZWQveElBUlZqQWtfZXMiIHdpZHRoPSIzOTQiIGhlaWdodD0iMjIwIiBmcmFtZWJvcmRlcj0iMCIgYWxsb3dmdWxsc2NyZWVuPSJhbGxvd2Z1bGxzY3JlZW4iPjwvaWZyYW1lPg==\">\n<div class=\"brlbs-cmpnt-cb-preset-a\">\n<p class=\"brlbs-cmpnt-cb-description\">Est\u00e1s viendo un contenido de marcador de posici\u00f3n de <strong>Predeterminado<\/strong>. Para acceder al contenido real, haz clic en el siguiente bot\u00f3n. Ten en cuenta que al hacerlo compartir\u00e1s datos con terceros proveedores.<\/p>\n<div class=\"brlbs-cmpnt-cb-buttons\"> <a class=\"brlbs-cmpnt-cb-btn\" href=\"#\" data-borlabs-cookie-unblock role=\"button\">Desbloquear contenido<\/a> <a class=\"brlbs-cmpnt-cb-btn\" href=\"#\" data-borlabs-cookie-accept-service role=\"button\" style=\"display: none\">Aceptar el servicio requerido y desbloquear el contenido<\/a> <\/div>\n<p> <a class=\"brlbs-cmpnt-cb-provider-toggle\" href=\"#\" data-borlabs-cookie-show-provider-information role=\"button\">M\u00e1s informaci\u00f3n<\/a> <\/div>\n<\/div>\n<\/div>\n<\/div>\n<h3 id=\"contacto\">3. contacto<\/h3>\n<div class=\"row download\">\n<div class=\"col-md-6\">\n<h4 class=\"download-title\">\u00bfTiene alguna pregunta sobre los m\u00f3dulos lineales m\u00f3viles?<\/h4>\n<p class=\"bodytext\">Estaremos encantados de responder a cualquier pregunta que tenga.<br \/>\nP\u00f3ngase en contacto con nosotros mediante el siguiente formulario o ll\u00e1menos al:<\/p>\n<p class=\"bodytext\">Tel: +34 943 140 139<\/p>\n<\/div>\n<div class=\"col-md-1\">\n<\/div>\n<div class=\"col-md-5\">\n\n<div class=\"wpcf7 no-js\" id=\"wpcf7-f1752-o1\" lang=\"es-ES\" dir=\"ltr\" data-wpcf7-id=\"1752\">\n<div class=\"screen-reader-response\"><p role=\"status\" aria-live=\"polite\" aria-atomic=\"true\"><\/p> <ul><\/ul><\/div>\n<form action=\"\/es\/wp-json\/wp\/v2\/pages\/1894#wpcf7-f1752-o1\" method=\"post\" class=\"wpcf7-form init\" aria-label=\"Formulario de contacto\" novalidate=\"novalidate\" data-status=\"init\">\n<fieldset class=\"hidden-fields-container\"><input type=\"hidden\" name=\"_wpcf7\" value=\"1752\" \/><input type=\"hidden\" name=\"_wpcf7_version\" value=\"6.1.5\" \/><input type=\"hidden\" name=\"_wpcf7_locale\" value=\"es_ES\" \/><input type=\"hidden\" name=\"_wpcf7_unit_tag\" value=\"wpcf7-f1752-o1\" \/><input type=\"hidden\" name=\"_wpcf7_container_post\" value=\"0\" \/><input type=\"hidden\" name=\"_wpcf7_posted_data_hash\" value=\"\" \/><input type=\"hidden\" name=\"_wpcf7_recaptcha_response\" value=\"\" \/>\n<\/fieldset>\n<label> Tu nombre<br>\n    <span class=\"wpcf7-form-control-wrap\" data-name=\"your-name\"><input size=\"40\" maxlength=\"400\" class=\"wpcf7-form-control wpcf7-text wpcf7-validates-as-required\" aria-required=\"true\" aria-invalid=\"false\" value=\"\" type=\"text\" name=\"your-name\" \/><\/span> <\/label><br>\n<br>\n<label> Tu empresa<br>\n    <span class=\"wpcf7-form-control-wrap\" data-name=\"your-company\"><input size=\"40\" maxlength=\"400\" class=\"wpcf7-form-control wpcf7-text wpcf7-validates-as-required\" aria-required=\"true\" aria-invalid=\"false\" value=\"\" type=\"text\" name=\"your-company\" \/><\/span> <\/label><br>\n<br>\n<label> C\u00f3digo postal<br>\n    <span class=\"wpcf7-form-control-wrap\" data-name=\"your-plz\"><input class=\"wpcf7-form-control wpcf7-number wpcf7-validates-as-required wpcf7-validates-as-number\" aria-required=\"true\" aria-invalid=\"false\" value=\"\" type=\"number\" name=\"your-plz\" \/><\/span> <\/label>\n<br>\n<label> Pa\u00eds<br>\n    <span class=\"wpcf7-form-control-wrap\" data-name=\"your-country\"><input size=\"40\" maxlength=\"400\" class=\"wpcf7-form-control wpcf7-text wpcf7-validates-as-required\" aria-required=\"true\" aria-invalid=\"false\" value=\"\" type=\"text\" name=\"your-country\" \/><\/span> <\/label><br>\n<br>\n<label> Tu tel\u00e9fono<br>\n    <span class=\"wpcf7-form-control-wrap\" data-name=\"your-telephone\"><input size=\"40\" maxlength=\"400\" class=\"wpcf7-form-control wpcf7-tel wpcf7-validates-as-required wpcf7-text wpcf7-validates-as-tel\" aria-required=\"true\" aria-invalid=\"false\" value=\"\" type=\"tel\" name=\"your-telephone\" \/><\/span> <\/label><br>\n<br>\n<label> Tu correo electr\u00f3nico<br>\n    <span class=\"wpcf7-form-control-wrap\" data-name=\"your-email\"><input size=\"40\" maxlength=\"400\" class=\"wpcf7-form-control wpcf7-email wpcf7-validates-as-required wpcf7-text wpcf7-validates-as-email\" aria-required=\"true\" aria-invalid=\"false\" value=\"\" type=\"email\" name=\"your-email\" \/><\/span> <\/label><br>\n<br>\n<label> Asunto<br>\n    <span class=\"wpcf7-form-control-wrap\" data-name=\"your-subject\"><input size=\"40\" maxlength=\"400\" class=\"wpcf7-form-control wpcf7-text wpcf7-validates-as-required\" aria-required=\"true\" aria-invalid=\"false\" value=\"\" type=\"text\" name=\"your-subject\" \/><\/span> <\/label><br>\n<br>\n<label> Tu mensaje (opcional)<br>\n    <span class=\"wpcf7-form-control-wrap\" data-name=\"your-message\"><textarea cols=\"40\" rows=\"10\" maxlength=\"2000\" class=\"wpcf7-form-control wpcf7-textarea\" aria-invalid=\"false\" name=\"your-message\"><\/textarea><\/span> <\/label><br>\n<br>\n<input class=\"wpcf7-form-control wpcf7-submit has-spinner\" type=\"submit\" value=\"Enviar\" \/><div class=\"wpcf7-response-output\" aria-hidden=\"true\"><\/div>\n<\/form>\n<\/div>\n\n<\/div>\n<\/div>\n","protected":false},"excerpt":{"rendered":"<p>Las m\u00f3dulos LinMot FM01 y EM01 son aplicaciones de estator m\u00f3vil con motores tubulares lineales. La construcci\u00f3n mec\u00e1nica se basa en un perfil especial de aluminio al que se fijan hasta dos gu\u00edas de perfil de alta precisi\u00f3n. El uso de rodamientos de bolas en los carros garantiza un funcionamiento fiable y suave, la absorci\u00f3n [&hellip;]<\/p>\n","protected":false},"author":9,"featured_media":0,"parent":44,"menu_order":132,"comment_status":"closed","ping_status":"closed","template":"","meta":{"_acf_changed":false,"footnotes":""},"class_list":["post-1894","page","type-page","status-publish","hentry"],"acf":[],"yoast_head":"<!-- This site is optimized with the Yoast SEO Premium plugin v20.9 (Yoast SEO v27.2) - https:\/\/yoast.com\/product\/yoast-seo-premium-wordpress\/ -->\n<title>M\u00f3dulos FM01\/EM01 - LinMot &amp; MagSpring - Espa\u00f1ol<\/title>\n<meta name=\"description\" content=\"La construcci\u00f3n mec\u00e1nica de los m\u00f3dulos FM01\/EM01 se basa en un perfil de aluminio al que se fijan hasta dos gu\u00edas de perfil.\" \/>\n<meta name=\"robots\" content=\"index, follow, max-snippet:-1, max-image-preview:large, max-video-preview:-1\" \/>\n<link rel=\"canonical\" href=\"https:\/\/linmot.com\/es\/productos\/guias-lineales-modulo-lineal\/guias-lineales-fm01-em01\/\" \/>\n<meta property=\"og:locale\" content=\"es_ES\" \/>\n<meta property=\"og:type\" content=\"article\" \/>\n<meta property=\"og:title\" content=\"M\u00f3dulos FM01\/EM01 - LinMot &amp; MagSpring - Espa\u00f1ol\" \/>\n<meta property=\"og:description\" content=\"La construcci\u00f3n mec\u00e1nica de los m\u00f3dulos FM01\/EM01 se basa en un perfil de aluminio al que se fijan hasta dos gu\u00edas de perfil.\" \/>\n<meta property=\"og:url\" content=\"https:\/\/linmot.com\/es\/productos\/guias-lineales-modulo-lineal\/guias-lineales-fm01-em01\/\" \/>\n<meta property=\"og:site_name\" content=\"LinMot &amp; MagSpring - Espa\u00f1ol\" \/>\n<meta property=\"article:modified_time\" content=\"2024-08-28T13:57:22+00:00\" \/>\n<meta property=\"og:image\" content=\"https:\/\/linmot.com\/es\/wp-content\/uploads\/sites\/5\/2021\/09\/4-LinMot-F-Guides-F01-H01-guide-for-z-axis.jpg\" \/>\n\t<meta property=\"og:image:width\" content=\"612\" \/>\n\t<meta property=\"og:image:height\" content=\"190\" \/>\n\t<meta property=\"og:image:type\" content=\"image\/jpeg\" \/>\n<meta name=\"twitter:card\" content=\"summary_large_image\" \/>\n<meta name=\"twitter:title\" content=\"M\u00f3dulos FM01\/EM01 - LinMot &amp; MagSpring - Espa\u00f1ol\" \/>\n<meta name=\"twitter:description\" content=\"La construcci\u00f3n mec\u00e1nica de los m\u00f3dulos FM01\/EM01 se basa en un perfil de aluminio al que se fijan hasta dos gu\u00edas de perfil.\" \/>\n<meta name=\"twitter:label1\" content=\"Tiempo de lectura\" \/>\n\t<meta name=\"twitter:data1\" content=\"4 minutos\" \/>\n<script type=\"application\/ld+json\" class=\"yoast-schema-graph\">{\"@context\":\"https:\/\/schema.org\",\"@graph\":[{\"@type\":\"WebPage\",\"@id\":\"https:\/\/linmot.com\/es\/productos\/guias-lineales-modulo-lineal\/guias-lineales-fm01-em01\/\",\"url\":\"https:\/\/linmot.com\/es\/productos\/guias-lineales-modulo-lineal\/guias-lineales-fm01-em01\/\",\"name\":\"M\u00f3dulos FM01\/EM01 - LinMot &amp; MagSpring - Espa\u00f1ol\",\"isPartOf\":{\"@id\":\"https:\/\/linmot.com\/es\/#website\"},\"datePublished\":\"2021-11-04T14:37:25+00:00\",\"dateModified\":\"2024-08-28T13:57:22+00:00\",\"description\":\"La construcci\u00f3n mec\u00e1nica de los m\u00f3dulos FM01\/EM01 se basa en un perfil de aluminio al que se fijan hasta dos gu\u00edas de perfil.\",\"breadcrumb\":{\"@id\":\"https:\/\/linmot.com\/es\/productos\/guias-lineales-modulo-lineal\/guias-lineales-fm01-em01\/#breadcrumb\"},\"inLanguage\":\"es\",\"potentialAction\":[{\"@type\":\"ReadAction\",\"target\":[\"https:\/\/linmot.com\/es\/productos\/guias-lineales-modulo-lineal\/guias-lineales-fm01-em01\/\"]}]},{\"@type\":\"BreadcrumbList\",\"@id\":\"https:\/\/linmot.com\/es\/productos\/guias-lineales-modulo-lineal\/guias-lineales-fm01-em01\/#breadcrumb\",\"itemListElement\":[{\"@type\":\"ListItem\",\"position\":1,\"name\":\"Home\",\"item\":\"https:\/\/linmot.com\/es\/\"},{\"@type\":\"ListItem\",\"position\":2,\"name\":\"Productos\",\"item\":\"https:\/\/linmot.com\/es\/productos\/\"},{\"@type\":\"ListItem\",\"position\":3,\"name\":\"Gu\u00edas lineales \/ M\u00f3dulo lineal\",\"item\":\"https:\/\/linmot.com\/es\/productos\/guias-lineales-modulo-lineal\/\"},{\"@type\":\"ListItem\",\"position\":4,\"name\":\"M\u00f3dulos FM01\/EM01\"}]},{\"@type\":\"WebSite\",\"@id\":\"https:\/\/linmot.com\/es\/#website\",\"url\":\"https:\/\/linmot.com\/es\/\",\"name\":\"LinMot &amp; MagSpring - Espa\u00f1ol\",\"description\":\"Motores lineales y sistemas de motores lineales de alta calidad\",\"publisher\":{\"@id\":\"https:\/\/linmot.com\/es\/#organization\"},\"potentialAction\":[{\"@type\":\"SearchAction\",\"target\":{\"@type\":\"EntryPoint\",\"urlTemplate\":\"https:\/\/linmot.com\/es\/?s={search_term_string}\"},\"query-input\":{\"@type\":\"PropertyValueSpecification\",\"valueRequired\":true,\"valueName\":\"search_term_string\"}}],\"inLanguage\":\"es\"},{\"@type\":\"Organization\",\"@id\":\"https:\/\/linmot.com\/es\/#organization\",\"name\":\"NTI AG - LinMot & MagSpring\",\"url\":\"https:\/\/linmot.com\/es\/\",\"logo\":{\"@type\":\"ImageObject\",\"inLanguage\":\"es\",\"@id\":\"https:\/\/linmot.com\/es\/#\/schema\/logo\/image\/\",\"url\":\"https:\/\/linmot.com\/es\/wp-content\/uploads\/sites\/5\/2022\/05\/linmot-social-share-logo.jpg\",\"contentUrl\":\"https:\/\/linmot.com\/es\/wp-content\/uploads\/sites\/5\/2022\/05\/linmot-social-share-logo.jpg\",\"width\":800,\"height\":500,\"caption\":\"NTI AG - LinMot & MagSpring\"},\"image\":{\"@id\":\"https:\/\/linmot.com\/es\/#\/schema\/logo\/image\/\"},\"sameAs\":[\"https:\/\/www.linkedin.com\/company\/nti-ag-linmot-magspring\",\"https:\/\/www.youtube.com\/user\/LinMotEurope\"]}]}<\/script>\n<!-- \/ Yoast SEO Premium plugin. -->","yoast_head_json":{"title":"M\u00f3dulos FM01\/EM01 - LinMot &amp; MagSpring - Espa\u00f1ol","description":"La construcci\u00f3n mec\u00e1nica de los m\u00f3dulos FM01\/EM01 se basa en un perfil de aluminio al que se fijan hasta dos gu\u00edas de perfil.","robots":{"index":"index","follow":"follow","max-snippet":"max-snippet:-1","max-image-preview":"max-image-preview:large","max-video-preview":"max-video-preview:-1"},"canonical":"https:\/\/linmot.com\/es\/productos\/guias-lineales-modulo-lineal\/guias-lineales-fm01-em01\/","og_locale":"es_ES","og_type":"article","og_title":"M\u00f3dulos FM01\/EM01 - LinMot &amp; MagSpring - Espa\u00f1ol","og_description":"La construcci\u00f3n mec\u00e1nica de los m\u00f3dulos FM01\/EM01 se basa en un perfil de aluminio al que se fijan hasta dos gu\u00edas de perfil.","og_url":"https:\/\/linmot.com\/es\/productos\/guias-lineales-modulo-lineal\/guias-lineales-fm01-em01\/","og_site_name":"LinMot &amp; MagSpring - Espa\u00f1ol","article_modified_time":"2024-08-28T13:57:22+00:00","og_image":[{"width":612,"height":190,"url":"https:\/\/linmot.com\/es\/wp-content\/uploads\/sites\/5\/2021\/09\/4-LinMot-F-Guides-F01-H01-guide-for-z-axis.jpg","type":"image\/jpeg"}],"twitter_card":"summary_large_image","twitter_title":"M\u00f3dulos FM01\/EM01 - LinMot &amp; MagSpring - Espa\u00f1ol","twitter_description":"La construcci\u00f3n mec\u00e1nica de los m\u00f3dulos FM01\/EM01 se basa en un perfil de aluminio al que se fijan hasta dos gu\u00edas de perfil.","twitter_misc":{"Tiempo de lectura":"4 minutos"},"schema":{"@context":"https:\/\/schema.org","@graph":[{"@type":"WebPage","@id":"https:\/\/linmot.com\/es\/productos\/guias-lineales-modulo-lineal\/guias-lineales-fm01-em01\/","url":"https:\/\/linmot.com\/es\/productos\/guias-lineales-modulo-lineal\/guias-lineales-fm01-em01\/","name":"M\u00f3dulos FM01\/EM01 - LinMot &amp; MagSpring - Espa\u00f1ol","isPartOf":{"@id":"https:\/\/linmot.com\/es\/#website"},"datePublished":"2021-11-04T14:37:25+00:00","dateModified":"2024-08-28T13:57:22+00:00","description":"La construcci\u00f3n mec\u00e1nica de los m\u00f3dulos FM01\/EM01 se basa en un perfil de aluminio al que se fijan hasta dos gu\u00edas de perfil.","breadcrumb":{"@id":"https:\/\/linmot.com\/es\/productos\/guias-lineales-modulo-lineal\/guias-lineales-fm01-em01\/#breadcrumb"},"inLanguage":"es","potentialAction":[{"@type":"ReadAction","target":["https:\/\/linmot.com\/es\/productos\/guias-lineales-modulo-lineal\/guias-lineales-fm01-em01\/"]}]},{"@type":"BreadcrumbList","@id":"https:\/\/linmot.com\/es\/productos\/guias-lineales-modulo-lineal\/guias-lineales-fm01-em01\/#breadcrumb","itemListElement":[{"@type":"ListItem","position":1,"name":"Home","item":"https:\/\/linmot.com\/es\/"},{"@type":"ListItem","position":2,"name":"Productos","item":"https:\/\/linmot.com\/es\/productos\/"},{"@type":"ListItem","position":3,"name":"Gu\u00edas lineales \/ M\u00f3dulo lineal","item":"https:\/\/linmot.com\/es\/productos\/guias-lineales-modulo-lineal\/"},{"@type":"ListItem","position":4,"name":"M\u00f3dulos FM01\/EM01"}]},{"@type":"WebSite","@id":"https:\/\/linmot.com\/es\/#website","url":"https:\/\/linmot.com\/es\/","name":"LinMot &amp; MagSpring - Espa\u00f1ol","description":"Motores lineales y sistemas de motores lineales de alta calidad","publisher":{"@id":"https:\/\/linmot.com\/es\/#organization"},"potentialAction":[{"@type":"SearchAction","target":{"@type":"EntryPoint","urlTemplate":"https:\/\/linmot.com\/es\/?s={search_term_string}"},"query-input":{"@type":"PropertyValueSpecification","valueRequired":true,"valueName":"search_term_string"}}],"inLanguage":"es"},{"@type":"Organization","@id":"https:\/\/linmot.com\/es\/#organization","name":"NTI AG - LinMot & MagSpring","url":"https:\/\/linmot.com\/es\/","logo":{"@type":"ImageObject","inLanguage":"es","@id":"https:\/\/linmot.com\/es\/#\/schema\/logo\/image\/","url":"https:\/\/linmot.com\/es\/wp-content\/uploads\/sites\/5\/2022\/05\/linmot-social-share-logo.jpg","contentUrl":"https:\/\/linmot.com\/es\/wp-content\/uploads\/sites\/5\/2022\/05\/linmot-social-share-logo.jpg","width":800,"height":500,"caption":"NTI AG - LinMot & MagSpring"},"image":{"@id":"https:\/\/linmot.com\/es\/#\/schema\/logo\/image\/"},"sameAs":["https:\/\/www.linkedin.com\/company\/nti-ag-linmot-magspring","https:\/\/www.youtube.com\/user\/LinMotEurope"]}]}},"_links":{"self":[{"href":"https:\/\/linmot.com\/es\/wp-json\/wp\/v2\/pages\/1894","targetHints":{"allow":["GET"]}}],"collection":[{"href":"https:\/\/linmot.com\/es\/wp-json\/wp\/v2\/pages"}],"about":[{"href":"https:\/\/linmot.com\/es\/wp-json\/wp\/v2\/types\/page"}],"author":[{"embeddable":true,"href":"https:\/\/linmot.com\/es\/wp-json\/wp\/v2\/users\/9"}],"replies":[{"embeddable":true,"href":"https:\/\/linmot.com\/es\/wp-json\/wp\/v2\/comments?post=1894"}],"version-history":[{"count":22,"href":"https:\/\/linmot.com\/es\/wp-json\/wp\/v2\/pages\/1894\/revisions"}],"predecessor-version":[{"id":3520,"href":"https:\/\/linmot.com\/es\/wp-json\/wp\/v2\/pages\/1894\/revisions\/3520"}],"up":[{"embeddable":true,"href":"https:\/\/linmot.com\/es\/wp-json\/wp\/v2\/pages\/44"}],"wp:attachment":[{"href":"https:\/\/linmot.com\/es\/wp-json\/wp\/v2\/media?parent=1894"}],"curies":[{"name":"wp","href":"https:\/\/api.w.org\/{rel}","templated":true}]}}