{"id":1887,"date":"2021-09-27T14:12:14","date_gmt":"2021-09-27T14:12:14","guid":{"rendered":"https:\/\/linmot.com\/es\/?page_id=1887"},"modified":"2024-08-26T14:49:17","modified_gmt":"2024-08-26T14:49:17","slug":"la-clave-de-la-industria-4-0-los-servoaccionamientos","status":"publish","type":"page","link":"https:\/\/linmot.com\/es\/la-clave-de-la-industria-4-0-los-servoaccionamientos\/","title":{"rendered":"La clave de la Industria 4.0: los servoaccionamientos"},"content":{"rendered":"<p><strong>Los LinMot Servo Drive son controladores de posicionamiento compactos con una o m\u00e1s unidades de potencia para controlar los motores, as\u00ed como una unidad de control inteligente con control de posici\u00f3n integrado.<\/strong><\/p>\n<p>La amplia gama de servoaccionamientos LinMot impresiona por su velocidad, alta flexibilidad y amplia gama de funciones. Adem\u00e1s, pueden integrarse f\u00e1cilmente en cualquier tipo de aplicaci\u00f3n. Nuestros accionamientos est\u00e1n dise\u00f1ados para un control preciso, una \u00f3ptima relaci\u00f3n fuerza\/par y una amplia gama de funciones. Es un complemento ideal para nuestra amplia gama de motores lineales, m\u00f3dulos lineales integrados y actuadores lineales. Otro factor decisivo es que nuestros servoaccionamientos son f\u00e1ciles de manejar y funcionan de forma fiable, lo que le permite ahorrar tiempo y dinero.<\/p>\n<p>La unidad de control se encarga de todas las funciones de control y supervisi\u00f3n relacionadas con el accionamiento. Los datos recogidos permiten la producci\u00f3n en el sentido de la Industria 4.0.<\/p>\n<hr \/>\n<div class=\"row download\">\n<div class=\"col-md-7\">\n<h3>En pocas palabras<\/h3>\n<ul>\n<li>Amplia gama de aplicaciones: de punto a punto a complejas aplicaciones multieje<\/li>\n<li>Comunicaci\u00f3n en serie, buses de campo y ETHERNET en tiempo real<\/li>\n<li>Recorrido de perfiles de desplazamiento o secuencias de programas almacenados internamente<\/li>\n<li>Control de posici\u00f3n, velocidad, aceleraci\u00f3n y fuerza<\/li>\n<li>Funciones de seguridad integradas para desconectar la etapa de salida<\/li>\n<li>Dise\u00f1o compacto y puesta en marcha sencilla<\/li>\n<\/ul>\n<\/div>\n<div class=\"col-md-5\">\n<div class=\"brlbs-cmpnt-container brlbs-cmpnt-content-blocker brlbs-cmpnt-with-individual-styles\" data-borlabs-cookie-content-blocker-id=\"default\" data-borlabs-cookie-content=\"PGlmcmFtZSB0aXRsZT0iWW91VHViZSB2aWRlbyBwbGF5ZXIiIHNyYz0iaHR0cHM6Ly93d3cueW91dHViZS5jb20vZW1iZWQvT0hVaFJlMzBpNHc\/c3RhcnQ9NDYiIHdpZHRoPSIzOTAiIGhlaWdodD0iMjgwIiBmcmFtZWJvcmRlcj0iMCIgYWxsb3dmdWxsc2NyZWVuPSJhbGxvd2Z1bGxzY3JlZW4iPjwvaWZyYW1lPg==\">\n<div class=\"brlbs-cmpnt-cb-preset-a\">\n<p class=\"brlbs-cmpnt-cb-description\">Est\u00e1s viendo un contenido de marcador de posici\u00f3n de <strong>Predeterminado<\/strong>. Para acceder al contenido real, haz clic en el siguiente bot\u00f3n. Ten en cuenta que al hacerlo compartir\u00e1s datos con terceros proveedores.<\/p>\n<div class=\"brlbs-cmpnt-cb-buttons\"> <a class=\"brlbs-cmpnt-cb-btn\" href=\"#\" data-borlabs-cookie-unblock role=\"button\">Desbloquear contenido<\/a> <a class=\"brlbs-cmpnt-cb-btn\" href=\"#\" data-borlabs-cookie-accept-service role=\"button\" style=\"display: none\">Aceptar el servicio requerido y desbloquear el contenido<\/a> <\/div>\n<p> <a class=\"brlbs-cmpnt-cb-provider-toggle\" href=\"#\" data-borlabs-cookie-show-provider-information role=\"button\">M\u00e1s informaci\u00f3n<\/a> <\/div>\n<\/div>\n<\/div>\n<\/div>\n<hr \/>\n<h3>M\u00e1s informaci\u00f3n sobre los servoaccionamientos y la industria 4.0<\/h3>\n<div class=\"row download\">\n<div class=\"col-md-4\">\n<ul>\n<li>Detalles de los servoaccionamientos<\/li>\n<li>Varias interfaces de bus de campo<\/li>\n<li>Todas las ventajas de un vistazo<\/li>\n<\/ul>\n<p><a class=\"button\" href=\"\/es\/productos\/servo-drives\/\" rel=\"noopener\">Ir a la p\u00e1gina del producto<\/a><br \/>\n<\/div>\n<div class=\"col-md-4\">\n<ul>\n<li>Fichas t\u00e9cnicas<\/li>\n<li>Instrucciones de instalaci\u00f3n<\/li>\n<li>Software<\/li>\n<\/ul>\n<p><a class=\"button\" href=\"https:\/\/shop.linmot.com\/E\/servo-drives.htm\" target=\"_same\" rel=\"noopener\">Al cat\u00e1logo electr\u00f3nico<\/a><br \/>\n<\/div>\n<div class=\"col-md-4\">\n<ul>\n<li>V\u00eddeos: Ejemplos de aplicaci\u00f3n<\/li>\n<li>V\u00eddeos: Demostraciones<\/li>\n<li>V\u00eddeos: Pick&#8217;n&#8217;Place<\/li>\n<\/ul>\n<p><a class=\"button\" href=\"https:\/\/www.youtube.com\/watch?v=4_6KI_5cmOo&amp;list=PLR_bmqMbOMGfULTXsg0BQSVWMkuZROPaW\" target=\"_same\" rel=\"noopener\">A la lista de reproducci\u00f3n de Youtube<\/a><br \/>\n<\/div>\n<\/div>\n<hr \/>\n<h3>Ejemplos del sector<\/h3>\n<div class=\"row\">\n<div class=\"col-md-4\">\n<a href=\"https:\/\/linmot.com\/es\/soluciones-industriales\/productos-alimentarios\/\">Productos alimentarios<\/a><br \/>\n<img loading=\"lazy\" decoding=\"async\" class=\"alignnone wp-image-1975 size-full\" src=\"https:\/\/linmot.com\/de\/wp-content\/uploads\/sites\/2\/2021\/07\/icon-food.png\" alt=\"Industria 4.0 - Productos alimentarios\" width=\"71\" height=\"39\" \/><br \/>\n<\/div>\n<div class=\"col-md-4\">\n<a href=\"https:\/\/linmot.com\/es\/soluciones-industriales\/procesamiento-de-la-madera\/\">Procesamiento de la madera<\/a><br \/>\n<img loading=\"lazy\" decoding=\"async\" class=\"alignnone wp-image-1976 size-full\" src=\"https:\/\/linmot.com\/de\/wp-content\/uploads\/sites\/2\/2021\/07\/icon-wood-machines.png\" alt=\"Industria 4.0 - Procesamiento de la madera\" width=\"74\" height=\"40\" \/><br \/>\n<\/div>\n<div class=\"col-md-4\">\n<a href=\"https:\/\/linmot.com\/es\/soluciones-industriales\/automocion\/\">Automoci\u00f3n<\/a><br \/>\n<img loading=\"lazy\" decoding=\"async\" class=\"alignnone wp-image-1977 size-full\" src=\"https:\/\/linmot.com\/de\/wp-content\/uploads\/sites\/2\/2021\/07\/icon-automotive.png\" alt=\"Industria 4.0 - Automoci\u00f3n\" width=\"84\" height=\"35\" \/><br \/>\n<\/div>\n<\/div>\n<div class=\"row\">\n<div class=\"col-md-4\">\n<a href=\"https:\/\/linmot.com\/es\/soluciones-industriales\/maquinas-textiles\/\">M\u00e1quinas textiles<\/a><br \/>\n<img loading=\"lazy\" decoding=\"async\" class=\"wp-image-1978 size-full\" src=\"https:\/\/linmot.com\/de\/wp-content\/uploads\/sites\/2\/2021\/07\/icon-textile-machines.png\" alt=\"\" width=\"71\" height=\"37\" \/><br \/>\n<\/div>\n<div class=\"col-md-4\">\n<a href=\"https:\/\/linmot.com\/es\/soluciones-industriales\/automatizacion-de-laboratorio\/\">Automatizaci\u00f3n de laboratorio<\/a><br \/>\n<img loading=\"lazy\" decoding=\"async\" class=\"wp-image-1980 size-full\" src=\"https:\/\/linmot.com\/de\/wp-content\/uploads\/sites\/2\/2021\/07\/icon-laboratory-automation.png\" alt=\"\" width=\"63\" height=\"48\" \/><br \/>\n<\/div>\n<div class=\"col-md-4\">\n<a href=\"https:\/\/linmot.com\/es\/soluciones-industriales\/impresion-y-etiquetado\/\">Impresi\u00f3n y etiquetado<\/a><br \/>\n<img loading=\"lazy\" decoding=\"async\" class=\"wp-image-1979 size-full\" src=\"https:\/\/linmot.com\/de\/wp-content\/uploads\/sites\/2\/2021\/07\/icon-drucken-etikettieren.png\" alt=\"\" width=\"62\" height=\"56\" \/><br \/>\n<\/div>\n<\/div>\n<div class=\"row\">\n<div class=\"col-md-4\">\n<a href=\"https:\/\/linmot.com\/es\/soluciones-industriales\/medicina-farmacia\/\">Medicina y Farmacia<\/a><br \/>\n<img loading=\"lazy\" decoding=\"async\" class=\"alignnone wp-image-2020 size-full\" src=\"https:\/\/linmot.com\/de\/wp-content\/uploads\/sites\/2\/2021\/07\/icon-pharma.jpg\" alt=\"\" width=\"63\" height=\"48\" \/><br \/>\n<\/div>\n<div class=\"col-md-4\">\n<a href=\"https:\/\/linmot.com\/es\/soluciones-industriales\/productos-alimentarios\/\">Bebidas<\/a><br \/>\n<img loading=\"lazy\" decoding=\"async\" class=\"alignnone wp-image-2021 size-full\" src=\"https:\/\/linmot.com\/de\/wp-content\/uploads\/sites\/2\/2021\/07\/icon-food-beverage.png\" alt=\"\" width=\"92\" height=\"40\" \/><br \/>\n<\/div>\n<div class=\"col-md-4\">\n<a href=\"https:\/\/linmot.com\/es\/soluciones-industriales\/manipulacion-montaje\/\">Manipulaci\u00f3n y Montaje<\/a><br \/>\n<img loading=\"lazy\" decoding=\"async\" class=\"alignnone wp-image-2022 size-full\" src=\"https:\/\/linmot.com\/de\/wp-content\/uploads\/sites\/2\/2021\/07\/icon-montage.png\" alt=\"\" width=\"63\" height=\"48\" \/><br \/>\n<\/div>\n<\/div>\n<hr \/>\n<h3>\u00bfTiene preguntas sobre los motores?<\/h3>\n<div class=\"row download\">\n<div class=\"col-md-8\">\n<p class=\"bodytext\">Estaremos encantados de responder a cualquier pregunta que pueda tener sobre los motores.<br \/>\nPara ello, p\u00f3ngase en contacto con nosotros mediante el siguiente formulario o ll\u00e1menos al:<\/p>\n<p class=\"bodytext\">Tel: +49 (0)201 858940 0<\/p>\n<p class=\"bodytext\">El equipo de LinMot<\/p>\n<\/div>\n<div class=\"col-md-4\">\n\n<div class=\"wpcf7 no-js\" id=\"wpcf7-f1752-o1\" lang=\"es-ES\" dir=\"ltr\" data-wpcf7-id=\"1752\">\n<div class=\"screen-reader-response\"><p role=\"status\" aria-live=\"polite\" aria-atomic=\"true\"><\/p> <ul><\/ul><\/div>\n<form action=\"\/es\/wp-json\/wp\/v2\/pages\/1887#wpcf7-f1752-o1\" method=\"post\" class=\"wpcf7-form init\" aria-label=\"Formulario de contacto\" novalidate=\"novalidate\" data-status=\"init\">\n<fieldset class=\"hidden-fields-container\"><input type=\"hidden\" name=\"_wpcf7\" value=\"1752\" \/><input type=\"hidden\" name=\"_wpcf7_version\" value=\"6.1.5\" \/><input type=\"hidden\" name=\"_wpcf7_locale\" value=\"es_ES\" \/><input type=\"hidden\" name=\"_wpcf7_unit_tag\" value=\"wpcf7-f1752-o1\" \/><input type=\"hidden\" name=\"_wpcf7_container_post\" value=\"0\" \/><input type=\"hidden\" name=\"_wpcf7_posted_data_hash\" value=\"\" \/><input type=\"hidden\" name=\"_wpcf7_recaptcha_response\" value=\"\" \/>\n<\/fieldset>\n<label> Tu nombre<br>\n    <span class=\"wpcf7-form-control-wrap\" data-name=\"your-name\"><input size=\"40\" maxlength=\"400\" class=\"wpcf7-form-control wpcf7-text wpcf7-validates-as-required\" aria-required=\"true\" aria-invalid=\"false\" value=\"\" type=\"text\" name=\"your-name\" \/><\/span> <\/label><br>\n<br>\n<label> Tu empresa<br>\n    <span class=\"wpcf7-form-control-wrap\" data-name=\"your-company\"><input size=\"40\" maxlength=\"400\" class=\"wpcf7-form-control wpcf7-text wpcf7-validates-as-required\" aria-required=\"true\" aria-invalid=\"false\" value=\"\" type=\"text\" name=\"your-company\" \/><\/span> <\/label><br>\n<br>\n<label> C\u00f3digo postal<br>\n    <span class=\"wpcf7-form-control-wrap\" data-name=\"your-plz\"><input class=\"wpcf7-form-control wpcf7-number wpcf7-validates-as-required wpcf7-validates-as-number\" aria-required=\"true\" aria-invalid=\"false\" value=\"\" type=\"number\" name=\"your-plz\" \/><\/span> <\/label>\n<br>\n<label> Pa\u00eds<br>\n    <span class=\"wpcf7-form-control-wrap\" data-name=\"your-country\"><input size=\"40\" maxlength=\"400\" class=\"wpcf7-form-control wpcf7-text wpcf7-validates-as-required\" aria-required=\"true\" aria-invalid=\"false\" value=\"\" type=\"text\" name=\"your-country\" \/><\/span> <\/label><br>\n<br>\n<label> Tu tel\u00e9fono<br>\n    <span class=\"wpcf7-form-control-wrap\" data-name=\"your-telephone\"><input size=\"40\" maxlength=\"400\" class=\"wpcf7-form-control wpcf7-tel wpcf7-validates-as-required wpcf7-text wpcf7-validates-as-tel\" aria-required=\"true\" aria-invalid=\"false\" value=\"\" type=\"tel\" name=\"your-telephone\" \/><\/span> <\/label><br>\n<br>\n<label> Tu correo electr\u00f3nico<br>\n    <span class=\"wpcf7-form-control-wrap\" data-name=\"your-email\"><input size=\"40\" maxlength=\"400\" class=\"wpcf7-form-control wpcf7-email wpcf7-validates-as-required wpcf7-text wpcf7-validates-as-email\" aria-required=\"true\" aria-invalid=\"false\" value=\"\" type=\"email\" name=\"your-email\" \/><\/span> <\/label><br>\n<br>\n<label> Asunto<br>\n    <span class=\"wpcf7-form-control-wrap\" data-name=\"your-subject\"><input size=\"40\" maxlength=\"400\" class=\"wpcf7-form-control wpcf7-text wpcf7-validates-as-required\" aria-required=\"true\" aria-invalid=\"false\" value=\"\" type=\"text\" name=\"your-subject\" \/><\/span> <\/label><br>\n<br>\n<label> Tu mensaje (opcional)<br>\n    <span class=\"wpcf7-form-control-wrap\" data-name=\"your-message\"><textarea cols=\"40\" rows=\"10\" maxlength=\"2000\" class=\"wpcf7-form-control wpcf7-textarea\" aria-invalid=\"false\" name=\"your-message\"><\/textarea><\/span> <\/label><br>\n<br>\n<input class=\"wpcf7-form-control wpcf7-submit has-spinner\" type=\"submit\" value=\"Enviar\" \/><div class=\"wpcf7-response-output\" aria-hidden=\"true\"><\/div>\n<\/form>\n<\/div>\n\n<\/div>\n<\/div>\n","protected":false},"excerpt":{"rendered":"<p>Los LinMot Servo Drive son controladores de posicionamiento compactos con una o m\u00e1s unidades de potencia para controlar los motores, as\u00ed como una unidad de control inteligente con control de posici\u00f3n integrado. La amplia gama de servoaccionamientos LinMot impresiona por su velocidad, alta flexibilidad y amplia gama de funciones. Adem\u00e1s, pueden integrarse f\u00e1cilmente en cualquier [&hellip;]<\/p>\n","protected":false},"author":9,"featured_media":0,"parent":0,"menu_order":42,"comment_status":"closed","ping_status":"closed","template":"","meta":{"_acf_changed":false,"footnotes":""},"class_list":["post-1887","page","type-page","status-publish","hentry"],"acf":[],"yoast_head":"<!-- This site is optimized with the Yoast SEO Premium plugin v20.9 (Yoast SEO v27.2) - https:\/\/yoast.com\/product\/yoast-seo-premium-wordpress\/ -->\n<title>La clave de la Industria 4.0: los servoaccionamientos<\/title>\n<meta name=\"description\" content=\"La unidad de control asume todas las funciones de control y supervisi\u00f3n relacionadas con el accionamiento, lo que permite la producci\u00f3n de la Industria 4.0.\" \/>\n<meta name=\"robots\" content=\"index, follow, max-snippet:-1, max-image-preview:large, max-video-preview:-1\" \/>\n<link rel=\"canonical\" href=\"https:\/\/linmot.com\/es\/la-clave-de-la-industria-4-0-los-servoaccionamientos\/\" \/>\n<meta property=\"og:locale\" content=\"es_ES\" \/>\n<meta property=\"og:type\" content=\"article\" \/>\n<meta property=\"og:title\" content=\"La clave de la Industria 4.0: los servoaccionamientos\" \/>\n<meta property=\"og:description\" content=\"La unidad de control asume todas las funciones de control y supervisi\u00f3n relacionadas con el accionamiento, lo que permite la producci\u00f3n de la Industria 4.0.\" \/>\n<meta property=\"og:url\" content=\"https:\/\/linmot.com\/es\/la-clave-de-la-industria-4-0-los-servoaccionamientos\/\" \/>\n<meta property=\"og:site_name\" content=\"LinMot &amp; MagSpring - Espa\u00f1ol\" \/>\n<meta property=\"article:modified_time\" content=\"2024-08-26T14:49:17+00:00\" \/>\n<meta property=\"og:image\" content=\"https:\/\/linmot.com\/es\/wp-content\/uploads\/sites\/5\/2017\/10\/servo-drives-product-overview-ENG-2016.png\" \/>\n\t<meta property=\"og:image:width\" content=\"4615\" \/>\n\t<meta property=\"og:image:height\" content=\"2839\" \/>\n\t<meta property=\"og:image:type\" content=\"image\/png\" \/>\n<meta name=\"twitter:card\" content=\"summary_large_image\" \/>\n<meta name=\"twitter:title\" content=\"La clave de la Industria 4.0: los servoaccionamientos\" \/>\n<meta name=\"twitter:description\" content=\"La unidad de control asume todas las funciones de control y supervisi\u00f3n relacionadas con el accionamiento, lo que permite la producci\u00f3n de la Industria 4.0.\" \/>\n<meta name=\"twitter:image\" content=\"https:\/\/linmot.com\/es\/wp-content\/uploads\/sites\/5\/2017\/10\/servo-drives-product-overview-ENG-2016.png\" \/>\n<meta name=\"twitter:label1\" content=\"Tiempo de lectura\" \/>\n\t<meta name=\"twitter:data1\" content=\"4 minutos\" \/>\n<script type=\"application\/ld+json\" class=\"yoast-schema-graph\">{\"@context\":\"https:\/\/schema.org\",\"@graph\":[{\"@type\":\"WebPage\",\"@id\":\"https:\/\/linmot.com\/es\/la-clave-de-la-industria-4-0-los-servoaccionamientos\/\",\"url\":\"https:\/\/linmot.com\/es\/la-clave-de-la-industria-4-0-los-servoaccionamientos\/\",\"name\":\"La clave de la Industria 4.0: los servoaccionamientos\",\"isPartOf\":{\"@id\":\"https:\/\/linmot.com\/es\/#website\"},\"primaryImageOfPage\":{\"@id\":\"https:\/\/linmot.com\/es\/la-clave-de-la-industria-4-0-los-servoaccionamientos\/#primaryimage\"},\"image\":{\"@id\":\"https:\/\/linmot.com\/es\/la-clave-de-la-industria-4-0-los-servoaccionamientos\/#primaryimage\"},\"thumbnailUrl\":\"https:\/\/linmot.com\/de\/wp-content\/uploads\/sites\/2\/2021\/07\/icon-food.png\",\"datePublished\":\"2021-09-27T14:12:14+00:00\",\"dateModified\":\"2024-08-26T14:49:17+00:00\",\"description\":\"La unidad de control asume todas las funciones de control y supervisi\u00f3n relacionadas con el accionamiento, lo que permite la producci\u00f3n de la Industria 4.0.\",\"breadcrumb\":{\"@id\":\"https:\/\/linmot.com\/es\/la-clave-de-la-industria-4-0-los-servoaccionamientos\/#breadcrumb\"},\"inLanguage\":\"es\",\"potentialAction\":[{\"@type\":\"ReadAction\",\"target\":[\"https:\/\/linmot.com\/es\/la-clave-de-la-industria-4-0-los-servoaccionamientos\/\"]}]},{\"@type\":\"ImageObject\",\"inLanguage\":\"es\",\"@id\":\"https:\/\/linmot.com\/es\/la-clave-de-la-industria-4-0-los-servoaccionamientos\/#primaryimage\",\"url\":\"https:\/\/linmot.com\/de\/wp-content\/uploads\/sites\/2\/2021\/07\/icon-food.png\",\"contentUrl\":\"https:\/\/linmot.com\/de\/wp-content\/uploads\/sites\/2\/2021\/07\/icon-food.png\"},{\"@type\":\"BreadcrumbList\",\"@id\":\"https:\/\/linmot.com\/es\/la-clave-de-la-industria-4-0-los-servoaccionamientos\/#breadcrumb\",\"itemListElement\":[{\"@type\":\"ListItem\",\"position\":1,\"name\":\"Home\",\"item\":\"https:\/\/linmot.com\/es\/\"},{\"@type\":\"ListItem\",\"position\":2,\"name\":\"La clave de la Industria 4.0: los servoaccionamientos\"}]},{\"@type\":\"WebSite\",\"@id\":\"https:\/\/linmot.com\/es\/#website\",\"url\":\"https:\/\/linmot.com\/es\/\",\"name\":\"LinMot &amp; MagSpring - Espa\u00f1ol\",\"description\":\"Motores lineales y sistemas de motores lineales de alta calidad\",\"publisher\":{\"@id\":\"https:\/\/linmot.com\/es\/#organization\"},\"potentialAction\":[{\"@type\":\"SearchAction\",\"target\":{\"@type\":\"EntryPoint\",\"urlTemplate\":\"https:\/\/linmot.com\/es\/?s={search_term_string}\"},\"query-input\":{\"@type\":\"PropertyValueSpecification\",\"valueRequired\":true,\"valueName\":\"search_term_string\"}}],\"inLanguage\":\"es\"},{\"@type\":\"Organization\",\"@id\":\"https:\/\/linmot.com\/es\/#organization\",\"name\":\"NTI AG - LinMot & MagSpring\",\"url\":\"https:\/\/linmot.com\/es\/\",\"logo\":{\"@type\":\"ImageObject\",\"inLanguage\":\"es\",\"@id\":\"https:\/\/linmot.com\/es\/#\/schema\/logo\/image\/\",\"url\":\"https:\/\/linmot.com\/es\/wp-content\/uploads\/sites\/5\/2022\/05\/linmot-social-share-logo.jpg\",\"contentUrl\":\"https:\/\/linmot.com\/es\/wp-content\/uploads\/sites\/5\/2022\/05\/linmot-social-share-logo.jpg\",\"width\":800,\"height\":500,\"caption\":\"NTI AG - LinMot & MagSpring\"},\"image\":{\"@id\":\"https:\/\/linmot.com\/es\/#\/schema\/logo\/image\/\"},\"sameAs\":[\"https:\/\/www.linkedin.com\/company\/nti-ag-linmot-magspring\",\"https:\/\/www.youtube.com\/user\/LinMotEurope\"]}]}<\/script>\n<!-- \/ Yoast SEO Premium plugin. -->","yoast_head_json":{"title":"La clave de la Industria 4.0: los servoaccionamientos","description":"La unidad de control asume todas las funciones de control y supervisi\u00f3n relacionadas con el accionamiento, lo que permite la producci\u00f3n de la Industria 4.0.","robots":{"index":"index","follow":"follow","max-snippet":"max-snippet:-1","max-image-preview":"max-image-preview:large","max-video-preview":"max-video-preview:-1"},"canonical":"https:\/\/linmot.com\/es\/la-clave-de-la-industria-4-0-los-servoaccionamientos\/","og_locale":"es_ES","og_type":"article","og_title":"La clave de la Industria 4.0: los servoaccionamientos","og_description":"La unidad de control asume todas las funciones de control y supervisi\u00f3n relacionadas con el accionamiento, lo que permite la producci\u00f3n de la Industria 4.0.","og_url":"https:\/\/linmot.com\/es\/la-clave-de-la-industria-4-0-los-servoaccionamientos\/","og_site_name":"LinMot &amp; MagSpring - Espa\u00f1ol","article_modified_time":"2024-08-26T14:49:17+00:00","og_image":[{"width":4615,"height":2839,"url":"https:\/\/linmot.com\/es\/wp-content\/uploads\/sites\/5\/2017\/10\/servo-drives-product-overview-ENG-2016.png","type":"image\/png"}],"twitter_card":"summary_large_image","twitter_title":"La clave de la Industria 4.0: los servoaccionamientos","twitter_description":"La unidad de control asume todas las funciones de control y supervisi\u00f3n relacionadas con el accionamiento, lo que permite la producci\u00f3n de la Industria 4.0.","twitter_image":"https:\/\/linmot.com\/es\/wp-content\/uploads\/sites\/5\/2017\/10\/servo-drives-product-overview-ENG-2016.png","twitter_misc":{"Tiempo de lectura":"4 minutos"},"schema":{"@context":"https:\/\/schema.org","@graph":[{"@type":"WebPage","@id":"https:\/\/linmot.com\/es\/la-clave-de-la-industria-4-0-los-servoaccionamientos\/","url":"https:\/\/linmot.com\/es\/la-clave-de-la-industria-4-0-los-servoaccionamientos\/","name":"La clave de la Industria 4.0: los servoaccionamientos","isPartOf":{"@id":"https:\/\/linmot.com\/es\/#website"},"primaryImageOfPage":{"@id":"https:\/\/linmot.com\/es\/la-clave-de-la-industria-4-0-los-servoaccionamientos\/#primaryimage"},"image":{"@id":"https:\/\/linmot.com\/es\/la-clave-de-la-industria-4-0-los-servoaccionamientos\/#primaryimage"},"thumbnailUrl":"https:\/\/linmot.com\/de\/wp-content\/uploads\/sites\/2\/2021\/07\/icon-food.png","datePublished":"2021-09-27T14:12:14+00:00","dateModified":"2024-08-26T14:49:17+00:00","description":"La unidad de control asume todas las funciones de control y supervisi\u00f3n relacionadas con el accionamiento, lo que permite la producci\u00f3n de la Industria 4.0.","breadcrumb":{"@id":"https:\/\/linmot.com\/es\/la-clave-de-la-industria-4-0-los-servoaccionamientos\/#breadcrumb"},"inLanguage":"es","potentialAction":[{"@type":"ReadAction","target":["https:\/\/linmot.com\/es\/la-clave-de-la-industria-4-0-los-servoaccionamientos\/"]}]},{"@type":"ImageObject","inLanguage":"es","@id":"https:\/\/linmot.com\/es\/la-clave-de-la-industria-4-0-los-servoaccionamientos\/#primaryimage","url":"https:\/\/linmot.com\/de\/wp-content\/uploads\/sites\/2\/2021\/07\/icon-food.png","contentUrl":"https:\/\/linmot.com\/de\/wp-content\/uploads\/sites\/2\/2021\/07\/icon-food.png"},{"@type":"BreadcrumbList","@id":"https:\/\/linmot.com\/es\/la-clave-de-la-industria-4-0-los-servoaccionamientos\/#breadcrumb","itemListElement":[{"@type":"ListItem","position":1,"name":"Home","item":"https:\/\/linmot.com\/es\/"},{"@type":"ListItem","position":2,"name":"La clave de la Industria 4.0: los servoaccionamientos"}]},{"@type":"WebSite","@id":"https:\/\/linmot.com\/es\/#website","url":"https:\/\/linmot.com\/es\/","name":"LinMot &amp; MagSpring - Espa\u00f1ol","description":"Motores lineales y sistemas de motores lineales de alta calidad","publisher":{"@id":"https:\/\/linmot.com\/es\/#organization"},"potentialAction":[{"@type":"SearchAction","target":{"@type":"EntryPoint","urlTemplate":"https:\/\/linmot.com\/es\/?s={search_term_string}"},"query-input":{"@type":"PropertyValueSpecification","valueRequired":true,"valueName":"search_term_string"}}],"inLanguage":"es"},{"@type":"Organization","@id":"https:\/\/linmot.com\/es\/#organization","name":"NTI AG - LinMot & MagSpring","url":"https:\/\/linmot.com\/es\/","logo":{"@type":"ImageObject","inLanguage":"es","@id":"https:\/\/linmot.com\/es\/#\/schema\/logo\/image\/","url":"https:\/\/linmot.com\/es\/wp-content\/uploads\/sites\/5\/2022\/05\/linmot-social-share-logo.jpg","contentUrl":"https:\/\/linmot.com\/es\/wp-content\/uploads\/sites\/5\/2022\/05\/linmot-social-share-logo.jpg","width":800,"height":500,"caption":"NTI AG - LinMot & MagSpring"},"image":{"@id":"https:\/\/linmot.com\/es\/#\/schema\/logo\/image\/"},"sameAs":["https:\/\/www.linkedin.com\/company\/nti-ag-linmot-magspring","https:\/\/www.youtube.com\/user\/LinMotEurope"]}]}},"_links":{"self":[{"href":"https:\/\/linmot.com\/es\/wp-json\/wp\/v2\/pages\/1887","targetHints":{"allow":["GET"]}}],"collection":[{"href":"https:\/\/linmot.com\/es\/wp-json\/wp\/v2\/pages"}],"about":[{"href":"https:\/\/linmot.com\/es\/wp-json\/wp\/v2\/types\/page"}],"author":[{"embeddable":true,"href":"https:\/\/linmot.com\/es\/wp-json\/wp\/v2\/users\/9"}],"replies":[{"embeddable":true,"href":"https:\/\/linmot.com\/es\/wp-json\/wp\/v2\/comments?post=1887"}],"version-history":[{"count":7,"href":"https:\/\/linmot.com\/es\/wp-json\/wp\/v2\/pages\/1887\/revisions"}],"predecessor-version":[{"id":3486,"href":"https:\/\/linmot.com\/es\/wp-json\/wp\/v2\/pages\/1887\/revisions\/3486"}],"wp:attachment":[{"href":"https:\/\/linmot.com\/es\/wp-json\/wp\/v2\/media?parent=1887"}],"curies":[{"name":"wp","href":"https:\/\/api.w.org\/{rel}","templated":true}]}}