{"id":1883,"date":"2021-09-27T13:58:45","date_gmt":"2021-09-27T13:58:45","guid":{"rendered":"https:\/\/linmot.com\/es\/?page_id=1883"},"modified":"2022-09-22T13:38:45","modified_gmt":"2022-09-22T13:38:45","slug":"movimientos-lineales-y-rotativos-en-uno-motores-rotolineales","status":"publish","type":"page","link":"https:\/\/linmot.com\/es\/productos\/motores-rotolineales\/movimientos-lineales-y-rotativos-en-uno-motores-rotolineales\/","title":{"rendered":"Movimientos lineales y rotativos en uno: Motores rotolineales"},"content":{"rendered":"<p><strong>Los motores de carrera rotativa LinMot se caracterizan por su excelente flexibilidad, din\u00e1mica y velocidad. Combinan dos servomotores electromagn\u00e9ticos en una sola carcasa delgada y permiten as\u00ed combinar movimientos lineales y rotativos de la forma m\u00e1s sencilla.<\/strong><\/p>\n<p>El elemento de la m\u00e1quina listo para usar tambi\u00e9n ofrece una serie de opciones que pueden apoyar la realizaci\u00f3n de secuencias de proceso complejas. El constructor de la m\u00e1quina puede elegir, por ejemplo, desde la alimentaci\u00f3n de aire a trav\u00e9s del eje hueco, pasando por los componentes para compensar la fuerza del peso (MagSpring), hasta los sensores integrados y calibrables para registrar el par y la fuerza, y adaptar perfectamente su motor de elevaci\u00f3n rotativo a los requisitos de la aplicaci\u00f3n correspondiente.<\/p>\n<p>Los usuarios tambi\u00e9n se benefician del dise\u00f1o higi\u00e9nico con superficies f\u00e1ciles de limpiar en el dise\u00f1o inteligente de los motores de elevaci\u00f3n y rotaci\u00f3n de LinMot. Si esto no es suficiente, el frontal opcional de acero inoxidable o el m\u00f3dulo completo de acero inoxidable pueden sin duda poner remedio a las aplicaciones con requisitos especiales para la superficie a limpiar.<\/p>\n<hr \/>\n<div class=\"row download\">\n<div class=\"col-md-7\">\n<h3>En pocas palabras<\/h3>\n<ul>\n<li>Accionamiento directo lineal y rotativo altamente din\u00e1mico<\/li>\n<li>Movimientos lineales y rotativos independientes &#8211; sincronizables si es necesario<\/li>\n<li>Fuerzas y pares de prensado programables<\/li>\n<li>Opcionalmente, con alimentaci\u00f3n de aire o empujador para la expulsi\u00f3n de los elementos de agarre<\/li>\n<li>Opcionalmente con MagSpring para la compensaci\u00f3n de la carga<\/li>\n<li>Opcionalmente, completamente en acero inoxidable para aplicaciones con altos requisitos de higiene<\/li>\n<\/ul>\n<\/div>\n<div class=\"col-md-5\">\n<div class=\"brlbs-cmpnt-container brlbs-cmpnt-content-blocker brlbs-cmpnt-with-individual-styles\" data-borlabs-cookie-content-blocker-id=\"default\" data-borlabs-cookie-content=\"PGlmcmFtZSB0aXRsZT0iWW91VHViZSB2aWRlbyBwbGF5ZXIiIHNyYz0iaHR0cHM6Ly93d3cueW91dHViZS5jb20vZW1iZWQvUkkwOWpGWVVfYjAiIHdpZHRoPSIzOTAiIGhlaWdodD0iMjgwIiBmcmFtZWJvcmRlcj0iMCIgYWxsb3dmdWxsc2NyZWVuPSJhbGxvd2Z1bGxzY3JlZW4iPjwvaWZyYW1lPg==\">\n<div class=\"brlbs-cmpnt-cb-preset-a\">\n<p class=\"brlbs-cmpnt-cb-description\">Est\u00e1s viendo un contenido de marcador de posici\u00f3n de <strong>Predeterminado<\/strong>. Para acceder al contenido real, haz clic en el siguiente bot\u00f3n. Ten en cuenta que al hacerlo compartir\u00e1s datos con terceros proveedores.<\/p>\n<div class=\"brlbs-cmpnt-cb-buttons\"> <a class=\"brlbs-cmpnt-cb-btn\" href=\"#\" data-borlabs-cookie-unblock role=\"button\">Desbloquear contenido<\/a> <a class=\"brlbs-cmpnt-cb-btn\" href=\"#\" data-borlabs-cookie-accept-service role=\"button\" style=\"display: none\">Aceptar el servicio requerido y desbloquear el contenido<\/a> <\/div>\n<p> <a class=\"brlbs-cmpnt-cb-provider-toggle\" href=\"#\" data-borlabs-cookie-show-provider-information role=\"button\">M\u00e1s informaci\u00f3n<\/a> <\/div>\n<\/div>\n<\/div>\n<\/div>\n<hr \/>\n<h3>M\u00e1s informaci\u00f3n sobre los motores rotolineales<\/h3>\n<div class=\"row download\">\n<div class=\"col-md-4\">\n<ul>\n<li>Detalles de los motores rotolineales<\/li>\n<li>Informes de aplicaci\u00f3n<\/li>\n<li>Funcionalidad en detalle<\/li>\n<\/ul>\n<p><a class=\"button\" href=\"https:\/\/linmot.com\/es\/productos\/motores-rotolineales\/\" target=\"_same\" rel=\"noopener\">Ir a la p\u00e1gina del producto<\/a><br \/>\n<\/div>\n<div class=\"col-md-4\">\n<ul>\n<li>Fichas t\u00e9cnicas<\/li>\n<li>Instrucciones de instalaci\u00f3n<\/li>\n<li>Software<\/li>\n<\/ul>\n<p><a class=\"button\" href=\"https:\/\/shop.linmot.com\/E\/linear-rotary-motors.htm\" target=\"_same\" rel=\"noopener\">Al cat\u00e1logo electr\u00f3nico<\/a><br \/>\n<\/div>\n<div class=\"col-md-4\">\n<ul>\n<li>V\u00eddeos: Ejemplos de aplicaci\u00f3n<\/li>\n<li>V\u00eddeos: Demostraciones<\/li>\n<li>V\u00eddeos: Cerrar<\/li>\n<\/ul>\n<p><a class=\"button\" href=\"https:\/\/www.youtube.com\/watch?v=RI09jFYU_b0&amp;list=PLR_bmqMbOMGfR-MC7h604JylfqYOIe_B7\" target=\"_same\" rel=\"noopener\">A la lista de reproducci\u00f3n de Youtube<\/a><br \/>\n<\/div>\n<\/div>\n<hr \/>\n<h3>Ejemplos del sector<\/h3>\n<div class=\"row\">\n<div class=\"col-md-4\">\n<a href=\"https:\/\/linmot.com\/es\/soluciones-industriales\/productos-alimentarios\/\">Productos alimentarios<\/a><br \/>\n<img loading=\"lazy\" decoding=\"async\" class=\"size-full wp-image-1975\" src=\"https:\/\/linmot.com\/de\/wp-content\/uploads\/sites\/2\/2021\/07\/icon-food.png\" alt=\"\" width=\"71\" height=\"39\" \/><br \/>\n<\/div>\n<div class=\"col-md-4\">\n<a href=\"https:\/\/linmot.com\/es\/soluciones-industriales\/procesamiento-de-la-madera\/\">Procesamiento de la madera<\/a><br \/>\n<img loading=\"lazy\" decoding=\"async\" class=\"wp-image-1976 size-full\" src=\"https:\/\/linmot.com\/de\/wp-content\/uploads\/sites\/2\/2021\/07\/icon-wood-machines.png\" alt=\"\" width=\"74\" height=\"40\" \/><br \/>\n<\/div>\n<div class=\"col-md-4\">\n<a href=\"https:\/\/linmot.com\/es\/soluciones-industriales\/automocion\/\">Automoci\u00f3n<\/a><br \/>\n<img loading=\"lazy\" decoding=\"async\" class=\"wp-image-1977 size-full\" src=\"https:\/\/linmot.com\/de\/wp-content\/uploads\/sites\/2\/2021\/07\/icon-automotive.png\" alt=\"\" width=\"84\" height=\"35\" \/><br \/>\n<\/div>\n<\/div>\n<div class=\"row\">\n<div class=\"col-md-4\">\n<a href=\"https:\/\/linmot.com\/es\/soluciones-industriales\/maquinas-textiles\/\">M\u00e1quinas textiles<\/a><br \/>\n<img loading=\"lazy\" decoding=\"async\" class=\"wp-image-1978 size-full\" src=\"https:\/\/linmot.com\/de\/wp-content\/uploads\/sites\/2\/2021\/07\/icon-textile-machines.png\" alt=\"\" width=\"71\" height=\"37\" \/><br \/>\n<\/div>\n<div class=\"col-md-4\">\n<a href=\"https:\/\/linmot.com\/es\/soluciones-industriales\/automatizacion-de-laboratorio\/\">Automatizaci\u00f3n de laboratorio<\/a><br \/>\n<img loading=\"lazy\" decoding=\"async\" class=\"wp-image-1980 size-full\" src=\"https:\/\/linmot.com\/de\/wp-content\/uploads\/sites\/2\/2021\/07\/icon-laboratory-automation.png\" alt=\"\" width=\"63\" height=\"48\" \/><br \/>\n<\/div>\n<div class=\"col-md-4\">\n<a href=\"https:\/\/linmot.com\/es\/soluciones-industriales\/impresion-y-etiquetado\/\">Impresi\u00f3n y etiquetado<\/a><br \/>\n<img loading=\"lazy\" decoding=\"async\" class=\"wp-image-1979 size-full\" src=\"https:\/\/linmot.com\/de\/wp-content\/uploads\/sites\/2\/2021\/07\/icon-drucken-etikettieren.png\" alt=\"\" width=\"62\" height=\"56\" \/><br \/>\n<\/div>\n<\/div>\n<div class=\"row\">\n<div class=\"col-md-4\">\n<a href=\"https:\/\/linmot.com\/es\/soluciones-industriales\/medicina-farmacia\/\">Medicina y Farmacia<\/a><br \/>\n<img loading=\"lazy\" decoding=\"async\" class=\"alignnone wp-image-2020 size-full\" src=\"https:\/\/linmot.com\/de\/wp-content\/uploads\/sites\/2\/2021\/07\/icon-pharma.jpg\" alt=\"\" width=\"63\" height=\"48\" \/><br \/>\n<\/div>\n<div class=\"col-md-4\">\n<a href=\"https:\/\/linmot.com\/es\/soluciones-industriales\/productos-alimentarios\/\">Bebidas<\/a><br \/>\n<img loading=\"lazy\" decoding=\"async\" class=\"alignnone wp-image-2021 size-full\" src=\"https:\/\/linmot.com\/de\/wp-content\/uploads\/sites\/2\/2021\/07\/icon-food-beverage.png\" alt=\"\" width=\"92\" height=\"40\" \/><br \/>\n<\/div>\n<div class=\"col-md-4\">\n<a href=\"https:\/\/linmot.com\/es\/soluciones-industriales\/manipulacion-montaje\/\">Manipulaci\u00f3n y Montaje<\/a><br \/>\n<img loading=\"lazy\" decoding=\"async\" class=\"alignnone wp-image-2022 size-full\" src=\"https:\/\/linmot.com\/de\/wp-content\/uploads\/sites\/2\/2021\/07\/icon-montage.png\" alt=\"\" width=\"63\" height=\"48\" \/><br \/>\n<\/div>\n<\/div>\n<hr \/>\n<h3>\u00bfTiene preguntas sobre los motores?<\/h3>\n<div class=\"row download\">\n<div class=\"col-md-8\">\n<p class=\"bodytext\">Estaremos encantados de responder a cualquier pregunta que pueda tener sobre los motores.<br \/>\nPara ello, p\u00f3ngase en contacto con nosotros mediante el siguiente formulario o ll\u00e1menos al:<\/p>\n<p class=\"bodytext\">Tel: +49 (0)201 858940 0<\/p>\n<p class=\"bodytext\">El equipo de LinMot<\/p>\n<\/div>\n<div class=\"col-md-4\">\n\n<div class=\"wpcf7 no-js\" id=\"wpcf7-f1752-o1\" lang=\"es-ES\" dir=\"ltr\" data-wpcf7-id=\"1752\">\n<div class=\"screen-reader-response\"><p role=\"status\" aria-live=\"polite\" aria-atomic=\"true\"><\/p> <ul><\/ul><\/div>\n<form action=\"\/es\/wp-json\/wp\/v2\/pages\/1883#wpcf7-f1752-o1\" method=\"post\" class=\"wpcf7-form init\" aria-label=\"Formulario de contacto\" novalidate=\"novalidate\" data-status=\"init\">\n<fieldset class=\"hidden-fields-container\"><input type=\"hidden\" name=\"_wpcf7\" value=\"1752\" \/><input type=\"hidden\" name=\"_wpcf7_version\" value=\"6.1.5\" \/><input type=\"hidden\" name=\"_wpcf7_locale\" value=\"es_ES\" \/><input type=\"hidden\" name=\"_wpcf7_unit_tag\" value=\"wpcf7-f1752-o1\" \/><input type=\"hidden\" name=\"_wpcf7_container_post\" value=\"0\" \/><input type=\"hidden\" name=\"_wpcf7_posted_data_hash\" value=\"\" \/><input type=\"hidden\" name=\"_wpcf7_recaptcha_response\" value=\"\" \/>\n<\/fieldset>\n<label> Tu nombre<br>\n    <span class=\"wpcf7-form-control-wrap\" data-name=\"your-name\"><input size=\"40\" maxlength=\"400\" class=\"wpcf7-form-control wpcf7-text wpcf7-validates-as-required\" aria-required=\"true\" aria-invalid=\"false\" value=\"\" type=\"text\" name=\"your-name\" \/><\/span> <\/label><br>\n<br>\n<label> Tu empresa<br>\n    <span class=\"wpcf7-form-control-wrap\" data-name=\"your-company\"><input size=\"40\" maxlength=\"400\" class=\"wpcf7-form-control wpcf7-text wpcf7-validates-as-required\" aria-required=\"true\" aria-invalid=\"false\" value=\"\" type=\"text\" name=\"your-company\" \/><\/span> <\/label><br>\n<br>\n<label> C\u00f3digo postal<br>\n    <span class=\"wpcf7-form-control-wrap\" data-name=\"your-plz\"><input class=\"wpcf7-form-control wpcf7-number wpcf7-validates-as-required wpcf7-validates-as-number\" aria-required=\"true\" aria-invalid=\"false\" value=\"\" type=\"number\" name=\"your-plz\" \/><\/span> <\/label>\n<br>\n<label> Pa\u00eds<br>\n    <span class=\"wpcf7-form-control-wrap\" data-name=\"your-country\"><input size=\"40\" maxlength=\"400\" class=\"wpcf7-form-control wpcf7-text wpcf7-validates-as-required\" aria-required=\"true\" aria-invalid=\"false\" value=\"\" type=\"text\" name=\"your-country\" \/><\/span> <\/label><br>\n<br>\n<label> Tu tel\u00e9fono<br>\n    <span class=\"wpcf7-form-control-wrap\" data-name=\"your-telephone\"><input size=\"40\" maxlength=\"400\" class=\"wpcf7-form-control wpcf7-tel wpcf7-validates-as-required wpcf7-text wpcf7-validates-as-tel\" aria-required=\"true\" aria-invalid=\"false\" value=\"\" type=\"tel\" name=\"your-telephone\" \/><\/span> <\/label><br>\n<br>\n<label> Tu correo electr\u00f3nico<br>\n    <span class=\"wpcf7-form-control-wrap\" data-name=\"your-email\"><input size=\"40\" maxlength=\"400\" class=\"wpcf7-form-control wpcf7-email wpcf7-validates-as-required wpcf7-text wpcf7-validates-as-email\" aria-required=\"true\" aria-invalid=\"false\" value=\"\" type=\"email\" name=\"your-email\" \/><\/span> <\/label><br>\n<br>\n<label> Asunto<br>\n    <span class=\"wpcf7-form-control-wrap\" data-name=\"your-subject\"><input size=\"40\" maxlength=\"400\" class=\"wpcf7-form-control wpcf7-text wpcf7-validates-as-required\" aria-required=\"true\" aria-invalid=\"false\" value=\"\" type=\"text\" name=\"your-subject\" \/><\/span> <\/label><br>\n<br>\n<label> Tu mensaje (opcional)<br>\n    <span class=\"wpcf7-form-control-wrap\" data-name=\"your-message\"><textarea cols=\"40\" rows=\"10\" maxlength=\"2000\" class=\"wpcf7-form-control wpcf7-textarea\" aria-invalid=\"false\" name=\"your-message\"><\/textarea><\/span> <\/label><br>\n<br>\n<input class=\"wpcf7-form-control wpcf7-submit has-spinner\" type=\"submit\" value=\"Enviar\" \/><div class=\"wpcf7-response-output\" aria-hidden=\"true\"><\/div>\n<\/form>\n<\/div>\n\n<\/div>\n<\/div>\n","protected":false},"excerpt":{"rendered":"<p>Los motores de carrera rotativa LinMot se caracterizan por su excelente flexibilidad, din\u00e1mica y velocidad. Combinan dos servomotores electromagn\u00e9ticos en una sola carcasa delgada y permiten as\u00ed combinar movimientos lineales y rotativos de la forma m\u00e1s sencilla. El elemento de la m\u00e1quina listo para usar tambi\u00e9n ofrece una serie de opciones que pueden apoyar la [&hellip;]<\/p>\n","protected":false},"author":9,"featured_media":0,"parent":1721,"menu_order":47,"comment_status":"closed","ping_status":"closed","template":"","meta":{"_acf_changed":false,"footnotes":""},"class_list":["post-1883","page","type-page","status-publish","hentry"],"acf":[],"yoast_head":"<!-- This site is optimized with the Yoast SEO Premium plugin v20.9 (Yoast SEO v27.4) - https:\/\/yoast.com\/product\/yoast-seo-premium-wordpress\/ -->\n<title>Movimientos lineales y rotativos en uno: Motores rotolineales - LinMot &amp; MagSpring - Espa\u00f1ol<\/title>\n<meta name=\"description\" content=\"Los motores rotolineales combinan dos servomotores en una sola carcasa y, de este modo, permiten combinar movimientos lineales y rotativos.\" \/>\n<meta name=\"robots\" content=\"index, follow, max-snippet:-1, max-image-preview:large, max-video-preview:-1\" \/>\n<link rel=\"canonical\" href=\"https:\/\/linmot.com\/es\/productos\/motores-rotolineales\/movimientos-lineales-y-rotativos-en-uno-motores-rotolineales\/\" \/>\n<meta property=\"og:locale\" content=\"es_ES\" \/>\n<meta property=\"og:type\" content=\"article\" \/>\n<meta property=\"og:title\" content=\"Movimientos lineales y rotativos en uno: Motores rotolineales\" \/>\n<meta property=\"og:description\" content=\"Los motores rotolineales combinan dos servomotores en una sola carcasa y, de este modo, permiten combinar movimientos lineales y rotativos.\" \/>\n<meta property=\"og:url\" content=\"https:\/\/linmot.com\/es\/productos\/motores-rotolineales\/movimientos-lineales-y-rotativos-en-uno-motores-rotolineales\/\" \/>\n<meta property=\"og:site_name\" content=\"LinMot &amp; MagSpring - Espa\u00f1ol\" \/>\n<meta property=\"article:modified_time\" content=\"2022-09-22T13:38:45+00:00\" \/>\n<meta property=\"og:image\" content=\"https:\/\/linmot.com\/de\/wp-content\/uploads\/sites\/2\/2021\/07\/icon-food.png\" \/>\n<meta name=\"twitter:card\" content=\"summary_large_image\" \/>\n<meta name=\"twitter:label1\" content=\"Tiempo de lectura\" \/>\n\t<meta name=\"twitter:data1\" content=\"4 minutos\" \/>\n<script type=\"application\/ld+json\" class=\"yoast-schema-graph\">{\"@context\":\"https:\\\/\\\/schema.org\",\"@graph\":[{\"@type\":\"WebPage\",\"@id\":\"https:\\\/\\\/linmot.com\\\/es\\\/productos\\\/motores-rotolineales\\\/movimientos-lineales-y-rotativos-en-uno-motores-rotolineales\\\/\",\"url\":\"https:\\\/\\\/linmot.com\\\/es\\\/productos\\\/motores-rotolineales\\\/movimientos-lineales-y-rotativos-en-uno-motores-rotolineales\\\/\",\"name\":\"Movimientos lineales y rotativos en uno: Motores rotolineales - LinMot &amp; MagSpring - Espa\u00f1ol\",\"isPartOf\":{\"@id\":\"https:\\\/\\\/linmot.com\\\/es\\\/#website\"},\"primaryImageOfPage\":{\"@id\":\"https:\\\/\\\/linmot.com\\\/es\\\/productos\\\/motores-rotolineales\\\/movimientos-lineales-y-rotativos-en-uno-motores-rotolineales\\\/#primaryimage\"},\"image\":{\"@id\":\"https:\\\/\\\/linmot.com\\\/es\\\/productos\\\/motores-rotolineales\\\/movimientos-lineales-y-rotativos-en-uno-motores-rotolineales\\\/#primaryimage\"},\"thumbnailUrl\":\"https:\\\/\\\/linmot.com\\\/de\\\/wp-content\\\/uploads\\\/sites\\\/2\\\/2021\\\/07\\\/icon-food.png\",\"datePublished\":\"2021-09-27T13:58:45+00:00\",\"dateModified\":\"2022-09-22T13:38:45+00:00\",\"description\":\"Los motores rotolineales combinan dos servomotores en una sola carcasa y, de este modo, permiten combinar movimientos lineales y rotativos.\",\"breadcrumb\":{\"@id\":\"https:\\\/\\\/linmot.com\\\/es\\\/productos\\\/motores-rotolineales\\\/movimientos-lineales-y-rotativos-en-uno-motores-rotolineales\\\/#breadcrumb\"},\"inLanguage\":\"es\",\"potentialAction\":[{\"@type\":\"ReadAction\",\"target\":[\"https:\\\/\\\/linmot.com\\\/es\\\/productos\\\/motores-rotolineales\\\/movimientos-lineales-y-rotativos-en-uno-motores-rotolineales\\\/\"]}]},{\"@type\":\"ImageObject\",\"inLanguage\":\"es\",\"@id\":\"https:\\\/\\\/linmot.com\\\/es\\\/productos\\\/motores-rotolineales\\\/movimientos-lineales-y-rotativos-en-uno-motores-rotolineales\\\/#primaryimage\",\"url\":\"https:\\\/\\\/linmot.com\\\/de\\\/wp-content\\\/uploads\\\/sites\\\/2\\\/2021\\\/07\\\/icon-food.png\",\"contentUrl\":\"https:\\\/\\\/linmot.com\\\/de\\\/wp-content\\\/uploads\\\/sites\\\/2\\\/2021\\\/07\\\/icon-food.png\"},{\"@type\":\"BreadcrumbList\",\"@id\":\"https:\\\/\\\/linmot.com\\\/es\\\/productos\\\/motores-rotolineales\\\/movimientos-lineales-y-rotativos-en-uno-motores-rotolineales\\\/#breadcrumb\",\"itemListElement\":[{\"@type\":\"ListItem\",\"position\":1,\"name\":\"Home\",\"item\":\"https:\\\/\\\/linmot.com\\\/es\\\/\"},{\"@type\":\"ListItem\",\"position\":2,\"name\":\"Productos\",\"item\":\"https:\\\/\\\/linmot.com\\\/es\\\/productos\\\/\"},{\"@type\":\"ListItem\",\"position\":3,\"name\":\"Motores rotolineales\",\"item\":\"https:\\\/\\\/linmot.com\\\/es\\\/productos\\\/motores-rotolineales\\\/\"},{\"@type\":\"ListItem\",\"position\":4,\"name\":\"Movimientos lineales y rotativos en uno: Motores rotolineales\"}]},{\"@type\":\"WebSite\",\"@id\":\"https:\\\/\\\/linmot.com\\\/es\\\/#website\",\"url\":\"https:\\\/\\\/linmot.com\\\/es\\\/\",\"name\":\"LinMot &amp; MagSpring - Espa\u00f1ol\",\"description\":\"Motores lineales y sistemas de motores lineales de alta calidad\",\"publisher\":{\"@id\":\"https:\\\/\\\/linmot.com\\\/es\\\/#organization\"},\"potentialAction\":[{\"@type\":\"SearchAction\",\"target\":{\"@type\":\"EntryPoint\",\"urlTemplate\":\"https:\\\/\\\/linmot.com\\\/es\\\/?s={search_term_string}\"},\"query-input\":{\"@type\":\"PropertyValueSpecification\",\"valueRequired\":true,\"valueName\":\"search_term_string\"}}],\"inLanguage\":\"es\"},{\"@type\":\"Organization\",\"@id\":\"https:\\\/\\\/linmot.com\\\/es\\\/#organization\",\"name\":\"NTI AG - LinMot & MagSpring\",\"url\":\"https:\\\/\\\/linmot.com\\\/es\\\/\",\"logo\":{\"@type\":\"ImageObject\",\"inLanguage\":\"es\",\"@id\":\"https:\\\/\\\/linmot.com\\\/es\\\/#\\\/schema\\\/logo\\\/image\\\/\",\"url\":\"https:\\\/\\\/linmot.com\\\/es\\\/wp-content\\\/uploads\\\/sites\\\/5\\\/2022\\\/05\\\/linmot-social-share-logo.jpg\",\"contentUrl\":\"https:\\\/\\\/linmot.com\\\/es\\\/wp-content\\\/uploads\\\/sites\\\/5\\\/2022\\\/05\\\/linmot-social-share-logo.jpg\",\"width\":800,\"height\":500,\"caption\":\"NTI AG - LinMot & MagSpring\"},\"image\":{\"@id\":\"https:\\\/\\\/linmot.com\\\/es\\\/#\\\/schema\\\/logo\\\/image\\\/\"},\"sameAs\":[\"https:\\\/\\\/www.linkedin.com\\\/company\\\/nti-ag-linmot-magspring\",\"https:\\\/\\\/www.youtube.com\\\/user\\\/LinMotEurope\"]}]}<\/script>\n<!-- \/ Yoast SEO Premium plugin. -->","yoast_head_json":{"title":"Movimientos lineales y rotativos en uno: Motores rotolineales - LinMot &amp; MagSpring - Espa\u00f1ol","description":"Los motores rotolineales combinan dos servomotores en una sola carcasa y, de este modo, permiten combinar movimientos lineales y rotativos.","robots":{"index":"index","follow":"follow","max-snippet":"max-snippet:-1","max-image-preview":"max-image-preview:large","max-video-preview":"max-video-preview:-1"},"canonical":"https:\/\/linmot.com\/es\/productos\/motores-rotolineales\/movimientos-lineales-y-rotativos-en-uno-motores-rotolineales\/","og_locale":"es_ES","og_type":"article","og_title":"Movimientos lineales y rotativos en uno: Motores rotolineales","og_description":"Los motores rotolineales combinan dos servomotores en una sola carcasa y, de este modo, permiten combinar movimientos lineales y rotativos.","og_url":"https:\/\/linmot.com\/es\/productos\/motores-rotolineales\/movimientos-lineales-y-rotativos-en-uno-motores-rotolineales\/","og_site_name":"LinMot &amp; MagSpring - Espa\u00f1ol","article_modified_time":"2022-09-22T13:38:45+00:00","og_image":[{"url":"https:\/\/linmot.com\/de\/wp-content\/uploads\/sites\/2\/2021\/07\/icon-food.png","type":"","width":"","height":""}],"twitter_card":"summary_large_image","twitter_misc":{"Tiempo de lectura":"4 minutos"},"schema":{"@context":"https:\/\/schema.org","@graph":[{"@type":"WebPage","@id":"https:\/\/linmot.com\/es\/productos\/motores-rotolineales\/movimientos-lineales-y-rotativos-en-uno-motores-rotolineales\/","url":"https:\/\/linmot.com\/es\/productos\/motores-rotolineales\/movimientos-lineales-y-rotativos-en-uno-motores-rotolineales\/","name":"Movimientos lineales y rotativos en uno: Motores rotolineales - LinMot &amp; MagSpring - Espa\u00f1ol","isPartOf":{"@id":"https:\/\/linmot.com\/es\/#website"},"primaryImageOfPage":{"@id":"https:\/\/linmot.com\/es\/productos\/motores-rotolineales\/movimientos-lineales-y-rotativos-en-uno-motores-rotolineales\/#primaryimage"},"image":{"@id":"https:\/\/linmot.com\/es\/productos\/motores-rotolineales\/movimientos-lineales-y-rotativos-en-uno-motores-rotolineales\/#primaryimage"},"thumbnailUrl":"https:\/\/linmot.com\/de\/wp-content\/uploads\/sites\/2\/2021\/07\/icon-food.png","datePublished":"2021-09-27T13:58:45+00:00","dateModified":"2022-09-22T13:38:45+00:00","description":"Los motores rotolineales combinan dos servomotores en una sola carcasa y, de este modo, permiten combinar movimientos lineales y rotativos.","breadcrumb":{"@id":"https:\/\/linmot.com\/es\/productos\/motores-rotolineales\/movimientos-lineales-y-rotativos-en-uno-motores-rotolineales\/#breadcrumb"},"inLanguage":"es","potentialAction":[{"@type":"ReadAction","target":["https:\/\/linmot.com\/es\/productos\/motores-rotolineales\/movimientos-lineales-y-rotativos-en-uno-motores-rotolineales\/"]}]},{"@type":"ImageObject","inLanguage":"es","@id":"https:\/\/linmot.com\/es\/productos\/motores-rotolineales\/movimientos-lineales-y-rotativos-en-uno-motores-rotolineales\/#primaryimage","url":"https:\/\/linmot.com\/de\/wp-content\/uploads\/sites\/2\/2021\/07\/icon-food.png","contentUrl":"https:\/\/linmot.com\/de\/wp-content\/uploads\/sites\/2\/2021\/07\/icon-food.png"},{"@type":"BreadcrumbList","@id":"https:\/\/linmot.com\/es\/productos\/motores-rotolineales\/movimientos-lineales-y-rotativos-en-uno-motores-rotolineales\/#breadcrumb","itemListElement":[{"@type":"ListItem","position":1,"name":"Home","item":"https:\/\/linmot.com\/es\/"},{"@type":"ListItem","position":2,"name":"Productos","item":"https:\/\/linmot.com\/es\/productos\/"},{"@type":"ListItem","position":3,"name":"Motores rotolineales","item":"https:\/\/linmot.com\/es\/productos\/motores-rotolineales\/"},{"@type":"ListItem","position":4,"name":"Movimientos lineales y rotativos en uno: Motores rotolineales"}]},{"@type":"WebSite","@id":"https:\/\/linmot.com\/es\/#website","url":"https:\/\/linmot.com\/es\/","name":"LinMot &amp; MagSpring - Espa\u00f1ol","description":"Motores lineales y sistemas de motores lineales de alta calidad","publisher":{"@id":"https:\/\/linmot.com\/es\/#organization"},"potentialAction":[{"@type":"SearchAction","target":{"@type":"EntryPoint","urlTemplate":"https:\/\/linmot.com\/es\/?s={search_term_string}"},"query-input":{"@type":"PropertyValueSpecification","valueRequired":true,"valueName":"search_term_string"}}],"inLanguage":"es"},{"@type":"Organization","@id":"https:\/\/linmot.com\/es\/#organization","name":"NTI AG - LinMot & MagSpring","url":"https:\/\/linmot.com\/es\/","logo":{"@type":"ImageObject","inLanguage":"es","@id":"https:\/\/linmot.com\/es\/#\/schema\/logo\/image\/","url":"https:\/\/linmot.com\/es\/wp-content\/uploads\/sites\/5\/2022\/05\/linmot-social-share-logo.jpg","contentUrl":"https:\/\/linmot.com\/es\/wp-content\/uploads\/sites\/5\/2022\/05\/linmot-social-share-logo.jpg","width":800,"height":500,"caption":"NTI AG - LinMot & MagSpring"},"image":{"@id":"https:\/\/linmot.com\/es\/#\/schema\/logo\/image\/"},"sameAs":["https:\/\/www.linkedin.com\/company\/nti-ag-linmot-magspring","https:\/\/www.youtube.com\/user\/LinMotEurope"]}]}},"_links":{"self":[{"href":"https:\/\/linmot.com\/es\/wp-json\/wp\/v2\/pages\/1883","targetHints":{"allow":["GET"]}}],"collection":[{"href":"https:\/\/linmot.com\/es\/wp-json\/wp\/v2\/pages"}],"about":[{"href":"https:\/\/linmot.com\/es\/wp-json\/wp\/v2\/types\/page"}],"author":[{"embeddable":true,"href":"https:\/\/linmot.com\/es\/wp-json\/wp\/v2\/users\/9"}],"replies":[{"embeddable":true,"href":"https:\/\/linmot.com\/es\/wp-json\/wp\/v2\/comments?post=1883"}],"version-history":[{"count":3,"href":"https:\/\/linmot.com\/es\/wp-json\/wp\/v2\/pages\/1883\/revisions"}],"predecessor-version":[{"id":2678,"href":"https:\/\/linmot.com\/es\/wp-json\/wp\/v2\/pages\/1883\/revisions\/2678"}],"up":[{"embeddable":true,"href":"https:\/\/linmot.com\/es\/wp-json\/wp\/v2\/pages\/1721"}],"wp:attachment":[{"href":"https:\/\/linmot.com\/es\/wp-json\/wp\/v2\/media?parent=1883"}],"curies":[{"name":"wp","href":"https:\/\/api.w.org\/{rel}","templated":true}]}}