{"id":1840,"date":"2021-08-19T08:31:43","date_gmt":"2021-08-19T08:31:43","guid":{"rendered":"https:\/\/linmot.com\/es\/?page_id=1840"},"modified":"2026-02-03T08:32:38","modified_gmt":"2026-02-03T07:32:38","slug":"resumen-de-trabajos","status":"publish","type":"page","link":"https:\/\/linmot.com\/es\/resumen-de-trabajos\/","title":{"rendered":"Resumen de trabajos"},"content":{"rendered":"<p><strong>\u00bfBusca un nuevo trabajo? Ya sea para el montaje de nuestros motores, el \u00e1rea de desarrollo o para la producci\u00f3n: LinMot busca regularmente nuevos compa\u00f1eros. En esta p\u00e1gina se publican regularmente resumen de trabajos. As\u00ed que vale la pena comprobarlo de vez en cuando.<\/strong><\/p>\n<img loading=\"lazy\" decoding=\"async\" class=\"aligncenter wp-image-1664 size-full\" src=\"https:\/\/linmot.com\/de\/wp-content\/uploads\/sites\/2\/2021\/05\/LinMot-Firmengebaeude.jpg\" alt=\"Resumen de trabajos\" width=\"560\" height=\"282\" \/>\n<hr \/>\n<h2>Resumen de trabajos en Suiza \ud83c\udde8\ud83c\udded<\/h2>\n<div class=\"row download\">\n<div class=\"col-md-5\">\n<strong>Senior Application &amp; Sales Engineer \u2013 Motion Control (w\/m\/d)<\/strong><br \/>\nBereich: Sales &amp; Customer Care<br \/>\nArbeitsort: Spreitenbach, AG<\/p>\n<p><a class=\"button\" href=\"\/blog\/job\/senior-application-sales-engineer-motion-control-w-m-d\/\" rel=\"noopener\">Details zum Stelleninserat<\/a><\/p>\n<\/div>\n<div class=\"col-md-2\">\n<\/div>\n<div class=\"col-md-5\">\n<\/div>\n<\/div>\n<hr \/>\n<h2>Resumen de trabajos Alemania \ud83c\udde9\ud83c\uddea<\/h2>\n<div class=\"row download\">\n<div class=\"col-md-5\">\n<p><strong>Leitung Applikation und Support (m\/w\/d)<\/strong><\/p>\n<p>Bereich: Support &amp; Applikationsabteilung<br \/>\nArbeitsort: Essen &#8211; Nordrhein-Westfalen oder Ansbach &#8211; Bayern<\/p>\n<p><a class=\"button\" href=\"\/de\/blog\/job\/leitung-applikation-und-support-m-w-d\/\" rel=\"noopener\">Details zum Stelleninserat<\/a><br \/>\n<\/div>\n<div class=\"col-md-2\">\n<\/div>\n<div class=\"col-md-5\">\n<strong>Applikationsingenieur (m\/w\/d)<\/strong><\/p>\n<p>Bereich: Support &amp; Applikationsabteilung<br \/>\nArbeitsort: Essen &#8211; Nordrhein-Westfalen oder Ansbach &#8211; Bayern<\/p>\n<p><a class=\"button\" href=\"\/de\/blog\/job\/applikationsingenieur-m-w-d-bayern\/\" rel=\"noopener\">Details zum Stelleninserat<\/a><br \/>\n<\/div>\n<\/div>\n<hr \/>\n<h2>Resumen de trabajos Italia \ud83c\uddee\ud83c\uddf9<\/h2>\n<div class=\"row download\">\n<div class=\"col-md-5\">\n<strong>Area Sales Manager Emilia-Romagna (m\/f\/d)<\/strong><br \/>\nArea: Vendite<br \/>\nLuogo di lavoro: Emilia-Romagna<\/p>\n<p><a class=\"button\" href=\"\/it\/blog\/job\/area-sales-manager-emilia-romagna\/\" rel=\"noopener\">Dettagli dell&#8217;annuncio di lavoro<\/a><br \/>\n<\/div>\n<\/div>\n<hr \/>\n<h3>Aplicaci\u00f3n espont\u00e1nea<\/h3>\n<p>No hay nada adecuado, pero \u00bfte gustar\u00eda presentarte a nosotros? A continuaci\u00f3n, env\u00edenos sus documentos de solicitud como una solicitud espont\u00e1nea y veremos si tenemos un puesto adecuado disponible para su perfil.<\/p>\n\n<div class=\"wpcf7 no-js\" id=\"wpcf7-f1842-o1\" lang=\"es-ES\" dir=\"ltr\" data-wpcf7-id=\"1842\">\n<div class=\"screen-reader-response\"><p role=\"status\" aria-live=\"polite\" aria-atomic=\"true\"><\/p> <ul><\/ul><\/div>\n<form action=\"\/es\/wp-json\/wp\/v2\/pages\/1840#wpcf7-f1842-o1\" method=\"post\" class=\"wpcf7-form init\" aria-label=\"Formulario de contacto\" enctype=\"multipart\/form-data\" novalidate=\"novalidate\" data-status=\"init\">\n<fieldset class=\"hidden-fields-container\"><input type=\"hidden\" name=\"_wpcf7\" value=\"1842\" \/><input type=\"hidden\" name=\"_wpcf7_version\" value=\"6.1.5\" \/><input type=\"hidden\" name=\"_wpcf7_locale\" value=\"es_ES\" \/><input type=\"hidden\" name=\"_wpcf7_unit_tag\" value=\"wpcf7-f1842-o1\" \/><input type=\"hidden\" name=\"_wpcf7_container_post\" value=\"0\" \/><input type=\"hidden\" name=\"_wpcf7_posted_data_hash\" value=\"\" \/><input type=\"hidden\" name=\"_wpcf7_recaptcha_response\" value=\"\" \/>\n<\/fieldset>\n<label> Tu nombre<br>\n    <span class=\"wpcf7-form-control-wrap\" data-name=\"your-name\"><input size=\"40\" maxlength=\"400\" class=\"wpcf7-form-control wpcf7-text wpcf7-validates-as-required\" aria-required=\"true\" aria-invalid=\"false\" value=\"\" type=\"text\" name=\"your-name\" \/><\/span> <\/label>\n<br>\n<label> Su n\u00famero de tel\u00e9fono<br>\n    <span class=\"wpcf7-form-control-wrap\" data-name=\"Telefonnummer\"><input size=\"40\" maxlength=\"400\" class=\"wpcf7-form-control wpcf7-tel wpcf7-validates-as-required wpcf7-text wpcf7-validates-as-tel\" aria-required=\"true\" aria-invalid=\"false\" value=\"\" type=\"tel\" name=\"Telefonnummer\" \/><\/span> <\/label>\n<br>\n<label> Tu correo electr\u00f3nico<br>\n    <span class=\"wpcf7-form-control-wrap\" data-name=\"your-email\"><input size=\"40\" maxlength=\"400\" class=\"wpcf7-form-control wpcf7-email wpcf7-validates-as-required wpcf7-text wpcf7-validates-as-email\" aria-required=\"true\" aria-invalid=\"false\" value=\"\" type=\"email\" name=\"your-email\" \/><\/span> <\/label>\n<br>\n<label> Curriculum vitae (PDF)<br>\n    <span class=\"wpcf7-form-control-wrap\" data-name=\"Lebenslauf\"><input size=\"40\" class=\"wpcf7-form-control wpcf7-file wpcf7-validates-as-required\" accept=\".pdf\" aria-required=\"true\" aria-invalid=\"false\" type=\"file\" name=\"Lebenslauf\" \/><\/span> <\/label>\n<br>\n<label> Carta de motivaci\u00f3n (PDF)<br>\n    <span class=\"wpcf7-form-control-wrap\" data-name=\"Motivationsschreiben\"><input size=\"40\" class=\"wpcf7-form-control wpcf7-file wpcf7-validates-as-required\" accept=\".pdf\" aria-required=\"true\" aria-invalid=\"false\" type=\"file\" name=\"Motivationsschreiben\" \/><\/span> <\/label>\n<br>\n<label> Asunto<br>\n    <span class=\"wpcf7-form-control-wrap\" data-name=\"your-subject\"><input size=\"40\" maxlength=\"400\" class=\"wpcf7-form-control wpcf7-text wpcf7-validates-as-required\" aria-required=\"true\" aria-invalid=\"false\" value=\"\" type=\"text\" name=\"your-subject\" \/><\/span> <\/label>\n<br>\n<label> Tu mensaje (opcional)<br>\n    <span class=\"wpcf7-form-control-wrap\" data-name=\"your-message\"><textarea cols=\"40\" rows=\"10\" maxlength=\"2000\" class=\"wpcf7-form-control wpcf7-textarea\" aria-invalid=\"false\" name=\"your-message\"><\/textarea><\/span> <\/label>\n<br>\n<input class=\"wpcf7-form-control wpcf7-submit has-spinner\" type=\"submit\" value=\"Enviar\" \/><div class=\"wpcf7-response-output\" aria-hidden=\"true\"><\/div>\n<\/form>\n<\/div>\n\n","protected":false},"excerpt":{"rendered":"<p>\u00bfBusca un nuevo trabajo? Ya sea para el montaje de nuestros motores, el \u00e1rea de desarrollo o para la producci\u00f3n: LinMot busca regularmente nuevos compa\u00f1eros. En esta p\u00e1gina se publican regularmente resumen de trabajos. As\u00ed que vale la pena comprobarlo de vez en cuando. Resumen de trabajos en Suiza \ud83c\udde8\ud83c\udded Resumen de trabajos Alemania \ud83c\udde9\ud83c\uddea [&hellip;]<\/p>\n","protected":false},"author":9,"featured_media":0,"parent":0,"menu_order":50,"comment_status":"closed","ping_status":"closed","template":"","meta":{"_acf_changed":false,"footnotes":""},"class_list":["post-1840","page","type-page","status-publish","hentry"],"acf":[],"yoast_head":"<!-- This site is optimized with the Yoast SEO Premium plugin v20.9 (Yoast SEO v27.3) - https:\/\/yoast.com\/product\/yoast-seo-premium-wordpress\/ -->\n<title>Resumen de trabajos - LinMot &amp; MagSpring - Espa\u00f1ol<\/title>\n<meta name=\"description\" content=\"Aqu\u00ed encontrar\u00e1 un resumen de trabajo que est\u00e1n abiertos actualmente. Ya sea en el montaje, el desarrollo o la producci\u00f3n.\" \/>\n<meta name=\"robots\" content=\"index, follow, max-snippet:-1, max-image-preview:large, max-video-preview:-1\" \/>\n<link rel=\"canonical\" href=\"https:\/\/linmot.com\/es\/resumen-de-trabajos\/\" \/>\n<meta property=\"og:locale\" content=\"es_ES\" \/>\n<meta property=\"og:type\" content=\"article\" \/>\n<meta property=\"og:title\" content=\"Resumen de trabajos - LinMot &amp; MagSpring - Espa\u00f1ol\" \/>\n<meta property=\"og:description\" content=\"Aqu\u00ed encontrar\u00e1 un resumen de trabajo que est\u00e1n abiertos actualmente. Ya sea en el montaje, el desarrollo o la producci\u00f3n.\" \/>\n<meta property=\"og:url\" content=\"https:\/\/linmot.com\/es\/resumen-de-trabajos\/\" \/>\n<meta property=\"og:site_name\" content=\"LinMot &amp; MagSpring - Espa\u00f1ol\" \/>\n<meta property=\"article:modified_time\" content=\"2026-02-03T07:32:38+00:00\" \/>\n<meta property=\"og:image\" content=\"https:\/\/linmot.com\/es\/wp-content\/uploads\/sites\/5\/2022\/05\/linmot-social-share-logo.jpg\" \/>\n\t<meta property=\"og:image:width\" content=\"800\" \/>\n\t<meta property=\"og:image:height\" content=\"500\" \/>\n\t<meta property=\"og:image:type\" content=\"image\/jpeg\" \/>\n<meta name=\"twitter:card\" content=\"summary_large_image\" \/>\n<meta name=\"twitter:title\" content=\"Resumen de trabajos - LinMot &amp; MagSpring - Espa\u00f1ol\" \/>\n<meta name=\"twitter:description\" content=\"Aqu\u00ed encontrar\u00e1 un resumen de trabajo que est\u00e1n abiertos actualmente. Ya sea en el montaje, el desarrollo o la producci\u00f3n.\" \/>\n<meta name=\"twitter:label1\" content=\"Tiempo de lectura\" \/>\n\t<meta name=\"twitter:data1\" content=\"2 minutos\" \/>\n<script type=\"application\/ld+json\" class=\"yoast-schema-graph\">{\"@context\":\"https:\\\/\\\/schema.org\",\"@graph\":[{\"@type\":\"WebPage\",\"@id\":\"https:\\\/\\\/linmot.com\\\/es\\\/resumen-de-trabajos\\\/\",\"url\":\"https:\\\/\\\/linmot.com\\\/es\\\/resumen-de-trabajos\\\/\",\"name\":\"Resumen de trabajos - LinMot &amp; MagSpring - Espa\u00f1ol\",\"isPartOf\":{\"@id\":\"https:\\\/\\\/linmot.com\\\/es\\\/#website\"},\"primaryImageOfPage\":{\"@id\":\"https:\\\/\\\/linmot.com\\\/es\\\/resumen-de-trabajos\\\/#primaryimage\"},\"image\":{\"@id\":\"https:\\\/\\\/linmot.com\\\/es\\\/resumen-de-trabajos\\\/#primaryimage\"},\"thumbnailUrl\":\"https:\\\/\\\/linmot.com\\\/de\\\/wp-content\\\/uploads\\\/sites\\\/2\\\/2021\\\/05\\\/LinMot-Firmengebaeude.jpg\",\"datePublished\":\"2021-08-19T08:31:43+00:00\",\"dateModified\":\"2026-02-03T07:32:38+00:00\",\"description\":\"Aqu\u00ed encontrar\u00e1 un resumen de trabajo que est\u00e1n abiertos actualmente. Ya sea en el montaje, el desarrollo o la producci\u00f3n.\",\"breadcrumb\":{\"@id\":\"https:\\\/\\\/linmot.com\\\/es\\\/resumen-de-trabajos\\\/#breadcrumb\"},\"inLanguage\":\"es\",\"potentialAction\":[{\"@type\":\"ReadAction\",\"target\":[\"https:\\\/\\\/linmot.com\\\/es\\\/resumen-de-trabajos\\\/\"]}]},{\"@type\":\"ImageObject\",\"inLanguage\":\"es\",\"@id\":\"https:\\\/\\\/linmot.com\\\/es\\\/resumen-de-trabajos\\\/#primaryimage\",\"url\":\"https:\\\/\\\/linmot.com\\\/de\\\/wp-content\\\/uploads\\\/sites\\\/2\\\/2021\\\/05\\\/LinMot-Firmengebaeude.jpg\",\"contentUrl\":\"https:\\\/\\\/linmot.com\\\/de\\\/wp-content\\\/uploads\\\/sites\\\/2\\\/2021\\\/05\\\/LinMot-Firmengebaeude.jpg\"},{\"@type\":\"BreadcrumbList\",\"@id\":\"https:\\\/\\\/linmot.com\\\/es\\\/resumen-de-trabajos\\\/#breadcrumb\",\"itemListElement\":[{\"@type\":\"ListItem\",\"position\":1,\"name\":\"Home\",\"item\":\"https:\\\/\\\/linmot.com\\\/es\\\/\"},{\"@type\":\"ListItem\",\"position\":2,\"name\":\"Resumen de trabajos\"}]},{\"@type\":\"WebSite\",\"@id\":\"https:\\\/\\\/linmot.com\\\/es\\\/#website\",\"url\":\"https:\\\/\\\/linmot.com\\\/es\\\/\",\"name\":\"LinMot &amp; MagSpring - Espa\u00f1ol\",\"description\":\"Motores lineales y sistemas de motores lineales de alta calidad\",\"publisher\":{\"@id\":\"https:\\\/\\\/linmot.com\\\/es\\\/#organization\"},\"potentialAction\":[{\"@type\":\"SearchAction\",\"target\":{\"@type\":\"EntryPoint\",\"urlTemplate\":\"https:\\\/\\\/linmot.com\\\/es\\\/?s={search_term_string}\"},\"query-input\":{\"@type\":\"PropertyValueSpecification\",\"valueRequired\":true,\"valueName\":\"search_term_string\"}}],\"inLanguage\":\"es\"},{\"@type\":\"Organization\",\"@id\":\"https:\\\/\\\/linmot.com\\\/es\\\/#organization\",\"name\":\"NTI AG - LinMot & MagSpring\",\"url\":\"https:\\\/\\\/linmot.com\\\/es\\\/\",\"logo\":{\"@type\":\"ImageObject\",\"inLanguage\":\"es\",\"@id\":\"https:\\\/\\\/linmot.com\\\/es\\\/#\\\/schema\\\/logo\\\/image\\\/\",\"url\":\"https:\\\/\\\/linmot.com\\\/es\\\/wp-content\\\/uploads\\\/sites\\\/5\\\/2022\\\/05\\\/linmot-social-share-logo.jpg\",\"contentUrl\":\"https:\\\/\\\/linmot.com\\\/es\\\/wp-content\\\/uploads\\\/sites\\\/5\\\/2022\\\/05\\\/linmot-social-share-logo.jpg\",\"width\":800,\"height\":500,\"caption\":\"NTI AG - LinMot & MagSpring\"},\"image\":{\"@id\":\"https:\\\/\\\/linmot.com\\\/es\\\/#\\\/schema\\\/logo\\\/image\\\/\"},\"sameAs\":[\"https:\\\/\\\/www.linkedin.com\\\/company\\\/nti-ag-linmot-magspring\",\"https:\\\/\\\/www.youtube.com\\\/user\\\/LinMotEurope\"]}]}<\/script>\n<!-- \/ Yoast SEO Premium plugin. -->","yoast_head_json":{"title":"Resumen de trabajos - LinMot &amp; MagSpring - Espa\u00f1ol","description":"Aqu\u00ed encontrar\u00e1 un resumen de trabajo que est\u00e1n abiertos actualmente. Ya sea en el montaje, el desarrollo o la producci\u00f3n.","robots":{"index":"index","follow":"follow","max-snippet":"max-snippet:-1","max-image-preview":"max-image-preview:large","max-video-preview":"max-video-preview:-1"},"canonical":"https:\/\/linmot.com\/es\/resumen-de-trabajos\/","og_locale":"es_ES","og_type":"article","og_title":"Resumen de trabajos - LinMot &amp; MagSpring - Espa\u00f1ol","og_description":"Aqu\u00ed encontrar\u00e1 un resumen de trabajo que est\u00e1n abiertos actualmente. Ya sea en el montaje, el desarrollo o la producci\u00f3n.","og_url":"https:\/\/linmot.com\/es\/resumen-de-trabajos\/","og_site_name":"LinMot &amp; MagSpring - Espa\u00f1ol","article_modified_time":"2026-02-03T07:32:38+00:00","og_image":[{"width":800,"height":500,"url":"https:\/\/linmot.com\/es\/wp-content\/uploads\/sites\/5\/2022\/05\/linmot-social-share-logo.jpg","type":"image\/jpeg"}],"twitter_card":"summary_large_image","twitter_title":"Resumen de trabajos - LinMot &amp; MagSpring - Espa\u00f1ol","twitter_description":"Aqu\u00ed encontrar\u00e1 un resumen de trabajo que est\u00e1n abiertos actualmente. Ya sea en el montaje, el desarrollo o la producci\u00f3n.","twitter_misc":{"Tiempo de lectura":"2 minutos"},"schema":{"@context":"https:\/\/schema.org","@graph":[{"@type":"WebPage","@id":"https:\/\/linmot.com\/es\/resumen-de-trabajos\/","url":"https:\/\/linmot.com\/es\/resumen-de-trabajos\/","name":"Resumen de trabajos - LinMot &amp; MagSpring - Espa\u00f1ol","isPartOf":{"@id":"https:\/\/linmot.com\/es\/#website"},"primaryImageOfPage":{"@id":"https:\/\/linmot.com\/es\/resumen-de-trabajos\/#primaryimage"},"image":{"@id":"https:\/\/linmot.com\/es\/resumen-de-trabajos\/#primaryimage"},"thumbnailUrl":"https:\/\/linmot.com\/de\/wp-content\/uploads\/sites\/2\/2021\/05\/LinMot-Firmengebaeude.jpg","datePublished":"2021-08-19T08:31:43+00:00","dateModified":"2026-02-03T07:32:38+00:00","description":"Aqu\u00ed encontrar\u00e1 un resumen de trabajo que est\u00e1n abiertos actualmente. Ya sea en el montaje, el desarrollo o la producci\u00f3n.","breadcrumb":{"@id":"https:\/\/linmot.com\/es\/resumen-de-trabajos\/#breadcrumb"},"inLanguage":"es","potentialAction":[{"@type":"ReadAction","target":["https:\/\/linmot.com\/es\/resumen-de-trabajos\/"]}]},{"@type":"ImageObject","inLanguage":"es","@id":"https:\/\/linmot.com\/es\/resumen-de-trabajos\/#primaryimage","url":"https:\/\/linmot.com\/de\/wp-content\/uploads\/sites\/2\/2021\/05\/LinMot-Firmengebaeude.jpg","contentUrl":"https:\/\/linmot.com\/de\/wp-content\/uploads\/sites\/2\/2021\/05\/LinMot-Firmengebaeude.jpg"},{"@type":"BreadcrumbList","@id":"https:\/\/linmot.com\/es\/resumen-de-trabajos\/#breadcrumb","itemListElement":[{"@type":"ListItem","position":1,"name":"Home","item":"https:\/\/linmot.com\/es\/"},{"@type":"ListItem","position":2,"name":"Resumen de trabajos"}]},{"@type":"WebSite","@id":"https:\/\/linmot.com\/es\/#website","url":"https:\/\/linmot.com\/es\/","name":"LinMot &amp; MagSpring - Espa\u00f1ol","description":"Motores lineales y sistemas de motores lineales de alta calidad","publisher":{"@id":"https:\/\/linmot.com\/es\/#organization"},"potentialAction":[{"@type":"SearchAction","target":{"@type":"EntryPoint","urlTemplate":"https:\/\/linmot.com\/es\/?s={search_term_string}"},"query-input":{"@type":"PropertyValueSpecification","valueRequired":true,"valueName":"search_term_string"}}],"inLanguage":"es"},{"@type":"Organization","@id":"https:\/\/linmot.com\/es\/#organization","name":"NTI AG - LinMot & MagSpring","url":"https:\/\/linmot.com\/es\/","logo":{"@type":"ImageObject","inLanguage":"es","@id":"https:\/\/linmot.com\/es\/#\/schema\/logo\/image\/","url":"https:\/\/linmot.com\/es\/wp-content\/uploads\/sites\/5\/2022\/05\/linmot-social-share-logo.jpg","contentUrl":"https:\/\/linmot.com\/es\/wp-content\/uploads\/sites\/5\/2022\/05\/linmot-social-share-logo.jpg","width":800,"height":500,"caption":"NTI AG - LinMot & MagSpring"},"image":{"@id":"https:\/\/linmot.com\/es\/#\/schema\/logo\/image\/"},"sameAs":["https:\/\/www.linkedin.com\/company\/nti-ag-linmot-magspring","https:\/\/www.youtube.com\/user\/LinMotEurope"]}]}},"_links":{"self":[{"href":"https:\/\/linmot.com\/es\/wp-json\/wp\/v2\/pages\/1840","targetHints":{"allow":["GET"]}}],"collection":[{"href":"https:\/\/linmot.com\/es\/wp-json\/wp\/v2\/pages"}],"about":[{"href":"https:\/\/linmot.com\/es\/wp-json\/wp\/v2\/types\/page"}],"author":[{"embeddable":true,"href":"https:\/\/linmot.com\/es\/wp-json\/wp\/v2\/users\/9"}],"replies":[{"embeddable":true,"href":"https:\/\/linmot.com\/es\/wp-json\/wp\/v2\/comments?post=1840"}],"version-history":[{"count":178,"href":"https:\/\/linmot.com\/es\/wp-json\/wp\/v2\/pages\/1840\/revisions"}],"predecessor-version":[{"id":4062,"href":"https:\/\/linmot.com\/es\/wp-json\/wp\/v2\/pages\/1840\/revisions\/4062"}],"wp:attachment":[{"href":"https:\/\/linmot.com\/es\/wp-json\/wp\/v2\/media?parent=1840"}],"curies":[{"name":"wp","href":"https:\/\/api.w.org\/{rel}","templated":true}]}}