{"id":1721,"date":"2021-06-11T12:59:55","date_gmt":"2021-06-11T12:59:55","guid":{"rendered":"https:\/\/linmot.com\/es\/?page_id=1721"},"modified":"2024-04-22T14:52:57","modified_gmt":"2024-04-22T14:52:57","slug":"motores-rotolineales","status":"publish","type":"page","link":"https:\/\/linmot.com\/es\/productos\/motores-rotolineales\/","title":{"rendered":"Motores rotolineales"},"content":{"rendered":"<p align=\"justify\"><strong>Sujetar, llenar, sellar, empaquetar&#8230; los motores rotolineales de LinMot se caracterizan por su excelente flexibilidad, din\u00e1mica y velocidad. Pueden utilizarse para realizar movimientos lineales y rotativos. Al mismo tiempo, los motores no requieren apenas mantenimiento y ofrecen una excelente disponibilidad. LinMot ofrece motores de elevaci\u00f3n rotativos en dos series diferentes.<\/strong><\/p>\n<p><a class=\"btn btn-active\" href=\"\/es\/productos\/motores-rotolineales\/movimientos-lineales-y-rotativos-en-uno-motores-rotolineales\/\" target=\"_blank\" rel=\"noopener noreferrer\">M\u00e1s informaci\u00f3n sobre los motores rotolineales<\/a><\/p>\n<hr \/>\n<h2>As\u00ed es como funcionan<\/h2>\n<div class=\"row\">\n<div class=\"col-md-6\">\n<ul>\n<li>Accionamiento directo lineal y rotativo altamente din\u00e1mico<\/li>\n<li>Movimientos lineales y rotativos independientes, que pueden sincronizarse si es necesario<\/li>\n<li>Fuerzas y pares de prensado programables<\/li>\n<li>Opcionalmente con eje hueco<\/li>\n<li>Opcionalmente con MagSpring para la compensaci\u00f3n de la carga<\/li>\n<\/ul>\n<p><a class=\"btn btn-active\" href=\"https:\/\/shop.linmot.com\/E\/linear-rotary-motors.htm\" target=\"_blank\" rel=\"noopener noreferrer\">A los detalles en el cat\u00e1logo electr\u00f3nico (ingl\u00e9s)<\/a><\/p>\n<\/div>\n<div class=\"col-md-1\">\n<\/div>\n<div class=\"col-md-5\">\n<p style=\"text-align: center;\">\n<div class=\"brlbs-cmpnt-container brlbs-cmpnt-content-blocker brlbs-cmpnt-with-individual-styles\" data-borlabs-cookie-content-blocker-id=\"default\" data-borlabs-cookie-content=\"PGlmcmFtZSB0aXRsZT0iWW91VHViZSB2aWRlbyBwbGF5ZXIiIHNyYz0iaHR0cHM6Ly93d3cueW91dHViZS5jb20vZW1iZWQvZk9sU2NIT3ZLMkkiIHdpZHRoPSIzOTQiIGhlaWdodD0iMjIwIiBmcmFtZWJvcmRlcj0iMCIgYWxsb3dmdWxsc2NyZWVuPSJhbGxvd2Z1bGxzY3JlZW4iPjwvaWZyYW1lPg==\">\n<div class=\"brlbs-cmpnt-cb-preset-a\">\n<p class=\"brlbs-cmpnt-cb-description\">Est\u00e1s viendo un contenido de marcador de posici\u00f3n de <strong>Predeterminado<\/strong>. Para acceder al contenido real, haz clic en el siguiente bot\u00f3n. Ten en cuenta que al hacerlo compartir\u00e1s datos con terceros proveedores.<\/p>\n<div class=\"brlbs-cmpnt-cb-buttons\"> <a class=\"brlbs-cmpnt-cb-btn\" href=\"#\" data-borlabs-cookie-unblock role=\"button\">Desbloquear contenido<\/a> <a class=\"brlbs-cmpnt-cb-btn\" href=\"#\" data-borlabs-cookie-accept-service role=\"button\" style=\"display: none\">Aceptar el servicio requerido y desbloquear el contenido<\/a> <\/div>\n<p> <a class=\"brlbs-cmpnt-cb-provider-toggle\" href=\"#\" data-borlabs-cookie-show-provider-information role=\"button\">M\u00e1s informaci\u00f3n<\/a> <\/div>\n<\/div>\n<\/div>\n<\/div>\n<hr \/>\n<h2>Serie PR01<\/h2>\n<div class=\"row\">\n<div class=\"col-md-6\">\n<ul>\n<li>Principio de dise\u00f1o en serie para ocupar el m\u00ednimo espacio<\/li>\n<li>Disponible opcionalmente con relaci\u00f3n de transmisi\u00f3n<\/li>\n<li>Realizaci\u00f3n m\u00e1s sencilla de tapadoras, atornilladoras o estaciones de montaje<\/li>\n<\/ul>\n<p><a class=\"button\" href=\"\/es\/productos\/motores-rotolineales\/motores-rotativos-lineales-pr01\/\">M\u00e1s informaci\u00f3n sobre la serie PR01<\/a><\/p>\n<\/div>\n<div class=\"col-md-1\">\n<\/div>\n<div class=\"col-md-5\">\n<img loading=\"lazy\" decoding=\"async\" class=\"aligncenter wp-image-702 size-full\" title=\"Motores rotolineales PR01\" src=\"https:\/\/linmot.com\/de\/wp-content\/uploads\/sites\/2\/2017\/10\/Hub-Dreh-Motoren-mit-Hohlwelle.jpg\" alt=\"Motores rotolineales PR01\" width=\"612\" height=\"190\" \/>\n<\/div>\n<\/div>\n<h2>Serie PR02<\/h2>\n<div class=\"row\">\n<div class=\"col-md-6\">\n<ul>\n<li>Principio de dise\u00f1o paralelo con corta longitud de instalaci\u00f3n y opciones integradas<\/li>\n<li>Opcionalmente con sensores de fuerza y par integrados<\/li>\n<li>Superficies f\u00e1ciles de limpiar<\/li>\n<li>Realizaci\u00f3n m\u00e1s sencilla de tapadoras, atornilladoras o estaciones de montaje con opciones integradas<\/li>\n<\/ul>\n<p><a class=\"button\" href=\"\/es\/productos\/motores-rotolineales\/motores-rotativos-lineales-pr02\/\">M\u00e1s informaci\u00f3n sobre la serie PR02<\/a><br \/>\n<\/div>\n<div class=\"col-md-1\">\n<\/div>\n<div class=\"col-md-5\">\n<img loading=\"lazy\" decoding=\"async\" class=\"aligncenter wp-image-1626\" title=\"Motores rotolineales PR02\" src=\"https:\/\/linmot.com\/de\/wp-content\/uploads\/sites\/2\/2021\/05\/Motorfamilie-PR02-38.jpg\" alt=\"Hubdreh-Motor PR02\" width=\"394\" height=\"220\" \/>\n<\/div>\n<\/div>\n<hr \/>\n<h3>Cierre y atornillado autom\u00e1ticos<\/h3>\n<div class=\"row\">\n<div class=\"col-md-6\">\n<p align=\"justify\">El hecho de que el movimiento lineal se realice tambi\u00e9n mediante un accionamiento directo hace que los procesos de sellado sean mucho m\u00e1s flexibles y eficientes que con los sistemas que dependen de las curvas de carrera, los cilindros neum\u00e1ticos o los accionamientos de recirculaci\u00f3n de bolas para generarlos. Los sensores de fuerza y par integrados ofrecen a\u00fan m\u00e1s seguridad para las aplicaciones que requieren una gran precisi\u00f3n y fiabilidad del proceso, y tambi\u00e9n permiten recopilar datos del proceso para cada proceso de cierre individual (I4.0).<\/p>\n<p><a class=\"button\" href=\"\/es\/cierre-y-atornillado-automaticos\/\">M\u00e1s ejemplos de aplicaci\u00f3n<\/a><br \/>\n<\/div>\n<div class=\"col-md-1\">\n<\/div>\n<div class=\"col-md-5\">\n<p style=\"text-align: center;\">\n<div class=\"brlbs-cmpnt-container brlbs-cmpnt-content-blocker brlbs-cmpnt-with-individual-styles\" data-borlabs-cookie-content-blocker-id=\"default\" data-borlabs-cookie-content=\"PGlmcmFtZSB0aXRsZT0iWW91VHViZSB2aWRlbyBwbGF5ZXIiIHNyYz0iaHR0cHM6Ly93d3cueW91dHViZS5jb20vZW1iZWQvakc4eVo5Tmw5SFEiIHdpZHRoPSIzOTQiIGhlaWdodD0iMjIwIiBmcmFtZWJvcmRlcj0iMCIgYWxsb3dmdWxsc2NyZWVuPSJhbGxvd2Z1bGxzY3JlZW4iPjwvaWZyYW1lPg==\">\n<div class=\"brlbs-cmpnt-cb-preset-a\">\n<p class=\"brlbs-cmpnt-cb-description\">Est\u00e1s viendo un contenido de marcador de posici\u00f3n de <strong>Predeterminado<\/strong>. Para acceder al contenido real, haz clic en el siguiente bot\u00f3n. Ten en cuenta que al hacerlo compartir\u00e1s datos con terceros proveedores.<\/p>\n<div class=\"brlbs-cmpnt-cb-buttons\"> <a class=\"brlbs-cmpnt-cb-btn\" href=\"#\" data-borlabs-cookie-unblock role=\"button\">Desbloquear contenido<\/a> <a class=\"brlbs-cmpnt-cb-btn\" href=\"#\" data-borlabs-cookie-accept-service role=\"button\" style=\"display: none\">Aceptar el servicio requerido y desbloquear el contenido<\/a> <\/div>\n<p> <a class=\"brlbs-cmpnt-cb-provider-toggle\" href=\"#\" data-borlabs-cookie-show-provider-information role=\"button\">M\u00e1s informaci\u00f3n<\/a> <\/div>\n<\/div>\n<\/div>\n<\/div>\n<hr \/>\n<h2>\u00bfPreguntas?<\/h2>\n<p>Estaremos encantados de responder a sus preguntas o asesorarle.<\/p>\n<p><a class=\"button\" href=\"https:\/\/linmot.com\/es\/contact\/\">Encuentra tu persona de contacto local <\/a><\/p>\n","protected":false},"excerpt":{"rendered":"<p>Sujetar, llenar, sellar, empaquetar&#8230; los motores rotolineales de LinMot se caracterizan por su excelente flexibilidad, din\u00e1mica y velocidad. Pueden utilizarse para realizar movimientos lineales y rotativos. Al mismo tiempo, los motores no requieren apenas mantenimiento y ofrecen una excelente disponibilidad. LinMot ofrece motores de elevaci\u00f3n rotativos en dos series diferentes. M\u00e1s informaci\u00f3n sobre los motores [&hellip;]<\/p>\n","protected":false},"author":9,"featured_media":0,"parent":1210,"menu_order":98,"comment_status":"closed","ping_status":"closed","template":"","meta":{"_acf_changed":false,"footnotes":""},"class_list":["post-1721","page","type-page","status-publish","hentry"],"acf":[],"yoast_head":"<!-- This site is optimized with the Yoast SEO Premium plugin v20.9 (Yoast SEO v27.3) - https:\/\/yoast.com\/product\/yoast-seo-premium-wordpress\/ -->\n<title>Motores rotolineales: movimientos lineales y rotativos combinados<\/title>\n<meta name=\"description\" content=\"Los motores de polipastos rotativos LinMot se caracterizan por su excelente flexibilidad, din\u00e1mica y velocidad. LinMot ofrece dos series de productos.\" \/>\n<meta name=\"robots\" content=\"index, follow, max-snippet:-1, max-image-preview:large, max-video-preview:-1\" \/>\n<link rel=\"canonical\" href=\"https:\/\/linmot.com\/es\/productos\/motores-rotolineales\/\" \/>\n<meta property=\"og:locale\" content=\"es_ES\" \/>\n<meta property=\"og:type\" content=\"article\" \/>\n<meta property=\"og:title\" content=\"Motores rotolineales: movimientos lineales y rotativos combinados\" \/>\n<meta property=\"og:description\" content=\"Los motores de polipastos rotativos LinMot se caracterizan por su excelente flexibilidad, din\u00e1mica y velocidad. LinMot ofrece dos series de productos.\" \/>\n<meta property=\"og:url\" content=\"https:\/\/linmot.com\/es\/productos\/motores-rotolineales\/\" \/>\n<meta property=\"og:site_name\" content=\"LinMot &amp; MagSpring - Espa\u00f1ol\" \/>\n<meta property=\"article:modified_time\" content=\"2024-04-22T14:52:57+00:00\" \/>\n<meta property=\"og:image\" content=\"https:\/\/linmot.com\/de\/wp-content\/uploads\/sites\/2\/2017\/10\/Hub-Dreh-Motoren-mit-Hohlwelle.jpg\" \/>\n<meta name=\"twitter:card\" content=\"summary_large_image\" \/>\n<meta name=\"twitter:title\" content=\"Motores rotolineales: movimientos lineales y rotativos combinados\" \/>\n<meta name=\"twitter:description\" content=\"Los motores de polipastos rotativos LinMot se caracterizan por su excelente flexibilidad, din\u00e1mica y velocidad. LinMot ofrece dos series de productos.\" \/>\n<meta name=\"twitter:label1\" content=\"Tiempo de lectura\" \/>\n\t<meta name=\"twitter:data1\" content=\"2 minutos\" \/>\n<script type=\"application\/ld+json\" class=\"yoast-schema-graph\">{\"@context\":\"https:\\\/\\\/schema.org\",\"@graph\":[{\"@type\":\"WebPage\",\"@id\":\"https:\\\/\\\/linmot.com\\\/es\\\/productos\\\/motores-rotolineales\\\/\",\"url\":\"https:\\\/\\\/linmot.com\\\/es\\\/productos\\\/motores-rotolineales\\\/\",\"name\":\"Motores rotolineales: movimientos lineales y rotativos combinados\",\"isPartOf\":{\"@id\":\"https:\\\/\\\/linmot.com\\\/es\\\/#website\"},\"primaryImageOfPage\":{\"@id\":\"https:\\\/\\\/linmot.com\\\/es\\\/productos\\\/motores-rotolineales\\\/#primaryimage\"},\"image\":{\"@id\":\"https:\\\/\\\/linmot.com\\\/es\\\/productos\\\/motores-rotolineales\\\/#primaryimage\"},\"thumbnailUrl\":\"https:\\\/\\\/linmot.com\\\/de\\\/wp-content\\\/uploads\\\/sites\\\/2\\\/2017\\\/10\\\/Hub-Dreh-Motoren-mit-Hohlwelle.jpg\",\"datePublished\":\"2021-06-11T12:59:55+00:00\",\"dateModified\":\"2024-04-22T14:52:57+00:00\",\"description\":\"Los motores de polipastos rotativos LinMot se caracterizan por su excelente flexibilidad, din\u00e1mica y velocidad. LinMot ofrece dos series de productos.\",\"breadcrumb\":{\"@id\":\"https:\\\/\\\/linmot.com\\\/es\\\/productos\\\/motores-rotolineales\\\/#breadcrumb\"},\"inLanguage\":\"es\",\"potentialAction\":[{\"@type\":\"ReadAction\",\"target\":[\"https:\\\/\\\/linmot.com\\\/es\\\/productos\\\/motores-rotolineales\\\/\"]}]},{\"@type\":\"ImageObject\",\"inLanguage\":\"es\",\"@id\":\"https:\\\/\\\/linmot.com\\\/es\\\/productos\\\/motores-rotolineales\\\/#primaryimage\",\"url\":\"https:\\\/\\\/linmot.com\\\/de\\\/wp-content\\\/uploads\\\/sites\\\/2\\\/2017\\\/10\\\/Hub-Dreh-Motoren-mit-Hohlwelle.jpg\",\"contentUrl\":\"https:\\\/\\\/linmot.com\\\/de\\\/wp-content\\\/uploads\\\/sites\\\/2\\\/2017\\\/10\\\/Hub-Dreh-Motoren-mit-Hohlwelle.jpg\"},{\"@type\":\"BreadcrumbList\",\"@id\":\"https:\\\/\\\/linmot.com\\\/es\\\/productos\\\/motores-rotolineales\\\/#breadcrumb\",\"itemListElement\":[{\"@type\":\"ListItem\",\"position\":1,\"name\":\"Home\",\"item\":\"https:\\\/\\\/linmot.com\\\/es\\\/\"},{\"@type\":\"ListItem\",\"position\":2,\"name\":\"Productos\",\"item\":\"https:\\\/\\\/linmot.com\\\/es\\\/productos\\\/\"},{\"@type\":\"ListItem\",\"position\":3,\"name\":\"Motores rotolineales\"}]},{\"@type\":\"WebSite\",\"@id\":\"https:\\\/\\\/linmot.com\\\/es\\\/#website\",\"url\":\"https:\\\/\\\/linmot.com\\\/es\\\/\",\"name\":\"LinMot &amp; MagSpring - Espa\u00f1ol\",\"description\":\"Motores lineales y sistemas de motores lineales de alta calidad\",\"publisher\":{\"@id\":\"https:\\\/\\\/linmot.com\\\/es\\\/#organization\"},\"potentialAction\":[{\"@type\":\"SearchAction\",\"target\":{\"@type\":\"EntryPoint\",\"urlTemplate\":\"https:\\\/\\\/linmot.com\\\/es\\\/?s={search_term_string}\"},\"query-input\":{\"@type\":\"PropertyValueSpecification\",\"valueRequired\":true,\"valueName\":\"search_term_string\"}}],\"inLanguage\":\"es\"},{\"@type\":\"Organization\",\"@id\":\"https:\\\/\\\/linmot.com\\\/es\\\/#organization\",\"name\":\"NTI AG - LinMot & MagSpring\",\"url\":\"https:\\\/\\\/linmot.com\\\/es\\\/\",\"logo\":{\"@type\":\"ImageObject\",\"inLanguage\":\"es\",\"@id\":\"https:\\\/\\\/linmot.com\\\/es\\\/#\\\/schema\\\/logo\\\/image\\\/\",\"url\":\"https:\\\/\\\/linmot.com\\\/es\\\/wp-content\\\/uploads\\\/sites\\\/5\\\/2022\\\/05\\\/linmot-social-share-logo.jpg\",\"contentUrl\":\"https:\\\/\\\/linmot.com\\\/es\\\/wp-content\\\/uploads\\\/sites\\\/5\\\/2022\\\/05\\\/linmot-social-share-logo.jpg\",\"width\":800,\"height\":500,\"caption\":\"NTI AG - LinMot & MagSpring\"},\"image\":{\"@id\":\"https:\\\/\\\/linmot.com\\\/es\\\/#\\\/schema\\\/logo\\\/image\\\/\"},\"sameAs\":[\"https:\\\/\\\/www.linkedin.com\\\/company\\\/nti-ag-linmot-magspring\",\"https:\\\/\\\/www.youtube.com\\\/user\\\/LinMotEurope\"]}]}<\/script>\n<!-- \/ Yoast SEO Premium plugin. -->","yoast_head_json":{"title":"Motores rotolineales: movimientos lineales y rotativos combinados","description":"Los motores de polipastos rotativos LinMot se caracterizan por su excelente flexibilidad, din\u00e1mica y velocidad. LinMot ofrece dos series de productos.","robots":{"index":"index","follow":"follow","max-snippet":"max-snippet:-1","max-image-preview":"max-image-preview:large","max-video-preview":"max-video-preview:-1"},"canonical":"https:\/\/linmot.com\/es\/productos\/motores-rotolineales\/","og_locale":"es_ES","og_type":"article","og_title":"Motores rotolineales: movimientos lineales y rotativos combinados","og_description":"Los motores de polipastos rotativos LinMot se caracterizan por su excelente flexibilidad, din\u00e1mica y velocidad. LinMot ofrece dos series de productos.","og_url":"https:\/\/linmot.com\/es\/productos\/motores-rotolineales\/","og_site_name":"LinMot &amp; MagSpring - Espa\u00f1ol","article_modified_time":"2024-04-22T14:52:57+00:00","og_image":[{"url":"https:\/\/linmot.com\/de\/wp-content\/uploads\/sites\/2\/2017\/10\/Hub-Dreh-Motoren-mit-Hohlwelle.jpg","type":"","width":"","height":""}],"twitter_card":"summary_large_image","twitter_title":"Motores rotolineales: movimientos lineales y rotativos combinados","twitter_description":"Los motores de polipastos rotativos LinMot se caracterizan por su excelente flexibilidad, din\u00e1mica y velocidad. LinMot ofrece dos series de productos.","twitter_misc":{"Tiempo de lectura":"2 minutos"},"schema":{"@context":"https:\/\/schema.org","@graph":[{"@type":"WebPage","@id":"https:\/\/linmot.com\/es\/productos\/motores-rotolineales\/","url":"https:\/\/linmot.com\/es\/productos\/motores-rotolineales\/","name":"Motores rotolineales: movimientos lineales y rotativos combinados","isPartOf":{"@id":"https:\/\/linmot.com\/es\/#website"},"primaryImageOfPage":{"@id":"https:\/\/linmot.com\/es\/productos\/motores-rotolineales\/#primaryimage"},"image":{"@id":"https:\/\/linmot.com\/es\/productos\/motores-rotolineales\/#primaryimage"},"thumbnailUrl":"https:\/\/linmot.com\/de\/wp-content\/uploads\/sites\/2\/2017\/10\/Hub-Dreh-Motoren-mit-Hohlwelle.jpg","datePublished":"2021-06-11T12:59:55+00:00","dateModified":"2024-04-22T14:52:57+00:00","description":"Los motores de polipastos rotativos LinMot se caracterizan por su excelente flexibilidad, din\u00e1mica y velocidad. LinMot ofrece dos series de productos.","breadcrumb":{"@id":"https:\/\/linmot.com\/es\/productos\/motores-rotolineales\/#breadcrumb"},"inLanguage":"es","potentialAction":[{"@type":"ReadAction","target":["https:\/\/linmot.com\/es\/productos\/motores-rotolineales\/"]}]},{"@type":"ImageObject","inLanguage":"es","@id":"https:\/\/linmot.com\/es\/productos\/motores-rotolineales\/#primaryimage","url":"https:\/\/linmot.com\/de\/wp-content\/uploads\/sites\/2\/2017\/10\/Hub-Dreh-Motoren-mit-Hohlwelle.jpg","contentUrl":"https:\/\/linmot.com\/de\/wp-content\/uploads\/sites\/2\/2017\/10\/Hub-Dreh-Motoren-mit-Hohlwelle.jpg"},{"@type":"BreadcrumbList","@id":"https:\/\/linmot.com\/es\/productos\/motores-rotolineales\/#breadcrumb","itemListElement":[{"@type":"ListItem","position":1,"name":"Home","item":"https:\/\/linmot.com\/es\/"},{"@type":"ListItem","position":2,"name":"Productos","item":"https:\/\/linmot.com\/es\/productos\/"},{"@type":"ListItem","position":3,"name":"Motores rotolineales"}]},{"@type":"WebSite","@id":"https:\/\/linmot.com\/es\/#website","url":"https:\/\/linmot.com\/es\/","name":"LinMot &amp; MagSpring - Espa\u00f1ol","description":"Motores lineales y sistemas de motores lineales de alta calidad","publisher":{"@id":"https:\/\/linmot.com\/es\/#organization"},"potentialAction":[{"@type":"SearchAction","target":{"@type":"EntryPoint","urlTemplate":"https:\/\/linmot.com\/es\/?s={search_term_string}"},"query-input":{"@type":"PropertyValueSpecification","valueRequired":true,"valueName":"search_term_string"}}],"inLanguage":"es"},{"@type":"Organization","@id":"https:\/\/linmot.com\/es\/#organization","name":"NTI AG - LinMot & MagSpring","url":"https:\/\/linmot.com\/es\/","logo":{"@type":"ImageObject","inLanguage":"es","@id":"https:\/\/linmot.com\/es\/#\/schema\/logo\/image\/","url":"https:\/\/linmot.com\/es\/wp-content\/uploads\/sites\/5\/2022\/05\/linmot-social-share-logo.jpg","contentUrl":"https:\/\/linmot.com\/es\/wp-content\/uploads\/sites\/5\/2022\/05\/linmot-social-share-logo.jpg","width":800,"height":500,"caption":"NTI AG - LinMot & MagSpring"},"image":{"@id":"https:\/\/linmot.com\/es\/#\/schema\/logo\/image\/"},"sameAs":["https:\/\/www.linkedin.com\/company\/nti-ag-linmot-magspring","https:\/\/www.youtube.com\/user\/LinMotEurope"]}]}},"_links":{"self":[{"href":"https:\/\/linmot.com\/es\/wp-json\/wp\/v2\/pages\/1721","targetHints":{"allow":["GET"]}}],"collection":[{"href":"https:\/\/linmot.com\/es\/wp-json\/wp\/v2\/pages"}],"about":[{"href":"https:\/\/linmot.com\/es\/wp-json\/wp\/v2\/types\/page"}],"author":[{"embeddable":true,"href":"https:\/\/linmot.com\/es\/wp-json\/wp\/v2\/users\/9"}],"replies":[{"embeddable":true,"href":"https:\/\/linmot.com\/es\/wp-json\/wp\/v2\/comments?post=1721"}],"version-history":[{"count":19,"href":"https:\/\/linmot.com\/es\/wp-json\/wp\/v2\/pages\/1721\/revisions"}],"predecessor-version":[{"id":3369,"href":"https:\/\/linmot.com\/es\/wp-json\/wp\/v2\/pages\/1721\/revisions\/3369"}],"up":[{"embeddable":true,"href":"https:\/\/linmot.com\/es\/wp-json\/wp\/v2\/pages\/1210"}],"wp:attachment":[{"href":"https:\/\/linmot.com\/es\/wp-json\/wp\/v2\/media?parent=1721"}],"curies":[{"name":"wp","href":"https:\/\/api.w.org\/{rel}","templated":true}]}}