{"id":1719,"date":"2021-06-11T12:59:53","date_gmt":"2021-06-11T12:59:53","guid":{"rendered":"https:\/\/linmot.com\/es\/?page_id=1719"},"modified":"2025-11-24T12:00:55","modified_gmt":"2025-11-24T11:00:55","slug":"los-productos-de-linmot-y-magspring","status":"publish","type":"page","link":"https:\/\/linmot.com\/es\/los-productos-de-linmot-y-magspring\/","title":{"rendered":"Los productos de LinMot y MagSpring"},"content":{"rendered":"<p><strong>En esta p\u00e1gina presentamos los productos de LinMot y MagSpring . La gama de productos consta de motores lineales, motores ATEX e INOX, motores lineales con accionamiento integrado, motores de carrera rotativa, servoaccionamientos, gu\u00edas y m\u00f3dulos lineales, MagSpring y diversos accesorios.<\/strong><\/p>\n<p>En las siguientes p\u00e1ginas encontrar\u00e1 v\u00eddeos, descripciones e informes de aplicaci\u00f3n de todos los productos. Estaremos encantados de asesorarle para encontrar la mejor soluci\u00f3n posible para sus necesidades. En la p\u00e1gina de contacto encontrar\u00e1 su persona de contacto local.<\/p>\n<p>\u00bfYa es cliente de LinMot o sabe exactamente qu\u00e9 producto es el adecuado para usted<br \/>\nEntonces eche un vistazo a nuestro <a href=\"https:\/\/shop.linmot.com\/?configNo=2\">cat\u00e1logo electr\u00f3nico<\/a>. Aqu\u00ed encontrar\u00e1 las hojas de datos, las instrucciones de instalaci\u00f3n y los archivos CAD de los productos.<\/p>\n<div class=\"row\">\n<div class=\"col-md-4\">\n<h4>Motores lineales<\/h4>\n<img loading=\"lazy\" decoding=\"async\" class=\"alignnone size-full wp-image-1744\" src=\"https:\/\/linmot.com\/wp-content\/uploads\/2025\/01\/linearmotoren-product-overview.jpg\" alt=\"Motores lineales\" width=\"300\" height=\"199\" \/>\n<p><a class=\"button\" href=\"https:\/\/linmot.com\/es\/productos\/motores-lineales\/\" rel=\"noopener\">Al producto<\/a><\/p>\n<p align=\"justify\">Los motores LinMot son accionamientos directos electromagn\u00e9ticos en forma de tubo. El movimiento lineal se genera de forma puramente el\u00e9ctrica y sin desgaste, sin la interposici\u00f3n de engranajes mec\u00e1nicos, husillos o correas.<\/p>\n<\/div>\n<div class=\"col-md-4\">\n<h4>Gu\u00edas lineales y m\u00f3dulos<\/h4>\n<img loading=\"lazy\" decoding=\"async\" class=\"alignnone wp-image-1742 size-full\" src=\"https:\/\/linmot.com\/wp-content\/uploads\/2025\/01\/dm01-product-overview.jpg\" alt=\"\" width=\"300\" height=\"199\" \/>\n<p><a class=\"button\" href=\"https:\/\/linmot.com\/es\/productos\/guias-lineales-modulo-lineal\/\" rel=\"noopener\">Al producto<\/a><\/p>\n<p align=\"justify\">Las gu\u00edas lineales LinMot son unidades de gu\u00eda compactas para motores lineales. Las gu\u00edas sirven para soportar la carga, para absorber las fuerzas externas, los momentos de torsi\u00f3n y de flexi\u00f3n y, al mismo tiempo, como dispositivo antirrotaci\u00f3n.<\/p>\n<\/div>\n<div class=\"col-md-4\">\n<h4>Motores rotolineales<\/h4>\n<img loading=\"lazy\" decoding=\"async\" class=\"alignnone size-full wp-image-1740\" src=\"https:\/\/linmot.com\/wp-content\/uploads\/2025\/01\/hubdreh-product-overview.jpg\" alt=\"Motores rotolineales\" width=\"300\" height=\"199\" \/>\n<p><a class=\"button\" href=\"https:\/\/linmot.com\/es\/productos\/motores-rotolineales\/\" rel=\"noopener\">Al producto<\/a><\/p>\n<p align=\"justify\">Los motores rotolineales de LinMot se caracterizan por su excelente flexibilidad, din\u00e1mica y velocidad. Pueden utilizarse para realizar movimientos lineales y rotativos.<\/p>\n<\/div>\n<\/div>\n<div class=\"row\">\n<div class=\"col-md-4\">\n<h4>Robots y sistemas planos<\/h4>\n<img loading=\"lazy\" decoding=\"async\" class=\"aligncenter wp-image-5581 size-full\" src=\"https:\/\/linmot.com\/de\/wp-content\/uploads\/sites\/2\/2025\/02\/flat-robots-und-systeme-produkteuebersicht.png\" alt=\"\" width=\"300\" height=\"199\" \/>\n<p><a class=\"button\" href=\"\/es\/productos\/robots-y-sistemas-planos\/\" target=\"_same\" rel=\"noopener\">Al producto<\/a><\/p>\n<p align=\"justify\">Los robots y sistemas planos LinMot ofrecen soluciones innovadoras y f\u00e1cilmente configurables de p\u00f3rtico, semip\u00f3rtico y pick-and-place. Con los sistemas multieje listos para usar, incluso los requisitos complejos espec\u00edficos de la industria se pueden realizar de forma r\u00e1pida y precisa.<\/p>\n<\/div>\n<div class=\"col-md-4\">\n<h4>Pinzas el\u00e9ctricas<\/h4>\n<img loading=\"lazy\" decoding=\"async\" class=\"aligncenter size-full wp-image-5751\" src=\"https:\/\/linmot.com\/de\/wp-content\/uploads\/sites\/2\/2025\/04\/electric-gripper-linmot-product-overview.jpg\" alt=\"\" width=\"300\" height=\"200\" \/>\n<p><a class=\"button\" href=\"\/es\/productos\/pinzas-pinzas-rotativas\/\" target=\"_same\" rel=\"noopener\">Al producto<\/a><\/p>\n<p align=\"justify\">Las pinzas LinMot son soluciones muy din\u00e1micas para tareas exigentes de recogida y colocaci\u00f3n, montaje y atornillado. Ofrecen tiempos de cierre y apertura r\u00e1pidos, posicionamiento preciso de los dedos y control exacto de la fuerza.<\/p>\n<\/div>\n<div class=\"col-md-4\">\n<h4>LinMot Pilot<\/h4>\n<img loading=\"lazy\" decoding=\"async\" class=\"alignnone size-full wp-image-1746\" src=\"https:\/\/linmot.com\/de\/wp-content\/uploads\/sites\/2\/2025\/11\/linmot-pilot-produkteuebersicht.jpg\" alt=\"\" width=\"300\" height=\"199\" \/>\n<p><a class=\"button\" href=\"\/es\/productos\/linmot-pilot-menos-programacion-mas-movimiento\/\" rel=\"noopener\">Al producto<\/a><\/p>\n<p align=\"justify\">LinMot Pilot es un control intuitivo y sin c\u00f3digo para sistemas LinMot multieje que no requiere conocimientos de PLC ni de programaci\u00f3n.<\/p>\n<\/div>\n<\/div>\n<div class=\"row\">\n<div class=\"col-md-4\">\n<h4>Servo Drives<\/h4>\n<img loading=\"lazy\" decoding=\"async\" class=\"alignnone size-full wp-image-1746\" src=\"https:\/\/linmot.com\/wp-content\/uploads\/2025\/01\/servo-drives-product-overview.jpg\" alt=\"\" width=\"300\" height=\"199\" \/>\n<p><a class=\"button\" href=\"https:\/\/linmot.com\/es\/productos\/servo-drives\/\" rel=\"noopener\">Al producto<\/a><\/p>\n<p align=\"justify\">Los servoaccionamientos LinMot son controladores de posicionamiento compactos con una o m\u00e1s unidades de potencia para controlar los motores y una unidad de control inteligente con control de posici\u00f3n integrado. La unidad de control se encarga de todas las funciones de control y supervisi\u00f3n relacionadas con el accionamiento.<\/p>\n<\/div>\n<div class=\"col-md-4\">\n<h4>MagSpring<\/h4>\n<img loading=\"lazy\" decoding=\"async\" class=\"alignnone size-full wp-image-1745\" src=\"https:\/\/linmot.com\/wp-content\/uploads\/2025\/01\/magspring-product-overview.jpg\" alt=\"\" width=\"300\" height=\"199\" \/>\n<p><a class=\"button\" href=\"https:\/\/linmot.com\/es\/productos\/magspring\/\" rel=\"noopener\">Al producto<\/a><\/p>\n<p align=\"justify\">Los productos MagSpring se describen mejor con el t\u00e9rmino \u00abmuelle magn\u00e9tico\u00bb. Sin embargo, el t\u00e9rmino muelle debe entenderse en el sentido de que los componentes MagSpring generan una fuerza constante en todo el rango de trabajo, mientras que una curva caracter\u00edstica t\u00edpica de un muelle mec\u00e1nico muestra un aumento de fuerza dependiente de la trayectoria.<\/p>\n<\/div>\n<div class=\"col-md-4\">\n<h4>Accesorios<\/h4>\n<img loading=\"lazy\" decoding=\"async\" class=\"alignnone size-full wp-image-1747\" src=\"https:\/\/linmot.com\/de\/wp-content\/uploads\/sites\/2\/2021\/05\/Zubehoer-Produkteuebersicht.jpg\" alt=\"\" width=\"300\" height=\"199\" \/>\n<p><a class=\"button\" href=\"https:\/\/linmot.com\/es\/productos\/accesorios\/\" rel=\"noopener\">Al producto<\/a><\/p>\n<p align=\"justify\">La gama de accesorios de LinMot, adaptada a los motores lineales, permite la realizaci\u00f3n y puesta en marcha r\u00e1pida y sin complicaciones de las m\u00e1s diversas tareas.<\/p>\n<\/div>\n<\/div>\n<hr \/>\n<h3 id=\"epaper\">O explore nuestro cat\u00e1logo de productos actual<\/h3>\n<div style=\"position: relative; padding-bottom: 56.25%; height: 0; overflow: hidden; max-width: 100%;\" data-page-width=\"452\" data-page-height=\"640\">\n<div class=\"brlbs-cmpnt-container brlbs-cmpnt-content-blocker brlbs-cmpnt-with-individual-styles\" data-borlabs-cookie-content-blocker-id=\"yumpu\" data-borlabs-cookie-content=\"PGlmcmFtZSBzdHlsZT0icG9zaXRpb246IGFic29sdXRlOyB0b3A6IDA7IGxlZnQ6IDA7IHdpZHRoOiAxMDAlOyBoZWlnaHQ6IDEwMCU7IiBzcmM9Imh0dHBzOi8vd3d3Lnl1bXB1LmNvbS9lbi9lbWJlZC92aWV3LzNrcHlPMEpyYUV6c0ZoTjYiIGZyYW1lYm9yZGVyPSIwIiBhbGxvd2Z1bGxzY3JlZW49ImFsbG93ZnVsbHNjcmVlbiI+PC9pZnJhbWU+\">\n<div class=\"brlbs-cmpnt-cb-preset-a\">\n<p class=\"brlbs-cmpnt-cb-description\">Est\u00e1s viendo un contenido de marcador de posici\u00f3n de <strong>Yumpu<\/strong>. Para acceder al contenido real, haz clic en el siguiente bot\u00f3n. Ten en cuenta que al hacerlo compartir\u00e1s datos con terceros proveedores.<\/p>\n<div class=\"brlbs-cmpnt-cb-buttons\"> <a class=\"brlbs-cmpnt-cb-btn\" href=\"#\" data-borlabs-cookie-unblock role=\"button\">Desbloquear contenido<\/a> <a class=\"brlbs-cmpnt-cb-btn\" href=\"#\" data-borlabs-cookie-accept-service role=\"button\" style=\"display: inherit\">Aceptar el servicio requerido y desbloquear los contenidos<\/a> <\/div>\n<p> <a class=\"brlbs-cmpnt-cb-provider-toggle\" href=\"#\" data-borlabs-cookie-show-provider-information role=\"button\">M\u00e1s informaci\u00f3n<\/a> <\/div>\n<\/div>\n<\/div>\n<p><a class=\"button\" href=\"https:\/\/linmot.com\/fileadmin\/user_upload\/Downloads\/Brochures\/linmot_produkteuebersicht_en_2024.pdf\" target=\"_blank\" rel=\"noopener\">El cat\u00e1logo actual de productos para descargar en ingl\u00e9s (PDF)<\/a><\/p>\n","protected":false},"excerpt":{"rendered":"<p>En esta p\u00e1gina presentamos los productos de LinMot y MagSpring . La gama de productos consta de motores lineales, motores ATEX e INOX, motores lineales con accionamiento integrado, motores de carrera rotativa, servoaccionamientos, gu\u00edas y m\u00f3dulos lineales, MagSpring y diversos accesorios. En las siguientes p\u00e1ginas encontrar\u00e1 v\u00eddeos, descripciones e informes de aplicaci\u00f3n de todos los [&hellip;]<\/p>\n","protected":false},"author":9,"featured_media":0,"parent":0,"menu_order":53,"comment_status":"closed","ping_status":"closed","template":"","meta":{"_acf_changed":false,"footnotes":""},"class_list":["post-1719","page","type-page","status-publish","hentry"],"acf":[],"yoast_head":"<!-- This site is optimized with the Yoast SEO Premium plugin v20.9 (Yoast SEO v27.4) - https:\/\/yoast.com\/product\/yoast-seo-premium-wordpress\/ -->\n<title>Los productos de LinMot y MagSpring en una visi\u00f3n general<\/title>\n<meta name=\"description\" content=\"En esta p\u00e1gina presentamos los productos de LinMot y MagSpring. Eche un vistazo a la amplia gama de productos de motores lineales.\" \/>\n<meta name=\"robots\" content=\"index, follow, max-snippet:-1, max-image-preview:large, max-video-preview:-1\" \/>\n<link rel=\"canonical\" href=\"https:\/\/linmot.com\/es\/los-productos-de-linmot-y-magspring\/\" \/>\n<meta property=\"og:locale\" content=\"es_ES\" \/>\n<meta property=\"og:type\" content=\"article\" \/>\n<meta property=\"og:title\" content=\"Los productos de LinMot y MagSpring\" \/>\n<meta property=\"og:description\" content=\"En esta p\u00e1gina presentamos los productos de LinMot y MagSpring. Eche un vistazo a la amplia gama de productos de motores lineales.\" \/>\n<meta property=\"og:url\" content=\"https:\/\/linmot.com\/es\/los-productos-de-linmot-y-magspring\/\" \/>\n<meta property=\"og:site_name\" content=\"LinMot &amp; MagSpring - Espa\u00f1ol\" \/>\n<meta property=\"article:modified_time\" content=\"2025-11-24T11:00:55+00:00\" \/>\n<meta property=\"og:image\" content=\"https:\/\/linmot.com\/es\/wp-content\/uploads\/sites\/5\/2021\/06\/drinktec_lett_claim_rgb.jpg\" \/>\n\t<meta property=\"og:image:width\" content=\"591\" \/>\n\t<meta property=\"og:image:height\" content=\"170\" \/>\n\t<meta property=\"og:image:type\" content=\"image\/jpeg\" \/>\n<meta name=\"twitter:card\" content=\"summary_large_image\" \/>\n<meta name=\"twitter:description\" content=\"En esta p\u00e1gina presentamos los productos de LinMot y MagSpring. Eche un vistazo a la amplia gama de productos de motores lineales.\" \/>\n<meta name=\"twitter:label1\" content=\"Tiempo de lectura\" \/>\n\t<meta name=\"twitter:data1\" content=\"5 minutos\" \/>\n<script type=\"application\/ld+json\" class=\"yoast-schema-graph\">{\"@context\":\"https:\\\/\\\/schema.org\",\"@graph\":[{\"@type\":\"WebPage\",\"@id\":\"https:\\\/\\\/linmot.com\\\/es\\\/los-productos-de-linmot-y-magspring\\\/\",\"url\":\"https:\\\/\\\/linmot.com\\\/es\\\/los-productos-de-linmot-y-magspring\\\/\",\"name\":\"Los productos de LinMot y MagSpring en una visi\u00f3n general\",\"isPartOf\":{\"@id\":\"https:\\\/\\\/linmot.com\\\/es\\\/#website\"},\"primaryImageOfPage\":{\"@id\":\"https:\\\/\\\/linmot.com\\\/es\\\/los-productos-de-linmot-y-magspring\\\/#primaryimage\"},\"image\":{\"@id\":\"https:\\\/\\\/linmot.com\\\/es\\\/los-productos-de-linmot-y-magspring\\\/#primaryimage\"},\"thumbnailUrl\":\"https:\\\/\\\/linmot.com\\\/wp-content\\\/uploads\\\/2025\\\/01\\\/linearmotoren-product-overview.jpg\",\"datePublished\":\"2021-06-11T12:59:53+00:00\",\"dateModified\":\"2025-11-24T11:00:55+00:00\",\"description\":\"En esta p\u00e1gina presentamos los productos de LinMot y MagSpring. Eche un vistazo a la amplia gama de productos de motores lineales.\",\"breadcrumb\":{\"@id\":\"https:\\\/\\\/linmot.com\\\/es\\\/los-productos-de-linmot-y-magspring\\\/#breadcrumb\"},\"inLanguage\":\"es\",\"potentialAction\":[{\"@type\":\"ReadAction\",\"target\":[\"https:\\\/\\\/linmot.com\\\/es\\\/los-productos-de-linmot-y-magspring\\\/\"]}]},{\"@type\":\"ImageObject\",\"inLanguage\":\"es\",\"@id\":\"https:\\\/\\\/linmot.com\\\/es\\\/los-productos-de-linmot-y-magspring\\\/#primaryimage\",\"url\":\"https:\\\/\\\/linmot.com\\\/wp-content\\\/uploads\\\/2025\\\/01\\\/linearmotoren-product-overview.jpg\",\"contentUrl\":\"https:\\\/\\\/linmot.com\\\/wp-content\\\/uploads\\\/2025\\\/01\\\/linearmotoren-product-overview.jpg\"},{\"@type\":\"BreadcrumbList\",\"@id\":\"https:\\\/\\\/linmot.com\\\/es\\\/los-productos-de-linmot-y-magspring\\\/#breadcrumb\",\"itemListElement\":[{\"@type\":\"ListItem\",\"position\":1,\"name\":\"Home\",\"item\":\"https:\\\/\\\/linmot.com\\\/es\\\/\"},{\"@type\":\"ListItem\",\"position\":2,\"name\":\"Los productos de LinMot y MagSpring\"}]},{\"@type\":\"WebSite\",\"@id\":\"https:\\\/\\\/linmot.com\\\/es\\\/#website\",\"url\":\"https:\\\/\\\/linmot.com\\\/es\\\/\",\"name\":\"LinMot &amp; MagSpring - Espa\u00f1ol\",\"description\":\"Motores lineales y sistemas de motores lineales de alta calidad\",\"publisher\":{\"@id\":\"https:\\\/\\\/linmot.com\\\/es\\\/#organization\"},\"potentialAction\":[{\"@type\":\"SearchAction\",\"target\":{\"@type\":\"EntryPoint\",\"urlTemplate\":\"https:\\\/\\\/linmot.com\\\/es\\\/?s={search_term_string}\"},\"query-input\":{\"@type\":\"PropertyValueSpecification\",\"valueRequired\":true,\"valueName\":\"search_term_string\"}}],\"inLanguage\":\"es\"},{\"@type\":\"Organization\",\"@id\":\"https:\\\/\\\/linmot.com\\\/es\\\/#organization\",\"name\":\"NTI AG - LinMot & MagSpring\",\"url\":\"https:\\\/\\\/linmot.com\\\/es\\\/\",\"logo\":{\"@type\":\"ImageObject\",\"inLanguage\":\"es\",\"@id\":\"https:\\\/\\\/linmot.com\\\/es\\\/#\\\/schema\\\/logo\\\/image\\\/\",\"url\":\"https:\\\/\\\/linmot.com\\\/es\\\/wp-content\\\/uploads\\\/sites\\\/5\\\/2022\\\/05\\\/linmot-social-share-logo.jpg\",\"contentUrl\":\"https:\\\/\\\/linmot.com\\\/es\\\/wp-content\\\/uploads\\\/sites\\\/5\\\/2022\\\/05\\\/linmot-social-share-logo.jpg\",\"width\":800,\"height\":500,\"caption\":\"NTI AG - LinMot & MagSpring\"},\"image\":{\"@id\":\"https:\\\/\\\/linmot.com\\\/es\\\/#\\\/schema\\\/logo\\\/image\\\/\"},\"sameAs\":[\"https:\\\/\\\/www.linkedin.com\\\/company\\\/nti-ag-linmot-magspring\",\"https:\\\/\\\/www.youtube.com\\\/user\\\/LinMotEurope\"]}]}<\/script>\n<!-- \/ Yoast SEO Premium plugin. -->","yoast_head_json":{"title":"Los productos de LinMot y MagSpring en una visi\u00f3n general","description":"En esta p\u00e1gina presentamos los productos de LinMot y MagSpring. Eche un vistazo a la amplia gama de productos de motores lineales.","robots":{"index":"index","follow":"follow","max-snippet":"max-snippet:-1","max-image-preview":"max-image-preview:large","max-video-preview":"max-video-preview:-1"},"canonical":"https:\/\/linmot.com\/es\/los-productos-de-linmot-y-magspring\/","og_locale":"es_ES","og_type":"article","og_title":"Los productos de LinMot y MagSpring","og_description":"En esta p\u00e1gina presentamos los productos de LinMot y MagSpring. Eche un vistazo a la amplia gama de productos de motores lineales.","og_url":"https:\/\/linmot.com\/es\/los-productos-de-linmot-y-magspring\/","og_site_name":"LinMot &amp; MagSpring - Espa\u00f1ol","article_modified_time":"2025-11-24T11:00:55+00:00","og_image":[{"width":591,"height":170,"url":"https:\/\/linmot.com\/es\/wp-content\/uploads\/sites\/5\/2021\/06\/drinktec_lett_claim_rgb.jpg","type":"image\/jpeg"}],"twitter_card":"summary_large_image","twitter_description":"En esta p\u00e1gina presentamos los productos de LinMot y MagSpring. Eche un vistazo a la amplia gama de productos de motores lineales.","twitter_misc":{"Tiempo de lectura":"5 minutos"},"schema":{"@context":"https:\/\/schema.org","@graph":[{"@type":"WebPage","@id":"https:\/\/linmot.com\/es\/los-productos-de-linmot-y-magspring\/","url":"https:\/\/linmot.com\/es\/los-productos-de-linmot-y-magspring\/","name":"Los productos de LinMot y MagSpring en una visi\u00f3n general","isPartOf":{"@id":"https:\/\/linmot.com\/es\/#website"},"primaryImageOfPage":{"@id":"https:\/\/linmot.com\/es\/los-productos-de-linmot-y-magspring\/#primaryimage"},"image":{"@id":"https:\/\/linmot.com\/es\/los-productos-de-linmot-y-magspring\/#primaryimage"},"thumbnailUrl":"https:\/\/linmot.com\/wp-content\/uploads\/2025\/01\/linearmotoren-product-overview.jpg","datePublished":"2021-06-11T12:59:53+00:00","dateModified":"2025-11-24T11:00:55+00:00","description":"En esta p\u00e1gina presentamos los productos de LinMot y MagSpring. Eche un vistazo a la amplia gama de productos de motores lineales.","breadcrumb":{"@id":"https:\/\/linmot.com\/es\/los-productos-de-linmot-y-magspring\/#breadcrumb"},"inLanguage":"es","potentialAction":[{"@type":"ReadAction","target":["https:\/\/linmot.com\/es\/los-productos-de-linmot-y-magspring\/"]}]},{"@type":"ImageObject","inLanguage":"es","@id":"https:\/\/linmot.com\/es\/los-productos-de-linmot-y-magspring\/#primaryimage","url":"https:\/\/linmot.com\/wp-content\/uploads\/2025\/01\/linearmotoren-product-overview.jpg","contentUrl":"https:\/\/linmot.com\/wp-content\/uploads\/2025\/01\/linearmotoren-product-overview.jpg"},{"@type":"BreadcrumbList","@id":"https:\/\/linmot.com\/es\/los-productos-de-linmot-y-magspring\/#breadcrumb","itemListElement":[{"@type":"ListItem","position":1,"name":"Home","item":"https:\/\/linmot.com\/es\/"},{"@type":"ListItem","position":2,"name":"Los productos de LinMot y MagSpring"}]},{"@type":"WebSite","@id":"https:\/\/linmot.com\/es\/#website","url":"https:\/\/linmot.com\/es\/","name":"LinMot &amp; MagSpring - Espa\u00f1ol","description":"Motores lineales y sistemas de motores lineales de alta calidad","publisher":{"@id":"https:\/\/linmot.com\/es\/#organization"},"potentialAction":[{"@type":"SearchAction","target":{"@type":"EntryPoint","urlTemplate":"https:\/\/linmot.com\/es\/?s={search_term_string}"},"query-input":{"@type":"PropertyValueSpecification","valueRequired":true,"valueName":"search_term_string"}}],"inLanguage":"es"},{"@type":"Organization","@id":"https:\/\/linmot.com\/es\/#organization","name":"NTI AG - LinMot & MagSpring","url":"https:\/\/linmot.com\/es\/","logo":{"@type":"ImageObject","inLanguage":"es","@id":"https:\/\/linmot.com\/es\/#\/schema\/logo\/image\/","url":"https:\/\/linmot.com\/es\/wp-content\/uploads\/sites\/5\/2022\/05\/linmot-social-share-logo.jpg","contentUrl":"https:\/\/linmot.com\/es\/wp-content\/uploads\/sites\/5\/2022\/05\/linmot-social-share-logo.jpg","width":800,"height":500,"caption":"NTI AG - LinMot & MagSpring"},"image":{"@id":"https:\/\/linmot.com\/es\/#\/schema\/logo\/image\/"},"sameAs":["https:\/\/www.linkedin.com\/company\/nti-ag-linmot-magspring","https:\/\/www.youtube.com\/user\/LinMotEurope"]}]}},"_links":{"self":[{"href":"https:\/\/linmot.com\/es\/wp-json\/wp\/v2\/pages\/1719","targetHints":{"allow":["GET"]}}],"collection":[{"href":"https:\/\/linmot.com\/es\/wp-json\/wp\/v2\/pages"}],"about":[{"href":"https:\/\/linmot.com\/es\/wp-json\/wp\/v2\/types\/page"}],"author":[{"embeddable":true,"href":"https:\/\/linmot.com\/es\/wp-json\/wp\/v2\/users\/9"}],"replies":[{"embeddable":true,"href":"https:\/\/linmot.com\/es\/wp-json\/wp\/v2\/comments?post=1719"}],"version-history":[{"count":36,"href":"https:\/\/linmot.com\/es\/wp-json\/wp\/v2\/pages\/1719\/revisions"}],"predecessor-version":[{"id":3998,"href":"https:\/\/linmot.com\/es\/wp-json\/wp\/v2\/pages\/1719\/revisions\/3998"}],"wp:attachment":[{"href":"https:\/\/linmot.com\/es\/wp-json\/wp\/v2\/media?parent=1719"}],"curies":[{"name":"wp","href":"https:\/\/api.w.org\/{rel}","templated":true}]}}