{"id":1684,"date":"2020-12-30T09:17:21","date_gmt":"2020-12-30T09:17:21","guid":{"rendered":"https:\/\/linmot.com\/es\/?page_id=1684"},"modified":"2024-08-28T13:58:54","modified_gmt":"2024-08-28T13:58:54","slug":"modulo-lineal-p04","status":"publish","type":"page","link":"https:\/\/linmot.com\/es\/productos\/guias-lineales-modulo-lineal\/modulo-lineal-p04\/","title":{"rendered":"M\u00f3dulo lineal P04"},"content":{"rendered":"<p><strong>Los motores lineales del tipo P04 tienen todas las ventajas de los motores lineales tubulares y adem\u00e1s ofrecen la ventaja de una gu\u00eda integrada.<\/strong><\/p>\n<hr \/>\n<div class=\"row\">\n<div class=\"col-sm-2\">\n<p><a class=\"button\" href=\"#detalles\">1. detalles<\/a><\/p>\n<\/div>\n<div class=\"col-sm-1\">\n<\/div>\n<div class=\"col-sm-2\">\n<p><a class=\"button\" href=\"#contacto\">2. contacto<\/a><\/p>\n<\/div>\n<\/div>\n<hr \/>\n<h3 id=\"detalles\">1. detalles<\/h3>\n<p align=\"justify\">El actuador P04 puede equiparse con los accesorios mec\u00e1nicos conocidos de la neum\u00e1tica. Esto facilita a\u00fan m\u00e1s la sustituci\u00f3n de la neum\u00e1tica, ya que se pueden realizar todas las opciones de montaje conocidas de la neum\u00e1tica. Con su libre posicionamiento y aceleraciones de hasta 50 m\/s2, los movimientos din\u00e1micos y precisos son la principal disciplina de este tipo de motor. Adem\u00e1s, las cargas transversales son absorbidas por el rodamiento integrado, de modo que aplicaciones sencillas como \u00abPusher\u00bb pueden realizarse sin componentes adicionales.<\/p>\n<div class=\"row\">\n<div class=\"col-md-5\">\n<ul>\n<li>Fuerza m\u00e1xima hasta 572 N<\/li>\n<li>Carrera hasta 150 mm<\/li>\n<li>Varilla endurecida capaz de soportar la carga lateral<\/li>\n<li>Conexi\u00f3n de montaje seg\u00fan el cilindro neum\u00e1tico ISO<\/li>\n<li>Encapsulado del estator (IP65)<\/li>\n<li>Ideal para el uso en condiciones severas<\/li>\n<\/ul>\n<p><a class=\"btn btn-active\" href=\"https:\/\/shop.linmot.com\/E\/linear-modules-&amp;-guides\/linear-modules-p04.htm\" target=\"_blank\" rel=\"noopener noreferrer\">A los detalles en el cat\u00e9logo electr\u00f3nico (ingl\u00e9s)<\/a><\/p>\n<\/div>\n<div class=\"col-md-7\">\n<div class=\"carousel slide\" id=\"84042249141105a4c2fef30686efd4ab\" data-ride=\"carousel\">  <div class=\"carousel-inner\" role=\"listbox\">    <div class=\"item active\">      <img decoding=\"async\" src=\"https:\/\/linmot.com\/es\/wp-content\/uploads\/sites\/5\/2019\/03\/2018-LinMot-P04_motoren_frontpage.jpg\" alt=\"...\">    <\/div>    <div class=\"item\">      <img decoding=\"async\" src=\"https:\/\/linmot.com\/es\/wp-content\/uploads\/sites\/5\/2019\/03\/2018-LinMot-FlanschVorne.jpg\" alt=\"...\">    <\/div>    <div class=\"item\">      <img decoding=\"async\" src=\"https:\/\/linmot.com\/es\/wp-content\/uploads\/sites\/5\/2019\/03\/2018-LinMot-Gabelgelenk.jpg\" alt=\"...\">    <\/div>    <div class=\"item\">      <img decoding=\"async\" src=\"https:\/\/linmot.com\/es\/wp-content\/uploads\/sites\/5\/2019\/03\/2018-LinMot-Schwenkflansch.jpg\" alt=\"...\">    <\/div>    <div class=\"item\">      <img decoding=\"async\" src=\"https:\/\/linmot.com\/es\/wp-content\/uploads\/sites\/5\/2019\/03\/2018-LinMot-P04_motoren_contentpage.jpg\" alt=\"...\">    <\/div>  <\/div><div class=\"navigation\"><a class=\"left carousel-control\" href=\"#84042249141105a4c2fef30686efd4ab\" role=\"button\" data-slide=\"prev\"><\/a><a class=\"right carousel-control\" href=\"#84042249141105a4c2fef30686efd4ab\" role=\"button\" data-slide=\"next\"><\/a><\/div><\/div>\n<\/div>\n<\/div>\n<h3 id=\"contacto\">2. contacto<\/h3>\n<div class=\"row download\">\n<div class=\"col-md-6\">\n<h4 class=\"download-title\">\u00bfTiene alguna pregunta sobre los m\u00f3dulos lineal?<\/h4>\n<p class=\"bodytext\">Estaremos encantados de responder a cualquier pregunta que tenga.<br \/>\nP\u00f3ngase en contacto con nosotros mediante el siguiente formulario o ll\u00e1menos al:<\/p>\n<p class=\"bodytext\">Tel: +34 943 140 139<\/p>\n<\/div>\n<div class=\"col-md-1\">\n<\/div>\n<div class=\"col-md-5\">\n\n<div class=\"wpcf7 no-js\" id=\"wpcf7-f1752-o1\" lang=\"es-ES\" dir=\"ltr\" data-wpcf7-id=\"1752\">\n<div class=\"screen-reader-response\"><p role=\"status\" aria-live=\"polite\" aria-atomic=\"true\"><\/p> <ul><\/ul><\/div>\n<form action=\"\/es\/wp-json\/wp\/v2\/pages\/1684#wpcf7-f1752-o1\" method=\"post\" class=\"wpcf7-form init\" aria-label=\"Formulario de contacto\" novalidate=\"novalidate\" data-status=\"init\">\n<fieldset class=\"hidden-fields-container\"><input type=\"hidden\" name=\"_wpcf7\" value=\"1752\" \/><input type=\"hidden\" name=\"_wpcf7_version\" value=\"6.1.5\" \/><input type=\"hidden\" name=\"_wpcf7_locale\" value=\"es_ES\" \/><input type=\"hidden\" name=\"_wpcf7_unit_tag\" value=\"wpcf7-f1752-o1\" \/><input type=\"hidden\" name=\"_wpcf7_container_post\" value=\"0\" \/><input type=\"hidden\" name=\"_wpcf7_posted_data_hash\" value=\"\" \/><input type=\"hidden\" name=\"_wpcf7_recaptcha_response\" value=\"\" \/>\n<\/fieldset>\n<label> Tu nombre<br>\n    <span class=\"wpcf7-form-control-wrap\" data-name=\"your-name\"><input size=\"40\" maxlength=\"400\" class=\"wpcf7-form-control wpcf7-text wpcf7-validates-as-required\" aria-required=\"true\" aria-invalid=\"false\" value=\"\" type=\"text\" name=\"your-name\" \/><\/span> <\/label><br>\n<br>\n<label> Tu empresa<br>\n    <span class=\"wpcf7-form-control-wrap\" data-name=\"your-company\"><input size=\"40\" maxlength=\"400\" class=\"wpcf7-form-control wpcf7-text wpcf7-validates-as-required\" aria-required=\"true\" aria-invalid=\"false\" value=\"\" type=\"text\" name=\"your-company\" \/><\/span> <\/label><br>\n<br>\n<label> C\u00f3digo postal<br>\n    <span class=\"wpcf7-form-control-wrap\" data-name=\"your-plz\"><input class=\"wpcf7-form-control wpcf7-number wpcf7-validates-as-required wpcf7-validates-as-number\" aria-required=\"true\" aria-invalid=\"false\" value=\"\" type=\"number\" name=\"your-plz\" \/><\/span> <\/label>\n<br>\n<label> Pa\u00eds<br>\n    <span class=\"wpcf7-form-control-wrap\" data-name=\"your-country\"><input size=\"40\" maxlength=\"400\" class=\"wpcf7-form-control wpcf7-text wpcf7-validates-as-required\" aria-required=\"true\" aria-invalid=\"false\" value=\"\" type=\"text\" name=\"your-country\" \/><\/span> <\/label><br>\n<br>\n<label> Tu tel\u00e9fono<br>\n    <span class=\"wpcf7-form-control-wrap\" data-name=\"your-telephone\"><input size=\"40\" maxlength=\"400\" class=\"wpcf7-form-control wpcf7-tel wpcf7-validates-as-required wpcf7-text wpcf7-validates-as-tel\" aria-required=\"true\" aria-invalid=\"false\" value=\"\" type=\"tel\" name=\"your-telephone\" \/><\/span> <\/label><br>\n<br>\n<label> Tu correo electr\u00f3nico<br>\n    <span class=\"wpcf7-form-control-wrap\" data-name=\"your-email\"><input size=\"40\" maxlength=\"400\" class=\"wpcf7-form-control wpcf7-email wpcf7-validates-as-required wpcf7-text wpcf7-validates-as-email\" aria-required=\"true\" aria-invalid=\"false\" value=\"\" type=\"email\" name=\"your-email\" \/><\/span> <\/label><br>\n<br>\n<label> Asunto<br>\n    <span class=\"wpcf7-form-control-wrap\" data-name=\"your-subject\"><input size=\"40\" maxlength=\"400\" class=\"wpcf7-form-control wpcf7-text wpcf7-validates-as-required\" aria-required=\"true\" aria-invalid=\"false\" value=\"\" type=\"text\" name=\"your-subject\" \/><\/span> <\/label><br>\n<br>\n<label> Tu mensaje (opcional)<br>\n    <span class=\"wpcf7-form-control-wrap\" data-name=\"your-message\"><textarea cols=\"40\" rows=\"10\" maxlength=\"2000\" class=\"wpcf7-form-control wpcf7-textarea\" aria-invalid=\"false\" name=\"your-message\"><\/textarea><\/span> <\/label><br>\n<br>\n<input class=\"wpcf7-form-control wpcf7-submit has-spinner\" type=\"submit\" value=\"Enviar\" \/><div class=\"wpcf7-response-output\" aria-hidden=\"true\"><\/div>\n<\/form>\n<\/div>\n\n<\/div>\n<\/div>\n","protected":false},"excerpt":{"rendered":"<p>Los motores lineales del tipo P04 tienen todas las ventajas de los motores lineales tubulares y adem\u00e1s ofrecen la ventaja de una gu\u00eda integrada. 1. detalles El actuador P04 puede equiparse con los accesorios mec\u00e1nicos conocidos de la neum\u00e1tica. Esto facilita a\u00fan m\u00e1s la sustituci\u00f3n de la neum\u00e1tica, ya que se pueden realizar todas las [&hellip;]<\/p>\n","protected":false},"author":1,"featured_media":0,"parent":44,"menu_order":133,"comment_status":"closed","ping_status":"closed","template":"","meta":{"_acf_changed":false,"footnotes":""},"class_list":["post-1684","page","type-page","status-publish","hentry"],"acf":[],"yoast_head":"<!-- This site is optimized with the Yoast SEO Premium plugin v20.9 (Yoast SEO v27.2) - https:\/\/yoast.com\/product\/yoast-seo-premium-wordpress\/ -->\n<title>M\u00f3dulos lineales P04 - Compatible con accesorios neum\u00e1ticos<\/title>\n<meta name=\"description\" content=\"Los m\u00f3dulos P04 est\u00e1n construidos para sustituir f\u00e1cilmente a los cilindros neum\u00e1ticos. Son mec\u00e1nicamente compatibles con los accesorios conocidos de la neum\u00e1tica.\" \/>\n<meta name=\"robots\" content=\"index, follow, max-snippet:-1, max-image-preview:large, max-video-preview:-1\" \/>\n<link rel=\"canonical\" href=\"https:\/\/linmot.com\/es\/productos\/guias-lineales-modulo-lineal\/modulo-lineal-p04\/\" \/>\n<meta property=\"og:locale\" content=\"es_ES\" \/>\n<meta property=\"og:type\" content=\"article\" \/>\n<meta property=\"og:title\" content=\"M\u00f3dulos lineales P04 - Compatible con accesorios neum\u00e1ticos\" \/>\n<meta property=\"og:description\" content=\"Los m\u00f3dulos P04 est\u00e1n construidos para sustituir f\u00e1cilmente a los cilindros neum\u00e1ticos. Son mec\u00e1nicamente compatibles con los accesorios conocidos de la neum\u00e1tica.\" \/>\n<meta property=\"og:url\" content=\"https:\/\/linmot.com\/es\/productos\/guias-lineales-modulo-lineal\/modulo-lineal-p04\/\" \/>\n<meta property=\"og:site_name\" content=\"LinMot &amp; MagSpring - Espa\u00f1ol\" \/>\n<meta property=\"article:modified_time\" content=\"2024-08-28T13:58:54+00:00\" \/>\n<meta property=\"og:image\" content=\"https:\/\/linmot.com\/es\/wp-content\/uploads\/sites\/5\/2017\/10\/2018-LinMot-P04_motoren_frontpage.jpg\" \/>\n\t<meta property=\"og:image:width\" content=\"612\" \/>\n\t<meta property=\"og:image:height\" content=\"190\" \/>\n\t<meta property=\"og:image:type\" content=\"image\/jpeg\" \/>\n<meta name=\"twitter:card\" content=\"summary_large_image\" \/>\n<meta name=\"twitter:title\" content=\"M\u00f3dulos lineales P04 - Compatible con accesorios neum\u00e1ticos\" \/>\n<meta name=\"twitter:description\" content=\"Los m\u00f3dulos P04 est\u00e1n construidos para sustituir f\u00e1cilmente a los cilindros neum\u00e1ticos. Son mec\u00e1nicamente compatibles con los accesorios conocidos de la neum\u00e1tica.\" \/>\n<meta name=\"twitter:label1\" content=\"Tiempo de lectura\" \/>\n\t<meta name=\"twitter:data1\" content=\"2 minutos\" \/>\n<script type=\"application\/ld+json\" class=\"yoast-schema-graph\">{\"@context\":\"https:\/\/schema.org\",\"@graph\":[{\"@type\":\"WebPage\",\"@id\":\"https:\/\/linmot.com\/es\/productos\/guias-lineales-modulo-lineal\/modulo-lineal-p04\/\",\"url\":\"https:\/\/linmot.com\/es\/productos\/guias-lineales-modulo-lineal\/modulo-lineal-p04\/\",\"name\":\"M\u00f3dulos lineales P04 - Compatible con accesorios neum\u00e1ticos\",\"isPartOf\":{\"@id\":\"https:\/\/linmot.com\/es\/#website\"},\"datePublished\":\"2020-12-30T09:17:21+00:00\",\"dateModified\":\"2024-08-28T13:58:54+00:00\",\"description\":\"Los m\u00f3dulos P04 est\u00e1n construidos para sustituir f\u00e1cilmente a los cilindros neum\u00e1ticos. Son mec\u00e1nicamente compatibles con los accesorios conocidos de la neum\u00e1tica.\",\"breadcrumb\":{\"@id\":\"https:\/\/linmot.com\/es\/productos\/guias-lineales-modulo-lineal\/modulo-lineal-p04\/#breadcrumb\"},\"inLanguage\":\"es\",\"potentialAction\":[{\"@type\":\"ReadAction\",\"target\":[\"https:\/\/linmot.com\/es\/productos\/guias-lineales-modulo-lineal\/modulo-lineal-p04\/\"]}]},{\"@type\":\"BreadcrumbList\",\"@id\":\"https:\/\/linmot.com\/es\/productos\/guias-lineales-modulo-lineal\/modulo-lineal-p04\/#breadcrumb\",\"itemListElement\":[{\"@type\":\"ListItem\",\"position\":1,\"name\":\"Home\",\"item\":\"https:\/\/linmot.com\/es\/\"},{\"@type\":\"ListItem\",\"position\":2,\"name\":\"Productos\",\"item\":\"https:\/\/linmot.com\/es\/productos\/\"},{\"@type\":\"ListItem\",\"position\":3,\"name\":\"Gu\u00edas lineales \/ M\u00f3dulo lineal\",\"item\":\"https:\/\/linmot.com\/es\/productos\/guias-lineales-modulo-lineal\/\"},{\"@type\":\"ListItem\",\"position\":4,\"name\":\"M\u00f3dulo lineal P04\"}]},{\"@type\":\"WebSite\",\"@id\":\"https:\/\/linmot.com\/es\/#website\",\"url\":\"https:\/\/linmot.com\/es\/\",\"name\":\"LinMot &amp; MagSpring - Espa\u00f1ol\",\"description\":\"Motores lineales y sistemas de motores lineales de alta calidad\",\"publisher\":{\"@id\":\"https:\/\/linmot.com\/es\/#organization\"},\"potentialAction\":[{\"@type\":\"SearchAction\",\"target\":{\"@type\":\"EntryPoint\",\"urlTemplate\":\"https:\/\/linmot.com\/es\/?s={search_term_string}\"},\"query-input\":{\"@type\":\"PropertyValueSpecification\",\"valueRequired\":true,\"valueName\":\"search_term_string\"}}],\"inLanguage\":\"es\"},{\"@type\":\"Organization\",\"@id\":\"https:\/\/linmot.com\/es\/#organization\",\"name\":\"NTI AG - LinMot & MagSpring\",\"url\":\"https:\/\/linmot.com\/es\/\",\"logo\":{\"@type\":\"ImageObject\",\"inLanguage\":\"es\",\"@id\":\"https:\/\/linmot.com\/es\/#\/schema\/logo\/image\/\",\"url\":\"https:\/\/linmot.com\/es\/wp-content\/uploads\/sites\/5\/2022\/05\/linmot-social-share-logo.jpg\",\"contentUrl\":\"https:\/\/linmot.com\/es\/wp-content\/uploads\/sites\/5\/2022\/05\/linmot-social-share-logo.jpg\",\"width\":800,\"height\":500,\"caption\":\"NTI AG - LinMot & MagSpring\"},\"image\":{\"@id\":\"https:\/\/linmot.com\/es\/#\/schema\/logo\/image\/\"},\"sameAs\":[\"https:\/\/www.linkedin.com\/company\/nti-ag-linmot-magspring\",\"https:\/\/www.youtube.com\/user\/LinMotEurope\"]}]}<\/script>\n<!-- \/ Yoast SEO Premium plugin. -->","yoast_head_json":{"title":"M\u00f3dulos lineales P04 - Compatible con accesorios neum\u00e1ticos","description":"Los m\u00f3dulos P04 est\u00e1n construidos para sustituir f\u00e1cilmente a los cilindros neum\u00e1ticos. Son mec\u00e1nicamente compatibles con los accesorios conocidos de la neum\u00e1tica.","robots":{"index":"index","follow":"follow","max-snippet":"max-snippet:-1","max-image-preview":"max-image-preview:large","max-video-preview":"max-video-preview:-1"},"canonical":"https:\/\/linmot.com\/es\/productos\/guias-lineales-modulo-lineal\/modulo-lineal-p04\/","og_locale":"es_ES","og_type":"article","og_title":"M\u00f3dulos lineales P04 - Compatible con accesorios neum\u00e1ticos","og_description":"Los m\u00f3dulos P04 est\u00e1n construidos para sustituir f\u00e1cilmente a los cilindros neum\u00e1ticos. Son mec\u00e1nicamente compatibles con los accesorios conocidos de la neum\u00e1tica.","og_url":"https:\/\/linmot.com\/es\/productos\/guias-lineales-modulo-lineal\/modulo-lineal-p04\/","og_site_name":"LinMot &amp; MagSpring - Espa\u00f1ol","article_modified_time":"2024-08-28T13:58:54+00:00","og_image":[{"width":612,"height":190,"url":"https:\/\/linmot.com\/es\/wp-content\/uploads\/sites\/5\/2017\/10\/2018-LinMot-P04_motoren_frontpage.jpg","type":"image\/jpeg"}],"twitter_card":"summary_large_image","twitter_title":"M\u00f3dulos lineales P04 - Compatible con accesorios neum\u00e1ticos","twitter_description":"Los m\u00f3dulos P04 est\u00e1n construidos para sustituir f\u00e1cilmente a los cilindros neum\u00e1ticos. Son mec\u00e1nicamente compatibles con los accesorios conocidos de la neum\u00e1tica.","twitter_misc":{"Tiempo de lectura":"2 minutos"},"schema":{"@context":"https:\/\/schema.org","@graph":[{"@type":"WebPage","@id":"https:\/\/linmot.com\/es\/productos\/guias-lineales-modulo-lineal\/modulo-lineal-p04\/","url":"https:\/\/linmot.com\/es\/productos\/guias-lineales-modulo-lineal\/modulo-lineal-p04\/","name":"M\u00f3dulos lineales P04 - Compatible con accesorios neum\u00e1ticos","isPartOf":{"@id":"https:\/\/linmot.com\/es\/#website"},"datePublished":"2020-12-30T09:17:21+00:00","dateModified":"2024-08-28T13:58:54+00:00","description":"Los m\u00f3dulos P04 est\u00e1n construidos para sustituir f\u00e1cilmente a los cilindros neum\u00e1ticos. Son mec\u00e1nicamente compatibles con los accesorios conocidos de la neum\u00e1tica.","breadcrumb":{"@id":"https:\/\/linmot.com\/es\/productos\/guias-lineales-modulo-lineal\/modulo-lineal-p04\/#breadcrumb"},"inLanguage":"es","potentialAction":[{"@type":"ReadAction","target":["https:\/\/linmot.com\/es\/productos\/guias-lineales-modulo-lineal\/modulo-lineal-p04\/"]}]},{"@type":"BreadcrumbList","@id":"https:\/\/linmot.com\/es\/productos\/guias-lineales-modulo-lineal\/modulo-lineal-p04\/#breadcrumb","itemListElement":[{"@type":"ListItem","position":1,"name":"Home","item":"https:\/\/linmot.com\/es\/"},{"@type":"ListItem","position":2,"name":"Productos","item":"https:\/\/linmot.com\/es\/productos\/"},{"@type":"ListItem","position":3,"name":"Gu\u00edas lineales \/ M\u00f3dulo lineal","item":"https:\/\/linmot.com\/es\/productos\/guias-lineales-modulo-lineal\/"},{"@type":"ListItem","position":4,"name":"M\u00f3dulo lineal P04"}]},{"@type":"WebSite","@id":"https:\/\/linmot.com\/es\/#website","url":"https:\/\/linmot.com\/es\/","name":"LinMot &amp; MagSpring - Espa\u00f1ol","description":"Motores lineales y sistemas de motores lineales de alta calidad","publisher":{"@id":"https:\/\/linmot.com\/es\/#organization"},"potentialAction":[{"@type":"SearchAction","target":{"@type":"EntryPoint","urlTemplate":"https:\/\/linmot.com\/es\/?s={search_term_string}"},"query-input":{"@type":"PropertyValueSpecification","valueRequired":true,"valueName":"search_term_string"}}],"inLanguage":"es"},{"@type":"Organization","@id":"https:\/\/linmot.com\/es\/#organization","name":"NTI AG - LinMot & MagSpring","url":"https:\/\/linmot.com\/es\/","logo":{"@type":"ImageObject","inLanguage":"es","@id":"https:\/\/linmot.com\/es\/#\/schema\/logo\/image\/","url":"https:\/\/linmot.com\/es\/wp-content\/uploads\/sites\/5\/2022\/05\/linmot-social-share-logo.jpg","contentUrl":"https:\/\/linmot.com\/es\/wp-content\/uploads\/sites\/5\/2022\/05\/linmot-social-share-logo.jpg","width":800,"height":500,"caption":"NTI AG - LinMot & MagSpring"},"image":{"@id":"https:\/\/linmot.com\/es\/#\/schema\/logo\/image\/"},"sameAs":["https:\/\/www.linkedin.com\/company\/nti-ag-linmot-magspring","https:\/\/www.youtube.com\/user\/LinMotEurope"]}]}},"_links":{"self":[{"href":"https:\/\/linmot.com\/es\/wp-json\/wp\/v2\/pages\/1684","targetHints":{"allow":["GET"]}}],"collection":[{"href":"https:\/\/linmot.com\/es\/wp-json\/wp\/v2\/pages"}],"about":[{"href":"https:\/\/linmot.com\/es\/wp-json\/wp\/v2\/types\/page"}],"author":[{"embeddable":true,"href":"https:\/\/linmot.com\/es\/wp-json\/wp\/v2\/users\/1"}],"replies":[{"embeddable":true,"href":"https:\/\/linmot.com\/es\/wp-json\/wp\/v2\/comments?post=1684"}],"version-history":[{"count":15,"href":"https:\/\/linmot.com\/es\/wp-json\/wp\/v2\/pages\/1684\/revisions"}],"predecessor-version":[{"id":3521,"href":"https:\/\/linmot.com\/es\/wp-json\/wp\/v2\/pages\/1684\/revisions\/3521"}],"up":[{"embeddable":true,"href":"https:\/\/linmot.com\/es\/wp-json\/wp\/v2\/pages\/44"}],"wp:attachment":[{"href":"https:\/\/linmot.com\/es\/wp-json\/wp\/v2\/media?parent=1684"}],"curies":[{"name":"wp","href":"https:\/\/api.w.org\/{rel}","templated":true}]}}