{"id":1631,"date":"2020-11-24T15:45:07","date_gmt":"2020-11-24T15:45:07","guid":{"rendered":"https:\/\/linmot.com\/es\/?page_id=1631"},"modified":"2024-08-28T13:34:01","modified_gmt":"2024-08-28T13:34:01","slug":"motores-lineales-3x400vac-ssc","status":"publish","type":"page","link":"https:\/\/linmot.com\/es\/productos\/motores-de-acero-inoxidable\/motores-lineales-3x400vac-ssc\/","title":{"rendered":"Motores lineales 3x400VAC SSC"},"content":{"rendered":"<p><strong>Para los motores lineales de acero inoxidable P10-70, LinMot conf\u00eda en la tecnolog\u00eda 3x400VAC y en servoaccionamientos con alimentaci\u00f3n directa de la red. Esto significa que los motores pueden ser perfectamente integrados en cualquier concepto de m\u00e1quina. Los codificadores est\u00e1ndar incorporados aseguran una mejor integraci\u00f3n de las unidades en los conceptos de control de terceros. Por lo tanto, los motores pueden ser controlados f\u00e1cilmente por los accionamientos de cualquier fabricante.<\/strong><\/p>\n<hr \/>\n<div class=\"row\">\n<div class=\"col-sm-2\">\n<p><a class=\"button\" href=\"#detalles\">1. detalles<\/a><\/p>\n<\/div>\n<div class=\"col-sm-1\">\n<\/div>\n<div class=\"col-sm-2\">\n<p><a class=\"button\" href=\"#videos\">2. v\u00eddeos<\/a><\/p>\n<\/div>\n<div class=\"col-sm-1\">\n<\/div>\n<div class=\"col-sm-2\">\n<p><a class=\"button\" href=\"#aplicacion\">3. aplicaci\u00f3n<\/a><\/p>\n<\/div>\n<div class=\"col-sm-1\">\n<\/div>\n<div class=\"col-sm-2\">\n<p><a class=\"button\" href=\"#contacto\">4. contacto<\/a><\/p>\n<\/div>\n<\/div>\n<hr \/>\n<h2 id=\"detalles\">1. detalles<\/h2>\n<p>Est\u00e1n dise\u00f1ados para su uso en m\u00e1quinas y sistemas para el procesamiento de alimentos o para su funcionamiento en la industria farmac\u00e9utica. La carcasa de INOX, que est\u00e1 completamente hecha de acero inoxidable EN 1.4404\/AISI 316L, garantiza la seguridad operativa en estas condiciones ambientales tan exigentes. Esta carcasa completamente soldada encapsula el motor en el exterior y as\u00ed alcanza la clase de protecci\u00f3n IP69K. Adem\u00e1s, los nuevos motores est\u00e1n equipados con un sistema de refrigeraci\u00f3n por agua integrado en la carcasa. En cuanto al mantenimiento, el usuario se beneficia del dise\u00f1o modular de los motores, donde el cojinete puede ser reemplazado muy f\u00e1cilmente.<\/p>\n<div class=\"row\">\n<div class=\"col-md-5\">\n<ul>\n<li>Motores de 3x400VAC en dise\u00f1o de acero inoxidable<\/li>\n<li>Las altas fuerzas<\/li>\n<li>Aceleraciones extremadamente altas<\/li>\n<li>Clase de protecci\u00f3n IP69K<\/li>\n<li>Refrigeraci\u00f3n por agua integrada en la vivienda<\/li>\n<li>Dise\u00f1o modular<\/li>\n<li>Tambi\u00e9n puede funcionar con servoaccionamientos est\u00e1ndar \u00ab3rd party\u00bb<\/li>\n<\/ul>\n<p><a class=\"btn btn-active\" href=\"https:\/\/shop.linmot.com\/E\/linear-motors\/linear-motors-p10-70.htm\" target=\"_blank\" rel=\"noopener noreferrer\">A los detalles en el cat\u00e1logo electr\u00f3nico (ingl\u00e9s)<\/a><\/p>\n<\/div>\n<div class=\"col-md-7\">\n<div class=\"carousel slide\" id=\"0772e085cdc178ea1ea61acda3d1214f\" data-ride=\"carousel\">  <div class=\"carousel-inner\" role=\"listbox\">    <div class=\"item active\">      <img decoding=\"async\" src=\"https:\/\/linmot.com\/es\/wp-content\/uploads\/sites\/5\/2020\/11\/P10-70-SSC.jpg\" alt=\"...\">    <\/div>    <div class=\"item\">      <img decoding=\"async\" src=\"https:\/\/linmot.com\/es\/wp-content\/uploads\/sites\/5\/2020\/11\/PS10-70x160-SSC-FC.jpg\" alt=\"...\">    <\/div>  <\/div><div class=\"navigation\"><a class=\"left carousel-control\" href=\"#0772e085cdc178ea1ea61acda3d1214f\" role=\"button\" data-slide=\"prev\"><\/a><a class=\"right carousel-control\" href=\"#0772e085cdc178ea1ea61acda3d1214f\" role=\"button\" data-slide=\"next\"><\/a><\/div><\/div>\n<\/div>\n<\/div>\n<hr \/>\n<h3>Proyectos realizados con motores lineales LinMot 3x400VAC y accionamientos de:<\/h3>\n<div class=\"row download\">\n<div class=\"col-md-3\">\n<ul>\n<li>AMK<\/li>\n<li>B&amp;R<\/li>\n<li>Beckhoff<\/li>\n<li>Control Techniques<\/li>\n<li>Danfoss<\/li>\n<li>KEB<\/li>\n<\/ul>\n<\/div>\n<div class=\"col-md-3\">\n<ul>\n<li>JBG Elektronik<\/li>\n<li>Kollmorgen<\/li>\n<li>pilz<\/li>\n<li>Lenze<\/li>\n<li>KEBA<\/li>\n<li>Mitsubishi Electric<\/li>\n<\/ul>\n<\/div>\n<div class=\"col-md-3\">\n<ul>\n<li>Panasonic<\/li>\n<li>rexroth<\/li>\n<li>Robox motion control<\/li>\n<li>SEW Eurodrive<\/li>\n<li>Rockwell Automation<\/li>\n<\/ul>\n<\/div>\n<div class=\"col-md-3\">\n<ul>\n<li>Schneider Electric<\/li>\n<li>Siemens<\/li>\n<li>Sigmatek<\/li>\n<li>Yaskawa<\/li>\n<li>Lust LTi<\/li>\n<\/ul>\n<\/div>\n<\/div>\n<hr \/>\n<h2 id=\"videos\">2. v\u00eddeos<\/h2>\n<div class=\"row download\">\n<div class=\"col-md-6\">\n<h4 class=\"download-title\">Motores de acero inoxidable en uso<\/h4>\n<p class=\"bodytext\">Los motores lineales de acero inoxidable tienen un excelente comportamiento t\u00e9rmico, por lo que pueden refrigerarse muy bien de forma pasiva.<\/p>\n<\/div>\n<div class=\"col-md-1\">\n<\/div>\n<div class=\"col-md-5\">\n<div class=\"brlbs-cmpnt-container brlbs-cmpnt-content-blocker brlbs-cmpnt-with-individual-styles\" data-borlabs-cookie-content-blocker-id=\"default\" data-borlabs-cookie-content=\"PGlmcmFtZSB0aXRsZT0iWW91VHViZSB2aWRlbyBwbGF5ZXIiIHNyYz0iaHR0cHM6Ly93d3cueW91dHViZS5jb20vZW1iZWQvcjdMallqQURURDAiIHdpZHRoPSIzOTQiIGhlaWdodD0iMjIwIiBmcmFtZWJvcmRlcj0iMCIgYWxsb3dmdWxsc2NyZWVuPSJhbGxvd2Z1bGxzY3JlZW4iPjwvaWZyYW1lPg==\">\n<div class=\"brlbs-cmpnt-cb-preset-a\">\n<p class=\"brlbs-cmpnt-cb-description\">Est\u00e1s viendo un contenido de marcador de posici\u00f3n de <strong>Predeterminado<\/strong>. Para acceder al contenido real, haz clic en el siguiente bot\u00f3n. Ten en cuenta que al hacerlo compartir\u00e1s datos con terceros proveedores.<\/p>\n<div class=\"brlbs-cmpnt-cb-buttons\"> <a class=\"brlbs-cmpnt-cb-btn\" href=\"#\" data-borlabs-cookie-unblock role=\"button\">Desbloquear contenido<\/a> <a class=\"brlbs-cmpnt-cb-btn\" href=\"#\" data-borlabs-cookie-accept-service role=\"button\" style=\"display: none\">Aceptar el servicio requerido y desbloquear el contenido<\/a> <\/div>\n<p> <a class=\"brlbs-cmpnt-cb-provider-toggle\" href=\"#\" data-borlabs-cookie-show-provider-information role=\"button\">M\u00e1s informaci\u00f3n<\/a> <\/div>\n<\/div>\n<\/div>\n<\/div>\n<h2 id=\"aplicacion\">3. Informe de aplicaci\u00f3n<\/h2>\n<div class=\"row download\">\n<div class=\"col-md-3\">\n<h4 class=\"download-title\">Llenado flexible y r\u00e1pido<\/h4>\n<p class=\"bodytext\">Combinar las ventajas de la dosificaci\u00f3n por flujo con las de la dosificaci\u00f3n por pist\u00f3n en una m\u00e1quina de llenado rotativa es lo que desean muchos usuarios. T\u00f6lke, especialista en m\u00e1quinas de envasado, ha logrado esta haza\u00f1a utilizando motores lineales LinMot.<\/p>\n<p><a class=\"button\" href=\"\/es\/blog\/llenado-flexible-y-rapido\/\">Leer m\u00e1s<\/a><br \/>\n<\/div>\n<div class=\"col-md-2\">\n<img loading=\"lazy\" decoding=\"async\" class=\"alignnone wp-image-3280\" src=\"https:\/\/linmot.com\/de\/wp-content\/uploads\/sites\/2\/2022\/04\/flexibel-und-schnell-abfuellen.jpg\" alt=\"\" width=\"220\" height=\"220\" \/><br \/>\n<\/div>\n<div class=\"col-md-2\">\n<\/div>\n<div class=\"col-md-3\">\n<h4 class=\"download-title\">Peces de piscifactor\u00eda sanos gracias a los motores INOX<\/h4>\n<p class=\"bodytext\">La m\u00e1quina VX-8 desarrollada por Skala Maskon inocula autom\u00e1ticamente hasta 20.000 peces de piscifactor\u00eda por hora. Esta revoluci\u00f3n en la piscicultura es posible gracias al uso de un potente sistema de procesamiento de im\u00e1genes en combinaci\u00f3n con los motores lineales de acero inoxidable especialmente din\u00e1micos y compactos con clase de protecci\u00f3n IP69K de LinMot.<\/p>\n<p><a class=\"button\" href=\"\/es\/blog\/los-motores-lineales-inox-garantizan-la-salud-de-los-peces-de-piscifactoria\/\">Leer m\u00e1s<\/a><br \/>\n<\/div>\n<div class=\"col-md-2\">\n<img loading=\"lazy\" decoding=\"async\" class=\"alignnone wp-image-3289 size-full\" src=\"https:\/\/linmot.com\/de\/wp-content\/uploads\/sites\/2\/2022\/04\/inox-zuchtfisch.jpg\" alt=\"\" width=\"220\" height=\"220\" \/><br \/>\n<\/div>\n<\/div>\n<div class=\"row download\">\n<div class=\"col-md-3\">\n<h4 class=\"download-title\">Separar un manjar<\/h4>\n<p class=\"bodytext\">Valka, una empresa islandesa de alta tecnolog\u00eda que dise\u00f1a y construye sistemas avanzados para el procesamiento del pescado, equipa sus m\u00e1quinas de separaci\u00f3n y clasificaci\u00f3n con motores LinMot de acero inoxidable para garantizar la velocidad y la precisi\u00f3n necesarias en un entorno de lavado dif\u00edcil.<\/p>\n<p><a class=\"button\" href=\"\/es\/blog\/separar-un-manjar-desvio-de-valiosas-piezas-de-pescado-con-motores-lineales\/\">Leer m\u00e1s<\/a><br \/>\n<\/div>\n<div class=\"col-md-2\">\n<img loading=\"lazy\" decoding=\"async\" class=\"alignnone wp-image-3280\" src=\"https:\/\/linmot.com\/de\/wp-content\/uploads\/sites\/2\/2023\/01\/vorschau-umleiten-fischteile.jpg\" alt=\"\" width=\"220\" height=\"220\" \/><br \/>\n<\/div>\n<\/div>\n<h2 id=\"contacto\">4. contacto<\/h2>\n<div class=\"row download\">\n<div class=\"col-md-6\">\n<h4 class=\"download-title\">\u00bfTiene alguna pregunta sobre los motores de acero inoxidable?<\/h4>\n<p class=\"bodytext\">Estaremos encantados de responder a cualquier pregunta que tenga sobre los motores.<br \/>\nP\u00f3ngase en contacto con nosotros mediante el siguiente formulario o ll\u00e1menos al:<\/p>\n<p class=\"bodytext\">Tel: +34 943 140 139<\/p>\n<\/div>\n<div class=\"col-md-1\">\n<\/div>\n<div class=\"col-md-5\">\n\n<div class=\"wpcf7 no-js\" id=\"wpcf7-f1752-o1\" lang=\"es-ES\" dir=\"ltr\" data-wpcf7-id=\"1752\">\n<div class=\"screen-reader-response\"><p role=\"status\" aria-live=\"polite\" aria-atomic=\"true\"><\/p> <ul><\/ul><\/div>\n<form action=\"\/es\/wp-json\/wp\/v2\/pages\/1631#wpcf7-f1752-o1\" method=\"post\" class=\"wpcf7-form init\" aria-label=\"Formulario de contacto\" novalidate=\"novalidate\" data-status=\"init\">\n<fieldset class=\"hidden-fields-container\"><input type=\"hidden\" name=\"_wpcf7\" value=\"1752\" \/><input type=\"hidden\" name=\"_wpcf7_version\" value=\"6.1.5\" \/><input type=\"hidden\" name=\"_wpcf7_locale\" value=\"es_ES\" \/><input type=\"hidden\" name=\"_wpcf7_unit_tag\" value=\"wpcf7-f1752-o1\" \/><input type=\"hidden\" name=\"_wpcf7_container_post\" value=\"0\" \/><input type=\"hidden\" name=\"_wpcf7_posted_data_hash\" value=\"\" \/><input type=\"hidden\" name=\"_wpcf7_recaptcha_response\" value=\"\" \/>\n<\/fieldset>\n<label> Tu nombre<br>\n    <span class=\"wpcf7-form-control-wrap\" data-name=\"your-name\"><input size=\"40\" maxlength=\"400\" class=\"wpcf7-form-control wpcf7-text wpcf7-validates-as-required\" aria-required=\"true\" aria-invalid=\"false\" value=\"\" type=\"text\" name=\"your-name\" \/><\/span> <\/label><br>\n<br>\n<label> Tu empresa<br>\n    <span class=\"wpcf7-form-control-wrap\" data-name=\"your-company\"><input size=\"40\" maxlength=\"400\" class=\"wpcf7-form-control wpcf7-text wpcf7-validates-as-required\" aria-required=\"true\" aria-invalid=\"false\" value=\"\" type=\"text\" name=\"your-company\" \/><\/span> <\/label><br>\n<br>\n<label> C\u00f3digo postal<br>\n    <span class=\"wpcf7-form-control-wrap\" data-name=\"your-plz\"><input class=\"wpcf7-form-control wpcf7-number wpcf7-validates-as-required wpcf7-validates-as-number\" aria-required=\"true\" aria-invalid=\"false\" value=\"\" type=\"number\" name=\"your-plz\" \/><\/span> <\/label>\n<br>\n<label> Pa\u00eds<br>\n    <span class=\"wpcf7-form-control-wrap\" data-name=\"your-country\"><input size=\"40\" maxlength=\"400\" class=\"wpcf7-form-control wpcf7-text wpcf7-validates-as-required\" aria-required=\"true\" aria-invalid=\"false\" value=\"\" type=\"text\" name=\"your-country\" \/><\/span> <\/label><br>\n<br>\n<label> Tu tel\u00e9fono<br>\n    <span class=\"wpcf7-form-control-wrap\" data-name=\"your-telephone\"><input size=\"40\" maxlength=\"400\" class=\"wpcf7-form-control wpcf7-tel wpcf7-validates-as-required wpcf7-text wpcf7-validates-as-tel\" aria-required=\"true\" aria-invalid=\"false\" value=\"\" type=\"tel\" name=\"your-telephone\" \/><\/span> <\/label><br>\n<br>\n<label> Tu correo electr\u00f3nico<br>\n    <span class=\"wpcf7-form-control-wrap\" data-name=\"your-email\"><input size=\"40\" maxlength=\"400\" class=\"wpcf7-form-control wpcf7-email wpcf7-validates-as-required wpcf7-text wpcf7-validates-as-email\" aria-required=\"true\" aria-invalid=\"false\" value=\"\" type=\"email\" name=\"your-email\" \/><\/span> <\/label><br>\n<br>\n<label> Asunto<br>\n    <span class=\"wpcf7-form-control-wrap\" data-name=\"your-subject\"><input size=\"40\" maxlength=\"400\" class=\"wpcf7-form-control wpcf7-text wpcf7-validates-as-required\" aria-required=\"true\" aria-invalid=\"false\" value=\"\" type=\"text\" name=\"your-subject\" \/><\/span> <\/label><br>\n<br>\n<label> Tu mensaje (opcional)<br>\n    <span class=\"wpcf7-form-control-wrap\" data-name=\"your-message\"><textarea cols=\"40\" rows=\"10\" maxlength=\"2000\" class=\"wpcf7-form-control wpcf7-textarea\" aria-invalid=\"false\" name=\"your-message\"><\/textarea><\/span> <\/label><br>\n<br>\n<input class=\"wpcf7-form-control wpcf7-submit has-spinner\" type=\"submit\" value=\"Enviar\" \/><div class=\"wpcf7-response-output\" aria-hidden=\"true\"><\/div>\n<\/form>\n<\/div>\n\n<\/div>\n<\/div>\n","protected":false},"excerpt":{"rendered":"<p>Para los motores lineales de acero inoxidable P10-70, LinMot conf\u00eda en la tecnolog\u00eda 3x400VAC y en servoaccionamientos con alimentaci\u00f3n directa de la red. Esto significa que los motores pueden ser perfectamente integrados en cualquier concepto de m\u00e1quina. Los codificadores est\u00e1ndar incorporados aseguran una mejor integraci\u00f3n de las unidades en los conceptos de control de terceros. [&hellip;]<\/p>\n","protected":false},"author":1,"featured_media":0,"parent":40,"menu_order":53,"comment_status":"closed","ping_status":"closed","template":"","meta":{"_acf_changed":false,"footnotes":""},"class_list":["post-1631","page","type-page","status-publish","hentry"],"acf":[],"yoast_head":"<!-- This site is optimized with the Yoast SEO Premium plugin v20.9 (Yoast SEO v27.2) - https:\/\/yoast.com\/product\/yoast-seo-premium-wordpress\/ -->\n<title>Motores lineales 3x400VAC SSC - LinMot &amp; MagSpring - Espa\u00f1ol<\/title>\n<meta name=\"description\" content=\"LinMot conf\u00eda en la tecnolog\u00eda 3x400VAC para los motores lineales de acero inoxidable P10-70, as\u00ed como en los servoaccionamientos con alimentaci\u00f3n directa de la red.\" \/>\n<meta name=\"robots\" content=\"index, follow, max-snippet:-1, max-image-preview:large, max-video-preview:-1\" \/>\n<link rel=\"canonical\" href=\"https:\/\/linmot.com\/es\/productos\/motores-de-acero-inoxidable\/motores-lineales-3x400vac-ssc\/\" \/>\n<meta property=\"og:locale\" content=\"es_ES\" \/>\n<meta property=\"og:type\" content=\"article\" \/>\n<meta property=\"og:title\" content=\"Motores lineales 3x400VAC SSC - LinMot &amp; MagSpring - Espa\u00f1ol\" \/>\n<meta property=\"og:description\" content=\"LinMot conf\u00eda en la tecnolog\u00eda 3x400VAC para los motores lineales de acero inoxidable P10-70, as\u00ed como en los servoaccionamientos con alimentaci\u00f3n directa de la red.\" \/>\n<meta property=\"og:url\" content=\"https:\/\/linmot.com\/es\/productos\/motores-de-acero-inoxidable\/motores-lineales-3x400vac-ssc\/\" \/>\n<meta property=\"og:site_name\" content=\"LinMot &amp; MagSpring - Espa\u00f1ol\" \/>\n<meta property=\"article:modified_time\" content=\"2024-08-28T13:34:01+00:00\" \/>\n<meta property=\"og:image\" content=\"https:\/\/linmot.com\/es\/wp-content\/uploads\/sites\/5\/2020\/11\/P10-70-SSC.jpg\" \/>\n\t<meta property=\"og:image:width\" content=\"612\" \/>\n\t<meta property=\"og:image:height\" content=\"190\" \/>\n\t<meta property=\"og:image:type\" content=\"image\/jpeg\" \/>\n<meta name=\"twitter:card\" content=\"summary_large_image\" \/>\n<meta name=\"twitter:title\" content=\"Motores lineales 3x400VAC SSC - LinMot &amp; MagSpring - Espa\u00f1ol\" \/>\n<meta name=\"twitter:description\" content=\"LinMot conf\u00eda en la tecnolog\u00eda 3x400VAC para los motores lineales de acero inoxidable P10-70, as\u00ed como en los servoaccionamientos con alimentaci\u00f3n directa de la red.\" \/>\n<meta name=\"twitter:label1\" content=\"Tiempo de lectura\" \/>\n\t<meta name=\"twitter:data1\" content=\"4 minutos\" \/>\n<script type=\"application\/ld+json\" class=\"yoast-schema-graph\">{\"@context\":\"https:\/\/schema.org\",\"@graph\":[{\"@type\":\"WebPage\",\"@id\":\"https:\/\/linmot.com\/es\/productos\/motores-de-acero-inoxidable\/motores-lineales-3x400vac-ssc\/\",\"url\":\"https:\/\/linmot.com\/es\/productos\/motores-de-acero-inoxidable\/motores-lineales-3x400vac-ssc\/\",\"name\":\"Motores lineales 3x400VAC SSC - LinMot &amp; MagSpring - Espa\u00f1ol\",\"isPartOf\":{\"@id\":\"https:\/\/linmot.com\/es\/#website\"},\"primaryImageOfPage\":{\"@id\":\"https:\/\/linmot.com\/es\/productos\/motores-de-acero-inoxidable\/motores-lineales-3x400vac-ssc\/#primaryimage\"},\"image\":{\"@id\":\"https:\/\/linmot.com\/es\/productos\/motores-de-acero-inoxidable\/motores-lineales-3x400vac-ssc\/#primaryimage\"},\"thumbnailUrl\":\"https:\/\/linmot.com\/de\/wp-content\/uploads\/sites\/2\/2022\/04\/flexibel-und-schnell-abfuellen.jpg\",\"datePublished\":\"2020-11-24T15:45:07+00:00\",\"dateModified\":\"2024-08-28T13:34:01+00:00\",\"description\":\"LinMot conf\u00eda en la tecnolog\u00eda 3x400VAC para los motores lineales de acero inoxidable P10-70, as\u00ed como en los servoaccionamientos con alimentaci\u00f3n directa de la red.\",\"breadcrumb\":{\"@id\":\"https:\/\/linmot.com\/es\/productos\/motores-de-acero-inoxidable\/motores-lineales-3x400vac-ssc\/#breadcrumb\"},\"inLanguage\":\"es\",\"potentialAction\":[{\"@type\":\"ReadAction\",\"target\":[\"https:\/\/linmot.com\/es\/productos\/motores-de-acero-inoxidable\/motores-lineales-3x400vac-ssc\/\"]}]},{\"@type\":\"ImageObject\",\"inLanguage\":\"es\",\"@id\":\"https:\/\/linmot.com\/es\/productos\/motores-de-acero-inoxidable\/motores-lineales-3x400vac-ssc\/#primaryimage\",\"url\":\"https:\/\/linmot.com\/de\/wp-content\/uploads\/sites\/2\/2022\/04\/flexibel-und-schnell-abfuellen.jpg\",\"contentUrl\":\"https:\/\/linmot.com\/de\/wp-content\/uploads\/sites\/2\/2022\/04\/flexibel-und-schnell-abfuellen.jpg\"},{\"@type\":\"BreadcrumbList\",\"@id\":\"https:\/\/linmot.com\/es\/productos\/motores-de-acero-inoxidable\/motores-lineales-3x400vac-ssc\/#breadcrumb\",\"itemListElement\":[{\"@type\":\"ListItem\",\"position\":1,\"name\":\"Home\",\"item\":\"https:\/\/linmot.com\/es\/\"},{\"@type\":\"ListItem\",\"position\":2,\"name\":\"Productos\",\"item\":\"https:\/\/linmot.com\/es\/productos\/\"},{\"@type\":\"ListItem\",\"position\":3,\"name\":\"Motores de acero inoxidable\",\"item\":\"https:\/\/linmot.com\/es\/productos\/motores-de-acero-inoxidable\/\"},{\"@type\":\"ListItem\",\"position\":4,\"name\":\"Motores lineales 3x400VAC SSC\"}]},{\"@type\":\"WebSite\",\"@id\":\"https:\/\/linmot.com\/es\/#website\",\"url\":\"https:\/\/linmot.com\/es\/\",\"name\":\"LinMot &amp; MagSpring - Espa\u00f1ol\",\"description\":\"Motores lineales y sistemas de motores lineales de alta calidad\",\"publisher\":{\"@id\":\"https:\/\/linmot.com\/es\/#organization\"},\"potentialAction\":[{\"@type\":\"SearchAction\",\"target\":{\"@type\":\"EntryPoint\",\"urlTemplate\":\"https:\/\/linmot.com\/es\/?s={search_term_string}\"},\"query-input\":{\"@type\":\"PropertyValueSpecification\",\"valueRequired\":true,\"valueName\":\"search_term_string\"}}],\"inLanguage\":\"es\"},{\"@type\":\"Organization\",\"@id\":\"https:\/\/linmot.com\/es\/#organization\",\"name\":\"NTI AG - LinMot & MagSpring\",\"url\":\"https:\/\/linmot.com\/es\/\",\"logo\":{\"@type\":\"ImageObject\",\"inLanguage\":\"es\",\"@id\":\"https:\/\/linmot.com\/es\/#\/schema\/logo\/image\/\",\"url\":\"https:\/\/linmot.com\/es\/wp-content\/uploads\/sites\/5\/2022\/05\/linmot-social-share-logo.jpg\",\"contentUrl\":\"https:\/\/linmot.com\/es\/wp-content\/uploads\/sites\/5\/2022\/05\/linmot-social-share-logo.jpg\",\"width\":800,\"height\":500,\"caption\":\"NTI AG - LinMot & MagSpring\"},\"image\":{\"@id\":\"https:\/\/linmot.com\/es\/#\/schema\/logo\/image\/\"},\"sameAs\":[\"https:\/\/www.linkedin.com\/company\/nti-ag-linmot-magspring\",\"https:\/\/www.youtube.com\/user\/LinMotEurope\"]}]}<\/script>\n<!-- \/ Yoast SEO Premium plugin. -->","yoast_head_json":{"title":"Motores lineales 3x400VAC SSC - LinMot &amp; MagSpring - Espa\u00f1ol","description":"LinMot conf\u00eda en la tecnolog\u00eda 3x400VAC para los motores lineales de acero inoxidable P10-70, as\u00ed como en los servoaccionamientos con alimentaci\u00f3n directa de la red.","robots":{"index":"index","follow":"follow","max-snippet":"max-snippet:-1","max-image-preview":"max-image-preview:large","max-video-preview":"max-video-preview:-1"},"canonical":"https:\/\/linmot.com\/es\/productos\/motores-de-acero-inoxidable\/motores-lineales-3x400vac-ssc\/","og_locale":"es_ES","og_type":"article","og_title":"Motores lineales 3x400VAC SSC - LinMot &amp; MagSpring - Espa\u00f1ol","og_description":"LinMot conf\u00eda en la tecnolog\u00eda 3x400VAC para los motores lineales de acero inoxidable P10-70, as\u00ed como en los servoaccionamientos con alimentaci\u00f3n directa de la red.","og_url":"https:\/\/linmot.com\/es\/productos\/motores-de-acero-inoxidable\/motores-lineales-3x400vac-ssc\/","og_site_name":"LinMot &amp; MagSpring - Espa\u00f1ol","article_modified_time":"2024-08-28T13:34:01+00:00","og_image":[{"width":612,"height":190,"url":"https:\/\/linmot.com\/es\/wp-content\/uploads\/sites\/5\/2020\/11\/P10-70-SSC.jpg","type":"image\/jpeg"}],"twitter_card":"summary_large_image","twitter_title":"Motores lineales 3x400VAC SSC - LinMot &amp; MagSpring - Espa\u00f1ol","twitter_description":"LinMot conf\u00eda en la tecnolog\u00eda 3x400VAC para los motores lineales de acero inoxidable P10-70, as\u00ed como en los servoaccionamientos con alimentaci\u00f3n directa de la red.","twitter_misc":{"Tiempo de lectura":"4 minutos"},"schema":{"@context":"https:\/\/schema.org","@graph":[{"@type":"WebPage","@id":"https:\/\/linmot.com\/es\/productos\/motores-de-acero-inoxidable\/motores-lineales-3x400vac-ssc\/","url":"https:\/\/linmot.com\/es\/productos\/motores-de-acero-inoxidable\/motores-lineales-3x400vac-ssc\/","name":"Motores lineales 3x400VAC SSC - LinMot &amp; MagSpring - Espa\u00f1ol","isPartOf":{"@id":"https:\/\/linmot.com\/es\/#website"},"primaryImageOfPage":{"@id":"https:\/\/linmot.com\/es\/productos\/motores-de-acero-inoxidable\/motores-lineales-3x400vac-ssc\/#primaryimage"},"image":{"@id":"https:\/\/linmot.com\/es\/productos\/motores-de-acero-inoxidable\/motores-lineales-3x400vac-ssc\/#primaryimage"},"thumbnailUrl":"https:\/\/linmot.com\/de\/wp-content\/uploads\/sites\/2\/2022\/04\/flexibel-und-schnell-abfuellen.jpg","datePublished":"2020-11-24T15:45:07+00:00","dateModified":"2024-08-28T13:34:01+00:00","description":"LinMot conf\u00eda en la tecnolog\u00eda 3x400VAC para los motores lineales de acero inoxidable P10-70, as\u00ed como en los servoaccionamientos con alimentaci\u00f3n directa de la red.","breadcrumb":{"@id":"https:\/\/linmot.com\/es\/productos\/motores-de-acero-inoxidable\/motores-lineales-3x400vac-ssc\/#breadcrumb"},"inLanguage":"es","potentialAction":[{"@type":"ReadAction","target":["https:\/\/linmot.com\/es\/productos\/motores-de-acero-inoxidable\/motores-lineales-3x400vac-ssc\/"]}]},{"@type":"ImageObject","inLanguage":"es","@id":"https:\/\/linmot.com\/es\/productos\/motores-de-acero-inoxidable\/motores-lineales-3x400vac-ssc\/#primaryimage","url":"https:\/\/linmot.com\/de\/wp-content\/uploads\/sites\/2\/2022\/04\/flexibel-und-schnell-abfuellen.jpg","contentUrl":"https:\/\/linmot.com\/de\/wp-content\/uploads\/sites\/2\/2022\/04\/flexibel-und-schnell-abfuellen.jpg"},{"@type":"BreadcrumbList","@id":"https:\/\/linmot.com\/es\/productos\/motores-de-acero-inoxidable\/motores-lineales-3x400vac-ssc\/#breadcrumb","itemListElement":[{"@type":"ListItem","position":1,"name":"Home","item":"https:\/\/linmot.com\/es\/"},{"@type":"ListItem","position":2,"name":"Productos","item":"https:\/\/linmot.com\/es\/productos\/"},{"@type":"ListItem","position":3,"name":"Motores de acero inoxidable","item":"https:\/\/linmot.com\/es\/productos\/motores-de-acero-inoxidable\/"},{"@type":"ListItem","position":4,"name":"Motores lineales 3x400VAC SSC"}]},{"@type":"WebSite","@id":"https:\/\/linmot.com\/es\/#website","url":"https:\/\/linmot.com\/es\/","name":"LinMot &amp; MagSpring - Espa\u00f1ol","description":"Motores lineales y sistemas de motores lineales de alta calidad","publisher":{"@id":"https:\/\/linmot.com\/es\/#organization"},"potentialAction":[{"@type":"SearchAction","target":{"@type":"EntryPoint","urlTemplate":"https:\/\/linmot.com\/es\/?s={search_term_string}"},"query-input":{"@type":"PropertyValueSpecification","valueRequired":true,"valueName":"search_term_string"}}],"inLanguage":"es"},{"@type":"Organization","@id":"https:\/\/linmot.com\/es\/#organization","name":"NTI AG - LinMot & MagSpring","url":"https:\/\/linmot.com\/es\/","logo":{"@type":"ImageObject","inLanguage":"es","@id":"https:\/\/linmot.com\/es\/#\/schema\/logo\/image\/","url":"https:\/\/linmot.com\/es\/wp-content\/uploads\/sites\/5\/2022\/05\/linmot-social-share-logo.jpg","contentUrl":"https:\/\/linmot.com\/es\/wp-content\/uploads\/sites\/5\/2022\/05\/linmot-social-share-logo.jpg","width":800,"height":500,"caption":"NTI AG - LinMot & MagSpring"},"image":{"@id":"https:\/\/linmot.com\/es\/#\/schema\/logo\/image\/"},"sameAs":["https:\/\/www.linkedin.com\/company\/nti-ag-linmot-magspring","https:\/\/www.youtube.com\/user\/LinMotEurope"]}]}},"_links":{"self":[{"href":"https:\/\/linmot.com\/es\/wp-json\/wp\/v2\/pages\/1631","targetHints":{"allow":["GET"]}}],"collection":[{"href":"https:\/\/linmot.com\/es\/wp-json\/wp\/v2\/pages"}],"about":[{"href":"https:\/\/linmot.com\/es\/wp-json\/wp\/v2\/types\/page"}],"author":[{"embeddable":true,"href":"https:\/\/linmot.com\/es\/wp-json\/wp\/v2\/users\/1"}],"replies":[{"embeddable":true,"href":"https:\/\/linmot.com\/es\/wp-json\/wp\/v2\/comments?post=1631"}],"version-history":[{"count":25,"href":"https:\/\/linmot.com\/es\/wp-json\/wp\/v2\/pages\/1631\/revisions"}],"predecessor-version":[{"id":3514,"href":"https:\/\/linmot.com\/es\/wp-json\/wp\/v2\/pages\/1631\/revisions\/3514"}],"up":[{"embeddable":true,"href":"https:\/\/linmot.com\/es\/wp-json\/wp\/v2\/pages\/40"}],"wp:attachment":[{"href":"https:\/\/linmot.com\/es\/wp-json\/wp\/v2\/media?parent=1631"}],"curies":[{"name":"wp","href":"https:\/\/api.w.org\/{rel}","templated":true}]}}