{"id":1209,"date":"2017-10-20T23:19:40","date_gmt":"2017-10-20T21:19:40","guid":{"rendered":"https:\/\/linmot.com\/?page_id=4"},"modified":"2025-08-11T15:04:05","modified_gmt":"2025-08-11T13:04:05","slug":"compania","status":"publish","type":"page","link":"https:\/\/linmot.com\/es\/compania\/","title":{"rendered":"Perfil empresarial de NTI AG"},"content":{"rendered":"<p>NTI AG es un fabricante mundial de motores lineales y sistemas de motor lineal de estilo tubular de alta calidad, que se centra en el desarrollo, producci\u00f3n y distribuci\u00f3n de accionamientos directos lineales para su uso en entornos industriales.<\/p>\n<p>Fundada en 1993 como unidad de negocio independiente de Grupo Sulzer, NTI AG opera desde el a\u00f1o 2000 como compa\u00f1\u00eda independiente.<\/p>\n<p>NTI AG tiene su sede en Spreitenbach, cerca de Z\u00farich (Suiza). Adem\u00e1s de los centros de producci\u00f3n en Suiza y Eslovaquia, NTI AG tiene oficinas de venta en Alemania, Italia y Norteam\u00e9rica.<\/p>\n<p>Las marcas LinMot\u00ae motores lineales industriales y MagSpring\u00ae muelles magn\u00e9ticos est\u00e1n presentes internacionalmente; NTI AG dispone de una extensa red de consultores orientados al cliente para soporte t\u00e9cnico y ventas en 80 pa\u00edses.<\/p>\n<p>Para la realizaci\u00f3n de movimientos lineales, NTI AG es siempre una apuesta competente y fiable.<\/p>\n<p><a class=\"button\" href=\"\/es\/contact\/\">Estamos deseando conocerle<\/a><\/p>\n<img loading=\"lazy\" decoding=\"async\" class=\"aligncenter size-full wp-image-619\" src=\"https:\/\/linmot.com\/es\/wp-content\/uploads\/sites\/5\/2017\/10\/linmot-new-headquarter-swiss-2018.jpg\" alt=\"\" width=\"940\" height=\"439\" srcset=\"https:\/\/linmot.com\/es\/wp-content\/uploads\/sites\/5\/2017\/10\/linmot-new-headquarter-swiss-2018.jpg 940w, https:\/\/linmot.com\/es\/wp-content\/uploads\/sites\/5\/2017\/10\/linmot-new-headquarter-swiss-2018-300x140.jpg 300w, https:\/\/linmot.com\/es\/wp-content\/uploads\/sites\/5\/2017\/10\/linmot-new-headquarter-swiss-2018-768x359.jpg 768w\" sizes=\"auto, (max-width: 940px) 100vw, 940px\" \/>\n<h2>Misi\u00f3n<\/h2>\n<p>LinMot ofrece al cliente un sofisticado sistema de accionamiento lineal dedicado, f\u00e1cilmente integrable en los principales sistemas de control del mercado. El alto grado de estandarizaci\u00f3n, la entrega desde stock, y la red de distribuci\u00f3n internacional aseguran una disponibilidad inmediata y una excelente atenci\u00f3n al cliente.<\/p>\n<p>Nuestro objetivo es impulsar la tecnolog\u00eda de accionamiento directo lineal y convertirlo en un elemento est\u00e1ndar en el dise\u00f1o de m\u00e1quina. Ofrecemos soluciones de accionamiento de alta eficiencia que suponen una importante contribuci\u00f3n al esfuerzo general de conservaci\u00f3n de los recursos.<\/p>\n<h2>Competencias<\/h2>\n<div class=\"row\">\n<div class=\"col-md-3\">\n<img loading=\"lazy\" decoding=\"async\" class=\"aligncenter size-full wp-image-283\" src=\"https:\/\/linmot.com\/es\/wp-content\/uploads\/sites\/5\/2017\/10\/support.png\" alt=\"\" width=\"200\" height=\"200\" srcset=\"https:\/\/linmot.com\/es\/wp-content\/uploads\/sites\/5\/2017\/10\/support.png 200w, https:\/\/linmot.com\/es\/wp-content\/uploads\/sites\/5\/2017\/10\/support-150x150.png 150w\" sizes=\"auto, (max-width: 200px) 100vw, 200px\" \/>\n<\/div>\n<div class=\"col-md-8\">\n<h4>Soporte t\u00e9cnico<\/h4>\n<p class=\"bodytext\">Como l\u00edder mundial en la fabricaci\u00f3n de motores lineales industriales, NTI AG emplea su conocimiento e innovaci\u00f3n para ofrecer soluciones personalizadas a las necesidades del cliente.<br \/>\nEl ingeniero de aplicaci\u00f3n de LinMot aporta al cliente un soporte excepcional en la b\u00fasqueda de la soluci\u00f3n \u00f3ptima para una tarea espec\u00edfica. Nuestros clientes pueden confiar en los a\u00f1os de experiencia en la producci\u00f3n e implementaci\u00f3n de soluciones acordes a sus propias necesidades.<\/p>\n<\/div>\n<\/div>\n<div class=\"row\">\n<div class=\"col-md-3\">\n<img loading=\"lazy\" decoding=\"async\" class=\"aligncenter size-full wp-image-287\" src=\"https:\/\/linmot.com\/es\/wp-content\/uploads\/sites\/5\/2017\/10\/innovation.png\" alt=\"\" width=\"200\" height=\"200\" srcset=\"https:\/\/linmot.com\/es\/wp-content\/uploads\/sites\/5\/2017\/10\/innovation.png 200w, https:\/\/linmot.com\/es\/wp-content\/uploads\/sites\/5\/2017\/10\/innovation-150x150.png 150w\" sizes=\"auto, (max-width: 200px) 100vw, 200px\" \/>\n<\/div>\n<div class=\"col-md-8\">\n<h4>Innovaci\u00f3n<\/h4>\n<p class=\"bodytext\">A trav\u00e9s de la investigaci\u00f3n y desarrollo permanente, y con el apoyo de su red internacional de consultores de ventas, ingenieros y partners, NTI AG es capaz de ofrecer al cliente de manera continua nuevos productos comercialmente viables a precios atractivos.<\/p>\n<\/div>\n<\/div>\n<div class=\"row\">\n<div class=\"col-md-3\">\n<img loading=\"lazy\" decoding=\"async\" class=\"aligncenter size-full wp-image-283\" src=\"https:\/\/linmot.com\/es\/wp-content\/uploads\/sites\/5\/2017\/10\/production.png\" alt=\"\" width=\"200\" height=\"200\" \/>\n<\/div>\n<div class=\"col-md-8\">\n<h4>Producci\u00f3n<\/h4>\n<p class=\"bodytext\">Los productos LinMot y MagSpring son fabricados en instalaciones de producci\u00f3n espec\u00edficamente dise\u00f1adas para ello. Este hecho garantiza una r\u00e1pida disponibilidad de producto incluso en grandes cantidades, a la vez que permite simult\u00e1neamente la m\u00e1xima flexibilidad en la personalizaci\u00f3n de la soluci\u00f3n. Las instalaciones de producci\u00f3n altamente automatizadas aseguran de forma constante un producto de la m\u00e1s alta calidad.<\/p>\n<\/div>\n<\/div>\n<div class=\"row\">\n<div class=\"col-md-3\">\n<img loading=\"lazy\" decoding=\"async\" class=\"aligncenter size-full wp-image-283\" src=\"https:\/\/linmot.com\/es\/wp-content\/uploads\/sites\/5\/2017\/10\/logistics.png\" alt=\"\" width=\"200\" height=\"200\" \/>\n<\/div>\n<div class=\"col-md-8\">\n<h4>Log\u00edstica<\/h4>\n<p class=\"bodytext\">LinMot y MagSpring son productos estandarizados, que t\u00edpicamente son suministrados desde stock y con disponibilidad a nivel internacional. Actualmente hay almacenadas m\u00e1s de 1000 combinaciones diferentes de motor y controlador, disponibles para su entrega en 48 horas a lo largo del planeta.<\/p>\n<\/div>\n<\/div>\n<div class=\"row\">\n<div class=\"col-md-3\">\n<img loading=\"lazy\" decoding=\"async\" class=\"aligncenter size-full wp-image-283\" src=\"https:\/\/linmot.com\/es\/wp-content\/uploads\/sites\/5\/2017\/10\/quality.png\" alt=\"\" width=\"200\" height=\"200\" \/>\n<\/div>\n<div class=\"col-md-8\">\n<h4>Calidad<\/h4>\n<p class=\"bodytext\">El control de calidad comienza con la verificaci\u00f3n de la materia prima y contin\u00faa en todas las v\u00edas de producci\u00f3n hasta los test finales antes del env\u00edo del producto. Todos los motores lineales de LinMot est\u00e1n sujetos a 24 horas de proceso de<em> burn-in<\/em> antes de la entrega al cliente. Asegurando una calidad a largo plazo, los productos LinMot son identificados con un n\u00famero de serie \u00fanico en el estator, en la placa de caracter\u00edsticas electr\u00f3nicas y en el controlador.<\/p>\n<\/div>\n<\/div>\n","protected":false},"excerpt":{"rendered":"<p>NTI AG es un fabricante mundial de motores lineales y sistemas de motor lineal de estilo tubular de alta calidad, que se centra en el desarrollo, producci\u00f3n y distribuci\u00f3n de accionamientos directos lineales para su uso en entornos industriales. Fundada en 1993 como unidad de negocio independiente de Grupo Sulzer, NTI AG opera desde el [&hellip;]<\/p>\n","protected":false},"author":1,"featured_media":0,"parent":0,"menu_order":97,"comment_status":"closed","ping_status":"closed","template":"","meta":{"_acf_changed":false,"footnotes":""},"class_list":["post-1209","page","type-page","status-publish","hentry"],"acf":[],"yoast_head":"<!-- This site is optimized with the Yoast SEO Premium plugin v20.9 (Yoast SEO v27.3) - https:\/\/yoast.com\/product\/yoast-seo-premium-wordpress\/ -->\n<title>NTI AG - La historia de LinMot y Magspring| LinMot<\/title>\n<meta name=\"description\" content=\"Fundada en 1993 como unidad de negocio independiente de Sulzer Corporation, NTI AG opera como empresa independiente desde el a\u00f1o 2000.\" \/>\n<meta name=\"robots\" content=\"index, follow, max-snippet:-1, max-image-preview:large, max-video-preview:-1\" \/>\n<link rel=\"canonical\" href=\"https:\/\/linmot.com\/es\/compania\/\" \/>\n<meta property=\"og:locale\" content=\"es_ES\" \/>\n<meta property=\"og:type\" content=\"article\" \/>\n<meta property=\"og:title\" content=\"Perfil empresarial de NTI AG\" \/>\n<meta property=\"og:description\" content=\"Fundada en 1993 como unidad de negocio independiente de Sulzer Corporation, NTI AG opera como empresa independiente desde el a\u00f1o 2000.\" \/>\n<meta property=\"og:url\" content=\"https:\/\/linmot.com\/es\/compania\/\" \/>\n<meta property=\"og:site_name\" content=\"LinMot &amp; MagSpring - Espa\u00f1ol\" \/>\n<meta property=\"article:modified_time\" content=\"2025-08-11T13:04:05+00:00\" \/>\n<meta property=\"og:image\" content=\"https:\/\/linmot.com\/es\/wp-content\/uploads\/sites\/5\/2017\/10\/linmot-new-headquarter-swiss-2018.jpg\" \/>\n\t<meta property=\"og:image:width\" content=\"940\" \/>\n\t<meta property=\"og:image:height\" content=\"439\" \/>\n\t<meta property=\"og:image:type\" content=\"image\/jpeg\" \/>\n<meta name=\"twitter:card\" content=\"summary_large_image\" \/>\n<meta name=\"twitter:description\" content=\"Fundada en 1993 como unidad de negocio independiente de Sulzer Corporation, NTI AG opera como empresa independiente desde el a\u00f1o 2000.\" \/>\n<meta name=\"twitter:label1\" content=\"Tiempo de lectura\" \/>\n\t<meta name=\"twitter:data1\" content=\"4 minutos\" \/>\n<script type=\"application\/ld+json\" class=\"yoast-schema-graph\">{\"@context\":\"https:\\\/\\\/schema.org\",\"@graph\":[{\"@type\":\"WebPage\",\"@id\":\"https:\\\/\\\/linmot.com\\\/es\\\/compania\\\/\",\"url\":\"https:\\\/\\\/linmot.com\\\/es\\\/compania\\\/\",\"name\":\"NTI AG - La historia de LinMot y Magspring| LinMot\",\"isPartOf\":{\"@id\":\"https:\\\/\\\/linmot.com\\\/es\\\/#website\"},\"primaryImageOfPage\":{\"@id\":\"https:\\\/\\\/linmot.com\\\/es\\\/compania\\\/#primaryimage\"},\"image\":{\"@id\":\"https:\\\/\\\/linmot.com\\\/es\\\/compania\\\/#primaryimage\"},\"thumbnailUrl\":\"https:\\\/\\\/linmot.com\\\/es\\\/wp-content\\\/uploads\\\/sites\\\/5\\\/2017\\\/10\\\/linmot-new-headquarter-swiss-2018.jpg\",\"datePublished\":\"2017-10-20T21:19:40+00:00\",\"dateModified\":\"2025-08-11T13:04:05+00:00\",\"description\":\"Fundada en 1993 como unidad de negocio independiente de Sulzer Corporation, NTI AG opera como empresa independiente desde el a\u00f1o 2000.\",\"breadcrumb\":{\"@id\":\"https:\\\/\\\/linmot.com\\\/es\\\/compania\\\/#breadcrumb\"},\"inLanguage\":\"es\",\"potentialAction\":[{\"@type\":\"ReadAction\",\"target\":[\"https:\\\/\\\/linmot.com\\\/es\\\/compania\\\/\"]}]},{\"@type\":\"ImageObject\",\"inLanguage\":\"es\",\"@id\":\"https:\\\/\\\/linmot.com\\\/es\\\/compania\\\/#primaryimage\",\"url\":\"https:\\\/\\\/linmot.com\\\/es\\\/wp-content\\\/uploads\\\/sites\\\/5\\\/2017\\\/10\\\/linmot-new-headquarter-swiss-2018.jpg\",\"contentUrl\":\"https:\\\/\\\/linmot.com\\\/es\\\/wp-content\\\/uploads\\\/sites\\\/5\\\/2017\\\/10\\\/linmot-new-headquarter-swiss-2018.jpg\",\"width\":940,\"height\":439,\"caption\":\"\"},{\"@type\":\"BreadcrumbList\",\"@id\":\"https:\\\/\\\/linmot.com\\\/es\\\/compania\\\/#breadcrumb\",\"itemListElement\":[{\"@type\":\"ListItem\",\"position\":1,\"name\":\"Home\",\"item\":\"https:\\\/\\\/linmot.com\\\/es\\\/\"},{\"@type\":\"ListItem\",\"position\":2,\"name\":\"Perfil empresarial de NTI AG\"}]},{\"@type\":\"WebSite\",\"@id\":\"https:\\\/\\\/linmot.com\\\/es\\\/#website\",\"url\":\"https:\\\/\\\/linmot.com\\\/es\\\/\",\"name\":\"LinMot &amp; MagSpring - Espa\u00f1ol\",\"description\":\"Motores lineales y sistemas de motores lineales de alta calidad\",\"publisher\":{\"@id\":\"https:\\\/\\\/linmot.com\\\/es\\\/#organization\"},\"potentialAction\":[{\"@type\":\"SearchAction\",\"target\":{\"@type\":\"EntryPoint\",\"urlTemplate\":\"https:\\\/\\\/linmot.com\\\/es\\\/?s={search_term_string}\"},\"query-input\":{\"@type\":\"PropertyValueSpecification\",\"valueRequired\":true,\"valueName\":\"search_term_string\"}}],\"inLanguage\":\"es\"},{\"@type\":\"Organization\",\"@id\":\"https:\\\/\\\/linmot.com\\\/es\\\/#organization\",\"name\":\"NTI AG - LinMot & MagSpring\",\"url\":\"https:\\\/\\\/linmot.com\\\/es\\\/\",\"logo\":{\"@type\":\"ImageObject\",\"inLanguage\":\"es\",\"@id\":\"https:\\\/\\\/linmot.com\\\/es\\\/#\\\/schema\\\/logo\\\/image\\\/\",\"url\":\"https:\\\/\\\/linmot.com\\\/es\\\/wp-content\\\/uploads\\\/sites\\\/5\\\/2022\\\/05\\\/linmot-social-share-logo.jpg\",\"contentUrl\":\"https:\\\/\\\/linmot.com\\\/es\\\/wp-content\\\/uploads\\\/sites\\\/5\\\/2022\\\/05\\\/linmot-social-share-logo.jpg\",\"width\":800,\"height\":500,\"caption\":\"NTI AG - LinMot & MagSpring\"},\"image\":{\"@id\":\"https:\\\/\\\/linmot.com\\\/es\\\/#\\\/schema\\\/logo\\\/image\\\/\"},\"sameAs\":[\"https:\\\/\\\/www.linkedin.com\\\/company\\\/nti-ag-linmot-magspring\",\"https:\\\/\\\/www.youtube.com\\\/user\\\/LinMotEurope\"]}]}<\/script>\n<!-- \/ Yoast SEO Premium plugin. -->","yoast_head_json":{"title":"NTI AG - La historia de LinMot y Magspring| LinMot","description":"Fundada en 1993 como unidad de negocio independiente de Sulzer Corporation, NTI AG opera como empresa independiente desde el a\u00f1o 2000.","robots":{"index":"index","follow":"follow","max-snippet":"max-snippet:-1","max-image-preview":"max-image-preview:large","max-video-preview":"max-video-preview:-1"},"canonical":"https:\/\/linmot.com\/es\/compania\/","og_locale":"es_ES","og_type":"article","og_title":"Perfil empresarial de NTI AG","og_description":"Fundada en 1993 como unidad de negocio independiente de Sulzer Corporation, NTI AG opera como empresa independiente desde el a\u00f1o 2000.","og_url":"https:\/\/linmot.com\/es\/compania\/","og_site_name":"LinMot &amp; MagSpring - Espa\u00f1ol","article_modified_time":"2025-08-11T13:04:05+00:00","og_image":[{"width":940,"height":439,"url":"https:\/\/linmot.com\/es\/wp-content\/uploads\/sites\/5\/2017\/10\/linmot-new-headquarter-swiss-2018.jpg","type":"image\/jpeg"}],"twitter_card":"summary_large_image","twitter_description":"Fundada en 1993 como unidad de negocio independiente de Sulzer Corporation, NTI AG opera como empresa independiente desde el a\u00f1o 2000.","twitter_misc":{"Tiempo de lectura":"4 minutos"},"schema":{"@context":"https:\/\/schema.org","@graph":[{"@type":"WebPage","@id":"https:\/\/linmot.com\/es\/compania\/","url":"https:\/\/linmot.com\/es\/compania\/","name":"NTI AG - La historia de LinMot y Magspring| LinMot","isPartOf":{"@id":"https:\/\/linmot.com\/es\/#website"},"primaryImageOfPage":{"@id":"https:\/\/linmot.com\/es\/compania\/#primaryimage"},"image":{"@id":"https:\/\/linmot.com\/es\/compania\/#primaryimage"},"thumbnailUrl":"https:\/\/linmot.com\/es\/wp-content\/uploads\/sites\/5\/2017\/10\/linmot-new-headquarter-swiss-2018.jpg","datePublished":"2017-10-20T21:19:40+00:00","dateModified":"2025-08-11T13:04:05+00:00","description":"Fundada en 1993 como unidad de negocio independiente de Sulzer Corporation, NTI AG opera como empresa independiente desde el a\u00f1o 2000.","breadcrumb":{"@id":"https:\/\/linmot.com\/es\/compania\/#breadcrumb"},"inLanguage":"es","potentialAction":[{"@type":"ReadAction","target":["https:\/\/linmot.com\/es\/compania\/"]}]},{"@type":"ImageObject","inLanguage":"es","@id":"https:\/\/linmot.com\/es\/compania\/#primaryimage","url":"https:\/\/linmot.com\/es\/wp-content\/uploads\/sites\/5\/2017\/10\/linmot-new-headquarter-swiss-2018.jpg","contentUrl":"https:\/\/linmot.com\/es\/wp-content\/uploads\/sites\/5\/2017\/10\/linmot-new-headquarter-swiss-2018.jpg","width":940,"height":439,"caption":""},{"@type":"BreadcrumbList","@id":"https:\/\/linmot.com\/es\/compania\/#breadcrumb","itemListElement":[{"@type":"ListItem","position":1,"name":"Home","item":"https:\/\/linmot.com\/es\/"},{"@type":"ListItem","position":2,"name":"Perfil empresarial de NTI AG"}]},{"@type":"WebSite","@id":"https:\/\/linmot.com\/es\/#website","url":"https:\/\/linmot.com\/es\/","name":"LinMot &amp; MagSpring - Espa\u00f1ol","description":"Motores lineales y sistemas de motores lineales de alta calidad","publisher":{"@id":"https:\/\/linmot.com\/es\/#organization"},"potentialAction":[{"@type":"SearchAction","target":{"@type":"EntryPoint","urlTemplate":"https:\/\/linmot.com\/es\/?s={search_term_string}"},"query-input":{"@type":"PropertyValueSpecification","valueRequired":true,"valueName":"search_term_string"}}],"inLanguage":"es"},{"@type":"Organization","@id":"https:\/\/linmot.com\/es\/#organization","name":"NTI AG - LinMot & MagSpring","url":"https:\/\/linmot.com\/es\/","logo":{"@type":"ImageObject","inLanguage":"es","@id":"https:\/\/linmot.com\/es\/#\/schema\/logo\/image\/","url":"https:\/\/linmot.com\/es\/wp-content\/uploads\/sites\/5\/2022\/05\/linmot-social-share-logo.jpg","contentUrl":"https:\/\/linmot.com\/es\/wp-content\/uploads\/sites\/5\/2022\/05\/linmot-social-share-logo.jpg","width":800,"height":500,"caption":"NTI AG - LinMot & MagSpring"},"image":{"@id":"https:\/\/linmot.com\/es\/#\/schema\/logo\/image\/"},"sameAs":["https:\/\/www.linkedin.com\/company\/nti-ag-linmot-magspring","https:\/\/www.youtube.com\/user\/LinMotEurope"]}]}},"_links":{"self":[{"href":"https:\/\/linmot.com\/es\/wp-json\/wp\/v2\/pages\/1209","targetHints":{"allow":["GET"]}}],"collection":[{"href":"https:\/\/linmot.com\/es\/wp-json\/wp\/v2\/pages"}],"about":[{"href":"https:\/\/linmot.com\/es\/wp-json\/wp\/v2\/types\/page"}],"author":[{"embeddable":true,"href":"https:\/\/linmot.com\/es\/wp-json\/wp\/v2\/users\/1"}],"replies":[{"embeddable":true,"href":"https:\/\/linmot.com\/es\/wp-json\/wp\/v2\/comments?post=1209"}],"version-history":[{"count":11,"href":"https:\/\/linmot.com\/es\/wp-json\/wp\/v2\/pages\/1209\/revisions"}],"predecessor-version":[{"id":2261,"href":"https:\/\/linmot.com\/es\/wp-json\/wp\/v2\/pages\/1209\/revisions\/2261"}],"wp:attachment":[{"href":"https:\/\/linmot.com\/es\/wp-json\/wp\/v2\/media?parent=1209"}],"curies":[{"name":"wp","href":"https:\/\/api.w.org\/{rel}","templated":true}]}}