{"id":10,"date":"2017-10-20T23:20:19","date_gmt":"2017-10-20T21:20:19","guid":{"rendered":"https:\/\/linmot.com\/?page_id=10"},"modified":"2026-02-09T14:23:52","modified_gmt":"2026-02-09T13:23:52","slug":"download","status":"publish","type":"page","link":"https:\/\/linmot.com\/es\/download\/","title":{"rendered":"Descargas"},"content":{"rendered":"<div class=\"row\">\n<div class=\"col-md-3\">\n<ul>\n<li><a href=\"https:\/\/shop.linmot.com\/E\/product\/0185-1100\">Resumen de productos<\/a><\/li>\n<li><a href=\"https:\/\/shop.linmot.com\/E\/product\/0185-0205\">Revista corporativa<\/a><\/li>\n<\/ul>\n<\/div>\n<div class=\"col-md-3\">\n<ul>\n<li><a href=\"http:\/\/shop.linmot.com\/\">Cat\u00e1logos<\/a><\/li>\n<li><a href=\"http:\/\/shop.linmot.com\/\">Gu\u00edas de instalaci\u00f3n<\/a><\/li>\n<li><a href=\"http:\/\/shop.linmot.com\/\">Archivos CAD<\/a><\/li>\n<li><a href=\"https:\/\/shop.linmot.com\/E\/product\/0185-1163\">EPLAN Data<\/a><\/li>\n<li><a href=\"https:\/\/shop.linmot.com\/E\/product\/0185-1164\">Descripci\u00f3n del dispositivo Archivos<\/a><\/li>\n<\/ul>\n<\/div>\n<div class=\"col-md-3\">\n<ul>\n<li><a href=\"\/es\/download\/linmot-talk-drive-configuration\/\">LinMot Talk (Drive-configuration)<\/a><\/li>\n<li><a href=\"\/es\/download\/linmot-designer\/\">LinMot Designer<\/a><\/li>\n<li><a href=\"\/es\/download\/linmot-pilot-download\/\">LinMot Pilot<\/a><\/li>\n<\/ul>\n<\/div>\n<div class=\"col-md-3\">\n<ul>\n<li><a href=\"\/es\/download\/condiciones-generales\/\">Condiciones generales de la ZVEI<\/a><\/li>\n<li><a href=\"\/es\/download\/certificaciones-y-normativas\/\">Certificaciones y normativas<\/a><\/li>\n<\/ul>\n<\/div>\n<\/div>\n","protected":false},"excerpt":{"rendered":"","protected":false},"author":1,"featured_media":0,"parent":0,"menu_order":24,"comment_status":"closed","ping_status":"closed","template":"","meta":{"_acf_changed":false,"footnotes":""},"class_list":["post-10","page","type-page","status-publish","hentry"],"acf":[],"yoast_head":"<!-- This site is optimized with the Yoast SEO Premium plugin v20.9 (Yoast SEO v27.3) - https:\/\/yoast.com\/product\/yoast-seo-premium-wordpress\/ -->\n<title>Descargas | L\u00edder en tecnolog\u00eda de movimiento lineal | LinMot<\/title>\n<meta name=\"description\" content=\"Esta p\u00e1gina de descargas le muestra, entre otras cosas, los enlaces a nuestras condiciones de entrega, el cat\u00e1logo de productos y las fichas t\u00e9cnicas.\" \/>\n<meta name=\"robots\" content=\"index, follow, max-snippet:-1, max-image-preview:large, max-video-preview:-1\" \/>\n<link rel=\"canonical\" href=\"https:\/\/linmot.com\/es\/download\/\" \/>\n<meta property=\"og:locale\" content=\"es_ES\" \/>\n<meta property=\"og:type\" content=\"article\" \/>\n<meta property=\"og:title\" content=\"Descargas\" \/>\n<meta property=\"og:description\" content=\"Esta p\u00e1gina de descargas le muestra, entre otras cosas, los enlaces a nuestras condiciones de entrega, el cat\u00e1logo de productos y las fichas t\u00e9cnicas.\" \/>\n<meta property=\"og:url\" content=\"https:\/\/linmot.com\/es\/download\/\" \/>\n<meta property=\"og:site_name\" content=\"LinMot &amp; MagSpring - Espa\u00f1ol\" \/>\n<meta property=\"article:modified_time\" content=\"2026-02-09T13:23:52+00:00\" \/>\n<meta property=\"og:image\" content=\"https:\/\/linmot.com\/es\/wp-content\/uploads\/sites\/5\/2022\/05\/linmot-social-share-logo.jpg\" \/>\n\t<meta property=\"og:image:width\" content=\"800\" \/>\n\t<meta property=\"og:image:height\" content=\"500\" \/>\n\t<meta property=\"og:image:type\" content=\"image\/jpeg\" \/>\n<meta name=\"twitter:card\" content=\"summary_large_image\" \/>\n<meta name=\"twitter:label1\" content=\"Tiempo de lectura\" \/>\n\t<meta name=\"twitter:data1\" content=\"1 minuto\" \/>\n<script type=\"application\/ld+json\" class=\"yoast-schema-graph\">{\"@context\":\"https:\\\/\\\/schema.org\",\"@graph\":[{\"@type\":\"WebPage\",\"@id\":\"https:\\\/\\\/linmot.com\\\/es\\\/download\\\/\",\"url\":\"https:\\\/\\\/linmot.com\\\/es\\\/download\\\/\",\"name\":\"Descargas | L\u00edder en tecnolog\u00eda de movimiento lineal | LinMot\",\"isPartOf\":{\"@id\":\"https:\\\/\\\/linmot.com\\\/es\\\/#website\"},\"datePublished\":\"2017-10-20T21:20:19+00:00\",\"dateModified\":\"2026-02-09T13:23:52+00:00\",\"description\":\"Esta p\u00e1gina de descargas le muestra, entre otras cosas, los enlaces a nuestras condiciones de entrega, el cat\u00e1logo de productos y las fichas t\u00e9cnicas.\",\"breadcrumb\":{\"@id\":\"https:\\\/\\\/linmot.com\\\/es\\\/download\\\/#breadcrumb\"},\"inLanguage\":\"es\",\"potentialAction\":[{\"@type\":\"ReadAction\",\"target\":[\"https:\\\/\\\/linmot.com\\\/es\\\/download\\\/\"]}]},{\"@type\":\"BreadcrumbList\",\"@id\":\"https:\\\/\\\/linmot.com\\\/es\\\/download\\\/#breadcrumb\",\"itemListElement\":[{\"@type\":\"ListItem\",\"position\":1,\"name\":\"Home\",\"item\":\"https:\\\/\\\/linmot.com\\\/es\\\/\"},{\"@type\":\"ListItem\",\"position\":2,\"name\":\"Descargas\"}]},{\"@type\":\"WebSite\",\"@id\":\"https:\\\/\\\/linmot.com\\\/es\\\/#website\",\"url\":\"https:\\\/\\\/linmot.com\\\/es\\\/\",\"name\":\"LinMot &amp; MagSpring - Espa\u00f1ol\",\"description\":\"Motores lineales y sistemas de motores lineales de alta calidad\",\"publisher\":{\"@id\":\"https:\\\/\\\/linmot.com\\\/es\\\/#organization\"},\"potentialAction\":[{\"@type\":\"SearchAction\",\"target\":{\"@type\":\"EntryPoint\",\"urlTemplate\":\"https:\\\/\\\/linmot.com\\\/es\\\/?s={search_term_string}\"},\"query-input\":{\"@type\":\"PropertyValueSpecification\",\"valueRequired\":true,\"valueName\":\"search_term_string\"}}],\"inLanguage\":\"es\"},{\"@type\":\"Organization\",\"@id\":\"https:\\\/\\\/linmot.com\\\/es\\\/#organization\",\"name\":\"NTI AG - LinMot & MagSpring\",\"url\":\"https:\\\/\\\/linmot.com\\\/es\\\/\",\"logo\":{\"@type\":\"ImageObject\",\"inLanguage\":\"es\",\"@id\":\"https:\\\/\\\/linmot.com\\\/es\\\/#\\\/schema\\\/logo\\\/image\\\/\",\"url\":\"https:\\\/\\\/linmot.com\\\/es\\\/wp-content\\\/uploads\\\/sites\\\/5\\\/2022\\\/05\\\/linmot-social-share-logo.jpg\",\"contentUrl\":\"https:\\\/\\\/linmot.com\\\/es\\\/wp-content\\\/uploads\\\/sites\\\/5\\\/2022\\\/05\\\/linmot-social-share-logo.jpg\",\"width\":800,\"height\":500,\"caption\":\"NTI AG - LinMot & MagSpring\"},\"image\":{\"@id\":\"https:\\\/\\\/linmot.com\\\/es\\\/#\\\/schema\\\/logo\\\/image\\\/\"},\"sameAs\":[\"https:\\\/\\\/www.linkedin.com\\\/company\\\/nti-ag-linmot-magspring\",\"https:\\\/\\\/www.youtube.com\\\/user\\\/LinMotEurope\"]}]}<\/script>\n<!-- \/ Yoast SEO Premium plugin. -->","yoast_head_json":{"title":"Descargas | L\u00edder en tecnolog\u00eda de movimiento lineal | LinMot","description":"Esta p\u00e1gina de descargas le muestra, entre otras cosas, los enlaces a nuestras condiciones de entrega, el cat\u00e1logo de productos y las fichas t\u00e9cnicas.","robots":{"index":"index","follow":"follow","max-snippet":"max-snippet:-1","max-image-preview":"max-image-preview:large","max-video-preview":"max-video-preview:-1"},"canonical":"https:\/\/linmot.com\/es\/download\/","og_locale":"es_ES","og_type":"article","og_title":"Descargas","og_description":"Esta p\u00e1gina de descargas le muestra, entre otras cosas, los enlaces a nuestras condiciones de entrega, el cat\u00e1logo de productos y las fichas t\u00e9cnicas.","og_url":"https:\/\/linmot.com\/es\/download\/","og_site_name":"LinMot &amp; MagSpring - Espa\u00f1ol","article_modified_time":"2026-02-09T13:23:52+00:00","og_image":[{"width":800,"height":500,"url":"https:\/\/linmot.com\/es\/wp-content\/uploads\/sites\/5\/2022\/05\/linmot-social-share-logo.jpg","type":"image\/jpeg"}],"twitter_card":"summary_large_image","twitter_misc":{"Tiempo de lectura":"1 minuto"},"schema":{"@context":"https:\/\/schema.org","@graph":[{"@type":"WebPage","@id":"https:\/\/linmot.com\/es\/download\/","url":"https:\/\/linmot.com\/es\/download\/","name":"Descargas | L\u00edder en tecnolog\u00eda de movimiento lineal | LinMot","isPartOf":{"@id":"https:\/\/linmot.com\/es\/#website"},"datePublished":"2017-10-20T21:20:19+00:00","dateModified":"2026-02-09T13:23:52+00:00","description":"Esta p\u00e1gina de descargas le muestra, entre otras cosas, los enlaces a nuestras condiciones de entrega, el cat\u00e1logo de productos y las fichas t\u00e9cnicas.","breadcrumb":{"@id":"https:\/\/linmot.com\/es\/download\/#breadcrumb"},"inLanguage":"es","potentialAction":[{"@type":"ReadAction","target":["https:\/\/linmot.com\/es\/download\/"]}]},{"@type":"BreadcrumbList","@id":"https:\/\/linmot.com\/es\/download\/#breadcrumb","itemListElement":[{"@type":"ListItem","position":1,"name":"Home","item":"https:\/\/linmot.com\/es\/"},{"@type":"ListItem","position":2,"name":"Descargas"}]},{"@type":"WebSite","@id":"https:\/\/linmot.com\/es\/#website","url":"https:\/\/linmot.com\/es\/","name":"LinMot &amp; MagSpring - Espa\u00f1ol","description":"Motores lineales y sistemas de motores lineales de alta calidad","publisher":{"@id":"https:\/\/linmot.com\/es\/#organization"},"potentialAction":[{"@type":"SearchAction","target":{"@type":"EntryPoint","urlTemplate":"https:\/\/linmot.com\/es\/?s={search_term_string}"},"query-input":{"@type":"PropertyValueSpecification","valueRequired":true,"valueName":"search_term_string"}}],"inLanguage":"es"},{"@type":"Organization","@id":"https:\/\/linmot.com\/es\/#organization","name":"NTI AG - LinMot & MagSpring","url":"https:\/\/linmot.com\/es\/","logo":{"@type":"ImageObject","inLanguage":"es","@id":"https:\/\/linmot.com\/es\/#\/schema\/logo\/image\/","url":"https:\/\/linmot.com\/es\/wp-content\/uploads\/sites\/5\/2022\/05\/linmot-social-share-logo.jpg","contentUrl":"https:\/\/linmot.com\/es\/wp-content\/uploads\/sites\/5\/2022\/05\/linmot-social-share-logo.jpg","width":800,"height":500,"caption":"NTI AG - LinMot & MagSpring"},"image":{"@id":"https:\/\/linmot.com\/es\/#\/schema\/logo\/image\/"},"sameAs":["https:\/\/www.linkedin.com\/company\/nti-ag-linmot-magspring","https:\/\/www.youtube.com\/user\/LinMotEurope"]}]}},"_links":{"self":[{"href":"https:\/\/linmot.com\/es\/wp-json\/wp\/v2\/pages\/10","targetHints":{"allow":["GET"]}}],"collection":[{"href":"https:\/\/linmot.com\/es\/wp-json\/wp\/v2\/pages"}],"about":[{"href":"https:\/\/linmot.com\/es\/wp-json\/wp\/v2\/types\/page"}],"author":[{"embeddable":true,"href":"https:\/\/linmot.com\/es\/wp-json\/wp\/v2\/users\/1"}],"replies":[{"embeddable":true,"href":"https:\/\/linmot.com\/es\/wp-json\/wp\/v2\/comments?post=10"}],"version-history":[{"count":24,"href":"https:\/\/linmot.com\/es\/wp-json\/wp\/v2\/pages\/10\/revisions"}],"predecessor-version":[{"id":4084,"href":"https:\/\/linmot.com\/es\/wp-json\/wp\/v2\/pages\/10\/revisions\/4084"}],"wp:attachment":[{"href":"https:\/\/linmot.com\/es\/wp-json\/wp\/v2\/media?parent=10"}],"curies":[{"name":"wp","href":"https:\/\/api.w.org\/{rel}","templated":true}]}}